{"id":4592,"date":"2025-11-27T12:59:34","date_gmt":"2025-11-27T12:59:34","guid":{"rendered":"https:\/\/canelatools.com\/aeroespacial\/"},"modified":"2026-02-17T09:28:12","modified_gmt":"2026-02-17T09:28:12","slug":"aeroespacial","status":"publish","type":"page","link":"https:\/\/canelatools.com\/ca\/aeroespacial\/","title":{"rendered":"Aeroespacial"},"content":{"rendered":"\t\t<div data-elementor-type=\"wp-page\" data-elementor-id=\"4592\" class=\"elementor elementor-4592 elementor-1587\" data-elementor-post-type=\"page\">\n\t\t\t\t<div class=\"elementor-element elementor-element-1001626 e-flex e-con-boxed e-con e-parent\" data-id=\"1001626\" data-element_type=\"container\" data-e-type=\"container\" data-settings=\"{&quot;background_background&quot;:&quot;slideshow&quot;,&quot;background_slideshow_gallery&quot;:[{&quot;id&quot;:4588,&quot;url&quot;:&quot;https:\\\/\\\/canelatools.com\\\/wp-content\\\/uploads\\\/2025\\\/11\\\/aeroespacial-scaled.jpg&quot;}],&quot;background_slideshow_loop&quot;:&quot;yes&quot;,&quot;background_slideshow_slide_duration&quot;:5000,&quot;background_slideshow_slide_transition&quot;:&quot;fade&quot;,&quot;background_slideshow_transition_duration&quot;:500}\">\n\t\t\t\t\t<div class=\"e-con-inner\">\n\t\t\t\t<div class=\"elementor-element elementor-element-15da871 elementor-widget elementor-widget-heading\" data-id=\"15da871\" data-element_type=\"widget\" data-e-type=\"widget\" data-widget_type=\"heading.default\">\n\t\t\t\t\t<h1 class=\"elementor-heading-title elementor-size-default\">Aeroespacial<\/h1>\t\t\t\t<\/div>\n\t\t\t\t<div class=\"elementor-element elementor-element-bbc0fb7 elementor-widget-divider--view-line elementor-widget elementor-widget-divider\" data-id=\"bbc0fb7\" data-element_type=\"widget\" data-e-type=\"widget\" data-widget_type=\"divider.default\">\n\t\t\t\t\t\t\t<div class=\"elementor-divider\">\n\t\t\t<span class=\"elementor-divider-separator\">\n\t\t\t\t\t\t<\/span>\n\t\t<\/div>\n\t\t\t\t\t\t<\/div>\n\t\t\t\t\t<\/div>\n\t\t\t\t<\/div>\n\t\t<div class=\"elementor-element elementor-element-f683eff e-flex e-con-boxed e-con e-parent\" data-id=\"f683eff\" data-element_type=\"container\" data-e-type=\"container\" data-settings=\"{&quot;background_background&quot;:&quot;classic&quot;}\">\n\t\t\t\t\t<div class=\"e-con-inner\">\n\t\t<div class=\"elementor-element elementor-element-542d757 e-con-full e-flex e-con e-child\" data-id=\"542d757\" data-element_type=\"container\" data-e-type=\"container\">\n\t\t\t\t<div class=\"elementor-element elementor-element-4de563f elementor-widget elementor-widget-text-editor\" data-id=\"4de563f\" data-element_type=\"widget\" data-e-type=\"widget\" data-widget_type=\"text-editor.default\">\n\t\t\t\t\t\t\t\t\t<p>Els materials de la ind\u00fastria aerospacial i la tecnologia de producci\u00f3 estan canviant r\u00e0pida i cont\u00ednuament. L\u2019\u00fas de materials dif\u00edcils de tallar com el titani i el pl\u00e0stic refor\u00e7at amb fibra de carboni ha augmentat degut a les demandes de reducci\u00f3 de pes de la ind\u00fastria, junt amb els aliatges d\u2019alumini. <\/p><p>Canela treballa en estreta col\u00b7laboraci\u00f3 amb els clients per lliurar eines que compleixin amb els estrictes requisits i alts est\u00e0ndards de seguretat, aconseguint velocitats i taxes d\u2019avan\u00e7 molt m\u00e9s altes, juntament amb augments en la pot\u00e8ncia disponible, per obtenir resultats uniformes i una vida \u00fatil m\u00e9s llarga de l\u2019eina.<\/p>\t\t\t\t\t\t\t\t<\/div>\n\t\t\t\t<\/div>\n\t\t\t\t\t<\/div>\n\t\t\t\t<\/div>\n\t\t<div class=\"elementor-element elementor-element-e45c73d e-flex e-con-boxed e-con e-parent\" data-id=\"e45c73d\" data-element_type=\"container\" data-e-type=\"container\">\n\t\t\t\t\t<div class=\"e-con-inner\">\n\t\t\t\t<div class=\"elementor-element elementor-element-b928a0b elementor-widget elementor-widget-button\" data-id=\"b928a0b\" data-element_type=\"widget\" data-e-type=\"widget\" data-widget_type=\"button.default\">\n\t\t\t\t\t\t\t\t\t\t<a class=\"elementor-button elementor-button-link elementor-size-sm\" href=\"#\">\n\t\t\t\t\t\t<span class=\"elementor-button-content-wrapper\">\n\t\t\t\t\t\t\t\t\t<span class=\"elementor-button-text\">Alumini<\/span>\n\t\t\t\t\t<\/span>\n\t\t\t\t\t<\/a>\n\t\t\t\t\t\t\t\t<\/div>\n\t\t\t\t\t<\/div>\n\t\t\t\t<\/div>\n\t\t<div class=\"elementor-element elementor-element-68024a3 e-flex e-con-boxed e-con e-parent\" data-id=\"68024a3\" data-element_type=\"container\" data-e-type=\"container\">\n\t\t\t\t\t<div class=\"e-con-inner\">\n\t\t<div class=\"elementor-element elementor-element-b668b43 e-con-full e-flex e-con e-child\" data-id=\"b668b43\" data-element_type=\"container\" data-e-type=\"container\">\n\t\t\t\t<div class=\"elementor-element elementor-element-809f819 elementor-widget elementor-widget-text-editor\" data-id=\"809f819\" data-element_type=\"widget\" data-e-type=\"widget\" data-widget_type=\"text-editor.default\">\n\t\t\t\t\t\t\t\t\t<p>En el mecanitzat aeroespacial, les empreses necessiten subministrar peces amb gran precisi\u00f3, exactitud i rapidesa. Cada component d\u2019un avi\u00f3 ha de tenir les dimensions correctes i, al mateix temps, contribuir a reduir el pes de l\u2019aeronau i complir amb les normes m\u00e9s recents de durabilitat i seguretat. <\/p><p>Canela ha desenvolupat solucions per respondre a la creixent demanda de solucions de mecanitzat millorades per a peces aeroespacials. Aquestes solucions proporcionen als nostres clients grans avantatges competitius per a produir peces d\u2019alta qualitat amb gran precisi\u00f3, temps de cicle redu\u00efts i un cost per pe\u00e7a \u00f2ptim. <\/p>\t\t\t\t\t\t\t\t<\/div>\n\t\t\t\t<\/div>\n\t\t<div class=\"elementor-element elementor-element-257547f e-con-full e-flex e-con e-child\" data-id=\"257547f\" data-element_type=\"container\" data-e-type=\"container\">\n\t\t\t\t<div class=\"elementor-element elementor-element-f5d61c0 elementor-widget elementor-widget-text-editor\" data-id=\"f5d61c0\" data-element_type=\"widget\" data-e-type=\"widget\" data-widget_type=\"text-editor.default\">\n\t\t\t\t\t\t\t\t\t<p>La nostra llarga experi\u00e8ncia en el subministrament de solucions de mecanitzat competitives per al mecanitzat aeroespacial, junt amb la nostra capacitat d\u2019innovaci\u00f3 i el desig de millorar cont\u00ednuament les nostres solucions, s\u00f3n les raons per les quals aix\u00f2 \u00e9s possible. Descobreixi com Canela li permet d\u2019estalviar temps i recursos en el mecanitzat de peces aeroespacials. <br><br>En el mecanitzat aeroespacial s\u2019utilitzen materials resistents i lleugers. El material lleuger redueix el pes de l\u2019avi\u00f3, millora l\u2019estalvi de combustible i mant\u00e9 la seguretat. Per a aquestes peces s\u2019utilitzen tant alumini com titani.  <\/p>\t\t\t\t\t\t\t\t<\/div>\n\t\t\t\t<\/div>\n\t\t\t\t\t<\/div>\n\t\t\t\t<\/div>\n\t\t<div class=\"elementor-element elementor-element-f9452a5 e-flex e-con-boxed e-con e-parent\" data-id=\"f9452a5\" data-element_type=\"container\" data-e-type=\"container\" data-settings=\"{&quot;background_background&quot;:&quot;slideshow&quot;,&quot;background_slideshow_gallery&quot;:[],&quot;background_slideshow_loop&quot;:&quot;yes&quot;,&quot;background_slideshow_slide_duration&quot;:5000,&quot;background_slideshow_slide_transition&quot;:&quot;fade&quot;,&quot;background_slideshow_transition_duration&quot;:500}\">\n\t\t\t\t\t<div class=\"e-con-inner\">\n\t\t\t\t<div class=\"elementor-element elementor-element-af732c7 elementor-widget elementor-widget-image\" data-id=\"af732c7\" data-element_type=\"widget\" data-e-type=\"widget\" data-widget_type=\"image.default\">\n\t\t\t\t\t\t\t\t\t\t\t\t\t\t\t<img fetchpriority=\"high\" decoding=\"async\" width=\"1222\" height=\"469\" src=\"https:\/\/canelatools.com\/wp-content\/uploads\/2026\/02\/aluminium-1.jpg\" class=\"attachment-full size-full wp-image-11048\" alt=\"\" srcset=\"https:\/\/canelatools.com\/wp-content\/uploads\/2026\/02\/aluminium-1.jpg 1222w, https:\/\/canelatools.com\/wp-content\/uploads\/2026\/02\/aluminium-1-300x115.jpg 300w, https:\/\/canelatools.com\/wp-content\/uploads\/2026\/02\/aluminium-1-1024x393.jpg 1024w, https:\/\/canelatools.com\/wp-content\/uploads\/2026\/02\/aluminium-1-768x295.jpg 768w\" sizes=\"(max-width: 1222px) 100vw, 1222px\" \/>\t\t\t\t\t\t\t\t\t\t\t\t\t\t\t<\/div>\n\t\t\t\t\t<\/div>\n\t\t\t\t<\/div>\n\t\t<div class=\"elementor-element elementor-element-ee1d42c e-flex e-con-boxed e-con e-parent\" data-id=\"ee1d42c\" data-element_type=\"container\" data-e-type=\"container\">\n\t\t\t\t\t<div class=\"e-con-inner\">\n\t\t<div class=\"elementor-element elementor-element-a98a068 e-con-full e-flex e-con e-child\" data-id=\"a98a068\" data-element_type=\"container\" data-e-type=\"container\">\n\t\t\t\t<div class=\"elementor-element elementor-element-f0a5e45 elementor-widget elementor-widget-button\" data-id=\"f0a5e45\" data-element_type=\"widget\" data-e-type=\"widget\" data-widget_type=\"button.default\">\n\t\t\t\t\t\t\t\t\t\t<a class=\"elementor-button elementor-button-link elementor-size-sm\" href=\"#\">\n\t\t\t\t\t\t<span class=\"elementor-button-content-wrapper\">\n\t\t\t\t\t\t\t\t\t<span class=\"elementor-button-text\">Cer\u00e0mica<\/span>\n\t\t\t\t\t<\/span>\n\t\t\t\t\t<\/a>\n\t\t\t\t\t\t\t\t<\/div>\n\t\t\t\t<\/div>\n\t\t<div class=\"elementor-element elementor-element-0666e0f e-con-full e-flex e-con e-child\" data-id=\"0666e0f\" data-element_type=\"container\" data-e-type=\"container\">\n\t\t\t\t<div class=\"elementor-element elementor-element-bb36c16 elementor-widget elementor-widget-text-editor\" data-id=\"bb36c16\" data-element_type=\"widget\" data-e-type=\"widget\" data-widget_type=\"text-editor.default\">\n\t\t\t\t\t\t\t\t\t<ul>\n<li>SiAION.<\/li>\n<li>Elimina les limitacions de la cer\u00e0mica tradicional.<\/li>\n<li>La profunditat de tall ja no \u00e9s una limitaci\u00f3 per a la cer\u00e0mica SiAlON. Quan la profunditat de tal \u00e9s alta, principalment amb talls de desbast, s\u2019apliquen qualitats cer\u00e0miques m\u00e9s dures.&nbsp;<\/li>\n<li>La cer\u00e0mica SiAlON t\u00e9 una resist\u00e8ncia al xoc t\u00e8rmic molt m\u00e9s alta que la cer\u00e0mica tradicional.&nbsp;<\/li>\n<\/ul>\t\t\t\t\t\t\t\t<\/div>\n\t\t\t\t<\/div>\n\t\t\t\t\t<\/div>\n\t\t\t\t<\/div>\n\t\t<div class=\"elementor-element elementor-element-da35173 e-flex e-con-boxed e-con e-parent\" data-id=\"da35173\" data-element_type=\"container\" data-e-type=\"container\">\n\t\t\t\t\t<div class=\"e-con-inner\">\n\t\t<div class=\"elementor-element elementor-element-bc6e460 e-con-full e-flex e-con e-child\" data-id=\"bc6e460\" data-element_type=\"container\" data-e-type=\"container\">\n\t\t\t\t<div class=\"elementor-element elementor-element-03ccabd elementor-widget elementor-widget-image\" data-id=\"03ccabd\" data-element_type=\"widget\" data-e-type=\"widget\" data-widget_type=\"image.default\">\n\t\t\t\t\t\t\t\t\t\t\t\t\t\t\t<img decoding=\"async\" width=\"633\" height=\"669\" src=\"https:\/\/canelatools.com\/wp-content\/uploads\/2025\/11\/turbina2.jpg\" class=\"attachment-large size-large wp-image-4590\" alt=\"\" srcset=\"https:\/\/canelatools.com\/wp-content\/uploads\/2025\/11\/turbina2.jpg 633w, https:\/\/canelatools.com\/wp-content\/uploads\/2025\/11\/turbina2-284x300.jpg 284w\" sizes=\"(max-width: 633px) 100vw, 633px\" \/>\t\t\t\t\t\t\t\t\t\t\t\t\t\t\t<\/div>\n\t\t\t\t<\/div>\n\t\t<div class=\"elementor-element elementor-element-c8caab5 e-con-full e-flex e-con e-child\" data-id=\"c8caab5\" data-element_type=\"container\" data-e-type=\"container\">\n\t\t\t\t<div class=\"elementor-element elementor-element-5b15113 elementor-widget elementor-widget-image\" data-id=\"5b15113\" data-element_type=\"widget\" data-e-type=\"widget\" data-widget_type=\"image.default\">\n\t\t\t\t\t\t\t\t\t\t\t\t\t\t\t<img decoding=\"async\" width=\"800\" height=\"451\" src=\"https:\/\/canelatools.com\/wp-content\/uploads\/2025\/11\/mits1-1-1024x577.jpg\" class=\"attachment-large size-large wp-image-4591\" alt=\"\" srcset=\"https:\/\/canelatools.com\/wp-content\/uploads\/2025\/11\/mits1-1-1024x577.jpg 1024w, https:\/\/canelatools.com\/wp-content\/uploads\/2025\/11\/mits1-1-300x169.jpg 300w, https:\/\/canelatools.com\/wp-content\/uploads\/2025\/11\/mits1-1-768x433.jpg 768w, https:\/\/canelatools.com\/wp-content\/uploads\/2025\/11\/mits1-1-1536x865.jpg 1536w, https:\/\/canelatools.com\/wp-content\/uploads\/2025\/11\/mits1-1-2048x1153.jpg 2048w\" sizes=\"(max-width: 800px) 100vw, 800px\" \/>\t\t\t\t\t\t\t\t\t\t\t\t\t\t\t<\/div>\n\t\t\t\t<\/div>\n\t\t\t\t\t<\/div>\n\t\t\t\t<\/div>\n\t\t<div class=\"elementor-element elementor-element-56b6bcd e-flex e-con-boxed e-con e-parent\" data-id=\"56b6bcd\" data-element_type=\"container\" data-e-type=\"container\" data-settings=\"{&quot;background_background&quot;:&quot;classic&quot;}\">\n\t\t\t\t\t<div class=\"e-con-inner\">\n\t\t\t\t<div class=\"elementor-element elementor-element-9c4c42e elementor-widget elementor-widget-text-editor\" data-id=\"9c4c42e\" data-element_type=\"widget\" data-e-type=\"widget\" data-widget_type=\"text-editor.default\">\n\t\t\t\t\t\t\t\t\t<p><span data-teams=\"true\">Des de l\u2019esb\u00f3s a m\u00e0 fins al producte de precisi\u00f3! Com a prove\u00efdor i desenvolupador d\u2019eines, atenem les necessitats especials dels nostres clients del sector aeroespacial i les fabriquem a mida segons les especificacions del client i els nostres coneixements t\u00e8cnics <\/span><\/p>\t\t\t\t\t\t\t\t<\/div>\n\t\t\t\t\t<\/div>\n\t\t\t\t<\/div>\n\t\t\t\t<\/div>\n\t\t","protected":false},"excerpt":{"rendered":"<p>Aeroespacial Els materials de la ind\u00fastria aerospacial i la tecnologia de producci\u00f3 estan canviant r\u00e0pida i cont\u00ednuament. L\u2019\u00fas de materials dif\u00edcils de tallar com el titani i el pl\u00e0stic refor\u00e7at amb fibra de carboni ha augmentat degut a les demandes de reducci\u00f3 de pes de la ind\u00fastria, junt amb els aliatges d\u2019alumini. Canela treballa en [&hellip;]<\/p>\n","protected":false},"author":1,"featured_media":0,"parent":0,"menu_order":0,"comment_status":"closed","ping_status":"closed","template":"elementor_header_footer","meta":{"footnotes":""},"class_list":["post-4592","page","type-page","status-publish","hentry"],"yoast_head":"<!-- This site is optimized with the Yoast SEO plugin v27.0 - https:\/\/yoast.com\/product\/yoast-seo-wordpress\/ -->\n<title>Aeroespacial - Canela tools<\/title>\n<meta name=\"robots\" content=\"index, follow, max-snippet:-1, max-image-preview:large, max-video-preview:-1\" \/>\n<link rel=\"canonical\" href=\"https:\/\/canelatools.com\/aeroespacial\/\" \/>\n<meta property=\"og:locale\" content=\"ca_ES\" \/>\n<meta property=\"og:type\" content=\"article\" \/>\n<meta property=\"og:title\" content=\"Aeroespacial - Canela tools\" \/>\n<meta property=\"og:description\" content=\"Aeroespacial Els materials de la ind\u00fastria aerospacial i la tecnologia de producci\u00f3 estan canviant r\u00e0pida i cont\u00ednuament. L\u2019\u00fas de materials dif\u00edcils de tallar com el titani i el pl\u00e0stic refor\u00e7at amb fibra de carboni ha augmentat degut a les demandes de reducci\u00f3 de pes de la ind\u00fastria, junt amb els aliatges d\u2019alumini. Canela treballa en [&hellip;]\" \/>\n<meta property=\"og:url\" content=\"https:\/\/canelatools.com\/aeroespacial\/\" \/>\n<meta property=\"og:site_name\" content=\"Canela tools\" \/>\n<meta property=\"article:modified_time\" content=\"2026-02-17T09:28:12+00:00\" \/>\n<meta property=\"og:image\" content=\"https:\/\/canelatools.com\/wp-content\/uploads\/2026\/02\/aluminium-1.jpg\" \/>\n\t<meta property=\"og:image:width\" content=\"1222\" \/>\n\t<meta property=\"og:image:height\" content=\"469\" \/>\n\t<meta property=\"og:image:type\" content=\"image\/jpeg\" \/>\n<meta name=\"twitter:card\" content=\"summary_large_image\" \/>\n<meta name=\"twitter:label1\" content=\"Temps estimat de lectura\" \/>\n\t<meta name=\"twitter:data1\" content=\"3 minuts\" \/>\n<script type=\"application\/ld+json\" class=\"yoast-schema-graph\">{\"@context\":\"https:\/\/schema.org\",\"@graph\":[{\"@type\":\"WebPage\",\"@id\":\"https:\/\/canelatools.com\/aeroespacial\/\",\"url\":\"https:\/\/canelatools.com\/aeroespacial\/\",\"name\":\"Aeroespacial - Canela tools\",\"isPartOf\":{\"@id\":\"https:\/\/canelatools.com\/#website\"},\"primaryImageOfPage\":{\"@id\":\"https:\/\/canelatools.com\/aeroespacial\/#primaryimage\"},\"image\":{\"@id\":\"https:\/\/canelatools.com\/aeroespacial\/#primaryimage\"},\"thumbnailUrl\":\"https:\/\/canelatools.com\/wp-content\/uploads\/2026\/02\/aluminium-1.jpg\",\"datePublished\":\"2025-11-27T12:59:34+00:00\",\"dateModified\":\"2026-02-17T09:28:12+00:00\",\"breadcrumb\":{\"@id\":\"https:\/\/canelatools.com\/aeroespacial\/#breadcrumb\"},\"inLanguage\":\"ca\",\"potentialAction\":[{\"@type\":\"ReadAction\",\"target\":[\"https:\/\/canelatools.com\/aeroespacial\/\"]}]},{\"@type\":\"ImageObject\",\"inLanguage\":\"ca\",\"@id\":\"https:\/\/canelatools.com\/aeroespacial\/#primaryimage\",\"url\":\"https:\/\/canelatools.com\/wp-content\/uploads\/2026\/02\/aluminium-1.jpg\",\"contentUrl\":\"https:\/\/canelatools.com\/wp-content\/uploads\/2026\/02\/aluminium-1.jpg\"},{\"@type\":\"BreadcrumbList\",\"@id\":\"https:\/\/canelatools.com\/aeroespacial\/#breadcrumb\",\"itemListElement\":[{\"@type\":\"ListItem\",\"position\":1,\"name\":\"Portada\",\"item\":\"https:\/\/canelatools.com\/ca\/\"},{\"@type\":\"ListItem\",\"position\":2,\"name\":\"Aeroespacial\"}]},{\"@type\":\"WebSite\",\"@id\":\"https:\/\/canelatools.com\/#website\",\"url\":\"https:\/\/canelatools.com\/\",\"name\":\"Canela tools\",\"description\":\"\",\"potentialAction\":[{\"@type\":\"SearchAction\",\"target\":{\"@type\":\"EntryPoint\",\"urlTemplate\":\"https:\/\/canelatools.com\/?s={search_term_string}\"},\"query-input\":{\"@type\":\"PropertyValueSpecification\",\"valueRequired\":true,\"valueName\":\"search_term_string\"}}],\"inLanguage\":\"ca\"}]}<\/script>\n<!-- \/ Yoast SEO plugin. -->","yoast_head_json":{"title":"Aeroespacial - Canela tools","robots":{"index":"index","follow":"follow","max-snippet":"max-snippet:-1","max-image-preview":"max-image-preview:large","max-video-preview":"max-video-preview:-1"},"canonical":"https:\/\/canelatools.com\/aeroespacial\/","og_locale":"ca_ES","og_type":"article","og_title":"Aeroespacial - Canela tools","og_description":"Aeroespacial Els materials de la ind\u00fastria aerospacial i la tecnologia de producci\u00f3 estan canviant r\u00e0pida i cont\u00ednuament. L\u2019\u00fas de materials dif\u00edcils de tallar com el titani i el pl\u00e0stic refor\u00e7at amb fibra de carboni ha augmentat degut a les demandes de reducci\u00f3 de pes de la ind\u00fastria, junt amb els aliatges d\u2019alumini. Canela treballa en [&hellip;]","og_url":"https:\/\/canelatools.com\/aeroespacial\/","og_site_name":"Canela tools","article_modified_time":"2026-02-17T09:28:12+00:00","og_image":[{"width":1222,"height":469,"url":"https:\/\/canelatools.com\/wp-content\/uploads\/2026\/02\/aluminium-1.jpg","type":"image\/jpeg"}],"twitter_card":"summary_large_image","twitter_misc":{"Temps estimat de lectura":"3 minuts"},"schema":{"@context":"https:\/\/schema.org","@graph":[{"@type":"WebPage","@id":"https:\/\/canelatools.com\/aeroespacial\/","url":"https:\/\/canelatools.com\/aeroespacial\/","name":"Aeroespacial - Canela tools","isPartOf":{"@id":"https:\/\/canelatools.com\/#website"},"primaryImageOfPage":{"@id":"https:\/\/canelatools.com\/aeroespacial\/#primaryimage"},"image":{"@id":"https:\/\/canelatools.com\/aeroespacial\/#primaryimage"},"thumbnailUrl":"https:\/\/canelatools.com\/wp-content\/uploads\/2026\/02\/aluminium-1.jpg","datePublished":"2025-11-27T12:59:34+00:00","dateModified":"2026-02-17T09:28:12+00:00","breadcrumb":{"@id":"https:\/\/canelatools.com\/aeroespacial\/#breadcrumb"},"inLanguage":"ca","potentialAction":[{"@type":"ReadAction","target":["https:\/\/canelatools.com\/aeroespacial\/"]}]},{"@type":"ImageObject","inLanguage":"ca","@id":"https:\/\/canelatools.com\/aeroespacial\/#primaryimage","url":"https:\/\/canelatools.com\/wp-content\/uploads\/2026\/02\/aluminium-1.jpg","contentUrl":"https:\/\/canelatools.com\/wp-content\/uploads\/2026\/02\/aluminium-1.jpg"},{"@type":"BreadcrumbList","@id":"https:\/\/canelatools.com\/aeroespacial\/#breadcrumb","itemListElement":[{"@type":"ListItem","position":1,"name":"Portada","item":"https:\/\/canelatools.com\/ca\/"},{"@type":"ListItem","position":2,"name":"Aeroespacial"}]},{"@type":"WebSite","@id":"https:\/\/canelatools.com\/#website","url":"https:\/\/canelatools.com\/","name":"Canela tools","description":"","potentialAction":[{"@type":"SearchAction","target":{"@type":"EntryPoint","urlTemplate":"https:\/\/canelatools.com\/?s={search_term_string}"},"query-input":{"@type":"PropertyValueSpecification","valueRequired":true,"valueName":"search_term_string"}}],"inLanguage":"ca"}]}},"_links":{"self":[{"href":"https:\/\/canelatools.com\/ca\/wp-json\/wp\/v2\/pages\/4592","targetHints":{"allow":["GET"]}}],"collection":[{"href":"https:\/\/canelatools.com\/ca\/wp-json\/wp\/v2\/pages"}],"about":[{"href":"https:\/\/canelatools.com\/ca\/wp-json\/wp\/v2\/types\/page"}],"author":[{"embeddable":true,"href":"https:\/\/canelatools.com\/ca\/wp-json\/wp\/v2\/users\/1"}],"replies":[{"embeddable":true,"href":"https:\/\/canelatools.com\/ca\/wp-json\/wp\/v2\/comments?post=4592"}],"version-history":[{"count":12,"href":"https:\/\/canelatools.com\/ca\/wp-json\/wp\/v2\/pages\/4592\/revisions"}],"predecessor-version":[{"id":11192,"href":"https:\/\/canelatools.com\/ca\/wp-json\/wp\/v2\/pages\/4592\/revisions\/11192"}],"wp:attachment":[{"href":"https:\/\/canelatools.com\/ca\/wp-json\/wp\/v2\/media?parent=4592"}],"curies":[{"name":"wp","href":"https:\/\/api.w.org\/{rel}","templated":true}]}}