{"id":4602,"date":"2025-12-01T10:07:24","date_gmt":"2025-12-01T10:07:24","guid":{"rendered":"https:\/\/canelatools.com\/automocio\/"},"modified":"2026-02-17T09:08:47","modified_gmt":"2026-02-17T09:08:47","slug":"automocio","status":"publish","type":"page","link":"https:\/\/canelatools.com\/ca\/automocio\/","title":{"rendered":"Automoci\u00f3"},"content":{"rendered":"\t\t<div data-elementor-type=\"wp-page\" data-elementor-id=\"4602\" class=\"elementor elementor-4602 elementor-2016\" data-elementor-post-type=\"page\">\n\t\t\t\t<div class=\"elementor-element elementor-element-ec1bb12 e-flex e-con-boxed e-con e-parent\" data-id=\"ec1bb12\" data-element_type=\"container\" data-e-type=\"container\" data-settings=\"{&quot;background_background&quot;:&quot;slideshow&quot;,&quot;background_slideshow_gallery&quot;:[{&quot;id&quot;:4594,&quot;url&quot;:&quot;https:\\\/\\\/canelatools.com\\\/wp-content\\\/uploads\\\/2025\\\/12\\\/slider-automocion.jpg&quot;}],&quot;background_slideshow_loop&quot;:&quot;yes&quot;,&quot;background_slideshow_slide_duration&quot;:5000,&quot;background_slideshow_slide_transition&quot;:&quot;fade&quot;,&quot;background_slideshow_transition_duration&quot;:500}\">\n\t\t\t\t\t<div class=\"e-con-inner\">\n\t\t\t\t<div class=\"elementor-element elementor-element-2de65c5 elementor-widget elementor-widget-heading\" data-id=\"2de65c5\" data-element_type=\"widget\" data-e-type=\"widget\" data-widget_type=\"heading.default\">\n\t\t\t\t\t<h1 class=\"elementor-heading-title elementor-size-default\">Automoci\u00f3<\/h1>\t\t\t\t<\/div>\n\t\t\t\t<div class=\"elementor-element elementor-element-eb85585 elementor-widget-divider--view-line elementor-widget elementor-widget-divider\" data-id=\"eb85585\" data-element_type=\"widget\" data-e-type=\"widget\" data-widget_type=\"divider.default\">\n\t\t\t\t\t\t\t<div class=\"elementor-divider\">\n\t\t\t<span class=\"elementor-divider-separator\">\n\t\t\t\t\t\t<\/span>\n\t\t<\/div>\n\t\t\t\t\t\t<\/div>\n\t\t\t\t\t<\/div>\n\t\t\t\t<\/div>\n\t\t<div class=\"elementor-element elementor-element-be553b9 e-flex e-con-boxed e-con e-parent\" data-id=\"be553b9\" data-element_type=\"container\" data-e-type=\"container\">\n\t\t\t\t\t<div class=\"e-con-inner\">\n\t\t<div class=\"elementor-element elementor-element-6830cea e-con-full e-flex e-con e-child\" data-id=\"6830cea\" data-element_type=\"container\" data-e-type=\"container\">\n\t\t\t\t<div class=\"elementor-element elementor-element-85953e7 elementor-widget elementor-widget-heading\" data-id=\"85953e7\" data-element_type=\"widget\" data-e-type=\"widget\" data-widget_type=\"heading.default\">\n\t\t\t\t\t<h2 class=\"elementor-heading-title elementor-size-default\">Automoci\u00f3<\/h2>\t\t\t\t<\/div>\n\t\t\t\t<div class=\"elementor-element elementor-element-78baf64 elementor-widget-divider--view-line elementor-widget elementor-widget-divider\" data-id=\"78baf64\" data-element_type=\"widget\" data-e-type=\"widget\" data-widget_type=\"divider.default\">\n\t\t\t\t\t\t\t<div class=\"elementor-divider\">\n\t\t\t<span class=\"elementor-divider-separator\">\n\t\t\t\t\t\t<\/span>\n\t\t<\/div>\n\t\t\t\t\t\t<\/div>\n\t\t\t\t<div class=\"elementor-element elementor-element-a99c16f elementor-widget elementor-widget-text-editor\" data-id=\"a99c16f\" data-element_type=\"widget\" data-e-type=\"widget\" data-widget_type=\"text-editor.default\">\n\t\t\t\t\t\t\t\t\t<p>La gesti\u00f3 d\u2019eines \u00e9s tan important com una optimitzaci\u00f3 de processos. Com ho \u00e9s tamb\u00e9, disposar d\u2019un soci capa\u00e7 de fer realitat aquest proc\u00e9s. Mitjan\u00e7ant col\u00b7laboracions amb aquestes empreses, monitorem tend\u00e8ncies, identifiquem desafiaments i desenvolupem solucions que superen les aplicacions m\u00e9s exigents de la ind\u00fastria.   <\/p><p>Canela ofereix al mateix temps solucions rendibles d\u2019eines i un servei postvenda fiable, tot amb el mateix prove\u00efdor. En el sector de l\u2019automoci\u00f3, l\u2019\u00fanic cam\u00ed cap a l\u2019\u00e8xit radica en la combinaci\u00f3 d\u2019una qualitat uniforme dels components i una alta productivitat. <\/p>\t\t\t\t\t\t\t\t<\/div>\n\t\t\t\t<\/div>\n\t\t<div class=\"elementor-element elementor-element-bd92442 e-con-full e-flex e-con e-child\" data-id=\"bd92442\" data-element_type=\"container\" data-e-type=\"container\">\n\t\t\t\t<div class=\"elementor-element elementor-element-9a00b4b elementor-widget elementor-widget-heading\" data-id=\"9a00b4b\" data-element_type=\"widget\" data-e-type=\"widget\" data-widget_type=\"heading.default\">\n\t\t\t\t\t<h2 class=\"elementor-heading-title elementor-size-default\">El nostre departament d\u2019enginyeria ofereix \u00e0mplies solucions d\u2019eines automotrius per a mecanitzar nombroses aplicacions, inclosos:<\/h2>\t\t\t\t<\/div>\n\t\t\t\t<div class=\"elementor-element elementor-element-6921403 elementor-widget elementor-widget-text-editor\" data-id=\"6921403\" data-element_type=\"widget\" data-e-type=\"widget\" data-widget_type=\"text-editor.default\">\n\t\t\t\t\t\t\t\t\t<ul><li>C\u00e0rters.<\/li><li>Culatas.<\/li><li>Cigonyals.<\/li><li>Arbres de lleves.<\/li><li>Bieles.<\/li><li>Cossos de v\u00e0lvules.<\/li><li>Eixos principals en alumini, acer i ferro colat.<\/li><\/ul><p> <\/p>\t\t\t\t\t\t\t\t<\/div>\n\t\t\t\t<\/div>\n\t\t\t\t\t<\/div>\n\t\t\t\t<\/div>\n\t\t<div class=\"elementor-element elementor-element-6ca89f4 e-flex e-con-boxed e-con e-parent\" data-id=\"6ca89f4\" data-element_type=\"container\" data-e-type=\"container\">\n\t\t\t\t\t<div class=\"e-con-inner\">\n\t\t<div class=\"elementor-element elementor-element-60a4ae1 e-con-full e-flex e-con e-child\" data-id=\"60a4ae1\" data-element_type=\"container\" data-e-type=\"container\">\n\t\t\t\t<div class=\"elementor-element elementor-element-9ee01e9 elementor-widget elementor-widget-button\" data-id=\"9ee01e9\" data-element_type=\"widget\" data-e-type=\"widget\" data-widget_type=\"button.default\">\n\t\t\t\t\t\t\t\t\t\t<a class=\"elementor-button elementor-button-link elementor-size-sm\" href=\"#\">\n\t\t\t\t\t\t<span class=\"elementor-button-content-wrapper\">\n\t\t\t\t\t\t\t\t\t<span class=\"elementor-button-text\">Discos de fre<\/span>\n\t\t\t\t\t<\/span>\n\t\t\t\t\t<\/a>\n\t\t\t\t\t\t\t\t<\/div>\n\t\t\t\t<div class=\"elementor-element elementor-element-e8b48e4 elementor-widget elementor-widget-image\" data-id=\"e8b48e4\" data-element_type=\"widget\" data-e-type=\"widget\" data-widget_type=\"image.default\">\n\t\t\t\t\t\t\t\t\t\t\t\t\t\t\t<img fetchpriority=\"high\" decoding=\"async\" width=\"800\" height=\"434\" src=\"https:\/\/canelatools.com\/wp-content\/uploads\/2025\/12\/brake-1.jpg\" class=\"attachment-large size-large wp-image-4595\" alt=\"\" srcset=\"https:\/\/canelatools.com\/wp-content\/uploads\/2025\/12\/brake-1.jpg 921w, https:\/\/canelatools.com\/wp-content\/uploads\/2025\/12\/brake-1-300x163.jpg 300w, https:\/\/canelatools.com\/wp-content\/uploads\/2025\/12\/brake-1-768x417.jpg 768w\" sizes=\"(max-width: 800px) 100vw, 800px\" \/>\t\t\t\t\t\t\t\t\t\t\t\t\t\t\t<\/div>\n\t\t\t\t<\/div>\n\t\t\t\t\t<\/div>\n\t\t\t\t<\/div>\n\t\t<div class=\"elementor-element elementor-element-a3cd3e5 e-flex e-con-boxed e-con e-parent\" data-id=\"a3cd3e5\" data-element_type=\"container\" data-e-type=\"container\" data-settings=\"{&quot;background_background&quot;:&quot;slideshow&quot;,&quot;background_slideshow_gallery&quot;:[{&quot;id&quot;:4596,&quot;url&quot;:&quot;https:\\\/\\\/canelatools.com\\\/wp-content\\\/uploads\\\/2025\\\/12\\\/01.jpg&quot;}],&quot;background_slideshow_loop&quot;:&quot;yes&quot;,&quot;background_slideshow_slide_duration&quot;:5000,&quot;background_slideshow_slide_transition&quot;:&quot;fade&quot;,&quot;background_slideshow_transition_duration&quot;:500}\">\n\t\t\t\t\t<div class=\"e-con-inner\">\n\t\t\t\t\t<\/div>\n\t\t\t\t<\/div>\n\t\t<div class=\"elementor-element elementor-element-86e1e2b e-flex e-con-boxed e-con e-parent\" data-id=\"86e1e2b\" data-element_type=\"container\" data-e-type=\"container\">\n\t\t\t\t\t<div class=\"e-con-inner\">\n\t\t<div class=\"elementor-element elementor-element-a7eda3e e-con-full e-flex e-con e-child\" data-id=\"a7eda3e\" data-element_type=\"container\" data-e-type=\"container\">\n\t\t\t\t<div class=\"elementor-element elementor-element-2dcf2a1 elementor-widget elementor-widget-button\" data-id=\"2dcf2a1\" data-element_type=\"widget\" data-e-type=\"widget\" data-widget_type=\"button.default\">\n\t\t\t\t\t\t\t\t\t\t<a class=\"elementor-button elementor-button-link elementor-size-sm\" href=\"#\">\n\t\t\t\t\t\t<span class=\"elementor-button-content-wrapper\">\n\t\t\t\t\t\t\t\t\t<span class=\"elementor-button-text\">Parts de l'eix<\/span>\n\t\t\t\t\t<\/span>\n\t\t\t\t\t<\/a>\n\t\t\t\t\t\t\t\t<\/div>\n\t\t\t\t<div class=\"elementor-element elementor-element-2de68b4 elementor-widget__width-initial elementor-widget-mobile__width-initial elementor-widget elementor-widget-image\" data-id=\"2de68b4\" data-element_type=\"widget\" data-e-type=\"widget\" data-widget_type=\"image.default\">\n\t\t\t\t\t\t\t\t\t\t\t\t\t\t\t<img decoding=\"async\" width=\"800\" height=\"313\" src=\"https:\/\/canelatools.com\/wp-content\/uploads\/2025\/12\/axle-1024x401.jpg\" class=\"attachment-large size-large wp-image-4597\" alt=\"\" srcset=\"https:\/\/canelatools.com\/wp-content\/uploads\/2025\/12\/axle-1024x401.jpg 1024w, https:\/\/canelatools.com\/wp-content\/uploads\/2025\/12\/axle-300x118.jpg 300w, https:\/\/canelatools.com\/wp-content\/uploads\/2025\/12\/axle-768x301.jpg 768w, https:\/\/canelatools.com\/wp-content\/uploads\/2025\/12\/axle.jpg 1424w\" sizes=\"(max-width: 800px) 100vw, 800px\" \/>\t\t\t\t\t\t\t\t\t\t\t\t\t\t\t<\/div>\n\t\t\t\t<\/div>\n\t\t\t\t\t<\/div>\n\t\t\t\t<\/div>\n\t\t<div class=\"elementor-element elementor-element-8cd32d0 e-flex e-con-boxed e-con e-parent\" data-id=\"8cd32d0\" data-element_type=\"container\" data-e-type=\"container\" data-settings=\"{&quot;background_background&quot;:&quot;slideshow&quot;,&quot;background_slideshow_gallery&quot;:[{&quot;id&quot;:4598,&quot;url&quot;:&quot;https:\\\/\\\/canelatools.com\\\/wp-content\\\/uploads\\\/2025\\\/12\\\/what-is-die-casting.jpg&quot;}],&quot;background_slideshow_loop&quot;:&quot;yes&quot;,&quot;background_slideshow_slide_duration&quot;:5000,&quot;background_slideshow_slide_transition&quot;:&quot;fade&quot;,&quot;background_slideshow_transition_duration&quot;:500}\">\n\t\t\t\t\t<div class=\"e-con-inner\">\n\t\t\t\t\t<\/div>\n\t\t\t\t<\/div>\n\t\t<div class=\"elementor-element elementor-element-a15d98e e-flex e-con-boxed e-con e-parent\" data-id=\"a15d98e\" data-element_type=\"container\" data-e-type=\"container\">\n\t\t\t\t\t<div class=\"e-con-inner\">\n\t\t<div class=\"elementor-element elementor-element-cda79e6 e-con-full e-flex e-con e-child\" data-id=\"cda79e6\" data-element_type=\"container\" data-e-type=\"container\">\n\t\t\t\t<div class=\"elementor-element elementor-element-3680a4b elementor-widget elementor-widget-button\" data-id=\"3680a4b\" data-element_type=\"widget\" data-e-type=\"widget\" data-widget_type=\"button.default\">\n\t\t\t\t\t\t\t\t\t\t<a class=\"elementor-button elementor-button-link elementor-size-sm\" href=\"#\">\n\t\t\t\t\t\t<span class=\"elementor-button-content-wrapper\">\n\t\t\t\t\t\t\t\t\t<span class=\"elementor-button-text\">Motlle i matriu<\/span>\n\t\t\t\t\t<\/span>\n\t\t\t\t\t<\/a>\n\t\t\t\t\t\t\t\t<\/div>\n\t\t\t\t<div class=\"elementor-element elementor-element-a03c5cb elementor-widget__width-initial elementor-widget elementor-widget-image\" data-id=\"a03c5cb\" data-element_type=\"widget\" data-e-type=\"widget\" data-widget_type=\"image.default\">\n\t\t\t\t\t\t\t\t\t\t\t\t\t\t\t<img decoding=\"async\" width=\"800\" height=\"467\" src=\"https:\/\/canelatools.com\/wp-content\/uploads\/2025\/12\/die_mold-1024x598.jpg\" class=\"attachment-large size-large wp-image-4599\" alt=\"\" srcset=\"https:\/\/canelatools.com\/wp-content\/uploads\/2025\/12\/die_mold-1024x598.jpg 1024w, https:\/\/canelatools.com\/wp-content\/uploads\/2025\/12\/die_mold-300x175.jpg 300w, https:\/\/canelatools.com\/wp-content\/uploads\/2025\/12\/die_mold-768x448.jpg 768w, https:\/\/canelatools.com\/wp-content\/uploads\/2025\/12\/die_mold.jpg 1466w\" sizes=\"(max-width: 800px) 100vw, 800px\" \/>\t\t\t\t\t\t\t\t\t\t\t\t\t\t\t<\/div>\n\t\t\t\t<\/div>\n\t\t\t\t\t<\/div>\n\t\t\t\t<\/div>\n\t\t<div class=\"elementor-element elementor-element-608c542 e-flex e-con-boxed e-con e-parent\" data-id=\"608c542\" data-element_type=\"container\" data-e-type=\"container\" data-settings=\"{&quot;background_background&quot;:&quot;slideshow&quot;,&quot;background_slideshow_gallery&quot;:[{&quot;id&quot;:4600,&quot;url&quot;:&quot;https:\\\/\\\/canelatools.com\\\/wp-content\\\/uploads\\\/2025\\\/12\\\/COVER-Seputar-Gearbox-Mobil-Fungsi-Komponen-dan-Ciri-Kerusakannya.jpg&quot;}],&quot;background_slideshow_loop&quot;:&quot;yes&quot;,&quot;background_slideshow_slide_duration&quot;:5000,&quot;background_slideshow_slide_transition&quot;:&quot;fade&quot;,&quot;background_slideshow_transition_duration&quot;:500}\">\n\t\t\t\t\t<div class=\"e-con-inner\">\n\t\t\t\t\t<\/div>\n\t\t\t\t<\/div>\n\t\t<div class=\"elementor-element elementor-element-4adfcc6 e-flex e-con-boxed e-con e-parent\" data-id=\"4adfcc6\" data-element_type=\"container\" data-e-type=\"container\">\n\t\t\t\t\t<div class=\"e-con-inner\">\n\t\t<div class=\"elementor-element elementor-element-593b09c e-con-full e-flex e-con e-child\" data-id=\"593b09c\" data-element_type=\"container\" data-e-type=\"container\">\n\t\t\t\t<div class=\"elementor-element elementor-element-98889f1 elementor-widget elementor-widget-button\" data-id=\"98889f1\" data-element_type=\"widget\" data-e-type=\"widget\" data-widget_type=\"button.default\">\n\t\t\t\t\t\t\t\t\t\t<a class=\"elementor-button elementor-button-link elementor-size-sm\" href=\"#\">\n\t\t\t\t\t\t<span class=\"elementor-button-content-wrapper\">\n\t\t\t\t\t\t\t\t\t<span class=\"elementor-button-text\">Eix de l`engranatge<\/span>\n\t\t\t\t\t<\/span>\n\t\t\t\t\t<\/a>\n\t\t\t\t\t\t\t\t<\/div>\n\t\t\t\t<div class=\"elementor-element elementor-element-75fc4f6 elementor-widget__width-initial elementor-widget-mobile__width-initial elementor-widget elementor-widget-image\" data-id=\"75fc4f6\" data-element_type=\"widget\" data-e-type=\"widget\" data-widget_type=\"image.default\">\n\t\t\t\t\t\t\t\t\t\t\t\t\t\t\t<img loading=\"lazy\" decoding=\"async\" width=\"800\" height=\"246\" src=\"https:\/\/canelatools.com\/wp-content\/uploads\/2025\/12\/gear-1024x315.jpg\" class=\"attachment-large size-large wp-image-4601\" alt=\"\" srcset=\"https:\/\/canelatools.com\/wp-content\/uploads\/2025\/12\/gear-1024x315.jpg 1024w, https:\/\/canelatools.com\/wp-content\/uploads\/2025\/12\/gear-300x92.jpg 300w, https:\/\/canelatools.com\/wp-content\/uploads\/2025\/12\/gear-768x236.jpg 768w, https:\/\/canelatools.com\/wp-content\/uploads\/2025\/12\/gear.jpg 1502w\" sizes=\"(max-width: 800px) 100vw, 800px\" \/>\t\t\t\t\t\t\t\t\t\t\t\t\t\t\t<\/div>\n\t\t\t\t<\/div>\n\t\t\t\t\t<\/div>\n\t\t\t\t<\/div>\n\t\t\t\t<\/div>\n\t\t","protected":false},"excerpt":{"rendered":"<p>Automoci\u00f3 Automoci\u00f3 La gesti\u00f3 d\u2019eines \u00e9s tan important com una optimitzaci\u00f3 de processos. Com ho \u00e9s tamb\u00e9, disposar d\u2019un soci capa\u00e7 de fer realitat aquest proc\u00e9s. Mitjan\u00e7ant col\u00b7laboracions amb aquestes empreses, monitorem tend\u00e8ncies, identifiquem desafiaments i desenvolupem solucions que superen les aplicacions m\u00e9s exigents de la ind\u00fastria. Canela ofereix al mateix temps solucions rendibles d\u2019eines [&hellip;]<\/p>\n","protected":false},"author":1,"featured_media":0,"parent":0,"menu_order":0,"comment_status":"closed","ping_status":"closed","template":"elementor_header_footer","meta":{"footnotes":""},"class_list":["post-4602","page","type-page","status-publish","hentry"],"yoast_head":"<!-- This site is optimized with the Yoast SEO plugin v27.0 - https:\/\/yoast.com\/product\/yoast-seo-wordpress\/ -->\n<title>Automoci\u00f3 - Canela tools<\/title>\n<meta name=\"robots\" content=\"index, follow, max-snippet:-1, max-image-preview:large, max-video-preview:-1\" \/>\n<link rel=\"canonical\" href=\"https:\/\/canelatools.com\/ca\/automocio\/\" \/>\n<meta property=\"og:locale\" content=\"ca_ES\" \/>\n<meta property=\"og:type\" content=\"article\" \/>\n<meta property=\"og:title\" content=\"Automoci\u00f3 - Canela tools\" \/>\n<meta property=\"og:description\" content=\"Automoci\u00f3 Automoci\u00f3 La gesti\u00f3 d\u2019eines \u00e9s tan important com una optimitzaci\u00f3 de processos. Com ho \u00e9s tamb\u00e9, disposar d\u2019un soci capa\u00e7 de fer realitat aquest proc\u00e9s. Mitjan\u00e7ant col\u00b7laboracions amb aquestes empreses, monitorem tend\u00e8ncies, identifiquem desafiaments i desenvolupem solucions que superen les aplicacions m\u00e9s exigents de la ind\u00fastria. Canela ofereix al mateix temps solucions rendibles d\u2019eines [&hellip;]\" \/>\n<meta property=\"og:url\" content=\"https:\/\/canelatools.com\/ca\/automocio\/\" \/>\n<meta property=\"og:site_name\" content=\"Canela tools\" \/>\n<meta property=\"article:modified_time\" content=\"2026-02-17T09:08:47+00:00\" \/>\n<meta property=\"og:image\" content=\"https:\/\/canelatools.com\/wp-content\/uploads\/2025\/12\/brake-1.jpg\" \/>\n\t<meta property=\"og:image:width\" content=\"921\" \/>\n\t<meta property=\"og:image:height\" content=\"500\" \/>\n\t<meta property=\"og:image:type\" content=\"image\/jpeg\" \/>\n<meta name=\"twitter:card\" content=\"summary_large_image\" \/>\n<meta name=\"twitter:label1\" content=\"Temps estimat de lectura\" \/>\n\t<meta name=\"twitter:data1\" content=\"1 minut\" \/>\n<script type=\"application\/ld+json\" class=\"yoast-schema-graph\">{\"@context\":\"https:\/\/schema.org\",\"@graph\":[{\"@type\":\"WebPage\",\"@id\":\"https:\/\/canelatools.com\/ca\/automocio\/\",\"url\":\"https:\/\/canelatools.com\/ca\/automocio\/\",\"name\":\"Automoci\u00f3 - Canela tools\",\"isPartOf\":{\"@id\":\"https:\/\/canelatools.com\/#website\"},\"primaryImageOfPage\":{\"@id\":\"https:\/\/canelatools.com\/ca\/automocio\/#primaryimage\"},\"image\":{\"@id\":\"https:\/\/canelatools.com\/ca\/automocio\/#primaryimage\"},\"thumbnailUrl\":\"https:\/\/canelatools.com\/wp-content\/uploads\/2025\/12\/brake-1.jpg\",\"datePublished\":\"2025-12-01T10:07:24+00:00\",\"dateModified\":\"2026-02-17T09:08:47+00:00\",\"breadcrumb\":{\"@id\":\"https:\/\/canelatools.com\/ca\/automocio\/#breadcrumb\"},\"inLanguage\":\"ca\",\"potentialAction\":[{\"@type\":\"ReadAction\",\"target\":[\"https:\/\/canelatools.com\/ca\/automocio\/\"]}]},{\"@type\":\"ImageObject\",\"inLanguage\":\"ca\",\"@id\":\"https:\/\/canelatools.com\/ca\/automocio\/#primaryimage\",\"url\":\"https:\/\/canelatools.com\/wp-content\/uploads\/2025\/12\/brake-1.jpg\",\"contentUrl\":\"https:\/\/canelatools.com\/wp-content\/uploads\/2025\/12\/brake-1.jpg\"},{\"@type\":\"BreadcrumbList\",\"@id\":\"https:\/\/canelatools.com\/ca\/automocio\/#breadcrumb\",\"itemListElement\":[{\"@type\":\"ListItem\",\"position\":1,\"name\":\"Portada\",\"item\":\"https:\/\/canelatools.com\/ca\/\"},{\"@type\":\"ListItem\",\"position\":2,\"name\":\"Automoci\u00f3\"}]},{\"@type\":\"WebSite\",\"@id\":\"https:\/\/canelatools.com\/#website\",\"url\":\"https:\/\/canelatools.com\/\",\"name\":\"Canela tools\",\"description\":\"\",\"potentialAction\":[{\"@type\":\"SearchAction\",\"target\":{\"@type\":\"EntryPoint\",\"urlTemplate\":\"https:\/\/canelatools.com\/?s={search_term_string}\"},\"query-input\":{\"@type\":\"PropertyValueSpecification\",\"valueRequired\":true,\"valueName\":\"search_term_string\"}}],\"inLanguage\":\"ca\"}]}<\/script>\n<!-- \/ Yoast SEO plugin. -->","yoast_head_json":{"title":"Automoci\u00f3 - Canela tools","robots":{"index":"index","follow":"follow","max-snippet":"max-snippet:-1","max-image-preview":"max-image-preview:large","max-video-preview":"max-video-preview:-1"},"canonical":"https:\/\/canelatools.com\/ca\/automocio\/","og_locale":"ca_ES","og_type":"article","og_title":"Automoci\u00f3 - Canela tools","og_description":"Automoci\u00f3 Automoci\u00f3 La gesti\u00f3 d\u2019eines \u00e9s tan important com una optimitzaci\u00f3 de processos. Com ho \u00e9s tamb\u00e9, disposar d\u2019un soci capa\u00e7 de fer realitat aquest proc\u00e9s. Mitjan\u00e7ant col\u00b7laboracions amb aquestes empreses, monitorem tend\u00e8ncies, identifiquem desafiaments i desenvolupem solucions que superen les aplicacions m\u00e9s exigents de la ind\u00fastria. Canela ofereix al mateix temps solucions rendibles d\u2019eines [&hellip;]","og_url":"https:\/\/canelatools.com\/ca\/automocio\/","og_site_name":"Canela tools","article_modified_time":"2026-02-17T09:08:47+00:00","og_image":[{"width":921,"height":500,"url":"https:\/\/canelatools.com\/wp-content\/uploads\/2025\/12\/brake-1.jpg","type":"image\/jpeg"}],"twitter_card":"summary_large_image","twitter_misc":{"Temps estimat de lectura":"1 minut"},"schema":{"@context":"https:\/\/schema.org","@graph":[{"@type":"WebPage","@id":"https:\/\/canelatools.com\/ca\/automocio\/","url":"https:\/\/canelatools.com\/ca\/automocio\/","name":"Automoci\u00f3 - Canela tools","isPartOf":{"@id":"https:\/\/canelatools.com\/#website"},"primaryImageOfPage":{"@id":"https:\/\/canelatools.com\/ca\/automocio\/#primaryimage"},"image":{"@id":"https:\/\/canelatools.com\/ca\/automocio\/#primaryimage"},"thumbnailUrl":"https:\/\/canelatools.com\/wp-content\/uploads\/2025\/12\/brake-1.jpg","datePublished":"2025-12-01T10:07:24+00:00","dateModified":"2026-02-17T09:08:47+00:00","breadcrumb":{"@id":"https:\/\/canelatools.com\/ca\/automocio\/#breadcrumb"},"inLanguage":"ca","potentialAction":[{"@type":"ReadAction","target":["https:\/\/canelatools.com\/ca\/automocio\/"]}]},{"@type":"ImageObject","inLanguage":"ca","@id":"https:\/\/canelatools.com\/ca\/automocio\/#primaryimage","url":"https:\/\/canelatools.com\/wp-content\/uploads\/2025\/12\/brake-1.jpg","contentUrl":"https:\/\/canelatools.com\/wp-content\/uploads\/2025\/12\/brake-1.jpg"},{"@type":"BreadcrumbList","@id":"https:\/\/canelatools.com\/ca\/automocio\/#breadcrumb","itemListElement":[{"@type":"ListItem","position":1,"name":"Portada","item":"https:\/\/canelatools.com\/ca\/"},{"@type":"ListItem","position":2,"name":"Automoci\u00f3"}]},{"@type":"WebSite","@id":"https:\/\/canelatools.com\/#website","url":"https:\/\/canelatools.com\/","name":"Canela tools","description":"","potentialAction":[{"@type":"SearchAction","target":{"@type":"EntryPoint","urlTemplate":"https:\/\/canelatools.com\/?s={search_term_string}"},"query-input":{"@type":"PropertyValueSpecification","valueRequired":true,"valueName":"search_term_string"}}],"inLanguage":"ca"}]}},"_links":{"self":[{"href":"https:\/\/canelatools.com\/ca\/wp-json\/wp\/v2\/pages\/4602","targetHints":{"allow":["GET"]}}],"collection":[{"href":"https:\/\/canelatools.com\/ca\/wp-json\/wp\/v2\/pages"}],"about":[{"href":"https:\/\/canelatools.com\/ca\/wp-json\/wp\/v2\/types\/page"}],"author":[{"embeddable":true,"href":"https:\/\/canelatools.com\/ca\/wp-json\/wp\/v2\/users\/1"}],"replies":[{"embeddable":true,"href":"https:\/\/canelatools.com\/ca\/wp-json\/wp\/v2\/comments?post=4602"}],"version-history":[{"count":5,"href":"https:\/\/canelatools.com\/ca\/wp-json\/wp\/v2\/pages\/4602\/revisions"}],"predecessor-version":[{"id":10467,"href":"https:\/\/canelatools.com\/ca\/wp-json\/wp\/v2\/pages\/4602\/revisions\/10467"}],"wp:attachment":[{"href":"https:\/\/canelatools.com\/ca\/wp-json\/wp\/v2\/media?parent=4602"}],"curies":[{"name":"wp","href":"https:\/\/api.w.org\/{rel}","templated":true}]}}