{"id":4682,"date":"2025-11-26T11:08:33","date_gmt":"2025-11-26T11:08:33","guid":{"rendered":"https:\/\/canelatools.com\/fresat\/"},"modified":"2026-02-17T10:01:50","modified_gmt":"2026-02-17T10:01:50","slug":"fresat","status":"publish","type":"page","link":"https:\/\/canelatools.com\/ca\/fresat\/","title":{"rendered":"Fresat"},"content":{"rendered":"\t\t<div data-elementor-type=\"wp-page\" data-elementor-id=\"4682\" class=\"elementor elementor-4682 elementor-917\" data-elementor-post-type=\"page\">\n\t\t\t\t<div class=\"elementor-element elementor-element-8f26151 e-flex e-con-boxed e-con e-parent\" data-id=\"8f26151\" data-element_type=\"container\" data-e-type=\"container\" data-settings=\"{&quot;background_background&quot;:&quot;slideshow&quot;,&quot;background_slideshow_gallery&quot;:[{&quot;id&quot;:4672,&quot;url&quot;:&quot;https:\\\/\\\/canelatools.com\\\/wp-content\\\/uploads\\\/2025\\\/11\\\/slider-fresado-1.jpg&quot;}],&quot;background_slideshow_loop&quot;:&quot;yes&quot;,&quot;background_slideshow_slide_duration&quot;:5000,&quot;background_slideshow_slide_transition&quot;:&quot;fade&quot;,&quot;background_slideshow_transition_duration&quot;:500}\">\n\t\t\t\t\t<div class=\"e-con-inner\">\n\t\t\t\t<div class=\"elementor-element elementor-element-9ed929f elementor-widget elementor-widget-heading\" data-id=\"9ed929f\" data-element_type=\"widget\" data-e-type=\"widget\" data-widget_type=\"heading.default\">\n\t\t\t\t\t<h1 class=\"elementor-heading-title elementor-size-default\">Fresat<\/h1>\t\t\t\t<\/div>\n\t\t\t\t<div class=\"elementor-element elementor-element-3583604 elementor-widget-divider--view-line elementor-widget elementor-widget-divider\" data-id=\"3583604\" data-element_type=\"widget\" data-e-type=\"widget\" data-widget_type=\"divider.default\">\n\t\t\t\t\t\t\t<div class=\"elementor-divider\">\n\t\t\t<span class=\"elementor-divider-separator\">\n\t\t\t\t\t\t<\/span>\n\t\t<\/div>\n\t\t\t\t\t\t<\/div>\n\t\t\t\t\t<\/div>\n\t\t\t\t<\/div>\n\t\t<div class=\"elementor-element elementor-element-af0456b e-flex e-con-boxed e-con e-parent\" data-id=\"af0456b\" data-element_type=\"container\" data-e-type=\"container\" data-settings=\"{&quot;background_background&quot;:&quot;classic&quot;}\">\n\t\t\t\t\t<div class=\"e-con-inner\">\n\t\t<div class=\"elementor-element elementor-element-0f20b33 e-con-full e-flex e-con e-child\" data-id=\"0f20b33\" data-element_type=\"container\" data-e-type=\"container\">\n\t\t\t\t<div class=\"elementor-element elementor-element-bac464d elementor-widget elementor-widget-heading\" data-id=\"bac464d\" data-element_type=\"widget\" data-e-type=\"widget\" data-widget_type=\"heading.default\">\n\t\t\t\t\t<h2 class=\"elementor-heading-title elementor-size-default\">Fresat<\/h2>\t\t\t\t<\/div>\n\t\t\t\t<div class=\"elementor-element elementor-element-8adb2de elementor-widget-divider--view-line elementor-widget elementor-widget-divider\" data-id=\"8adb2de\" data-element_type=\"widget\" data-e-type=\"widget\" data-widget_type=\"divider.default\">\n\t\t\t\t\t\t\t<div class=\"elementor-divider\">\n\t\t\t<span class=\"elementor-divider-separator\">\n\t\t\t\t\t\t<\/span>\n\t\t<\/div>\n\t\t\t\t\t\t<\/div>\n\t\t\t\t<div class=\"elementor-element elementor-element-4078edc elementor-widget elementor-widget-text-editor\" data-id=\"4078edc\" data-element_type=\"widget\" data-e-type=\"widget\" data-widget_type=\"text-editor.default\">\n\t\t\t\t\t\t\t\t\t<p><span data-teams=\"true\">Una productivitat m\u00e9s gran marca la diferencia en el competitiu sector de la fabricaci\u00f3 mec\u00e0nica, les eines de fresat Canela compten amb velocitats d\u2019aven\u00e7 r\u00e0pides i m\u00faltiples filaments de tall per plaqueta. <\/span><\/p><p><span data-teams=\"true\">Aquests elements d\u2019alt rendiment ofereixen resultats precisos i consistents amb cada aplicaci\u00f3. <\/span><\/p><p><span data-teams=\"true\">Les geometries i els graus innovadors estan dissenyats per assolir els m\u00e9s alts est\u00e0ndards en les operacions de fresat per superar qualsevol desafiament de mecanitzat.<\/span><\/p>\t\t\t\t\t\t\t\t<\/div>\n\t\t\t\t<\/div>\n\t\t<div class=\"elementor-element elementor-element-ac9e7bc e-con-full e-flex e-con e-child\" data-id=\"ac9e7bc\" data-element_type=\"container\" data-e-type=\"container\" data-settings=\"{&quot;background_background&quot;:&quot;slideshow&quot;,&quot;background_slideshow_gallery&quot;:[],&quot;background_slideshow_loop&quot;:&quot;yes&quot;,&quot;background_slideshow_slide_duration&quot;:5000,&quot;background_slideshow_slide_transition&quot;:&quot;fade&quot;,&quot;background_slideshow_transition_duration&quot;:500}\">\n\t\t\t\t<div class=\"elementor-element elementor-element-ff3fa22 elementor-widget elementor-widget-image\" data-id=\"ff3fa22\" data-element_type=\"widget\" data-e-type=\"widget\" data-widget_type=\"image.default\">\n\t\t\t\t\t\t\t\t\t\t\t\t\t\t\t<img fetchpriority=\"high\" decoding=\"async\" width=\"956\" height=\"515\" src=\"https:\/\/canelatools.com\/wp-content\/uploads\/2025\/11\/fresado01.jpg\" class=\"attachment-full size-full wp-image-4673\" alt=\"\" srcset=\"https:\/\/canelatools.com\/wp-content\/uploads\/2025\/11\/fresado01.jpg 956w, https:\/\/canelatools.com\/wp-content\/uploads\/2025\/11\/fresado01-300x162.jpg 300w, https:\/\/canelatools.com\/wp-content\/uploads\/2025\/11\/fresado01-768x414.jpg 768w\" sizes=\"(max-width: 956px) 100vw, 956px\" \/>\t\t\t\t\t\t\t\t\t\t\t\t\t\t\t<\/div>\n\t\t\t\t<\/div>\n\t\t\t\t\t<\/div>\n\t\t\t\t<\/div>\n\t\t<div class=\"elementor-element elementor-element-9f559d8 e-grid e-con-boxed e-con e-parent\" data-id=\"9f559d8\" data-element_type=\"container\" data-e-type=\"container\" id=\"urlh4a\">\n\t\t\t\t\t<div class=\"e-con-inner\">\n\t\t\t\t<div class=\"elementor-element elementor-element-b447880 elementor-position-top elementor-widget elementor-widget-image-box\" data-id=\"b447880\" data-element_type=\"widget\" data-e-type=\"widget\" data-widget_type=\"image-box.default\">\n\t\t\t\t\t<div class=\"elementor-image-box-wrapper\"><figure class=\"elementor-image-box-img\"><a href=\"https:\/\/canelatools-store.com\/ca\/57-plaquetes-fresat\" target=\"_blank\" tabindex=\"-1\"><img decoding=\"async\" width=\"512\" height=\"360\" src=\"https:\/\/canelatools.com\/wp-content\/uploads\/2025\/11\/plaquitas-fresado.jpg\" class=\"attachment-full size-full wp-image-4674\" alt=\"\" srcset=\"https:\/\/canelatools.com\/wp-content\/uploads\/2025\/11\/plaquitas-fresado.jpg 512w, https:\/\/canelatools.com\/wp-content\/uploads\/2025\/11\/plaquitas-fresado-300x211.jpg 300w\" sizes=\"(max-width: 512px) 100vw, 512px\" \/><\/a><\/figure><div class=\"elementor-image-box-content\"><h4 class=\"elementor-image-box-title\"><a href=\"https:\/\/canelatools-store.com\/ca\/57-plaquetes-fresat\" target=\"_blank\">Plaquetes<\/a><\/h4><\/div><\/div>\t\t\t\t<\/div>\n\t\t\t\t<div class=\"elementor-element elementor-element-a294dce elementor-position-top elementor-widget elementor-widget-image-box\" data-id=\"a294dce\" data-element_type=\"widget\" data-e-type=\"widget\" data-widget_type=\"image-box.default\">\n\t\t\t\t\t<div class=\"elementor-image-box-wrapper\"><figure class=\"elementor-image-box-img\"><a href=\"https:\/\/canelatools-store.com\/ca\/494-freses-planejar\" target=\"_blank\" tabindex=\"-1\"><img decoding=\"async\" width=\"460\" height=\"360\" src=\"https:\/\/canelatools.com\/wp-content\/uploads\/2025\/11\/fresas-planear.jpg\" class=\"attachment-full size-full wp-image-4675\" alt=\"\" srcset=\"https:\/\/canelatools.com\/wp-content\/uploads\/2025\/11\/fresas-planear.jpg 460w, https:\/\/canelatools.com\/wp-content\/uploads\/2025\/11\/fresas-planear-300x235.jpg 300w\" sizes=\"(max-width: 460px) 100vw, 460px\" \/><\/a><\/figure><div class=\"elementor-image-box-content\"><h4 class=\"elementor-image-box-title\"><a href=\"https:\/\/canelatools-store.com\/ca\/494-freses-planejar\" target=\"_blank\">Freses de planejar i aixamfranar<\/a><\/h4><\/div><\/div>\t\t\t\t<\/div>\n\t\t\t\t<div class=\"elementor-element elementor-element-9407b37 elementor-position-top elementor-widget elementor-widget-image-box\" data-id=\"9407b37\" data-element_type=\"widget\" data-e-type=\"widget\" data-widget_type=\"image-box.default\">\n\t\t\t\t\t<div class=\"elementor-image-box-wrapper\"><figure class=\"elementor-image-box-img\"><a href=\"https:\/\/canelatools-store.com\/ca\/513-freses-escairar-planejar\" target=\"_blank\" tabindex=\"-1\"><img loading=\"lazy\" decoding=\"async\" width=\"512\" height=\"360\" src=\"https:\/\/canelatools.com\/wp-content\/uploads\/2025\/11\/fresas-escuadrar.jpg\" class=\"attachment-full size-full wp-image-4676\" alt=\"\" srcset=\"https:\/\/canelatools.com\/wp-content\/uploads\/2025\/11\/fresas-escuadrar.jpg 512w, https:\/\/canelatools.com\/wp-content\/uploads\/2025\/11\/fresas-escuadrar-300x211.jpg 300w\" sizes=\"(max-width: 512px) 100vw, 512px\" \/><\/a><\/figure><div class=\"elementor-image-box-content\"><h4 class=\"elementor-image-box-title\"><a href=\"https:\/\/canelatools-store.com\/ca\/513-freses-escairar-planejar\" target=\"_blank\">Freses d\u2019escairar<\/a><\/h4><\/div><\/div>\t\t\t\t<\/div>\n\t\t\t\t<div class=\"elementor-element elementor-element-2c3e616 elementor-position-top elementor-widget elementor-widget-image-box\" data-id=\"2c3e616\" data-element_type=\"widget\" data-e-type=\"widget\" data-widget_type=\"image-box.default\">\n\t\t\t\t\t<div class=\"elementor-image-box-wrapper\"><figure class=\"elementor-image-box-img\"><a href=\"https:\/\/canelatools-store.com\/ca\/570-freses-de-disc\" target=\"_blank\" tabindex=\"-1\"><img loading=\"lazy\" decoding=\"async\" width=\"460\" height=\"360\" src=\"https:\/\/canelatools.com\/wp-content\/uploads\/2025\/11\/fresas-disco.jpg\" class=\"attachment-full size-full wp-image-4677\" alt=\"\" srcset=\"https:\/\/canelatools.com\/wp-content\/uploads\/2025\/11\/fresas-disco.jpg 460w, https:\/\/canelatools.com\/wp-content\/uploads\/2025\/11\/fresas-disco-300x235.jpg 300w\" sizes=\"(max-width: 460px) 100vw, 460px\" \/><\/a><\/figure><div class=\"elementor-image-box-content\"><h4 class=\"elementor-image-box-title\"><a href=\"https:\/\/canelatools-store.com\/ca\/570-freses-de-disc\" target=\"_blank\">Freses de disc <\/a><\/h4><\/div><\/div>\t\t\t\t<\/div>\n\t\t\t\t<div class=\"elementor-element elementor-element-e132be5 elementor-position-top elementor-widget elementor-widget-image-box\" data-id=\"e132be5\" data-element_type=\"widget\" data-e-type=\"widget\" data-widget_type=\"image-box.default\">\n\t\t\t\t\t<div class=\"elementor-image-box-wrapper\"><figure class=\"elementor-image-box-img\"><a href=\"https:\/\/canelatools-store.com\/ca\/549-freses-de-perfilar\" target=\"_blank\" tabindex=\"-1\"><img loading=\"lazy\" decoding=\"async\" width=\"512\" height=\"360\" src=\"https:\/\/canelatools.com\/wp-content\/uploads\/2025\/11\/fresas-perfilar.jpg\" class=\"attachment-full size-full wp-image-4678\" alt=\"\" srcset=\"https:\/\/canelatools.com\/wp-content\/uploads\/2025\/11\/fresas-perfilar.jpg 512w, https:\/\/canelatools.com\/wp-content\/uploads\/2025\/11\/fresas-perfilar-300x211.jpg 300w\" sizes=\"(max-width: 512px) 100vw, 512px\" \/><\/a><\/figure><div class=\"elementor-image-box-content\"><h4 class=\"elementor-image-box-title\"><a href=\"https:\/\/canelatools-store.com\/ca\/549-freses-de-perfilar\" target=\"_blank\">Freses de perfilar<\/a><\/h4><\/div><\/div>\t\t\t\t<\/div>\n\t\t\t\t<div class=\"elementor-element elementor-element-d1a819f elementor-position-top elementor-widget elementor-widget-image-box\" data-id=\"d1a819f\" data-element_type=\"widget\" data-e-type=\"widget\" data-widget_type=\"image-box.default\">\n\t\t\t\t\t<div class=\"elementor-image-box-wrapper\"><figure class=\"elementor-image-box-img\"><a href=\"https:\/\/canelatools-store.com\/ca\/545-porcupine\" target=\"_blank\" tabindex=\"-1\"><img loading=\"lazy\" decoding=\"async\" width=\"460\" height=\"360\" src=\"https:\/\/canelatools.com\/wp-content\/uploads\/2025\/12\/fresas-heli.jpg\" class=\"attachment-full size-full wp-image-4679\" alt=\"\" srcset=\"https:\/\/canelatools.com\/wp-content\/uploads\/2025\/12\/fresas-heli.jpg 460w, https:\/\/canelatools.com\/wp-content\/uploads\/2025\/12\/fresas-heli-300x235.jpg 300w\" sizes=\"(max-width: 460px) 100vw, 460px\" \/><\/a><\/figure><div class=\"elementor-image-box-content\"><h4 class=\"elementor-image-box-title\"><a href=\"https:\/\/canelatools-store.com\/ca\/545-porcupine\" target=\"_blank\">Freses helico\u00efdals<\/a><\/h4><\/div><\/div>\t\t\t\t<\/div>\n\t\t\t\t\t<\/div>\n\t\t\t\t<\/div>\n\t\t<div class=\"elementor-element elementor-element-a765beb e-flex e-con-boxed e-con e-parent\" data-id=\"a765beb\" data-element_type=\"container\" data-e-type=\"container\" data-settings=\"{&quot;background_background&quot;:&quot;slideshow&quot;,&quot;background_slideshow_gallery&quot;:[{&quot;id&quot;:4681,&quot;url&quot;:&quot;https:\\\/\\\/canelatools.com\\\/wp-content\\\/uploads\\\/2025\\\/11\\\/slider1.jpg&quot;}],&quot;background_slideshow_loop&quot;:&quot;yes&quot;,&quot;background_slideshow_slide_duration&quot;:5000,&quot;background_slideshow_slide_transition&quot;:&quot;fade&quot;,&quot;background_slideshow_transition_duration&quot;:500}\">\n\t\t\t\t\t<div class=\"e-con-inner\">\n\t\t\t\t<div class=\"elementor-element elementor-element-98295e4 elementor-widget__width-initial elementor-widget elementor-widget-image\" data-id=\"98295e4\" data-element_type=\"widget\" data-e-type=\"widget\" data-widget_type=\"image.default\">\n\t\t\t\t\t\t\t\t\t\t\t\t\t\t\t<img loading=\"lazy\" decoding=\"async\" width=\"800\" height=\"457\" src=\"https:\/\/canelatools.com\/wp-content\/uploads\/2025\/11\/set-admt.png\" class=\"attachment-large size-large wp-image-4680\" alt=\"\" srcset=\"https:\/\/canelatools.com\/wp-content\/uploads\/2025\/11\/set-admt.png 800w, https:\/\/canelatools.com\/wp-content\/uploads\/2025\/11\/set-admt-300x171.png 300w, https:\/\/canelatools.com\/wp-content\/uploads\/2025\/11\/set-admt-768x439.png 768w\" sizes=\"(max-width: 800px) 100vw, 800px\" \/>\t\t\t\t\t\t\t\t\t\t\t\t\t\t\t<\/div>\n\t\t\t\t<div class=\"elementor-element elementor-element-001a65f elementor-widget elementor-widget-text-editor\" data-id=\"001a65f\" data-element_type=\"widget\" data-e-type=\"widget\" data-widget_type=\"text-editor.default\">\n\t\t\t\t\t\t\t\t\t<strong>1235.01 <\/strong>\n\n<strong><span class=\"texto\">2 Freses c\u00f2ncaves amb<\/span> 1 dent + 18 plaquetes<\/strong>\t\t\t\t\t\t\t\t<\/div>\n\t\t\t\t<div class=\"elementor-element elementor-element-3e37181 elementor-widget elementor-widget-button\" data-id=\"3e37181\" data-element_type=\"widget\" data-e-type=\"widget\" data-widget_type=\"button.default\">\n\t\t\t\t\t\t\t\t\t\t<a class=\"elementor-button elementor-button-link elementor-size-sm\" href=\"https:\/\/canelatools.com\/ca\/set-admt\/\" target=\"_blank\">\n\t\t\t\t\t\t<span class=\"elementor-button-content-wrapper\">\n\t\t\t\t\t\t\t\t\t<span class=\"elementor-button-text\">Veure m\u00e9s<\/span>\n\t\t\t\t\t<\/span>\n\t\t\t\t\t<\/a>\n\t\t\t\t\t\t\t\t<\/div>\n\t\t\t\t\t<\/div>\n\t\t\t\t<\/div>\n\t\t<div class=\"elementor-element elementor-element-96f284d e-flex e-con-boxed e-con e-parent\" data-id=\"96f284d\" data-element_type=\"container\" data-e-type=\"container\" data-settings=\"{&quot;background_background&quot;:&quot;video&quot;,&quot;background_video_link&quot;:&quot;https:\\\/\\\/youtu.be\\\/uxEYVwO6gIc&quot;,&quot;background_play_on_mobile&quot;:&quot;yes&quot;}\">\n\t\t\t\t\t<div class=\"e-con-inner\">\n\t\t<div class=\"elementor-background-video-container\">\n\t\t\t\t\t\t\t<div class=\"elementor-background-video-embed\" role=\"presentation\"><\/div>\n\t\t\t\t\t\t<\/div>\t\t\t<\/div>\n\t\t\t\t<\/div>\n\t\t\t\t<\/div>\n\t\t","protected":false},"excerpt":{"rendered":"<p>Fresat Fresat Una productivitat m\u00e9s gran marca la diferencia en el competitiu sector de la fabricaci\u00f3 mec\u00e0nica, les eines de fresat Canela compten amb velocitats d\u2019aven\u00e7 r\u00e0pides i m\u00faltiples filaments de tall per plaqueta. Aquests elements d\u2019alt rendiment ofereixen resultats precisos i consistents amb cada aplicaci\u00f3. Les geometries i els graus innovadors estan dissenyats per [&hellip;]<\/p>\n","protected":false},"author":1,"featured_media":0,"parent":0,"menu_order":0,"comment_status":"closed","ping_status":"closed","template":"elementor_header_footer","meta":{"footnotes":""},"class_list":["post-4682","page","type-page","status-publish","hentry"],"yoast_head":"<!-- This site is optimized with the Yoast SEO plugin v27.0 - https:\/\/yoast.com\/product\/yoast-seo-wordpress\/ -->\n<title>Fresat - Canela tools<\/title>\n<meta name=\"robots\" content=\"index, follow, max-snippet:-1, max-image-preview:large, max-video-preview:-1\" \/>\n<link rel=\"canonical\" href=\"https:\/\/canelatools.com\/fresado\/\" \/>\n<meta property=\"og:locale\" content=\"ca_ES\" \/>\n<meta property=\"og:type\" content=\"article\" \/>\n<meta property=\"og:title\" content=\"Fresat - Canela tools\" \/>\n<meta property=\"og:description\" content=\"Fresat Fresat Una productivitat m\u00e9s gran marca la diferencia en el competitiu sector de la fabricaci\u00f3 mec\u00e0nica, les eines de fresat Canela compten amb velocitats d\u2019aven\u00e7 r\u00e0pides i m\u00faltiples filaments de tall per plaqueta. Aquests elements d\u2019alt rendiment ofereixen resultats precisos i consistents amb cada aplicaci\u00f3. Les geometries i els graus innovadors estan dissenyats per [&hellip;]\" \/>\n<meta property=\"og:url\" content=\"https:\/\/canelatools.com\/fresado\/\" \/>\n<meta property=\"og:site_name\" content=\"Canela tools\" \/>\n<meta property=\"article:modified_time\" content=\"2026-02-17T10:01:50+00:00\" \/>\n<meta property=\"og:image\" content=\"https:\/\/canelatools.com\/wp-content\/uploads\/2025\/11\/fresado01.jpg\" \/>\n\t<meta property=\"og:image:width\" content=\"956\" \/>\n\t<meta property=\"og:image:height\" content=\"515\" \/>\n\t<meta property=\"og:image:type\" content=\"image\/jpeg\" \/>\n<meta name=\"twitter:card\" content=\"summary_large_image\" \/>\n<meta name=\"twitter:label1\" content=\"Temps estimat de lectura\" \/>\n\t<meta name=\"twitter:data1\" content=\"2 minuts\" \/>\n<script type=\"application\/ld+json\" class=\"yoast-schema-graph\">{\"@context\":\"https:\/\/schema.org\",\"@graph\":[{\"@type\":\"WebPage\",\"@id\":\"https:\/\/canelatools.com\/fresado\/\",\"url\":\"https:\/\/canelatools.com\/fresado\/\",\"name\":\"Fresat - Canela tools\",\"isPartOf\":{\"@id\":\"https:\/\/canelatools.com\/#website\"},\"primaryImageOfPage\":{\"@id\":\"https:\/\/canelatools.com\/fresado\/#primaryimage\"},\"image\":{\"@id\":\"https:\/\/canelatools.com\/fresado\/#primaryimage\"},\"thumbnailUrl\":\"https:\/\/canelatools.com\/wp-content\/uploads\/2025\/11\/fresado01.jpg\",\"datePublished\":\"2025-11-26T11:08:33+00:00\",\"dateModified\":\"2026-02-17T10:01:50+00:00\",\"breadcrumb\":{\"@id\":\"https:\/\/canelatools.com\/fresado\/#breadcrumb\"},\"inLanguage\":\"ca\",\"potentialAction\":[{\"@type\":\"ReadAction\",\"target\":[\"https:\/\/canelatools.com\/fresado\/\"]}]},{\"@type\":\"ImageObject\",\"inLanguage\":\"ca\",\"@id\":\"https:\/\/canelatools.com\/fresado\/#primaryimage\",\"url\":\"https:\/\/canelatools.com\/wp-content\/uploads\/2025\/11\/fresado01.jpg\",\"contentUrl\":\"https:\/\/canelatools.com\/wp-content\/uploads\/2025\/11\/fresado01.jpg\"},{\"@type\":\"BreadcrumbList\",\"@id\":\"https:\/\/canelatools.com\/fresado\/#breadcrumb\",\"itemListElement\":[{\"@type\":\"ListItem\",\"position\":1,\"name\":\"Portada\",\"item\":\"https:\/\/canelatools.com\/ca\/\"},{\"@type\":\"ListItem\",\"position\":2,\"name\":\"Fresat\"}]},{\"@type\":\"WebSite\",\"@id\":\"https:\/\/canelatools.com\/#website\",\"url\":\"https:\/\/canelatools.com\/\",\"name\":\"Canela tools\",\"description\":\"\",\"potentialAction\":[{\"@type\":\"SearchAction\",\"target\":{\"@type\":\"EntryPoint\",\"urlTemplate\":\"https:\/\/canelatools.com\/?s={search_term_string}\"},\"query-input\":{\"@type\":\"PropertyValueSpecification\",\"valueRequired\":true,\"valueName\":\"search_term_string\"}}],\"inLanguage\":\"ca\"}]}<\/script>\n<!-- \/ Yoast SEO plugin. -->","yoast_head_json":{"title":"Fresat - Canela tools","robots":{"index":"index","follow":"follow","max-snippet":"max-snippet:-1","max-image-preview":"max-image-preview:large","max-video-preview":"max-video-preview:-1"},"canonical":"https:\/\/canelatools.com\/fresado\/","og_locale":"ca_ES","og_type":"article","og_title":"Fresat - Canela tools","og_description":"Fresat Fresat Una productivitat m\u00e9s gran marca la diferencia en el competitiu sector de la fabricaci\u00f3 mec\u00e0nica, les eines de fresat Canela compten amb velocitats d\u2019aven\u00e7 r\u00e0pides i m\u00faltiples filaments de tall per plaqueta. Aquests elements d\u2019alt rendiment ofereixen resultats precisos i consistents amb cada aplicaci\u00f3. Les geometries i els graus innovadors estan dissenyats per [&hellip;]","og_url":"https:\/\/canelatools.com\/fresado\/","og_site_name":"Canela tools","article_modified_time":"2026-02-17T10:01:50+00:00","og_image":[{"width":956,"height":515,"url":"https:\/\/canelatools.com\/wp-content\/uploads\/2025\/11\/fresado01.jpg","type":"image\/jpeg"}],"twitter_card":"summary_large_image","twitter_misc":{"Temps estimat de lectura":"2 minuts"},"schema":{"@context":"https:\/\/schema.org","@graph":[{"@type":"WebPage","@id":"https:\/\/canelatools.com\/fresado\/","url":"https:\/\/canelatools.com\/fresado\/","name":"Fresat - Canela tools","isPartOf":{"@id":"https:\/\/canelatools.com\/#website"},"primaryImageOfPage":{"@id":"https:\/\/canelatools.com\/fresado\/#primaryimage"},"image":{"@id":"https:\/\/canelatools.com\/fresado\/#primaryimage"},"thumbnailUrl":"https:\/\/canelatools.com\/wp-content\/uploads\/2025\/11\/fresado01.jpg","datePublished":"2025-11-26T11:08:33+00:00","dateModified":"2026-02-17T10:01:50+00:00","breadcrumb":{"@id":"https:\/\/canelatools.com\/fresado\/#breadcrumb"},"inLanguage":"ca","potentialAction":[{"@type":"ReadAction","target":["https:\/\/canelatools.com\/fresado\/"]}]},{"@type":"ImageObject","inLanguage":"ca","@id":"https:\/\/canelatools.com\/fresado\/#primaryimage","url":"https:\/\/canelatools.com\/wp-content\/uploads\/2025\/11\/fresado01.jpg","contentUrl":"https:\/\/canelatools.com\/wp-content\/uploads\/2025\/11\/fresado01.jpg"},{"@type":"BreadcrumbList","@id":"https:\/\/canelatools.com\/fresado\/#breadcrumb","itemListElement":[{"@type":"ListItem","position":1,"name":"Portada","item":"https:\/\/canelatools.com\/ca\/"},{"@type":"ListItem","position":2,"name":"Fresat"}]},{"@type":"WebSite","@id":"https:\/\/canelatools.com\/#website","url":"https:\/\/canelatools.com\/","name":"Canela tools","description":"","potentialAction":[{"@type":"SearchAction","target":{"@type":"EntryPoint","urlTemplate":"https:\/\/canelatools.com\/?s={search_term_string}"},"query-input":{"@type":"PropertyValueSpecification","valueRequired":true,"valueName":"search_term_string"}}],"inLanguage":"ca"}]}},"_links":{"self":[{"href":"https:\/\/canelatools.com\/ca\/wp-json\/wp\/v2\/pages\/4682","targetHints":{"allow":["GET"]}}],"collection":[{"href":"https:\/\/canelatools.com\/ca\/wp-json\/wp\/v2\/pages"}],"about":[{"href":"https:\/\/canelatools.com\/ca\/wp-json\/wp\/v2\/types\/page"}],"author":[{"embeddable":true,"href":"https:\/\/canelatools.com\/ca\/wp-json\/wp\/v2\/users\/1"}],"replies":[{"embeddable":true,"href":"https:\/\/canelatools.com\/ca\/wp-json\/wp\/v2\/comments?post=4682"}],"version-history":[{"count":33,"href":"https:\/\/canelatools.com\/ca\/wp-json\/wp\/v2\/pages\/4682\/revisions"}],"predecessor-version":[{"id":11235,"href":"https:\/\/canelatools.com\/ca\/wp-json\/wp\/v2\/pages\/4682\/revisions\/11235"}],"wp:attachment":[{"href":"https:\/\/canelatools.com\/ca\/wp-json\/wp\/v2\/media?parent=4682"}],"curies":[{"name":"wp","href":"https:\/\/api.w.org\/{rel}","templated":true}]}}