{"id":4723,"date":"2025-12-02T15:56:36","date_gmt":"2025-12-02T15:56:36","guid":{"rendered":"https:\/\/canelatools.com\/i-d\/"},"modified":"2026-02-17T09:37:13","modified_gmt":"2026-02-17T09:37:13","slug":"i-d","status":"publish","type":"page","link":"https:\/\/canelatools.com\/ca\/i-d\/","title":{"rendered":"I + D"},"content":{"rendered":"\t\t<div data-elementor-type=\"wp-page\" data-elementor-id=\"4723\" class=\"elementor elementor-4723 elementor-3270\" data-elementor-post-type=\"page\">\n\t\t\t\t<div class=\"elementor-element elementor-element-4e1b537 e-flex e-con-boxed e-con e-parent\" data-id=\"4e1b537\" data-element_type=\"container\" data-e-type=\"container\" data-settings=\"{&quot;background_background&quot;:&quot;slideshow&quot;,&quot;background_slideshow_gallery&quot;:[{&quot;id&quot;:4718,&quot;url&quot;:&quot;https:\\\/\\\/canelatools.com\\\/wp-content\\\/uploads\\\/2025\\\/12\\\/slider-id.jpg&quot;}],&quot;background_slideshow_loop&quot;:&quot;yes&quot;,&quot;background_slideshow_slide_duration&quot;:5000,&quot;background_slideshow_slide_transition&quot;:&quot;fade&quot;,&quot;background_slideshow_transition_duration&quot;:500}\">\n\t\t\t\t\t<div class=\"e-con-inner\">\n\t\t\t\t<div class=\"elementor-element elementor-element-2ec99cc elementor-widget elementor-widget-heading\" data-id=\"2ec99cc\" data-element_type=\"widget\" data-e-type=\"widget\" data-widget_type=\"heading.default\">\n\t\t\t\t\t<h1 class=\"elementor-heading-title elementor-size-default\">I+D<\/h1>\t\t\t\t<\/div>\n\t\t\t\t<div class=\"elementor-element elementor-element-5bd96e7 elementor-widget-divider--view-line elementor-widget elementor-widget-divider\" data-id=\"5bd96e7\" data-element_type=\"widget\" data-e-type=\"widget\" data-widget_type=\"divider.default\">\n\t\t\t\t\t\t\t<div class=\"elementor-divider\">\n\t\t\t<span class=\"elementor-divider-separator\">\n\t\t\t\t\t\t<\/span>\n\t\t<\/div>\n\t\t\t\t\t\t<\/div>\n\t\t\t\t\t<\/div>\n\t\t\t\t<\/div>\n\t\t<div class=\"elementor-element elementor-element-fe0ec42 e-flex e-con-boxed e-con e-parent\" data-id=\"fe0ec42\" data-element_type=\"container\" data-e-type=\"container\">\n\t\t\t\t\t<div class=\"e-con-inner\">\n\t\t<div class=\"elementor-element elementor-element-8430fda e-con-full e-flex e-con e-child\" data-id=\"8430fda\" data-element_type=\"container\" data-e-type=\"container\">\n\t\t\t\t<div class=\"elementor-element elementor-element-58e0aa8 elementor-widget elementor-widget-heading\" data-id=\"58e0aa8\" data-element_type=\"widget\" data-e-type=\"widget\" data-widget_type=\"heading.default\">\n\t\t\t\t\t<h2 class=\"elementor-heading-title elementor-size-default\">La innovaci\u00f3 i el desenvolupament<\/h2>\t\t\t\t<\/div>\n\t\t\t\t<div class=\"elementor-element elementor-element-41198eb elementor-widget elementor-widget-text-editor\" data-id=\"41198eb\" data-element_type=\"widget\" data-e-type=\"widget\" data-widget_type=\"text-editor.default\">\n\t\t\t\t\t\t\t\t\t<p>La innovaci\u00f3 i el desenvolupament s\u00f3n claus per tal que Canela s\u2019hagi convertit en la gran empresa que \u00e9s avui. Per\u00f2 la innovaci\u00f3 metal\u00b7l\u00fargica no seria possible sense un comprom\u00eds total amb les activitats d\u2019investigaci\u00f3 i desenvolupament, a les quals Canela dedica aproximadament el 8% dels seus recursos totals. <br \/><br \/>Cada nou producte comen\u00e7a amb una idea en la ment del nostre equip d\u2019enginyers. Aquesta es plasma en un programa de disseny i mecanitzat assistit per ordinador (CAD\/CAM), i \u00e9s llavors quan s\u2019elabora un primer prototip. A partir d\u2019all\u00e0, aquest se sotmet a an\u00e0lisis exhaustives fins a arribar als resultats desitjats. \u00c9s llavors quan el prototip passa de fase a modalitat de fabricaci\u00f3.<\/p>\t\t\t\t\t\t\t\t<\/div>\n\t\t\t\t<\/div>\n\t\t<div class=\"elementor-element elementor-element-9e46436 e-con-full e-flex e-con e-child\" data-id=\"9e46436\" data-element_type=\"container\" data-e-type=\"container\" data-settings=\"{&quot;background_background&quot;:&quot;slideshow&quot;,&quot;background_slideshow_gallery&quot;:[],&quot;background_slideshow_loop&quot;:&quot;yes&quot;,&quot;background_slideshow_slide_duration&quot;:5000,&quot;background_slideshow_slide_transition&quot;:&quot;fade&quot;,&quot;background_slideshow_transition_duration&quot;:500}\">\n\t\t\t\t<div class=\"elementor-element elementor-element-4c5d0ca elementor-invisible elementor-widget elementor-widget-image\" data-id=\"4c5d0ca\" data-element_type=\"widget\" data-e-type=\"widget\" data-settings=\"{&quot;motion_fx_motion_fx_scrolling&quot;:&quot;yes&quot;,&quot;_animation&quot;:&quot;zoomIn&quot;,&quot;motion_fx_devices&quot;:[&quot;desktop&quot;,&quot;tablet&quot;,&quot;mobile&quot;]}\" data-widget_type=\"image.default\">\n\t\t\t\t\t\t\t\t\t\t\t\t\t\t\t<img fetchpriority=\"high\" decoding=\"async\" width=\"800\" height=\"532\" src=\"https:\/\/canelatools.com\/wp-content\/uploads\/2025\/12\/DSC0865-scaled-1-1024x681.jpg\" class=\"attachment-large size-large wp-image-4719\" alt=\"\" srcset=\"https:\/\/canelatools.com\/wp-content\/uploads\/2025\/12\/DSC0865-scaled-1-1024x681.jpg 1024w, https:\/\/canelatools.com\/wp-content\/uploads\/2025\/12\/DSC0865-scaled-1-300x199.jpg 300w, https:\/\/canelatools.com\/wp-content\/uploads\/2025\/12\/DSC0865-scaled-1-768x511.jpg 768w, https:\/\/canelatools.com\/wp-content\/uploads\/2025\/12\/DSC0865-scaled-1-1536x1021.jpg 1536w, https:\/\/canelatools.com\/wp-content\/uploads\/2025\/12\/DSC0865-scaled-1-2048x1362.jpg 2048w\" sizes=\"(max-width: 800px) 100vw, 800px\" \/>\t\t\t\t\t\t\t\t\t\t\t\t\t\t\t<\/div>\n\t\t\t\t<\/div>\n\t\t\t\t\t<\/div>\n\t\t\t\t<\/div>\n\t\t<div class=\"elementor-element elementor-element-44fa539 e-flex e-con-boxed e-con e-parent\" data-id=\"44fa539\" data-element_type=\"container\" data-e-type=\"container\" data-settings=\"{&quot;background_background&quot;:&quot;classic&quot;}\">\n\t\t\t\t\t<div class=\"e-con-inner\">\n\t\t\t\t<div class=\"elementor-element elementor-element-dec94d7 elementor-widget elementor-widget-heading\" data-id=\"dec94d7\" data-element_type=\"widget\" data-e-type=\"widget\" data-widget_type=\"heading.default\">\n\t\t\t\t\t<p class=\"elementor-heading-title elementor-size-default\">La capacitat de la nostra oficina t\u00e8cnica permet desenvolupar milers de dissenys, tant eines est\u00e0ndard com especials.<\/p>\t\t\t\t<\/div>\n\t\t\t\t\t<\/div>\n\t\t\t\t<\/div>\n\t\t<div class=\"elementor-element elementor-element-2cf44f1 e-grid e-con-boxed e-con e-parent\" data-id=\"2cf44f1\" data-element_type=\"container\" data-e-type=\"container\">\n\t\t\t\t\t<div class=\"e-con-inner\">\n\t\t\t\t<div class=\"elementor-element elementor-element-c555466 elementor-widget elementor-widget-image\" data-id=\"c555466\" data-element_type=\"widget\" data-e-type=\"widget\" data-widget_type=\"image.default\">\n\t\t\t\t\t\t\t\t\t\t\t\t\t\t\t<img decoding=\"async\" width=\"800\" height=\"534\" src=\"https:\/\/canelatools.com\/wp-content\/uploads\/2025\/12\/tebis-3.jpg\" class=\"attachment-large size-large wp-image-4720\" alt=\"\" srcset=\"https:\/\/canelatools.com\/wp-content\/uploads\/2025\/12\/tebis-3.jpg 800w, https:\/\/canelatools.com\/wp-content\/uploads\/2025\/12\/tebis-3-300x200.jpg 300w, https:\/\/canelatools.com\/wp-content\/uploads\/2025\/12\/tebis-3-768x513.jpg 768w\" sizes=\"(max-width: 800px) 100vw, 800px\" \/>\t\t\t\t\t\t\t\t\t\t\t\t\t\t\t<\/div>\n\t\t\t\t<div class=\"elementor-element elementor-element-f1de8fe elementor-widget elementor-widget-image\" data-id=\"f1de8fe\" data-element_type=\"widget\" data-e-type=\"widget\" data-widget_type=\"image.default\">\n\t\t\t\t\t\t\t\t\t\t\t\t\t\t\t<img decoding=\"async\" width=\"800\" height=\"534\" src=\"https:\/\/canelatools.com\/wp-content\/uploads\/2025\/12\/tebis3.jpg\" class=\"attachment-large size-large wp-image-4721\" alt=\"\" srcset=\"https:\/\/canelatools.com\/wp-content\/uploads\/2025\/12\/tebis3.jpg 800w, https:\/\/canelatools.com\/wp-content\/uploads\/2025\/12\/tebis3-300x200.jpg 300w, https:\/\/canelatools.com\/wp-content\/uploads\/2025\/12\/tebis3-768x513.jpg 768w\" sizes=\"(max-width: 800px) 100vw, 800px\" \/>\t\t\t\t\t\t\t\t\t\t\t\t\t\t\t<\/div>\n\t\t\t\t<div class=\"elementor-element elementor-element-3218c8b elementor-widget elementor-widget-image\" data-id=\"3218c8b\" data-element_type=\"widget\" data-e-type=\"widget\" data-widget_type=\"image.default\">\n\t\t\t\t\t\t\t\t\t\t\t\t\t\t\t<img loading=\"lazy\" decoding=\"async\" width=\"800\" height=\"534\" src=\"https:\/\/canelatools.com\/wp-content\/uploads\/2025\/12\/tebis2.jpg\" class=\"attachment-1536x1536 size-1536x1536 wp-image-4722\" alt=\"\" srcset=\"https:\/\/canelatools.com\/wp-content\/uploads\/2025\/12\/tebis2.jpg 800w, https:\/\/canelatools.com\/wp-content\/uploads\/2025\/12\/tebis2-300x200.jpg 300w, https:\/\/canelatools.com\/wp-content\/uploads\/2025\/12\/tebis2-768x513.jpg 768w\" sizes=\"(max-width: 800px) 100vw, 800px\" \/>\t\t\t\t\t\t\t\t\t\t\t\t\t\t\t<\/div>\n\t\t\t\t\t<\/div>\n\t\t\t\t<\/div>\n\t\t\t\t<\/div>\n\t\t","protected":false},"excerpt":{"rendered":"<p>I+D La innovaci\u00f3 i el desenvolupament La innovaci\u00f3 i el desenvolupament s\u00f3n claus per tal que Canela s\u2019hagi convertit en la gran empresa que \u00e9s avui. Per\u00f2 la innovaci\u00f3 metal\u00b7l\u00fargica no seria possible sense un comprom\u00eds total amb les activitats d\u2019investigaci\u00f3 i desenvolupament, a les quals Canela dedica aproximadament el 8% dels seus recursos totals. [&hellip;]<\/p>\n","protected":false},"author":1,"featured_media":0,"parent":0,"menu_order":0,"comment_status":"closed","ping_status":"closed","template":"elementor_header_footer","meta":{"footnotes":""},"class_list":["post-4723","page","type-page","status-publish","hentry"],"yoast_head":"<!-- This site is optimized with the Yoast SEO plugin v27.0 - https:\/\/yoast.com\/product\/yoast-seo-wordpress\/ -->\n<title>I + D - Canela tools<\/title>\n<meta name=\"robots\" content=\"index, follow, max-snippet:-1, max-image-preview:large, max-video-preview:-1\" \/>\n<link rel=\"canonical\" href=\"https:\/\/canelatools.com\/id\/\" \/>\n<meta property=\"og:locale\" content=\"ca_ES\" \/>\n<meta property=\"og:type\" content=\"article\" \/>\n<meta property=\"og:title\" content=\"I + D - Canela tools\" \/>\n<meta property=\"og:description\" content=\"I+D La innovaci\u00f3 i el desenvolupament La innovaci\u00f3 i el desenvolupament s\u00f3n claus per tal que Canela s\u2019hagi convertit en la gran empresa que \u00e9s avui. Per\u00f2 la innovaci\u00f3 metal\u00b7l\u00fargica no seria possible sense un comprom\u00eds total amb les activitats d\u2019investigaci\u00f3 i desenvolupament, a les quals Canela dedica aproximadament el 8% dels seus recursos totals. [&hellip;]\" \/>\n<meta property=\"og:url\" content=\"https:\/\/canelatools.com\/id\/\" \/>\n<meta property=\"og:site_name\" content=\"Canela tools\" \/>\n<meta property=\"article:modified_time\" content=\"2026-02-17T09:37:13+00:00\" \/>\n<meta property=\"og:image\" content=\"https:\/\/canelatools.com\/wp-content\/uploads\/2025\/12\/DSC0865-scaled-1.jpg\" \/>\n\t<meta property=\"og:image:width\" content=\"2560\" \/>\n\t<meta property=\"og:image:height\" content=\"1702\" \/>\n\t<meta property=\"og:image:type\" content=\"image\/jpeg\" \/>\n<meta name=\"twitter:card\" content=\"summary_large_image\" \/>\n<meta name=\"twitter:label1\" content=\"Temps estimat de lectura\" \/>\n\t<meta name=\"twitter:data1\" content=\"1 minut\" \/>\n<script type=\"application\/ld+json\" class=\"yoast-schema-graph\">{\"@context\":\"https:\/\/schema.org\",\"@graph\":[{\"@type\":\"WebPage\",\"@id\":\"https:\/\/canelatools.com\/id\/\",\"url\":\"https:\/\/canelatools.com\/id\/\",\"name\":\"I + D - Canela tools\",\"isPartOf\":{\"@id\":\"https:\/\/canelatools.com\/#website\"},\"primaryImageOfPage\":{\"@id\":\"https:\/\/canelatools.com\/id\/#primaryimage\"},\"image\":{\"@id\":\"https:\/\/canelatools.com\/id\/#primaryimage\"},\"thumbnailUrl\":\"https:\/\/canelatools.com\/wp-content\/uploads\/2025\/12\/DSC0865-scaled-1-1024x681.jpg\",\"datePublished\":\"2025-12-02T15:56:36+00:00\",\"dateModified\":\"2026-02-17T09:37:13+00:00\",\"breadcrumb\":{\"@id\":\"https:\/\/canelatools.com\/id\/#breadcrumb\"},\"inLanguage\":\"ca\",\"potentialAction\":[{\"@type\":\"ReadAction\",\"target\":[\"https:\/\/canelatools.com\/id\/\"]}]},{\"@type\":\"ImageObject\",\"inLanguage\":\"ca\",\"@id\":\"https:\/\/canelatools.com\/id\/#primaryimage\",\"url\":\"https:\/\/canelatools.com\/wp-content\/uploads\/2025\/12\/DSC0865-scaled-1-1024x681.jpg\",\"contentUrl\":\"https:\/\/canelatools.com\/wp-content\/uploads\/2025\/12\/DSC0865-scaled-1-1024x681.jpg\"},{\"@type\":\"BreadcrumbList\",\"@id\":\"https:\/\/canelatools.com\/id\/#breadcrumb\",\"itemListElement\":[{\"@type\":\"ListItem\",\"position\":1,\"name\":\"Portada\",\"item\":\"https:\/\/canelatools.com\/ca\/\"},{\"@type\":\"ListItem\",\"position\":2,\"name\":\"I + D\"}]},{\"@type\":\"WebSite\",\"@id\":\"https:\/\/canelatools.com\/#website\",\"url\":\"https:\/\/canelatools.com\/\",\"name\":\"Canela tools\",\"description\":\"\",\"potentialAction\":[{\"@type\":\"SearchAction\",\"target\":{\"@type\":\"EntryPoint\",\"urlTemplate\":\"https:\/\/canelatools.com\/?s={search_term_string}\"},\"query-input\":{\"@type\":\"PropertyValueSpecification\",\"valueRequired\":true,\"valueName\":\"search_term_string\"}}],\"inLanguage\":\"ca\"}]}<\/script>\n<!-- \/ Yoast SEO plugin. -->","yoast_head_json":{"title":"I + D - Canela tools","robots":{"index":"index","follow":"follow","max-snippet":"max-snippet:-1","max-image-preview":"max-image-preview:large","max-video-preview":"max-video-preview:-1"},"canonical":"https:\/\/canelatools.com\/id\/","og_locale":"ca_ES","og_type":"article","og_title":"I + D - Canela tools","og_description":"I+D La innovaci\u00f3 i el desenvolupament La innovaci\u00f3 i el desenvolupament s\u00f3n claus per tal que Canela s\u2019hagi convertit en la gran empresa que \u00e9s avui. Per\u00f2 la innovaci\u00f3 metal\u00b7l\u00fargica no seria possible sense un comprom\u00eds total amb les activitats d\u2019investigaci\u00f3 i desenvolupament, a les quals Canela dedica aproximadament el 8% dels seus recursos totals. [&hellip;]","og_url":"https:\/\/canelatools.com\/id\/","og_site_name":"Canela tools","article_modified_time":"2026-02-17T09:37:13+00:00","og_image":[{"width":2560,"height":1702,"url":"https:\/\/canelatools.com\/wp-content\/uploads\/2025\/12\/DSC0865-scaled-1.jpg","type":"image\/jpeg"}],"twitter_card":"summary_large_image","twitter_misc":{"Temps estimat de lectura":"1 minut"},"schema":{"@context":"https:\/\/schema.org","@graph":[{"@type":"WebPage","@id":"https:\/\/canelatools.com\/id\/","url":"https:\/\/canelatools.com\/id\/","name":"I + D - Canela tools","isPartOf":{"@id":"https:\/\/canelatools.com\/#website"},"primaryImageOfPage":{"@id":"https:\/\/canelatools.com\/id\/#primaryimage"},"image":{"@id":"https:\/\/canelatools.com\/id\/#primaryimage"},"thumbnailUrl":"https:\/\/canelatools.com\/wp-content\/uploads\/2025\/12\/DSC0865-scaled-1-1024x681.jpg","datePublished":"2025-12-02T15:56:36+00:00","dateModified":"2026-02-17T09:37:13+00:00","breadcrumb":{"@id":"https:\/\/canelatools.com\/id\/#breadcrumb"},"inLanguage":"ca","potentialAction":[{"@type":"ReadAction","target":["https:\/\/canelatools.com\/id\/"]}]},{"@type":"ImageObject","inLanguage":"ca","@id":"https:\/\/canelatools.com\/id\/#primaryimage","url":"https:\/\/canelatools.com\/wp-content\/uploads\/2025\/12\/DSC0865-scaled-1-1024x681.jpg","contentUrl":"https:\/\/canelatools.com\/wp-content\/uploads\/2025\/12\/DSC0865-scaled-1-1024x681.jpg"},{"@type":"BreadcrumbList","@id":"https:\/\/canelatools.com\/id\/#breadcrumb","itemListElement":[{"@type":"ListItem","position":1,"name":"Portada","item":"https:\/\/canelatools.com\/ca\/"},{"@type":"ListItem","position":2,"name":"I + D"}]},{"@type":"WebSite","@id":"https:\/\/canelatools.com\/#website","url":"https:\/\/canelatools.com\/","name":"Canela tools","description":"","potentialAction":[{"@type":"SearchAction","target":{"@type":"EntryPoint","urlTemplate":"https:\/\/canelatools.com\/?s={search_term_string}"},"query-input":{"@type":"PropertyValueSpecification","valueRequired":true,"valueName":"search_term_string"}}],"inLanguage":"ca"}]}},"_links":{"self":[{"href":"https:\/\/canelatools.com\/ca\/wp-json\/wp\/v2\/pages\/4723","targetHints":{"allow":["GET"]}}],"collection":[{"href":"https:\/\/canelatools.com\/ca\/wp-json\/wp\/v2\/pages"}],"about":[{"href":"https:\/\/canelatools.com\/ca\/wp-json\/wp\/v2\/types\/page"}],"author":[{"embeddable":true,"href":"https:\/\/canelatools.com\/ca\/wp-json\/wp\/v2\/users\/1"}],"replies":[{"embeddable":true,"href":"https:\/\/canelatools.com\/ca\/wp-json\/wp\/v2\/comments?post=4723"}],"version-history":[{"count":9,"href":"https:\/\/canelatools.com\/ca\/wp-json\/wp\/v2\/pages\/4723\/revisions"}],"predecessor-version":[{"id":11201,"href":"https:\/\/canelatools.com\/ca\/wp-json\/wp\/v2\/pages\/4723\/revisions\/11201"}],"wp:attachment":[{"href":"https:\/\/canelatools.com\/ca\/wp-json\/wp\/v2\/media?parent=4723"}],"curies":[{"name":"wp","href":"https:\/\/api.w.org\/{rel}","templated":true}]}}