{"id":4731,"date":"2025-11-27T15:32:14","date_gmt":"2025-11-27T15:32:14","guid":{"rendered":"https:\/\/canelatools.com\/industria-ferroviaria\/"},"modified":"2026-02-17T09:32:00","modified_gmt":"2026-02-17T09:32:00","slug":"industria-ferroviaria","status":"publish","type":"page","link":"https:\/\/canelatools.com\/ca\/industria-ferroviaria\/","title":{"rendered":"Ind\u00fastria ferrovi\u00e0ria"},"content":{"rendered":"\t\t<div data-elementor-type=\"wp-page\" data-elementor-id=\"4731\" class=\"elementor elementor-4731 elementor-1670\" data-elementor-post-type=\"page\">\n\t\t\t\t<div class=\"elementor-element elementor-element-eb93081 e-flex e-con-boxed e-con e-parent\" data-id=\"eb93081\" data-element_type=\"container\" data-e-type=\"container\" data-settings=\"{&quot;background_background&quot;:&quot;slideshow&quot;,&quot;background_slideshow_gallery&quot;:[{&quot;id&quot;:4726,&quot;url&quot;:&quot;https:\\\/\\\/canelatools.com\\\/wp-content\\\/uploads\\\/2025\\\/11\\\/slider-ferroviaria.jpg&quot;}],&quot;background_slideshow_loop&quot;:&quot;yes&quot;,&quot;background_slideshow_slide_duration&quot;:5000,&quot;background_slideshow_slide_transition&quot;:&quot;fade&quot;,&quot;background_slideshow_transition_duration&quot;:500}\">\n\t\t\t\t\t<div class=\"e-con-inner\">\n\t\t\t\t<div class=\"elementor-element elementor-element-eaf1211 elementor-widget elementor-widget-heading\" data-id=\"eaf1211\" data-element_type=\"widget\" data-e-type=\"widget\" data-widget_type=\"heading.default\">\n\t\t\t\t\t<h1 class=\"elementor-heading-title elementor-size-default\">Ind\u00fastria ferrovi\u00e0ria<\/h1>\t\t\t\t<\/div>\n\t\t\t\t<div class=\"elementor-element elementor-element-74b3cce elementor-widget-divider--view-line elementor-widget elementor-widget-divider\" data-id=\"74b3cce\" data-element_type=\"widget\" data-e-type=\"widget\" data-widget_type=\"divider.default\">\n\t\t\t\t\t\t\t<div class=\"elementor-divider\">\n\t\t\t<span class=\"elementor-divider-separator\">\n\t\t\t\t\t\t<\/span>\n\t\t<\/div>\n\t\t\t\t\t\t<\/div>\n\t\t\t\t\t<\/div>\n\t\t\t\t<\/div>\n\t\t<div class=\"elementor-element elementor-element-fa37675 e-flex e-con-boxed e-con e-parent\" data-id=\"fa37675\" data-element_type=\"container\" data-e-type=\"container\">\n\t\t\t\t\t<div class=\"e-con-inner\">\n\t\t<div class=\"elementor-element elementor-element-2c45340 e-con-full e-flex e-con e-child\" data-id=\"2c45340\" data-element_type=\"container\" data-e-type=\"container\">\n\t\t\t\t<div class=\"elementor-element elementor-element-119c1d5 elementor-widget elementor-widget-heading\" data-id=\"119c1d5\" data-element_type=\"widget\" data-e-type=\"widget\" data-widget_type=\"heading.default\">\n\t\t\t\t\t<h2 class=\"elementor-heading-title elementor-size-default\">Ind\u00fastria ferrovi\u00e0ria<\/h2>\t\t\t\t<\/div>\n\t\t\t\t<div class=\"elementor-element elementor-element-227025a elementor-widget-divider--view-line elementor-widget elementor-widget-divider\" data-id=\"227025a\" data-element_type=\"widget\" data-e-type=\"widget\" data-widget_type=\"divider.default\">\n\t\t\t\t\t\t\t<div class=\"elementor-divider\">\n\t\t\t<span class=\"elementor-divider-separator\">\n\t\t\t\t\t\t<\/span>\n\t\t<\/div>\n\t\t\t\t\t\t<\/div>\n\t\t\t\t<div class=\"elementor-element elementor-element-6f956f9 elementor-widget elementor-widget-text-editor\" data-id=\"6f956f9\" data-element_type=\"widget\" data-e-type=\"widget\" data-widget_type=\"text-editor.default\">\n\t\t\t\t\t\t\t\t\t<p class=\"p1\">El tornejament de rodes de ferrocarril es caracteritza pel mecanitzat de components de gran volum i grans profunditats de tall.<\/p>\n<p class=\"p1\">Els diferents tipus de tren fan que aquestes rodes tinguin caracter\u00edstiques i requisits molt variats. Per al tornejament de rodes noves hi ha disponibles portaeines refrigerats a alta pressi\u00f3 i plaquetes que ofereixen un mecanitzat per a tot el perfil de qualsevol roda ferrovi\u00e0ria, mentre que per al ratonejat de rodes es disposa de m\u00e0necs i plaquetes espec\u00edfiques que permeten mecanitzar les rodes desgastades i deixar-les com noves.<\/p>\t\t\t\t\t\t\t\t<\/div>\n\t\t\t\t<\/div>\n\t\t<div class=\"elementor-element elementor-element-49cffe9 e-con-full e-flex e-con e-child\" data-id=\"49cffe9\" data-element_type=\"container\" data-e-type=\"container\" data-settings=\"{&quot;background_background&quot;:&quot;slideshow&quot;,&quot;background_slideshow_gallery&quot;:[],&quot;background_slideshow_loop&quot;:&quot;yes&quot;,&quot;background_slideshow_slide_duration&quot;:5000,&quot;background_slideshow_slide_transition&quot;:&quot;fade&quot;,&quot;background_slideshow_transition_duration&quot;:500}\">\n\t\t\t\t<div class=\"elementor-element elementor-element-f1c577a elementor-widget elementor-widget-image\" data-id=\"f1c577a\" data-element_type=\"widget\" data-e-type=\"widget\" data-widget_type=\"image.default\">\n\t\t\t\t\t\t\t\t\t\t\t\t\t\t\t<img fetchpriority=\"high\" decoding=\"async\" width=\"800\" height=\"600\" src=\"https:\/\/canelatools.com\/wp-content\/uploads\/2025\/11\/rueda-ferrocarril-1024x768.jpg\" class=\"attachment-large size-large wp-image-4727\" alt=\"\" srcset=\"https:\/\/canelatools.com\/wp-content\/uploads\/2025\/11\/rueda-ferrocarril-1024x768.jpg 1024w, https:\/\/canelatools.com\/wp-content\/uploads\/2025\/11\/rueda-ferrocarril-300x225.jpg 300w, https:\/\/canelatools.com\/wp-content\/uploads\/2025\/11\/rueda-ferrocarril-768x576.jpg 768w, https:\/\/canelatools.com\/wp-content\/uploads\/2025\/11\/rueda-ferrocarril-1536x1152.jpg 1536w, https:\/\/canelatools.com\/wp-content\/uploads\/2025\/11\/rueda-ferrocarril.jpg 1600w\" sizes=\"(max-width: 800px) 100vw, 800px\" \/>\t\t\t\t\t\t\t\t\t\t\t\t\t\t\t<\/div>\n\t\t\t\t<\/div>\n\t\t\t\t\t<\/div>\n\t\t\t\t<\/div>\n\t\t<div class=\"elementor-element elementor-element-b1fb898 e-flex e-con-boxed e-con e-parent\" data-id=\"b1fb898\" data-element_type=\"container\" data-e-type=\"container\">\n\t\t\t\t\t<div class=\"e-con-inner\">\n\t\t<div class=\"elementor-element elementor-element-71f8ca1 e-con-full e-flex e-con e-child\" data-id=\"71f8ca1\" data-element_type=\"container\" data-e-type=\"container\">\n\t\t\t\t<div class=\"elementor-element elementor-element-dd37890 elementor-widget__width-initial elementor-widget elementor-widget-image\" data-id=\"dd37890\" data-element_type=\"widget\" data-e-type=\"widget\" data-widget_type=\"image.default\">\n\t\t\t\t\t\t\t\t\t\t\t\t\t\t\t<img decoding=\"async\" width=\"800\" height=\"1019\" src=\"https:\/\/canelatools.com\/wp-content\/uploads\/2025\/11\/DSC0913-scaled-1-804x1024.jpg\" class=\"attachment-large size-large wp-image-4728\" alt=\"\" srcset=\"https:\/\/canelatools.com\/wp-content\/uploads\/2025\/11\/DSC0913-scaled-1-804x1024.jpg 804w, https:\/\/canelatools.com\/wp-content\/uploads\/2025\/11\/DSC0913-scaled-1-235x300.jpg 235w, https:\/\/canelatools.com\/wp-content\/uploads\/2025\/11\/DSC0913-scaled-1-768x979.jpg 768w, https:\/\/canelatools.com\/wp-content\/uploads\/2025\/11\/DSC0913-scaled-1-1205x1536.jpg 1205w, https:\/\/canelatools.com\/wp-content\/uploads\/2025\/11\/DSC0913-scaled-1-1607x2048.jpg 1607w, https:\/\/canelatools.com\/wp-content\/uploads\/2025\/11\/DSC0913-scaled-1.jpg 2009w\" sizes=\"(max-width: 800px) 100vw, 800px\" \/>\t\t\t\t\t\t\t\t\t\t\t\t\t\t\t<\/div>\n\t\t\t\t<\/div>\n\t\t<div class=\"elementor-element elementor-element-c97a700 e-con-full e-flex e-con e-child\" data-id=\"c97a700\" data-element_type=\"container\" data-e-type=\"container\">\n\t\t\t\t<div class=\"elementor-element elementor-element-cff628d elementor-widget__width-inherit elementor-widget elementor-widget-image\" data-id=\"cff628d\" data-element_type=\"widget\" data-e-type=\"widget\" data-widget_type=\"image.default\">\n\t\t\t\t\t\t\t\t\t\t\t\t\t\t\t<img decoding=\"async\" width=\"800\" height=\"525\" src=\"https:\/\/canelatools.com\/wp-content\/uploads\/2025\/11\/ruedatren.jpg\" class=\"attachment-large size-large wp-image-4729\" alt=\"\" srcset=\"https:\/\/canelatools.com\/wp-content\/uploads\/2025\/11\/ruedatren.jpg 1016w, https:\/\/canelatools.com\/wp-content\/uploads\/2025\/11\/ruedatren-300x197.jpg 300w, https:\/\/canelatools.com\/wp-content\/uploads\/2025\/11\/ruedatren-768x504.jpg 768w\" sizes=\"(max-width: 800px) 100vw, 800px\" \/>\t\t\t\t\t\t\t\t\t\t\t\t\t\t\t<\/div>\n\t\t\t\t<\/div>\n\t\t\t\t\t<\/div>\n\t\t\t\t<\/div>\n\t\t<div class=\"elementor-element elementor-element-22d921a e-flex e-con-boxed e-con e-parent\" data-id=\"22d921a\" data-element_type=\"container\" data-e-type=\"container\" data-settings=\"{&quot;background_background&quot;:&quot;classic&quot;}\">\n\t\t\t\t\t<div class=\"e-con-inner\">\n\t\t\t\t\t<\/div>\n\t\t\t\t<\/div>\n\t\t\t\t<\/div>\n\t\t","protected":false},"excerpt":{"rendered":"<p>Ind\u00fastria ferrovi\u00e0ria Ind\u00fastria ferrovi\u00e0ria El tornejament de rodes de ferrocarril es caracteritza pel mecanitzat de components de gran volum i grans profunditats de tall. Els diferents tipus de tren fan que aquestes rodes tinguin caracter\u00edstiques i requisits molt variats. Per al tornejament de rodes noves hi ha disponibles portaeines refrigerats a alta pressi\u00f3 i plaquetes [&hellip;]<\/p>\n","protected":false},"author":1,"featured_media":0,"parent":0,"menu_order":0,"comment_status":"closed","ping_status":"closed","template":"elementor_header_footer","meta":{"footnotes":""},"class_list":["post-4731","page","type-page","status-publish","hentry"],"yoast_head":"<!-- This site is optimized with the Yoast SEO plugin v27.0 - https:\/\/yoast.com\/product\/yoast-seo-wordpress\/ -->\n<title>Ind\u00fastria ferrovi\u00e0ria - Canela tools<\/title>\n<meta name=\"robots\" content=\"index, follow, max-snippet:-1, max-image-preview:large, max-video-preview:-1\" \/>\n<link rel=\"canonical\" href=\"https:\/\/canelatools.com\/industria-ferroviaria\/\" \/>\n<meta property=\"og:locale\" content=\"ca_ES\" \/>\n<meta property=\"og:type\" content=\"article\" \/>\n<meta property=\"og:title\" content=\"Ind\u00fastria ferrovi\u00e0ria - Canela tools\" \/>\n<meta property=\"og:description\" content=\"Ind\u00fastria ferrovi\u00e0ria Ind\u00fastria ferrovi\u00e0ria El tornejament de rodes de ferrocarril es caracteritza pel mecanitzat de components de gran volum i grans profunditats de tall. Els diferents tipus de tren fan que aquestes rodes tinguin caracter\u00edstiques i requisits molt variats. Per al tornejament de rodes noves hi ha disponibles portaeines refrigerats a alta pressi\u00f3 i plaquetes [&hellip;]\" \/>\n<meta property=\"og:url\" content=\"https:\/\/canelatools.com\/industria-ferroviaria\/\" \/>\n<meta property=\"og:site_name\" content=\"Canela tools\" \/>\n<meta property=\"article:modified_time\" content=\"2026-02-17T09:32:00+00:00\" \/>\n<meta property=\"og:image\" content=\"https:\/\/canelatools.com\/wp-content\/uploads\/2025\/11\/rueda-ferrocarril.jpg\" \/>\n\t<meta property=\"og:image:width\" content=\"1600\" \/>\n\t<meta property=\"og:image:height\" content=\"1200\" \/>\n\t<meta property=\"og:image:type\" content=\"image\/jpeg\" \/>\n<meta name=\"twitter:card\" content=\"summary_large_image\" \/>\n<meta name=\"twitter:label1\" content=\"Temps estimat de lectura\" \/>\n\t<meta name=\"twitter:data1\" content=\"1 minut\" \/>\n<script type=\"application\/ld+json\" class=\"yoast-schema-graph\">{\"@context\":\"https:\/\/schema.org\",\"@graph\":[{\"@type\":\"WebPage\",\"@id\":\"https:\/\/canelatools.com\/industria-ferroviaria\/\",\"url\":\"https:\/\/canelatools.com\/industria-ferroviaria\/\",\"name\":\"Ind\u00fastria ferrovi\u00e0ria - Canela tools\",\"isPartOf\":{\"@id\":\"https:\/\/canelatools.com\/#website\"},\"primaryImageOfPage\":{\"@id\":\"https:\/\/canelatools.com\/industria-ferroviaria\/#primaryimage\"},\"image\":{\"@id\":\"https:\/\/canelatools.com\/industria-ferroviaria\/#primaryimage\"},\"thumbnailUrl\":\"https:\/\/canelatools.com\/wp-content\/uploads\/2025\/11\/rueda-ferrocarril-1024x768.jpg\",\"datePublished\":\"2025-11-27T15:32:14+00:00\",\"dateModified\":\"2026-02-17T09:32:00+00:00\",\"breadcrumb\":{\"@id\":\"https:\/\/canelatools.com\/industria-ferroviaria\/#breadcrumb\"},\"inLanguage\":\"ca\",\"potentialAction\":[{\"@type\":\"ReadAction\",\"target\":[\"https:\/\/canelatools.com\/industria-ferroviaria\/\"]}]},{\"@type\":\"ImageObject\",\"inLanguage\":\"ca\",\"@id\":\"https:\/\/canelatools.com\/industria-ferroviaria\/#primaryimage\",\"url\":\"https:\/\/canelatools.com\/wp-content\/uploads\/2025\/11\/rueda-ferrocarril-1024x768.jpg\",\"contentUrl\":\"https:\/\/canelatools.com\/wp-content\/uploads\/2025\/11\/rueda-ferrocarril-1024x768.jpg\"},{\"@type\":\"BreadcrumbList\",\"@id\":\"https:\/\/canelatools.com\/industria-ferroviaria\/#breadcrumb\",\"itemListElement\":[{\"@type\":\"ListItem\",\"position\":1,\"name\":\"Portada\",\"item\":\"https:\/\/canelatools.com\/ca\/\"},{\"@type\":\"ListItem\",\"position\":2,\"name\":\"Ind\u00fastria ferrovi\u00e0ria\"}]},{\"@type\":\"WebSite\",\"@id\":\"https:\/\/canelatools.com\/#website\",\"url\":\"https:\/\/canelatools.com\/\",\"name\":\"Canela tools\",\"description\":\"\",\"potentialAction\":[{\"@type\":\"SearchAction\",\"target\":{\"@type\":\"EntryPoint\",\"urlTemplate\":\"https:\/\/canelatools.com\/?s={search_term_string}\"},\"query-input\":{\"@type\":\"PropertyValueSpecification\",\"valueRequired\":true,\"valueName\":\"search_term_string\"}}],\"inLanguage\":\"ca\"}]}<\/script>\n<!-- \/ Yoast SEO plugin. -->","yoast_head_json":{"title":"Ind\u00fastria ferrovi\u00e0ria - Canela tools","robots":{"index":"index","follow":"follow","max-snippet":"max-snippet:-1","max-image-preview":"max-image-preview:large","max-video-preview":"max-video-preview:-1"},"canonical":"https:\/\/canelatools.com\/industria-ferroviaria\/","og_locale":"ca_ES","og_type":"article","og_title":"Ind\u00fastria ferrovi\u00e0ria - Canela tools","og_description":"Ind\u00fastria ferrovi\u00e0ria Ind\u00fastria ferrovi\u00e0ria El tornejament de rodes de ferrocarril es caracteritza pel mecanitzat de components de gran volum i grans profunditats de tall. Els diferents tipus de tren fan que aquestes rodes tinguin caracter\u00edstiques i requisits molt variats. Per al tornejament de rodes noves hi ha disponibles portaeines refrigerats a alta pressi\u00f3 i plaquetes [&hellip;]","og_url":"https:\/\/canelatools.com\/industria-ferroviaria\/","og_site_name":"Canela tools","article_modified_time":"2026-02-17T09:32:00+00:00","og_image":[{"width":1600,"height":1200,"url":"https:\/\/canelatools.com\/wp-content\/uploads\/2025\/11\/rueda-ferrocarril.jpg","type":"image\/jpeg"}],"twitter_card":"summary_large_image","twitter_misc":{"Temps estimat de lectura":"1 minut"},"schema":{"@context":"https:\/\/schema.org","@graph":[{"@type":"WebPage","@id":"https:\/\/canelatools.com\/industria-ferroviaria\/","url":"https:\/\/canelatools.com\/industria-ferroviaria\/","name":"Ind\u00fastria ferrovi\u00e0ria - Canela tools","isPartOf":{"@id":"https:\/\/canelatools.com\/#website"},"primaryImageOfPage":{"@id":"https:\/\/canelatools.com\/industria-ferroviaria\/#primaryimage"},"image":{"@id":"https:\/\/canelatools.com\/industria-ferroviaria\/#primaryimage"},"thumbnailUrl":"https:\/\/canelatools.com\/wp-content\/uploads\/2025\/11\/rueda-ferrocarril-1024x768.jpg","datePublished":"2025-11-27T15:32:14+00:00","dateModified":"2026-02-17T09:32:00+00:00","breadcrumb":{"@id":"https:\/\/canelatools.com\/industria-ferroviaria\/#breadcrumb"},"inLanguage":"ca","potentialAction":[{"@type":"ReadAction","target":["https:\/\/canelatools.com\/industria-ferroviaria\/"]}]},{"@type":"ImageObject","inLanguage":"ca","@id":"https:\/\/canelatools.com\/industria-ferroviaria\/#primaryimage","url":"https:\/\/canelatools.com\/wp-content\/uploads\/2025\/11\/rueda-ferrocarril-1024x768.jpg","contentUrl":"https:\/\/canelatools.com\/wp-content\/uploads\/2025\/11\/rueda-ferrocarril-1024x768.jpg"},{"@type":"BreadcrumbList","@id":"https:\/\/canelatools.com\/industria-ferroviaria\/#breadcrumb","itemListElement":[{"@type":"ListItem","position":1,"name":"Portada","item":"https:\/\/canelatools.com\/ca\/"},{"@type":"ListItem","position":2,"name":"Ind\u00fastria ferrovi\u00e0ria"}]},{"@type":"WebSite","@id":"https:\/\/canelatools.com\/#website","url":"https:\/\/canelatools.com\/","name":"Canela tools","description":"","potentialAction":[{"@type":"SearchAction","target":{"@type":"EntryPoint","urlTemplate":"https:\/\/canelatools.com\/?s={search_term_string}"},"query-input":{"@type":"PropertyValueSpecification","valueRequired":true,"valueName":"search_term_string"}}],"inLanguage":"ca"}]}},"_links":{"self":[{"href":"https:\/\/canelatools.com\/ca\/wp-json\/wp\/v2\/pages\/4731","targetHints":{"allow":["GET"]}}],"collection":[{"href":"https:\/\/canelatools.com\/ca\/wp-json\/wp\/v2\/pages"}],"about":[{"href":"https:\/\/canelatools.com\/ca\/wp-json\/wp\/v2\/types\/page"}],"author":[{"embeddable":true,"href":"https:\/\/canelatools.com\/ca\/wp-json\/wp\/v2\/users\/1"}],"replies":[{"embeddable":true,"href":"https:\/\/canelatools.com\/ca\/wp-json\/wp\/v2\/comments?post=4731"}],"version-history":[{"count":5,"href":"https:\/\/canelatools.com\/ca\/wp-json\/wp\/v2\/pages\/4731\/revisions"}],"predecessor-version":[{"id":11198,"href":"https:\/\/canelatools.com\/ca\/wp-json\/wp\/v2\/pages\/4731\/revisions\/11198"}],"wp:attachment":[{"href":"https:\/\/canelatools.com\/ca\/wp-json\/wp\/v2\/media?parent=4731"}],"curies":[{"name":"wp","href":"https:\/\/api.w.org\/{rel}","templated":true}]}}