{"id":4746,"date":"2025-11-26T15:30:04","date_gmt":"2025-11-26T15:30:04","guid":{"rendered":"https:\/\/canelatools.com\/metall-dur-integral\/"},"modified":"2026-02-17T10:05:03","modified_gmt":"2026-02-17T10:05:03","slug":"metall-dur-integral","status":"publish","type":"page","link":"https:\/\/canelatools.com\/ca\/metall-dur-integral\/","title":{"rendered":"Metall dur integral"},"content":{"rendered":"\t\t<div data-elementor-type=\"wp-page\" data-elementor-id=\"4746\" class=\"elementor elementor-4746 elementor-1035\" data-elementor-post-type=\"page\">\n\t\t\t\t<div class=\"elementor-element elementor-element-775491f e-flex e-con-boxed e-con e-parent\" data-id=\"775491f\" data-element_type=\"container\" data-e-type=\"container\" data-settings=\"{&quot;background_background&quot;:&quot;slideshow&quot;,&quot;background_slideshow_gallery&quot;:[{&quot;id&quot;:4736,&quot;url&quot;:&quot;https:\\\/\\\/canelatools.com\\\/wp-content\\\/uploads\\\/2025\\\/11\\\/slider-metalduro.jpg&quot;}],&quot;background_slideshow_loop&quot;:&quot;yes&quot;,&quot;background_slideshow_slide_duration&quot;:5000,&quot;background_slideshow_slide_transition&quot;:&quot;fade&quot;,&quot;background_slideshow_transition_duration&quot;:500}\">\n\t\t\t\t\t<div class=\"e-con-inner\">\n\t\t\t\t<div class=\"elementor-element elementor-element-1ea0566 elementor-widget elementor-widget-heading\" data-id=\"1ea0566\" data-element_type=\"widget\" data-e-type=\"widget\" data-widget_type=\"heading.default\">\n\t\t\t\t\t<h1 class=\"elementor-heading-title elementor-size-default\">Metall dur integral<\/h1>\t\t\t\t<\/div>\n\t\t\t\t<div class=\"elementor-element elementor-element-187b2ae elementor-widget-divider--view-line elementor-widget elementor-widget-divider\" data-id=\"187b2ae\" data-element_type=\"widget\" data-e-type=\"widget\" data-widget_type=\"divider.default\">\n\t\t\t\t\t\t\t<div class=\"elementor-divider\">\n\t\t\t<span class=\"elementor-divider-separator\">\n\t\t\t\t\t\t<\/span>\n\t\t<\/div>\n\t\t\t\t\t\t<\/div>\n\t\t\t\t\t<\/div>\n\t\t\t\t<\/div>\n\t\t<div class=\"elementor-element elementor-element-6a2e56e e-flex e-con-boxed e-con e-parent\" data-id=\"6a2e56e\" data-element_type=\"container\" data-e-type=\"container\">\n\t\t\t\t\t<div class=\"e-con-inner\">\n\t\t<div class=\"elementor-element elementor-element-bdc5f69 e-con-full e-flex e-con e-child\" data-id=\"bdc5f69\" data-element_type=\"container\" data-e-type=\"container\">\n\t\t\t\t<div class=\"elementor-element elementor-element-b598adf elementor-widget elementor-widget-image\" data-id=\"b598adf\" data-element_type=\"widget\" data-e-type=\"widget\" data-widget_type=\"image.default\">\n\t\t\t\t\t\t\t\t\t\t\t\t\t\t\t<img fetchpriority=\"high\" decoding=\"async\" width=\"1131\" height=\"204\" src=\"https:\/\/canelatools.com\/wp-content\/uploads\/2025\/12\/logo_alberg_tr-2-1.png\" class=\"attachment-full size-full wp-image-4737\" alt=\"\" srcset=\"https:\/\/canelatools.com\/wp-content\/uploads\/2025\/12\/logo_alberg_tr-2-1.png 1131w, https:\/\/canelatools.com\/wp-content\/uploads\/2025\/12\/logo_alberg_tr-2-1-300x54.png 300w, https:\/\/canelatools.com\/wp-content\/uploads\/2025\/12\/logo_alberg_tr-2-1-1024x185.png 1024w, https:\/\/canelatools.com\/wp-content\/uploads\/2025\/12\/logo_alberg_tr-2-1-768x139.png 768w\" sizes=\"(max-width: 1131px) 100vw, 1131px\" \/>\t\t\t\t\t\t\t\t\t\t\t\t\t\t\t<\/div>\n\t\t\t\t<div class=\"elementor-element elementor-element-b5456f7 elementor-widget elementor-widget-heading\" data-id=\"b5456f7\" data-element_type=\"widget\" data-e-type=\"widget\" data-widget_type=\"heading.default\">\n\t\t\t\t\t<h2 class=\"elementor-heading-title elementor-size-default\">Metall dur integral<\/h2>\t\t\t\t<\/div>\n\t\t\t\t<div class=\"elementor-element elementor-element-c5a8207 elementor-widget-divider--view-line elementor-widget elementor-widget-divider\" data-id=\"c5a8207\" data-element_type=\"widget\" data-e-type=\"widget\" data-widget_type=\"divider.default\">\n\t\t\t\t\t\t\t<div class=\"elementor-divider\">\n\t\t\t<span class=\"elementor-divider-separator\">\n\t\t\t\t\t\t<\/span>\n\t\t<\/div>\n\t\t\t\t\t\t<\/div>\n\t\t\t\t<div class=\"elementor-element elementor-element-5ca7c5a elementor-widget elementor-widget-text-editor\" data-id=\"5ca7c5a\" data-element_type=\"widget\" data-e-type=\"widget\" data-widget_type=\"text-editor.default\">\n\t\t\t\t\t\t\t\t\t<p class=\"p1\">Una gamma completa de freses i broques integrals de metall dur que brinden solucions per a una \u00e0mplia gamma d\u2019aplicacions, per a la mecanitzaci\u00f3 de desbast o acabat en qualsevol mena de material, per aconseguir un rendiment superior i una alta productivitat. L\u2019\u00e0mplia varietat de les nostres eines cobreix di\u00e0metres d&#8217; \u00d81 a 25 mm en relacions L\/D d&#8217; 1-6.<\/p>\t\t\t\t\t\t\t\t<\/div>\n\t\t\t\t<\/div>\n\t\t<div class=\"elementor-element elementor-element-a34d1ce e-con-full e-flex e-con e-child\" data-id=\"a34d1ce\" data-element_type=\"container\" data-e-type=\"container\">\n\t\t\t\t<div class=\"elementor-element elementor-element-1b4dbe5 elementor-widget elementor-widget-image\" data-id=\"1b4dbe5\" data-element_type=\"widget\" data-e-type=\"widget\" data-widget_type=\"image.default\">\n\t\t\t\t\t\t\t\t\t\t\t\t\t\t\t<img decoding=\"async\" width=\"800\" height=\"517\" src=\"https:\/\/canelatools.com\/wp-content\/uploads\/2025\/11\/metal-duro-1-1024x662.jpg\" class=\"attachment-large size-large wp-image-4738\" alt=\"\" srcset=\"https:\/\/canelatools.com\/wp-content\/uploads\/2025\/11\/metal-duro-1-1024x662.jpg 1024w, https:\/\/canelatools.com\/wp-content\/uploads\/2025\/11\/metal-duro-1-300x194.jpg 300w, https:\/\/canelatools.com\/wp-content\/uploads\/2025\/11\/metal-duro-1-768x496.jpg 768w, https:\/\/canelatools.com\/wp-content\/uploads\/2025\/11\/metal-duro-1.jpg 1500w\" sizes=\"(max-width: 800px) 100vw, 800px\" \/>\t\t\t\t\t\t\t\t\t\t\t\t\t\t\t<\/div>\n\t\t\t\t<\/div>\n\t\t\t\t\t<\/div>\n\t\t\t\t<\/div>\n\t\t<div class=\"elementor-element elementor-element-d7284e9 e-flex e-con-boxed e-con e-parent\" data-id=\"d7284e9\" data-element_type=\"container\" data-e-type=\"container\">\n\t\t\t\t\t<div class=\"e-con-inner\">\n\t\t<div class=\"elementor-element elementor-element-69c6d73 e-con-full e-flex e-con e-child\" data-id=\"69c6d73\" data-element_type=\"container\" data-e-type=\"container\">\n\t\t<div class=\"elementor-element elementor-element-015cc09 e-con-full e-flex e-con e-child\" data-id=\"015cc09\" data-element_type=\"container\" data-e-type=\"container\">\n\t\t\t\t<div class=\"elementor-element elementor-element-500a6c8 elementor-widget__width-initial elementor-widget elementor-widget-image\" data-id=\"500a6c8\" data-element_type=\"widget\" data-e-type=\"widget\" data-widget_type=\"image.default\">\n\t\t\t\t\t\t\t\t\t\t\t\t\t\t\t<img decoding=\"async\" width=\"691\" height=\"1013\" src=\"https:\/\/canelatools.com\/wp-content\/uploads\/2025\/11\/metalduro-integral.jpg\" class=\"attachment-large size-large wp-image-4739\" alt=\"\" srcset=\"https:\/\/canelatools.com\/wp-content\/uploads\/2025\/11\/metalduro-integral.jpg 691w, https:\/\/canelatools.com\/wp-content\/uploads\/2025\/11\/metalduro-integral-205x300.jpg 205w\" sizes=\"(max-width: 691px) 100vw, 691px\" \/>\t\t\t\t\t\t\t\t\t\t\t\t\t\t\t<\/div>\n\t\t\t\t<div class=\"elementor-element elementor-element-0613ca7 elementor-widget elementor-widget-heading\" data-id=\"0613ca7\" data-element_type=\"widget\" data-e-type=\"widget\" data-widget_type=\"heading.default\">\n\t\t\t\t\t<h3 class=\"elementor-heading-title elementor-size-default\">Freses de metall dur<\/h3>\t\t\t\t<\/div>\n\t\t\t\t<div class=\"elementor-element elementor-element-910a38d elementor-widget elementor-widget-text-editor\" data-id=\"910a38d\" data-element_type=\"widget\" data-e-type=\"widget\" data-widget_type=\"text-editor.default\">\n\t\t\t\t\t\t\t\t\t<ul><li>Freses de metall dur d\u2019alt rendiment adequades per complir els requisits m\u00e9s exigents.<\/li><li>Costos de peces redu\u00efts i temps de tall inferiors de producci\u00f3.<\/li><li>Major productivitat i rendibilitat.<\/li><li>Funcionament suau i sense vibracions, per tant, una vida \u00fatil significativament m\u00e9s gran.<\/li><\/ul>\t\t\t\t\t\t\t\t<\/div>\n\t\t\t\t<\/div>\n\t\t<div class=\"elementor-element elementor-element-a1162f2 e-con-full e-flex e-con e-child\" data-id=\"a1162f2\" data-element_type=\"container\" data-e-type=\"container\">\n\t\t\t\t<div class=\"elementor-element elementor-element-d8b8e83 elementor-widget__width-initial elementor-widget elementor-widget-image\" data-id=\"d8b8e83\" data-element_type=\"widget\" data-e-type=\"widget\" data-widget_type=\"image.default\">\n\t\t\t\t\t\t\t\t\t\t\t\t\t\t\t<img loading=\"lazy\" decoding=\"async\" width=\"197\" height=\"722\" src=\"https:\/\/canelatools.com\/wp-content\/uploads\/2025\/11\/brocas.jpg\" class=\"attachment-large size-large wp-image-4740\" alt=\"\" srcset=\"https:\/\/canelatools.com\/wp-content\/uploads\/2025\/11\/brocas.jpg 197w, https:\/\/canelatools.com\/wp-content\/uploads\/2025\/11\/brocas-82x300.jpg 82w\" sizes=\"(max-width: 197px) 100vw, 197px\" \/>\t\t\t\t\t\t\t\t\t\t\t\t\t\t\t<\/div>\n\t\t\t\t<div class=\"elementor-element elementor-element-1e1776c elementor-widget elementor-widget-heading\" data-id=\"1e1776c\" data-element_type=\"widget\" data-e-type=\"widget\" data-widget_type=\"heading.default\">\n\t\t\t\t\t<h4 class=\"elementor-heading-title elementor-size-default\">Broques<\/h4>\t\t\t\t<\/div>\n\t\t\t\t<div class=\"elementor-element elementor-element-be568af elementor-widget elementor-widget-text-editor\" data-id=\"be568af\" data-element_type=\"widget\" data-e-type=\"widget\" data-widget_type=\"text-editor.default\">\n\t\t\t\t\t\t\t\t\t<ul><li>Foradat per acer, acer fos, ferro colat, ferro colat mal\u00b7leable, no ferr\u00f3s, pl\u00e0stic abrasiu.<\/li><li>Autocentrat i trencament de ferritges millorat.<\/li><li>Forma d\u2019ona i rectificat negatiu al tall de tall per a baixa empenta, parell estable i llarga vida \u00fatil de l\u2019eina.<\/li><li>H\u00e8lix optimitzada per afavorir l\u2019evacuaci\u00f3 de ferritges.<\/li><\/ul>\t\t\t\t\t\t\t\t<\/div>\n\t\t\t\t<\/div>\n\t\t\t\t<\/div>\n\t\t<div class=\"elementor-element elementor-element-0d7bdf6 e-con-full e-flex e-con e-child\" data-id=\"0d7bdf6\" data-element_type=\"container\" data-e-type=\"container\">\n\t\t<div class=\"elementor-element elementor-element-aa4b1e0 e-con-full e-flex e-con e-child\" data-id=\"aa4b1e0\" data-element_type=\"container\" data-e-type=\"container\">\n\t\t\t\t<div class=\"elementor-element elementor-element-ce602c0 elementor-widget__width-initial elementor-widget elementor-widget-image\" data-id=\"ce602c0\" data-element_type=\"widget\" data-e-type=\"widget\" data-widget_type=\"image.default\">\n\t\t\t\t\t\t\t\t\t\t\t\t\t\t\t<img loading=\"lazy\" decoding=\"async\" width=\"616\" height=\"935\" src=\"https:\/\/canelatools.com\/wp-content\/uploads\/2025\/11\/limas.jpg\" class=\"attachment-large size-large wp-image-4741\" alt=\"\" srcset=\"https:\/\/canelatools.com\/wp-content\/uploads\/2025\/11\/limas.jpg 616w, https:\/\/canelatools.com\/wp-content\/uploads\/2025\/11\/limas-198x300.jpg 198w\" sizes=\"(max-width: 616px) 100vw, 616px\" \/>\t\t\t\t\t\t\t\t\t\t\t\t\t\t\t<\/div>\n\t\t\t\t<div class=\"elementor-element elementor-element-ab91590 elementor-widget elementor-widget-heading\" data-id=\"ab91590\" data-element_type=\"widget\" data-e-type=\"widget\" data-widget_type=\"heading.default\">\n\t\t\t\t\t<h4 class=\"elementor-heading-title elementor-size-default\">Llimes rotatives<\/h4>\t\t\t\t<\/div>\n\t\t\t\t<div class=\"elementor-element elementor-element-8dc7d8b elementor-widget elementor-widget-text-editor\" data-id=\"8dc7d8b\" data-element_type=\"widget\" data-e-type=\"widget\" data-widget_type=\"text-editor.default\">\n\t\t\t\t\t\t\t\t\t<p>Les llimes rotatives estan disponibles en diferents talls, models i mides. La seva elecci\u00f3 dep\u00e8n del material sobre el qual s\u2019hagi de treballar i l\u2019acabat que necessita.<\/p><p>Aplicacions:<\/p><ul><li>Aixamfranar orificis, desbarbar, anivellar, fresar, allisar, allisar soldadures i donar forma.<\/li><\/ul><p>Llimes rotatives disponibles en:<\/p><ul><li>Tall Sencill: Idoni per; ferro fos, acer fos, acers sense temperar, acers de baix aliatge, acer inoxidable, llaut\u00f3, bronze\/coure.<\/li><li>Tall creuat: Idoni per; ferro fos, acer fos, acers sense temperar, acers temperats, acers de baix aliatge, acers d\u2019alt aliatge, acers tractats t\u00e8rmicament, acer inoxidable, aliatge de titani, llaut\u00f3, bronze\/coure.<\/li><\/ul>\t\t\t\t\t\t\t\t<\/div>\n\t\t\t\t<\/div>\n\t\t\t\t<\/div>\n\t\t\t\t\t<\/div>\n\t\t\t\t<\/div>\n\t\t<div class=\"elementor-element elementor-element-0c1df4c e-flex e-con-boxed e-con e-parent\" data-id=\"0c1df4c\" data-element_type=\"container\" data-e-type=\"container\">\n\t\t\t\t\t<div class=\"e-con-inner\">\n\t\t<div class=\"elementor-element elementor-element-b7a4b95 e-con-full e-flex e-con e-child\" data-id=\"b7a4b95\" data-element_type=\"container\" data-e-type=\"container\">\n\t\t\t\t<div class=\"elementor-element elementor-element-c01664e elementor-widget elementor-widget-image\" data-id=\"c01664e\" data-element_type=\"widget\" data-e-type=\"widget\" data-widget_type=\"image.default\">\n\t\t\t\t\t\t\t\t\t\t\t\t\t\t\t<img loading=\"lazy\" decoding=\"async\" width=\"800\" height=\"533\" src=\"https:\/\/canelatools.com\/wp-content\/uploads\/2025\/11\/thumbnail_DSC00321-1024x682.jpg\" class=\"attachment-large size-large wp-image-4742\" alt=\"\" srcset=\"https:\/\/canelatools.com\/wp-content\/uploads\/2025\/11\/thumbnail_DSC00321-1024x682.jpg 1024w, https:\/\/canelatools.com\/wp-content\/uploads\/2025\/11\/thumbnail_DSC00321-300x200.jpg 300w, https:\/\/canelatools.com\/wp-content\/uploads\/2025\/11\/thumbnail_DSC00321-768x511.jpg 768w, https:\/\/canelatools.com\/wp-content\/uploads\/2025\/11\/thumbnail_DSC00321.jpg 1280w\" sizes=\"(max-width: 800px) 100vw, 800px\" \/>\t\t\t\t\t\t\t\t\t\t\t\t\t\t\t<\/div>\n\t\t\t\t<div class=\"elementor-element elementor-element-71a49d6 elementor-widget elementor-widget-heading\" data-id=\"71a49d6\" data-element_type=\"widget\" data-e-type=\"widget\" data-widget_type=\"heading.default\">\n\t\t\t\t\t<h4 class=\"elementor-heading-title elementor-size-default\">Freses<\/h4>\t\t\t\t<\/div>\n\t\t\t\t<div class=\"elementor-element elementor-element-e6b5c6b elementor-widget elementor-widget-text-editor\" data-id=\"e6b5c6b\" data-element_type=\"widget\" data-e-type=\"widget\" data-widget_type=\"text-editor.default\">\n\t\t\t\t\t\t\t\t\t<ul><li>Fabricades en HSS-E.<\/li><li>Fabricades en acer al crom amb plaques soldades de metall dur.<\/li><\/ul>\t\t\t\t\t\t\t\t<\/div>\n\t\t\t\t<\/div>\n\t\t<div class=\"elementor-element elementor-element-de3b9c9 e-con-full e-flex e-con e-child\" data-id=\"de3b9c9\" data-element_type=\"container\" data-e-type=\"container\">\n\t\t\t\t<div class=\"elementor-element elementor-element-a2cefcb elementor-widget elementor-widget-image\" data-id=\"a2cefcb\" data-element_type=\"widget\" data-e-type=\"widget\" data-widget_type=\"image.default\">\n\t\t\t\t\t\t\t\t\t\t\t\t\t\t\t<img loading=\"lazy\" decoding=\"async\" width=\"800\" height=\"530\" src=\"https:\/\/canelatools.com\/wp-content\/uploads\/2025\/11\/thumbnail_cuchillas-1024x679.jpg\" class=\"attachment-large size-large wp-image-4743\" alt=\"\" srcset=\"https:\/\/canelatools.com\/wp-content\/uploads\/2025\/11\/thumbnail_cuchillas-1024x679.jpg 1024w, https:\/\/canelatools.com\/wp-content\/uploads\/2025\/11\/thumbnail_cuchillas-300x199.jpg 300w, https:\/\/canelatools.com\/wp-content\/uploads\/2025\/11\/thumbnail_cuchillas-768x510.jpg 768w, https:\/\/canelatools.com\/wp-content\/uploads\/2025\/11\/thumbnail_cuchillas.jpg 1132w\" sizes=\"(max-width: 800px) 100vw, 800px\" \/>\t\t\t\t\t\t\t\t\t\t\t\t\t\t\t<\/div>\n\t\t\t\t<div class=\"elementor-element elementor-element-28dc4e0 elementor-widget elementor-widget-heading\" data-id=\"28dc4e0\" data-element_type=\"widget\" data-e-type=\"widget\" data-widget_type=\"heading.default\">\n\t\t\t\t\t<h4 class=\"elementor-heading-title elementor-size-default\">Ganivetes<\/h4>\t\t\t\t<\/div>\n\t\t\t\t<div class=\"elementor-element elementor-element-decbdbe elementor-widget elementor-widget-text-editor\" data-id=\"decbdbe\" data-element_type=\"widget\" data-e-type=\"widget\" data-widget_type=\"text-editor.default\">\n\t\t\t\t\t\t\t\t\t<ul><li>Ganivetes per rotors.<\/li><li>Ganivetes per estators per exemple per m\u00e0quines Herbold, Condux o Pallmann.<\/li><\/ul>\t\t\t\t\t\t\t\t<\/div>\n\t\t\t\t<\/div>\n\t\t<div class=\"elementor-element elementor-element-f36f569 e-con-full e-flex e-con e-child\" data-id=\"f36f569\" data-element_type=\"container\" data-e-type=\"container\">\n\t\t\t\t<div class=\"elementor-element elementor-element-f21c09e elementor-widget elementor-widget-image\" data-id=\"f21c09e\" data-element_type=\"widget\" data-e-type=\"widget\" data-widget_type=\"image.default\">\n\t\t\t\t\t\t\t\t\t\t\t\t\t\t\t<img loading=\"lazy\" decoding=\"async\" width=\"800\" height=\"534\" src=\"https:\/\/canelatools.com\/wp-content\/uploads\/2025\/11\/thumbnail_rotors-1024x684.jpg\" class=\"attachment-large size-large wp-image-4744\" alt=\"\" srcset=\"https:\/\/canelatools.com\/wp-content\/uploads\/2025\/11\/thumbnail_rotors-1024x684.jpg 1024w, https:\/\/canelatools.com\/wp-content\/uploads\/2025\/11\/thumbnail_rotors-300x200.jpg 300w, https:\/\/canelatools.com\/wp-content\/uploads\/2025\/11\/thumbnail_rotors-768x513.jpg 768w, https:\/\/canelatools.com\/wp-content\/uploads\/2025\/11\/thumbnail_rotors.jpg 1128w\" sizes=\"(max-width: 800px) 100vw, 800px\" \/>\t\t\t\t\t\t\t\t\t\t\t\t\t\t\t<\/div>\n\t\t\t\t<div class=\"elementor-element elementor-element-8a0a94a elementor-widget elementor-widget-heading\" data-id=\"8a0a94a\" data-element_type=\"widget\" data-e-type=\"widget\" data-widget_type=\"heading.default\">\n\t\t\t\t\t<h4 class=\"elementor-heading-title elementor-size-default\">Rotors<\/h4>\t\t\t\t<\/div>\n\t\t\t\t<div class=\"elementor-element elementor-element-ee0342d elementor-widget elementor-widget-text-editor\" data-id=\"ee0342d\" data-element_type=\"widget\" data-e-type=\"widget\" data-widget_type=\"text-editor.default\">\n\t\t\t\t\t\t\t\t\t<ul><li><span data-teams=\"true\">Fabricats en acer per eines, acer inoxidable, acer r\u00e0pid, acer sinteritzat d\u2019alt aliatge i amb lames soldades de metall dur. Per exemple per m\u00e0quines Automatic, Dreher, Scheer i Adler. <\/span><\/li><\/ul>\t\t\t\t\t\t\t\t<\/div>\n\t\t\t\t<\/div>\n\t\t\t\t\t<\/div>\n\t\t\t\t<\/div>\n\t\t<div class=\"elementor-element elementor-element-4d634fa e-flex e-con-boxed e-con e-parent\" data-id=\"4d634fa\" data-element_type=\"container\" data-e-type=\"container\" data-settings=\"{&quot;background_background&quot;:&quot;slideshow&quot;,&quot;background_slideshow_gallery&quot;:[{&quot;id&quot;:10398,&quot;url&quot;:&quot;https:\\\/\\\/canelatools.com\\\/wp-content\\\/uploads\\\/2026\\\/02\\\/CAT-Alberg.jpg&quot;}],&quot;background_slideshow_loop&quot;:&quot;yes&quot;,&quot;background_slideshow_slide_duration&quot;:5000,&quot;background_slideshow_slide_transition&quot;:&quot;fade&quot;,&quot;background_slideshow_transition_duration&quot;:500}\">\n\t\t\t\t\t<div class=\"e-con-inner\">\n\t\t\t\t\t<\/div>\n\t\t\t\t<\/div>\n\t\t\t\t<\/div>\n\t\t","protected":false},"excerpt":{"rendered":"<p>Metall dur integral Metall dur integral Una gamma completa de freses i broques integrals de metall dur que brinden solucions per a una \u00e0mplia gamma d\u2019aplicacions, per a la mecanitzaci\u00f3 de desbast o acabat en qualsevol mena de material, per aconseguir un rendiment superior i una alta productivitat. L\u2019\u00e0mplia varietat de les nostres eines cobreix [&hellip;]<\/p>\n","protected":false},"author":1,"featured_media":0,"parent":0,"menu_order":0,"comment_status":"closed","ping_status":"closed","template":"elementor_header_footer","meta":{"footnotes":""},"class_list":["post-4746","page","type-page","status-publish","hentry"],"yoast_head":"<!-- This site is optimized with the Yoast SEO plugin v27.0 - https:\/\/yoast.com\/product\/yoast-seo-wordpress\/ -->\n<title>Metall dur integral - Canela tools<\/title>\n<meta name=\"robots\" content=\"index, follow, max-snippet:-1, max-image-preview:large, max-video-preview:-1\" \/>\n<link rel=\"canonical\" href=\"https:\/\/canelatools.com\/metal-duro-integral\/\" \/>\n<meta property=\"og:locale\" content=\"ca_ES\" \/>\n<meta property=\"og:type\" content=\"article\" \/>\n<meta property=\"og:title\" content=\"Metall dur integral - Canela tools\" \/>\n<meta property=\"og:description\" content=\"Metall dur integral Metall dur integral Una gamma completa de freses i broques integrals de metall dur que brinden solucions per a una \u00e0mplia gamma d\u2019aplicacions, per a la mecanitzaci\u00f3 de desbast o acabat en qualsevol mena de material, per aconseguir un rendiment superior i una alta productivitat. L\u2019\u00e0mplia varietat de les nostres eines cobreix [&hellip;]\" \/>\n<meta property=\"og:url\" content=\"https:\/\/canelatools.com\/metal-duro-integral\/\" \/>\n<meta property=\"og:site_name\" content=\"Canela tools\" \/>\n<meta property=\"article:modified_time\" content=\"2026-02-17T10:05:03+00:00\" \/>\n<meta property=\"og:image\" content=\"https:\/\/canelatools.com\/wp-content\/uploads\/2025\/12\/logo_alberg_tr-2-1.png\" \/>\n\t<meta property=\"og:image:width\" content=\"1131\" \/>\n\t<meta property=\"og:image:height\" content=\"204\" \/>\n\t<meta property=\"og:image:type\" content=\"image\/png\" \/>\n<meta name=\"twitter:card\" content=\"summary_large_image\" \/>\n<meta name=\"twitter:label1\" content=\"Temps estimat de lectura\" \/>\n\t<meta name=\"twitter:data1\" content=\"2 minuts\" \/>\n<script type=\"application\/ld+json\" class=\"yoast-schema-graph\">{\"@context\":\"https:\/\/schema.org\",\"@graph\":[{\"@type\":\"WebPage\",\"@id\":\"https:\/\/canelatools.com\/metal-duro-integral\/\",\"url\":\"https:\/\/canelatools.com\/metal-duro-integral\/\",\"name\":\"Metall dur integral - Canela tools\",\"isPartOf\":{\"@id\":\"https:\/\/canelatools.com\/#website\"},\"primaryImageOfPage\":{\"@id\":\"https:\/\/canelatools.com\/metal-duro-integral\/#primaryimage\"},\"image\":{\"@id\":\"https:\/\/canelatools.com\/metal-duro-integral\/#primaryimage\"},\"thumbnailUrl\":\"https:\/\/canelatools.com\/wp-content\/uploads\/2025\/12\/logo_alberg_tr-2-1.png\",\"datePublished\":\"2025-11-26T15:30:04+00:00\",\"dateModified\":\"2026-02-17T10:05:03+00:00\",\"breadcrumb\":{\"@id\":\"https:\/\/canelatools.com\/metal-duro-integral\/#breadcrumb\"},\"inLanguage\":\"ca\",\"potentialAction\":[{\"@type\":\"ReadAction\",\"target\":[\"https:\/\/canelatools.com\/metal-duro-integral\/\"]}]},{\"@type\":\"ImageObject\",\"inLanguage\":\"ca\",\"@id\":\"https:\/\/canelatools.com\/metal-duro-integral\/#primaryimage\",\"url\":\"https:\/\/canelatools.com\/wp-content\/uploads\/2025\/12\/logo_alberg_tr-2-1.png\",\"contentUrl\":\"https:\/\/canelatools.com\/wp-content\/uploads\/2025\/12\/logo_alberg_tr-2-1.png\"},{\"@type\":\"BreadcrumbList\",\"@id\":\"https:\/\/canelatools.com\/metal-duro-integral\/#breadcrumb\",\"itemListElement\":[{\"@type\":\"ListItem\",\"position\":1,\"name\":\"Portada\",\"item\":\"https:\/\/canelatools.com\/ca\/\"},{\"@type\":\"ListItem\",\"position\":2,\"name\":\"Metall dur integral\"}]},{\"@type\":\"WebSite\",\"@id\":\"https:\/\/canelatools.com\/#website\",\"url\":\"https:\/\/canelatools.com\/\",\"name\":\"Canela tools\",\"description\":\"\",\"potentialAction\":[{\"@type\":\"SearchAction\",\"target\":{\"@type\":\"EntryPoint\",\"urlTemplate\":\"https:\/\/canelatools.com\/?s={search_term_string}\"},\"query-input\":{\"@type\":\"PropertyValueSpecification\",\"valueRequired\":true,\"valueName\":\"search_term_string\"}}],\"inLanguage\":\"ca\"}]}<\/script>\n<!-- \/ Yoast SEO plugin. -->","yoast_head_json":{"title":"Metall dur integral - Canela tools","robots":{"index":"index","follow":"follow","max-snippet":"max-snippet:-1","max-image-preview":"max-image-preview:large","max-video-preview":"max-video-preview:-1"},"canonical":"https:\/\/canelatools.com\/metal-duro-integral\/","og_locale":"ca_ES","og_type":"article","og_title":"Metall dur integral - Canela tools","og_description":"Metall dur integral Metall dur integral Una gamma completa de freses i broques integrals de metall dur que brinden solucions per a una \u00e0mplia gamma d\u2019aplicacions, per a la mecanitzaci\u00f3 de desbast o acabat en qualsevol mena de material, per aconseguir un rendiment superior i una alta productivitat. L\u2019\u00e0mplia varietat de les nostres eines cobreix [&hellip;]","og_url":"https:\/\/canelatools.com\/metal-duro-integral\/","og_site_name":"Canela tools","article_modified_time":"2026-02-17T10:05:03+00:00","og_image":[{"width":1131,"height":204,"url":"https:\/\/canelatools.com\/wp-content\/uploads\/2025\/12\/logo_alberg_tr-2-1.png","type":"image\/png"}],"twitter_card":"summary_large_image","twitter_misc":{"Temps estimat de lectura":"2 minuts"},"schema":{"@context":"https:\/\/schema.org","@graph":[{"@type":"WebPage","@id":"https:\/\/canelatools.com\/metal-duro-integral\/","url":"https:\/\/canelatools.com\/metal-duro-integral\/","name":"Metall dur integral - Canela tools","isPartOf":{"@id":"https:\/\/canelatools.com\/#website"},"primaryImageOfPage":{"@id":"https:\/\/canelatools.com\/metal-duro-integral\/#primaryimage"},"image":{"@id":"https:\/\/canelatools.com\/metal-duro-integral\/#primaryimage"},"thumbnailUrl":"https:\/\/canelatools.com\/wp-content\/uploads\/2025\/12\/logo_alberg_tr-2-1.png","datePublished":"2025-11-26T15:30:04+00:00","dateModified":"2026-02-17T10:05:03+00:00","breadcrumb":{"@id":"https:\/\/canelatools.com\/metal-duro-integral\/#breadcrumb"},"inLanguage":"ca","potentialAction":[{"@type":"ReadAction","target":["https:\/\/canelatools.com\/metal-duro-integral\/"]}]},{"@type":"ImageObject","inLanguage":"ca","@id":"https:\/\/canelatools.com\/metal-duro-integral\/#primaryimage","url":"https:\/\/canelatools.com\/wp-content\/uploads\/2025\/12\/logo_alberg_tr-2-1.png","contentUrl":"https:\/\/canelatools.com\/wp-content\/uploads\/2025\/12\/logo_alberg_tr-2-1.png"},{"@type":"BreadcrumbList","@id":"https:\/\/canelatools.com\/metal-duro-integral\/#breadcrumb","itemListElement":[{"@type":"ListItem","position":1,"name":"Portada","item":"https:\/\/canelatools.com\/ca\/"},{"@type":"ListItem","position":2,"name":"Metall dur integral"}]},{"@type":"WebSite","@id":"https:\/\/canelatools.com\/#website","url":"https:\/\/canelatools.com\/","name":"Canela tools","description":"","potentialAction":[{"@type":"SearchAction","target":{"@type":"EntryPoint","urlTemplate":"https:\/\/canelatools.com\/?s={search_term_string}"},"query-input":{"@type":"PropertyValueSpecification","valueRequired":true,"valueName":"search_term_string"}}],"inLanguage":"ca"}]}},"_links":{"self":[{"href":"https:\/\/canelatools.com\/ca\/wp-json\/wp\/v2\/pages\/4746","targetHints":{"allow":["GET"]}}],"collection":[{"href":"https:\/\/canelatools.com\/ca\/wp-json\/wp\/v2\/pages"}],"about":[{"href":"https:\/\/canelatools.com\/ca\/wp-json\/wp\/v2\/types\/page"}],"author":[{"embeddable":true,"href":"https:\/\/canelatools.com\/ca\/wp-json\/wp\/v2\/users\/1"}],"replies":[{"embeddable":true,"href":"https:\/\/canelatools.com\/ca\/wp-json\/wp\/v2\/comments?post=4746"}],"version-history":[{"count":13,"href":"https:\/\/canelatools.com\/ca\/wp-json\/wp\/v2\/pages\/4746\/revisions"}],"predecessor-version":[{"id":11238,"href":"https:\/\/canelatools.com\/ca\/wp-json\/wp\/v2\/pages\/4746\/revisions\/11238"}],"wp:attachment":[{"href":"https:\/\/canelatools.com\/ca\/wp-json\/wp\/v2\/media?parent=4746"}],"curies":[{"name":"wp","href":"https:\/\/api.w.org\/{rel}","templated":true}]}}