{"id":4768,"date":"2025-12-01T10:44:39","date_gmt":"2025-12-01T10:44:39","guid":{"rendered":"https:\/\/canelatools.com\/motlle-i-matriu\/"},"modified":"2026-02-17T09:12:44","modified_gmt":"2026-02-17T09:12:44","slug":"motlle-i-matriu","status":"publish","type":"page","link":"https:\/\/canelatools.com\/ca\/motlle-i-matriu\/","title":{"rendered":"Motlle i matriu"},"content":{"rendered":"\t\t<div data-elementor-type=\"wp-page\" data-elementor-id=\"4768\" class=\"elementor elementor-4768 elementor-2117\" data-elementor-post-type=\"page\">\n\t\t\t\t<div class=\"elementor-element elementor-element-d2a642d e-flex e-con-boxed e-con e-parent\" data-id=\"d2a642d\" data-element_type=\"container\" data-e-type=\"container\" data-settings=\"{&quot;background_background&quot;:&quot;slideshow&quot;,&quot;background_slideshow_gallery&quot;:[{&quot;id&quot;:4759,&quot;url&quot;:&quot;https:\\\/\\\/canelatools.com\\\/wp-content\\\/uploads\\\/2025\\\/12\\\/slider_molde.jpg&quot;}],&quot;background_slideshow_loop&quot;:&quot;yes&quot;,&quot;background_slideshow_slide_duration&quot;:5000,&quot;background_slideshow_slide_transition&quot;:&quot;fade&quot;,&quot;background_slideshow_transition_duration&quot;:500}\">\n\t\t\t\t\t<div class=\"e-con-inner\">\n\t\t\t\t<div class=\"elementor-element elementor-element-9d76f4e elementor-widget elementor-widget-heading\" data-id=\"9d76f4e\" data-element_type=\"widget\" data-e-type=\"widget\" data-widget_type=\"heading.default\">\n\t\t\t\t\t<h1 class=\"elementor-heading-title elementor-size-default\">Motlle i matriu<\/h1>\t\t\t\t<\/div>\n\t\t\t\t<div class=\"elementor-element elementor-element-a46c3dd elementor-widget-divider--view-line elementor-widget elementor-widget-divider\" data-id=\"a46c3dd\" data-element_type=\"widget\" data-e-type=\"widget\" data-widget_type=\"divider.default\">\n\t\t\t\t\t\t\t<div class=\"elementor-divider\">\n\t\t\t<span class=\"elementor-divider-separator\">\n\t\t\t\t\t\t<\/span>\n\t\t<\/div>\n\t\t\t\t\t\t<\/div>\n\t\t\t\t\t<\/div>\n\t\t\t\t<\/div>\n\t\t<div class=\"elementor-element elementor-element-63209a2 e-flex e-con-boxed e-con e-parent\" data-id=\"63209a2\" data-element_type=\"container\" data-e-type=\"container\" data-settings=\"{&quot;background_background&quot;:&quot;classic&quot;}\">\n\t\t\t\t\t<div class=\"e-con-inner\">\n\t\t<div class=\"elementor-element elementor-element-33fdd27 e-con-full e-flex e-con e-child\" data-id=\"33fdd27\" data-element_type=\"container\" data-e-type=\"container\">\n\t\t\t\t<div class=\"elementor-element elementor-element-151e2ba elementor-widget elementor-widget-heading\" data-id=\"151e2ba\" data-element_type=\"widget\" data-e-type=\"widget\" data-widget_type=\"heading.default\">\n\t\t\t\t\t<h2 class=\"elementor-heading-title elementor-size-default\">Motlle i matriu<\/h2>\t\t\t\t<\/div>\n\t\t\t\t<div class=\"elementor-element elementor-element-5e37ebf elementor-widget-divider--view-line elementor-widget elementor-widget-divider\" data-id=\"5e37ebf\" data-element_type=\"widget\" data-e-type=\"widget\" data-widget_type=\"divider.default\">\n\t\t\t\t\t\t\t<div class=\"elementor-divider\">\n\t\t\t<span class=\"elementor-divider-separator\">\n\t\t\t\t\t\t<\/span>\n\t\t<\/div>\n\t\t\t\t\t\t<\/div>\n\t\t\t\t<div class=\"elementor-element elementor-element-302bbf7 elementor-widget elementor-widget-text-editor\" data-id=\"302bbf7\" data-element_type=\"widget\" data-e-type=\"widget\" data-widget_type=\"text-editor.default\">\n\t\t\t\t\t\t\t\t\t<p>El segment del motlle i la matriu \u00e9s molt divers i compr\u00e8n una \u00e0mplia gamma de components. Sovint es tracta de materials dif\u00edcils de mecanitzar, que requereixen eines especialitzades en el mecanitzat de gran avan\u00e7 i amb un alt volum d\u2019eliminaci\u00f3 de material En els darrers anys, Canela ha estat ampliant de forma cont\u00ednua la seva gamma de plaquetes intercanviables i eines integrals amb la finalitat d\u2019oferir el m\u00e0xim nombre de solucions en el segment del motlle i la matriu.  <\/p>\t\t\t\t\t\t\t\t<\/div>\n\t\t\t\t<\/div>\n\t\t<div class=\"elementor-element elementor-element-e719bbe e-con-full e-flex e-con e-child\" data-id=\"e719bbe\" data-element_type=\"container\" data-e-type=\"container\" data-settings=\"{&quot;background_background&quot;:&quot;classic&quot;}\">\n\t\t\t\t<div class=\"elementor-element elementor-element-e7fcda1 elementor-widget elementor-widget-spacer\" data-id=\"e7fcda1\" data-element_type=\"widget\" data-e-type=\"widget\" data-widget_type=\"spacer.default\">\n\t\t\t\t\t\t\t<div class=\"elementor-spacer\">\n\t\t\t<div class=\"elementor-spacer-inner\"><\/div>\n\t\t<\/div>\n\t\t\t\t\t\t<\/div>\n\t\t\t\t<\/div>\n\t\t\t\t\t<\/div>\n\t\t\t\t<\/div>\n\t\t<div class=\"elementor-element elementor-element-35224cb e-flex e-con-boxed e-con e-parent\" data-id=\"35224cb\" data-element_type=\"container\" data-e-type=\"container\">\n\t\t\t\t\t<div class=\"e-con-inner\">\n\t\t<div class=\"elementor-element elementor-element-79104a1 e-con-full e-flex e-con e-child\" data-id=\"79104a1\" data-element_type=\"container\" data-e-type=\"container\">\n\t\t\t\t<div class=\"elementor-element elementor-element-ab7ffad elementor-widget elementor-widget-text-editor\" data-id=\"ab7ffad\" data-element_type=\"widget\" data-e-type=\"widget\" data-widget_type=\"text-editor.default\">\n\t\t\t\t\t\t\t\t\t<p>Els diferents materials de les peces a mecanitzar, la seva varietat de mides i les diferents operacions de mecanitzat que podem necessitar en el segment del motlle i la matriu fan que sigui primordial tenir l&#8217;eina de tall adequada. Canela ofereix nombroses eines de fresat que ajuden a la producci\u00f3 de s\u00e8ries curtes en aplicacions espec\u00edfiques. Dins d\u2019aquesta gamma d\u2019eines podem trobar les freses d\u2019alt avan\u00e7, que amb el disseny \u00fanic del seu allotjament s\u00f3n indicades per a operacions de desbast. Estan disponibles en di\u00e0metres de 16 a 80 mm, amb m\u00faltiples opcions de disseny.   <\/p><p>Una altra operaci\u00f3 de fresat clau en el motlle i la matriu \u00e9s el copiat. La fam\u00edlia d\u2019eines de fresat amb plaqueta intercanviable de Canela inclou les freses de plaqueta rodona super positives RDHW per al semiacabat i l\u2019acabat en acers, acers endurits i fosa. <\/p>\t\t\t\t\t\t\t\t<\/div>\n\t\t\t\t<div class=\"elementor-element elementor-element-b71f670 elementor-widget elementor-widget-image\" data-id=\"b71f670\" data-element_type=\"widget\" data-e-type=\"widget\" data-widget_type=\"image.default\">\n\t\t\t\t\t\t\t\t\t\t\t\t\t\t\t<img fetchpriority=\"high\" decoding=\"async\" width=\"800\" height=\"581\" src=\"https:\/\/canelatools.com\/wp-content\/uploads\/2025\/12\/rdhw2-1024x744.jpg\" class=\"attachment-large size-large wp-image-4760\" alt=\"\" srcset=\"https:\/\/canelatools.com\/wp-content\/uploads\/2025\/12\/rdhw2-1024x744.jpg 1024w, https:\/\/canelatools.com\/wp-content\/uploads\/2025\/12\/rdhw2-300x218.jpg 300w, https:\/\/canelatools.com\/wp-content\/uploads\/2025\/12\/rdhw2-768x558.jpg 768w, https:\/\/canelatools.com\/wp-content\/uploads\/2025\/12\/rdhw2-1536x1116.jpg 1536w, https:\/\/canelatools.com\/wp-content\/uploads\/2025\/12\/rdhw2.jpg 1866w\" sizes=\"(max-width: 800px) 100vw, 800px\" \/>\t\t\t\t\t\t\t\t\t\t\t\t\t\t\t<\/div>\n\t\t\t\t<\/div>\n\t\t<div class=\"elementor-element elementor-element-abb007c e-con-full e-flex e-con e-child\" data-id=\"abb007c\" data-element_type=\"container\" data-e-type=\"container\">\n\t\t\t\t<div class=\"elementor-element elementor-element-0391e1f elementor-widget elementor-widget-text-editor\" data-id=\"0391e1f\" data-element_type=\"widget\" data-e-type=\"widget\" data-widget_type=\"text-editor.default\">\n\t\t\t\t\t\t\t\t\t<p>Les freses de punta esf\u00e8rica d\u2019Alberg, filial del grup Canela, admeten el fresat de perfils 3D i el contornejat de superf\u00edcies complexes. La gamma per acers endurits est\u00e0 disponible en longituds de curtes a extrallargues i presenta un radi doble per a reduir les forces de tall i suportar avan\u00e7os m\u00e9s grans. Totes elles estan estudiades per a suportar les forces radials generades al mecanitzar acers endurits, mentre que el seu disseny refor\u00e7at augmenta l&#8217;estabilitat i les taxes d\u2019eliminaci\u00f3 de material.  <\/p>\t\t\t\t\t\t\t\t<\/div>\n\t\t\t\t<div class=\"elementor-element elementor-element-36c1b96 elementor-widget elementor-widget-image\" data-id=\"36c1b96\" data-element_type=\"widget\" data-e-type=\"widget\" data-widget_type=\"image.default\">\n\t\t\t\t\t\t\t\t\t\t\t\t\t\t\t<img decoding=\"async\" width=\"800\" height=\"1018\" src=\"https:\/\/canelatools.com\/wp-content\/uploads\/2025\/12\/rdhw-805x1024.jpg\" class=\"attachment-large size-large wp-image-4761\" alt=\"\" srcset=\"https:\/\/canelatools.com\/wp-content\/uploads\/2025\/12\/rdhw-805x1024.jpg 805w, https:\/\/canelatools.com\/wp-content\/uploads\/2025\/12\/rdhw-236x300.jpg 236w, https:\/\/canelatools.com\/wp-content\/uploads\/2025\/12\/rdhw-768x977.jpg 768w, https:\/\/canelatools.com\/wp-content\/uploads\/2025\/12\/rdhw-1208x1536.jpg 1208w, https:\/\/canelatools.com\/wp-content\/uploads\/2025\/12\/rdhw.jpg 1500w\" sizes=\"(max-width: 800px) 100vw, 800px\" \/>\t\t\t\t\t\t\t\t\t\t\t\t\t\t\t<\/div>\n\t\t\t\t<\/div>\n\t\t\t\t\t<\/div>\n\t\t\t\t<\/div>\n\t\t\t\t<\/div>\n\t\t","protected":false},"excerpt":{"rendered":"<p>Motlle i matriu Motlle i matriu El segment del motlle i la matriu \u00e9s molt divers i compr\u00e8n una \u00e0mplia gamma de components. Sovint es tracta de materials dif\u00edcils de mecanitzar, que requereixen eines especialitzades en el mecanitzat de gran avan\u00e7 i amb un alt volum d\u2019eliminaci\u00f3 de material En els darrers anys, Canela ha [&hellip;]<\/p>\n","protected":false},"author":1,"featured_media":0,"parent":0,"menu_order":0,"comment_status":"closed","ping_status":"closed","template":"elementor_header_footer","meta":{"footnotes":""},"class_list":["post-4768","page","type-page","status-publish","hentry"],"yoast_head":"<!-- This site is optimized with the Yoast SEO plugin v27.0 - https:\/\/yoast.com\/product\/yoast-seo-wordpress\/ -->\n<title>Motlle i matriu - Canela tools<\/title>\n<meta name=\"robots\" content=\"index, follow, max-snippet:-1, max-image-preview:large, max-video-preview:-1\" \/>\n<link rel=\"canonical\" href=\"https:\/\/canelatools.com\/ca\/motlle-i-matriu\/\" \/>\n<meta property=\"og:locale\" content=\"ca_ES\" \/>\n<meta property=\"og:type\" content=\"article\" \/>\n<meta property=\"og:title\" content=\"Motlle i matriu - Canela tools\" \/>\n<meta property=\"og:description\" content=\"Motlle i matriu Motlle i matriu El segment del motlle i la matriu \u00e9s molt divers i compr\u00e8n una \u00e0mplia gamma de components. Sovint es tracta de materials dif\u00edcils de mecanitzar, que requereixen eines especialitzades en el mecanitzat de gran avan\u00e7 i amb un alt volum d\u2019eliminaci\u00f3 de material En els darrers anys, Canela ha [&hellip;]\" \/>\n<meta property=\"og:url\" content=\"https:\/\/canelatools.com\/ca\/motlle-i-matriu\/\" \/>\n<meta property=\"og:site_name\" content=\"Canela tools\" \/>\n<meta property=\"article:modified_time\" content=\"2026-02-17T09:12:44+00:00\" \/>\n<meta property=\"og:image\" content=\"https:\/\/canelatools.com\/wp-content\/uploads\/2025\/12\/rdhw2.jpg\" \/>\n\t<meta property=\"og:image:width\" content=\"1866\" \/>\n\t<meta property=\"og:image:height\" content=\"1356\" \/>\n\t<meta property=\"og:image:type\" content=\"image\/jpeg\" \/>\n<meta name=\"twitter:card\" content=\"summary_large_image\" \/>\n<meta name=\"twitter:label1\" content=\"Temps estimat de lectura\" \/>\n\t<meta name=\"twitter:data1\" content=\"2 minuts\" \/>\n<script type=\"application\/ld+json\" class=\"yoast-schema-graph\">{\"@context\":\"https:\/\/schema.org\",\"@graph\":[{\"@type\":\"WebPage\",\"@id\":\"https:\/\/canelatools.com\/ca\/motlle-i-matriu\/\",\"url\":\"https:\/\/canelatools.com\/ca\/motlle-i-matriu\/\",\"name\":\"Motlle i matriu - Canela tools\",\"isPartOf\":{\"@id\":\"https:\/\/canelatools.com\/#website\"},\"primaryImageOfPage\":{\"@id\":\"https:\/\/canelatools.com\/ca\/motlle-i-matriu\/#primaryimage\"},\"image\":{\"@id\":\"https:\/\/canelatools.com\/ca\/motlle-i-matriu\/#primaryimage\"},\"thumbnailUrl\":\"https:\/\/canelatools.com\/wp-content\/uploads\/2025\/12\/rdhw2-1024x744.jpg\",\"datePublished\":\"2025-12-01T10:44:39+00:00\",\"dateModified\":\"2026-02-17T09:12:44+00:00\",\"breadcrumb\":{\"@id\":\"https:\/\/canelatools.com\/ca\/motlle-i-matriu\/#breadcrumb\"},\"inLanguage\":\"ca\",\"potentialAction\":[{\"@type\":\"ReadAction\",\"target\":[\"https:\/\/canelatools.com\/ca\/motlle-i-matriu\/\"]}]},{\"@type\":\"ImageObject\",\"inLanguage\":\"ca\",\"@id\":\"https:\/\/canelatools.com\/ca\/motlle-i-matriu\/#primaryimage\",\"url\":\"https:\/\/canelatools.com\/wp-content\/uploads\/2025\/12\/rdhw2-1024x744.jpg\",\"contentUrl\":\"https:\/\/canelatools.com\/wp-content\/uploads\/2025\/12\/rdhw2-1024x744.jpg\"},{\"@type\":\"BreadcrumbList\",\"@id\":\"https:\/\/canelatools.com\/ca\/motlle-i-matriu\/#breadcrumb\",\"itemListElement\":[{\"@type\":\"ListItem\",\"position\":1,\"name\":\"Portada\",\"item\":\"https:\/\/canelatools.com\/ca\/\"},{\"@type\":\"ListItem\",\"position\":2,\"name\":\"Motlle i matriu\"}]},{\"@type\":\"WebSite\",\"@id\":\"https:\/\/canelatools.com\/#website\",\"url\":\"https:\/\/canelatools.com\/\",\"name\":\"Canela tools\",\"description\":\"\",\"potentialAction\":[{\"@type\":\"SearchAction\",\"target\":{\"@type\":\"EntryPoint\",\"urlTemplate\":\"https:\/\/canelatools.com\/?s={search_term_string}\"},\"query-input\":{\"@type\":\"PropertyValueSpecification\",\"valueRequired\":true,\"valueName\":\"search_term_string\"}}],\"inLanguage\":\"ca\"}]}<\/script>\n<!-- \/ Yoast SEO plugin. -->","yoast_head_json":{"title":"Motlle i matriu - Canela tools","robots":{"index":"index","follow":"follow","max-snippet":"max-snippet:-1","max-image-preview":"max-image-preview:large","max-video-preview":"max-video-preview:-1"},"canonical":"https:\/\/canelatools.com\/ca\/motlle-i-matriu\/","og_locale":"ca_ES","og_type":"article","og_title":"Motlle i matriu - Canela tools","og_description":"Motlle i matriu Motlle i matriu El segment del motlle i la matriu \u00e9s molt divers i compr\u00e8n una \u00e0mplia gamma de components. Sovint es tracta de materials dif\u00edcils de mecanitzar, que requereixen eines especialitzades en el mecanitzat de gran avan\u00e7 i amb un alt volum d\u2019eliminaci\u00f3 de material En els darrers anys, Canela ha [&hellip;]","og_url":"https:\/\/canelatools.com\/ca\/motlle-i-matriu\/","og_site_name":"Canela tools","article_modified_time":"2026-02-17T09:12:44+00:00","og_image":[{"width":1866,"height":1356,"url":"https:\/\/canelatools.com\/wp-content\/uploads\/2025\/12\/rdhw2.jpg","type":"image\/jpeg"}],"twitter_card":"summary_large_image","twitter_misc":{"Temps estimat de lectura":"2 minuts"},"schema":{"@context":"https:\/\/schema.org","@graph":[{"@type":"WebPage","@id":"https:\/\/canelatools.com\/ca\/motlle-i-matriu\/","url":"https:\/\/canelatools.com\/ca\/motlle-i-matriu\/","name":"Motlle i matriu - Canela tools","isPartOf":{"@id":"https:\/\/canelatools.com\/#website"},"primaryImageOfPage":{"@id":"https:\/\/canelatools.com\/ca\/motlle-i-matriu\/#primaryimage"},"image":{"@id":"https:\/\/canelatools.com\/ca\/motlle-i-matriu\/#primaryimage"},"thumbnailUrl":"https:\/\/canelatools.com\/wp-content\/uploads\/2025\/12\/rdhw2-1024x744.jpg","datePublished":"2025-12-01T10:44:39+00:00","dateModified":"2026-02-17T09:12:44+00:00","breadcrumb":{"@id":"https:\/\/canelatools.com\/ca\/motlle-i-matriu\/#breadcrumb"},"inLanguage":"ca","potentialAction":[{"@type":"ReadAction","target":["https:\/\/canelatools.com\/ca\/motlle-i-matriu\/"]}]},{"@type":"ImageObject","inLanguage":"ca","@id":"https:\/\/canelatools.com\/ca\/motlle-i-matriu\/#primaryimage","url":"https:\/\/canelatools.com\/wp-content\/uploads\/2025\/12\/rdhw2-1024x744.jpg","contentUrl":"https:\/\/canelatools.com\/wp-content\/uploads\/2025\/12\/rdhw2-1024x744.jpg"},{"@type":"BreadcrumbList","@id":"https:\/\/canelatools.com\/ca\/motlle-i-matriu\/#breadcrumb","itemListElement":[{"@type":"ListItem","position":1,"name":"Portada","item":"https:\/\/canelatools.com\/ca\/"},{"@type":"ListItem","position":2,"name":"Motlle i matriu"}]},{"@type":"WebSite","@id":"https:\/\/canelatools.com\/#website","url":"https:\/\/canelatools.com\/","name":"Canela tools","description":"","potentialAction":[{"@type":"SearchAction","target":{"@type":"EntryPoint","urlTemplate":"https:\/\/canelatools.com\/?s={search_term_string}"},"query-input":{"@type":"PropertyValueSpecification","valueRequired":true,"valueName":"search_term_string"}}],"inLanguage":"ca"}]}},"_links":{"self":[{"href":"https:\/\/canelatools.com\/ca\/wp-json\/wp\/v2\/pages\/4768","targetHints":{"allow":["GET"]}}],"collection":[{"href":"https:\/\/canelatools.com\/ca\/wp-json\/wp\/v2\/pages"}],"about":[{"href":"https:\/\/canelatools.com\/ca\/wp-json\/wp\/v2\/types\/page"}],"author":[{"embeddable":true,"href":"https:\/\/canelatools.com\/ca\/wp-json\/wp\/v2\/users\/1"}],"replies":[{"embeddable":true,"href":"https:\/\/canelatools.com\/ca\/wp-json\/wp\/v2\/comments?post=4768"}],"version-history":[{"count":6,"href":"https:\/\/canelatools.com\/ca\/wp-json\/wp\/v2\/pages\/4768\/revisions"}],"predecessor-version":[{"id":11170,"href":"https:\/\/canelatools.com\/ca\/wp-json\/wp\/v2\/pages\/4768\/revisions\/11170"}],"wp:attachment":[{"href":"https:\/\/canelatools.com\/ca\/wp-json\/wp\/v2\/media?parent=4768"}],"curies":[{"name":"wp","href":"https:\/\/api.w.org\/{rel}","templated":true}]}}