{"id":4784,"date":"2025-12-04T12:38:38","date_gmt":"2025-12-04T12:38:38","guid":{"rendered":"https:\/\/canelatools.com\/proteccio-de-dades\/"},"modified":"2025-12-10T10:45:14","modified_gmt":"2025-12-10T10:45:14","slug":"proteccio-de-dades","status":"publish","type":"page","link":"https:\/\/canelatools.com\/ca\/proteccio-de-dades\/","title":{"rendered":"Protecci\u00f3 de dades"},"content":{"rendered":"\t\t<div data-elementor-type=\"wp-page\" data-elementor-id=\"4784\" class=\"elementor elementor-4784 elementor-3982\" data-elementor-post-type=\"page\">\n\t\t\t\t<div class=\"elementor-element elementor-element-93680c5 e-flex e-con-boxed e-con e-parent\" data-id=\"93680c5\" data-element_type=\"container\" data-e-type=\"container\" data-settings=\"{&quot;background_background&quot;:&quot;slideshow&quot;,&quot;background_slideshow_gallery&quot;:[{&quot;id&quot;:4783,&quot;url&quot;:&quot;https:\\\/\\\/canelatools.com\\\/wp-content\\\/uploads\\\/2025\\\/12\\\/slider-proteccion-datos.jpg&quot;}],&quot;background_slideshow_loop&quot;:&quot;yes&quot;,&quot;background_slideshow_slide_duration&quot;:5000,&quot;background_slideshow_slide_transition&quot;:&quot;fade&quot;,&quot;background_slideshow_transition_duration&quot;:500}\">\n\t\t\t\t\t<div class=\"e-con-inner\">\n\t\t\t\t<div class=\"elementor-element elementor-element-d641fc3 elementor-widget elementor-widget-heading\" data-id=\"d641fc3\" data-element_type=\"widget\" data-e-type=\"widget\" data-widget_type=\"heading.default\">\n\t\t\t\t\t<h1 class=\"elementor-heading-title elementor-size-default\">Protecci\u00f3 de dades<\/h1>\t\t\t\t<\/div>\n\t\t\t\t<div class=\"elementor-element elementor-element-9353eba elementor-widget-divider--view-line elementor-widget elementor-widget-divider\" data-id=\"9353eba\" data-element_type=\"widget\" data-e-type=\"widget\" data-widget_type=\"divider.default\">\n\t\t\t\t\t\t\t<div class=\"elementor-divider\">\n\t\t\t<span class=\"elementor-divider-separator\">\n\t\t\t\t\t\t<\/span>\n\t\t<\/div>\n\t\t\t\t\t\t<\/div>\n\t\t\t\t\t<\/div>\n\t\t\t\t<\/div>\n\t\t<div class=\"elementor-element elementor-element-d8070e5 e-flex e-con-boxed e-con e-parent\" data-id=\"d8070e5\" data-element_type=\"container\" data-e-type=\"container\">\n\t\t\t\t\t<div class=\"e-con-inner\">\n\t\t\t\t<div class=\"elementor-element elementor-element-768e881 elementor-widget elementor-widget-text-editor\" data-id=\"768e881\" data-element_type=\"widget\" data-e-type=\"widget\" data-widget_type=\"text-editor.default\">\n\t\t\t\t\t\t\t\t\t<p data-start=\"241\" data-end=\"513\"><strong data-start=\"241\" data-end=\"299\">Qui \u00e9s el responsable del tractament de les seves dades?<\/strong><br data-start=\"299\" data-end=\"302\">Identitat: EINES CANELA, S.L.<br data-start=\"329\" data-end=\"332\">CIF B-08785453<br data-start=\"346\" data-end=\"349\">Dir. Postal: Pol. Ind.  Ind. Les Guixeres &#8211; Torrent de Vallmajor 98, 08915 Badalona<br data-start=\"426\" data-end=\"429\">Tel.: 933 830 162<br data-start=\"446\" data-end=\"449\">Fax.: 933 899 691<br data-start=\"466\" data-end=\"469\">Correo electr\u00f3nico:<a class=\"decorated-link cursor-pointer\" rel=\"noopener\" data-start=\"489\" data-end=\"511\"> canela@canelatools.com<\/a><\/p><p data-start=\"515\" data-end=\"611\">Podeu contactar directament amb el nostre responsable de dades a l\u2019adre\u00e7a: <a class=\"decorated-link cursor-pointer\" rel=\"noopener\" data-start=\"587\" data-end=\"609\">canela@canelatools.com<\/a><\/p><p data-start=\"613\" data-end=\"919\">El titular d\u2019aquesta p\u00e0gina web, EINES CANELA, S.L. amb CIF B-08785453 i domicili social a Pol. Ind. Les Guixeres \u2013 Torrent de Vallmajor 88, 08915 Badalona, inscrita en el R.M. de Barcelona, Tom 21910, Foli 158, Full B-28953, Inscripci\u00f3 29\u00aa, posa a disposici\u00f3 a la seva web www.canelatools.com determinats continguts de car\u00e0cter informatiu sobre les seves activitats.<\/p><p data-start=\"921\" data-end=\"1107\"><strong data-start=\"921\" data-end=\"974\">\u00bfAmb quina finalitat tractem les seves dades personals?<\/strong><br data-start=\"974\" data-end=\"977\">Les dades personals facilitades a trav\u00e9s de la p\u00e0gina web seran tractats per EINES CANELA, S.L. d\u2019acord amb les seg\u00fcents finalitats:<\/p><p data-start=\"1109\" data-end=\"1381\">Gestionar, tramitar i donar resposta a peticions, sol\u00b7licituds, incid\u00e8ncies o consultes de l\u2019usuari, quan aquest faciliti les seves dades a trav\u00e9s del formulari \u00abContacte\u00bb. Les dades de l\u2019usuari seran conservades amb aquesta finalitat fins que aquest s\u2019hi oposi o revoqui el seu consentiment. <\/p><p data-start=\"1383\" data-end=\"1656\"><strong data-start=\"1383\" data-end=\"1428\">\u00bfPer quant temps conservarem les seves dades?<\/strong><br data-start=\"1428\" data-end=\"1431\">Les dades personals proporcionades es conservaran mentre es mantingui la relaci\u00f3 comercial, mentre no es sol\u00b7liciti la seva supressi\u00f3 per part de l\u2019interessat durant un termini de 5 anys a partir de l\u2019\u00faltima confirmaci\u00f3 de les seves dades.<\/p><p data-start=\"1658\" data-end=\"2035\"><strong data-start=\"1658\" data-end=\"1720\">Quina \u00e9s la legitimaci\u00f3 per el tractament de les seves dades?<\/strong><br data-start=\"1720\" data-end=\"1723\">La base legal per el tractament de les seves dades \u00e9s la relaci\u00f3 comercial, on queda reflectida la finalitat dels mateixos i el consentiment expl\u00edcit. L\u2019oferta prospectiva de productes i serveis est\u00e0 basada en el consentiment que se li sol\u00b7licita en la resposta a l\u2019email enviat per a sol\u00b7licitud d\u2019informaci\u00f3.<\/p><p data-start=\"2037\" data-end=\"2978\"><strong data-start=\"2037\" data-end=\"2096\">Quins s\u00f3n els seus drets quan ens facilita les seves dades?<\/strong><br data-start=\"2096\" data-end=\"2099\">Qualsevol persona t\u00e9 dret a obtenir confirmaci\u00f3 sobre si a EINES CANELA, S.L. estem tractant dades personals que l\u2019incumbeixen.<br data-start=\"2225\" data-end=\"2228\">Les persones interessades tenen dret a accedir a les seves dades personals, aix\u00ed com a sol\u00b7licitar la rectificaci\u00f3 de les dades inexactes, o en el cas escaient, a sol\u00b7licitar la seva supressi\u00f3 quan, entre d\u2019altres motius, les dades ja no siguin necess\u00e0ries per a les finalitats per les quals van ser recopilats.<br data-start=\"2492\" data-end=\"2495\">En determinades circumst\u00e0ncies, els interessats podran sol\u00b7licitar la limitaci\u00f3 del tractament de les seves dades, els quals nom\u00e9s conservarem en aquest cas per a l\u2019exercici o la defensa de reclamacions. En determinades circumst\u00e0ncies, i per motius relacionats amb la seva situaci\u00f3 particular, els interessats podran oposar-se al tractament de les seves dades. EINES CANELA, S.L. deixar\u00e0 de tractar les dades, excepte per motius leg\u00edtims imperiosos, o per l\u2019exercici o la defensa de possibles reclamacions. <\/p><p data-start=\"2980\" data-end=\"3118\">Per exercir aquests drets podeu posar-vos en contacte amb <a class=\"decorated-link cursor-pointer\" rel=\"noopener\" data-start=\"3095\" data-end=\"3117\">canela@canelatools.com<\/a>.<\/p><p data-start=\"3120\" data-end=\"3302\"><strong data-start=\"3120\" data-end=\"3155\">\u00bfCom hem obtingut les seves dades?<\/strong><br data-start=\"3155\" data-end=\"3158\">Les dades personals que tractem a EINES CANELA, S.L. s\u00f3n proporcionades directament per l\u2019usuari, o en el seu defecte per el seu representant legal.<\/p><p data-start=\"3304\" data-end=\"3452\">Les categories de dades que es tracten s\u00f3n:<br data-start=\"3346\" data-end=\"3349\">\u2013 Dades d\u2019identificaci\u00f3<br data-start=\"3372\" data-end=\"3375\">\u2013 Adreces postals o electr\u00f2niques<br data-start=\"3412\" data-end=\"3415\">\u2013 Informaci\u00f3 comercial<br data-start=\"3438\" data-end=\"3441\">\u2013 Imatges<\/p>\t\t\t\t\t\t\t\t<\/div>\n\t\t\t\t\t<\/div>\n\t\t\t\t<\/div>\n\t\t\t\t<\/div>\n\t\t","protected":false},"excerpt":{"rendered":"<p>Protecci\u00f3 de dades Qui \u00e9s el responsable del tractament de les seves dades?Identitat: EINES CANELA, S.L.CIF B-08785453Dir. Postal: Pol. Ind. Ind. Les Guixeres &#8211; Torrent de Vallmajor 98, 08915 BadalonaTel.: 933 830 162Fax.: 933 899 691Correo electr\u00f3nico: canela@canelatools.com Podeu contactar directament amb el nostre responsable de dades a l\u2019adre\u00e7a: canela@canelatools.com El titular d\u2019aquesta p\u00e0gina web, [&hellip;]<\/p>\n","protected":false},"author":1,"featured_media":0,"parent":0,"menu_order":0,"comment_status":"closed","ping_status":"closed","template":"elementor_header_footer","meta":{"footnotes":""},"class_list":["post-4784","page","type-page","status-publish","hentry"],"yoast_head":"<!-- This site is optimized with the Yoast SEO plugin v27.0 - https:\/\/yoast.com\/product\/yoast-seo-wordpress\/ -->\n<title>Protecci\u00f3 de dades - Canela tools<\/title>\n<meta name=\"robots\" content=\"index, follow, max-snippet:-1, max-image-preview:large, max-video-preview:-1\" \/>\n<link rel=\"canonical\" href=\"https:\/\/canelatools.com\/ca\/proteccio-de-dades\/\" \/>\n<meta property=\"og:locale\" content=\"ca_ES\" \/>\n<meta property=\"og:type\" content=\"article\" \/>\n<meta property=\"og:title\" content=\"Protecci\u00f3 de dades - Canela tools\" \/>\n<meta property=\"og:description\" content=\"Protecci\u00f3 de dades Qui \u00e9s el responsable del tractament de les seves dades?Identitat: EINES CANELA, S.L.CIF B-08785453Dir. Postal: Pol. Ind. Ind. Les Guixeres &#8211; Torrent de Vallmajor 98, 08915 BadalonaTel.: 933 830 162Fax.: 933 899 691Correo electr\u00f3nico: canela@canelatools.com Podeu contactar directament amb el nostre responsable de dades a l\u2019adre\u00e7a: canela@canelatools.com El titular d\u2019aquesta p\u00e0gina web, [&hellip;]\" \/>\n<meta property=\"og:url\" content=\"https:\/\/canelatools.com\/ca\/proteccio-de-dades\/\" \/>\n<meta property=\"og:site_name\" content=\"Canela tools\" \/>\n<meta property=\"article:modified_time\" content=\"2025-12-10T10:45:14+00:00\" \/>\n<meta name=\"twitter:card\" content=\"summary_large_image\" \/>\n<meta name=\"twitter:label1\" content=\"Temps estimat de lectura\" \/>\n\t<meta name=\"twitter:data1\" content=\"3 minuts\" \/>\n<script type=\"application\/ld+json\" class=\"yoast-schema-graph\">{\"@context\":\"https:\/\/schema.org\",\"@graph\":[{\"@type\":\"WebPage\",\"@id\":\"https:\/\/canelatools.com\/ca\/proteccio-de-dades\/\",\"url\":\"https:\/\/canelatools.com\/ca\/proteccio-de-dades\/\",\"name\":\"Protecci\u00f3 de dades - Canela tools\",\"isPartOf\":{\"@id\":\"https:\/\/canelatools.com\/#website\"},\"datePublished\":\"2025-12-04T12:38:38+00:00\",\"dateModified\":\"2025-12-10T10:45:14+00:00\",\"breadcrumb\":{\"@id\":\"https:\/\/canelatools.com\/ca\/proteccio-de-dades\/#breadcrumb\"},\"inLanguage\":\"ca\",\"potentialAction\":[{\"@type\":\"ReadAction\",\"target\":[\"https:\/\/canelatools.com\/ca\/proteccio-de-dades\/\"]}]},{\"@type\":\"BreadcrumbList\",\"@id\":\"https:\/\/canelatools.com\/ca\/proteccio-de-dades\/#breadcrumb\",\"itemListElement\":[{\"@type\":\"ListItem\",\"position\":1,\"name\":\"Portada\",\"item\":\"https:\/\/canelatools.com\/ca\/\"},{\"@type\":\"ListItem\",\"position\":2,\"name\":\"Protecci\u00f3 de dades\"}]},{\"@type\":\"WebSite\",\"@id\":\"https:\/\/canelatools.com\/#website\",\"url\":\"https:\/\/canelatools.com\/\",\"name\":\"Canela tools\",\"description\":\"\",\"potentialAction\":[{\"@type\":\"SearchAction\",\"target\":{\"@type\":\"EntryPoint\",\"urlTemplate\":\"https:\/\/canelatools.com\/?s={search_term_string}\"},\"query-input\":{\"@type\":\"PropertyValueSpecification\",\"valueRequired\":true,\"valueName\":\"search_term_string\"}}],\"inLanguage\":\"ca\"}]}<\/script>\n<!-- \/ Yoast SEO plugin. -->","yoast_head_json":{"title":"Protecci\u00f3 de dades - Canela tools","robots":{"index":"index","follow":"follow","max-snippet":"max-snippet:-1","max-image-preview":"max-image-preview:large","max-video-preview":"max-video-preview:-1"},"canonical":"https:\/\/canelatools.com\/ca\/proteccio-de-dades\/","og_locale":"ca_ES","og_type":"article","og_title":"Protecci\u00f3 de dades - Canela tools","og_description":"Protecci\u00f3 de dades Qui \u00e9s el responsable del tractament de les seves dades?Identitat: EINES CANELA, S.L.CIF B-08785453Dir. Postal: Pol. Ind. Ind. Les Guixeres &#8211; Torrent de Vallmajor 98, 08915 BadalonaTel.: 933 830 162Fax.: 933 899 691Correo electr\u00f3nico: canela@canelatools.com Podeu contactar directament amb el nostre responsable de dades a l\u2019adre\u00e7a: canela@canelatools.com El titular d\u2019aquesta p\u00e0gina web, [&hellip;]","og_url":"https:\/\/canelatools.com\/ca\/proteccio-de-dades\/","og_site_name":"Canela tools","article_modified_time":"2025-12-10T10:45:14+00:00","twitter_card":"summary_large_image","twitter_misc":{"Temps estimat de lectura":"3 minuts"},"schema":{"@context":"https:\/\/schema.org","@graph":[{"@type":"WebPage","@id":"https:\/\/canelatools.com\/ca\/proteccio-de-dades\/","url":"https:\/\/canelatools.com\/ca\/proteccio-de-dades\/","name":"Protecci\u00f3 de dades - Canela tools","isPartOf":{"@id":"https:\/\/canelatools.com\/#website"},"datePublished":"2025-12-04T12:38:38+00:00","dateModified":"2025-12-10T10:45:14+00:00","breadcrumb":{"@id":"https:\/\/canelatools.com\/ca\/proteccio-de-dades\/#breadcrumb"},"inLanguage":"ca","potentialAction":[{"@type":"ReadAction","target":["https:\/\/canelatools.com\/ca\/proteccio-de-dades\/"]}]},{"@type":"BreadcrumbList","@id":"https:\/\/canelatools.com\/ca\/proteccio-de-dades\/#breadcrumb","itemListElement":[{"@type":"ListItem","position":1,"name":"Portada","item":"https:\/\/canelatools.com\/ca\/"},{"@type":"ListItem","position":2,"name":"Protecci\u00f3 de dades"}]},{"@type":"WebSite","@id":"https:\/\/canelatools.com\/#website","url":"https:\/\/canelatools.com\/","name":"Canela tools","description":"","potentialAction":[{"@type":"SearchAction","target":{"@type":"EntryPoint","urlTemplate":"https:\/\/canelatools.com\/?s={search_term_string}"},"query-input":{"@type":"PropertyValueSpecification","valueRequired":true,"valueName":"search_term_string"}}],"inLanguage":"ca"}]}},"_links":{"self":[{"href":"https:\/\/canelatools.com\/ca\/wp-json\/wp\/v2\/pages\/4784","targetHints":{"allow":["GET"]}}],"collection":[{"href":"https:\/\/canelatools.com\/ca\/wp-json\/wp\/v2\/pages"}],"about":[{"href":"https:\/\/canelatools.com\/ca\/wp-json\/wp\/v2\/types\/page"}],"author":[{"embeddable":true,"href":"https:\/\/canelatools.com\/ca\/wp-json\/wp\/v2\/users\/1"}],"replies":[{"embeddable":true,"href":"https:\/\/canelatools.com\/ca\/wp-json\/wp\/v2\/comments?post=4784"}],"version-history":[{"count":1,"href":"https:\/\/canelatools.com\/ca\/wp-json\/wp\/v2\/pages\/4784\/revisions"}],"predecessor-version":[{"id":4785,"href":"https:\/\/canelatools.com\/ca\/wp-json\/wp\/v2\/pages\/4784\/revisions\/4785"}],"wp:attachment":[{"href":"https:\/\/canelatools.com\/ca\/wp-json\/wp\/v2\/media?parent=4784"}],"curies":[{"name":"wp","href":"https:\/\/api.w.org\/{rel}","templated":true}]}}