{"id":4822,"date":"2025-12-04T12:40:48","date_gmt":"2025-12-04T12:40:48","guid":{"rendered":"https:\/\/canelatools.com\/termes-i-condicions\/"},"modified":"2025-12-10T12:07:01","modified_gmt":"2025-12-10T12:07:01","slug":"termes-i-condicions","status":"publish","type":"page","link":"https:\/\/canelatools.com\/ca\/termes-i-condicions\/","title":{"rendered":"Termes i condicions"},"content":{"rendered":"\t\t<div data-elementor-type=\"wp-page\" data-elementor-id=\"4822\" class=\"elementor elementor-4822 elementor-3987\" data-elementor-post-type=\"page\">\n\t\t\t\t<div class=\"elementor-element elementor-element-19f57aa e-flex e-con-boxed e-con e-parent\" data-id=\"19f57aa\" data-element_type=\"container\" data-e-type=\"container\" data-settings=\"{&quot;background_background&quot;:&quot;slideshow&quot;,&quot;background_slideshow_gallery&quot;:[{&quot;id&quot;:4821,&quot;url&quot;:&quot;https:\\\/\\\/canelatools.com\\\/wp-content\\\/uploads\\\/2025\\\/12\\\/slider-terminos-y-condiciones.jpg&quot;}],&quot;background_slideshow_loop&quot;:&quot;yes&quot;,&quot;background_slideshow_slide_duration&quot;:5000,&quot;background_slideshow_slide_transition&quot;:&quot;fade&quot;,&quot;background_slideshow_transition_duration&quot;:500}\">\n\t\t\t\t\t<div class=\"e-con-inner\">\n\t\t\t\t<div class=\"elementor-element elementor-element-7969fac elementor-widget elementor-widget-heading\" data-id=\"7969fac\" data-element_type=\"widget\" data-e-type=\"widget\" data-widget_type=\"heading.default\">\n\t\t\t\t\t<h1 class=\"elementor-heading-title elementor-size-default\">Termes i condicions<\/h1>\t\t\t\t<\/div>\n\t\t\t\t<div class=\"elementor-element elementor-element-db18cd7 elementor-widget-divider--view-line elementor-widget elementor-widget-divider\" data-id=\"db18cd7\" data-element_type=\"widget\" data-e-type=\"widget\" data-widget_type=\"divider.default\">\n\t\t\t\t\t\t\t<div class=\"elementor-divider\">\n\t\t\t<span class=\"elementor-divider-separator\">\n\t\t\t\t\t\t<\/span>\n\t\t<\/div>\n\t\t\t\t\t\t<\/div>\n\t\t\t\t\t<\/div>\n\t\t\t\t<\/div>\n\t\t<div class=\"elementor-element elementor-element-8828c3d e-flex e-con-boxed e-con e-parent\" data-id=\"8828c3d\" data-element_type=\"container\" data-e-type=\"container\">\n\t\t\t\t\t<div class=\"e-con-inner\">\n\t\t\t\t<div class=\"elementor-element elementor-element-e0a8ce9 elementor-widget elementor-widget-text-editor\" data-id=\"e0a8ce9\" data-element_type=\"widget\" data-e-type=\"widget\" data-widget_type=\"text-editor.default\">\n\t\t\t\t\t\t\t\t\t<p>Eines CANELA, S.L., inscrita al R.M. de Barcelona, Tom 21910, Foli 158, Full B-28953, Inscrip. 29\u00ba, amb NIF ESB-08785453, posa a disposici\u00f3 a la seva web <a href=\"https:\/\/www.canelatools.com\">www.canelatools.com <\/a>determinats continguts de car\u00e0cter informatiu sobre les seves activitats. <\/p><p><strong>Condicions de venda:<\/strong><br>Totes les vendes es fan d\u2019acord amb les condicions de vendes de Canela i en cap c\u00e0s s\u2019accepten les condicions de compra del client, si aquestes condicions poden implicar alg\u00fan tipus de responsabilitat per part de Canela. Les especificacions i els preus est\u00e0n subjectes a canvis sense notificaci\u00f3 pr\u00e8via. <\/p><p><strong>Garantia del producte:<\/strong><br>Eines CANELA es far\u00e0 c\u00e0rrec de la reparaci\u00f3 o reposici\u00f3 de qualsevol dels seus productes, que, al seu judici, tinguin un defecte de material o fabricaci\u00f3. Totes les reclamacions s\u2019haur\u00e0n de fer per escrit en el pla\u00e7 de trenta dies desde la recepci\u00f3 del producte. No s\u2019acceptaran reclamacions per treballs o danys. En cap cas Eines CANELA es responsabilitza per danys derivats o especials de qualsevol tipus.   <\/p><p><strong>Propietat intel\u00b7lectual:<\/strong><br>La propietat intel\u00b7lectual tant de les eines de cat\u00e0leg com de les eines especials pertany \u00fanica i exclusivament a Eines CANELA.<\/p><p><strong>Ofertes per eines especials:<\/strong><br>Les comandes d\u2019eines especials s\u2019han de confirmar per escrit abans d\u2019iniciar la producci\u00f3. Els articles especials no es poden anul\u00b7lar ni tornar per reposici\u00f3 o abonament. <\/p><p><strong>Condicions d\u2019entrega:<\/strong><br>Totes les despeses de transport anir\u00e0n a c\u00e0rrec del comprador. S\u2019haur\u00e0 d\u2019especificar quan un enviament s\u2019hagi de fer per un altre medi de transport que no sigui l\u2019habitual. <\/p><p><strong>Condicions de transport:<\/strong><br>Les reclamacions per p\u00e8rdua mitjan\u00e7ant l\u2019enviament s\u2019haur\u00e0n de fer a l\u2019ag\u00e8ncia de transport. Canela ajudar\u00e0 al client en tot el que sigui possible per trobar la mercaderia o aconseguir la indemnitzaci\u00f3 que correspongui. <\/p><p><strong>Reclamacions:<\/strong><br>Les possibles reclamacions per errors en els enviaments o defectes en les mercaderies, haur\u00e0n de fer-se per escrit en el pla\u00e7 m\u00e0xim de 15 dies des de la data d\u2019expedici\u00f3.<\/p><p><strong>Devolucions:<\/strong><br>No s\u2019acceptar\u00e0 cap devoluci\u00f3 despr\u00e9s de 30 dies desde l\u2019enviament. Totes les devolucions han d\u2019estar pagades per adelantat i han d\u2019anar acompanyades del nostre n\u00famero d\u2019autoritzaci\u00f3 per la devoluci\u00f3. Aquest n\u00famero haur\u00e0 d\u2019apar\u00e8ixer en l\u2019exterior de la caixa. El material s\u2019haur\u00e0 de rebre en bones condicions o ser\u00e0 refusat.   <\/p><p>Aquesta web cont\u00e9 informaci\u00f3 i especificacions sobre les eines de tall venudes per Eines CANELA. Tot i que algunes de les eines de tall fetes de metall durs s\u00f3n molt dures i resisteixen el trencament, la majoria s\u00f3n fr\u00e0gils i \u00e9s necessari prendre precaucions especials de seguretat quan s\u2019utilitzen.<br>Petits fragments i ferritges es poden desprendre d\u2019una eina de tall quan es produeix un trencament. Pel fet que aquests fragments o ferritges s\u00f3n expulsades a velocitats molt elevades i tamb\u00e9 el fet que estan calentes, el contacte amb la pell o els ulls pot causar ferides greus. A m\u00e9s, el rectificat d\u2019aquestes eines de tall pot produir part\u00edcules de pols de carbur i cobalt o n\u00edquel que poden ser perjudicials pels pulmons. A continuaci\u00f3 trobareu una llista amb els suggeriments per minimitzar els danys potencials de la utilitzaci\u00f3 d\u2019eines de tall.<br>Per m\u00e9s informaci\u00f3 sobre els perills del producte i les mesures de seguretat que s\u2019han de prendre per minimitzar els danys potencials mentre s\u2019utilitzen eines de tall, si us plau truquin al Departament d\u2019Atenci\u00f3 al Client d\u2019 Eines CANELA, S.L.<br>Eines CANELA no t\u00e9 el control sobre la utilitzaci\u00f3 d\u2019aquestes eines de tall. L\u2019usuari ha de determinar l\u2019ajustament d\u2019aquestes eines per a cada aplicaci\u00f3 en particular.     <\/p><p><strong>ADVERT\u00c8NCIA: Fragments de ferritges molt calentes poden desprendre\u2019s de les eines de tall a velocitats molt altes. Aquestes ferritges poden causar cremades greus, talls o punxades a la pell, o danys en els ulls. Les seg\u00fcents s\u00f3n algunes de les precaucions de seguretat els operaris i observadors han de seguir durant la utilitzaci\u00f3 d\u2019eines de tall:  <\/strong><\/p><ol><li>Assegureu-vos que la mida i la forma de la plaqueta s\u00f3n adequades per l\u2019\u00fas pel que les heu muntat.<br>El control de la ferritja \u00e9s necessari per prevenir un desprendiment continu de ferritja en la pe\u00e7a de treball.<br>3. Les ferritges estan molt calentes i tenen vores molt punxagudes, i no s\u2019han de moure a m\u00e0.<br>4. Pareu la m\u00e0quina sempre que es retirin les ferritges o quan es canvi\u00efn les eines de tall.<br>5. No utilitzeu pistoles d\u2019aire per treure la ferritja de la m\u00e0quina.<br>6. Per prevenir el trencament de l\u2019eina, utilitzeu la mida correcta de portaeines.<br>7. Assegureu-vos que el portaeines sobresurti el menys possible. Si sobresurt massa es podrien produir enganxades i el trencament de l\u2019eina.<br>8. Per evitar que l\u2019eina de treball es perdi durant la seva utilitzaci\u00f3, assegureu-vos que la pe\u00e7a est\u00e0 ben subjectada al suport.<br>9. Sobrecarregar les eines de tall de carbur de tungst\u00e8 pot causar fractures en aquestes eines.<br>10. Un tros pot desprendre\u2019s a altes velocitats mentre es treballa. <\/li><\/ol><p>Per protegir els operaris i els observadors de possibles objectes despresos que podrien resultar en ferides greus, s\u2019haurien de portar o utilitzar els seg\u00fcents articles de protecci\u00f3 mentre s\u2019utilitzen eines de tall:<\/p><ol><li>Llevar cascos duros.<br>Llevar gafas de seguridad con pantallas laterales.<br>3. Llevar zapatos cerrados con puntera de acero.<br>4. Poner la pantalla de seguridad de la m\u00e1quina a su sitio mientras se trabaje.<\/li><\/ol><p><strong>ADVERT\u00c8NCIA: El rectificat i l\u2019acabat del carbur produeix una pols fina de carbur i cobalt o n\u00edquel. Aquesta pols pot perjudicar els pulmons. Els operaris i observadors han de seguir les seg\u00fcents precaucions de seguretat per minimitzar la possibilitat d\u2019aquests danys:  <\/strong><\/p><ol><li>Utilitzeu amb ventilaci\u00f3 adequada.<br> Mantingueu els nivells de pols o baf per sota dels nivells recomanats.<br>3. Eviteu respirar pols o baf. Si no \u00e9s possible, porteu m\u00e0scares adequades, especialment quan es rectifiqui carbur de tungst\u00e8.<br>4. Minimitzeu el contacte prolongat amb la pell.<br>5. Renteu-vos amb cura les mans despr\u00e9s de la manipulaci\u00f3. <\/li><\/ol><p><strong>ADVERT\u00c8NCIA: L\u2019\u00fas de fluids de tall i materials de treball crea perills. Sigueu curosos en tot moment. <\/strong><\/p><ol><li>Mantingueu els fluids de tall nets de manera que no s\u2019hi arrossegui cap part\u00edcula a trav\u00e9s de la pe\u00e7a de treball.<br>Els fluids de tall poden incendiar-se quan s\u2019exposen a altes temperatures generades durant el proc\u00e9s de tall.<br>3. Els materials de treball com l\u2019alumini, magnesi, urani o titani s\u00f3n inflamables i es poden encendre.<br>4. Els fluids de tall s\u2019haurien de tractar o canviar per reduir els nivells bactereol\u00f2gics que poden causar malalties.<\/li><\/ol><p><strong>\u2013 ADVERT\u00c8NCIA\u2013<\/strong><\/p><p>Les informacions sobre velocitats, avan\u00e7os i qualitats s\u00f3n nom\u00e9s de refer\u00e8ncia. Si l\u2019operari no se sent segur utilitzant les velocitats, avan\u00e7os i qualitats indicades, aquest hauria d\u2019utilitzar les que li s\u00f3n c\u00f2modes. Eines CANELA S.L. no es responsabilitza de qualsevol dany o perjudici resultant de la utilitzaci\u00f3 de les velocitats, avan\u00e7os i qualitats especificades en la web.  <\/p><p>Condicions, terminis i preus estan subjectes a canvis sense previ av\u00eds.<br>Qualsevol error tipogr\u00e0fic o d\u2019altre \u00edndole estar\u00e0 subjecte a correci\u00f3.<\/p><p> <\/p>\t\t\t\t\t\t\t\t<\/div>\n\t\t\t\t\t<\/div>\n\t\t\t\t<\/div>\n\t\t\t\t<\/div>\n\t\t","protected":false},"excerpt":{"rendered":"<p>Termes i condicions Eines CANELA, S.L., inscrita al R.M. de Barcelona, Tom 21910, Foli 158, Full B-28953, Inscrip. 29\u00ba, amb NIF ESB-08785453, posa a disposici\u00f3 a la seva web www.canelatools.com determinats continguts de car\u00e0cter informatiu sobre les seves activitats. Condicions de venda:Totes les vendes es fan d\u2019acord amb les condicions de vendes de Canela i [&hellip;]<\/p>\n","protected":false},"author":1,"featured_media":0,"parent":0,"menu_order":0,"comment_status":"closed","ping_status":"closed","template":"elementor_header_footer","meta":{"footnotes":""},"class_list":["post-4822","page","type-page","status-publish","hentry"],"yoast_head":"<!-- This site is optimized with the Yoast SEO plugin v27.0 - https:\/\/yoast.com\/product\/yoast-seo-wordpress\/ -->\n<title>Termes i condicions - Canela tools<\/title>\n<meta name=\"robots\" content=\"index, follow, max-snippet:-1, max-image-preview:large, max-video-preview:-1\" \/>\n<link rel=\"canonical\" href=\"https:\/\/canelatools.com\/ca\/termes-i-condicions\/\" \/>\n<meta property=\"og:locale\" content=\"ca_ES\" \/>\n<meta property=\"og:type\" content=\"article\" \/>\n<meta property=\"og:title\" content=\"Termes i condicions - Canela tools\" \/>\n<meta property=\"og:description\" content=\"Termes i condicions Eines CANELA, S.L., inscrita al R.M. de Barcelona, Tom 21910, Foli 158, Full B-28953, Inscrip. 29\u00ba, amb NIF ESB-08785453, posa a disposici\u00f3 a la seva web www.canelatools.com determinats continguts de car\u00e0cter informatiu sobre les seves activitats. Condicions de venda:Totes les vendes es fan d\u2019acord amb les condicions de vendes de Canela i [&hellip;]\" \/>\n<meta property=\"og:url\" content=\"https:\/\/canelatools.com\/ca\/termes-i-condicions\/\" \/>\n<meta property=\"og:site_name\" content=\"Canela tools\" \/>\n<meta property=\"article:modified_time\" content=\"2025-12-10T12:07:01+00:00\" \/>\n<meta name=\"twitter:card\" content=\"summary_large_image\" \/>\n<meta name=\"twitter:label1\" content=\"Temps estimat de lectura\" \/>\n\t<meta name=\"twitter:data1\" content=\"6 minuts\" \/>\n<script type=\"application\/ld+json\" class=\"yoast-schema-graph\">{\"@context\":\"https:\/\/schema.org\",\"@graph\":[{\"@type\":\"WebPage\",\"@id\":\"https:\/\/canelatools.com\/ca\/termes-i-condicions\/\",\"url\":\"https:\/\/canelatools.com\/ca\/termes-i-condicions\/\",\"name\":\"Termes i condicions - Canela tools\",\"isPartOf\":{\"@id\":\"https:\/\/canelatools.com\/#website\"},\"datePublished\":\"2025-12-04T12:40:48+00:00\",\"dateModified\":\"2025-12-10T12:07:01+00:00\",\"breadcrumb\":{\"@id\":\"https:\/\/canelatools.com\/ca\/termes-i-condicions\/#breadcrumb\"},\"inLanguage\":\"ca\",\"potentialAction\":[{\"@type\":\"ReadAction\",\"target\":[\"https:\/\/canelatools.com\/ca\/termes-i-condicions\/\"]}]},{\"@type\":\"BreadcrumbList\",\"@id\":\"https:\/\/canelatools.com\/ca\/termes-i-condicions\/#breadcrumb\",\"itemListElement\":[{\"@type\":\"ListItem\",\"position\":1,\"name\":\"Portada\",\"item\":\"https:\/\/canelatools.com\/ca\/\"},{\"@type\":\"ListItem\",\"position\":2,\"name\":\"Termes i condicions\"}]},{\"@type\":\"WebSite\",\"@id\":\"https:\/\/canelatools.com\/#website\",\"url\":\"https:\/\/canelatools.com\/\",\"name\":\"Canela tools\",\"description\":\"\",\"potentialAction\":[{\"@type\":\"SearchAction\",\"target\":{\"@type\":\"EntryPoint\",\"urlTemplate\":\"https:\/\/canelatools.com\/?s={search_term_string}\"},\"query-input\":{\"@type\":\"PropertyValueSpecification\",\"valueRequired\":true,\"valueName\":\"search_term_string\"}}],\"inLanguage\":\"ca\"}]}<\/script>\n<!-- \/ Yoast SEO plugin. -->","yoast_head_json":{"title":"Termes i condicions - Canela tools","robots":{"index":"index","follow":"follow","max-snippet":"max-snippet:-1","max-image-preview":"max-image-preview:large","max-video-preview":"max-video-preview:-1"},"canonical":"https:\/\/canelatools.com\/ca\/termes-i-condicions\/","og_locale":"ca_ES","og_type":"article","og_title":"Termes i condicions - Canela tools","og_description":"Termes i condicions Eines CANELA, S.L., inscrita al R.M. de Barcelona, Tom 21910, Foli 158, Full B-28953, Inscrip. 29\u00ba, amb NIF ESB-08785453, posa a disposici\u00f3 a la seva web www.canelatools.com determinats continguts de car\u00e0cter informatiu sobre les seves activitats. Condicions de venda:Totes les vendes es fan d\u2019acord amb les condicions de vendes de Canela i [&hellip;]","og_url":"https:\/\/canelatools.com\/ca\/termes-i-condicions\/","og_site_name":"Canela tools","article_modified_time":"2025-12-10T12:07:01+00:00","twitter_card":"summary_large_image","twitter_misc":{"Temps estimat de lectura":"6 minuts"},"schema":{"@context":"https:\/\/schema.org","@graph":[{"@type":"WebPage","@id":"https:\/\/canelatools.com\/ca\/termes-i-condicions\/","url":"https:\/\/canelatools.com\/ca\/termes-i-condicions\/","name":"Termes i condicions - Canela tools","isPartOf":{"@id":"https:\/\/canelatools.com\/#website"},"datePublished":"2025-12-04T12:40:48+00:00","dateModified":"2025-12-10T12:07:01+00:00","breadcrumb":{"@id":"https:\/\/canelatools.com\/ca\/termes-i-condicions\/#breadcrumb"},"inLanguage":"ca","potentialAction":[{"@type":"ReadAction","target":["https:\/\/canelatools.com\/ca\/termes-i-condicions\/"]}]},{"@type":"BreadcrumbList","@id":"https:\/\/canelatools.com\/ca\/termes-i-condicions\/#breadcrumb","itemListElement":[{"@type":"ListItem","position":1,"name":"Portada","item":"https:\/\/canelatools.com\/ca\/"},{"@type":"ListItem","position":2,"name":"Termes i condicions"}]},{"@type":"WebSite","@id":"https:\/\/canelatools.com\/#website","url":"https:\/\/canelatools.com\/","name":"Canela tools","description":"","potentialAction":[{"@type":"SearchAction","target":{"@type":"EntryPoint","urlTemplate":"https:\/\/canelatools.com\/?s={search_term_string}"},"query-input":{"@type":"PropertyValueSpecification","valueRequired":true,"valueName":"search_term_string"}}],"inLanguage":"ca"}]}},"_links":{"self":[{"href":"https:\/\/canelatools.com\/ca\/wp-json\/wp\/v2\/pages\/4822","targetHints":{"allow":["GET"]}}],"collection":[{"href":"https:\/\/canelatools.com\/ca\/wp-json\/wp\/v2\/pages"}],"about":[{"href":"https:\/\/canelatools.com\/ca\/wp-json\/wp\/v2\/types\/page"}],"author":[{"embeddable":true,"href":"https:\/\/canelatools.com\/ca\/wp-json\/wp\/v2\/users\/1"}],"replies":[{"embeddable":true,"href":"https:\/\/canelatools.com\/ca\/wp-json\/wp\/v2\/comments?post=4822"}],"version-history":[{"count":2,"href":"https:\/\/canelatools.com\/ca\/wp-json\/wp\/v2\/pages\/4822\/revisions"}],"predecessor-version":[{"id":4827,"href":"https:\/\/canelatools.com\/ca\/wp-json\/wp\/v2\/pages\/4822\/revisions\/4827"}],"wp:attachment":[{"href":"https:\/\/canelatools.com\/ca\/wp-json\/wp\/v2\/media?parent=4822"}],"curies":[{"name":"wp","href":"https:\/\/api.w.org\/{rel}","templated":true}]}}