{"id":4842,"date":"2025-11-25T11:46:17","date_gmt":"2025-11-25T11:46:17","guid":{"rendered":"https:\/\/canelatools.com\/tornejat\/"},"modified":"2026-02-17T10:12:54","modified_gmt":"2026-02-17T10:12:54","slug":"tornejat","status":"publish","type":"page","link":"https:\/\/canelatools.com\/ca\/tornejat\/","title":{"rendered":"Tornejat"},"content":{"rendered":"\t\t<div data-elementor-type=\"wp-page\" data-elementor-id=\"4842\" class=\"elementor elementor-4842 elementor-567\" data-elementor-post-type=\"page\">\n\t\t\t\t<div class=\"elementor-element elementor-element-5d1719d e-flex e-con-boxed e-con e-parent\" data-id=\"5d1719d\" data-element_type=\"container\" data-e-type=\"container\" data-settings=\"{&quot;background_background&quot;:&quot;slideshow&quot;,&quot;background_slideshow_gallery&quot;:[{&quot;id&quot;:4828,&quot;url&quot;:&quot;https:\\\/\\\/canelatools.com\\\/wp-content\\\/uploads\\\/2025\\\/11\\\/slider-torneado.jpg&quot;}],&quot;background_slideshow_loop&quot;:&quot;yes&quot;,&quot;background_slideshow_slide_duration&quot;:5000,&quot;background_slideshow_slide_transition&quot;:&quot;fade&quot;,&quot;background_slideshow_transition_duration&quot;:500}\">\n\t\t\t\t\t<div class=\"e-con-inner\">\n\t\t\t\t<div class=\"elementor-element elementor-element-d1a6f1e elementor-widget elementor-widget-heading\" data-id=\"d1a6f1e\" data-element_type=\"widget\" data-e-type=\"widget\" data-widget_type=\"heading.default\">\n\t\t\t\t\t<h1 class=\"elementor-heading-title elementor-size-default\">Tornejat<\/h1>\t\t\t\t<\/div>\n\t\t\t\t<div class=\"elementor-element elementor-element-aec66f7 elementor-widget-divider--view-line elementor-widget elementor-widget-divider\" data-id=\"aec66f7\" data-element_type=\"widget\" data-e-type=\"widget\" data-widget_type=\"divider.default\">\n\t\t\t\t\t\t\t<div class=\"elementor-divider\">\n\t\t\t<span class=\"elementor-divider-separator\">\n\t\t\t\t\t\t<\/span>\n\t\t<\/div>\n\t\t\t\t\t\t<\/div>\n\t\t\t\t\t<\/div>\n\t\t\t\t<\/div>\n\t\t<div class=\"elementor-element elementor-element-3b2975a e-flex e-con-boxed e-con e-parent\" data-id=\"3b2975a\" data-element_type=\"container\" data-e-type=\"container\" data-settings=\"{&quot;background_background&quot;:&quot;classic&quot;}\">\n\t\t\t\t\t<div class=\"e-con-inner\">\n\t\t<div class=\"elementor-element elementor-element-cd51f70 e-con-full e-flex e-con e-child\" data-id=\"cd51f70\" data-element_type=\"container\" data-e-type=\"container\" data-settings=\"{&quot;background_background&quot;:&quot;classic&quot;}\">\n\t\t\t\t<div class=\"elementor-element elementor-element-dbb01d8 elementor-widget elementor-widget-heading\" data-id=\"dbb01d8\" data-element_type=\"widget\" data-e-type=\"widget\" data-widget_type=\"heading.default\">\n\t\t\t\t\t<h2 class=\"elementor-heading-title elementor-size-default\">Tornejat<\/h2>\t\t\t\t<\/div>\n\t\t\t\t<div class=\"elementor-element elementor-element-3364c40 elementor-widget-divider--view-line elementor-widget elementor-widget-divider\" data-id=\"3364c40\" data-element_type=\"widget\" data-e-type=\"widget\" data-widget_type=\"divider.default\">\n\t\t\t\t\t\t\t<div class=\"elementor-divider\">\n\t\t\t<span class=\"elementor-divider-separator\">\n\t\t\t\t\t\t<\/span>\n\t\t<\/div>\n\t\t\t\t\t\t<\/div>\n\t\t\t\t<div class=\"elementor-element elementor-element-f85208f elementor-widget elementor-widget-text-editor\" data-id=\"f85208f\" data-element_type=\"widget\" data-e-type=\"widget\" data-widget_type=\"text-editor.default\">\n\t\t\t\t\t\t\t\t\t<p>Les eines est\u00e0ndard ISO realitzen la major part del mecanitzat en la ind\u00fastria metal\u00b7l\u00fargica. Les aplicacions van des de l\u2019acabat fins al desbast. Com a prove\u00efdor de la l\u00ednia completa d\u2019eines de tall, Canela ofereix un gran ventall d\u2019eines ISO i se subministren totes les geometries est\u00e0ndard.<\/p><p>La l\u00ednia de tornejat ISO ofereix una soluci\u00f3 completa per a tota mena d\u2019aplicacions i materials, amb geometries innovadores combinades amb qualitats de plaquetes dissenyades per satisfer les demandes dels clients de cara a la vida \u00fatil i productivitat de l\u2019eina.<\/p>\t\t\t\t\t\t\t\t<\/div>\n\t\t\t\t<\/div>\n\t\t<div class=\"elementor-element elementor-element-82a4aae e-con-full e-flex e-con e-child\" data-id=\"82a4aae\" data-element_type=\"container\" data-e-type=\"container\" data-settings=\"{&quot;background_background&quot;:&quot;slideshow&quot;,&quot;background_slideshow_gallery&quot;:[{&quot;id&quot;:4829,&quot;url&quot;:&quot;https:\\\/\\\/canelatools.com\\\/wp-content\\\/uploads\\\/2025\\\/11\\\/torneado-producto-1.jpg&quot;}],&quot;background_slideshow_slide_duration&quot;:5000,&quot;background_slideshow_slide_transition&quot;:&quot;fade&quot;,&quot;background_slideshow_transition_duration&quot;:500}\">\n\t\t\t\t<\/div>\n\t\t\t\t\t<\/div>\n\t\t\t\t<\/div>\n\t\t<div class=\"elementor-element elementor-element-b095b6b e-grid e-con-boxed e-con e-parent\" data-id=\"b095b6b\" data-element_type=\"container\" data-e-type=\"container\">\n\t\t\t\t\t<div class=\"e-con-inner\">\n\t\t\t\t<div class=\"elementor-element elementor-element-0101d10 elementor-position-top elementor-widget elementor-widget-image-box\" data-id=\"0101d10\" data-element_type=\"widget\" data-e-type=\"widget\" data-widget_type=\"image-box.default\">\n\t\t\t\t\t<div class=\"elementor-image-box-wrapper\"><figure class=\"elementor-image-box-img\"><a href=\"https:\/\/canelatools-store.com\/ca\/11-turning\" tabindex=\"-1\"><img fetchpriority=\"high\" decoding=\"async\" width=\"512\" height=\"360\" src=\"https:\/\/canelatools.com\/wp-content\/uploads\/2025\/11\/plaquitas-torneado.jpg\" class=\"attachment-full size-full wp-image-4830\" alt=\"\" srcset=\"https:\/\/canelatools.com\/wp-content\/uploads\/2025\/11\/plaquitas-torneado.jpg 512w, https:\/\/canelatools.com\/wp-content\/uploads\/2025\/11\/plaquitas-torneado-300x211.jpg 300w\" sizes=\"(max-width: 512px) 100vw, 512px\" \/><\/a><\/figure><div class=\"elementor-image-box-content\"><h4 class=\"elementor-image-box-title\"><a href=\"https:\/\/canelatools-store.com\/ca\/11-turning\">Plaquetes de tornejament<\/a><\/h4><p class=\"elementor-image-box-description\">\u00c0mplia selecci\u00f3 de qualitats de tornejat general i trencaferritges. Amb plaquetes de diferents formes, mides i gruixos, aquesta \u00e0mplia gamma us permetr\u00e0 assolir els vostres objectius en termes de volum d'extracci\u00f3 de material, vida \u00fatil de l'eina i acabat superficial.<\/p><\/div><\/div>\t\t\t\t<\/div>\n\t\t\t\t<div class=\"elementor-element elementor-element-cdd5317 elementor-position-top elementor-widget elementor-widget-image-box\" data-id=\"cdd5317\" data-element_type=\"widget\" data-e-type=\"widget\" data-widget_type=\"image-box.default\">\n\t\t\t\t\t<div class=\"elementor-image-box-wrapper\"><figure class=\"elementor-image-box-img\"><a href=\"https:\/\/canelatools-store.com\/ca\/52-portaienes\" tabindex=\"-1\"><img decoding=\"async\" width=\"512\" height=\"360\" src=\"https:\/\/canelatools.com\/wp-content\/uploads\/2025\/11\/Porta-herramientas.jpg\" class=\"attachment-full size-full wp-image-4831\" alt=\"\" srcset=\"https:\/\/canelatools.com\/wp-content\/uploads\/2025\/11\/Porta-herramientas.jpg 512w, https:\/\/canelatools.com\/wp-content\/uploads\/2025\/11\/Porta-herramientas-300x211.jpg 300w\" sizes=\"(max-width: 512px) 100vw, 512px\" \/><\/a><\/figure><div class=\"elementor-image-box-content\"><h4 class=\"elementor-image-box-title\"><a href=\"https:\/\/canelatools-store.com\/ca\/52-portaienes\">Portaeines<\/a><\/h4><p class=\"elementor-image-box-description\">\u00c0mplia oferta de portaeines i barres de mandrinar La gamma de portaeines ISO i ANSI inclou una \u00e0mplia varietat de tipus, formes i mides de plaquetes, cosa que tamb\u00e9 permet triar diversos m\u00e8todes de fixaci\u00f3 i refrigeraci\u00f3.<\/p><\/div><\/div>\t\t\t\t<\/div>\n\t\t\t\t<div class=\"elementor-element elementor-element-1791d7f elementor-position-top elementor-widget elementor-widget-image-box\" data-id=\"1791d7f\" data-element_type=\"widget\" data-e-type=\"widget\" data-widget_type=\"image-box.default\">\n\t\t\t\t\t<div class=\"elementor-image-box-wrapper\"><figure class=\"elementor-image-box-img\"><a href=\"https:\/\/canelatools-store.com\/ca\/54-barres-mandrinar\" tabindex=\"-1\"><img decoding=\"async\" width=\"512\" height=\"360\" src=\"https:\/\/canelatools.com\/wp-content\/uploads\/2025\/11\/barras-mandrinar.jpg\" class=\"attachment-full size-full wp-image-4832\" alt=\"\" srcset=\"https:\/\/canelatools.com\/wp-content\/uploads\/2025\/11\/barras-mandrinar.jpg 512w, https:\/\/canelatools.com\/wp-content\/uploads\/2025\/11\/barras-mandrinar-300x211.jpg 300w\" sizes=\"(max-width: 512px) 100vw, 512px\" \/><\/a><\/figure><div class=\"elementor-image-box-content\"><h4 class=\"elementor-image-box-title\"><a href=\"https:\/\/canelatools-store.com\/ca\/54-barres-mandrinar\">Barres de mandrinar<\/a><\/h4><p class=\"elementor-image-box-description\">Sistema modular antivibratori per a barres de mandrinar, aquestes eines ofereixen un alt rendiment tant per a aplicacions de tornejat interior amb volad\u00eds llarg com per a aplicacions de mandrinat giratori.<\/p><\/div><\/div>\t\t\t\t<\/div>\n\t\t\t\t<div class=\"elementor-element elementor-element-fb9752d elementor-position-top elementor-widget elementor-widget-image-box\" data-id=\"fb9752d\" data-element_type=\"widget\" data-e-type=\"widget\" data-widget_type=\"image-box.default\">\n\t\t\t\t\t<div class=\"elementor-image-box-wrapper\"><figure class=\"elementor-image-box-img\"><a href=\"https:\/\/canelatools-store.com\/ca\/55-cartutxos-tornejat\" tabindex=\"-1\"><img loading=\"lazy\" decoding=\"async\" width=\"512\" height=\"360\" src=\"https:\/\/canelatools.com\/wp-content\/uploads\/2025\/11\/cartridges.jpg\" class=\"attachment-full size-full wp-image-4833\" alt=\"\" srcset=\"https:\/\/canelatools.com\/wp-content\/uploads\/2025\/11\/cartridges.jpg 512w, https:\/\/canelatools.com\/wp-content\/uploads\/2025\/11\/cartridges-300x211.jpg 300w\" sizes=\"(max-width: 512px) 100vw, 512px\" \/><\/a><\/figure><div class=\"elementor-image-box-content\"><h4 class=\"elementor-image-box-title\"><a href=\"https:\/\/canelatools-store.com\/ca\/55-cartutxos-tornejat\">Cartutxos<\/a><\/h4><p class=\"elementor-image-box-description\">Aquests cartutxos de tornejat inclouen reglatge radial i axial. L\u2019\u00e0mplia gamma de portaeines serveix per a una gran varietat d\u2019aplicacions i una \u00e0mplia selecci\u00f3 de tipus, formes i mides de les plaquetes.<\/p><\/div><\/div>\t\t\t\t<\/div>\n\t\t\t\t\t<\/div>\n\t\t\t\t<\/div>\n\t\t<div class=\"elementor-element elementor-element-5bed0c4 e-flex e-con-boxed e-con e-parent\" data-id=\"5bed0c4\" data-element_type=\"container\" data-e-type=\"container\" data-settings=\"{&quot;background_background&quot;:&quot;slideshow&quot;,&quot;background_slideshow_gallery&quot;:[{&quot;id&quot;:4835,&quot;url&quot;:&quot;https:\\\/\\\/canelatools.com\\\/wp-content\\\/uploads\\\/2025\\\/12\\\/banner_torneado.jpg&quot;}],&quot;background_slideshow_loop&quot;:&quot;yes&quot;,&quot;background_slideshow_slide_duration&quot;:5000,&quot;background_slideshow_slide_transition&quot;:&quot;fade&quot;,&quot;background_slideshow_transition_duration&quot;:500}\">\n\t\t\t\t\t<div class=\"e-con-inner\">\n\t\t<div class=\"elementor-element elementor-element-a7427a7 e-con-full e-flex e-con e-child\" data-id=\"a7427a7\" data-element_type=\"container\" data-e-type=\"container\">\n\t\t<div class=\"elementor-element elementor-element-1b6c494 e-con-full e-flex e-con e-child\" data-id=\"1b6c494\" data-element_type=\"container\" data-e-type=\"container\">\n\t\t\t\t<div class=\"elementor-element elementor-element-72b44fd elementor-widget elementor-widget-image\" data-id=\"72b44fd\" data-element_type=\"widget\" data-e-type=\"widget\" data-widget_type=\"image.default\">\n\t\t\t\t\t\t\t\t\t\t\t\t\t\t\t<img loading=\"lazy\" decoding=\"async\" width=\"800\" height=\"135\" src=\"https:\/\/canelatools.com\/wp-content\/uploads\/2025\/12\/SAGD_CAT-1024x173-1.png\" class=\"attachment-large size-large wp-image-6032\" alt=\"\" srcset=\"https:\/\/canelatools.com\/wp-content\/uploads\/2025\/12\/SAGD_CAT-1024x173-1.png 1024w, https:\/\/canelatools.com\/wp-content\/uploads\/2025\/12\/SAGD_CAT-1024x173-1-300x51.png 300w, https:\/\/canelatools.com\/wp-content\/uploads\/2025\/12\/SAGD_CAT-1024x173-1-768x130.png 768w\" sizes=\"(max-width: 800px) 100vw, 800px\" \/>\t\t\t\t\t\t\t\t\t\t\t\t\t\t\t<\/div>\n\t\t\t\t<div class=\"elementor-element elementor-element-056e1bd elementor-widget elementor-widget-button\" data-id=\"056e1bd\" data-element_type=\"widget\" data-e-type=\"widget\" data-widget_type=\"button.default\">\n\t\t\t\t\t\t\t\t\t\t<a class=\"elementor-button elementor-button-link elementor-size-sm\" href=\"https:\/\/canelatools.com\/ca\/sagd\/\">\n\t\t\t\t\t\t<span class=\"elementor-button-content-wrapper\">\n\t\t\t\t\t\t\t\t\t<span class=\"elementor-button-text\">Veure m\u00e9s<\/span>\n\t\t\t\t\t<\/span>\n\t\t\t\t\t<\/a>\n\t\t\t\t\t\t\t\t<\/div>\n\t\t\t\t<\/div>\n\t\t\t\t<\/div>\n\t\t\t\t\t<\/div>\n\t\t\t\t<\/div>\n\t\t\t\t<\/div>\n\t\t","protected":false},"excerpt":{"rendered":"<p>Tornejat Tornejat Les eines est\u00e0ndard ISO realitzen la major part del mecanitzat en la ind\u00fastria metal\u00b7l\u00fargica. Les aplicacions van des de l\u2019acabat fins al desbast. Com a prove\u00efdor de la l\u00ednia completa d\u2019eines de tall, Canela ofereix un gran ventall d\u2019eines ISO i se subministren totes les geometries est\u00e0ndard. La l\u00ednia de tornejat ISO ofereix [&hellip;]<\/p>\n","protected":false},"author":1,"featured_media":0,"parent":0,"menu_order":0,"comment_status":"closed","ping_status":"closed","template":"elementor_header_footer","meta":{"footnotes":""},"class_list":["post-4842","page","type-page","status-publish","hentry"],"yoast_head":"<!-- This site is optimized with the Yoast SEO plugin v27.0 - https:\/\/yoast.com\/product\/yoast-seo-wordpress\/ -->\n<title>Tornejat - Canela tools<\/title>\n<meta name=\"robots\" content=\"index, follow, max-snippet:-1, max-image-preview:large, max-video-preview:-1\" \/>\n<link rel=\"canonical\" href=\"https:\/\/canelatools.com\/ca\/tornejat\/\" \/>\n<meta property=\"og:locale\" content=\"ca_ES\" \/>\n<meta property=\"og:type\" content=\"article\" \/>\n<meta property=\"og:title\" content=\"Tornejat - Canela tools\" \/>\n<meta property=\"og:description\" content=\"Tornejat Tornejat Les eines est\u00e0ndard ISO realitzen la major part del mecanitzat en la ind\u00fastria metal\u00b7l\u00fargica. Les aplicacions van des de l\u2019acabat fins al desbast. Com a prove\u00efdor de la l\u00ednia completa d\u2019eines de tall, Canela ofereix un gran ventall d\u2019eines ISO i se subministren totes les geometries est\u00e0ndard. La l\u00ednia de tornejat ISO ofereix [&hellip;]\" \/>\n<meta property=\"og:url\" content=\"https:\/\/canelatools.com\/ca\/tornejat\/\" \/>\n<meta property=\"og:site_name\" content=\"Canela tools\" \/>\n<meta property=\"article:modified_time\" content=\"2026-02-17T10:12:54+00:00\" \/>\n<meta property=\"og:image\" content=\"https:\/\/canelatools.com\/wp-content\/uploads\/2025\/11\/plaquitas-torneado.jpg\" \/>\n\t<meta property=\"og:image:width\" content=\"512\" \/>\n\t<meta property=\"og:image:height\" content=\"360\" \/>\n\t<meta property=\"og:image:type\" content=\"image\/jpeg\" \/>\n<meta name=\"twitter:card\" content=\"summary_large_image\" \/>\n<meta name=\"twitter:label1\" content=\"Temps estimat de lectura\" \/>\n\t<meta name=\"twitter:data1\" content=\"3 minuts\" \/>\n<script type=\"application\/ld+json\" class=\"yoast-schema-graph\">{\"@context\":\"https:\/\/schema.org\",\"@graph\":[{\"@type\":\"WebPage\",\"@id\":\"https:\/\/canelatools.com\/ca\/tornejat\/\",\"url\":\"https:\/\/canelatools.com\/ca\/tornejat\/\",\"name\":\"Tornejat - Canela tools\",\"isPartOf\":{\"@id\":\"https:\/\/canelatools.com\/#website\"},\"primaryImageOfPage\":{\"@id\":\"https:\/\/canelatools.com\/ca\/tornejat\/#primaryimage\"},\"image\":{\"@id\":\"https:\/\/canelatools.com\/ca\/tornejat\/#primaryimage\"},\"thumbnailUrl\":\"https:\/\/canelatools.com\/wp-content\/uploads\/2025\/11\/plaquitas-torneado.jpg\",\"datePublished\":\"2025-11-25T11:46:17+00:00\",\"dateModified\":\"2026-02-17T10:12:54+00:00\",\"breadcrumb\":{\"@id\":\"https:\/\/canelatools.com\/ca\/tornejat\/#breadcrumb\"},\"inLanguage\":\"ca\",\"potentialAction\":[{\"@type\":\"ReadAction\",\"target\":[\"https:\/\/canelatools.com\/ca\/tornejat\/\"]}]},{\"@type\":\"ImageObject\",\"inLanguage\":\"ca\",\"@id\":\"https:\/\/canelatools.com\/ca\/tornejat\/#primaryimage\",\"url\":\"https:\/\/canelatools.com\/wp-content\/uploads\/2025\/11\/plaquitas-torneado.jpg\",\"contentUrl\":\"https:\/\/canelatools.com\/wp-content\/uploads\/2025\/11\/plaquitas-torneado.jpg\"},{\"@type\":\"BreadcrumbList\",\"@id\":\"https:\/\/canelatools.com\/ca\/tornejat\/#breadcrumb\",\"itemListElement\":[{\"@type\":\"ListItem\",\"position\":1,\"name\":\"Portada\",\"item\":\"https:\/\/canelatools.com\/ca\/\"},{\"@type\":\"ListItem\",\"position\":2,\"name\":\"Tornejat\"}]},{\"@type\":\"WebSite\",\"@id\":\"https:\/\/canelatools.com\/#website\",\"url\":\"https:\/\/canelatools.com\/\",\"name\":\"Canela tools\",\"description\":\"\",\"potentialAction\":[{\"@type\":\"SearchAction\",\"target\":{\"@type\":\"EntryPoint\",\"urlTemplate\":\"https:\/\/canelatools.com\/?s={search_term_string}\"},\"query-input\":{\"@type\":\"PropertyValueSpecification\",\"valueRequired\":true,\"valueName\":\"search_term_string\"}}],\"inLanguage\":\"ca\"}]}<\/script>\n<!-- \/ Yoast SEO plugin. -->","yoast_head_json":{"title":"Tornejat - Canela tools","robots":{"index":"index","follow":"follow","max-snippet":"max-snippet:-1","max-image-preview":"max-image-preview:large","max-video-preview":"max-video-preview:-1"},"canonical":"https:\/\/canelatools.com\/ca\/tornejat\/","og_locale":"ca_ES","og_type":"article","og_title":"Tornejat - Canela tools","og_description":"Tornejat Tornejat Les eines est\u00e0ndard ISO realitzen la major part del mecanitzat en la ind\u00fastria metal\u00b7l\u00fargica. Les aplicacions van des de l\u2019acabat fins al desbast. Com a prove\u00efdor de la l\u00ednia completa d\u2019eines de tall, Canela ofereix un gran ventall d\u2019eines ISO i se subministren totes les geometries est\u00e0ndard. La l\u00ednia de tornejat ISO ofereix [&hellip;]","og_url":"https:\/\/canelatools.com\/ca\/tornejat\/","og_site_name":"Canela tools","article_modified_time":"2026-02-17T10:12:54+00:00","og_image":[{"width":512,"height":360,"url":"https:\/\/canelatools.com\/wp-content\/uploads\/2025\/11\/plaquitas-torneado.jpg","type":"image\/jpeg"}],"twitter_card":"summary_large_image","twitter_misc":{"Temps estimat de lectura":"3 minuts"},"schema":{"@context":"https:\/\/schema.org","@graph":[{"@type":"WebPage","@id":"https:\/\/canelatools.com\/ca\/tornejat\/","url":"https:\/\/canelatools.com\/ca\/tornejat\/","name":"Tornejat - Canela tools","isPartOf":{"@id":"https:\/\/canelatools.com\/#website"},"primaryImageOfPage":{"@id":"https:\/\/canelatools.com\/ca\/tornejat\/#primaryimage"},"image":{"@id":"https:\/\/canelatools.com\/ca\/tornejat\/#primaryimage"},"thumbnailUrl":"https:\/\/canelatools.com\/wp-content\/uploads\/2025\/11\/plaquitas-torneado.jpg","datePublished":"2025-11-25T11:46:17+00:00","dateModified":"2026-02-17T10:12:54+00:00","breadcrumb":{"@id":"https:\/\/canelatools.com\/ca\/tornejat\/#breadcrumb"},"inLanguage":"ca","potentialAction":[{"@type":"ReadAction","target":["https:\/\/canelatools.com\/ca\/tornejat\/"]}]},{"@type":"ImageObject","inLanguage":"ca","@id":"https:\/\/canelatools.com\/ca\/tornejat\/#primaryimage","url":"https:\/\/canelatools.com\/wp-content\/uploads\/2025\/11\/plaquitas-torneado.jpg","contentUrl":"https:\/\/canelatools.com\/wp-content\/uploads\/2025\/11\/plaquitas-torneado.jpg"},{"@type":"BreadcrumbList","@id":"https:\/\/canelatools.com\/ca\/tornejat\/#breadcrumb","itemListElement":[{"@type":"ListItem","position":1,"name":"Portada","item":"https:\/\/canelatools.com\/ca\/"},{"@type":"ListItem","position":2,"name":"Tornejat"}]},{"@type":"WebSite","@id":"https:\/\/canelatools.com\/#website","url":"https:\/\/canelatools.com\/","name":"Canela tools","description":"","potentialAction":[{"@type":"SearchAction","target":{"@type":"EntryPoint","urlTemplate":"https:\/\/canelatools.com\/?s={search_term_string}"},"query-input":{"@type":"PropertyValueSpecification","valueRequired":true,"valueName":"search_term_string"}}],"inLanguage":"ca"}]}},"_links":{"self":[{"href":"https:\/\/canelatools.com\/ca\/wp-json\/wp\/v2\/pages\/4842","targetHints":{"allow":["GET"]}}],"collection":[{"href":"https:\/\/canelatools.com\/ca\/wp-json\/wp\/v2\/pages"}],"about":[{"href":"https:\/\/canelatools.com\/ca\/wp-json\/wp\/v2\/types\/page"}],"author":[{"embeddable":true,"href":"https:\/\/canelatools.com\/ca\/wp-json\/wp\/v2\/users\/1"}],"replies":[{"embeddable":true,"href":"https:\/\/canelatools.com\/ca\/wp-json\/wp\/v2\/comments?post=4842"}],"version-history":[{"count":34,"href":"https:\/\/canelatools.com\/ca\/wp-json\/wp\/v2\/pages\/4842\/revisions"}],"predecessor-version":[{"id":11247,"href":"https:\/\/canelatools.com\/ca\/wp-json\/wp\/v2\/pages\/4842\/revisions\/11247"}],"wp:attachment":[{"href":"https:\/\/canelatools.com\/ca\/wp-json\/wp\/v2\/media?parent=4842"}],"curies":[{"name":"wp","href":"https:\/\/api.w.org\/{rel}","templated":true}]}}