{"id":8965,"date":"2026-01-08T10:15:32","date_gmt":"2026-01-08T10:15:32","guid":{"rendered":"https:\/\/canelatools.com\/politica-de-cookies\/"},"modified":"2026-01-13T10:45:38","modified_gmt":"2026-01-13T10:45:38","slug":"politica-de-cookies","status":"publish","type":"page","link":"https:\/\/canelatools.com\/ca\/politica-de-cookies\/","title":{"rendered":"Pol\u00edtica de cookies"},"content":{"rendered":"\t\t<div data-elementor-type=\"wp-page\" data-elementor-id=\"8965\" class=\"elementor elementor-8965 elementor-8492\" data-elementor-post-type=\"page\">\n\t\t\t\t<div class=\"elementor-element elementor-element-6c4ebb0 e-flex e-con-boxed e-con e-parent\" data-id=\"6c4ebb0\" data-element_type=\"container\" data-e-type=\"container\" data-settings=\"{&quot;background_background&quot;:&quot;slideshow&quot;,&quot;background_slideshow_gallery&quot;:[{&quot;id&quot;:4783,&quot;url&quot;:&quot;https:\\\/\\\/canelatools.com\\\/wp-content\\\/uploads\\\/2025\\\/12\\\/slider-proteccion-datos.jpg&quot;}],&quot;background_slideshow_loop&quot;:&quot;yes&quot;,&quot;background_slideshow_slide_duration&quot;:5000,&quot;background_slideshow_slide_transition&quot;:&quot;fade&quot;,&quot;background_slideshow_transition_duration&quot;:500}\">\n\t\t\t\t\t<div class=\"e-con-inner\">\n\t\t\t\t<div class=\"elementor-element elementor-element-140c30c elementor-widget elementor-widget-heading\" data-id=\"140c30c\" data-element_type=\"widget\" data-e-type=\"widget\" data-widget_type=\"heading.default\">\n\t\t\t\t\t<h1 class=\"elementor-heading-title elementor-size-default\">Pol\u00edtica de cookies<\/h1>\t\t\t\t<\/div>\n\t\t\t\t<div class=\"elementor-element elementor-element-e78c513 elementor-widget-divider--view-line elementor-widget elementor-widget-divider\" data-id=\"e78c513\" data-element_type=\"widget\" data-e-type=\"widget\" data-widget_type=\"divider.default\">\n\t\t\t\t\t\t\t<div class=\"elementor-divider\">\n\t\t\t<span class=\"elementor-divider-separator\">\n\t\t\t\t\t\t<\/span>\n\t\t<\/div>\n\t\t\t\t\t\t<\/div>\n\t\t\t\t\t<\/div>\n\t\t\t\t<\/div>\n\t\t<div class=\"elementor-element elementor-element-2720fe5 e-flex e-con-boxed e-con e-parent\" data-id=\"2720fe5\" data-element_type=\"container\" data-e-type=\"container\">\n\t\t\t\t\t<div class=\"e-con-inner\">\n\t\t\t\t<div class=\"elementor-element elementor-element-0452ec7 elementor-widget elementor-widget-text-editor\" data-id=\"0452ec7\" data-element_type=\"widget\" data-e-type=\"widget\" data-widget_type=\"text-editor.default\">\n\t\t\t\t\t\t\t\t\t<strong>Sobre aquesta pol\u00edtica de cookies<\/strong>\n<div>Aquesta Pol\u00edtica de cookies explica qu\u00e8 s\u00f3n les cookies, el tipus de cookies que utilitzem, \u00e9s a dir, la informaci\u00f3 que recopilem utilitzant cookies i com s\u2019utilitza aquesta informaci\u00f3, i com controlar les prefer\u00e8ncies de cookies. Per a obtenir m\u00e9s informaci\u00f3 sobre com utilitzem, emmagatzemem i mantenim segures les seves dades personals, consultin la nostra <a href=\"https:\/\/canelatools.com\/empresa\/produccion-de-datos\/\">Pol\u00edtica de privacitat<\/a>. En qualsevol moment vost\u00e8 pot canviar o retirar el seu consentiment de la Declaraci\u00f3 de cookies en la nostra web.<\/div>\n<div><\/div>\n<div>Obtingui m\u00e9s informaci\u00f3 sobre qui som, com ens pot contactar i com processem les seves dades personals en la nostra <a href=\"https:\/\/canelatools.com\/empresa\/produccion-de-datos\/\">Pol\u00edtica de privacitat<\/a>. El seu consentiment s\u2019aplica als seg\u00fcents dominis: canelatools.com [user_consent_state]<\/div>\n<div><\/div>\n<strong>Qu\u00e8 s\u00f3n les cookies?<\/strong>\nLes cookies s\u00f3n petits arxius de text que s\u2019utilitzen per emmagatzemar petits fragments d\u2019informaci\u00f3. S\u2019emmagatzemen en el seu dispositiu quan la web es carrega en el seu navegador. Aquestes cookies ens ajuden a fer que la web funcioni correctament, a fer-la m\u00e9s segura, a brindar una millor experi\u00e8ncia d\u2019usuari i a comprendre com funciona la web i a analitzar qu\u00e8 funciona i a on necessita millorar.\n\n<strong>Com utilitzem les cookies?<\/strong>\nCom la majoria dels serveis en l\u00ednia, la nostra web utilitza cookies pr\u00f2pies i de tercers per a diversos prop\u00f2sits. Les cookies d\u2019origen s\u00f3n en la seva majoria necess\u00e0ries per tal que la web funcioni correctament i no recopilen cap de les seves dades d\u2019identificaci\u00f3 personal. Les cookies de tercers utilitzades en la nostra web s\u00f3n principalment per comprendre com funciona la web, com vost\u00e8 interactua amb la nostra web, per mantenir els nostres serveis segurs, per proporcionar anuncis que s\u00f3n rellevants per a vost\u00e8 i, en general, per oferir-li un usuari millor i millorat, per experimentar i ajudar a accelerar les seves futures interaccions amb la nostra web.\n\n<strong>Quins tipus de cookies utilitzem?<\/strong>\nEssencial: Algunes cookies s\u00f3n essencials per tal que vost\u00e8 pugui experimentar la funcionalitat completa de la nostra web. Ens permeten mantenir les sessions dels usuaris i prevenir qualsevol amena\u00e7a a la seguretat. No recopilen ni emmagatzemen cap informaci\u00f3 personal. Per exemple, aquestes cookies permeten que vost\u00e8 inici\u00ef sessi\u00f3 en el seu compte, que afegeixi productes a la seva cistella i que pagui de forma segura. Estad\u00edstiques: Aquestes cookies emmagatzemen informaci\u00f3 com per exemple la quantitat de visitants de la web, la quantitat de visitants \u00fanics, quines p\u00e0gines de la web han estat visitats, la font de la visita, etc. Aquestes dades ens ajuden a comprendre i a analitzar com de b\u00e9 funciona la web i a on necessita millorar. Marketing: La nostra web mostra anuncis. Aquestes cookies serveixen per a personalitzar els anuncis que li mostrem per tal que aquests siguin significatius per a vost\u00e8. Aquestes cookies tamb\u00e9 ens ajuden a realitzar un seguiment de la efici\u00e8ncia d\u2019aquestes campanyes publicit\u00e0ries. La informaci\u00f3 emmagatzemada en aquestes cookies tamb\u00e9 pot ser utilitzada per els prove\u00efdors d\u2019anuncis de tercers per mostrar-li tamb\u00e9 anuncis d\u2019altres webs en el navegador. Funcionals: Aquestes s\u00f3n les cookies que ajuden a certes funcionalitats no essencials en la nostra web. Aquestes funcionalitats inclouen incrustar contingut com per exemple v\u00eddeos, o b\u00e9 compartir contingut de la web en plataformes de xarxes socials. Prefer\u00e8ncies: Aquestes cookies ens ajuden a emmagatzemar la seva configuraci\u00f3 i les seves prefer\u00e8ncies de navegaci\u00f3, com per exemple les prefer\u00e8ncies d\u2019idioma, per tal que vost\u00e8 tingui una experi\u00e8ncia millor i m\u00e9s eficient en les seves futures visites a la nostra web.\n\n<strong>Com puc controlar les prefer\u00e8ncies de cookies?<\/strong>\nSi vost\u00e8 decideix canviar les seves prefer\u00e8ncies m\u00e9s tard a trav\u00e9s de la seva sessi\u00f3 de navegaci\u00f3, pot fer clic a la pestanya \u201cPol\u00edtica de privacitat i cookies\u201d a la seva pantalla. Aix\u00f2 mostrar\u00e0 l\u2019av\u00eds de consentiment un altre cop, la qual cosa li permetr\u00e0 canviar les seves prefer\u00e8ncies o retirar el seu consentiment completament. A m\u00e9s d\u2019aix\u00f2, els diferents navegadors ofereixen diferents m\u00e8todes per a bloquejar i eliminar les cookies utilitzades per les web. Vost\u00e8 pot canviar la configuraci\u00f3 del seu navegador per bloquejar\/eliminar les cookies. Per obtenir m\u00e9s informaci\u00f3 sobre com administrar i eliminar les cookies, visiti <a href=\"http:\/\/wikipedia.org\" target=\"_blank\" rel=\"noopener\">wikipedia.org<\/a>, <a href=\"http:\/\/www.allaboutcookies.org\" target=\"_blank\" rel=\"noopener\">www.allaboutcookies.org<\/a>.\t\t\t\t\t\t\t\t<\/div>\n\t\t\t\t<div class=\"elementor-element elementor-element-683b514 elementor-widget elementor-widget-text-editor\" data-id=\"683b514\" data-element_type=\"widget\" data-e-type=\"widget\" data-widget_type=\"text-editor.default\">\n\t\t\t\t\t\t\t\t\t<strong>L<\/strong><strong>a seg\u00fcent llista detalla les cookies utilitzades en la nostra web<\/strong><strong>.<\/strong>\n<div class=\"reportbox\">\n<p class=\"reporttitle\">Performance cookies<span class=\"text-success\">3<\/span><\/p>\n\n<table class=\"reporttable table\">\n<thead>\n<tr>\n<th>Cookie key<\/th>\n<th>Domain<\/th>\n<th>Path<\/th>\n<th>Cookie type<\/th>\n<th>Expiration<\/th>\n<th>Description<\/th>\n<\/tr>\n<\/thead>\n<tbody>\n<tr>\n<td data-label=\"Cookie key\">_gid\n<a class=\"morecookieinfo\" title=\"More info\" data-toggle=\"collapse\" data-target=\"#showlink3787952\" aria-expanded=\"false\" aria-controls=\"#showlink3787952\">More info<\/a><\/td>\n<td data-label=\"Domain\">.canelatools.com<\/td>\n<td data-label=\"Path\">\/<\/td>\n<td data-label=\"Cookie type\">First-party<\/td>\n<td data-label=\"Expiration\">1 day<\/td>\n<td class=\"repdesc\" data-label=\"Description\">This cookie is set by Google Analytics. It stores and update a unique value for each page visited and is used to count and track pageviews.<\/td>\n<\/tr>\n<tr class=\"firstfoundrow\">\n<td colspan=\"6\"><\/td>\n<\/tr>\n<tr>\n<td data-label=\"Cookie key\">_ga_2LHNKNG0ST\n<a class=\"morecookieinfo\" title=\"More info\" data-toggle=\"collapse\" data-target=\"#showlink3787954\" aria-expanded=\"false\" aria-controls=\"#showlink3787954\">More info<\/a><\/td>\n<td data-label=\"Domain\">.canelatools.com<\/td>\n<td data-label=\"Path\">\/<\/td>\n<td data-label=\"Cookie type\">First-party<\/td>\n<td data-label=\"Expiration\">1 year 1 month<\/td>\n<td class=\"repdesc\" data-label=\"Description\">This cookie is used by Google Analytics to persist session state.<\/td>\n<\/tr>\n<tr class=\"firstfoundrow\">\n<td colspan=\"6\"><\/td>\n<\/tr>\n<tr>\n<td data-label=\"Cookie key\">_ga\n<a class=\"morecookieinfo\" title=\"More info\" data-toggle=\"collapse\" data-target=\"#showlink3787955\" aria-expanded=\"false\" aria-controls=\"#showlink3787955\">More info<\/a><\/td>\n<td data-label=\"Domain\">.canelatools.com<\/td>\n<td data-label=\"Path\">\/<\/td>\n<td data-label=\"Cookie type\">First-party<\/td>\n<td data-label=\"Expiration\">1 year 1 month<\/td>\n<td class=\"repdesc\" data-label=\"Description\">This cookie name is associated with Google Universal Analytics &#8211; which is a significant update to Google&#8217;s more commonly used analytics service. This cookie is used to distinguish unique users by assigning a randomly generated number as a client identifier. It is included in each page request in a site and used to calculate visitor, session and campaign data for the sites analytics reports.<\/td>\n<\/tr>\n<tr class=\"firstfoundrow\">\n<td colspan=\"6\"><\/td>\n<\/tr>\n<\/tbody>\n<\/table>\n<p class=\"reporttitle\">Targeting cookies<span class=\"text-success\">3<\/span><\/p>\n\n<table class=\"reporttable table\">\n<thead>\n<tr>\n<th>Cookie key<\/th>\n<th>Domain<\/th>\n<th>Path<\/th>\n<th>Cookie type<\/th>\n<th>Expiration<\/th>\n<th>Description<\/th>\n<\/tr>\n<\/thead>\n<tbody>\n<tr>\n<td data-label=\"Cookie key\">YSC\n<a class=\"morecookieinfo\" title=\"More info\" data-toggle=\"collapse\" data-target=\"#showlink3787950\" aria-expanded=\"false\" aria-controls=\"#showlink3787950\">More info<\/a><\/td>\n<td data-label=\"Domain\">.youtube.com<\/td>\n<td data-label=\"Path\">\/<\/td>\n<td data-label=\"Cookie type\">Third-party<\/td>\n<td data-label=\"Expiration\">Session<\/td>\n<td class=\"repdesc\" data-label=\"Description\">This cookie is set by YouTube to track views of embedded videos.<\/td>\n<\/tr>\n<tr class=\"firstfoundrow\">\n<td colspan=\"6\"><\/td>\n<\/tr>\n<tr>\n<td data-label=\"Cookie key\">VISITOR_INFO1_LIVE\n<a class=\"morecookieinfo\" title=\"More info\" data-toggle=\"collapse\" data-target=\"#showlink3787951\" aria-expanded=\"false\" aria-controls=\"#showlink3787951\">More info<\/a><\/td>\n<td data-label=\"Domain\">.youtube.com<\/td>\n<td data-label=\"Path\">\/<\/td>\n<td data-label=\"Cookie type\">Third-party<\/td>\n<td data-label=\"Expiration\">6 months<\/td>\n<td class=\"repdesc\" data-label=\"Description\">This cookie is set by Youtube to keep track of user preferences for Youtube videos embedded in sites;it can also determine whether the website visitor is using the new or old version of the Youtube interface.<\/td>\n<\/tr>\n<tr class=\"firstfoundrow\">\n<td colspan=\"6\"><\/td>\n<\/tr>\n<tr>\n<td data-label=\"Cookie key\">_gat_gtag_UA_38713668_1\n<a class=\"morecookieinfo\" title=\"More info\" data-toggle=\"collapse\" data-target=\"#showlink3787953\" aria-expanded=\"false\" aria-controls=\"#showlink3787953\">More info<\/a><\/td>\n<td data-label=\"Domain\">.canelatools.com<\/td>\n<td data-label=\"Path\">\/<\/td>\n<td data-label=\"Cookie type\">First-party<\/td>\n<td data-label=\"Expiration\">51 seconds<\/td>\n<td class=\"repdesc\" data-label=\"Description\">This cookie is part of Google Analytics and is used to limit requests (throttle request rate).<\/td>\n<\/tr>\n<tr class=\"firstfoundrow\">\n<td colspan=\"6\"><\/td>\n<\/tr>\n<\/tbody>\n<\/table>\n<p class=\"reporttitle\">Unclassified cookies<span class=\"text-success\">3<\/span><\/p>\n\n<table class=\"reporttable table\">\n<thead>\n<tr>\n<th>Cookie key<\/th>\n<th>Domain<\/th>\n<th>Path<\/th>\n<th>Cookie type<\/th>\n<th>Expiration<\/th>\n<th>Description<\/th>\n<\/tr>\n<\/thead>\n<tbody>\n<tr>\n<td data-label=\"Cookie key\">cookieyes-consent\n<a class=\"morecookieinfo\" title=\"More info\" data-toggle=\"collapse\" data-target=\"#showlink3787947\" aria-expanded=\"false\" aria-controls=\"#showlink3787947\">More info<\/a><\/td>\n<td data-label=\"Domain\">canelatools.com<\/td>\n<td data-label=\"Path\">\/<\/td>\n<td data-label=\"Cookie type\">First-party<\/td>\n<td data-label=\"Expiration\">1 year<\/td>\n<td class=\"repdesc\" data-label=\"Description\"><\/td>\n<\/tr>\n<tr class=\"firstfoundrow\">\n<td colspan=\"6\"><\/td>\n<\/tr>\n<tr>\n<td data-label=\"Cookie key\">wpml_browser_redirect_test\n<a class=\"morecookieinfo\" title=\"More info\" data-toggle=\"collapse\" data-target=\"#showlink3787948\" aria-expanded=\"false\" aria-controls=\"#showlink3787948\">More info<\/a><\/td>\n<td data-label=\"Domain\">canelatools.com<\/td>\n<td data-label=\"Path\">\/<\/td>\n<td data-label=\"Cookie type\">First-party<\/td>\n<td data-label=\"Expiration\">Session<\/td>\n<td class=\"repdesc\" data-label=\"Description\"><\/td>\n<\/tr>\n<tr class=\"firstfoundrow\">\n<td colspan=\"6\"><\/td>\n<\/tr>\n<tr>\n<td data-label=\"Cookie key\">_icl_visitor_lang_js\n<a class=\"morecookieinfo\" title=\"More info\" data-toggle=\"collapse\" data-target=\"#showlink3787949\" aria-expanded=\"false\" aria-controls=\"#showlink3787949\">More info<\/a><\/td>\n<td data-label=\"Domain\">.canelatools.com<\/td>\n<td data-label=\"Path\">\/<\/td>\n<td data-label=\"Cookie type\">First-party<\/td>\n<td data-label=\"Expiration\">1 day<\/td>\n<td class=\"repdesc\" data-label=\"Description\"><\/td>\n<\/tr>\n<tr class=\"firstfoundrow\">\n<td colspan=\"6\"><\/td>\n<\/tr>\n<\/tbody>\n<\/table>\n<\/div>\n<div class=\"reportbox\">\n<p class=\"reporttitle\">Storages<span class=\"text-success\">4<\/span><\/p>\n\n<table class=\"reporttable storages table\">\n<thead>\n<tr>\n<th>Storage key<\/th>\n<th>Type<\/th>\n<th>Category<\/th>\n<\/tr>\n<\/thead>\n<tbody>\n<tr>\n<td data-label=\"Storage key\">_cltk<\/td>\n<td data-label=\"Type\">session<\/td>\n<td data-label=\"Category\">Strictly Necessary<\/td>\n<\/tr>\n<tr>\n<td data-label=\"Storage key\">lastExternalReferrerTime<\/td>\n<td data-label=\"Type\">local<\/td>\n<td data-label=\"Category\">Strictly Necessary<\/td>\n<\/tr>\n<tr>\n<td data-label=\"Storage key\">_grecaptcha<\/td>\n<td data-label=\"Type\">local<\/td>\n<td data-label=\"Category\">Strictly Necessary<\/td>\n<\/tr>\n<tr>\n<td data-label=\"Storage key\">lastExternalReferrer<\/td>\n<td data-label=\"Type\">local<\/td>\n<td data-label=\"Category\">Strictly Necessary<\/td>\n<\/tr>\n<\/tbody>\n<\/table>\n<\/div>\t\t\t\t\t\t\t\t<\/div>\n\t\t\t\t\t<\/div>\n\t\t\t\t<\/div>\n\t\t\t\t<\/div>\n\t\t","protected":false},"excerpt":{"rendered":"<p>Pol\u00edtica de cookies Sobre aquesta pol\u00edtica de cookies Aquesta Pol\u00edtica de cookies explica qu\u00e8 s\u00f3n les cookies, el tipus de cookies que utilitzem, \u00e9s a dir, la informaci\u00f3 que recopilem utilitzant cookies i com s\u2019utilitza aquesta informaci\u00f3, i com controlar les prefer\u00e8ncies de cookies. Per a obtenir m\u00e9s informaci\u00f3 sobre com utilitzem, emmagatzemem i mantenim [&hellip;]<\/p>\n","protected":false},"author":1,"featured_media":0,"parent":0,"menu_order":0,"comment_status":"closed","ping_status":"closed","template":"","meta":{"footnotes":""},"class_list":["post-8965","page","type-page","status-publish","hentry"],"yoast_head":"<!-- This site is optimized with the Yoast SEO plugin v27.0 - https:\/\/yoast.com\/product\/yoast-seo-wordpress\/ -->\n<title>Pol\u00edtica de cookies - Canela tools<\/title>\n<meta name=\"robots\" content=\"index, follow, max-snippet:-1, max-image-preview:large, max-video-preview:-1\" \/>\n<link rel=\"canonical\" href=\"https:\/\/canelatools.com\/ca\/politica-de-cookies\/\" \/>\n<meta property=\"og:locale\" content=\"ca_ES\" \/>\n<meta property=\"og:type\" content=\"article\" \/>\n<meta property=\"og:title\" content=\"Pol\u00edtica de cookies - Canela tools\" \/>\n<meta property=\"og:description\" content=\"Pol\u00edtica de cookies Sobre aquesta pol\u00edtica de cookies Aquesta Pol\u00edtica de cookies explica qu\u00e8 s\u00f3n les cookies, el tipus de cookies que utilitzem, \u00e9s a dir, la informaci\u00f3 que recopilem utilitzant cookies i com s\u2019utilitza aquesta informaci\u00f3, i com controlar les prefer\u00e8ncies de cookies. Per a obtenir m\u00e9s informaci\u00f3 sobre com utilitzem, emmagatzemem i mantenim [&hellip;]\" \/>\n<meta property=\"og:url\" content=\"https:\/\/canelatools.com\/ca\/politica-de-cookies\/\" \/>\n<meta property=\"og:site_name\" content=\"Canela tools\" \/>\n<meta property=\"article:modified_time\" content=\"2026-01-13T10:45:38+00:00\" \/>\n<meta name=\"twitter:card\" content=\"summary_large_image\" \/>\n<meta name=\"twitter:label1\" content=\"Temps estimat de lectura\" \/>\n\t<meta name=\"twitter:data1\" content=\"5 minuts\" \/>\n<script type=\"application\/ld+json\" class=\"yoast-schema-graph\">{\"@context\":\"https:\/\/schema.org\",\"@graph\":[{\"@type\":\"WebPage\",\"@id\":\"https:\/\/canelatools.com\/ca\/politica-de-cookies\/\",\"url\":\"https:\/\/canelatools.com\/ca\/politica-de-cookies\/\",\"name\":\"Pol\u00edtica de cookies - Canela tools\",\"isPartOf\":{\"@id\":\"https:\/\/canelatools.com\/#website\"},\"datePublished\":\"2026-01-08T10:15:32+00:00\",\"dateModified\":\"2026-01-13T10:45:38+00:00\",\"breadcrumb\":{\"@id\":\"https:\/\/canelatools.com\/ca\/politica-de-cookies\/#breadcrumb\"},\"inLanguage\":\"ca\",\"potentialAction\":[{\"@type\":\"ReadAction\",\"target\":[\"https:\/\/canelatools.com\/ca\/politica-de-cookies\/\"]}]},{\"@type\":\"BreadcrumbList\",\"@id\":\"https:\/\/canelatools.com\/ca\/politica-de-cookies\/#breadcrumb\",\"itemListElement\":[{\"@type\":\"ListItem\",\"position\":1,\"name\":\"Portada\",\"item\":\"https:\/\/canelatools.com\/ca\/\"},{\"@type\":\"ListItem\",\"position\":2,\"name\":\"Pol\u00edtica de cookies\"}]},{\"@type\":\"WebSite\",\"@id\":\"https:\/\/canelatools.com\/#website\",\"url\":\"https:\/\/canelatools.com\/\",\"name\":\"Canela tools\",\"description\":\"\",\"potentialAction\":[{\"@type\":\"SearchAction\",\"target\":{\"@type\":\"EntryPoint\",\"urlTemplate\":\"https:\/\/canelatools.com\/?s={search_term_string}\"},\"query-input\":{\"@type\":\"PropertyValueSpecification\",\"valueRequired\":true,\"valueName\":\"search_term_string\"}}],\"inLanguage\":\"ca\"}]}<\/script>\n<!-- \/ Yoast SEO plugin. -->","yoast_head_json":{"title":"Pol\u00edtica de cookies - Canela tools","robots":{"index":"index","follow":"follow","max-snippet":"max-snippet:-1","max-image-preview":"max-image-preview:large","max-video-preview":"max-video-preview:-1"},"canonical":"https:\/\/canelatools.com\/ca\/politica-de-cookies\/","og_locale":"ca_ES","og_type":"article","og_title":"Pol\u00edtica de cookies - Canela tools","og_description":"Pol\u00edtica de cookies Sobre aquesta pol\u00edtica de cookies Aquesta Pol\u00edtica de cookies explica qu\u00e8 s\u00f3n les cookies, el tipus de cookies que utilitzem, \u00e9s a dir, la informaci\u00f3 que recopilem utilitzant cookies i com s\u2019utilitza aquesta informaci\u00f3, i com controlar les prefer\u00e8ncies de cookies. Per a obtenir m\u00e9s informaci\u00f3 sobre com utilitzem, emmagatzemem i mantenim [&hellip;]","og_url":"https:\/\/canelatools.com\/ca\/politica-de-cookies\/","og_site_name":"Canela tools","article_modified_time":"2026-01-13T10:45:38+00:00","twitter_card":"summary_large_image","twitter_misc":{"Temps estimat de lectura":"5 minuts"},"schema":{"@context":"https:\/\/schema.org","@graph":[{"@type":"WebPage","@id":"https:\/\/canelatools.com\/ca\/politica-de-cookies\/","url":"https:\/\/canelatools.com\/ca\/politica-de-cookies\/","name":"Pol\u00edtica de cookies - Canela tools","isPartOf":{"@id":"https:\/\/canelatools.com\/#website"},"datePublished":"2026-01-08T10:15:32+00:00","dateModified":"2026-01-13T10:45:38+00:00","breadcrumb":{"@id":"https:\/\/canelatools.com\/ca\/politica-de-cookies\/#breadcrumb"},"inLanguage":"ca","potentialAction":[{"@type":"ReadAction","target":["https:\/\/canelatools.com\/ca\/politica-de-cookies\/"]}]},{"@type":"BreadcrumbList","@id":"https:\/\/canelatools.com\/ca\/politica-de-cookies\/#breadcrumb","itemListElement":[{"@type":"ListItem","position":1,"name":"Portada","item":"https:\/\/canelatools.com\/ca\/"},{"@type":"ListItem","position":2,"name":"Pol\u00edtica de cookies"}]},{"@type":"WebSite","@id":"https:\/\/canelatools.com\/#website","url":"https:\/\/canelatools.com\/","name":"Canela tools","description":"","potentialAction":[{"@type":"SearchAction","target":{"@type":"EntryPoint","urlTemplate":"https:\/\/canelatools.com\/?s={search_term_string}"},"query-input":{"@type":"PropertyValueSpecification","valueRequired":true,"valueName":"search_term_string"}}],"inLanguage":"ca"}]}},"_links":{"self":[{"href":"https:\/\/canelatools.com\/ca\/wp-json\/wp\/v2\/pages\/8965","targetHints":{"allow":["GET"]}}],"collection":[{"href":"https:\/\/canelatools.com\/ca\/wp-json\/wp\/v2\/pages"}],"about":[{"href":"https:\/\/canelatools.com\/ca\/wp-json\/wp\/v2\/types\/page"}],"author":[{"embeddable":true,"href":"https:\/\/canelatools.com\/ca\/wp-json\/wp\/v2\/users\/1"}],"replies":[{"embeddable":true,"href":"https:\/\/canelatools.com\/ca\/wp-json\/wp\/v2\/comments?post=8965"}],"version-history":[{"count":4,"href":"https:\/\/canelatools.com\/ca\/wp-json\/wp\/v2\/pages\/8965\/revisions"}],"predecessor-version":[{"id":8979,"href":"https:\/\/canelatools.com\/ca\/wp-json\/wp\/v2\/pages\/8965\/revisions\/8979"}],"wp:attachment":[{"href":"https:\/\/canelatools.com\/ca\/wp-json\/wp\/v2\/media?parent=8965"}],"curies":[{"name":"wp","href":"https:\/\/api.w.org\/{rel}","templated":true}]}}