{"id":5331,"date":"2025-11-27T12:59:34","date_gmt":"2025-11-27T12:59:34","guid":{"rendered":"https:\/\/canelatools.com\/luft-und-raumfahrt\/"},"modified":"2026-02-11T16:35:34","modified_gmt":"2026-02-11T16:35:34","slug":"luft-und-raumfahrt","status":"publish","type":"page","link":"https:\/\/canelatools.com\/de\/luft-und-raumfahrt\/","title":{"rendered":"Luft- und Raumfahrt"},"content":{"rendered":"\t\t<div data-elementor-type=\"wp-page\" data-elementor-id=\"5331\" class=\"elementor elementor-5331 elementor-1587\" data-elementor-post-type=\"page\">\n\t\t\t\t<div class=\"elementor-element elementor-element-1001626 e-flex e-con-boxed e-con e-parent\" data-id=\"1001626\" data-element_type=\"container\" data-e-type=\"container\" data-settings=\"{&quot;background_background&quot;:&quot;slideshow&quot;,&quot;background_slideshow_gallery&quot;:[{&quot;id&quot;:5327,&quot;url&quot;:&quot;https:\\\/\\\/canelatools.com\\\/wp-content\\\/uploads\\\/2025\\\/11\\\/aeroespacial-scaled.jpg&quot;}],&quot;background_slideshow_loop&quot;:&quot;yes&quot;,&quot;background_slideshow_slide_duration&quot;:5000,&quot;background_slideshow_slide_transition&quot;:&quot;fade&quot;,&quot;background_slideshow_transition_duration&quot;:500}\">\n\t\t\t\t\t<div class=\"e-con-inner\">\n\t\t\t\t<div class=\"elementor-element elementor-element-15da871 elementor-widget elementor-widget-heading\" data-id=\"15da871\" data-element_type=\"widget\" data-e-type=\"widget\" data-widget_type=\"heading.default\">\n\t\t\t\t\t<h1 class=\"elementor-heading-title elementor-size-default\">Luft- und Raumfahrt<\/h1>\t\t\t\t<\/div>\n\t\t\t\t<div class=\"elementor-element elementor-element-bbc0fb7 elementor-widget-divider--view-line elementor-widget elementor-widget-divider\" data-id=\"bbc0fb7\" data-element_type=\"widget\" data-e-type=\"widget\" data-widget_type=\"divider.default\">\n\t\t\t\t\t\t\t<div class=\"elementor-divider\">\n\t\t\t<span class=\"elementor-divider-separator\">\n\t\t\t\t\t\t<\/span>\n\t\t<\/div>\n\t\t\t\t\t\t<\/div>\n\t\t\t\t\t<\/div>\n\t\t\t\t<\/div>\n\t\t<div class=\"elementor-element elementor-element-f683eff e-flex e-con-boxed e-con e-parent\" data-id=\"f683eff\" data-element_type=\"container\" data-e-type=\"container\" data-settings=\"{&quot;background_background&quot;:&quot;classic&quot;}\">\n\t\t\t\t\t<div class=\"e-con-inner\">\n\t\t<div class=\"elementor-element elementor-element-542d757 e-con-full e-flex e-con e-child\" data-id=\"542d757\" data-element_type=\"container\" data-e-type=\"container\">\n\t\t\t\t<div class=\"elementor-element elementor-element-4de563f elementor-widget elementor-widget-text-editor\" data-id=\"4de563f\" data-element_type=\"widget\" data-e-type=\"widget\" data-widget_type=\"text-editor.default\">\n\t\t\t\t\t\t\t\t\t<p>Die Werkstoffe und Produktionstechnologien in der Luft- und Raumfahrtindustrie \u00e4ndern sich schnell und kontinuierlich. Die Verwendung von schwer zu zerspanenden Materialien wie Titan und mit Kohlenstofffaser verst\u00e4rktem Kunststoff hat aufgrund der Anforderungen der Industrie an die Gewichtsreduzierung ebenso zugenommen wie die Verwendung von Aluminiumlegierungen. <\/p><p>Canela arbeitet eng mit den Kunden zusammen, um Werkzeuge zu liefern, die strenge Anforderungen und hohe Sicherheitsstandards erf\u00fcllen. Dabei werden wesentlich h\u00f6here Geschwindigkeiten und Vorsch\u00fcbe sowie eine h\u00f6here verf\u00fcgbare Leistung erreicht, um gleichbleibende Ergebnisse und eine l\u00e4ngere Lebensdauer der Werkzeuge zu erzielen.<\/p>\t\t\t\t\t\t\t\t<\/div>\n\t\t\t\t<\/div>\n\t\t\t\t\t<\/div>\n\t\t\t\t<\/div>\n\t\t<div class=\"elementor-element elementor-element-e45c73d e-flex e-con-boxed e-con e-parent\" data-id=\"e45c73d\" data-element_type=\"container\" data-e-type=\"container\">\n\t\t\t\t\t<div class=\"e-con-inner\">\n\t\t\t\t<div class=\"elementor-element elementor-element-b928a0b elementor-widget elementor-widget-button\" data-id=\"b928a0b\" data-element_type=\"widget\" data-e-type=\"widget\" data-widget_type=\"button.default\">\n\t\t\t\t\t\t\t\t\t\t<a class=\"elementor-button elementor-button-link elementor-size-sm\" href=\"#\">\n\t\t\t\t\t\t<span class=\"elementor-button-content-wrapper\">\n\t\t\t\t\t\t\t\t\t<span class=\"elementor-button-text\">Aluminium<\/span>\n\t\t\t\t\t<\/span>\n\t\t\t\t\t<\/a>\n\t\t\t\t\t\t\t\t<\/div>\n\t\t\t\t\t<\/div>\n\t\t\t\t<\/div>\n\t\t<div class=\"elementor-element elementor-element-68024a3 e-flex e-con-boxed e-con e-parent\" data-id=\"68024a3\" data-element_type=\"container\" data-e-type=\"container\">\n\t\t\t\t\t<div class=\"e-con-inner\">\n\t\t<div class=\"elementor-element elementor-element-b668b43 e-con-full e-flex e-con e-child\" data-id=\"b668b43\" data-element_type=\"container\" data-e-type=\"container\">\n\t\t\t\t<div class=\"elementor-element elementor-element-809f819 elementor-widget elementor-widget-text-editor\" data-id=\"809f819\" data-element_type=\"widget\" data-e-type=\"widget\" data-widget_type=\"text-editor.default\">\n\t\t\t\t\t\t\t\t\t<p>In der Luft- und Raumfahrt m\u00fcssen Bearbeitungsunternehmen Teile mit hoher Pr\u00e4zision, Genauigkeit und Geschwindigkeit liefern. Jedes Bauteil eines Flugzeugs mu\u00df die richtigen Abmessungen haben und gleichzeitig dazu beitragen, das Gewicht des Flugzeugs zu verringern und die neuesten Normen f\u00fcr Haltbarkeit und Sicherheit zu erf\u00fcllen. <\/p><p>Canela hat L\u00f6sungen entwickelt, um der wachsenden Nachfrage nach verbesserten Bearbeitungsl\u00f6sungen f\u00fcr Luft- und Raumfahrtteile gerecht zu werden. Diese L\u00f6sungen verschaffen unseren Kunden enorme Wettbewerbsvorteile bei der Herstellung hochwertiger Teile mit hoher Genauigkeit, reduzierten Zykluszeiten und optimalen Kosten pro Teil. <\/p>\t\t\t\t\t\t\t\t<\/div>\n\t\t\t\t<\/div>\n\t\t<div class=\"elementor-element elementor-element-257547f e-con-full e-flex e-con e-child\" data-id=\"257547f\" data-element_type=\"container\" data-e-type=\"container\">\n\t\t\t\t<div class=\"elementor-element elementor-element-f5d61c0 elementor-widget elementor-widget-text-editor\" data-id=\"f5d61c0\" data-element_type=\"widget\" data-e-type=\"widget\" data-widget_type=\"text-editor.default\">\n\t\t\t\t\t\t\t\t\t<p>Unsere langj\u00e4hrige Erfahrung in der Bereitstellung wettbewerbsf\u00e4higer Bearbeitungsl\u00f6sungen f\u00fcr die Luft- und Raumfahrt sowie unsere innovativen F\u00e4higkeiten und unser Bestreben, unsere L\u00f6sungen st\u00e4ndig zu verbessern, sind die Gr\u00fcnde, warum dies m\u00f6glich ist. Erfahren Sie, wie Sie mit Canela bei der Bearbeitung von Teilen f\u00fcr die Luft- und Raumfahrt sowohl Zeit als auch Ressourcen einsparen k\u00f6nnen. <br><br>In der Luft- und Raumfahrt werden leichte, widerstandsf\u00e4hige Materialien verwendet. Sie verringern das Gewicht des Flugzeugs, verbessern den Kraftstoffverbrauch und sorgen f\u00fcr Sicherheit. F\u00fcr diese Teile werden sowohl Aluminium als auch Titan verwendet.  <\/p>\t\t\t\t\t\t\t\t<\/div>\n\t\t\t\t<\/div>\n\t\t\t\t\t<\/div>\n\t\t\t\t<\/div>\n\t\t<div class=\"elementor-element elementor-element-f9452a5 e-flex e-con-boxed e-con e-parent\" data-id=\"f9452a5\" data-element_type=\"container\" data-e-type=\"container\" data-settings=\"{&quot;background_background&quot;:&quot;slideshow&quot;,&quot;background_slideshow_gallery&quot;:[],&quot;background_slideshow_loop&quot;:&quot;yes&quot;,&quot;background_slideshow_slide_duration&quot;:5000,&quot;background_slideshow_slide_transition&quot;:&quot;fade&quot;,&quot;background_slideshow_transition_duration&quot;:500}\">\n\t\t\t\t\t<div class=\"e-con-inner\">\n\t\t\t\t<div class=\"elementor-element elementor-element-af732c7 elementor-widget elementor-widget-image\" data-id=\"af732c7\" data-element_type=\"widget\" data-e-type=\"widget\" data-widget_type=\"image.default\">\n\t\t\t\t\t\t\t\t\t\t\t\t\t\t\t<img fetchpriority=\"high\" decoding=\"async\" width=\"1222\" height=\"469\" src=\"https:\/\/canelatools.com\/wp-content\/uploads\/2026\/02\/aluminium-1.jpg\" class=\"attachment-full size-full wp-image-11054\" alt=\"\" srcset=\"https:\/\/canelatools.com\/wp-content\/uploads\/2026\/02\/aluminium-1.jpg 1222w, https:\/\/canelatools.com\/wp-content\/uploads\/2026\/02\/aluminium-1-300x115.jpg 300w, https:\/\/canelatools.com\/wp-content\/uploads\/2026\/02\/aluminium-1-1024x393.jpg 1024w, https:\/\/canelatools.com\/wp-content\/uploads\/2026\/02\/aluminium-1-768x295.jpg 768w\" sizes=\"(max-width: 1222px) 100vw, 1222px\" \/>\t\t\t\t\t\t\t\t\t\t\t\t\t\t\t<\/div>\n\t\t\t\t\t<\/div>\n\t\t\t\t<\/div>\n\t\t<div class=\"elementor-element elementor-element-ee1d42c e-flex e-con-boxed e-con e-parent\" data-id=\"ee1d42c\" data-element_type=\"container\" data-e-type=\"container\">\n\t\t\t\t\t<div class=\"e-con-inner\">\n\t\t<div class=\"elementor-element elementor-element-a98a068 e-con-full e-flex e-con e-child\" data-id=\"a98a068\" data-element_type=\"container\" data-e-type=\"container\">\n\t\t\t\t<div class=\"elementor-element elementor-element-f0a5e45 elementor-widget elementor-widget-button\" data-id=\"f0a5e45\" data-element_type=\"widget\" data-e-type=\"widget\" data-widget_type=\"button.default\">\n\t\t\t\t\t\t\t\t\t\t<a class=\"elementor-button elementor-button-link elementor-size-sm\" href=\"#\">\n\t\t\t\t\t\t<span class=\"elementor-button-content-wrapper\">\n\t\t\t\t\t\t\t\t\t<span class=\"elementor-button-text\">Keramik<\/span>\n\t\t\t\t\t<\/span>\n\t\t\t\t\t<\/a>\n\t\t\t\t\t\t\t\t<\/div>\n\t\t\t\t<\/div>\n\t\t<div class=\"elementor-element elementor-element-0666e0f e-con-full e-flex e-con e-child\" data-id=\"0666e0f\" data-element_type=\"container\" data-e-type=\"container\">\n\t\t\t\t<div class=\"elementor-element elementor-element-bb36c16 elementor-widget elementor-widget-text-editor\" data-id=\"bb36c16\" data-element_type=\"widget\" data-e-type=\"widget\" data-widget_type=\"text-editor.default\">\n\t\t\t\t\t\t\t\t\t<ul><li>SiAION.<\/li><li>Beseitigt die Beschr\u00e4nkungen traditioneller Keramiken.<\/li><li>Kerben in der Schnitttiefe sind f\u00fcr SiAlON-Keramiken keine Einschr\u00e4nkung mehr. Bei starker Kerbwirkung, vor allem bei Schruppschnitten, werden z\u00e4here Keramiksorten verwendet. SiAlON-Keramik weist eine wesentlich h\u00f6here Temperaturwechselbest\u00e4ndigkeit auf als herk\u00f6mmliche Keramiken.  <\/li><li>Sonderanfertigungen.<\/li><\/ul>\t\t\t\t\t\t\t\t<\/div>\n\t\t\t\t<\/div>\n\t\t\t\t\t<\/div>\n\t\t\t\t<\/div>\n\t\t<div class=\"elementor-element elementor-element-da35173 e-flex e-con-boxed e-con e-parent\" data-id=\"da35173\" data-element_type=\"container\" data-e-type=\"container\">\n\t\t\t\t\t<div class=\"e-con-inner\">\n\t\t<div class=\"elementor-element elementor-element-bc6e460 e-con-full e-flex e-con e-child\" data-id=\"bc6e460\" data-element_type=\"container\" data-e-type=\"container\">\n\t\t\t\t<div class=\"elementor-element elementor-element-03ccabd elementor-widget elementor-widget-image\" data-id=\"03ccabd\" data-element_type=\"widget\" data-e-type=\"widget\" data-widget_type=\"image.default\">\n\t\t\t\t\t\t\t\t\t\t\t\t\t\t\t<img decoding=\"async\" width=\"633\" height=\"669\" src=\"https:\/\/canelatools.com\/wp-content\/uploads\/2025\/11\/turbina2.jpg\" class=\"attachment-large size-large wp-image-5329\" alt=\"\" srcset=\"https:\/\/canelatools.com\/wp-content\/uploads\/2025\/11\/turbina2.jpg 633w, https:\/\/canelatools.com\/wp-content\/uploads\/2025\/11\/turbina2-284x300.jpg 284w\" sizes=\"(max-width: 633px) 100vw, 633px\" \/>\t\t\t\t\t\t\t\t\t\t\t\t\t\t\t<\/div>\n\t\t\t\t<\/div>\n\t\t<div class=\"elementor-element elementor-element-c8caab5 e-con-full e-flex e-con e-child\" data-id=\"c8caab5\" data-element_type=\"container\" data-e-type=\"container\">\n\t\t\t\t<div class=\"elementor-element elementor-element-5b15113 elementor-widget elementor-widget-image\" data-id=\"5b15113\" data-element_type=\"widget\" data-e-type=\"widget\" data-widget_type=\"image.default\">\n\t\t\t\t\t\t\t\t\t\t\t\t\t\t\t<img decoding=\"async\" width=\"800\" height=\"451\" src=\"https:\/\/canelatools.com\/wp-content\/uploads\/2025\/11\/mits1-1-1024x577.jpg\" class=\"attachment-large size-large wp-image-5330\" alt=\"\" srcset=\"https:\/\/canelatools.com\/wp-content\/uploads\/2025\/11\/mits1-1-1024x577.jpg 1024w, https:\/\/canelatools.com\/wp-content\/uploads\/2025\/11\/mits1-1-300x169.jpg 300w, https:\/\/canelatools.com\/wp-content\/uploads\/2025\/11\/mits1-1-768x433.jpg 768w, https:\/\/canelatools.com\/wp-content\/uploads\/2025\/11\/mits1-1-1536x865.jpg 1536w, https:\/\/canelatools.com\/wp-content\/uploads\/2025\/11\/mits1-1-2048x1153.jpg 2048w\" sizes=\"(max-width: 800px) 100vw, 800px\" \/>\t\t\t\t\t\t\t\t\t\t\t\t\t\t\t<\/div>\n\t\t\t\t<\/div>\n\t\t\t\t\t<\/div>\n\t\t\t\t<\/div>\n\t\t<div class=\"elementor-element elementor-element-56b6bcd e-flex e-con-boxed e-con e-parent\" data-id=\"56b6bcd\" data-element_type=\"container\" data-e-type=\"container\" data-settings=\"{&quot;background_background&quot;:&quot;classic&quot;}\">\n\t\t\t\t\t<div class=\"e-con-inner\">\n\t\t\t\t<div class=\"elementor-element elementor-element-9c4c42e elementor-widget elementor-widget-text-editor\" data-id=\"9c4c42e\" data-element_type=\"widget\" data-e-type=\"widget\" data-widget_type=\"text-editor.default\">\n\t\t\t\t\t\t\t\t\t<p><span data-teams=\"true\">Von der Handskizze zum Pr\u00e4zisionsprodukt! Als Werkzeuglieferant und -entwickler gehen wir auf die speziellen Werkzeuganforderungen unserer Kunden aus der Luft- und Raumfahrt ein und bauen diese als Sonderanfertigungen nach Kundenvorgaben und unserem Knowhow. <\/span><\/p>\t\t\t\t\t\t\t\t<\/div>\n\t\t\t\t\t<\/div>\n\t\t\t\t<\/div>\n\t\t\t\t<\/div>\n\t\t","protected":false},"excerpt":{"rendered":"<p>Luft- und Raumfahrt Die Werkstoffe und Produktionstechnologien in der Luft- und Raumfahrtindustrie \u00e4ndern sich schnell und kontinuierlich. Die Verwendung von schwer zu zerspanenden Materialien wie Titan und mit Kohlenstofffaser verst\u00e4rktem Kunststoff hat aufgrund der Anforderungen der Industrie an die Gewichtsreduzierung ebenso zugenommen wie die Verwendung von Aluminiumlegierungen. Canela arbeitet eng mit den Kunden zusammen, um [&hellip;]<\/p>\n","protected":false},"author":1,"featured_media":0,"parent":0,"menu_order":0,"comment_status":"closed","ping_status":"closed","template":"elementor_header_footer","meta":{"footnotes":""},"class_list":["post-5331","page","type-page","status-publish","hentry"],"yoast_head":"<!-- This site is optimized with the Yoast SEO plugin v27.0 - https:\/\/yoast.com\/product\/yoast-seo-wordpress\/ -->\n<title>Luft- und Raumfahrt - Canela tools<\/title>\n<meta name=\"robots\" content=\"index, follow, max-snippet:-1, max-image-preview:large, max-video-preview:-1\" \/>\n<link rel=\"canonical\" href=\"https:\/\/canelatools.com\/de\/luft-und-raumfahrt\/\" \/>\n<meta property=\"og:locale\" content=\"de_DE\" \/>\n<meta property=\"og:type\" content=\"article\" \/>\n<meta property=\"og:title\" content=\"Luft- und Raumfahrt - Canela tools\" \/>\n<meta property=\"og:description\" content=\"Luft- und Raumfahrt Die Werkstoffe und Produktionstechnologien in der Luft- und Raumfahrtindustrie \u00e4ndern sich schnell und kontinuierlich. Die Verwendung von schwer zu zerspanenden Materialien wie Titan und mit Kohlenstofffaser verst\u00e4rktem Kunststoff hat aufgrund der Anforderungen der Industrie an die Gewichtsreduzierung ebenso zugenommen wie die Verwendung von Aluminiumlegierungen. Canela arbeitet eng mit den Kunden zusammen, um [&hellip;]\" \/>\n<meta property=\"og:url\" content=\"https:\/\/canelatools.com\/de\/luft-und-raumfahrt\/\" \/>\n<meta property=\"og:site_name\" content=\"Canela tools\" \/>\n<meta property=\"article:modified_time\" content=\"2026-02-11T16:35:34+00:00\" \/>\n<meta property=\"og:image\" content=\"https:\/\/canelatools.com\/wp-content\/uploads\/2026\/02\/aluminium-1.jpg\" \/>\n\t<meta property=\"og:image:width\" content=\"1222\" \/>\n\t<meta property=\"og:image:height\" content=\"469\" \/>\n\t<meta property=\"og:image:type\" content=\"image\/jpeg\" \/>\n<meta name=\"twitter:card\" content=\"summary_large_image\" \/>\n<meta name=\"twitter:label1\" content=\"Gesch\u00e4tzte Lesezeit\" \/>\n\t<meta name=\"twitter:data1\" content=\"2\u00a0Minuten\" \/>\n<script type=\"application\/ld+json\" class=\"yoast-schema-graph\">{\"@context\":\"https:\/\/schema.org\",\"@graph\":[{\"@type\":\"WebPage\",\"@id\":\"https:\/\/canelatools.com\/de\/luft-und-raumfahrt\/\",\"url\":\"https:\/\/canelatools.com\/de\/luft-und-raumfahrt\/\",\"name\":\"Luft- und Raumfahrt - Canela tools\",\"isPartOf\":{\"@id\":\"https:\/\/canelatools.com\/#website\"},\"primaryImageOfPage\":{\"@id\":\"https:\/\/canelatools.com\/de\/luft-und-raumfahrt\/#primaryimage\"},\"image\":{\"@id\":\"https:\/\/canelatools.com\/de\/luft-und-raumfahrt\/#primaryimage\"},\"thumbnailUrl\":\"https:\/\/canelatools.com\/wp-content\/uploads\/2026\/02\/aluminium-1.jpg\",\"datePublished\":\"2025-11-27T12:59:34+00:00\",\"dateModified\":\"2026-02-11T16:35:34+00:00\",\"breadcrumb\":{\"@id\":\"https:\/\/canelatools.com\/de\/luft-und-raumfahrt\/#breadcrumb\"},\"inLanguage\":\"de\",\"potentialAction\":[{\"@type\":\"ReadAction\",\"target\":[\"https:\/\/canelatools.com\/de\/luft-und-raumfahrt\/\"]}]},{\"@type\":\"ImageObject\",\"inLanguage\":\"de\",\"@id\":\"https:\/\/canelatools.com\/de\/luft-und-raumfahrt\/#primaryimage\",\"url\":\"https:\/\/canelatools.com\/wp-content\/uploads\/2026\/02\/aluminium-1.jpg\",\"contentUrl\":\"https:\/\/canelatools.com\/wp-content\/uploads\/2026\/02\/aluminium-1.jpg\"},{\"@type\":\"BreadcrumbList\",\"@id\":\"https:\/\/canelatools.com\/de\/luft-und-raumfahrt\/#breadcrumb\",\"itemListElement\":[{\"@type\":\"ListItem\",\"position\":1,\"name\":\"Portada\",\"item\":\"https:\/\/canelatools.com\/\"},{\"@type\":\"ListItem\",\"position\":2,\"name\":\"Luft- und Raumfahrt\"}]},{\"@type\":\"WebSite\",\"@id\":\"https:\/\/canelatools.com\/#website\",\"url\":\"https:\/\/canelatools.com\/\",\"name\":\"Canela tools\",\"description\":\"\",\"potentialAction\":[{\"@type\":\"SearchAction\",\"target\":{\"@type\":\"EntryPoint\",\"urlTemplate\":\"https:\/\/canelatools.com\/?s={search_term_string}\"},\"query-input\":{\"@type\":\"PropertyValueSpecification\",\"valueRequired\":true,\"valueName\":\"search_term_string\"}}],\"inLanguage\":\"de\"}]}<\/script>\n<!-- \/ Yoast SEO plugin. -->","yoast_head_json":{"title":"Luft- und Raumfahrt - Canela tools","robots":{"index":"index","follow":"follow","max-snippet":"max-snippet:-1","max-image-preview":"max-image-preview:large","max-video-preview":"max-video-preview:-1"},"canonical":"https:\/\/canelatools.com\/de\/luft-und-raumfahrt\/","og_locale":"de_DE","og_type":"article","og_title":"Luft- und Raumfahrt - Canela tools","og_description":"Luft- und Raumfahrt Die Werkstoffe und Produktionstechnologien in der Luft- und Raumfahrtindustrie \u00e4ndern sich schnell und kontinuierlich. Die Verwendung von schwer zu zerspanenden Materialien wie Titan und mit Kohlenstofffaser verst\u00e4rktem Kunststoff hat aufgrund der Anforderungen der Industrie an die Gewichtsreduzierung ebenso zugenommen wie die Verwendung von Aluminiumlegierungen. Canela arbeitet eng mit den Kunden zusammen, um [&hellip;]","og_url":"https:\/\/canelatools.com\/de\/luft-und-raumfahrt\/","og_site_name":"Canela tools","article_modified_time":"2026-02-11T16:35:34+00:00","og_image":[{"width":1222,"height":469,"url":"https:\/\/canelatools.com\/wp-content\/uploads\/2026\/02\/aluminium-1.jpg","type":"image\/jpeg"}],"twitter_card":"summary_large_image","twitter_misc":{"Gesch\u00e4tzte Lesezeit":"2\u00a0Minuten"},"schema":{"@context":"https:\/\/schema.org","@graph":[{"@type":"WebPage","@id":"https:\/\/canelatools.com\/de\/luft-und-raumfahrt\/","url":"https:\/\/canelatools.com\/de\/luft-und-raumfahrt\/","name":"Luft- und Raumfahrt - Canela tools","isPartOf":{"@id":"https:\/\/canelatools.com\/#website"},"primaryImageOfPage":{"@id":"https:\/\/canelatools.com\/de\/luft-und-raumfahrt\/#primaryimage"},"image":{"@id":"https:\/\/canelatools.com\/de\/luft-und-raumfahrt\/#primaryimage"},"thumbnailUrl":"https:\/\/canelatools.com\/wp-content\/uploads\/2026\/02\/aluminium-1.jpg","datePublished":"2025-11-27T12:59:34+00:00","dateModified":"2026-02-11T16:35:34+00:00","breadcrumb":{"@id":"https:\/\/canelatools.com\/de\/luft-und-raumfahrt\/#breadcrumb"},"inLanguage":"de","potentialAction":[{"@type":"ReadAction","target":["https:\/\/canelatools.com\/de\/luft-und-raumfahrt\/"]}]},{"@type":"ImageObject","inLanguage":"de","@id":"https:\/\/canelatools.com\/de\/luft-und-raumfahrt\/#primaryimage","url":"https:\/\/canelatools.com\/wp-content\/uploads\/2026\/02\/aluminium-1.jpg","contentUrl":"https:\/\/canelatools.com\/wp-content\/uploads\/2026\/02\/aluminium-1.jpg"},{"@type":"BreadcrumbList","@id":"https:\/\/canelatools.com\/de\/luft-und-raumfahrt\/#breadcrumb","itemListElement":[{"@type":"ListItem","position":1,"name":"Portada","item":"https:\/\/canelatools.com\/"},{"@type":"ListItem","position":2,"name":"Luft- und Raumfahrt"}]},{"@type":"WebSite","@id":"https:\/\/canelatools.com\/#website","url":"https:\/\/canelatools.com\/","name":"Canela tools","description":"","potentialAction":[{"@type":"SearchAction","target":{"@type":"EntryPoint","urlTemplate":"https:\/\/canelatools.com\/?s={search_term_string}"},"query-input":{"@type":"PropertyValueSpecification","valueRequired":true,"valueName":"search_term_string"}}],"inLanguage":"de"}]}},"_links":{"self":[{"href":"https:\/\/canelatools.com\/de\/wp-json\/wp\/v2\/pages\/5331","targetHints":{"allow":["GET"]}}],"collection":[{"href":"https:\/\/canelatools.com\/de\/wp-json\/wp\/v2\/pages"}],"about":[{"href":"https:\/\/canelatools.com\/de\/wp-json\/wp\/v2\/types\/page"}],"author":[{"embeddable":true,"href":"https:\/\/canelatools.com\/de\/wp-json\/wp\/v2\/users\/1"}],"replies":[{"embeddable":true,"href":"https:\/\/canelatools.com\/de\/wp-json\/wp\/v2\/comments?post=5331"}],"version-history":[{"count":6,"href":"https:\/\/canelatools.com\/de\/wp-json\/wp\/v2\/pages\/5331\/revisions"}],"predecessor-version":[{"id":11075,"href":"https:\/\/canelatools.com\/de\/wp-json\/wp\/v2\/pages\/5331\/revisions\/11075"}],"wp:attachment":[{"href":"https:\/\/canelatools.com\/de\/wp-json\/wp\/v2\/media?parent=5331"}],"curies":[{"name":"wp","href":"https:\/\/api.w.org\/{rel}","templated":true}]}}