{"id":5366,"date":"2025-11-25T15:10:12","date_gmt":"2025-11-25T15:10:12","guid":{"rendered":"https:\/\/canelatools.com\/keramik\/"},"modified":"2026-01-22T12:01:38","modified_gmt":"2026-01-22T12:01:38","slug":"keramik","status":"publish","type":"page","link":"https:\/\/canelatools.com\/de\/keramik\/","title":{"rendered":"Keramik"},"content":{"rendered":"\t\t<div data-elementor-type=\"wp-page\" data-elementor-id=\"5366\" class=\"elementor elementor-5366 elementor-735\" data-elementor-post-type=\"page\">\n\t\t\t\t<div class=\"elementor-element elementor-element-eba1382 e-flex e-con-boxed e-con e-parent\" data-id=\"eba1382\" data-element_type=\"container\" data-e-type=\"container\" data-settings=\"{&quot;background_background&quot;:&quot;slideshow&quot;,&quot;background_slideshow_gallery&quot;:[{&quot;id&quot;:5361,&quot;url&quot;:&quot;https:\\\/\\\/canelatools.com\\\/wp-content\\\/uploads\\\/2025\\\/11\\\/slider-ceramica.jpg&quot;}],&quot;background_slideshow_loop&quot;:&quot;yes&quot;,&quot;background_slideshow_slide_duration&quot;:5000,&quot;background_slideshow_slide_transition&quot;:&quot;fade&quot;,&quot;background_slideshow_transition_duration&quot;:500}\">\n\t\t\t\t\t<div class=\"e-con-inner\">\n\t\t\t\t<div class=\"elementor-element elementor-element-8a81f4a elementor-widget elementor-widget-heading\" data-id=\"8a81f4a\" data-element_type=\"widget\" data-e-type=\"widget\" data-widget_type=\"heading.default\">\n\t\t\t\t\t<h1 class=\"elementor-heading-title elementor-size-default\">Keramik<\/h1>\t\t\t\t<\/div>\n\t\t\t\t<div class=\"elementor-element elementor-element-73fafe2 elementor-widget-divider--view-line elementor-widget elementor-widget-divider\" data-id=\"73fafe2\" data-element_type=\"widget\" data-e-type=\"widget\" data-widget_type=\"divider.default\">\n\t\t\t\t\t\t\t<div class=\"elementor-divider\">\n\t\t\t<span class=\"elementor-divider-separator\">\n\t\t\t\t\t\t<\/span>\n\t\t<\/div>\n\t\t\t\t\t\t<\/div>\n\t\t\t\t\t<\/div>\n\t\t\t\t<\/div>\n\t\t<div class=\"elementor-element elementor-element-cb23c09 e-flex e-con-boxed e-con e-parent\" data-id=\"cb23c09\" data-element_type=\"container\" data-e-type=\"container\" data-settings=\"{&quot;background_background&quot;:&quot;classic&quot;}\">\n\t\t\t\t\t<div class=\"e-con-inner\">\n\t\t<div class=\"elementor-element elementor-element-7e0465a e-con-full e-flex e-con e-child\" data-id=\"7e0465a\" data-element_type=\"container\" data-e-type=\"container\">\n\t\t\t\t<div class=\"elementor-element elementor-element-493d46f elementor-widget elementor-widget-heading\" data-id=\"493d46f\" data-element_type=\"widget\" data-e-type=\"widget\" data-widget_type=\"heading.default\">\n\t\t\t\t\t<h2 class=\"elementor-heading-title elementor-size-default\">Keramik<\/h2>\t\t\t\t<\/div>\n\t\t\t\t<div class=\"elementor-element elementor-element-66b6bf2 elementor-widget-divider--view-line elementor-widget elementor-widget-divider\" data-id=\"66b6bf2\" data-element_type=\"widget\" data-e-type=\"widget\" data-widget_type=\"divider.default\">\n\t\t\t\t\t\t\t<div class=\"elementor-divider\">\n\t\t\t<span class=\"elementor-divider-separator\">\n\t\t\t\t\t\t<\/span>\n\t\t<\/div>\n\t\t\t\t\t\t<\/div>\n\t\t\t\t<div class=\"elementor-element elementor-element-e4892b8 elementor-widget elementor-widget-text-editor\" data-id=\"e4892b8\" data-element_type=\"widget\" data-e-type=\"widget\" data-widget_type=\"text-editor.default\">\n\t\t\t\t\t\t\t\t\t<p>Stabilit\u00e4t und Sicherheit sind die Schl\u00fcsselw\u00f6rter beim Drehen und Fr\u00e4sen mit keramischen Wendeschneidplatten. Eine zuverl\u00e4ssige Klemmung der Wendeschneidplatte hat einen gro\u00dfen Einfluss auf die Qualit\u00e4t des Werkst\u00fccks.<\/p><p>Die Klemmelemente von Canela kombinieren die Abw\u00e4rtskr\u00e4fte mit der Positionierung des Plattensitzes. Sie sorgen f\u00fcr eine starre Klemmung der Wendeschneidplatten und eine gute Wiederholgenauigkeit beim Indexieren der Baugruppe aus. <\/p>\t\t\t\t\t\t\t\t<\/div>\n\t\t\t\t<\/div>\n\t\t<div class=\"elementor-element elementor-element-70067d8 e-con-full e-flex e-con e-child\" data-id=\"70067d8\" data-element_type=\"container\" data-e-type=\"container\" data-settings=\"{&quot;background_background&quot;:&quot;slideshow&quot;,&quot;background_slideshow_gallery&quot;:[],&quot;background_slideshow_loop&quot;:&quot;yes&quot;,&quot;background_slideshow_slide_duration&quot;:5000,&quot;background_slideshow_slide_transition&quot;:&quot;fade&quot;,&quot;background_slideshow_transition_duration&quot;:500}\">\n\t\t\t\t<div class=\"elementor-element elementor-element-70ce7d3 elementor-widget elementor-widget-image\" data-id=\"70ce7d3\" data-element_type=\"widget\" data-e-type=\"widget\" data-widget_type=\"image.default\">\n\t\t\t\t\t\t\t\t\t\t\t\t\t\t\t<img fetchpriority=\"high\" decoding=\"async\" width=\"600\" height=\"600\" src=\"https:\/\/canelatools.com\/wp-content\/uploads\/2025\/11\/ceramica-producto-1.jpg\" class=\"attachment-full size-full wp-image-5362\" alt=\"\" srcset=\"https:\/\/canelatools.com\/wp-content\/uploads\/2025\/11\/ceramica-producto-1.jpg 600w, https:\/\/canelatools.com\/wp-content\/uploads\/2025\/11\/ceramica-producto-1-300x300.jpg 300w, https:\/\/canelatools.com\/wp-content\/uploads\/2025\/11\/ceramica-producto-1-150x150.jpg 150w\" sizes=\"(max-width: 600px) 100vw, 600px\" \/>\t\t\t\t\t\t\t\t\t\t\t\t\t\t\t<\/div>\n\t\t\t\t<\/div>\n\t\t\t\t\t<\/div>\n\t\t\t\t<\/div>\n\t\t<div class=\"elementor-element elementor-element-7f5eef4 e-flex e-con-boxed e-con e-parent\" data-id=\"7f5eef4\" data-element_type=\"container\" data-e-type=\"container\">\n\t\t\t\t\t<div class=\"e-con-inner\">\n\t\t<div class=\"elementor-element elementor-element-301ac0f e-con-full e-flex e-con e-child\" data-id=\"301ac0f\" data-element_type=\"container\" data-e-type=\"container\">\n\t\t\t\t<div class=\"elementor-element elementor-element-c801f04 elementor-invisible elementor-widget elementor-widget-image\" data-id=\"c801f04\" data-element_type=\"widget\" data-e-type=\"widget\" data-settings=\"{&quot;_animation&quot;:&quot;zoomIn&quot;}\" data-widget_type=\"image.default\">\n\t\t\t\t\t\t\t\t\t\t\t\t\t\t\t<img decoding=\"async\" width=\"800\" height=\"800\" src=\"https:\/\/canelatools.com\/wp-content\/uploads\/2025\/11\/IMG-20230721-WA0026_.jpg\" class=\"attachment-full size-full wp-image-5363\" alt=\"\" srcset=\"https:\/\/canelatools.com\/wp-content\/uploads\/2025\/11\/IMG-20230721-WA0026_.jpg 800w, https:\/\/canelatools.com\/wp-content\/uploads\/2025\/11\/IMG-20230721-WA0026_-300x300.jpg 300w, https:\/\/canelatools.com\/wp-content\/uploads\/2025\/11\/IMG-20230721-WA0026_-150x150.jpg 150w, https:\/\/canelatools.com\/wp-content\/uploads\/2025\/11\/IMG-20230721-WA0026_-768x768.jpg 768w\" sizes=\"(max-width: 800px) 100vw, 800px\" \/>\t\t\t\t\t\t\t\t\t\t\t\t\t\t\t<\/div>\n\t\t\t\t<\/div>\n\t\t<div class=\"elementor-element elementor-element-e62e215 e-con-full e-flex e-con e-child\" data-id=\"e62e215\" data-element_type=\"container\" data-e-type=\"container\">\n\t\t\t\t<div class=\"elementor-element elementor-element-2667420 elementor-widget elementor-widget-heading\" data-id=\"2667420\" data-element_type=\"widget\" data-e-type=\"widget\" data-widget_type=\"heading.default\">\n\t\t\t\t\t<h4 class=\"elementor-heading-title elementor-size-default\">Canela steht f\u00fcr Produktivit\u00e4t und Kompetenz bei der Bearbeitung von Bauteilen im Luft- und Raumfahrtsektor.<\/h4>\t\t\t\t<\/div>\n\t\t\t\t<div class=\"elementor-element elementor-element-aec80ad elementor-widget-divider--view-line elementor-widget elementor-widget-divider\" data-id=\"aec80ad\" data-element_type=\"widget\" data-e-type=\"widget\" data-widget_type=\"divider.default\">\n\t\t\t\t\t\t\t<div class=\"elementor-divider\">\n\t\t\t<span class=\"elementor-divider-separator\">\n\t\t\t\t\t\t<\/span>\n\t\t<\/div>\n\t\t\t\t\t\t<\/div>\n\t\t\t\t<div class=\"elementor-element elementor-element-b315431 elementor-widget elementor-widget-text-editor\" data-id=\"b315431\" data-element_type=\"widget\" data-e-type=\"widget\" data-widget_type=\"text-editor.default\">\n\t\t\t\t\t\t\t\t\t<p>Bearbeitung von Nickelbasislegierungen wie:<\/p><ul><li>Inconel<\/li><li>Hastelloy<\/li><li>und vieles mehr\u2026<\/li><li>Schnittgeschwindigkeiten bis zu 1000 m\/min sind m\u00f6glich.<\/li><\/ul>\t\t\t\t\t\t\t\t<\/div>\n\t\t\t\t<\/div>\n\t\t\t\t\t<\/div>\n\t\t\t\t<\/div>\n\t\t<div class=\"elementor-element elementor-element-59175f0 e-flex e-con-boxed e-con e-parent\" data-id=\"59175f0\" data-element_type=\"container\" data-e-type=\"container\">\n\t\t\t\t\t<div class=\"e-con-inner\">\n\t\t<div class=\"elementor-element elementor-element-5e19207 e-con-full e-flex e-con e-child\" data-id=\"5e19207\" data-element_type=\"container\" data-e-type=\"container\">\n\t\t\t\t<div class=\"elementor-element elementor-element-ef3f4b3 elementor-widget elementor-widget-heading\" data-id=\"ef3f4b3\" data-element_type=\"widget\" data-e-type=\"widget\" data-widget_type=\"heading.default\">\n\t\t\t\t\t<h4 class=\"elementor-heading-title elementor-size-default\">Bauteile:<\/h4>\t\t\t\t<\/div>\n\t\t\t\t<div class=\"elementor-element elementor-element-2f5ae54 elementor-widget-divider--view-line elementor-widget elementor-widget-divider\" data-id=\"2f5ae54\" data-element_type=\"widget\" data-e-type=\"widget\" data-widget_type=\"divider.default\">\n\t\t\t\t\t\t\t<div class=\"elementor-divider\">\n\t\t\t<span class=\"elementor-divider-separator\">\n\t\t\t\t\t\t<\/span>\n\t\t<\/div>\n\t\t\t\t\t\t<\/div>\n\t\t\t\t<div class=\"elementor-element elementor-element-d803703 elementor-widget elementor-widget-text-editor\" data-id=\"d803703\" data-element_type=\"widget\" data-e-type=\"widget\" data-widget_type=\"text-editor.default\">\n\t\t\t\t\t\t\t\t\t<ul><li>Turbinen-Geh\u00e4use<\/li><li>Ringe<\/li><li>Unterlegscheiben<\/li><li>Turbinenschaufeln<\/li><li>R\u00e4der<\/li><li>Aufh\u00e4ngungen<\/li><\/ul>\t\t\t\t\t\t\t\t<\/div>\n\t\t\t\t<\/div>\n\t\t<div class=\"elementor-element elementor-element-b537dd4 e-con-full e-flex e-con e-child\" data-id=\"b537dd4\" data-element_type=\"container\" data-e-type=\"container\">\n\t\t\t\t<div class=\"elementor-element elementor-element-d737be7 elementor-widget elementor-widget-image\" data-id=\"d737be7\" data-element_type=\"widget\" data-e-type=\"widget\" data-widget_type=\"image.default\">\n\t\t\t\t\t\t\t\t\t\t\t\t\t\t\t<img decoding=\"async\" width=\"800\" height=\"571\" src=\"https:\/\/canelatools.com\/wp-content\/uploads\/2025\/11\/psc_ceramic-1-1024x731.jpg\" class=\"attachment-large size-large wp-image-5364\" alt=\"\" srcset=\"https:\/\/canelatools.com\/wp-content\/uploads\/2025\/11\/psc_ceramic-1-1024x731.jpg 1024w, https:\/\/canelatools.com\/wp-content\/uploads\/2025\/11\/psc_ceramic-1-300x214.jpg 300w, https:\/\/canelatools.com\/wp-content\/uploads\/2025\/11\/psc_ceramic-1-768x549.jpg 768w, https:\/\/canelatools.com\/wp-content\/uploads\/2025\/11\/psc_ceramic-1-1536x1097.jpg 1536w, https:\/\/canelatools.com\/wp-content\/uploads\/2025\/11\/psc_ceramic-1-2048x1463.jpg 2048w\" sizes=\"(max-width: 800px) 100vw, 800px\" \/>\t\t\t\t\t\t\t\t\t\t\t\t\t\t\t<\/div>\n\t\t\t\t<\/div>\n\t\t\t\t\t<\/div>\n\t\t\t\t<\/div>\n\t\t<div class=\"elementor-element elementor-element-81e5d0a e-flex e-con-boxed e-con e-parent\" data-id=\"81e5d0a\" data-element_type=\"container\" data-e-type=\"container\" data-settings=\"{&quot;background_background&quot;:&quot;slideshow&quot;,&quot;background_slideshow_gallery&quot;:[{&quot;id&quot;:5365,&quot;url&quot;:&quot;https:\\\/\\\/canelatools.com\\\/wp-content\\\/uploads\\\/2025\\\/11\\\/20200928_081938.jpg&quot;}],&quot;background_slideshow_loop&quot;:&quot;yes&quot;,&quot;background_slideshow_slide_duration&quot;:5000,&quot;background_slideshow_slide_transition&quot;:&quot;fade&quot;,&quot;background_slideshow_transition_duration&quot;:500}\">\n\t\t\t\t\t<div class=\"e-con-inner\">\n\t\t\t\t\t<\/div>\n\t\t\t\t<\/div>\n\t\t\t\t<\/div>\n\t\t","protected":false},"excerpt":{"rendered":"<p>Keramik Keramik Stabilit\u00e4t und Sicherheit sind die Schl\u00fcsselw\u00f6rter beim Drehen und Fr\u00e4sen mit keramischen Wendeschneidplatten. Eine zuverl\u00e4ssige Klemmung der Wendeschneidplatte hat einen gro\u00dfen Einfluss auf die Qualit\u00e4t des Werkst\u00fccks. Die Klemmelemente von Canela kombinieren die Abw\u00e4rtskr\u00e4fte mit der Positionierung des Plattensitzes. Sie sorgen f\u00fcr eine starre Klemmung der Wendeschneidplatten und eine gute Wiederholgenauigkeit beim Indexieren [&hellip;]<\/p>\n","protected":false},"author":1,"featured_media":0,"parent":0,"menu_order":0,"comment_status":"closed","ping_status":"closed","template":"elementor_header_footer","meta":{"footnotes":""},"class_list":["post-5366","page","type-page","status-publish","hentry"],"yoast_head":"<!-- This site is optimized with the Yoast SEO plugin v27.0 - https:\/\/yoast.com\/product\/yoast-seo-wordpress\/ -->\n<title>Keramik - Canela tools<\/title>\n<meta name=\"robots\" content=\"index, follow, max-snippet:-1, max-image-preview:large, max-video-preview:-1\" \/>\n<link rel=\"canonical\" href=\"https:\/\/canelatools.com\/de\/keramik\/\" \/>\n<meta property=\"og:locale\" content=\"de_DE\" \/>\n<meta property=\"og:type\" content=\"article\" \/>\n<meta property=\"og:title\" content=\"Keramik - Canela tools\" \/>\n<meta property=\"og:description\" content=\"Keramik Keramik Stabilit\u00e4t und Sicherheit sind die Schl\u00fcsselw\u00f6rter beim Drehen und Fr\u00e4sen mit keramischen Wendeschneidplatten. Eine zuverl\u00e4ssige Klemmung der Wendeschneidplatte hat einen gro\u00dfen Einfluss auf die Qualit\u00e4t des Werkst\u00fccks. Die Klemmelemente von Canela kombinieren die Abw\u00e4rtskr\u00e4fte mit der Positionierung des Plattensitzes. Sie sorgen f\u00fcr eine starre Klemmung der Wendeschneidplatten und eine gute Wiederholgenauigkeit beim Indexieren [&hellip;]\" \/>\n<meta property=\"og:url\" content=\"https:\/\/canelatools.com\/de\/keramik\/\" \/>\n<meta property=\"og:site_name\" content=\"Canela tools\" \/>\n<meta property=\"article:modified_time\" content=\"2026-01-22T12:01:38+00:00\" \/>\n<meta property=\"og:image\" content=\"https:\/\/canelatools.com\/wp-content\/uploads\/2025\/11\/ceramica-producto-1.jpg\" \/>\n\t<meta property=\"og:image:width\" content=\"600\" \/>\n\t<meta property=\"og:image:height\" content=\"600\" \/>\n\t<meta property=\"og:image:type\" content=\"image\/jpeg\" \/>\n<meta name=\"twitter:card\" content=\"summary_large_image\" \/>\n<meta name=\"twitter:label1\" content=\"Gesch\u00e4tzte Lesezeit\" \/>\n\t<meta name=\"twitter:data1\" content=\"1\u00a0Minute\" \/>\n<script type=\"application\/ld+json\" class=\"yoast-schema-graph\">{\"@context\":\"https:\/\/schema.org\",\"@graph\":[{\"@type\":\"WebPage\",\"@id\":\"https:\/\/canelatools.com\/de\/keramik\/\",\"url\":\"https:\/\/canelatools.com\/de\/keramik\/\",\"name\":\"Keramik - Canela tools\",\"isPartOf\":{\"@id\":\"https:\/\/canelatools.com\/#website\"},\"primaryImageOfPage\":{\"@id\":\"https:\/\/canelatools.com\/de\/keramik\/#primaryimage\"},\"image\":{\"@id\":\"https:\/\/canelatools.com\/de\/keramik\/#primaryimage\"},\"thumbnailUrl\":\"https:\/\/canelatools.com\/wp-content\/uploads\/2025\/11\/ceramica-producto-1.jpg\",\"datePublished\":\"2025-11-25T15:10:12+00:00\",\"dateModified\":\"2026-01-22T12:01:38+00:00\",\"breadcrumb\":{\"@id\":\"https:\/\/canelatools.com\/de\/keramik\/#breadcrumb\"},\"inLanguage\":\"de\",\"potentialAction\":[{\"@type\":\"ReadAction\",\"target\":[\"https:\/\/canelatools.com\/de\/keramik\/\"]}]},{\"@type\":\"ImageObject\",\"inLanguage\":\"de\",\"@id\":\"https:\/\/canelatools.com\/de\/keramik\/#primaryimage\",\"url\":\"https:\/\/canelatools.com\/wp-content\/uploads\/2025\/11\/ceramica-producto-1.jpg\",\"contentUrl\":\"https:\/\/canelatools.com\/wp-content\/uploads\/2025\/11\/ceramica-producto-1.jpg\"},{\"@type\":\"BreadcrumbList\",\"@id\":\"https:\/\/canelatools.com\/de\/keramik\/#breadcrumb\",\"itemListElement\":[{\"@type\":\"ListItem\",\"position\":1,\"name\":\"Portada\",\"item\":\"https:\/\/canelatools.com\/\"},{\"@type\":\"ListItem\",\"position\":2,\"name\":\"Keramik\"}]},{\"@type\":\"WebSite\",\"@id\":\"https:\/\/canelatools.com\/#website\",\"url\":\"https:\/\/canelatools.com\/\",\"name\":\"Canela tools\",\"description\":\"\",\"potentialAction\":[{\"@type\":\"SearchAction\",\"target\":{\"@type\":\"EntryPoint\",\"urlTemplate\":\"https:\/\/canelatools.com\/?s={search_term_string}\"},\"query-input\":{\"@type\":\"PropertyValueSpecification\",\"valueRequired\":true,\"valueName\":\"search_term_string\"}}],\"inLanguage\":\"de\"}]}<\/script>\n<!-- \/ Yoast SEO plugin. -->","yoast_head_json":{"title":"Keramik - Canela tools","robots":{"index":"index","follow":"follow","max-snippet":"max-snippet:-1","max-image-preview":"max-image-preview:large","max-video-preview":"max-video-preview:-1"},"canonical":"https:\/\/canelatools.com\/de\/keramik\/","og_locale":"de_DE","og_type":"article","og_title":"Keramik - Canela tools","og_description":"Keramik Keramik Stabilit\u00e4t und Sicherheit sind die Schl\u00fcsselw\u00f6rter beim Drehen und Fr\u00e4sen mit keramischen Wendeschneidplatten. Eine zuverl\u00e4ssige Klemmung der Wendeschneidplatte hat einen gro\u00dfen Einfluss auf die Qualit\u00e4t des Werkst\u00fccks. Die Klemmelemente von Canela kombinieren die Abw\u00e4rtskr\u00e4fte mit der Positionierung des Plattensitzes. Sie sorgen f\u00fcr eine starre Klemmung der Wendeschneidplatten und eine gute Wiederholgenauigkeit beim Indexieren [&hellip;]","og_url":"https:\/\/canelatools.com\/de\/keramik\/","og_site_name":"Canela tools","article_modified_time":"2026-01-22T12:01:38+00:00","og_image":[{"width":600,"height":600,"url":"https:\/\/canelatools.com\/wp-content\/uploads\/2025\/11\/ceramica-producto-1.jpg","type":"image\/jpeg"}],"twitter_card":"summary_large_image","twitter_misc":{"Gesch\u00e4tzte Lesezeit":"1\u00a0Minute"},"schema":{"@context":"https:\/\/schema.org","@graph":[{"@type":"WebPage","@id":"https:\/\/canelatools.com\/de\/keramik\/","url":"https:\/\/canelatools.com\/de\/keramik\/","name":"Keramik - Canela tools","isPartOf":{"@id":"https:\/\/canelatools.com\/#website"},"primaryImageOfPage":{"@id":"https:\/\/canelatools.com\/de\/keramik\/#primaryimage"},"image":{"@id":"https:\/\/canelatools.com\/de\/keramik\/#primaryimage"},"thumbnailUrl":"https:\/\/canelatools.com\/wp-content\/uploads\/2025\/11\/ceramica-producto-1.jpg","datePublished":"2025-11-25T15:10:12+00:00","dateModified":"2026-01-22T12:01:38+00:00","breadcrumb":{"@id":"https:\/\/canelatools.com\/de\/keramik\/#breadcrumb"},"inLanguage":"de","potentialAction":[{"@type":"ReadAction","target":["https:\/\/canelatools.com\/de\/keramik\/"]}]},{"@type":"ImageObject","inLanguage":"de","@id":"https:\/\/canelatools.com\/de\/keramik\/#primaryimage","url":"https:\/\/canelatools.com\/wp-content\/uploads\/2025\/11\/ceramica-producto-1.jpg","contentUrl":"https:\/\/canelatools.com\/wp-content\/uploads\/2025\/11\/ceramica-producto-1.jpg"},{"@type":"BreadcrumbList","@id":"https:\/\/canelatools.com\/de\/keramik\/#breadcrumb","itemListElement":[{"@type":"ListItem","position":1,"name":"Portada","item":"https:\/\/canelatools.com\/"},{"@type":"ListItem","position":2,"name":"Keramik"}]},{"@type":"WebSite","@id":"https:\/\/canelatools.com\/#website","url":"https:\/\/canelatools.com\/","name":"Canela tools","description":"","potentialAction":[{"@type":"SearchAction","target":{"@type":"EntryPoint","urlTemplate":"https:\/\/canelatools.com\/?s={search_term_string}"},"query-input":{"@type":"PropertyValueSpecification","valueRequired":true,"valueName":"search_term_string"}}],"inLanguage":"de"}]}},"_links":{"self":[{"href":"https:\/\/canelatools.com\/de\/wp-json\/wp\/v2\/pages\/5366","targetHints":{"allow":["GET"]}}],"collection":[{"href":"https:\/\/canelatools.com\/de\/wp-json\/wp\/v2\/pages"}],"about":[{"href":"https:\/\/canelatools.com\/de\/wp-json\/wp\/v2\/types\/page"}],"author":[{"embeddable":true,"href":"https:\/\/canelatools.com\/de\/wp-json\/wp\/v2\/users\/1"}],"replies":[{"embeddable":true,"href":"https:\/\/canelatools.com\/de\/wp-json\/wp\/v2\/comments?post=5366"}],"version-history":[{"count":2,"href":"https:\/\/canelatools.com\/de\/wp-json\/wp\/v2\/pages\/5366\/revisions"}],"predecessor-version":[{"id":9983,"href":"https:\/\/canelatools.com\/de\/wp-json\/wp\/v2\/pages\/5366\/revisions\/9983"}],"wp:attachment":[{"href":"https:\/\/canelatools.com\/de\/wp-json\/wp\/v2\/media?parent=5366"}],"curies":[{"name":"wp","href":"https:\/\/api.w.org\/{rel}","templated":true}]}}