{"id":5469,"date":"2025-11-27T15:32:14","date_gmt":"2025-11-27T15:32:14","guid":{"rendered":"https:\/\/canelatools.com\/eisenbahnindustrie\/"},"modified":"2026-02-11T09:54:09","modified_gmt":"2026-02-11T09:54:09","slug":"eisenbahnindustrie","status":"publish","type":"page","link":"https:\/\/canelatools.com\/de\/eisenbahnindustrie\/","title":{"rendered":"Eisenbahnindustrie"},"content":{"rendered":"\t\t<div data-elementor-type=\"wp-page\" data-elementor-id=\"5469\" class=\"elementor elementor-5469 elementor-1670\" data-elementor-post-type=\"page\">\n\t\t\t\t<div class=\"elementor-element elementor-element-eb93081 e-flex e-con-boxed e-con e-parent\" data-id=\"eb93081\" data-element_type=\"container\" data-e-type=\"container\" data-settings=\"{&quot;background_background&quot;:&quot;slideshow&quot;,&quot;background_slideshow_gallery&quot;:[{&quot;id&quot;:5464,&quot;url&quot;:&quot;https:\\\/\\\/canelatools.com\\\/wp-content\\\/uploads\\\/2025\\\/11\\\/slider-ferroviaria.jpg&quot;}],&quot;background_slideshow_loop&quot;:&quot;yes&quot;,&quot;background_slideshow_slide_duration&quot;:5000,&quot;background_slideshow_slide_transition&quot;:&quot;fade&quot;,&quot;background_slideshow_transition_duration&quot;:500}\">\n\t\t\t\t\t<div class=\"e-con-inner\">\n\t\t\t\t<div class=\"elementor-element elementor-element-eaf1211 elementor-widget elementor-widget-heading\" data-id=\"eaf1211\" data-element_type=\"widget\" data-e-type=\"widget\" data-widget_type=\"heading.default\">\n\t\t\t\t\t<h1 class=\"elementor-heading-title elementor-size-default\">Eisenbahnindustrie<\/h1>\t\t\t\t<\/div>\n\t\t\t\t<div class=\"elementor-element elementor-element-74b3cce elementor-widget-divider--view-line elementor-widget elementor-widget-divider\" data-id=\"74b3cce\" data-element_type=\"widget\" data-e-type=\"widget\" data-widget_type=\"divider.default\">\n\t\t\t\t\t\t\t<div class=\"elementor-divider\">\n\t\t\t<span class=\"elementor-divider-separator\">\n\t\t\t\t\t\t<\/span>\n\t\t<\/div>\n\t\t\t\t\t\t<\/div>\n\t\t\t\t\t<\/div>\n\t\t\t\t<\/div>\n\t\t<div class=\"elementor-element elementor-element-fa37675 e-flex e-con-boxed e-con e-parent\" data-id=\"fa37675\" data-element_type=\"container\" data-e-type=\"container\">\n\t\t\t\t\t<div class=\"e-con-inner\">\n\t\t<div class=\"elementor-element elementor-element-2c45340 e-con-full e-flex e-con e-child\" data-id=\"2c45340\" data-element_type=\"container\" data-e-type=\"container\">\n\t\t\t\t<div class=\"elementor-element elementor-element-119c1d5 elementor-widget elementor-widget-heading\" data-id=\"119c1d5\" data-element_type=\"widget\" data-e-type=\"widget\" data-widget_type=\"heading.default\">\n\t\t\t\t\t<h2 class=\"elementor-heading-title elementor-size-default\">Eisenbahnindustrie<\/h2>\t\t\t\t<\/div>\n\t\t\t\t<div class=\"elementor-element elementor-element-227025a elementor-widget-divider--view-line elementor-widget elementor-widget-divider\" data-id=\"227025a\" data-element_type=\"widget\" data-e-type=\"widget\" data-widget_type=\"divider.default\">\n\t\t\t\t\t\t\t<div class=\"elementor-divider\">\n\t\t\t<span class=\"elementor-divider-separator\">\n\t\t\t\t\t\t<\/span>\n\t\t<\/div>\n\t\t\t\t\t\t<\/div>\n\t\t\t\t<div class=\"elementor-element elementor-element-6f956f9 elementor-widget elementor-widget-text-editor\" data-id=\"6f956f9\" data-element_type=\"widget\" data-e-type=\"widget\" data-widget_type=\"text-editor.default\">\n\t\t\t\t\t\t\t\t\t<p class=\"p1\">Das Drehen von Eisenbahnr\u00e4dern ist gekennzeichnet durch die Bearbeitung gro\u00dfvolumiger Bauteile und gro\u00dfer Schnitttiefen. Durch die verschiedenen Zugtypen haben diese R\u00e4der sehr unterschiedliche Eigenschaften und Anforderungen. F\u00fcr das Drehen neuer R\u00e4der sind Hochdruck-Werkzeughalter mit Innenk\u00fchlung und Wendeschneidplatten verf\u00fcgbar, die die Bearbeitung des gesamten Profils eines beliebigen Eisenbahnrads erm\u00f6glichen, w\u00e4hrend f\u00fcr das Nachdrehen verschlissener R\u00e4der Werkzeughalter und spezifische Wendeschneidplatten verf\u00fcgbar sind, die deren Bearbeitung erm\u00f6glichen und sie wieder wie neu machen.<\/p>\t\t\t\t\t\t\t\t<\/div>\n\t\t\t\t<\/div>\n\t\t<div class=\"elementor-element elementor-element-49cffe9 e-con-full e-flex e-con e-child\" data-id=\"49cffe9\" data-element_type=\"container\" data-e-type=\"container\" data-settings=\"{&quot;background_background&quot;:&quot;slideshow&quot;,&quot;background_slideshow_gallery&quot;:[],&quot;background_slideshow_loop&quot;:&quot;yes&quot;,&quot;background_slideshow_slide_duration&quot;:5000,&quot;background_slideshow_slide_transition&quot;:&quot;fade&quot;,&quot;background_slideshow_transition_duration&quot;:500}\">\n\t\t\t\t<div class=\"elementor-element elementor-element-f1c577a elementor-widget elementor-widget-image\" data-id=\"f1c577a\" data-element_type=\"widget\" data-e-type=\"widget\" data-widget_type=\"image.default\">\n\t\t\t\t\t\t\t\t\t\t\t\t\t\t\t<img fetchpriority=\"high\" decoding=\"async\" width=\"800\" height=\"600\" src=\"https:\/\/canelatools.com\/wp-content\/uploads\/2025\/11\/rueda-ferrocarril-1024x768.jpg\" class=\"attachment-large size-large wp-image-5465\" alt=\"\" srcset=\"https:\/\/canelatools.com\/wp-content\/uploads\/2025\/11\/rueda-ferrocarril-1024x768.jpg 1024w, https:\/\/canelatools.com\/wp-content\/uploads\/2025\/11\/rueda-ferrocarril-300x225.jpg 300w, https:\/\/canelatools.com\/wp-content\/uploads\/2025\/11\/rueda-ferrocarril-768x576.jpg 768w, https:\/\/canelatools.com\/wp-content\/uploads\/2025\/11\/rueda-ferrocarril-1536x1152.jpg 1536w, https:\/\/canelatools.com\/wp-content\/uploads\/2025\/11\/rueda-ferrocarril.jpg 1600w\" sizes=\"(max-width: 800px) 100vw, 800px\" \/>\t\t\t\t\t\t\t\t\t\t\t\t\t\t\t<\/div>\n\t\t\t\t<\/div>\n\t\t\t\t\t<\/div>\n\t\t\t\t<\/div>\n\t\t<div class=\"elementor-element elementor-element-b1fb898 e-flex e-con-boxed e-con e-parent\" data-id=\"b1fb898\" data-element_type=\"container\" data-e-type=\"container\">\n\t\t\t\t\t<div class=\"e-con-inner\">\n\t\t<div class=\"elementor-element elementor-element-71f8ca1 e-con-full e-flex e-con e-child\" data-id=\"71f8ca1\" data-element_type=\"container\" data-e-type=\"container\">\n\t\t\t\t<div class=\"elementor-element elementor-element-dd37890 elementor-widget__width-initial elementor-widget elementor-widget-image\" data-id=\"dd37890\" data-element_type=\"widget\" data-e-type=\"widget\" data-widget_type=\"image.default\">\n\t\t\t\t\t\t\t\t\t\t\t\t\t\t\t<img decoding=\"async\" width=\"800\" height=\"1019\" src=\"https:\/\/canelatools.com\/wp-content\/uploads\/2025\/11\/DSC0913-scaled-1-804x1024.jpg\" class=\"attachment-large size-large wp-image-5466\" alt=\"\" srcset=\"https:\/\/canelatools.com\/wp-content\/uploads\/2025\/11\/DSC0913-scaled-1-804x1024.jpg 804w, https:\/\/canelatools.com\/wp-content\/uploads\/2025\/11\/DSC0913-scaled-1-235x300.jpg 235w, https:\/\/canelatools.com\/wp-content\/uploads\/2025\/11\/DSC0913-scaled-1-768x979.jpg 768w, https:\/\/canelatools.com\/wp-content\/uploads\/2025\/11\/DSC0913-scaled-1-1205x1536.jpg 1205w, https:\/\/canelatools.com\/wp-content\/uploads\/2025\/11\/DSC0913-scaled-1-1607x2048.jpg 1607w, https:\/\/canelatools.com\/wp-content\/uploads\/2025\/11\/DSC0913-scaled-1.jpg 2009w\" sizes=\"(max-width: 800px) 100vw, 800px\" \/>\t\t\t\t\t\t\t\t\t\t\t\t\t\t\t<\/div>\n\t\t\t\t<\/div>\n\t\t<div class=\"elementor-element elementor-element-c97a700 e-con-full e-flex e-con e-child\" data-id=\"c97a700\" data-element_type=\"container\" data-e-type=\"container\">\n\t\t\t\t<div class=\"elementor-element elementor-element-cff628d elementor-widget__width-inherit elementor-widget elementor-widget-image\" data-id=\"cff628d\" data-element_type=\"widget\" data-e-type=\"widget\" data-widget_type=\"image.default\">\n\t\t\t\t\t\t\t\t\t\t\t\t\t\t\t<img decoding=\"async\" width=\"800\" height=\"525\" src=\"https:\/\/canelatools.com\/wp-content\/uploads\/2025\/11\/ruedatren.jpg\" class=\"attachment-large size-large wp-image-5467\" alt=\"\" srcset=\"https:\/\/canelatools.com\/wp-content\/uploads\/2025\/11\/ruedatren.jpg 1016w, https:\/\/canelatools.com\/wp-content\/uploads\/2025\/11\/ruedatren-300x197.jpg 300w, https:\/\/canelatools.com\/wp-content\/uploads\/2025\/11\/ruedatren-768x504.jpg 768w\" sizes=\"(max-width: 800px) 100vw, 800px\" \/>\t\t\t\t\t\t\t\t\t\t\t\t\t\t\t<\/div>\n\t\t\t\t<\/div>\n\t\t\t\t\t<\/div>\n\t\t\t\t<\/div>\n\t\t<div class=\"elementor-element elementor-element-22d921a e-flex e-con-boxed e-con e-parent\" data-id=\"22d921a\" data-element_type=\"container\" data-e-type=\"container\" data-settings=\"{&quot;background_background&quot;:&quot;classic&quot;}\">\n\t\t\t\t\t<div class=\"e-con-inner\">\n\t\t\t\t\t<\/div>\n\t\t\t\t<\/div>\n\t\t\t\t<\/div>\n\t\t","protected":false},"excerpt":{"rendered":"<p>Eisenbahnindustrie Eisenbahnindustrie Das Drehen von Eisenbahnr\u00e4dern ist gekennzeichnet durch die Bearbeitung gro\u00dfvolumiger Bauteile und gro\u00dfer Schnitttiefen. Durch die verschiedenen Zugtypen haben diese R\u00e4der sehr unterschiedliche Eigenschaften und Anforderungen. F\u00fcr das Drehen neuer R\u00e4der sind Hochdruck-Werkzeughalter mit Innenk\u00fchlung und Wendeschneidplatten verf\u00fcgbar, die die Bearbeitung des gesamten Profils eines beliebigen Eisenbahnrads erm\u00f6glichen, w\u00e4hrend f\u00fcr das Nachdrehen verschlissener [&hellip;]<\/p>\n","protected":false},"author":1,"featured_media":0,"parent":0,"menu_order":0,"comment_status":"closed","ping_status":"closed","template":"elementor_header_footer","meta":{"footnotes":""},"class_list":["post-5469","page","type-page","status-publish","hentry"],"yoast_head":"<!-- This site is optimized with the Yoast SEO plugin v27.0 - https:\/\/yoast.com\/product\/yoast-seo-wordpress\/ -->\n<title>Eisenbahnindustrie - Canela tools<\/title>\n<meta name=\"robots\" content=\"index, follow, max-snippet:-1, max-image-preview:large, max-video-preview:-1\" \/>\n<link rel=\"canonical\" href=\"https:\/\/canelatools.com\/de\/eisenbahnindustrie\/\" \/>\n<meta property=\"og:locale\" content=\"de_DE\" \/>\n<meta property=\"og:type\" content=\"article\" \/>\n<meta property=\"og:title\" content=\"Eisenbahnindustrie - Canela tools\" \/>\n<meta property=\"og:description\" content=\"Eisenbahnindustrie Eisenbahnindustrie Das Drehen von Eisenbahnr\u00e4dern ist gekennzeichnet durch die Bearbeitung gro\u00dfvolumiger Bauteile und gro\u00dfer Schnitttiefen. Durch die verschiedenen Zugtypen haben diese R\u00e4der sehr unterschiedliche Eigenschaften und Anforderungen. F\u00fcr das Drehen neuer R\u00e4der sind Hochdruck-Werkzeughalter mit Innenk\u00fchlung und Wendeschneidplatten verf\u00fcgbar, die die Bearbeitung des gesamten Profils eines beliebigen Eisenbahnrads erm\u00f6glichen, w\u00e4hrend f\u00fcr das Nachdrehen verschlissener [&hellip;]\" \/>\n<meta property=\"og:url\" content=\"https:\/\/canelatools.com\/de\/eisenbahnindustrie\/\" \/>\n<meta property=\"og:site_name\" content=\"Canela tools\" \/>\n<meta property=\"article:modified_time\" content=\"2026-02-11T09:54:09+00:00\" \/>\n<meta property=\"og:image\" content=\"https:\/\/canelatools.com\/wp-content\/uploads\/2025\/11\/rueda-ferrocarril.jpg\" \/>\n\t<meta property=\"og:image:width\" content=\"1600\" \/>\n\t<meta property=\"og:image:height\" content=\"1200\" \/>\n\t<meta property=\"og:image:type\" content=\"image\/jpeg\" \/>\n<meta name=\"twitter:card\" content=\"summary_large_image\" \/>\n<script type=\"application\/ld+json\" class=\"yoast-schema-graph\">{\"@context\":\"https:\/\/schema.org\",\"@graph\":[{\"@type\":\"WebPage\",\"@id\":\"https:\/\/canelatools.com\/de\/eisenbahnindustrie\/\",\"url\":\"https:\/\/canelatools.com\/de\/eisenbahnindustrie\/\",\"name\":\"Eisenbahnindustrie - Canela tools\",\"isPartOf\":{\"@id\":\"https:\/\/canelatools.com\/#website\"},\"primaryImageOfPage\":{\"@id\":\"https:\/\/canelatools.com\/de\/eisenbahnindustrie\/#primaryimage\"},\"image\":{\"@id\":\"https:\/\/canelatools.com\/de\/eisenbahnindustrie\/#primaryimage\"},\"thumbnailUrl\":\"https:\/\/canelatools.com\/wp-content\/uploads\/2025\/11\/rueda-ferrocarril-1024x768.jpg\",\"datePublished\":\"2025-11-27T15:32:14+00:00\",\"dateModified\":\"2026-02-11T09:54:09+00:00\",\"breadcrumb\":{\"@id\":\"https:\/\/canelatools.com\/de\/eisenbahnindustrie\/#breadcrumb\"},\"inLanguage\":\"de\",\"potentialAction\":[{\"@type\":\"ReadAction\",\"target\":[\"https:\/\/canelatools.com\/de\/eisenbahnindustrie\/\"]}]},{\"@type\":\"ImageObject\",\"inLanguage\":\"de\",\"@id\":\"https:\/\/canelatools.com\/de\/eisenbahnindustrie\/#primaryimage\",\"url\":\"https:\/\/canelatools.com\/wp-content\/uploads\/2025\/11\/rueda-ferrocarril-1024x768.jpg\",\"contentUrl\":\"https:\/\/canelatools.com\/wp-content\/uploads\/2025\/11\/rueda-ferrocarril-1024x768.jpg\"},{\"@type\":\"BreadcrumbList\",\"@id\":\"https:\/\/canelatools.com\/de\/eisenbahnindustrie\/#breadcrumb\",\"itemListElement\":[{\"@type\":\"ListItem\",\"position\":1,\"name\":\"Portada\",\"item\":\"https:\/\/canelatools.com\/\"},{\"@type\":\"ListItem\",\"position\":2,\"name\":\"Eisenbahnindustrie\"}]},{\"@type\":\"WebSite\",\"@id\":\"https:\/\/canelatools.com\/#website\",\"url\":\"https:\/\/canelatools.com\/\",\"name\":\"Canela tools\",\"description\":\"\",\"potentialAction\":[{\"@type\":\"SearchAction\",\"target\":{\"@type\":\"EntryPoint\",\"urlTemplate\":\"https:\/\/canelatools.com\/?s={search_term_string}\"},\"query-input\":{\"@type\":\"PropertyValueSpecification\",\"valueRequired\":true,\"valueName\":\"search_term_string\"}}],\"inLanguage\":\"de\"}]}<\/script>\n<!-- \/ Yoast SEO plugin. -->","yoast_head_json":{"title":"Eisenbahnindustrie - Canela tools","robots":{"index":"index","follow":"follow","max-snippet":"max-snippet:-1","max-image-preview":"max-image-preview:large","max-video-preview":"max-video-preview:-1"},"canonical":"https:\/\/canelatools.com\/de\/eisenbahnindustrie\/","og_locale":"de_DE","og_type":"article","og_title":"Eisenbahnindustrie - Canela tools","og_description":"Eisenbahnindustrie Eisenbahnindustrie Das Drehen von Eisenbahnr\u00e4dern ist gekennzeichnet durch die Bearbeitung gro\u00dfvolumiger Bauteile und gro\u00dfer Schnitttiefen. Durch die verschiedenen Zugtypen haben diese R\u00e4der sehr unterschiedliche Eigenschaften und Anforderungen. F\u00fcr das Drehen neuer R\u00e4der sind Hochdruck-Werkzeughalter mit Innenk\u00fchlung und Wendeschneidplatten verf\u00fcgbar, die die Bearbeitung des gesamten Profils eines beliebigen Eisenbahnrads erm\u00f6glichen, w\u00e4hrend f\u00fcr das Nachdrehen verschlissener [&hellip;]","og_url":"https:\/\/canelatools.com\/de\/eisenbahnindustrie\/","og_site_name":"Canela tools","article_modified_time":"2026-02-11T09:54:09+00:00","og_image":[{"width":1600,"height":1200,"url":"https:\/\/canelatools.com\/wp-content\/uploads\/2025\/11\/rueda-ferrocarril.jpg","type":"image\/jpeg"}],"twitter_card":"summary_large_image","schema":{"@context":"https:\/\/schema.org","@graph":[{"@type":"WebPage","@id":"https:\/\/canelatools.com\/de\/eisenbahnindustrie\/","url":"https:\/\/canelatools.com\/de\/eisenbahnindustrie\/","name":"Eisenbahnindustrie - Canela tools","isPartOf":{"@id":"https:\/\/canelatools.com\/#website"},"primaryImageOfPage":{"@id":"https:\/\/canelatools.com\/de\/eisenbahnindustrie\/#primaryimage"},"image":{"@id":"https:\/\/canelatools.com\/de\/eisenbahnindustrie\/#primaryimage"},"thumbnailUrl":"https:\/\/canelatools.com\/wp-content\/uploads\/2025\/11\/rueda-ferrocarril-1024x768.jpg","datePublished":"2025-11-27T15:32:14+00:00","dateModified":"2026-02-11T09:54:09+00:00","breadcrumb":{"@id":"https:\/\/canelatools.com\/de\/eisenbahnindustrie\/#breadcrumb"},"inLanguage":"de","potentialAction":[{"@type":"ReadAction","target":["https:\/\/canelatools.com\/de\/eisenbahnindustrie\/"]}]},{"@type":"ImageObject","inLanguage":"de","@id":"https:\/\/canelatools.com\/de\/eisenbahnindustrie\/#primaryimage","url":"https:\/\/canelatools.com\/wp-content\/uploads\/2025\/11\/rueda-ferrocarril-1024x768.jpg","contentUrl":"https:\/\/canelatools.com\/wp-content\/uploads\/2025\/11\/rueda-ferrocarril-1024x768.jpg"},{"@type":"BreadcrumbList","@id":"https:\/\/canelatools.com\/de\/eisenbahnindustrie\/#breadcrumb","itemListElement":[{"@type":"ListItem","position":1,"name":"Portada","item":"https:\/\/canelatools.com\/"},{"@type":"ListItem","position":2,"name":"Eisenbahnindustrie"}]},{"@type":"WebSite","@id":"https:\/\/canelatools.com\/#website","url":"https:\/\/canelatools.com\/","name":"Canela tools","description":"","potentialAction":[{"@type":"SearchAction","target":{"@type":"EntryPoint","urlTemplate":"https:\/\/canelatools.com\/?s={search_term_string}"},"query-input":{"@type":"PropertyValueSpecification","valueRequired":true,"valueName":"search_term_string"}}],"inLanguage":"de"}]}},"_links":{"self":[{"href":"https:\/\/canelatools.com\/de\/wp-json\/wp\/v2\/pages\/5469","targetHints":{"allow":["GET"]}}],"collection":[{"href":"https:\/\/canelatools.com\/de\/wp-json\/wp\/v2\/pages"}],"about":[{"href":"https:\/\/canelatools.com\/de\/wp-json\/wp\/v2\/types\/page"}],"author":[{"embeddable":true,"href":"https:\/\/canelatools.com\/de\/wp-json\/wp\/v2\/users\/1"}],"replies":[{"embeddable":true,"href":"https:\/\/canelatools.com\/de\/wp-json\/wp\/v2\/comments?post=5469"}],"version-history":[{"count":5,"href":"https:\/\/canelatools.com\/de\/wp-json\/wp\/v2\/pages\/5469\/revisions"}],"predecessor-version":[{"id":10958,"href":"https:\/\/canelatools.com\/de\/wp-json\/wp\/v2\/pages\/5469\/revisions\/10958"}],"wp:attachment":[{"href":"https:\/\/canelatools.com\/de\/wp-json\/wp\/v2\/media?parent=5469"}],"curies":[{"name":"wp","href":"https:\/\/api.w.org\/{rel}","templated":true}]}}