{"id":5472,"date":"2025-12-01T11:07:24","date_gmt":"2025-12-01T11:07:24","guid":{"rendered":"https:\/\/canelatools.com\/allgemeines-ingenieurwesen\/"},"modified":"2026-02-02T14:41:55","modified_gmt":"2026-02-02T14:41:55","slug":"allgemeines-ingenieurwesen","status":"publish","type":"page","link":"https:\/\/canelatools.com\/de\/allgemeines-ingenieurwesen\/","title":{"rendered":"Allgemeines Ingenieurwesen"},"content":{"rendered":"\t\t<div data-elementor-type=\"wp-page\" data-elementor-id=\"5472\" class=\"elementor elementor-5472 elementor-2155\" data-elementor-post-type=\"page\">\n\t\t\t\t<div class=\"elementor-element elementor-element-97208f7 e-flex e-con-boxed e-con e-parent\" data-id=\"97208f7\" data-element_type=\"container\" data-e-type=\"container\" data-settings=\"{&quot;background_background&quot;:&quot;slideshow&quot;,&quot;background_slideshow_gallery&quot;:[{&quot;id&quot;:5471,&quot;url&quot;:&quot;https:\\\/\\\/canelatools.com\\\/wp-content\\\/uploads\\\/2025\\\/12\\\/slider-ingenieria_general.jpg&quot;}],&quot;background_slideshow_loop&quot;:&quot;yes&quot;,&quot;background_slideshow_slide_duration&quot;:5000,&quot;background_slideshow_slide_transition&quot;:&quot;fade&quot;,&quot;background_slideshow_transition_duration&quot;:500}\">\n\t\t\t\t\t<div class=\"e-con-inner\">\n\t\t\t\t<div class=\"elementor-element elementor-element-1c150ce elementor-widget elementor-widget-heading\" data-id=\"1c150ce\" data-element_type=\"widget\" data-e-type=\"widget\" data-widget_type=\"heading.default\">\n\t\t\t\t\t<h1 class=\"elementor-heading-title elementor-size-default\">Allgemeines Ingenieurwesen<\/h1>\t\t\t\t<\/div>\n\t\t\t\t<div class=\"elementor-element elementor-element-5b7049a elementor-widget-divider--view-line elementor-widget elementor-widget-divider\" data-id=\"5b7049a\" data-element_type=\"widget\" data-e-type=\"widget\" data-widget_type=\"divider.default\">\n\t\t\t\t\t\t\t<div class=\"elementor-divider\">\n\t\t\t<span class=\"elementor-divider-separator\">\n\t\t\t\t\t\t<\/span>\n\t\t<\/div>\n\t\t\t\t\t\t<\/div>\n\t\t\t\t\t<\/div>\n\t\t\t\t<\/div>\n\t\t<div class=\"elementor-element elementor-element-c5c97ba e-flex e-con-boxed e-con e-parent\" data-id=\"c5c97ba\" data-element_type=\"container\" data-e-type=\"container\" data-settings=\"{&quot;background_background&quot;:&quot;classic&quot;}\">\n\t\t\t\t\t<div class=\"e-con-inner\">\n\t\t<div class=\"elementor-element elementor-element-3ebfa1f e-con-full e-flex e-con e-child\" data-id=\"3ebfa1f\" data-element_type=\"container\" data-e-type=\"container\">\n\t\t\t\t<div class=\"elementor-element elementor-element-734603f elementor-widget elementor-widget-heading\" data-id=\"734603f\" data-element_type=\"widget\" data-e-type=\"widget\" data-widget_type=\"heading.default\">\n\t\t\t\t\t<h2 class=\"elementor-heading-title elementor-size-default\">Allgemeines Ingenieurwesen<\/h2>\t\t\t\t<\/div>\n\t\t\t\t<div class=\"elementor-element elementor-element-20cd27a elementor-widget-divider--view-line elementor-widget elementor-widget-divider\" data-id=\"20cd27a\" data-element_type=\"widget\" data-e-type=\"widget\" data-widget_type=\"divider.default\">\n\t\t\t\t\t\t\t<div class=\"elementor-divider\">\n\t\t\t<span class=\"elementor-divider-separator\">\n\t\t\t\t\t\t<\/span>\n\t\t<\/div>\n\t\t\t\t\t\t<\/div>\n\t\t\t\t<div class=\"elementor-element elementor-element-77708d2 elementor-widget elementor-widget-text-editor\" data-id=\"77708d2\" data-element_type=\"widget\" data-e-type=\"widget\" data-widget_type=\"text-editor.default\">\n\t\t\t\t\t\t\t\t\t<p>Manche Teile erfordern aufgrund ihrer Menge oder Form besondere Bearbeitungsl\u00f6sungen. Unsere Ingenieure und Zerspanungstechniker \u00fcberpr\u00fcfen den Einsatz von Sonderwerkzeugen nach Ma\u00df und kombinieren sie mit optimierten Fertigungsverfahren, die zu Rekordbearbeitungszeiten pro Teil f\u00fchren und eine sp\u00fcrbare Produktivit\u00e4tssteigerung bewirken. <\/p><p>Canela bietet Sonderwerkzeugl\u00f6sungen nicht nur f\u00fcr die Bereiche Automobil, Eisenbahn, Luft- und Raumfahrt oder Energie, sondern auch f\u00fcr den allgemeinen Maschinenbau, den Formenbau sowie f\u00fcr die \u00d6l- und Gasindustrie. Die Ingenieure von Canela entwickeln st\u00e4ndig spezielle und kosteneffiziente L\u00f6sungen f\u00fcr die Herausforderungen der Kunden.<\/p>\t\t\t\t\t\t\t\t<\/div>\n\t\t\t\t<\/div>\n\t\t<div class=\"elementor-element elementor-element-c45cc18 e-con-full e-flex e-con e-child\" data-id=\"c45cc18\" data-element_type=\"container\" data-e-type=\"container\" data-settings=\"{&quot;background_background&quot;:&quot;classic&quot;}\">\n\t\t\t\t<div class=\"elementor-element elementor-element-4af2cb6 elementor-widget elementor-widget-spacer\" data-id=\"4af2cb6\" data-element_type=\"widget\" data-e-type=\"widget\" data-widget_type=\"spacer.default\">\n\t\t\t\t\t\t\t<div class=\"elementor-spacer\">\n\t\t\t<div class=\"elementor-spacer-inner\"><\/div>\n\t\t<\/div>\n\t\t\t\t\t\t<\/div>\n\t\t\t\t<\/div>\n\t\t\t\t\t<\/div>\n\t\t\t\t<\/div>\n\t\t<div class=\"elementor-element elementor-element-d03cc48 e-flex e-con-boxed e-con e-parent\" data-id=\"d03cc48\" data-element_type=\"container\" data-e-type=\"container\" data-settings=\"{&quot;background_background&quot;:&quot;video&quot;,&quot;background_video_link&quot;:&quot;https:\\\/\\\/canelatools.com\\\/wp-content\\\/uploads\\\/2025\\\/12\\\/disc.mp4&quot;,&quot;background_play_on_mobile&quot;:&quot;yes&quot;}\">\n\t\t\t\t\t<div class=\"e-con-inner\">\n\t\t<div class=\"elementor-background-video-container\">\n\t\t\t\t\t\t\t<video class=\"elementor-background-video-hosted\" role=\"presentation\" autoplay muted playsinline loop><\/video>\n\t\t\t\t\t<\/div>\t\t\t<\/div>\n\t\t\t\t<\/div>\n\t\t\t\t<\/div>\n\t\t","protected":false},"excerpt":{"rendered":"<p>Allgemeines Ingenieurwesen Allgemeines Ingenieurwesen Manche Teile erfordern aufgrund ihrer Menge oder Form besondere Bearbeitungsl\u00f6sungen. Unsere Ingenieure und Zerspanungstechniker \u00fcberpr\u00fcfen den Einsatz von Sonderwerkzeugen nach Ma\u00df und kombinieren sie mit optimierten Fertigungsverfahren, die zu Rekordbearbeitungszeiten pro Teil f\u00fchren und eine sp\u00fcrbare Produktivit\u00e4tssteigerung bewirken. Canela bietet Sonderwerkzeugl\u00f6sungen nicht nur f\u00fcr die Bereiche Automobil, Eisenbahn, Luft- und Raumfahrt [&hellip;]<\/p>\n","protected":false},"author":1,"featured_media":0,"parent":0,"menu_order":0,"comment_status":"closed","ping_status":"closed","template":"elementor_header_footer","meta":{"footnotes":""},"class_list":["post-5472","page","type-page","status-publish","hentry"],"yoast_head":"<!-- This site is optimized with the Yoast SEO plugin v27.0 - https:\/\/yoast.com\/product\/yoast-seo-wordpress\/ -->\n<title>Allgemeines Ingenieurwesen - Canela tools<\/title>\n<meta name=\"robots\" content=\"index, follow, max-snippet:-1, max-image-preview:large, max-video-preview:-1\" \/>\n<link rel=\"canonical\" href=\"https:\/\/canelatools.com\/de\/allgemeines-ingenieurwesen\/\" \/>\n<meta property=\"og:locale\" content=\"de_DE\" \/>\n<meta property=\"og:type\" content=\"article\" \/>\n<meta property=\"og:title\" content=\"Allgemeines Ingenieurwesen - Canela tools\" \/>\n<meta property=\"og:description\" content=\"Allgemeines Ingenieurwesen Allgemeines Ingenieurwesen Manche Teile erfordern aufgrund ihrer Menge oder Form besondere Bearbeitungsl\u00f6sungen. Unsere Ingenieure und Zerspanungstechniker \u00fcberpr\u00fcfen den Einsatz von Sonderwerkzeugen nach Ma\u00df und kombinieren sie mit optimierten Fertigungsverfahren, die zu Rekordbearbeitungszeiten pro Teil f\u00fchren und eine sp\u00fcrbare Produktivit\u00e4tssteigerung bewirken. Canela bietet Sonderwerkzeugl\u00f6sungen nicht nur f\u00fcr die Bereiche Automobil, Eisenbahn, Luft- und Raumfahrt [&hellip;]\" \/>\n<meta property=\"og:url\" content=\"https:\/\/canelatools.com\/de\/allgemeines-ingenieurwesen\/\" \/>\n<meta property=\"og:site_name\" content=\"Canela tools\" \/>\n<meta property=\"article:modified_time\" content=\"2026-02-02T14:41:55+00:00\" \/>\n<meta name=\"twitter:card\" content=\"summary_large_image\" \/>\n<script type=\"application\/ld+json\" class=\"yoast-schema-graph\">{\"@context\":\"https:\/\/schema.org\",\"@graph\":[{\"@type\":\"WebPage\",\"@id\":\"https:\/\/canelatools.com\/de\/allgemeines-ingenieurwesen\/\",\"url\":\"https:\/\/canelatools.com\/de\/allgemeines-ingenieurwesen\/\",\"name\":\"Allgemeines Ingenieurwesen - Canela tools\",\"isPartOf\":{\"@id\":\"https:\/\/canelatools.com\/#website\"},\"datePublished\":\"2025-12-01T11:07:24+00:00\",\"dateModified\":\"2026-02-02T14:41:55+00:00\",\"breadcrumb\":{\"@id\":\"https:\/\/canelatools.com\/de\/allgemeines-ingenieurwesen\/#breadcrumb\"},\"inLanguage\":\"de\",\"potentialAction\":[{\"@type\":\"ReadAction\",\"target\":[\"https:\/\/canelatools.com\/de\/allgemeines-ingenieurwesen\/\"]}]},{\"@type\":\"BreadcrumbList\",\"@id\":\"https:\/\/canelatools.com\/de\/allgemeines-ingenieurwesen\/#breadcrumb\",\"itemListElement\":[{\"@type\":\"ListItem\",\"position\":1,\"name\":\"Portada\",\"item\":\"https:\/\/canelatools.com\/\"},{\"@type\":\"ListItem\",\"position\":2,\"name\":\"Allgemeines Ingenieurwesen\"}]},{\"@type\":\"WebSite\",\"@id\":\"https:\/\/canelatools.com\/#website\",\"url\":\"https:\/\/canelatools.com\/\",\"name\":\"Canela tools\",\"description\":\"\",\"potentialAction\":[{\"@type\":\"SearchAction\",\"target\":{\"@type\":\"EntryPoint\",\"urlTemplate\":\"https:\/\/canelatools.com\/?s={search_term_string}\"},\"query-input\":{\"@type\":\"PropertyValueSpecification\",\"valueRequired\":true,\"valueName\":\"search_term_string\"}}],\"inLanguage\":\"de\"}]}<\/script>\n<!-- \/ Yoast SEO plugin. -->","yoast_head_json":{"title":"Allgemeines Ingenieurwesen - Canela tools","robots":{"index":"index","follow":"follow","max-snippet":"max-snippet:-1","max-image-preview":"max-image-preview:large","max-video-preview":"max-video-preview:-1"},"canonical":"https:\/\/canelatools.com\/de\/allgemeines-ingenieurwesen\/","og_locale":"de_DE","og_type":"article","og_title":"Allgemeines Ingenieurwesen - Canela tools","og_description":"Allgemeines Ingenieurwesen Allgemeines Ingenieurwesen Manche Teile erfordern aufgrund ihrer Menge oder Form besondere Bearbeitungsl\u00f6sungen. Unsere Ingenieure und Zerspanungstechniker \u00fcberpr\u00fcfen den Einsatz von Sonderwerkzeugen nach Ma\u00df und kombinieren sie mit optimierten Fertigungsverfahren, die zu Rekordbearbeitungszeiten pro Teil f\u00fchren und eine sp\u00fcrbare Produktivit\u00e4tssteigerung bewirken. Canela bietet Sonderwerkzeugl\u00f6sungen nicht nur f\u00fcr die Bereiche Automobil, Eisenbahn, Luft- und Raumfahrt [&hellip;]","og_url":"https:\/\/canelatools.com\/de\/allgemeines-ingenieurwesen\/","og_site_name":"Canela tools","article_modified_time":"2026-02-02T14:41:55+00:00","twitter_card":"summary_large_image","schema":{"@context":"https:\/\/schema.org","@graph":[{"@type":"WebPage","@id":"https:\/\/canelatools.com\/de\/allgemeines-ingenieurwesen\/","url":"https:\/\/canelatools.com\/de\/allgemeines-ingenieurwesen\/","name":"Allgemeines Ingenieurwesen - Canela tools","isPartOf":{"@id":"https:\/\/canelatools.com\/#website"},"datePublished":"2025-12-01T11:07:24+00:00","dateModified":"2026-02-02T14:41:55+00:00","breadcrumb":{"@id":"https:\/\/canelatools.com\/de\/allgemeines-ingenieurwesen\/#breadcrumb"},"inLanguage":"de","potentialAction":[{"@type":"ReadAction","target":["https:\/\/canelatools.com\/de\/allgemeines-ingenieurwesen\/"]}]},{"@type":"BreadcrumbList","@id":"https:\/\/canelatools.com\/de\/allgemeines-ingenieurwesen\/#breadcrumb","itemListElement":[{"@type":"ListItem","position":1,"name":"Portada","item":"https:\/\/canelatools.com\/"},{"@type":"ListItem","position":2,"name":"Allgemeines Ingenieurwesen"}]},{"@type":"WebSite","@id":"https:\/\/canelatools.com\/#website","url":"https:\/\/canelatools.com\/","name":"Canela tools","description":"","potentialAction":[{"@type":"SearchAction","target":{"@type":"EntryPoint","urlTemplate":"https:\/\/canelatools.com\/?s={search_term_string}"},"query-input":{"@type":"PropertyValueSpecification","valueRequired":true,"valueName":"search_term_string"}}],"inLanguage":"de"}]}},"_links":{"self":[{"href":"https:\/\/canelatools.com\/de\/wp-json\/wp\/v2\/pages\/5472","targetHints":{"allow":["GET"]}}],"collection":[{"href":"https:\/\/canelatools.com\/de\/wp-json\/wp\/v2\/pages"}],"about":[{"href":"https:\/\/canelatools.com\/de\/wp-json\/wp\/v2\/types\/page"}],"author":[{"embeddable":true,"href":"https:\/\/canelatools.com\/de\/wp-json\/wp\/v2\/users\/1"}],"replies":[{"embeddable":true,"href":"https:\/\/canelatools.com\/de\/wp-json\/wp\/v2\/comments?post=5472"}],"version-history":[{"count":2,"href":"https:\/\/canelatools.com\/de\/wp-json\/wp\/v2\/pages\/5472\/revisions"}],"predecessor-version":[{"id":10222,"href":"https:\/\/canelatools.com\/de\/wp-json\/wp\/v2\/pages\/5472\/revisions\/10222"}],"wp:attachment":[{"href":"https:\/\/canelatools.com\/de\/wp-json\/wp\/v2\/media?parent=5472"}],"curies":[{"name":"wp","href":"https:\/\/api.w.org\/{rel}","templated":true}]}}