{"id":5500,"date":"2025-12-01T10:44:39","date_gmt":"2025-12-01T10:44:39","guid":{"rendered":"https:\/\/canelatools.com\/werkzeug-formenbau\/"},"modified":"2026-02-02T14:29:52","modified_gmt":"2026-02-02T14:29:52","slug":"werkzeug-formenbau","status":"publish","type":"page","link":"https:\/\/canelatools.com\/de\/werkzeug-formenbau\/","title":{"rendered":"Werkzeug &amp; Formenbau"},"content":{"rendered":"\t\t<div data-elementor-type=\"wp-page\" data-elementor-id=\"5500\" class=\"elementor elementor-5500 elementor-2117\" data-elementor-post-type=\"page\">\n\t\t\t\t<div class=\"elementor-element elementor-element-d2a642d e-flex e-con-boxed e-con e-parent\" data-id=\"d2a642d\" data-element_type=\"container\" data-e-type=\"container\" data-settings=\"{&quot;background_background&quot;:&quot;slideshow&quot;,&quot;background_slideshow_gallery&quot;:[{&quot;id&quot;:5497,&quot;url&quot;:&quot;https:\\\/\\\/canelatools.com\\\/wp-content\\\/uploads\\\/2025\\\/12\\\/slider_molde.jpg&quot;}],&quot;background_slideshow_loop&quot;:&quot;yes&quot;,&quot;background_slideshow_slide_duration&quot;:5000,&quot;background_slideshow_slide_transition&quot;:&quot;fade&quot;,&quot;background_slideshow_transition_duration&quot;:500}\">\n\t\t\t\t\t<div class=\"e-con-inner\">\n\t\t\t\t<div class=\"elementor-element elementor-element-9d76f4e elementor-widget elementor-widget-heading\" data-id=\"9d76f4e\" data-element_type=\"widget\" data-e-type=\"widget\" data-widget_type=\"heading.default\">\n\t\t\t\t\t<h1 class=\"elementor-heading-title elementor-size-default\">Werkzeug &amp; Formenbau<\/h1>\t\t\t\t<\/div>\n\t\t\t\t<div class=\"elementor-element elementor-element-a46c3dd elementor-widget-divider--view-line elementor-widget elementor-widget-divider\" data-id=\"a46c3dd\" data-element_type=\"widget\" data-e-type=\"widget\" data-widget_type=\"divider.default\">\n\t\t\t\t\t\t\t<div class=\"elementor-divider\">\n\t\t\t<span class=\"elementor-divider-separator\">\n\t\t\t\t\t\t<\/span>\n\t\t<\/div>\n\t\t\t\t\t\t<\/div>\n\t\t\t\t\t<\/div>\n\t\t\t\t<\/div>\n\t\t<div class=\"elementor-element elementor-element-63209a2 e-flex e-con-boxed e-con e-parent\" data-id=\"63209a2\" data-element_type=\"container\" data-e-type=\"container\" data-settings=\"{&quot;background_background&quot;:&quot;classic&quot;}\">\n\t\t\t\t\t<div class=\"e-con-inner\">\n\t\t<div class=\"elementor-element elementor-element-33fdd27 e-con-full e-flex e-con e-child\" data-id=\"33fdd27\" data-element_type=\"container\" data-e-type=\"container\">\n\t\t\t\t<div class=\"elementor-element elementor-element-151e2ba elementor-widget elementor-widget-heading\" data-id=\"151e2ba\" data-element_type=\"widget\" data-e-type=\"widget\" data-widget_type=\"heading.default\">\n\t\t\t\t\t<h2 class=\"elementor-heading-title elementor-size-default\">Werkzeug &amp; Formenbau<\/h2>\t\t\t\t<\/div>\n\t\t\t\t<div class=\"elementor-element elementor-element-5e37ebf elementor-widget-divider--view-line elementor-widget elementor-widget-divider\" data-id=\"5e37ebf\" data-element_type=\"widget\" data-e-type=\"widget\" data-widget_type=\"divider.default\">\n\t\t\t\t\t\t\t<div class=\"elementor-divider\">\n\t\t\t<span class=\"elementor-divider-separator\">\n\t\t\t\t\t\t<\/span>\n\t\t<\/div>\n\t\t\t\t\t\t<\/div>\n\t\t\t\t<div class=\"elementor-element elementor-element-302bbf7 elementor-widget elementor-widget-text-editor\" data-id=\"302bbf7\" data-element_type=\"widget\" data-e-type=\"widget\" data-widget_type=\"text-editor.default\">\n\t\t\t\t\t\t\t\t\t<p>Der Werkzeug- und Formenbau ist sehr vielf\u00e4ltig und deckt ein breites Spektrum an Komponenten ab. Oft handelt es sich um schwer zu bearbeitende Werkstoffe, die Sonderwerkzeuge f\u00fcr die Bearbeitung mit hohem Vorschub und hohem Materialabtrag erfordern. In den letzten Jahren hat Canela sein Angebot an Wendeschneidplatten und Werkzeugen st\u00e4ndig erweitert, um eine m\u00f6glichst gro\u00dfe Anzahl von L\u00f6sungen f\u00fcr den Werkzeug- und Formenbau anbieten zu k\u00f6nnen.  <\/p>\t\t\t\t\t\t\t\t<\/div>\n\t\t\t\t<\/div>\n\t\t<div class=\"elementor-element elementor-element-e719bbe e-con-full e-flex e-con e-child\" data-id=\"e719bbe\" data-element_type=\"container\" data-e-type=\"container\" data-settings=\"{&quot;background_background&quot;:&quot;classic&quot;}\">\n\t\t\t\t<div class=\"elementor-element elementor-element-e7fcda1 elementor-widget elementor-widget-spacer\" data-id=\"e7fcda1\" data-element_type=\"widget\" data-e-type=\"widget\" data-widget_type=\"spacer.default\">\n\t\t\t\t\t\t\t<div class=\"elementor-spacer\">\n\t\t\t<div class=\"elementor-spacer-inner\"><\/div>\n\t\t<\/div>\n\t\t\t\t\t\t<\/div>\n\t\t\t\t<\/div>\n\t\t\t\t\t<\/div>\n\t\t\t\t<\/div>\n\t\t<div class=\"elementor-element elementor-element-35224cb e-flex e-con-boxed e-con e-parent\" data-id=\"35224cb\" data-element_type=\"container\" data-e-type=\"container\">\n\t\t\t\t\t<div class=\"e-con-inner\">\n\t\t<div class=\"elementor-element elementor-element-79104a1 e-con-full e-flex e-con e-child\" data-id=\"79104a1\" data-element_type=\"container\" data-e-type=\"container\">\n\t\t\t\t<div class=\"elementor-element elementor-element-ab7ffad elementor-widget elementor-widget-text-editor\" data-id=\"ab7ffad\" data-element_type=\"widget\" data-e-type=\"widget\" data-widget_type=\"text-editor.default\">\n\t\t\t\t\t\t\t\t\t<p>Die verschiedenen Materialien der Werkst\u00fccke, ihre unterschiedlichen Gr\u00f6\u00dfen und die verschiedenen Bearbeitungen, die im Bereich des Werkzeug- und Formenbaus erforderlich sein k\u00f6nnen, machen das richtige Fr\u00e4swerkzeug zu einem Muss. Canela bietet zahlreiche Fr\u00e4swerkzeuge an, die bei der Herstellung von Kleinserien in spezifischen Anwendungen helfen. Innerhalb dieser Werkzeugpalette finden wir die Hochvorschubfr\u00e4ser, die durch ihr einzigartiges Plattensitzdesign f\u00fcr Schruppbearbeitungen geeignet sind. Sie sind in Durchmessern von 16 bis 80 mm und in verschiedenen Ausf\u00fchrungen erh\u00e4ltlich.   <\/p><p>Ein weiterer wichtiger Fr\u00e4svorgang im Werkzeug- und Formenbau ist das Kopieren. Die Palette der Wendeschneidplattenfr\u00e4ser von Canela umfasst die Fr\u00e4ser mit superpositiven runden RDHW-Wendeschneidplatten f\u00fcr das Halbschlichten und Schlichten von Stahl, geh\u00e4rtetem Stahl und Gu\u00df. <\/p>\t\t\t\t\t\t\t\t<\/div>\n\t\t\t\t<div class=\"elementor-element elementor-element-b71f670 elementor-widget elementor-widget-image\" data-id=\"b71f670\" data-element_type=\"widget\" data-e-type=\"widget\" data-widget_type=\"image.default\">\n\t\t\t\t\t\t\t\t\t\t\t\t\t\t\t<img fetchpriority=\"high\" decoding=\"async\" width=\"800\" height=\"581\" src=\"https:\/\/canelatools.com\/wp-content\/uploads\/2025\/12\/rdhw2-1024x744.jpg\" class=\"attachment-large size-large wp-image-5498\" alt=\"\" srcset=\"https:\/\/canelatools.com\/wp-content\/uploads\/2025\/12\/rdhw2-1024x744.jpg 1024w, https:\/\/canelatools.com\/wp-content\/uploads\/2025\/12\/rdhw2-300x218.jpg 300w, https:\/\/canelatools.com\/wp-content\/uploads\/2025\/12\/rdhw2-768x558.jpg 768w, https:\/\/canelatools.com\/wp-content\/uploads\/2025\/12\/rdhw2-1536x1116.jpg 1536w, https:\/\/canelatools.com\/wp-content\/uploads\/2025\/12\/rdhw2.jpg 1866w\" sizes=\"(max-width: 800px) 100vw, 800px\" \/>\t\t\t\t\t\t\t\t\t\t\t\t\t\t\t<\/div>\n\t\t\t\t<\/div>\n\t\t<div class=\"elementor-element elementor-element-abb007c e-con-full e-flex e-con e-child\" data-id=\"abb007c\" data-element_type=\"container\" data-e-type=\"container\">\n\t\t\t\t<div class=\"elementor-element elementor-element-0391e1f elementor-widget elementor-widget-text-editor\" data-id=\"0391e1f\" data-element_type=\"widget\" data-e-type=\"widget\" data-widget_type=\"text-editor.default\">\n\t\t\t\t\t\t\t\t\t<p>Kugelkopffr\u00e4ser von Alberg, einer Tochtergesellschaft der Canela-Gruppe, sind f\u00fcr das 3D-Profilfr\u00e4sen und die Konturierung komplexer Oberfl\u00e4chen geeignet. Die Palette f\u00fcr geh\u00e4rtete St\u00e4hle ist in kurzen bis extralangen L\u00e4ngen erh\u00e4ltlich und verf\u00fcgt \u00fcber einen Doppelradius, um die Schnittkr\u00e4fte zu reduzieren und h\u00f6here Vorsch\u00fcbe zu verkraften. Alle sind so konstruiert, da\u00df sie den bei der Bearbeitung von geh\u00e4rteten St\u00e4hlen auftretenden Radialkr\u00e4ften standhalten, und ihre verst\u00e4rkte Ausf\u00fchrung die Stabilit\u00e4t und die Abtragsleistung erh\u00f6ht.  <\/p>\t\t\t\t\t\t\t\t<\/div>\n\t\t\t\t<div class=\"elementor-element elementor-element-36c1b96 elementor-widget elementor-widget-image\" data-id=\"36c1b96\" data-element_type=\"widget\" data-e-type=\"widget\" data-widget_type=\"image.default\">\n\t\t\t\t\t\t\t\t\t\t\t\t\t\t\t<img decoding=\"async\" width=\"800\" height=\"1018\" src=\"https:\/\/canelatools.com\/wp-content\/uploads\/2025\/12\/rdhw-805x1024.jpg\" class=\"attachment-large size-large wp-image-5499\" alt=\"\" srcset=\"https:\/\/canelatools.com\/wp-content\/uploads\/2025\/12\/rdhw-805x1024.jpg 805w, https:\/\/canelatools.com\/wp-content\/uploads\/2025\/12\/rdhw-236x300.jpg 236w, https:\/\/canelatools.com\/wp-content\/uploads\/2025\/12\/rdhw-768x977.jpg 768w, https:\/\/canelatools.com\/wp-content\/uploads\/2025\/12\/rdhw-1208x1536.jpg 1208w, https:\/\/canelatools.com\/wp-content\/uploads\/2025\/12\/rdhw.jpg 1500w\" sizes=\"(max-width: 800px) 100vw, 800px\" \/>\t\t\t\t\t\t\t\t\t\t\t\t\t\t\t<\/div>\n\t\t\t\t<\/div>\n\t\t\t\t\t<\/div>\n\t\t\t\t<\/div>\n\t\t\t\t<\/div>\n\t\t","protected":false},"excerpt":{"rendered":"<p>Werkzeug &amp; Formenbau Werkzeug &amp; Formenbau Der Werkzeug- und Formenbau ist sehr vielf\u00e4ltig und deckt ein breites Spektrum an Komponenten ab. Oft handelt es sich um schwer zu bearbeitende Werkstoffe, die Sonderwerkzeuge f\u00fcr die Bearbeitung mit hohem Vorschub und hohem Materialabtrag erfordern. In den letzten Jahren hat Canela sein Angebot an Wendeschneidplatten und Werkzeugen st\u00e4ndig [&hellip;]<\/p>\n","protected":false},"author":1,"featured_media":0,"parent":0,"menu_order":0,"comment_status":"closed","ping_status":"closed","template":"elementor_header_footer","meta":{"footnotes":""},"class_list":["post-5500","page","type-page","status-publish","hentry"],"yoast_head":"<!-- This site is optimized with the Yoast SEO plugin v27.0 - https:\/\/yoast.com\/product\/yoast-seo-wordpress\/ -->\n<title>Werkzeug &amp; Formenbau - Canela tools<\/title>\n<meta name=\"robots\" content=\"index, follow, max-snippet:-1, max-image-preview:large, max-video-preview:-1\" \/>\n<link rel=\"canonical\" href=\"https:\/\/canelatools.com\/de\/werkzeug-formenbau\/\" \/>\n<meta property=\"og:locale\" content=\"de_DE\" \/>\n<meta property=\"og:type\" content=\"article\" \/>\n<meta property=\"og:title\" content=\"Werkzeug &amp; Formenbau - Canela tools\" \/>\n<meta property=\"og:description\" content=\"Werkzeug &amp; Formenbau Werkzeug &amp; Formenbau Der Werkzeug- und Formenbau ist sehr vielf\u00e4ltig und deckt ein breites Spektrum an Komponenten ab. Oft handelt es sich um schwer zu bearbeitende Werkstoffe, die Sonderwerkzeuge f\u00fcr die Bearbeitung mit hohem Vorschub und hohem Materialabtrag erfordern. In den letzten Jahren hat Canela sein Angebot an Wendeschneidplatten und Werkzeugen st\u00e4ndig [&hellip;]\" \/>\n<meta property=\"og:url\" content=\"https:\/\/canelatools.com\/de\/werkzeug-formenbau\/\" \/>\n<meta property=\"og:site_name\" content=\"Canela tools\" \/>\n<meta property=\"article:modified_time\" content=\"2026-02-02T14:29:52+00:00\" \/>\n<meta property=\"og:image\" content=\"https:\/\/canelatools.com\/wp-content\/uploads\/2025\/12\/rdhw2.jpg\" \/>\n\t<meta property=\"og:image:width\" content=\"1866\" \/>\n\t<meta property=\"og:image:height\" content=\"1356\" \/>\n\t<meta property=\"og:image:type\" content=\"image\/jpeg\" \/>\n<meta name=\"twitter:card\" content=\"summary_large_image\" \/>\n<meta name=\"twitter:label1\" content=\"Gesch\u00e4tzte Lesezeit\" \/>\n\t<meta name=\"twitter:data1\" content=\"1\u00a0Minute\" \/>\n<script type=\"application\/ld+json\" class=\"yoast-schema-graph\">{\"@context\":\"https:\/\/schema.org\",\"@graph\":[{\"@type\":\"WebPage\",\"@id\":\"https:\/\/canelatools.com\/de\/werkzeug-formenbau\/\",\"url\":\"https:\/\/canelatools.com\/de\/werkzeug-formenbau\/\",\"name\":\"Werkzeug &amp; Formenbau - Canela tools\",\"isPartOf\":{\"@id\":\"https:\/\/canelatools.com\/#website\"},\"primaryImageOfPage\":{\"@id\":\"https:\/\/canelatools.com\/de\/werkzeug-formenbau\/#primaryimage\"},\"image\":{\"@id\":\"https:\/\/canelatools.com\/de\/werkzeug-formenbau\/#primaryimage\"},\"thumbnailUrl\":\"https:\/\/canelatools.com\/wp-content\/uploads\/2025\/12\/rdhw2-1024x744.jpg\",\"datePublished\":\"2025-12-01T10:44:39+00:00\",\"dateModified\":\"2026-02-02T14:29:52+00:00\",\"breadcrumb\":{\"@id\":\"https:\/\/canelatools.com\/de\/werkzeug-formenbau\/#breadcrumb\"},\"inLanguage\":\"de\",\"potentialAction\":[{\"@type\":\"ReadAction\",\"target\":[\"https:\/\/canelatools.com\/de\/werkzeug-formenbau\/\"]}]},{\"@type\":\"ImageObject\",\"inLanguage\":\"de\",\"@id\":\"https:\/\/canelatools.com\/de\/werkzeug-formenbau\/#primaryimage\",\"url\":\"https:\/\/canelatools.com\/wp-content\/uploads\/2025\/12\/rdhw2-1024x744.jpg\",\"contentUrl\":\"https:\/\/canelatools.com\/wp-content\/uploads\/2025\/12\/rdhw2-1024x744.jpg\"},{\"@type\":\"BreadcrumbList\",\"@id\":\"https:\/\/canelatools.com\/de\/werkzeug-formenbau\/#breadcrumb\",\"itemListElement\":[{\"@type\":\"ListItem\",\"position\":1,\"name\":\"Portada\",\"item\":\"https:\/\/canelatools.com\/\"},{\"@type\":\"ListItem\",\"position\":2,\"name\":\"Werkzeug &amp; Formenbau\"}]},{\"@type\":\"WebSite\",\"@id\":\"https:\/\/canelatools.com\/#website\",\"url\":\"https:\/\/canelatools.com\/\",\"name\":\"Canela tools\",\"description\":\"\",\"potentialAction\":[{\"@type\":\"SearchAction\",\"target\":{\"@type\":\"EntryPoint\",\"urlTemplate\":\"https:\/\/canelatools.com\/?s={search_term_string}\"},\"query-input\":{\"@type\":\"PropertyValueSpecification\",\"valueRequired\":true,\"valueName\":\"search_term_string\"}}],\"inLanguage\":\"de\"}]}<\/script>\n<!-- \/ Yoast SEO plugin. -->","yoast_head_json":{"title":"Werkzeug &amp; Formenbau - Canela tools","robots":{"index":"index","follow":"follow","max-snippet":"max-snippet:-1","max-image-preview":"max-image-preview:large","max-video-preview":"max-video-preview:-1"},"canonical":"https:\/\/canelatools.com\/de\/werkzeug-formenbau\/","og_locale":"de_DE","og_type":"article","og_title":"Werkzeug &amp; Formenbau - Canela tools","og_description":"Werkzeug &amp; Formenbau Werkzeug &amp; Formenbau Der Werkzeug- und Formenbau ist sehr vielf\u00e4ltig und deckt ein breites Spektrum an Komponenten ab. Oft handelt es sich um schwer zu bearbeitende Werkstoffe, die Sonderwerkzeuge f\u00fcr die Bearbeitung mit hohem Vorschub und hohem Materialabtrag erfordern. In den letzten Jahren hat Canela sein Angebot an Wendeschneidplatten und Werkzeugen st\u00e4ndig [&hellip;]","og_url":"https:\/\/canelatools.com\/de\/werkzeug-formenbau\/","og_site_name":"Canela tools","article_modified_time":"2026-02-02T14:29:52+00:00","og_image":[{"width":1866,"height":1356,"url":"https:\/\/canelatools.com\/wp-content\/uploads\/2025\/12\/rdhw2.jpg","type":"image\/jpeg"}],"twitter_card":"summary_large_image","twitter_misc":{"Gesch\u00e4tzte Lesezeit":"1\u00a0Minute"},"schema":{"@context":"https:\/\/schema.org","@graph":[{"@type":"WebPage","@id":"https:\/\/canelatools.com\/de\/werkzeug-formenbau\/","url":"https:\/\/canelatools.com\/de\/werkzeug-formenbau\/","name":"Werkzeug &amp; Formenbau - Canela tools","isPartOf":{"@id":"https:\/\/canelatools.com\/#website"},"primaryImageOfPage":{"@id":"https:\/\/canelatools.com\/de\/werkzeug-formenbau\/#primaryimage"},"image":{"@id":"https:\/\/canelatools.com\/de\/werkzeug-formenbau\/#primaryimage"},"thumbnailUrl":"https:\/\/canelatools.com\/wp-content\/uploads\/2025\/12\/rdhw2-1024x744.jpg","datePublished":"2025-12-01T10:44:39+00:00","dateModified":"2026-02-02T14:29:52+00:00","breadcrumb":{"@id":"https:\/\/canelatools.com\/de\/werkzeug-formenbau\/#breadcrumb"},"inLanguage":"de","potentialAction":[{"@type":"ReadAction","target":["https:\/\/canelatools.com\/de\/werkzeug-formenbau\/"]}]},{"@type":"ImageObject","inLanguage":"de","@id":"https:\/\/canelatools.com\/de\/werkzeug-formenbau\/#primaryimage","url":"https:\/\/canelatools.com\/wp-content\/uploads\/2025\/12\/rdhw2-1024x744.jpg","contentUrl":"https:\/\/canelatools.com\/wp-content\/uploads\/2025\/12\/rdhw2-1024x744.jpg"},{"@type":"BreadcrumbList","@id":"https:\/\/canelatools.com\/de\/werkzeug-formenbau\/#breadcrumb","itemListElement":[{"@type":"ListItem","position":1,"name":"Portada","item":"https:\/\/canelatools.com\/"},{"@type":"ListItem","position":2,"name":"Werkzeug &amp; Formenbau"}]},{"@type":"WebSite","@id":"https:\/\/canelatools.com\/#website","url":"https:\/\/canelatools.com\/","name":"Canela tools","description":"","potentialAction":[{"@type":"SearchAction","target":{"@type":"EntryPoint","urlTemplate":"https:\/\/canelatools.com\/?s={search_term_string}"},"query-input":{"@type":"PropertyValueSpecification","valueRequired":true,"valueName":"search_term_string"}}],"inLanguage":"de"}]}},"_links":{"self":[{"href":"https:\/\/canelatools.com\/de\/wp-json\/wp\/v2\/pages\/5500","targetHints":{"allow":["GET"]}}],"collection":[{"href":"https:\/\/canelatools.com\/de\/wp-json\/wp\/v2\/pages"}],"about":[{"href":"https:\/\/canelatools.com\/de\/wp-json\/wp\/v2\/types\/page"}],"author":[{"embeddable":true,"href":"https:\/\/canelatools.com\/de\/wp-json\/wp\/v2\/users\/1"}],"replies":[{"embeddable":true,"href":"https:\/\/canelatools.com\/de\/wp-json\/wp\/v2\/comments?post=5500"}],"version-history":[{"count":2,"href":"https:\/\/canelatools.com\/de\/wp-json\/wp\/v2\/pages\/5500\/revisions"}],"predecessor-version":[{"id":10210,"href":"https:\/\/canelatools.com\/de\/wp-json\/wp\/v2\/pages\/5500\/revisions\/10210"}],"wp:attachment":[{"href":"https:\/\/canelatools.com\/de\/wp-json\/wp\/v2\/media?parent=5500"}],"curies":[{"name":"wp","href":"https:\/\/api.w.org\/{rel}","templated":true}]}}