{"id":5512,"date":"2025-12-04T12:38:38","date_gmt":"2025-12-04T12:38:38","guid":{"rendered":"https:\/\/canelatools.com\/datenschutz\/"},"modified":"2025-12-12T11:00:57","modified_gmt":"2025-12-12T11:00:57","slug":"datenschutz","status":"publish","type":"page","link":"https:\/\/canelatools.com\/de\/datenschutz\/","title":{"rendered":"Datenschutz"},"content":{"rendered":"\t\t<div data-elementor-type=\"wp-page\" data-elementor-id=\"5512\" class=\"elementor elementor-5512 elementor-3982\" data-elementor-post-type=\"page\">\n\t\t\t\t<div class=\"elementor-element elementor-element-93680c5 e-flex e-con-boxed e-con e-parent\" data-id=\"93680c5\" data-element_type=\"container\" data-e-type=\"container\" data-settings=\"{&quot;background_background&quot;:&quot;slideshow&quot;,&quot;background_slideshow_gallery&quot;:[{&quot;id&quot;:5511,&quot;url&quot;:&quot;https:\\\/\\\/canelatools.com\\\/wp-content\\\/uploads\\\/2025\\\/12\\\/slider-proteccion-datos.jpg&quot;}],&quot;background_slideshow_loop&quot;:&quot;yes&quot;,&quot;background_slideshow_slide_duration&quot;:5000,&quot;background_slideshow_slide_transition&quot;:&quot;fade&quot;,&quot;background_slideshow_transition_duration&quot;:500}\">\n\t\t\t\t\t<div class=\"e-con-inner\">\n\t\t\t\t<div class=\"elementor-element elementor-element-d641fc3 elementor-widget elementor-widget-heading\" data-id=\"d641fc3\" data-element_type=\"widget\" data-e-type=\"widget\" data-widget_type=\"heading.default\">\n\t\t\t\t\t<h1 class=\"elementor-heading-title elementor-size-default\">Datenschutz<\/h1>\t\t\t\t<\/div>\n\t\t\t\t<div class=\"elementor-element elementor-element-9353eba elementor-widget-divider--view-line elementor-widget elementor-widget-divider\" data-id=\"9353eba\" data-element_type=\"widget\" data-e-type=\"widget\" data-widget_type=\"divider.default\">\n\t\t\t\t\t\t\t<div class=\"elementor-divider\">\n\t\t\t<span class=\"elementor-divider-separator\">\n\t\t\t\t\t\t<\/span>\n\t\t<\/div>\n\t\t\t\t\t\t<\/div>\n\t\t\t\t\t<\/div>\n\t\t\t\t<\/div>\n\t\t<div class=\"elementor-element elementor-element-d8070e5 e-flex e-con-boxed e-con e-parent\" data-id=\"d8070e5\" data-element_type=\"container\" data-e-type=\"container\">\n\t\t\t\t\t<div class=\"e-con-inner\">\n\t\t\t\t<div class=\"elementor-element elementor-element-768e881 elementor-widget elementor-widget-text-editor\" data-id=\"768e881\" data-element_type=\"widget\" data-e-type=\"widget\" data-widget_type=\"text-editor.default\">\n\t\t\t\t\t\t\t\t\t<p data-start=\"241\" data-end=\"513\"><strong data-start=\"241\" data-end=\"299\">Wer ist f\u00fcr die Verarbeitung Ihrer Daten verantwortlich?<\/strong><br data-start=\"299\" data-end=\"302\">Identit\u00e4t: EINES CANELA, S.L.<br data-start=\"329\" data-end=\"332\">Ust-IdNr: ESB-08785453<br data-start=\"346\" data-end=\"349\">Postanschrift: Pol. Ind. Les Guixeres \u2013 Torrent de Vallmajor 88, 08915 Badalona (Spanien)<br data-start=\"426\" data-end=\"429\">Tel.: +34.93 399 85 61<br data-start=\"446\" data-end=\"449\">Fax: +34.93 383 40 00<br data-start=\"466\" data-end=\"469\">email: <a class=\"decorated-link cursor-pointer\" rel=\"noopener\" data-start=\"489\" data-end=\"511\">canela@canelatools.com<\/a>   <\/p><p data-start=\"515\" data-end=\"611\">Sie k\u00f6nnen unseren Datenschutzbeauftragten unter die Adresse <a class=\"decorated-link cursor-pointer\" rel=\"noopener\" data-start=\"587\" data-end=\"609\">canela@canelatools.com <\/a>direkt kontaktieren.<\/p><p data-start=\"613\" data-end=\"919\">Der Eigent\u00fcmer dieser Webseite, EINES CANELA, S.L. mit Ust.IdNr. ESB-08785453 und Sitz in Pol. Ind. Les Guixeres \u2013 Torrent de Vallmajor 88, 08915 Badalona (Spanien), eingetragen im Handelsregister von Barcelona, Band 21910, Folio 158, Blatt B-28953, Eintrag 29, stellt auf seiner Website www.canelatools.com bestimmte Inhalte informativer Art \u00fcber seine Aktivit\u00e4ten zur Verf\u00fcgung.  <\/p><p data-start=\"921\" data-end=\"1107\"><strong data-start=\"921\" data-end=\"974\">F\u00fcr welche Zwecke verarbeiten wir Ihre personenbezogenen Daten?<\/strong><br data-start=\"974\" data-end=\"977\">Die auf der Website angegebenen personenbezogenen Daten werden von EINES CANELA, S.L. gem\u00e4\u00df den folgenden Zwecken verarbeitet:<\/p><p data-start=\"1109\" data-end=\"1381\">Zur Verwaltung, Bearbeitung und Beantwortung von Anfragen, Antr\u00e4gen, Vorf\u00e4llen oder Abfragen des Benutzers, wenn dieser seine Daten \u00fcber das Formular \u201eKontakt\u201c zur Verf\u00fcgung stellt. Die Daten des Benutzers werden zu diesem Zweck gespeichert, bis er Widerspruch erhebt oder seine Einwilligung widerruft. <\/p><p data-start=\"1383\" data-end=\"1656\"><strong data-start=\"1383\" data-end=\"1428\">Wie lange werden Ihre Daten gespeichert?<\/strong><br data-start=\"1428\" data-end=\"1431\">Die angegebenen personenbezogenen Daten werden so lange aufbewahrt, wie die Gesch\u00e4ftsbeziehung besteht, solange ihre L\u00f6schung von der betroffenen Person nicht f\u00fcr einen Zeitraum von 5 Jahren ab der letzten Best\u00e4tigung Ihrer Daten beantragt wird.<\/p><p data-start=\"1658\" data-end=\"2035\"><strong data-start=\"1658\" data-end=\"1720\">Was ist die Rechtm\u00e4\u00dfigkeit f\u00fcr die Verarbeitung Ihrer Daten?<\/strong><br data-start=\"1720\" data-end=\"1723\">Die Rechtsgrundlage f\u00fcr die Verarbeitung Ihrer Daten ist das Gesch\u00e4ftsverh\u00e4ltnis, das deren Zweck und die ausdr\u00fcckliche Einwilligung entspricht. Das prospektive Angebot von Produkten und Dienstleistungen basiert auf der Zustimmung, die wir anfordern, wenn Sie uns eine E-Mail mit Ihrer Informationsanfrage schicken.<\/p><p data-start=\"2037\" data-end=\"2978\"><strong data-start=\"2037\" data-end=\"2096\">Welche Rechte haben Sie, wenn Sie uns Ihre Daten zur Verf\u00fcgung stellen?<\/strong><br data-start=\"2096\" data-end=\"2099\">Jede Person hat das Recht, eine Best\u00e4tigung zu erhalten, ob EINES CANELA, S.L. Ihre personenbezogenen Daten verarbeitet.<br data-start=\"2225\" data-end=\"2228\">Die betroffenen Personen haben das Recht auf Zugang zu ihren personenbezogenen Daten sowie auf Berichtigung unrichtiger Daten oder gegebenenfalls auf deren L\u00f6schung, unter anderem, wenn die Daten f\u00fcr die Zwecke, f\u00fcr die sie erhoben wurden, nicht mehr erforderlich sind.<br data-start=\"2492\" data-end=\"2495\">Unter bestimmten Umst\u00e4nden k\u00f6nnen die betroffenen Personen eine Einschr\u00e4nkung der Verarbeitung ihrer Daten verlangen, in diesem Fall werden sie nur zur Aus\u00fcbung oder Verteidigung von Anspr\u00fcchen aufbewahrt. Unter bestimmten Umst\u00e4nden und aus Gr\u00fcnden, die sich aus ihrer besonderen Situation ergeben, k\u00f6nnen die betroffenen Personen der Verarbeitung ihrer Daten widersprechen. EINES CANELA, S.L. wird aufh\u00f6ren, diese Daten zu verarbeiten, au\u00dfer aus zwingende legitime Gr\u00fcnde oder zur Aus\u00fcbung oder Verteidigung m\u00f6glicher Anspr\u00fcche. <\/p><p data-start=\"2980\" data-end=\"3118\">Um diese Rechte auszu\u00fcben, wenden Sie sich bitte an <a class=\"decorated-link cursor-pointer\" rel=\"noopener\" data-start=\"3095\" data-end=\"3117\">canela@canelatools.com<\/a>.<\/p><p data-start=\"3120\" data-end=\"3302\"><strong data-start=\"3120\" data-end=\"3155\">Wie haben wir Ihre Daten erhalten?<\/strong><br data-start=\"3155\" data-end=\"3158\">Die personenbezogenen Daten, die wir in EINES CANELA, S.L. verarbeiten, werden direkt vom Benutzer oder von seinem gesetzlichen Vertreter zur Verf\u00fcgung gestellt.<\/p><p data-start=\"3304\" data-end=\"3452\">Die Kategorien von Daten, die behandelt werden, sind:<br data-start=\"3346\" data-end=\"3349\">\u2013 Identifikationsdaten<br data-start=\"3372\" data-end=\"3375\">\u2013 Postanschrifte oder elektronische Adressen<br data-start=\"3412\" data-end=\"3415\">\u2013 Gesch\u00e4ftliche Informationen<br data-start=\"3438\" data-end=\"3441\">\u2013 Bilder<\/p>\t\t\t\t\t\t\t\t<\/div>\n\t\t\t\t\t<\/div>\n\t\t\t\t<\/div>\n\t\t\t\t<\/div>\n\t\t","protected":false},"excerpt":{"rendered":"<p>Datenschutz Wer ist f\u00fcr die Verarbeitung Ihrer Daten verantwortlich?Identit\u00e4t: EINES CANELA, S.L.Ust-IdNr: ESB-08785453Postanschrift: Pol. Ind. Les Guixeres \u2013 Torrent de Vallmajor 88, 08915 Badalona (Spanien)Tel.: +34.93 399 85 61Fax: +34.93 383 40 00email: canela@canelatools.com Sie k\u00f6nnen unseren Datenschutzbeauftragten unter die Adresse canela@canelatools.com direkt kontaktieren. Der Eigent\u00fcmer dieser Webseite, EINES CANELA, S.L. mit Ust.IdNr. ESB-08785453 und [&hellip;]<\/p>\n","protected":false},"author":1,"featured_media":0,"parent":0,"menu_order":0,"comment_status":"closed","ping_status":"closed","template":"elementor_header_footer","meta":{"footnotes":""},"class_list":["post-5512","page","type-page","status-publish","hentry"],"yoast_head":"<!-- This site is optimized with the Yoast SEO plugin v27.0 - https:\/\/yoast.com\/product\/yoast-seo-wordpress\/ -->\n<title>Datenschutz - Canela tools<\/title>\n<meta name=\"robots\" content=\"index, follow, max-snippet:-1, max-image-preview:large, max-video-preview:-1\" \/>\n<link rel=\"canonical\" href=\"https:\/\/canelatools.com\/de\/datenschutz\/\" \/>\n<meta property=\"og:locale\" content=\"de_DE\" \/>\n<meta property=\"og:type\" content=\"article\" \/>\n<meta property=\"og:title\" content=\"Datenschutz - Canela tools\" \/>\n<meta property=\"og:description\" content=\"Datenschutz Wer ist f\u00fcr die Verarbeitung Ihrer Daten verantwortlich?Identit\u00e4t: EINES CANELA, S.L.Ust-IdNr: ESB-08785453Postanschrift: Pol. Ind. Les Guixeres \u2013 Torrent de Vallmajor 88, 08915 Badalona (Spanien)Tel.: +34.93 399 85 61Fax: +34.93 383 40 00email: canela@canelatools.com Sie k\u00f6nnen unseren Datenschutzbeauftragten unter die Adresse canela@canelatools.com direkt kontaktieren. Der Eigent\u00fcmer dieser Webseite, EINES CANELA, S.L. mit Ust.IdNr. ESB-08785453 und [&hellip;]\" \/>\n<meta property=\"og:url\" content=\"https:\/\/canelatools.com\/de\/datenschutz\/\" \/>\n<meta property=\"og:site_name\" content=\"Canela tools\" \/>\n<meta property=\"article:modified_time\" content=\"2025-12-12T11:00:57+00:00\" \/>\n<meta name=\"twitter:card\" content=\"summary_large_image\" \/>\n<meta name=\"twitter:label1\" content=\"Gesch\u00e4tzte Lesezeit\" \/>\n\t<meta name=\"twitter:data1\" content=\"2\u00a0Minuten\" \/>\n<script type=\"application\/ld+json\" class=\"yoast-schema-graph\">{\"@context\":\"https:\/\/schema.org\",\"@graph\":[{\"@type\":\"WebPage\",\"@id\":\"https:\/\/canelatools.com\/de\/datenschutz\/\",\"url\":\"https:\/\/canelatools.com\/de\/datenschutz\/\",\"name\":\"Datenschutz - Canela tools\",\"isPartOf\":{\"@id\":\"https:\/\/canelatools.com\/#website\"},\"datePublished\":\"2025-12-04T12:38:38+00:00\",\"dateModified\":\"2025-12-12T11:00:57+00:00\",\"breadcrumb\":{\"@id\":\"https:\/\/canelatools.com\/de\/datenschutz\/#breadcrumb\"},\"inLanguage\":\"de\",\"potentialAction\":[{\"@type\":\"ReadAction\",\"target\":[\"https:\/\/canelatools.com\/de\/datenschutz\/\"]}]},{\"@type\":\"BreadcrumbList\",\"@id\":\"https:\/\/canelatools.com\/de\/datenschutz\/#breadcrumb\",\"itemListElement\":[{\"@type\":\"ListItem\",\"position\":1,\"name\":\"Portada\",\"item\":\"https:\/\/canelatools.com\/\"},{\"@type\":\"ListItem\",\"position\":2,\"name\":\"Datenschutz\"}]},{\"@type\":\"WebSite\",\"@id\":\"https:\/\/canelatools.com\/#website\",\"url\":\"https:\/\/canelatools.com\/\",\"name\":\"Canela tools\",\"description\":\"\",\"potentialAction\":[{\"@type\":\"SearchAction\",\"target\":{\"@type\":\"EntryPoint\",\"urlTemplate\":\"https:\/\/canelatools.com\/?s={search_term_string}\"},\"query-input\":{\"@type\":\"PropertyValueSpecification\",\"valueRequired\":true,\"valueName\":\"search_term_string\"}}],\"inLanguage\":\"de\"}]}<\/script>\n<!-- \/ Yoast SEO plugin. -->","yoast_head_json":{"title":"Datenschutz - Canela tools","robots":{"index":"index","follow":"follow","max-snippet":"max-snippet:-1","max-image-preview":"max-image-preview:large","max-video-preview":"max-video-preview:-1"},"canonical":"https:\/\/canelatools.com\/de\/datenschutz\/","og_locale":"de_DE","og_type":"article","og_title":"Datenschutz - Canela tools","og_description":"Datenschutz Wer ist f\u00fcr die Verarbeitung Ihrer Daten verantwortlich?Identit\u00e4t: EINES CANELA, S.L.Ust-IdNr: ESB-08785453Postanschrift: Pol. Ind. Les Guixeres \u2013 Torrent de Vallmajor 88, 08915 Badalona (Spanien)Tel.: +34.93 399 85 61Fax: +34.93 383 40 00email: canela@canelatools.com Sie k\u00f6nnen unseren Datenschutzbeauftragten unter die Adresse canela@canelatools.com direkt kontaktieren. Der Eigent\u00fcmer dieser Webseite, EINES CANELA, S.L. mit Ust.IdNr. ESB-08785453 und [&hellip;]","og_url":"https:\/\/canelatools.com\/de\/datenschutz\/","og_site_name":"Canela tools","article_modified_time":"2025-12-12T11:00:57+00:00","twitter_card":"summary_large_image","twitter_misc":{"Gesch\u00e4tzte Lesezeit":"2\u00a0Minuten"},"schema":{"@context":"https:\/\/schema.org","@graph":[{"@type":"WebPage","@id":"https:\/\/canelatools.com\/de\/datenschutz\/","url":"https:\/\/canelatools.com\/de\/datenschutz\/","name":"Datenschutz - Canela tools","isPartOf":{"@id":"https:\/\/canelatools.com\/#website"},"datePublished":"2025-12-04T12:38:38+00:00","dateModified":"2025-12-12T11:00:57+00:00","breadcrumb":{"@id":"https:\/\/canelatools.com\/de\/datenschutz\/#breadcrumb"},"inLanguage":"de","potentialAction":[{"@type":"ReadAction","target":["https:\/\/canelatools.com\/de\/datenschutz\/"]}]},{"@type":"BreadcrumbList","@id":"https:\/\/canelatools.com\/de\/datenschutz\/#breadcrumb","itemListElement":[{"@type":"ListItem","position":1,"name":"Portada","item":"https:\/\/canelatools.com\/"},{"@type":"ListItem","position":2,"name":"Datenschutz"}]},{"@type":"WebSite","@id":"https:\/\/canelatools.com\/#website","url":"https:\/\/canelatools.com\/","name":"Canela tools","description":"","potentialAction":[{"@type":"SearchAction","target":{"@type":"EntryPoint","urlTemplate":"https:\/\/canelatools.com\/?s={search_term_string}"},"query-input":{"@type":"PropertyValueSpecification","valueRequired":true,"valueName":"search_term_string"}}],"inLanguage":"de"}]}},"_links":{"self":[{"href":"https:\/\/canelatools.com\/de\/wp-json\/wp\/v2\/pages\/5512","targetHints":{"allow":["GET"]}}],"collection":[{"href":"https:\/\/canelatools.com\/de\/wp-json\/wp\/v2\/pages"}],"about":[{"href":"https:\/\/canelatools.com\/de\/wp-json\/wp\/v2\/types\/page"}],"author":[{"embeddable":true,"href":"https:\/\/canelatools.com\/de\/wp-json\/wp\/v2\/users\/1"}],"replies":[{"embeddable":true,"href":"https:\/\/canelatools.com\/de\/wp-json\/wp\/v2\/comments?post=5512"}],"version-history":[{"count":1,"href":"https:\/\/canelatools.com\/de\/wp-json\/wp\/v2\/pages\/5512\/revisions"}],"predecessor-version":[{"id":5513,"href":"https:\/\/canelatools.com\/de\/wp-json\/wp\/v2\/pages\/5512\/revisions\/5513"}],"wp:attachment":[{"href":"https:\/\/canelatools.com\/de\/wp-json\/wp\/v2\/media?parent=5512"}],"curies":[{"name":"wp","href":"https:\/\/api.w.org\/{rel}","templated":true}]}}