{"id":5531,"date":"2025-11-25T14:35:11","date_gmt":"2025-11-25T14:35:11","guid":{"rendered":"https:\/\/canelatools.com\/gewindeschneiden\/"},"modified":"2026-02-11T08:59:41","modified_gmt":"2026-02-11T08:59:41","slug":"gewindeschneiden","status":"publish","type":"page","link":"https:\/\/canelatools.com\/de\/gewindeschneiden\/","title":{"rendered":"Gewindeschneiden"},"content":{"rendered":"\t\t<div data-elementor-type=\"wp-page\" data-elementor-id=\"5531\" class=\"elementor elementor-5531 elementor-690\" data-elementor-post-type=\"page\">\n\t\t\t\t<div class=\"elementor-element elementor-element-bb4c2e2 e-flex e-con-boxed e-con e-parent\" data-id=\"bb4c2e2\" data-element_type=\"container\" data-e-type=\"container\" data-settings=\"{&quot;background_background&quot;:&quot;slideshow&quot;,&quot;background_slideshow_gallery&quot;:[{&quot;id&quot;:5527,&quot;url&quot;:&quot;https:\\\/\\\/canelatools.com\\\/wp-content\\\/uploads\\\/2025\\\/11\\\/slider-roscado.jpg&quot;}],&quot;background_slideshow_loop&quot;:&quot;yes&quot;,&quot;background_slideshow_slide_duration&quot;:5000,&quot;background_slideshow_slide_transition&quot;:&quot;fade&quot;,&quot;background_slideshow_transition_duration&quot;:500}\">\n\t\t\t\t\t<div class=\"e-con-inner\">\n\t\t\t\t<div class=\"elementor-element elementor-element-593361d elementor-widget elementor-widget-heading\" data-id=\"593361d\" data-element_type=\"widget\" data-e-type=\"widget\" data-widget_type=\"heading.default\">\n\t\t\t\t\t<h1 class=\"elementor-heading-title elementor-size-default\">Gewindeschneiden<\/h1>\t\t\t\t<\/div>\n\t\t\t\t<div class=\"elementor-element elementor-element-3fb571b elementor-widget-divider--view-line elementor-widget elementor-widget-divider\" data-id=\"3fb571b\" data-element_type=\"widget\" data-e-type=\"widget\" data-widget_type=\"divider.default\">\n\t\t\t\t\t\t\t<div class=\"elementor-divider\">\n\t\t\t<span class=\"elementor-divider-separator\">\n\t\t\t\t\t\t<\/span>\n\t\t<\/div>\n\t\t\t\t\t\t<\/div>\n\t\t\t\t\t<\/div>\n\t\t\t\t<\/div>\n\t\t<div class=\"elementor-element elementor-element-88815f8 e-flex e-con-boxed e-con e-parent\" data-id=\"88815f8\" data-element_type=\"container\" data-e-type=\"container\">\n\t\t\t\t\t<div class=\"e-con-inner\">\n\t\t<div class=\"elementor-element elementor-element-52e2c6d e-con-full e-flex e-con e-child\" data-id=\"52e2c6d\" data-element_type=\"container\" data-e-type=\"container\">\n\t\t\t\t<div class=\"elementor-element elementor-element-cfc9890 elementor-widget elementor-widget-heading\" data-id=\"cfc9890\" data-element_type=\"widget\" data-e-type=\"widget\" data-widget_type=\"heading.default\">\n\t\t\t\t\t<h2 class=\"elementor-heading-title elementor-size-default\">Gewindeschneiden<\/h2>\t\t\t\t<\/div>\n\t\t\t\t<div class=\"elementor-element elementor-element-5e59464 elementor-widget-divider--view-line elementor-widget elementor-widget-divider\" data-id=\"5e59464\" data-element_type=\"widget\" data-e-type=\"widget\" data-widget_type=\"divider.default\">\n\t\t\t\t\t\t\t<div class=\"elementor-divider\">\n\t\t\t<span class=\"elementor-divider-separator\">\n\t\t\t\t\t\t<\/span>\n\t\t<\/div>\n\t\t\t\t\t\t<\/div>\n\t\t\t\t<div class=\"elementor-element elementor-element-62946fc elementor-widget elementor-widget-text-editor\" data-id=\"62946fc\" data-element_type=\"widget\" data-e-type=\"widget\" data-widget_type=\"text-editor.default\">\n\t\t\t\t\t\t\t\t\t<p><span data-teams=\"true\">Breite Auswahl an Werkzeuge zum Gewindeschneiden, mit der M\u00f6glichkeit, zwischen zwei Klemmsysteme zu w\u00e4hlen, das hei\u00dft, mit Schraube oder mit Spannpratze. Mehr als 1200 Kombinationen von Profilen und Gewindesteigungen in multifunktionellen Sorten. <\/span>Spezielles Programm f\u00fcr die Erd\u00f6lindustrie, mit allen Wendeplatten f\u00fcr API-Gewinden. Es gibt auch die M\u00f6glichkeit, Steigungen oder Formen in Sonderausf\u00fchrungen zu machen.<\/p><p>Standard- und Sonderwerkzeuge zum Gewindeschneiden, sowohl f\u00fcr die Erd\u00f6l- und die Automobilindustrie, als auch f\u00fcr die Firmen, die allgemeine Bearbeitungen machen.<\/p>\t\t\t\t\t\t\t\t<\/div>\n\t\t\t\t<\/div>\n\t\t<div class=\"elementor-element elementor-element-6751c37 e-con-full e-flex e-con e-child\" data-id=\"6751c37\" data-element_type=\"container\" data-e-type=\"container\">\n\t\t\t\t<div class=\"elementor-element elementor-element-ebc60e0 elementor-widget elementor-widget-image\" data-id=\"ebc60e0\" data-element_type=\"widget\" data-e-type=\"widget\" data-widget_type=\"image.default\">\n\t\t\t\t\t\t\t\t\t\t\t\t\t\t\t<img fetchpriority=\"high\" decoding=\"async\" width=\"800\" height=\"431\" src=\"https:\/\/canelatools.com\/wp-content\/uploads\/2025\/11\/roscado01-1.jpg\" class=\"attachment-large size-large wp-image-5528\" alt=\"\" srcset=\"https:\/\/canelatools.com\/wp-content\/uploads\/2025\/11\/roscado01-1.jpg 956w, https:\/\/canelatools.com\/wp-content\/uploads\/2025\/11\/roscado01-1-300x162.jpg 300w, https:\/\/canelatools.com\/wp-content\/uploads\/2025\/11\/roscado01-1-768x414.jpg 768w\" sizes=\"(max-width: 800px) 100vw, 800px\" \/>\t\t\t\t\t\t\t\t\t\t\t\t\t\t\t<\/div>\n\t\t\t\t<\/div>\n\t\t\t\t\t<\/div>\n\t\t\t\t<\/div>\n\t\t<div class=\"elementor-element elementor-element-f7c0021 elementor-hidden-desktop elementor-hidden-tablet e-flex e-con-boxed e-con e-parent\" data-id=\"f7c0021\" data-element_type=\"container\" data-e-type=\"container\">\n\t\t\t\t\t<div class=\"e-con-inner\">\n\t\t<div class=\"elementor-element elementor-element-6347b37 e-con-full e-flex e-con e-child\" data-id=\"6347b37\" data-element_type=\"container\" data-e-type=\"container\">\n\t\t\t\t<div class=\"elementor-element elementor-element-78612fa elementor-widget__width-initial elementor-widget elementor-widget-image\" data-id=\"78612fa\" data-element_type=\"widget\" data-e-type=\"widget\" data-widget_type=\"image.default\">\n\t\t\t\t\t\t\t\t\t\t\t\t\t\t\t<img decoding=\"async\" width=\"600\" height=\"98\" src=\"https:\/\/canelatools.com\/wp-content\/uploads\/2025\/11\/ES_plaquitas-ERM.png\" class=\"attachment-full size-full wp-image-5529\" alt=\"\" srcset=\"https:\/\/canelatools.com\/wp-content\/uploads\/2025\/11\/ES_plaquitas-ERM.png 600w, https:\/\/canelatools.com\/wp-content\/uploads\/2025\/11\/ES_plaquitas-ERM-300x49.png 300w\" sizes=\"(max-width: 600px) 100vw, 600px\" \/>\t\t\t\t\t\t\t\t\t\t\t\t\t\t\t<\/div>\n\t\t\t\t<div class=\"elementor-element elementor-element-49e828a elementor-widget-divider--view-line elementor-widget elementor-widget-divider\" data-id=\"49e828a\" data-element_type=\"widget\" data-e-type=\"widget\" data-widget_type=\"divider.default\">\n\t\t\t\t\t\t\t<div class=\"elementor-divider\">\n\t\t\t<span class=\"elementor-divider-separator\">\n\t\t\t\t\t\t<\/span>\n\t\t<\/div>\n\t\t\t\t\t\t<\/div>\n\t\t\t\t<div class=\"elementor-element elementor-element-d60635c elementor-widget elementor-widget-text-editor\" data-id=\"d60635c\" data-element_type=\"widget\" data-e-type=\"widget\" data-widget_type=\"text-editor.default\">\n\t\t\t\t\t\t\t\t\t<ul><li><span data-teams=\"true\">Kosteneffektiv <\/span><\/li><li><span data-teams=\"true\">Verbesserte Spankontrolle <\/span><\/li><li><span data-teams=\"true\">Eine l\u00f6sung f\u00fcr alle Materialien<\/span><\/li><\/ul>\t\t\t\t\t\t\t\t<\/div>\n\t\t\t\t<div class=\"elementor-element elementor-element-63b1edf elementor-widget elementor-widget-video\" data-id=\"63b1edf\" data-element_type=\"widget\" data-e-type=\"widget\" data-settings=\"{&quot;youtube_url&quot;:&quot;https:\\\/\\\/www.youtube.com\\\/watch?v=OxRwfL_Igrg&quot;,&quot;video_type&quot;:&quot;youtube&quot;,&quot;controls&quot;:&quot;yes&quot;}\" data-widget_type=\"video.default\">\n\t\t\t\t\t\t\t<div class=\"elementor-wrapper elementor-open-inline\">\n\t\t\t<div class=\"elementor-video\"><\/div>\t\t<\/div>\n\t\t\t\t\t\t<\/div>\n\t\t\t\t<\/div>\n\t\t<div class=\"elementor-element elementor-element-6260d4f e-con-full e-flex e-con e-child\" data-id=\"6260d4f\" data-element_type=\"container\" data-e-type=\"container\" data-settings=\"{&quot;background_background&quot;:&quot;slideshow&quot;,&quot;background_slideshow_gallery&quot;:[{&quot;id&quot;:5530,&quot;url&quot;:&quot;https:\\\/\\\/canelatools.com\\\/wp-content\\\/uploads\\\/2025\\\/11\\\/roscado02-scaled.jpg&quot;}],&quot;background_slideshow_loop&quot;:&quot;yes&quot;,&quot;background_slideshow_slide_duration&quot;:5000,&quot;background_slideshow_slide_transition&quot;:&quot;fade&quot;,&quot;background_slideshow_transition_duration&quot;:500}\">\n\t\t\t\t<\/div>\n\t\t\t\t\t<\/div>\n\t\t\t\t<\/div>\n\t\t<div class=\"elementor-element elementor-element-59567fd elementor-hidden-mobile e-flex e-con-boxed e-con e-parent\" data-id=\"59567fd\" data-element_type=\"container\" data-e-type=\"container\" data-settings=\"{&quot;background_background&quot;:&quot;slideshow&quot;,&quot;background_slideshow_gallery&quot;:[{&quot;id&quot;:5530,&quot;url&quot;:&quot;https:\\\/\\\/canelatools.com\\\/wp-content\\\/uploads\\\/2025\\\/11\\\/roscado02-scaled.jpg&quot;}],&quot;background_slideshow_loop&quot;:&quot;yes&quot;,&quot;background_slideshow_slide_duration&quot;:5000,&quot;background_slideshow_slide_transition&quot;:&quot;fade&quot;,&quot;background_slideshow_transition_duration&quot;:500}\">\n\t\t\t\t\t<div class=\"e-con-inner\">\n\t\t<div class=\"elementor-element elementor-element-6cf3ca7 e-con-full e-flex e-con e-child\" data-id=\"6cf3ca7\" data-element_type=\"container\" data-e-type=\"container\">\n\t\t\t\t<\/div>\n\t\t<div class=\"elementor-element elementor-element-787ea89 e-con-full e-flex e-con e-child\" data-id=\"787ea89\" data-element_type=\"container\" data-e-type=\"container\">\n\t\t\t\t<div class=\"elementor-element elementor-element-631c96f elementor-widget__width-initial elementor-widget elementor-widget-image\" data-id=\"631c96f\" data-element_type=\"widget\" data-e-type=\"widget\" data-widget_type=\"image.default\">\n\t\t\t\t\t\t\t\t\t\t\t\t\t\t\t<img decoding=\"async\" width=\"600\" height=\"98\" src=\"https:\/\/canelatools.com\/wp-content\/uploads\/2026\/02\/DE_plaquitas-ERM.png\" class=\"attachment-full size-full wp-image-10360\" alt=\"\" srcset=\"https:\/\/canelatools.com\/wp-content\/uploads\/2026\/02\/DE_plaquitas-ERM.png 600w, https:\/\/canelatools.com\/wp-content\/uploads\/2026\/02\/DE_plaquitas-ERM-300x49.png 300w\" sizes=\"(max-width: 600px) 100vw, 600px\" \/>\t\t\t\t\t\t\t\t\t\t\t\t\t\t\t<\/div>\n\t\t\t\t<div class=\"elementor-element elementor-element-4d9dcb8 elementor-widget-divider--view-line elementor-widget elementor-widget-divider\" data-id=\"4d9dcb8\" data-element_type=\"widget\" data-e-type=\"widget\" data-widget_type=\"divider.default\">\n\t\t\t\t\t\t\t<div class=\"elementor-divider\">\n\t\t\t<span class=\"elementor-divider-separator\">\n\t\t\t\t\t\t<\/span>\n\t\t<\/div>\n\t\t\t\t\t\t<\/div>\n\t\t\t\t<div class=\"elementor-element elementor-element-b4cf106 elementor-widget elementor-widget-text-editor\" data-id=\"b4cf106\" data-element_type=\"widget\" data-e-type=\"widget\" data-widget_type=\"text-editor.default\">\n\t\t\t\t\t\t\t\t\t<ul><li><span data-teams=\"true\">Kosteneffektiv <\/span><\/li><li><span data-teams=\"true\">Verbesserte Spankontrolle <\/span><\/li><li><span data-teams=\"true\">Eine l\u00f6sung f\u00fcr alle Materialien<\/span><\/li><\/ul>\t\t\t\t\t\t\t\t<\/div>\n\t\t\t\t<div class=\"elementor-element elementor-element-d4c1660 elementor-widget elementor-widget-video\" data-id=\"d4c1660\" data-element_type=\"widget\" data-e-type=\"widget\" data-settings=\"{&quot;youtube_url&quot;:&quot;https:\\\/\\\/www.youtube.com\\\/watch?v=OxRwfL_Igrg&quot;,&quot;video_type&quot;:&quot;youtube&quot;,&quot;controls&quot;:&quot;yes&quot;}\" data-widget_type=\"video.default\">\n\t\t\t\t\t\t\t<div class=\"elementor-wrapper elementor-open-inline\">\n\t\t\t<div class=\"elementor-video\"><\/div>\t\t<\/div>\n\t\t\t\t\t\t<\/div>\n\t\t\t\t<\/div>\n\t\t\t\t\t<\/div>\n\t\t\t\t<\/div>\n\t\t\t\t<\/div>\n\t\t","protected":false},"excerpt":{"rendered":"<p>Gewindeschneiden Gewindeschneiden Breite Auswahl an Werkzeuge zum Gewindeschneiden, mit der M\u00f6glichkeit, zwischen zwei Klemmsysteme zu w\u00e4hlen, das hei\u00dft, mit Schraube oder mit Spannpratze. Mehr als 1200 Kombinationen von Profilen und Gewindesteigungen in multifunktionellen Sorten. Spezielles Programm f\u00fcr die Erd\u00f6lindustrie, mit allen Wendeplatten f\u00fcr API-Gewinden. Es gibt auch die M\u00f6glichkeit, Steigungen oder Formen in Sonderausf\u00fchrungen zu [&hellip;]<\/p>\n","protected":false},"author":1,"featured_media":0,"parent":0,"menu_order":0,"comment_status":"closed","ping_status":"closed","template":"elementor_header_footer","meta":{"footnotes":""},"class_list":["post-5531","page","type-page","status-publish","hentry"],"yoast_head":"<!-- This site is optimized with the Yoast SEO plugin v27.0 - https:\/\/yoast.com\/product\/yoast-seo-wordpress\/ -->\n<title>Gewindeschneiden - Canela tools<\/title>\n<meta name=\"robots\" content=\"index, follow, max-snippet:-1, max-image-preview:large, max-video-preview:-1\" \/>\n<link rel=\"canonical\" href=\"https:\/\/canelatools.com\/de\/gewindeschneiden\/\" \/>\n<meta property=\"og:locale\" content=\"de_DE\" \/>\n<meta property=\"og:type\" content=\"article\" \/>\n<meta property=\"og:title\" content=\"Gewindeschneiden - Canela tools\" \/>\n<meta property=\"og:description\" content=\"Gewindeschneiden Gewindeschneiden Breite Auswahl an Werkzeuge zum Gewindeschneiden, mit der M\u00f6glichkeit, zwischen zwei Klemmsysteme zu w\u00e4hlen, das hei\u00dft, mit Schraube oder mit Spannpratze. Mehr als 1200 Kombinationen von Profilen und Gewindesteigungen in multifunktionellen Sorten. Spezielles Programm f\u00fcr die Erd\u00f6lindustrie, mit allen Wendeplatten f\u00fcr API-Gewinden. Es gibt auch die M\u00f6glichkeit, Steigungen oder Formen in Sonderausf\u00fchrungen zu [&hellip;]\" \/>\n<meta property=\"og:url\" content=\"https:\/\/canelatools.com\/de\/gewindeschneiden\/\" \/>\n<meta property=\"og:site_name\" content=\"Canela tools\" \/>\n<meta property=\"article:modified_time\" content=\"2026-02-11T08:59:41+00:00\" \/>\n<meta property=\"og:image\" content=\"https:\/\/canelatools.com\/wp-content\/uploads\/2025\/11\/roscado01-1.jpg\" \/>\n\t<meta property=\"og:image:width\" content=\"956\" \/>\n\t<meta property=\"og:image:height\" content=\"515\" \/>\n\t<meta property=\"og:image:type\" content=\"image\/jpeg\" \/>\n<meta name=\"twitter:card\" content=\"summary_large_image\" \/>\n<meta name=\"twitter:label1\" content=\"Gesch\u00e4tzte Lesezeit\" \/>\n\t<meta name=\"twitter:data1\" content=\"1\u00a0Minute\" \/>\n<script type=\"application\/ld+json\" class=\"yoast-schema-graph\">{\"@context\":\"https:\/\/schema.org\",\"@graph\":[{\"@type\":\"WebPage\",\"@id\":\"https:\/\/canelatools.com\/de\/gewindeschneiden\/\",\"url\":\"https:\/\/canelatools.com\/de\/gewindeschneiden\/\",\"name\":\"Gewindeschneiden - Canela tools\",\"isPartOf\":{\"@id\":\"https:\/\/canelatools.com\/#website\"},\"primaryImageOfPage\":{\"@id\":\"https:\/\/canelatools.com\/de\/gewindeschneiden\/#primaryimage\"},\"image\":{\"@id\":\"https:\/\/canelatools.com\/de\/gewindeschneiden\/#primaryimage\"},\"thumbnailUrl\":\"https:\/\/canelatools.com\/wp-content\/uploads\/2025\/11\/roscado01-1.jpg\",\"datePublished\":\"2025-11-25T14:35:11+00:00\",\"dateModified\":\"2026-02-11T08:59:41+00:00\",\"breadcrumb\":{\"@id\":\"https:\/\/canelatools.com\/de\/gewindeschneiden\/#breadcrumb\"},\"inLanguage\":\"de\",\"potentialAction\":[{\"@type\":\"ReadAction\",\"target\":[\"https:\/\/canelatools.com\/de\/gewindeschneiden\/\"]}]},{\"@type\":\"ImageObject\",\"inLanguage\":\"de\",\"@id\":\"https:\/\/canelatools.com\/de\/gewindeschneiden\/#primaryimage\",\"url\":\"https:\/\/canelatools.com\/wp-content\/uploads\/2025\/11\/roscado01-1.jpg\",\"contentUrl\":\"https:\/\/canelatools.com\/wp-content\/uploads\/2025\/11\/roscado01-1.jpg\"},{\"@type\":\"BreadcrumbList\",\"@id\":\"https:\/\/canelatools.com\/de\/gewindeschneiden\/#breadcrumb\",\"itemListElement\":[{\"@type\":\"ListItem\",\"position\":1,\"name\":\"Portada\",\"item\":\"https:\/\/canelatools.com\/\"},{\"@type\":\"ListItem\",\"position\":2,\"name\":\"Gewindeschneiden\"}]},{\"@type\":\"WebSite\",\"@id\":\"https:\/\/canelatools.com\/#website\",\"url\":\"https:\/\/canelatools.com\/\",\"name\":\"Canela tools\",\"description\":\"\",\"potentialAction\":[{\"@type\":\"SearchAction\",\"target\":{\"@type\":\"EntryPoint\",\"urlTemplate\":\"https:\/\/canelatools.com\/?s={search_term_string}\"},\"query-input\":{\"@type\":\"PropertyValueSpecification\",\"valueRequired\":true,\"valueName\":\"search_term_string\"}}],\"inLanguage\":\"de\"}]}<\/script>\n<!-- \/ Yoast SEO plugin. -->","yoast_head_json":{"title":"Gewindeschneiden - Canela tools","robots":{"index":"index","follow":"follow","max-snippet":"max-snippet:-1","max-image-preview":"max-image-preview:large","max-video-preview":"max-video-preview:-1"},"canonical":"https:\/\/canelatools.com\/de\/gewindeschneiden\/","og_locale":"de_DE","og_type":"article","og_title":"Gewindeschneiden - Canela tools","og_description":"Gewindeschneiden Gewindeschneiden Breite Auswahl an Werkzeuge zum Gewindeschneiden, mit der M\u00f6glichkeit, zwischen zwei Klemmsysteme zu w\u00e4hlen, das hei\u00dft, mit Schraube oder mit Spannpratze. Mehr als 1200 Kombinationen von Profilen und Gewindesteigungen in multifunktionellen Sorten. Spezielles Programm f\u00fcr die Erd\u00f6lindustrie, mit allen Wendeplatten f\u00fcr API-Gewinden. Es gibt auch die M\u00f6glichkeit, Steigungen oder Formen in Sonderausf\u00fchrungen zu [&hellip;]","og_url":"https:\/\/canelatools.com\/de\/gewindeschneiden\/","og_site_name":"Canela tools","article_modified_time":"2026-02-11T08:59:41+00:00","og_image":[{"width":956,"height":515,"url":"https:\/\/canelatools.com\/wp-content\/uploads\/2025\/11\/roscado01-1.jpg","type":"image\/jpeg"}],"twitter_card":"summary_large_image","twitter_misc":{"Gesch\u00e4tzte Lesezeit":"1\u00a0Minute"},"schema":{"@context":"https:\/\/schema.org","@graph":[{"@type":"WebPage","@id":"https:\/\/canelatools.com\/de\/gewindeschneiden\/","url":"https:\/\/canelatools.com\/de\/gewindeschneiden\/","name":"Gewindeschneiden - Canela tools","isPartOf":{"@id":"https:\/\/canelatools.com\/#website"},"primaryImageOfPage":{"@id":"https:\/\/canelatools.com\/de\/gewindeschneiden\/#primaryimage"},"image":{"@id":"https:\/\/canelatools.com\/de\/gewindeschneiden\/#primaryimage"},"thumbnailUrl":"https:\/\/canelatools.com\/wp-content\/uploads\/2025\/11\/roscado01-1.jpg","datePublished":"2025-11-25T14:35:11+00:00","dateModified":"2026-02-11T08:59:41+00:00","breadcrumb":{"@id":"https:\/\/canelatools.com\/de\/gewindeschneiden\/#breadcrumb"},"inLanguage":"de","potentialAction":[{"@type":"ReadAction","target":["https:\/\/canelatools.com\/de\/gewindeschneiden\/"]}]},{"@type":"ImageObject","inLanguage":"de","@id":"https:\/\/canelatools.com\/de\/gewindeschneiden\/#primaryimage","url":"https:\/\/canelatools.com\/wp-content\/uploads\/2025\/11\/roscado01-1.jpg","contentUrl":"https:\/\/canelatools.com\/wp-content\/uploads\/2025\/11\/roscado01-1.jpg"},{"@type":"BreadcrumbList","@id":"https:\/\/canelatools.com\/de\/gewindeschneiden\/#breadcrumb","itemListElement":[{"@type":"ListItem","position":1,"name":"Portada","item":"https:\/\/canelatools.com\/"},{"@type":"ListItem","position":2,"name":"Gewindeschneiden"}]},{"@type":"WebSite","@id":"https:\/\/canelatools.com\/#website","url":"https:\/\/canelatools.com\/","name":"Canela tools","description":"","potentialAction":[{"@type":"SearchAction","target":{"@type":"EntryPoint","urlTemplate":"https:\/\/canelatools.com\/?s={search_term_string}"},"query-input":{"@type":"PropertyValueSpecification","valueRequired":true,"valueName":"search_term_string"}}],"inLanguage":"de"}]}},"_links":{"self":[{"href":"https:\/\/canelatools.com\/de\/wp-json\/wp\/v2\/pages\/5531","targetHints":{"allow":["GET"]}}],"collection":[{"href":"https:\/\/canelatools.com\/de\/wp-json\/wp\/v2\/pages"}],"about":[{"href":"https:\/\/canelatools.com\/de\/wp-json\/wp\/v2\/types\/page"}],"author":[{"embeddable":true,"href":"https:\/\/canelatools.com\/de\/wp-json\/wp\/v2\/users\/1"}],"replies":[{"embeddable":true,"href":"https:\/\/canelatools.com\/de\/wp-json\/wp\/v2\/comments?post=5531"}],"version-history":[{"count":13,"href":"https:\/\/canelatools.com\/de\/wp-json\/wp\/v2\/pages\/5531\/revisions"}],"predecessor-version":[{"id":10951,"href":"https:\/\/canelatools.com\/de\/wp-json\/wp\/v2\/pages\/5531\/revisions\/10951"}],"wp:attachment":[{"href":"https:\/\/canelatools.com\/de\/wp-json\/wp\/v2\/media?parent=5531"}],"curies":[{"name":"wp","href":"https:\/\/api.w.org\/{rel}","templated":true}]}}