{"id":5549,"date":"2025-12-04T12:40:48","date_gmt":"2025-12-04T12:40:48","guid":{"rendered":"https:\/\/canelatools.com\/bedingungen-und-konditionen\/"},"modified":"2025-12-12T11:27:51","modified_gmt":"2025-12-12T11:27:51","slug":"bedingungen-und-konditionen","status":"publish","type":"page","link":"https:\/\/canelatools.com\/de\/bedingungen-und-konditionen\/","title":{"rendered":"Bedingungen und Konditionen"},"content":{"rendered":"\t\t<div data-elementor-type=\"wp-page\" data-elementor-id=\"5549\" class=\"elementor elementor-5549 elementor-3987\" data-elementor-post-type=\"page\">\n\t\t\t\t<div class=\"elementor-element elementor-element-19f57aa e-flex e-con-boxed e-con e-parent\" data-id=\"19f57aa\" data-element_type=\"container\" data-e-type=\"container\" data-settings=\"{&quot;background_background&quot;:&quot;slideshow&quot;,&quot;background_slideshow_gallery&quot;:[{&quot;id&quot;:5548,&quot;url&quot;:&quot;https:\\\/\\\/canelatools.com\\\/wp-content\\\/uploads\\\/2025\\\/12\\\/slider-terminos-y-condiciones.jpg&quot;}],&quot;background_slideshow_loop&quot;:&quot;yes&quot;,&quot;background_slideshow_slide_duration&quot;:5000,&quot;background_slideshow_slide_transition&quot;:&quot;fade&quot;,&quot;background_slideshow_transition_duration&quot;:500}\">\n\t\t\t\t\t<div class=\"e-con-inner\">\n\t\t\t\t<div class=\"elementor-element elementor-element-7969fac elementor-widget elementor-widget-heading\" data-id=\"7969fac\" data-element_type=\"widget\" data-e-type=\"widget\" data-widget_type=\"heading.default\">\n\t\t\t\t\t<h1 class=\"elementor-heading-title elementor-size-default\">Bedingungen und Konditionen<\/h1>\t\t\t\t<\/div>\n\t\t\t\t<div class=\"elementor-element elementor-element-db18cd7 elementor-widget-divider--view-line elementor-widget elementor-widget-divider\" data-id=\"db18cd7\" data-element_type=\"widget\" data-e-type=\"widget\" data-widget_type=\"divider.default\">\n\t\t\t\t\t\t\t<div class=\"elementor-divider\">\n\t\t\t<span class=\"elementor-divider-separator\">\n\t\t\t\t\t\t<\/span>\n\t\t<\/div>\n\t\t\t\t\t\t<\/div>\n\t\t\t\t\t<\/div>\n\t\t\t\t<\/div>\n\t\t<div class=\"elementor-element elementor-element-8828c3d e-flex e-con-boxed e-con e-parent\" data-id=\"8828c3d\" data-element_type=\"container\" data-e-type=\"container\">\n\t\t\t\t\t<div class=\"e-con-inner\">\n\t\t\t\t<div class=\"elementor-element elementor-element-e0a8ce9 elementor-widget elementor-widget-text-editor\" data-id=\"e0a8ce9\" data-element_type=\"widget\" data-e-type=\"widget\" data-widget_type=\"text-editor.default\">\n\t\t\t\t\t\t\t\t\t<p>Eines CANELA, S.L., eingetragen im R.M. von Barcelona, Band 21910, Folio 158, Blatt B-28953, Eintrag 29, mit Ust-Ident.Nr. ESB-08785453, stellt auf seiner Webseite <a href=\"https:\/\/www.canelatools.com\">www.canelatools.com<\/a> verschiedene Inh\u00e4lte \u00fcber seine Aktivit\u00e4ten zur Verf\u00fcgung, die zu Informationszwecken genutzt werden d\u00fcrfen. <\/p><p><strong>Verkaufsbedingungen:<\/strong><br>Alle Verk\u00e4ufe werden in \u00fcbereinstimmung mit unseren Standard-Lieferbedingungen gemacht, die g\u00fcltig werden wenn die Bestellungen akzeptiert worden sind. Spezifizierungen und Preise k\u00f6nnen ohne Benachrichtigung ge\u00e4ndert werden. <\/p><p><strong>Produktgarantie:<\/strong><br>Eines CANELA wird die Produkte ersetzen oder reparieren, die ihrer Meinung nach, einen Materialdefekt oder Herstellungsfehler haben. Alle Anspr\u00fcche m\u00fcssen schriftlich innerhalb von drei\u00dfig Tagen nach der Erhalt des Produktes erhoben werden. Es wird kein Ersatzanspruch auf die Arbeit oder Sch\u00e4den gew\u00e4hrleistet. In keinem Fall wird Eines Canela f\u00fcr Folgesch\u00e4den jeder Art verantwortlich sein.   <\/p><p><strong>Geistiges Eigentum:<\/strong><br>Das geistige Eigentum an den Katalogwerkzeugen und Spezialwerkeugen liegt einzig und allein bei Eines CANELA<\/p><p><strong>Angebote f\u00fcr Sonderwerkzeuge:<\/strong><br>Die Bestellungen von Sonderwerkzeugen m\u00fcssen schriftlich best\u00e4tigt werden, bevor die Herstellung beginnen kann. Sonderwerkzeuge und nicht auf Lager liegende Standardwerkzeuge k\u00f6nnen nicht storniert, im Austausch oder zur Gutschrift zur\u00fcckgegeben werden. <\/p><p><strong>Lieferbedingungen:<\/strong><br>Alle Transportkosten sind vom K\u00e4ufer zu bezahlen. Der K\u00e4ufer mu\u00df den Verk\u00e4ufer informieren, wenn eine Sendung durch ein anderes Transportmittel gemacht werden soll, das nicht das normale ist. <\/p><p><strong>Versandbedingungen:<\/strong><br>Anspr\u00fcche wegen Verlusten w\u00e4hrend des Versands sind gegen\u00fcber dem Versandunternehmen geltend zu machen. Canela unterst\u00fctzt den Kunden nach besten Kr\u00e4ften bei der Suche nach der Ware oder der Erlangung einer angemessenen Entsch\u00e4digung. <\/p><p><strong>Einspr\u00fcche:<\/strong><br>Anspr\u00fcche auf den Verlust w\u00e4hrend der Sendung m\u00fcssen gegen die Transport-Gesellschaft erhoben werden. Das Vorstehende ersetzt die alleinigen und exklusiven Einkaufsbedingungen des Kunden und wird anstatt aller anderen Garantien angewendet.<\/p><p><strong>R\u00fcckgaben:<\/strong><br>Keine Waren werden f\u00fcr die R\u00fcckgabe 30 Tagen nach dem Versanddatum akzeptiert. Alle R\u00fcckgaben m\u00fcssen frei Haus geschickt werden und mit unserer R\u00fcckgabe-Genehmigungsnummer (RGA) begleitet werden. Diese Nummer muss auf der Au\u00dfenseite des Kartons erscheinen. Waren m\u00fcssen in gutem Zustand sein, sonst wird die Annahme verweigert.   <\/p><p>Diese Webseite enth\u00e4lt Information und Spezifizierungen bez\u00fcglich Schneidwerkzeugen, die durch Eines Canela verkauft sind. Obwohl einige der aus Hartmetall gemachten Schneidwerkzeuge sehr z\u00e4h sind und Brechung widerstehen, sind die meisten spr\u00f6de, und spezielle Sicherheitsvorsichtsma\u00dfnahmen sind erforderlich, wenn man sie verwendet. Kleine Bruchst\u00fccke und Sp\u00e4ne k\u00f6nnen von einem Schneidwerkzeug geworfen werden, wenn ein Bruch vorkommt. Da diese Bruchst\u00fccke oder Sp\u00e4ne mit sehr hohen Geschwindigkeiten geschleudert werden und sehr hei\u00df sind, k\u00f6nnen sie ernste Verletzungen verursachen wenn sie mit der Haut oder mit den Augen in Verbindung kommen. Au\u00dferdem erzeugt das Schleifen dieser Schneidwerkzeuge feines Karbid- und Kobalt- oder Nickel-Staub, der f\u00fcr die Lungen sch\u00e4dlich sein kann. Unten sind einige Vorschl\u00e4ge verzeichnet, wie man das Potenzial f\u00fcr Verletzungen minimiert, wenn man die Schneidwerkzeuge verwendet.<br>F\u00fcr mehr Information \u00fcber die Produktgefahren und Sicherheitsma\u00dfnahmen, die vorgenommen werden m\u00fcssen, um die M\u00f6glichkeit der Verletzung zu minimieren, wenn Sie Schneidwerkzeuge verwenden, rufen Sie bitte Ihren Eines CANELA Verkaufsspezialisten an.<br>Eines CANELA hat keine Kontrolle \u00fcber den Gebrauch dieser Schneidwerkzeuge. Der Anwender hat die Verantwortung f\u00fcr den sachgem\u00e4\u00dfen Einsatz dieser Werkzeuge.     <\/p><p><strong>WARNUNG: Sehr hei\u00dfe Span-Bruchst\u00fccke k\u00f6nnen von den Schneidwerkzeugen mit sehr hohen Geschwindigkeiten geschleudert werden. Diese Sp\u00e4ne k\u00f6nnen ernste Brandwunden, Schnitte oder Verletzungen der Haut verursachen, oder die Augen besch\u00e4digen. Folgend sind einige der Sicherheitsma\u00dfnahmen, die von Maschinenbedienern und Beobachtern gefolgt werden m\u00fcssen, wenn sie Schneidwerkzeugen verwenden:  <\/strong><\/p><ol><li>Stellen Sie sicher, da\u00df die Gr\u00f6\u00dfe und Form der Wendeschneidplatte f\u00fcr den Gebrauch entsprechend sind, zu dem sie bestellt worden sind.<br>Span-Kontrolle ist notwendig, um zu verhindern, da\u00df die Sp\u00e4ne dauernd in Kontakt mit dem Werkzeug kommen.<br>3. Sp\u00e4ne sind sehr hei\u00df und haben scharfe R\u00e4nder und sollten nicht mit der Hand ber\u00fchrt werden.<br>4. Schalten Sie die Maschine ab, immer wenn die Sp\u00e4ne entfernt werden, oder wenn die Schneidwerkzeuge gewechselt werden.<br>5. Verwenden Sie keine Druckluft, um die Sp\u00e4ne von der Maschine wegzublasen.<br>6. Um Werkzeug-Bruch zu verhindern, verwenden Sie die richtigen Gr\u00f6\u00dfe des Werkzeughalters.<br>7. Stellen Sie sicher, da\u00df die Auskragung auf dem Werkzeughalter so kurz wie m\u00f6glich ist. Zuviele Auskragl\u00e4nge kann Schwingungen und Werkzeug-Bruch verursachen.<br>8. Um zu vermeiden, da\u00df das Werkst\u00fcck w\u00e4hrend der Bearbeitung lose wird, \u00fcberpr\u00fcfen Sie die sichere und feste Spannung des Werkst\u00fccks.<br>9. Die \u00fcberbelastung von Hartmetall-Schneidwerkzeugen kann Br\u00fcche dieser Werkzeuge verursachen.<br>10. Eine Scheibe kann mit hohen Geschwindigkeiten w\u00e4hrend des Bohrens geschleudert werden. <\/li><\/ol><p>Um den Maschinenbediener und Beobachter vor m\u00f6glichen fliegenden Gegenst\u00e4nden zu sch\u00fctzen, die Verletzungen verursachen konnten, sollten die folgenden Schutzger\u00e4te getragen oder verwendet werden, wenn man Schneidwerkzeuge verwendet:<\/p><ol><li>Tragen Sie Schutzhelme.<br>Tragen Sie Sicherheitsbrille mit Seitenschildern.<br>3. Tragen Sie Sicherheitsschuhe.<br>4. Verwenden Sie Schutzw\u00e4nde zur Abdeckung der Maschine w\u00e4hrend der Bearbeitung.<\/li><\/ol><p><strong>WARNUNG: Hartmetall schleifen oder fertigen erzeugt feines Karbid- und Kobalt- oder Nickel-Staub. Dieser Staub kann Verletzungen zu den Lungen verursachen. Maschinenbediener und Beobachter m\u00fcssen die folgenden Sicherheitsma\u00dfnahmen nehmen, um die M\u00f6glichkeit solcher Verletzung zu minimieren:  <\/strong><\/p><ol><li>Verwenden Sie es geeignete Absaugungen.<br>Senken Sie den Staub oder das Nebel-Niveau unter des empfohlenen Niveaus.<br>3. Vermeiden Sie, den Staub oder das Nebel zu atmen. Wenn nicht m\u00f6glich, dann verwenden Sie Atemschutzmasken, besonders wenn Sie Karbid schleifen.<br>4. Minimieren Sie den Hautkontakt.<br>5. Waschen Sie sich die H\u00e4nde gr\u00fcndlich nach dem Ber\u00fchren. <\/li><\/ol><p><strong>WARNUNG: Der Gebrauch von Schneidfl\u00fcssigkeiten und Arbeitsmaterialien schafft Gefahren. Seien Sie zu jeder Zeit sorgf\u00e4ltig im Umgang damit. <\/strong><\/p><ol><li>Halten Sie die Schneidfl\u00fcssigkeit sauber, so da\u00df keine Partikeln das Werkst\u00fcck verkratzen k\u00f6nnen.<br>Schneidfl\u00fcssigkeiten k\u00f6nnen in Brand geraten, wenn sie zu den hohen Temperaturen ausgesetzt werden, die beim Schneiden erzeugt werden.<br>3. Arbeitsmaterialien wie Aluminium. Magnesium, Uran und Titan sind feuergef\u00e4hrlich und konnten im Brand geraten.<br>4. Schneidfl\u00fcssigkeiten sollten behandelt oder ersetzt werden, um das Bakterienniveau zu reduzieren, die Krankheiten verursachen k\u00f6nnen.<\/li><\/ol><p><strong>\u2013WARNUNG\u2013<\/strong><\/p><p>Informationen \u00fcber Geschwindigkeiten, Vorsch\u00fcbe und Sorten innerhalb dieses Katalogs sind nur als Richtwerte zu benutzen. Wenn sich der Maschinenbediener nicht sicher ist, ob diese Geschwindigkeiten, Vorsch\u00fcbe und Sorten richtig sind, dann sollte der Maschinenbediener die Werte entsprechend der Bearbeitung anpassen. Eines Canela ist nicht f\u00fcr Sch\u00e4den oder Verletzungen verantwortlich, die vorkommen k\u00f6nnen, wenn man die Informationen \u00fcber Geschwindigkeiten, Vorsch\u00fcbe und Sorten verwendet, die in diesem Katalog genannt werden.  <\/p><p>Bedingungen, Fristen und Preise sind \u00e4nderungen vorbehalten.<br>Irgendwelcher typografischer oder anderer Fehler in diesem Webseite ist der Korrektur unterworfen.<\/p><p> <\/p>\t\t\t\t\t\t\t\t<\/div>\n\t\t\t\t\t<\/div>\n\t\t\t\t<\/div>\n\t\t\t\t<\/div>\n\t\t","protected":false},"excerpt":{"rendered":"<p>Bedingungen und Konditionen Eines CANELA, S.L., eingetragen im R.M. von Barcelona, Band 21910, Folio 158, Blatt B-28953, Eintrag 29, mit Ust-Ident.Nr. ESB-08785453, stellt auf seiner Webseite www.canelatools.com verschiedene Inh\u00e4lte \u00fcber seine Aktivit\u00e4ten zur Verf\u00fcgung, die zu Informationszwecken genutzt werden d\u00fcrfen. Verkaufsbedingungen:Alle Verk\u00e4ufe werden in \u00fcbereinstimmung mit unseren Standard-Lieferbedingungen gemacht, die g\u00fcltig werden wenn die Bestellungen [&hellip;]<\/p>\n","protected":false},"author":1,"featured_media":0,"parent":0,"menu_order":0,"comment_status":"closed","ping_status":"closed","template":"elementor_header_footer","meta":{"footnotes":""},"class_list":["post-5549","page","type-page","status-publish","hentry"],"yoast_head":"<!-- This site is optimized with the Yoast SEO plugin v27.0 - https:\/\/yoast.com\/product\/yoast-seo-wordpress\/ -->\n<title>Bedingungen und Konditionen - Canela tools<\/title>\n<meta name=\"robots\" content=\"index, follow, max-snippet:-1, max-image-preview:large, max-video-preview:-1\" \/>\n<link rel=\"canonical\" href=\"https:\/\/canelatools.com\/de\/bedingungen-und-konditionen\/\" \/>\n<meta property=\"og:locale\" content=\"de_DE\" \/>\n<meta property=\"og:type\" content=\"article\" \/>\n<meta property=\"og:title\" content=\"Bedingungen und Konditionen - Canela tools\" \/>\n<meta property=\"og:description\" content=\"Bedingungen und Konditionen Eines CANELA, S.L., eingetragen im R.M. von Barcelona, Band 21910, Folio 158, Blatt B-28953, Eintrag 29, mit Ust-Ident.Nr. ESB-08785453, stellt auf seiner Webseite www.canelatools.com verschiedene Inh\u00e4lte \u00fcber seine Aktivit\u00e4ten zur Verf\u00fcgung, die zu Informationszwecken genutzt werden d\u00fcrfen. Verkaufsbedingungen:Alle Verk\u00e4ufe werden in \u00fcbereinstimmung mit unseren Standard-Lieferbedingungen gemacht, die g\u00fcltig werden wenn die Bestellungen [&hellip;]\" \/>\n<meta property=\"og:url\" content=\"https:\/\/canelatools.com\/de\/bedingungen-und-konditionen\/\" \/>\n<meta property=\"og:site_name\" content=\"Canela tools\" \/>\n<meta property=\"article:modified_time\" content=\"2025-12-12T11:27:51+00:00\" \/>\n<meta name=\"twitter:card\" content=\"summary_large_image\" \/>\n<meta name=\"twitter:label1\" content=\"Gesch\u00e4tzte Lesezeit\" \/>\n\t<meta name=\"twitter:data1\" content=\"6\u00a0Minuten\" \/>\n<script type=\"application\/ld+json\" class=\"yoast-schema-graph\">{\"@context\":\"https:\/\/schema.org\",\"@graph\":[{\"@type\":\"WebPage\",\"@id\":\"https:\/\/canelatools.com\/de\/bedingungen-und-konditionen\/\",\"url\":\"https:\/\/canelatools.com\/de\/bedingungen-und-konditionen\/\",\"name\":\"Bedingungen und Konditionen - Canela tools\",\"isPartOf\":{\"@id\":\"https:\/\/canelatools.com\/#website\"},\"datePublished\":\"2025-12-04T12:40:48+00:00\",\"dateModified\":\"2025-12-12T11:27:51+00:00\",\"breadcrumb\":{\"@id\":\"https:\/\/canelatools.com\/de\/bedingungen-und-konditionen\/#breadcrumb\"},\"inLanguage\":\"de\",\"potentialAction\":[{\"@type\":\"ReadAction\",\"target\":[\"https:\/\/canelatools.com\/de\/bedingungen-und-konditionen\/\"]}]},{\"@type\":\"BreadcrumbList\",\"@id\":\"https:\/\/canelatools.com\/de\/bedingungen-und-konditionen\/#breadcrumb\",\"itemListElement\":[{\"@type\":\"ListItem\",\"position\":1,\"name\":\"Portada\",\"item\":\"https:\/\/canelatools.com\/\"},{\"@type\":\"ListItem\",\"position\":2,\"name\":\"Bedingungen und Konditionen\"}]},{\"@type\":\"WebSite\",\"@id\":\"https:\/\/canelatools.com\/#website\",\"url\":\"https:\/\/canelatools.com\/\",\"name\":\"Canela tools\",\"description\":\"\",\"potentialAction\":[{\"@type\":\"SearchAction\",\"target\":{\"@type\":\"EntryPoint\",\"urlTemplate\":\"https:\/\/canelatools.com\/?s={search_term_string}\"},\"query-input\":{\"@type\":\"PropertyValueSpecification\",\"valueRequired\":true,\"valueName\":\"search_term_string\"}}],\"inLanguage\":\"de\"}]}<\/script>\n<!-- \/ Yoast SEO plugin. -->","yoast_head_json":{"title":"Bedingungen und Konditionen - Canela tools","robots":{"index":"index","follow":"follow","max-snippet":"max-snippet:-1","max-image-preview":"max-image-preview:large","max-video-preview":"max-video-preview:-1"},"canonical":"https:\/\/canelatools.com\/de\/bedingungen-und-konditionen\/","og_locale":"de_DE","og_type":"article","og_title":"Bedingungen und Konditionen - Canela tools","og_description":"Bedingungen und Konditionen Eines CANELA, S.L., eingetragen im R.M. von Barcelona, Band 21910, Folio 158, Blatt B-28953, Eintrag 29, mit Ust-Ident.Nr. ESB-08785453, stellt auf seiner Webseite www.canelatools.com verschiedene Inh\u00e4lte \u00fcber seine Aktivit\u00e4ten zur Verf\u00fcgung, die zu Informationszwecken genutzt werden d\u00fcrfen. Verkaufsbedingungen:Alle Verk\u00e4ufe werden in \u00fcbereinstimmung mit unseren Standard-Lieferbedingungen gemacht, die g\u00fcltig werden wenn die Bestellungen [&hellip;]","og_url":"https:\/\/canelatools.com\/de\/bedingungen-und-konditionen\/","og_site_name":"Canela tools","article_modified_time":"2025-12-12T11:27:51+00:00","twitter_card":"summary_large_image","twitter_misc":{"Gesch\u00e4tzte Lesezeit":"6\u00a0Minuten"},"schema":{"@context":"https:\/\/schema.org","@graph":[{"@type":"WebPage","@id":"https:\/\/canelatools.com\/de\/bedingungen-und-konditionen\/","url":"https:\/\/canelatools.com\/de\/bedingungen-und-konditionen\/","name":"Bedingungen und Konditionen - Canela tools","isPartOf":{"@id":"https:\/\/canelatools.com\/#website"},"datePublished":"2025-12-04T12:40:48+00:00","dateModified":"2025-12-12T11:27:51+00:00","breadcrumb":{"@id":"https:\/\/canelatools.com\/de\/bedingungen-und-konditionen\/#breadcrumb"},"inLanguage":"de","potentialAction":[{"@type":"ReadAction","target":["https:\/\/canelatools.com\/de\/bedingungen-und-konditionen\/"]}]},{"@type":"BreadcrumbList","@id":"https:\/\/canelatools.com\/de\/bedingungen-und-konditionen\/#breadcrumb","itemListElement":[{"@type":"ListItem","position":1,"name":"Portada","item":"https:\/\/canelatools.com\/"},{"@type":"ListItem","position":2,"name":"Bedingungen und Konditionen"}]},{"@type":"WebSite","@id":"https:\/\/canelatools.com\/#website","url":"https:\/\/canelatools.com\/","name":"Canela tools","description":"","potentialAction":[{"@type":"SearchAction","target":{"@type":"EntryPoint","urlTemplate":"https:\/\/canelatools.com\/?s={search_term_string}"},"query-input":{"@type":"PropertyValueSpecification","valueRequired":true,"valueName":"search_term_string"}}],"inLanguage":"de"}]}},"_links":{"self":[{"href":"https:\/\/canelatools.com\/de\/wp-json\/wp\/v2\/pages\/5549","targetHints":{"allow":["GET"]}}],"collection":[{"href":"https:\/\/canelatools.com\/de\/wp-json\/wp\/v2\/pages"}],"about":[{"href":"https:\/\/canelatools.com\/de\/wp-json\/wp\/v2\/types\/page"}],"author":[{"embeddable":true,"href":"https:\/\/canelatools.com\/de\/wp-json\/wp\/v2\/users\/1"}],"replies":[{"embeddable":true,"href":"https:\/\/canelatools.com\/de\/wp-json\/wp\/v2\/comments?post=5549"}],"version-history":[{"count":1,"href":"https:\/\/canelatools.com\/de\/wp-json\/wp\/v2\/pages\/5549\/revisions"}],"predecessor-version":[{"id":5550,"href":"https:\/\/canelatools.com\/de\/wp-json\/wp\/v2\/pages\/5549\/revisions\/5550"}],"wp:attachment":[{"href":"https:\/\/canelatools.com\/de\/wp-json\/wp\/v2\/media?parent=5549"}],"curies":[{"name":"wp","href":"https:\/\/api.w.org\/{rel}","templated":true}]}}