{"id":5559,"date":"2025-11-25T11:46:17","date_gmt":"2025-11-25T11:46:17","guid":{"rendered":"https:\/\/canelatools.com\/drehen\/"},"modified":"2026-02-05T11:42:53","modified_gmt":"2026-02-05T11:42:53","slug":"drehen","status":"publish","type":"page","link":"https:\/\/canelatools.com\/de\/drehen\/","title":{"rendered":"Drehen"},"content":{"rendered":"\t\t<div data-elementor-type=\"wp-page\" data-elementor-id=\"5559\" class=\"elementor elementor-5559 elementor-567\" data-elementor-post-type=\"page\">\n\t\t\t\t<div class=\"elementor-element elementor-element-5d1719d e-flex e-con-boxed e-con e-parent\" data-id=\"5d1719d\" data-element_type=\"container\" data-e-type=\"container\" data-settings=\"{&quot;background_background&quot;:&quot;slideshow&quot;,&quot;background_slideshow_gallery&quot;:[{&quot;id&quot;:5551,&quot;url&quot;:&quot;https:\\\/\\\/canelatools.com\\\/wp-content\\\/uploads\\\/2025\\\/11\\\/slider-torneado.jpg&quot;}],&quot;background_slideshow_loop&quot;:&quot;yes&quot;,&quot;background_slideshow_slide_duration&quot;:5000,&quot;background_slideshow_slide_transition&quot;:&quot;fade&quot;,&quot;background_slideshow_transition_duration&quot;:500}\">\n\t\t\t\t\t<div class=\"e-con-inner\">\n\t\t\t\t<div class=\"elementor-element elementor-element-d1a6f1e elementor-widget elementor-widget-heading\" data-id=\"d1a6f1e\" data-element_type=\"widget\" data-e-type=\"widget\" data-widget_type=\"heading.default\">\n\t\t\t\t\t<h1 class=\"elementor-heading-title elementor-size-default\">Drehen<\/h1>\t\t\t\t<\/div>\n\t\t\t\t<div class=\"elementor-element elementor-element-aec66f7 elementor-widget-divider--view-line elementor-widget elementor-widget-divider\" data-id=\"aec66f7\" data-element_type=\"widget\" data-e-type=\"widget\" data-widget_type=\"divider.default\">\n\t\t\t\t\t\t\t<div class=\"elementor-divider\">\n\t\t\t<span class=\"elementor-divider-separator\">\n\t\t\t\t\t\t<\/span>\n\t\t<\/div>\n\t\t\t\t\t\t<\/div>\n\t\t\t\t\t<\/div>\n\t\t\t\t<\/div>\n\t\t<div class=\"elementor-element elementor-element-3b2975a e-flex e-con-boxed e-con e-parent\" data-id=\"3b2975a\" data-element_type=\"container\" data-e-type=\"container\" data-settings=\"{&quot;background_background&quot;:&quot;classic&quot;}\">\n\t\t\t\t\t<div class=\"e-con-inner\">\n\t\t<div class=\"elementor-element elementor-element-cd51f70 e-con-full e-flex e-con e-child\" data-id=\"cd51f70\" data-element_type=\"container\" data-e-type=\"container\" data-settings=\"{&quot;background_background&quot;:&quot;classic&quot;}\">\n\t\t\t\t<div class=\"elementor-element elementor-element-30d882e elementor-widget elementor-widget-heading\" data-id=\"30d882e\" data-element_type=\"widget\" data-e-type=\"widget\" data-widget_type=\"heading.default\">\n\t\t\t\t\t<h2 class=\"elementor-heading-title elementor-size-default\">Drehen<\/h2>\t\t\t\t<\/div>\n\t\t\t\t<div class=\"elementor-element elementor-element-91ffd0a elementor-widget-divider--view-line elementor-widget elementor-widget-divider\" data-id=\"91ffd0a\" data-element_type=\"widget\" data-e-type=\"widget\" data-widget_type=\"divider.default\">\n\t\t\t\t\t\t\t<div class=\"elementor-divider\">\n\t\t\t<span class=\"elementor-divider-separator\">\n\t\t\t\t\t\t<\/span>\n\t\t<\/div>\n\t\t\t\t\t\t<\/div>\n\t\t\t\t<div class=\"elementor-element elementor-element-f85208f elementor-widget elementor-widget-text-editor\" data-id=\"f85208f\" data-element_type=\"widget\" data-e-type=\"widget\" data-widget_type=\"text-editor.default\">\n\t\t\t\t\t\t\t\t\t<p>Die meisten Bearbeitungen in der metallverarbeitenden Industrie werden mit ISO-Standardwerkzeugen durchgef\u00fchrt. Die Anwendungen reichen vom Schlichten bis zum Schruppen. Als Komplettanbieter von Zerspanungswerkzeugen bietet Canela ein komplettes Sortiment an ISO-Werkzeugen und liefert alle Standardgeometrien.  <\/p><p>Die ISO-Drehlinie bietet eine Komplettl\u00f6sung f\u00fcr alle Arten von Anwendungen und Werkstoffen, mit innovativen Geometrien in Kombination mit Wendeschneidplattensorten, die entwickelt worden sind, um die Anforderungen der Kunden in Bezug auf Werkzeugstandzeit und Produktivit\u00e4t zu erf\u00fcllen.<\/p>\t\t\t\t\t\t\t\t<\/div>\n\t\t\t\t<\/div>\n\t\t<div class=\"elementor-element elementor-element-82a4aae e-con-full e-flex e-con e-child\" data-id=\"82a4aae\" data-element_type=\"container\" data-e-type=\"container\" data-settings=\"{&quot;background_background&quot;:&quot;slideshow&quot;,&quot;background_slideshow_gallery&quot;:[{&quot;id&quot;:5552,&quot;url&quot;:&quot;https:\\\/\\\/canelatools.com\\\/wp-content\\\/uploads\\\/2025\\\/11\\\/torneado-producto-1.jpg&quot;}],&quot;background_slideshow_slide_duration&quot;:5000,&quot;background_slideshow_slide_transition&quot;:&quot;fade&quot;,&quot;background_slideshow_transition_duration&quot;:500}\">\n\t\t\t\t<\/div>\n\t\t\t\t\t<\/div>\n\t\t\t\t<\/div>\n\t\t<div class=\"elementor-element elementor-element-b095b6b e-grid e-con-boxed e-con e-parent\" data-id=\"b095b6b\" data-element_type=\"container\" data-e-type=\"container\">\n\t\t\t\t\t<div class=\"e-con-inner\">\n\t\t\t\t<div class=\"elementor-element elementor-element-0101d10 elementor-position-top elementor-widget elementor-widget-image-box\" data-id=\"0101d10\" data-element_type=\"widget\" data-e-type=\"widget\" data-widget_type=\"image-box.default\">\n\t\t\t\t\t<div class=\"elementor-image-box-wrapper\"><figure class=\"elementor-image-box-img\"><a href=\"https:\/\/canelatools-store.com\/de\/11-wendeschneidplatten-drehen\" tabindex=\"-1\"><img fetchpriority=\"high\" decoding=\"async\" width=\"512\" height=\"360\" src=\"https:\/\/canelatools.com\/wp-content\/uploads\/2025\/11\/plaquitas-torneado.jpg\" class=\"attachment-full size-full wp-image-5553\" alt=\"\" srcset=\"https:\/\/canelatools.com\/wp-content\/uploads\/2025\/11\/plaquitas-torneado.jpg 512w, https:\/\/canelatools.com\/wp-content\/uploads\/2025\/11\/plaquitas-torneado-300x211.jpg 300w\" sizes=\"(max-width: 512px) 100vw, 512px\" \/><\/a><\/figure><div class=\"elementor-image-box-content\"><h4 class=\"elementor-image-box-title\"><a href=\"https:\/\/canelatools-store.com\/de\/11-wendeschneidplatten-drehen\">Wendeschneidplatten zum Drehen<\/a><\/h4><p class=\"elementor-image-box-description\">Gro\u00dfe Auswahl an allgemeinen Drehsorten und Spanbrechern. Die Wendeschneidplatten sind in verschiedenen Formen, Gr\u00f6\u00dfen und Dicken erh\u00e4ltlich, die alle Werkstoffgruppen abdecken. Mit diesem umfassenden Sortiment k\u00f6nnen Sie Ihre Ziele in Bezug auf Spanvolumen, Standzeit des Werkzeuges und Oberfl\u00e4cheng\u00fcte erreichen. <\/p><\/div><\/div>\t\t\t\t<\/div>\n\t\t\t\t<div class=\"elementor-element elementor-element-cdd5317 elementor-position-top elementor-widget elementor-widget-image-box\" data-id=\"cdd5317\" data-element_type=\"widget\" data-e-type=\"widget\" data-widget_type=\"image-box.default\">\n\t\t\t\t\t<div class=\"elementor-image-box-wrapper\"><figure class=\"elementor-image-box-img\"><a href=\"https:\/\/canelatools-store.com\/de\/52-klemmhalter\" tabindex=\"-1\"><img decoding=\"async\" width=\"512\" height=\"360\" src=\"https:\/\/canelatools.com\/wp-content\/uploads\/2025\/11\/Porta-herramientas.jpg\" class=\"attachment-full size-full wp-image-5554\" alt=\"\" srcset=\"https:\/\/canelatools.com\/wp-content\/uploads\/2025\/11\/Porta-herramientas.jpg 512w, https:\/\/canelatools.com\/wp-content\/uploads\/2025\/11\/Porta-herramientas-300x211.jpg 300w\" sizes=\"(max-width: 512px) 100vw, 512px\" \/><\/a><\/figure><div class=\"elementor-image-box-content\"><h4 class=\"elementor-image-box-title\"><a href=\"https:\/\/canelatools-store.com\/de\/52-klemmhalter\">Klemmhalter<\/a><\/h4><p class=\"elementor-image-box-description\">Una amplia gama de portaherramientas y barras de mandrinar f\u00e1ciles de usar. Breites Angebot an leicht einsetzbaren Klemmhaltern und Bohrstangen. Das Angebot an ISO- und ANSI-Werkzeughaltern umfasst ein breites Sortiment an Wendeschneidplattentypen, -formen und -gr\u00f6\u00dfen, die eine Auswahl an Spann- und K\u00fchlmethoden erm\u00f6glichen. <\/p><\/div><\/div>\t\t\t\t<\/div>\n\t\t\t\t<div class=\"elementor-element elementor-element-1791d7f elementor-position-top elementor-widget elementor-widget-image-box\" data-id=\"1791d7f\" data-element_type=\"widget\" data-e-type=\"widget\" data-widget_type=\"image-box.default\">\n\t\t\t\t\t<div class=\"elementor-image-box-wrapper\"><figure class=\"elementor-image-box-img\"><a href=\"https:\/\/canelatools-store.com\/de\/54-bohrstangen\" tabindex=\"-1\"><img decoding=\"async\" width=\"512\" height=\"360\" src=\"https:\/\/canelatools.com\/wp-content\/uploads\/2025\/11\/barras-mandrinar.jpg\" class=\"attachment-full size-full wp-image-5555\" alt=\"\" srcset=\"https:\/\/canelatools.com\/wp-content\/uploads\/2025\/11\/barras-mandrinar.jpg 512w, https:\/\/canelatools.com\/wp-content\/uploads\/2025\/11\/barras-mandrinar-300x211.jpg 300w\" sizes=\"(max-width: 512px) 100vw, 512px\" \/><\/a><\/figure><div class=\"elementor-image-box-content\"><h4 class=\"elementor-image-box-title\"><a href=\"https:\/\/canelatools-store.com\/de\/54-bohrstangen\">Bohrstangen<\/a><\/h4><p class=\"elementor-image-box-description\">Modulares Anti-Vibrations-Werkzeugsystem. Diese Bohrstangen bieten eine hohe Leistung sowohl beim Innendrehen mit gro\u00dfer Auskragung als auch f\u00fcr rotierende Bohranwendungen.<br>Gr\u00f6\u00dfen von Durchmesser 25 mm bis 100 mm, mit einer maximalen Auskragung von 7xD.<\/p><\/div><\/div>\t\t\t\t<\/div>\n\t\t\t\t<div class=\"elementor-element elementor-element-fb9752d elementor-position-top elementor-widget elementor-widget-image-box\" data-id=\"fb9752d\" data-element_type=\"widget\" data-e-type=\"widget\" data-widget_type=\"image-box.default\">\n\t\t\t\t\t<div class=\"elementor-image-box-wrapper\"><figure class=\"elementor-image-box-img\"><a href=\"https:\/\/canelatools-store.com\/de\/55-kurzklemmhalter\" tabindex=\"-1\"><img loading=\"lazy\" decoding=\"async\" width=\"512\" height=\"360\" src=\"https:\/\/canelatools.com\/wp-content\/uploads\/2025\/11\/cartridges.jpg\" class=\"attachment-full size-full wp-image-5556\" alt=\"\" srcset=\"https:\/\/canelatools.com\/wp-content\/uploads\/2025\/11\/cartridges.jpg 512w, https:\/\/canelatools.com\/wp-content\/uploads\/2025\/11\/cartridges-300x211.jpg 300w\" sizes=\"(max-width: 512px) 100vw, 512px\" \/><\/a><\/figure><div class=\"elementor-image-box-content\"><h4 class=\"elementor-image-box-title\"><a href=\"https:\/\/canelatools-store.com\/de\/55-kurzklemmhalter\">Kurzklemmhalter<\/a><\/h4><p class=\"elementor-image-box-description\">Die Kurzklemmhalter zum Drehen sind radial und axial verstellbar. Das umfassende Sortiment an Kurzklemmhaltern bietet eine Vielzahl von Anwendungen und eine gro\u00dfe Auswahl an Wendeschneidplattentypen, -formen und -gr\u00f6\u00dfen. <\/p><\/div><\/div>\t\t\t\t<\/div>\n\t\t\t\t\t<\/div>\n\t\t\t\t<\/div>\n\t\t<div class=\"elementor-element elementor-element-5bed0c4 e-flex e-con-boxed e-con e-parent\" data-id=\"5bed0c4\" data-element_type=\"container\" data-e-type=\"container\" data-settings=\"{&quot;background_background&quot;:&quot;slideshow&quot;,&quot;background_slideshow_gallery&quot;:[{&quot;id&quot;:5558,&quot;url&quot;:&quot;https:\\\/\\\/canelatools.com\\\/wp-content\\\/uploads\\\/2025\\\/12\\\/banner_torneado.jpg&quot;}],&quot;background_slideshow_loop&quot;:&quot;yes&quot;,&quot;background_slideshow_slide_duration&quot;:5000,&quot;background_slideshow_slide_transition&quot;:&quot;fade&quot;,&quot;background_slideshow_transition_duration&quot;:500}\">\n\t\t\t\t\t<div class=\"e-con-inner\">\n\t\t<div class=\"elementor-element elementor-element-a7427a7 e-con-full e-flex e-con e-child\" data-id=\"a7427a7\" data-element_type=\"container\" data-e-type=\"container\">\n\t\t<div class=\"elementor-element elementor-element-1b6c494 e-con-full e-flex e-con e-child\" data-id=\"1b6c494\" data-element_type=\"container\" data-e-type=\"container\">\n\t\t\t\t<div class=\"elementor-element elementor-element-72b44fd elementor-widget elementor-widget-image\" data-id=\"72b44fd\" data-element_type=\"widget\" data-e-type=\"widget\" data-widget_type=\"image.default\">\n\t\t\t\t\t\t\t\t\t\t\t\t\t\t\t<img loading=\"lazy\" decoding=\"async\" width=\"800\" height=\"123\" src=\"https:\/\/canelatools.com\/wp-content\/uploads\/2026\/02\/SAGD_DE-1536x235-1-1024x157.png\" class=\"attachment-large size-large wp-image-10348\" alt=\"\" srcset=\"https:\/\/canelatools.com\/wp-content\/uploads\/2026\/02\/SAGD_DE-1536x235-1-1024x157.png 1024w, https:\/\/canelatools.com\/wp-content\/uploads\/2026\/02\/SAGD_DE-1536x235-1-300x46.png 300w, https:\/\/canelatools.com\/wp-content\/uploads\/2026\/02\/SAGD_DE-1536x235-1-768x118.png 768w, https:\/\/canelatools.com\/wp-content\/uploads\/2026\/02\/SAGD_DE-1536x235-1.png 1536w\" sizes=\"(max-width: 800px) 100vw, 800px\" \/>\t\t\t\t\t\t\t\t\t\t\t\t\t\t\t<\/div>\n\t\t\t\t<div class=\"elementor-element elementor-element-056e1bd elementor-widget elementor-widget-button\" data-id=\"056e1bd\" data-element_type=\"widget\" data-e-type=\"widget\" data-widget_type=\"button.default\">\n\t\t\t\t\t\t\t\t\t\t<a class=\"elementor-button elementor-button-link elementor-size-sm\" href=\"https:\/\/canelatools.com\/de\/sagd\/\">\n\t\t\t\t\t\t<span class=\"elementor-button-content-wrapper\">\n\t\t\t\t\t\t\t\t\t<span class=\"elementor-button-text\">Mehr sehen<\/span>\n\t\t\t\t\t<\/span>\n\t\t\t\t\t<\/a>\n\t\t\t\t\t\t\t\t<\/div>\n\t\t\t\t<\/div>\n\t\t\t\t<\/div>\n\t\t\t\t\t<\/div>\n\t\t\t\t<\/div>\n\t\t\t\t<\/div>\n\t\t","protected":false},"excerpt":{"rendered":"<p>Drehen Drehen Die meisten Bearbeitungen in der metallverarbeitenden Industrie werden mit ISO-Standardwerkzeugen durchgef\u00fchrt. Die Anwendungen reichen vom Schlichten bis zum Schruppen. Als Komplettanbieter von Zerspanungswerkzeugen bietet Canela ein komplettes Sortiment an ISO-Werkzeugen und liefert alle Standardgeometrien. Die ISO-Drehlinie bietet eine Komplettl\u00f6sung f\u00fcr alle Arten von Anwendungen und Werkstoffen, mit innovativen Geometrien in Kombination mit Wendeschneidplattensorten, [&hellip;]<\/p>\n","protected":false},"author":1,"featured_media":0,"parent":0,"menu_order":0,"comment_status":"closed","ping_status":"closed","template":"elementor_header_footer","meta":{"footnotes":""},"class_list":["post-5559","page","type-page","status-publish","hentry"],"yoast_head":"<!-- This site is optimized with the Yoast SEO plugin v27.0 - https:\/\/yoast.com\/product\/yoast-seo-wordpress\/ -->\n<title>Drehen - Canela tools<\/title>\n<meta name=\"robots\" content=\"index, follow, max-snippet:-1, max-image-preview:large, max-video-preview:-1\" \/>\n<link rel=\"canonical\" href=\"https:\/\/canelatools.com\/de\/drehen\/\" \/>\n<meta property=\"og:locale\" content=\"de_DE\" \/>\n<meta property=\"og:type\" content=\"article\" \/>\n<meta property=\"og:title\" content=\"Drehen - Canela tools\" \/>\n<meta property=\"og:description\" content=\"Drehen Drehen Die meisten Bearbeitungen in der metallverarbeitenden Industrie werden mit ISO-Standardwerkzeugen durchgef\u00fchrt. Die Anwendungen reichen vom Schlichten bis zum Schruppen. Als Komplettanbieter von Zerspanungswerkzeugen bietet Canela ein komplettes Sortiment an ISO-Werkzeugen und liefert alle Standardgeometrien. Die ISO-Drehlinie bietet eine Komplettl\u00f6sung f\u00fcr alle Arten von Anwendungen und Werkstoffen, mit innovativen Geometrien in Kombination mit Wendeschneidplattensorten, [&hellip;]\" \/>\n<meta property=\"og:url\" content=\"https:\/\/canelatools.com\/de\/drehen\/\" \/>\n<meta property=\"og:site_name\" content=\"Canela tools\" \/>\n<meta property=\"article:modified_time\" content=\"2026-02-05T11:42:53+00:00\" \/>\n<meta property=\"og:image\" content=\"https:\/\/canelatools.com\/wp-content\/uploads\/2025\/11\/plaquitas-torneado.jpg\" \/>\n\t<meta property=\"og:image:width\" content=\"512\" \/>\n\t<meta property=\"og:image:height\" content=\"360\" \/>\n\t<meta property=\"og:image:type\" content=\"image\/jpeg\" \/>\n<meta name=\"twitter:card\" content=\"summary_large_image\" \/>\n<meta name=\"twitter:label1\" content=\"Gesch\u00e4tzte Lesezeit\" \/>\n\t<meta name=\"twitter:data1\" content=\"1\u00a0Minute\" \/>\n<script type=\"application\/ld+json\" class=\"yoast-schema-graph\">{\"@context\":\"https:\/\/schema.org\",\"@graph\":[{\"@type\":\"WebPage\",\"@id\":\"https:\/\/canelatools.com\/de\/drehen\/\",\"url\":\"https:\/\/canelatools.com\/de\/drehen\/\",\"name\":\"Drehen - Canela tools\",\"isPartOf\":{\"@id\":\"https:\/\/canelatools.com\/#website\"},\"primaryImageOfPage\":{\"@id\":\"https:\/\/canelatools.com\/de\/drehen\/#primaryimage\"},\"image\":{\"@id\":\"https:\/\/canelatools.com\/de\/drehen\/#primaryimage\"},\"thumbnailUrl\":\"https:\/\/canelatools.com\/wp-content\/uploads\/2025\/11\/plaquitas-torneado.jpg\",\"datePublished\":\"2025-11-25T11:46:17+00:00\",\"dateModified\":\"2026-02-05T11:42:53+00:00\",\"breadcrumb\":{\"@id\":\"https:\/\/canelatools.com\/de\/drehen\/#breadcrumb\"},\"inLanguage\":\"de\",\"potentialAction\":[{\"@type\":\"ReadAction\",\"target\":[\"https:\/\/canelatools.com\/de\/drehen\/\"]}]},{\"@type\":\"ImageObject\",\"inLanguage\":\"de\",\"@id\":\"https:\/\/canelatools.com\/de\/drehen\/#primaryimage\",\"url\":\"https:\/\/canelatools.com\/wp-content\/uploads\/2025\/11\/plaquitas-torneado.jpg\",\"contentUrl\":\"https:\/\/canelatools.com\/wp-content\/uploads\/2025\/11\/plaquitas-torneado.jpg\"},{\"@type\":\"BreadcrumbList\",\"@id\":\"https:\/\/canelatools.com\/de\/drehen\/#breadcrumb\",\"itemListElement\":[{\"@type\":\"ListItem\",\"position\":1,\"name\":\"Portada\",\"item\":\"https:\/\/canelatools.com\/\"},{\"@type\":\"ListItem\",\"position\":2,\"name\":\"Drehen\"}]},{\"@type\":\"WebSite\",\"@id\":\"https:\/\/canelatools.com\/#website\",\"url\":\"https:\/\/canelatools.com\/\",\"name\":\"Canela tools\",\"description\":\"\",\"potentialAction\":[{\"@type\":\"SearchAction\",\"target\":{\"@type\":\"EntryPoint\",\"urlTemplate\":\"https:\/\/canelatools.com\/?s={search_term_string}\"},\"query-input\":{\"@type\":\"PropertyValueSpecification\",\"valueRequired\":true,\"valueName\":\"search_term_string\"}}],\"inLanguage\":\"de\"}]}<\/script>\n<!-- \/ Yoast SEO plugin. -->","yoast_head_json":{"title":"Drehen - Canela tools","robots":{"index":"index","follow":"follow","max-snippet":"max-snippet:-1","max-image-preview":"max-image-preview:large","max-video-preview":"max-video-preview:-1"},"canonical":"https:\/\/canelatools.com\/de\/drehen\/","og_locale":"de_DE","og_type":"article","og_title":"Drehen - Canela tools","og_description":"Drehen Drehen Die meisten Bearbeitungen in der metallverarbeitenden Industrie werden mit ISO-Standardwerkzeugen durchgef\u00fchrt. Die Anwendungen reichen vom Schlichten bis zum Schruppen. Als Komplettanbieter von Zerspanungswerkzeugen bietet Canela ein komplettes Sortiment an ISO-Werkzeugen und liefert alle Standardgeometrien. Die ISO-Drehlinie bietet eine Komplettl\u00f6sung f\u00fcr alle Arten von Anwendungen und Werkstoffen, mit innovativen Geometrien in Kombination mit Wendeschneidplattensorten, [&hellip;]","og_url":"https:\/\/canelatools.com\/de\/drehen\/","og_site_name":"Canela tools","article_modified_time":"2026-02-05T11:42:53+00:00","og_image":[{"width":512,"height":360,"url":"https:\/\/canelatools.com\/wp-content\/uploads\/2025\/11\/plaquitas-torneado.jpg","type":"image\/jpeg"}],"twitter_card":"summary_large_image","twitter_misc":{"Gesch\u00e4tzte Lesezeit":"1\u00a0Minute"},"schema":{"@context":"https:\/\/schema.org","@graph":[{"@type":"WebPage","@id":"https:\/\/canelatools.com\/de\/drehen\/","url":"https:\/\/canelatools.com\/de\/drehen\/","name":"Drehen - Canela tools","isPartOf":{"@id":"https:\/\/canelatools.com\/#website"},"primaryImageOfPage":{"@id":"https:\/\/canelatools.com\/de\/drehen\/#primaryimage"},"image":{"@id":"https:\/\/canelatools.com\/de\/drehen\/#primaryimage"},"thumbnailUrl":"https:\/\/canelatools.com\/wp-content\/uploads\/2025\/11\/plaquitas-torneado.jpg","datePublished":"2025-11-25T11:46:17+00:00","dateModified":"2026-02-05T11:42:53+00:00","breadcrumb":{"@id":"https:\/\/canelatools.com\/de\/drehen\/#breadcrumb"},"inLanguage":"de","potentialAction":[{"@type":"ReadAction","target":["https:\/\/canelatools.com\/de\/drehen\/"]}]},{"@type":"ImageObject","inLanguage":"de","@id":"https:\/\/canelatools.com\/de\/drehen\/#primaryimage","url":"https:\/\/canelatools.com\/wp-content\/uploads\/2025\/11\/plaquitas-torneado.jpg","contentUrl":"https:\/\/canelatools.com\/wp-content\/uploads\/2025\/11\/plaquitas-torneado.jpg"},{"@type":"BreadcrumbList","@id":"https:\/\/canelatools.com\/de\/drehen\/#breadcrumb","itemListElement":[{"@type":"ListItem","position":1,"name":"Portada","item":"https:\/\/canelatools.com\/"},{"@type":"ListItem","position":2,"name":"Drehen"}]},{"@type":"WebSite","@id":"https:\/\/canelatools.com\/#website","url":"https:\/\/canelatools.com\/","name":"Canela tools","description":"","potentialAction":[{"@type":"SearchAction","target":{"@type":"EntryPoint","urlTemplate":"https:\/\/canelatools.com\/?s={search_term_string}"},"query-input":{"@type":"PropertyValueSpecification","valueRequired":true,"valueName":"search_term_string"}}],"inLanguage":"de"}]}},"_links":{"self":[{"href":"https:\/\/canelatools.com\/de\/wp-json\/wp\/v2\/pages\/5559","targetHints":{"allow":["GET"]}}],"collection":[{"href":"https:\/\/canelatools.com\/de\/wp-json\/wp\/v2\/pages"}],"about":[{"href":"https:\/\/canelatools.com\/de\/wp-json\/wp\/v2\/types\/page"}],"author":[{"embeddable":true,"href":"https:\/\/canelatools.com\/de\/wp-json\/wp\/v2\/users\/1"}],"replies":[{"embeddable":true,"href":"https:\/\/canelatools.com\/de\/wp-json\/wp\/v2\/comments?post=5559"}],"version-history":[{"count":13,"href":"https:\/\/canelatools.com\/de\/wp-json\/wp\/v2\/pages\/5559\/revisions"}],"predecessor-version":[{"id":10351,"href":"https:\/\/canelatools.com\/de\/wp-json\/wp\/v2\/pages\/5559\/revisions\/10351"}],"wp:attachment":[{"href":"https:\/\/canelatools.com\/de\/wp-json\/wp\/v2\/media?parent=5559"}],"curies":[{"name":"wp","href":"https:\/\/api.w.org\/{rel}","templated":true}]}}