{"id":5565,"date":"2025-11-25T14:15:50","date_gmt":"2025-11-25T14:15:50","guid":{"rendered":"https:\/\/canelatools.com\/stechen-und-nuteneinstechen\/"},"modified":"2026-02-11T08:58:37","modified_gmt":"2026-02-11T08:58:37","slug":"stechen-und-nuteneinstechen","status":"publish","type":"page","link":"https:\/\/canelatools.com\/de\/stechen-und-nuteneinstechen\/","title":{"rendered":"Stechen und Nuteneinstechen"},"content":{"rendered":"\t\t<div data-elementor-type=\"wp-page\" data-elementor-id=\"5565\" class=\"elementor elementor-5565 elementor-648\" data-elementor-post-type=\"page\">\n\t\t\t\t<div class=\"elementor-element elementor-element-e4237e4 e-flex e-con-boxed e-con e-parent\" data-id=\"e4237e4\" data-element_type=\"container\" data-e-type=\"container\" data-settings=\"{&quot;background_background&quot;:&quot;slideshow&quot;,&quot;background_slideshow_gallery&quot;:[{&quot;id&quot;:5562,&quot;url&quot;:&quot;https:\\\/\\\/canelatools.com\\\/wp-content\\\/uploads\\\/2025\\\/11\\\/slider-tronzado.jpg&quot;}],&quot;background_slideshow_loop&quot;:&quot;yes&quot;,&quot;background_slideshow_slide_duration&quot;:5000,&quot;background_slideshow_slide_transition&quot;:&quot;fade&quot;,&quot;background_slideshow_transition_duration&quot;:500}\">\n\t\t\t\t\t<div class=\"e-con-inner\">\n\t\t\t\t<div class=\"elementor-element elementor-element-984d0fb elementor-widget elementor-widget-heading\" data-id=\"984d0fb\" data-element_type=\"widget\" data-e-type=\"widget\" data-widget_type=\"heading.default\">\n\t\t\t\t\t<h1 class=\"elementor-heading-title elementor-size-default\">Stechen und Nuteneinstechen<\/h1>\t\t\t\t<\/div>\n\t\t\t\t<div class=\"elementor-element elementor-element-0c59a4e elementor-widget-divider--view-line elementor-widget elementor-widget-divider\" data-id=\"0c59a4e\" data-element_type=\"widget\" data-e-type=\"widget\" data-widget_type=\"divider.default\">\n\t\t\t\t\t\t\t<div class=\"elementor-divider\">\n\t\t\t<span class=\"elementor-divider-separator\">\n\t\t\t\t\t\t<\/span>\n\t\t<\/div>\n\t\t\t\t\t\t<\/div>\n\t\t\t\t\t<\/div>\n\t\t\t\t<\/div>\n\t\t<div class=\"elementor-element elementor-element-1893af4 e-flex e-con-boxed e-con e-parent\" data-id=\"1893af4\" data-element_type=\"container\" data-e-type=\"container\">\n\t\t\t\t\t<div class=\"e-con-inner\">\n\t\t<div class=\"elementor-element elementor-element-0a81a50 e-con-full e-flex e-con e-child\" data-id=\"0a81a50\" data-element_type=\"container\" data-e-type=\"container\">\n\t\t\t\t<div class=\"elementor-element elementor-element-94e493c elementor-widget elementor-widget-heading\" data-id=\"94e493c\" data-element_type=\"widget\" data-e-type=\"widget\" data-widget_type=\"heading.default\">\n\t\t\t\t\t<h2 class=\"elementor-heading-title elementor-size-default\">Stechen und Nuteneinstechen<\/h2>\t\t\t\t<\/div>\n\t\t\t\t<div class=\"elementor-element elementor-element-c83be53 elementor-widget-divider--view-line elementor-widget elementor-widget-divider\" data-id=\"c83be53\" data-element_type=\"widget\" data-e-type=\"widget\" data-widget_type=\"divider.default\">\n\t\t\t\t\t\t\t<div class=\"elementor-divider\">\n\t\t\t<span class=\"elementor-divider-separator\">\n\t\t\t\t\t\t<\/span>\n\t\t<\/div>\n\t\t\t\t\t\t<\/div>\n\t\t\t\t<div class=\"elementor-element elementor-element-e480692 elementor-widget elementor-widget-text-editor\" data-id=\"e480692\" data-element_type=\"widget\" data-e-type=\"widget\" data-widget_type=\"text-editor.default\">\n\t\t\t\t\t\t\t\t\t<p>Breites Programm von Werkzeugen zum Stechen und Nuteneinstechen.<\/p><p>Die Werkzeuge zum Nuteneinstechen sind entworfen worden, um eine gro\u00dfe Leistungsf\u00e4higkeit zu erreichen. Die Werkzeuge zum Stechen verf\u00fcgen \u00fcber verschiedene Typen von Wendeplatten f\u00fcr eine Vielfalt von Anwendungen, Tiefen und Abmessungen.<\/p><p>Der komplette Bereich von Nuteneinstechen beginnt bei 0,8 mm f\u00fcr O-Ringe und Ringnuten bis zu 9,52 mm f\u00fcr schwere Nuteneinstech-Anwendungen.<\/p>\t\t\t\t\t\t\t\t<\/div>\n\t\t\t\t<\/div>\n\t\t<div class=\"elementor-element elementor-element-095fc63 e-con-full e-flex e-con e-child\" data-id=\"095fc63\" data-element_type=\"container\" data-e-type=\"container\">\n\t\t\t\t<div class=\"elementor-element elementor-element-b156c3c elementor-widget elementor-widget-gallery\" data-id=\"b156c3c\" data-element_type=\"widget\" data-e-type=\"widget\" data-settings=\"{&quot;gallery_layout&quot;:&quot;justified&quot;,&quot;ideal_row_height&quot;:{&quot;unit&quot;:&quot;px&quot;,&quot;size&quot;:240,&quot;sizes&quot;:[]},&quot;gap&quot;:{&quot;unit&quot;:&quot;px&quot;,&quot;size&quot;:8,&quot;sizes&quot;:[]},&quot;lazyload&quot;:&quot;yes&quot;,&quot;ideal_row_height_tablet&quot;:{&quot;unit&quot;:&quot;px&quot;,&quot;size&quot;:150,&quot;sizes&quot;:[]},&quot;ideal_row_height_mobile&quot;:{&quot;unit&quot;:&quot;px&quot;,&quot;size&quot;:150,&quot;sizes&quot;:[]},&quot;gap_tablet&quot;:{&quot;unit&quot;:&quot;px&quot;,&quot;size&quot;:10,&quot;sizes&quot;:[]},&quot;gap_mobile&quot;:{&quot;unit&quot;:&quot;px&quot;,&quot;size&quot;:10,&quot;sizes&quot;:[]},&quot;link_to&quot;:&quot;file&quot;,&quot;overlay_background&quot;:&quot;yes&quot;}\" data-widget_type=\"gallery.default\">\n\t\t\t\t\t\t\t<div class=\"elementor-gallery__container\">\n\t\t\t\t\t\t\t<a class=\"e-gallery-item elementor-gallery-item\" href=\"https:\/\/canelatools.com\/wp-content\/uploads\/2026\/01\/segat_-1.jpg\" data-elementor-open-lightbox=\"yes\" data-elementor-lightbox-slideshow=\"b156c3c\" data-elementor-lightbox-title=\"segat_-1\" data-e-action-hash=\"#elementor-action%3Aaction%3Dlightbox%26settings%3DeyJpZCI6OTk1MSwidXJsIjoiaHR0cHM6XC9cL2NhbmVsYXRvb2xzLmNvbVwvd3AtY29udGVudFwvdXBsb2Fkc1wvMjAyNlwvMDFcL3NlZ2F0Xy0xLmpwZyIsInNsaWRlc2hvdyI6ImIxNTZjM2MifQ%3D%3D\">\n\t\t\t\t\t<div class=\"e-gallery-image elementor-gallery-item__image\" data-thumbnail=\"https:\/\/canelatools.com\/wp-content\/uploads\/2026\/01\/segat_-1.jpg\" data-width=\"600\" data-height=\"600\" aria-label=\"\" role=\"img\" ><\/div>\n\t\t\t\t\t\t\t\t\t\t\t<div class=\"elementor-gallery-item__overlay\"><\/div>\n\t\t\t\t\t\t\t\t\t\t\t\t\t\t<\/a>\n\t\t\t\t\t\t\t<a class=\"e-gallery-item elementor-gallery-item\" href=\"https:\/\/canelatools.com\/wp-content\/uploads\/2026\/01\/tronzado02.png\" data-elementor-open-lightbox=\"yes\" data-elementor-lightbox-slideshow=\"b156c3c\" data-elementor-lightbox-title=\"tronzado02\" data-e-action-hash=\"#elementor-action%3Aaction%3Dlightbox%26settings%3DeyJpZCI6OTk1MiwidXJsIjoiaHR0cHM6XC9cL2NhbmVsYXRvb2xzLmNvbVwvd3AtY29udGVudFwvdXBsb2Fkc1wvMjAyNlwvMDFcL3Ryb256YWRvMDIucG5nIiwic2xpZGVzaG93IjoiYjE1NmMzYyJ9\">\n\t\t\t\t\t<div class=\"e-gallery-image elementor-gallery-item__image\" data-thumbnail=\"https:\/\/canelatools.com\/wp-content\/uploads\/2026\/01\/tronzado02.png\" data-width=\"900\" data-height=\"600\" aria-label=\"\" role=\"img\" ><\/div>\n\t\t\t\t\t\t\t\t\t\t\t<div class=\"elementor-gallery-item__overlay\"><\/div>\n\t\t\t\t\t\t\t\t\t\t\t\t\t\t<\/a>\n\t\t\t\t\t\t\t<a class=\"e-gallery-item elementor-gallery-item\" href=\"https:\/\/canelatools.com\/wp-content\/uploads\/2025\/11\/slider-tronzado.jpg\" data-elementor-open-lightbox=\"yes\" data-elementor-lightbox-slideshow=\"b156c3c\" data-elementor-lightbox-title=\"slider-tronzado\" data-e-action-hash=\"#elementor-action%3Aaction%3Dlightbox%26settings%3DeyJpZCI6NTU2MiwidXJsIjoiaHR0cHM6XC9cL2NhbmVsYXRvb2xzLmNvbVwvd3AtY29udGVudFwvdXBsb2Fkc1wvMjAyNVwvMTFcL3NsaWRlci10cm9uemFkby5qcGciLCJzbGlkZXNob3ciOiJiMTU2YzNjIn0%3D\">\n\t\t\t\t\t<div class=\"e-gallery-image elementor-gallery-item__image\" data-thumbnail=\"https:\/\/canelatools.com\/wp-content\/uploads\/2025\/11\/slider-tronzado.jpg\" data-width=\"1151\" data-height=\"312\" aria-label=\"\" role=\"img\" ><\/div>\n\t\t\t\t\t\t\t\t\t\t\t<div class=\"elementor-gallery-item__overlay\"><\/div>\n\t\t\t\t\t\t\t\t\t\t\t\t\t\t<\/a>\n\t\t\t\t\t<\/div>\n\t\t\t\t\t<\/div>\n\t\t\t\t<\/div>\n\t\t\t\t\t<\/div>\n\t\t\t\t<\/div>\n\t\t<div class=\"elementor-element elementor-element-c4d34ba e-flex e-con-boxed e-con e-parent\" data-id=\"c4d34ba\" data-element_type=\"container\" data-e-type=\"container\" data-settings=\"{&quot;background_background&quot;:&quot;slideshow&quot;,&quot;background_slideshow_gallery&quot;:[{&quot;id&quot;:5503,&quot;url&quot;:&quot;https:\\\/\\\/canelatools.com\\\/wp-content\\\/uploads\\\/2025\\\/11\\\/tronzadobanner.jpg&quot;}],&quot;background_slideshow_loop&quot;:&quot;yes&quot;,&quot;background_slideshow_slide_duration&quot;:5000,&quot;background_slideshow_slide_transition&quot;:&quot;fade&quot;,&quot;background_slideshow_transition_duration&quot;:500}\">\n\t\t\t\t\t<div class=\"e-con-inner\">\n\t\t\t\t\t<\/div>\n\t\t\t\t<\/div>\n\t\t\t\t<\/div>\n\t\t","protected":false},"excerpt":{"rendered":"<p>Stechen und Nuteneinstechen Stechen und Nuteneinstechen Breites Programm von Werkzeugen zum Stechen und Nuteneinstechen. Die Werkzeuge zum Nuteneinstechen sind entworfen worden, um eine gro\u00dfe Leistungsf\u00e4higkeit zu erreichen. Die Werkzeuge zum Stechen verf\u00fcgen \u00fcber verschiedene Typen von Wendeplatten f\u00fcr eine Vielfalt von Anwendungen, Tiefen und Abmessungen. Der komplette Bereich von Nuteneinstechen beginnt bei 0,8 mm f\u00fcr [&hellip;]<\/p>\n","protected":false},"author":1,"featured_media":0,"parent":0,"menu_order":0,"comment_status":"closed","ping_status":"closed","template":"elementor_header_footer","meta":{"footnotes":""},"class_list":["post-5565","page","type-page","status-publish","hentry"],"yoast_head":"<!-- This site is optimized with the Yoast SEO plugin v27.0 - https:\/\/yoast.com\/product\/yoast-seo-wordpress\/ -->\n<title>Stechen und Nuteneinstechen - Canela tools<\/title>\n<meta name=\"robots\" content=\"index, follow, max-snippet:-1, max-image-preview:large, max-video-preview:-1\" \/>\n<link rel=\"canonical\" href=\"https:\/\/canelatools.com\/de\/stechen-und-nuteneinstechen\/\" \/>\n<meta property=\"og:locale\" content=\"de_DE\" \/>\n<meta property=\"og:type\" content=\"article\" \/>\n<meta property=\"og:title\" content=\"Stechen und Nuteneinstechen - Canela tools\" \/>\n<meta property=\"og:description\" content=\"Stechen und Nuteneinstechen Stechen und Nuteneinstechen Breites Programm von Werkzeugen zum Stechen und Nuteneinstechen. Die Werkzeuge zum Nuteneinstechen sind entworfen worden, um eine gro\u00dfe Leistungsf\u00e4higkeit zu erreichen. Die Werkzeuge zum Stechen verf\u00fcgen \u00fcber verschiedene Typen von Wendeplatten f\u00fcr eine Vielfalt von Anwendungen, Tiefen und Abmessungen. Der komplette Bereich von Nuteneinstechen beginnt bei 0,8 mm f\u00fcr [&hellip;]\" \/>\n<meta property=\"og:url\" content=\"https:\/\/canelatools.com\/de\/stechen-und-nuteneinstechen\/\" \/>\n<meta property=\"og:site_name\" content=\"Canela tools\" \/>\n<meta property=\"article:modified_time\" content=\"2026-02-11T08:58:37+00:00\" \/>\n<meta name=\"twitter:card\" content=\"summary_large_image\" \/>\n<script type=\"application\/ld+json\" class=\"yoast-schema-graph\">{\"@context\":\"https:\/\/schema.org\",\"@graph\":[{\"@type\":\"WebPage\",\"@id\":\"https:\/\/canelatools.com\/de\/stechen-und-nuteneinstechen\/\",\"url\":\"https:\/\/canelatools.com\/de\/stechen-und-nuteneinstechen\/\",\"name\":\"Stechen und Nuteneinstechen - Canela tools\",\"isPartOf\":{\"@id\":\"https:\/\/canelatools.com\/#website\"},\"datePublished\":\"2025-11-25T14:15:50+00:00\",\"dateModified\":\"2026-02-11T08:58:37+00:00\",\"breadcrumb\":{\"@id\":\"https:\/\/canelatools.com\/de\/stechen-und-nuteneinstechen\/#breadcrumb\"},\"inLanguage\":\"de\",\"potentialAction\":[{\"@type\":\"ReadAction\",\"target\":[\"https:\/\/canelatools.com\/de\/stechen-und-nuteneinstechen\/\"]}]},{\"@type\":\"BreadcrumbList\",\"@id\":\"https:\/\/canelatools.com\/de\/stechen-und-nuteneinstechen\/#breadcrumb\",\"itemListElement\":[{\"@type\":\"ListItem\",\"position\":1,\"name\":\"Portada\",\"item\":\"https:\/\/canelatools.com\/\"},{\"@type\":\"ListItem\",\"position\":2,\"name\":\"Stechen und Nuteneinstechen\"}]},{\"@type\":\"WebSite\",\"@id\":\"https:\/\/canelatools.com\/#website\",\"url\":\"https:\/\/canelatools.com\/\",\"name\":\"Canela tools\",\"description\":\"\",\"potentialAction\":[{\"@type\":\"SearchAction\",\"target\":{\"@type\":\"EntryPoint\",\"urlTemplate\":\"https:\/\/canelatools.com\/?s={search_term_string}\"},\"query-input\":{\"@type\":\"PropertyValueSpecification\",\"valueRequired\":true,\"valueName\":\"search_term_string\"}}],\"inLanguage\":\"de\"}]}<\/script>\n<!-- \/ Yoast SEO plugin. -->","yoast_head_json":{"title":"Stechen und Nuteneinstechen - Canela tools","robots":{"index":"index","follow":"follow","max-snippet":"max-snippet:-1","max-image-preview":"max-image-preview:large","max-video-preview":"max-video-preview:-1"},"canonical":"https:\/\/canelatools.com\/de\/stechen-und-nuteneinstechen\/","og_locale":"de_DE","og_type":"article","og_title":"Stechen und Nuteneinstechen - Canela tools","og_description":"Stechen und Nuteneinstechen Stechen und Nuteneinstechen Breites Programm von Werkzeugen zum Stechen und Nuteneinstechen. Die Werkzeuge zum Nuteneinstechen sind entworfen worden, um eine gro\u00dfe Leistungsf\u00e4higkeit zu erreichen. Die Werkzeuge zum Stechen verf\u00fcgen \u00fcber verschiedene Typen von Wendeplatten f\u00fcr eine Vielfalt von Anwendungen, Tiefen und Abmessungen. Der komplette Bereich von Nuteneinstechen beginnt bei 0,8 mm f\u00fcr [&hellip;]","og_url":"https:\/\/canelatools.com\/de\/stechen-und-nuteneinstechen\/","og_site_name":"Canela tools","article_modified_time":"2026-02-11T08:58:37+00:00","twitter_card":"summary_large_image","schema":{"@context":"https:\/\/schema.org","@graph":[{"@type":"WebPage","@id":"https:\/\/canelatools.com\/de\/stechen-und-nuteneinstechen\/","url":"https:\/\/canelatools.com\/de\/stechen-und-nuteneinstechen\/","name":"Stechen und Nuteneinstechen - Canela tools","isPartOf":{"@id":"https:\/\/canelatools.com\/#website"},"datePublished":"2025-11-25T14:15:50+00:00","dateModified":"2026-02-11T08:58:37+00:00","breadcrumb":{"@id":"https:\/\/canelatools.com\/de\/stechen-und-nuteneinstechen\/#breadcrumb"},"inLanguage":"de","potentialAction":[{"@type":"ReadAction","target":["https:\/\/canelatools.com\/de\/stechen-und-nuteneinstechen\/"]}]},{"@type":"BreadcrumbList","@id":"https:\/\/canelatools.com\/de\/stechen-und-nuteneinstechen\/#breadcrumb","itemListElement":[{"@type":"ListItem","position":1,"name":"Portada","item":"https:\/\/canelatools.com\/"},{"@type":"ListItem","position":2,"name":"Stechen und Nuteneinstechen"}]},{"@type":"WebSite","@id":"https:\/\/canelatools.com\/#website","url":"https:\/\/canelatools.com\/","name":"Canela tools","description":"","potentialAction":[{"@type":"SearchAction","target":{"@type":"EntryPoint","urlTemplate":"https:\/\/canelatools.com\/?s={search_term_string}"},"query-input":{"@type":"PropertyValueSpecification","valueRequired":true,"valueName":"search_term_string"}}],"inLanguage":"de"}]}},"_links":{"self":[{"href":"https:\/\/canelatools.com\/de\/wp-json\/wp\/v2\/pages\/5565","targetHints":{"allow":["GET"]}}],"collection":[{"href":"https:\/\/canelatools.com\/de\/wp-json\/wp\/v2\/pages"}],"about":[{"href":"https:\/\/canelatools.com\/de\/wp-json\/wp\/v2\/types\/page"}],"author":[{"embeddable":true,"href":"https:\/\/canelatools.com\/de\/wp-json\/wp\/v2\/users\/1"}],"replies":[{"embeddable":true,"href":"https:\/\/canelatools.com\/de\/wp-json\/wp\/v2\/comments?post=5565"}],"version-history":[{"count":7,"href":"https:\/\/canelatools.com\/de\/wp-json\/wp\/v2\/pages\/5565\/revisions"}],"predecessor-version":[{"id":10948,"href":"https:\/\/canelatools.com\/de\/wp-json\/wp\/v2\/pages\/5565\/revisions\/10948"}],"wp:attachment":[{"href":"https:\/\/canelatools.com\/de\/wp-json\/wp\/v2\/media?parent=5565"}],"curies":[{"name":"wp","href":"https:\/\/api.w.org\/{rel}","templated":true}]}}