{"id":8971,"date":"2026-01-08T10:15:32","date_gmt":"2026-01-08T10:15:32","guid":{"rendered":"https:\/\/canelatools.com\/politica-de-cookies\/"},"modified":"2026-01-13T10:51:45","modified_gmt":"2026-01-13T10:51:45","slug":"cookie-richtlinie","status":"publish","type":"page","link":"https:\/\/canelatools.com\/de\/cookie-richtlinie\/","title":{"rendered":"Cookie Richtlinie"},"content":{"rendered":"\t\t<div data-elementor-type=\"wp-page\" data-elementor-id=\"8971\" class=\"elementor elementor-8971 elementor-8492\" data-elementor-post-type=\"page\">\n\t\t\t\t<div class=\"elementor-element elementor-element-6c4ebb0 e-flex e-con-boxed e-con e-parent\" data-id=\"6c4ebb0\" data-element_type=\"container\" data-e-type=\"container\" data-settings=\"{&quot;background_background&quot;:&quot;slideshow&quot;,&quot;background_slideshow_gallery&quot;:[{&quot;id&quot;:5511,&quot;url&quot;:&quot;https:\\\/\\\/canelatools.com\\\/wp-content\\\/uploads\\\/2025\\\/12\\\/slider-proteccion-datos.jpg&quot;}],&quot;background_slideshow_loop&quot;:&quot;yes&quot;,&quot;background_slideshow_slide_duration&quot;:5000,&quot;background_slideshow_slide_transition&quot;:&quot;fade&quot;,&quot;background_slideshow_transition_duration&quot;:500}\">\n\t\t\t\t\t<div class=\"e-con-inner\">\n\t\t\t\t<div class=\"elementor-element elementor-element-140c30c elementor-widget elementor-widget-heading\" data-id=\"140c30c\" data-element_type=\"widget\" data-e-type=\"widget\" data-widget_type=\"heading.default\">\n\t\t\t\t\t<h1 class=\"elementor-heading-title elementor-size-default\">Cookie-Richtlinie<\/h1>\t\t\t\t<\/div>\n\t\t\t\t<div class=\"elementor-element elementor-element-e78c513 elementor-widget-divider--view-line elementor-widget elementor-widget-divider\" data-id=\"e78c513\" data-element_type=\"widget\" data-e-type=\"widget\" data-widget_type=\"divider.default\">\n\t\t\t\t\t\t\t<div class=\"elementor-divider\">\n\t\t\t<span class=\"elementor-divider-separator\">\n\t\t\t\t\t\t<\/span>\n\t\t<\/div>\n\t\t\t\t\t\t<\/div>\n\t\t\t\t\t<\/div>\n\t\t\t\t<\/div>\n\t\t<div class=\"elementor-element elementor-element-2720fe5 e-flex e-con-boxed e-con e-parent\" data-id=\"2720fe5\" data-element_type=\"container\" data-e-type=\"container\">\n\t\t\t\t\t<div class=\"e-con-inner\">\n\t\t\t\t<div class=\"elementor-element elementor-element-0452ec7 elementor-widget elementor-widget-text-editor\" data-id=\"0452ec7\" data-element_type=\"widget\" data-e-type=\"widget\" data-widget_type=\"text-editor.default\">\n\t\t\t\t\t\t\t\t\t<strong>\u00dcber diese Cookie-Richtlinie<\/strong>\n<div>In dieser Cookie-Richtlinie wird erl\u00e4utert, was Cookies sind, welche Arten von Cookies wir verwenden, d. h. welche Informationen wir mit Hilfe von Cookies sammeln und wie diese Informationen verwendet werden, und wie Sie die Cookie-Einstellungen steuern k\u00f6nnen. Weitere Informationen dar\u00fcber, wie wir Ihre pers\u00f6nlichen Daten verwenden, speichern und sicher aufbewahren, finden Sie in unserer <a href=\"https:\/\/canelatools.com\/empresa\/produccion-de-datos\/\">Datenschutzrichtlinie<\/a>. Sie k\u00f6nnen Ihr Einverst\u00e4ndnis mit der Cookie-Erkl\u00e4rung auf unserer Website jederzeit \u00e4ndern oder widerrufen.<\/div>\n<div><\/div>\n<div>Weitere Informationen dar\u00fcber, wer wir sind, wie Sie uns kontaktieren k\u00f6nnen und wie wir personenbezogene Daten verarbeiten, finden Sie in unserer <a href=\"https:\/\/canelatools.com\/empresa\/produccion-de-datos\/\">Datenschutzrichtlinie<\/a>. Ihre Zustimmung gilt f\u00fcr die folgenden Domains: canelatools.com<\/div>\n<div><\/div>\n<strong>Was sind Cookies?<\/strong>\nCookies sind kleine Textdateien, die dazu dienen, kleine Informationen zu speichern. Sie werden auf Ihrem Ger\u00e4t gespeichert, wenn die Website in Ihrem Browser geladen wird. Diese Cookies helfen uns, die Website ordnungsgem\u00e4\u00df zu betreiben, sie sicherer zu machen, die Benutzerfreundlichkeit zu verbessern, zu verstehen, wie die Website funktioniert, und zu analysieren, was funktioniert und wo sie verbessert werden muss.\n\n<strong>Wie verwenden wir Cookies?<\/strong>\nWie die meisten Online-Dienste verwendet auch unsere Website Cookies von Erstanbietern und Drittanbietern f\u00fcr verschiedene Zwecke. Cookies von Erstanbietern sind in den meisten F\u00e4llen notwendig, damit die Website ordnungsgem\u00e4\u00df funktioniert, und erfassen keine personenbezogenen Daten von Ihnen. Cookies von Drittanbietern, die auf unserer Website verwendet werden, dienen in erster Linie dazu, zu verstehen, wie die Website funktioniert, wie Sie mit unserer Website interagieren, um unsere Dienste sicher zu halten, um Ihnen f\u00fcr Sie relevante Werbung anzubieten und allgemein, um Ihnen eine bessere und verbesserte Benutzererfahrung zu bieten und Ihre zuk\u00fcnftigen Interaktionen mit unserer Website zu beschleunigen.\n\n<strong>Welche Arten von Cookies verwenden wir?<\/strong>\nUnverzichtbar: Einige Cookies sind unerl\u00e4sslich, damit Sie die volle Funktionalit\u00e4t unserer Website nutzen k\u00f6nnen. Sie erm\u00f6glichen uns, Benutzersitzungen aufrechtzuerhalten und Sicherheitsbedrohungen zu verhindern. Sie erfassen oder speichern keine pers\u00f6nlichen Informationen. Diese Cookies erm\u00f6glichen Ihnen zum Beispiel, sich bei Ihrem Konto anzumelden, Produkte in Ihren Warenkorb zu legen und sicher zu bezahlen. Statistiken: Diese Cookies speichern Informationen wie die Anzahl der Besucher der Website, die Anzahl der eindeutigen Besucher, welche Seiten der Website besucht wurden, die Quelle des Besuchs usw. Diese Daten helfen uns zu verstehen und zu analysieren, wie gut die Website funktioniert und wo sie verbessert werden muss. Marketing: Auf unserer Website wird Werbung angezeigt. Diese Cookies werden verwendet, um die Werbung, die wir Ihnen zeigen, so zu personalisieren, da\u00df sie f\u00fcr Sie sinnvoll ist. Diese Cookies helfen uns auch dabei, die Wirksamkeit dieser Werbekampagnen zu verfolgen. Die in diesen Cookies gespeicherten Informationen k\u00f6nnen auch von Drittanbietern verwendet werden, um Ihnen in Ihrem Browser auch Werbung von anderen Websites anzuzeigen. Funktional: Dies sind Cookies, die bestimmte nicht wesentliche Funktionen auf unserer Website unterst\u00fctzen. Zu diesen Funktionalit\u00e4ten geh\u00f6ren das Einbetten von Inhalten wie Videos oder das Teilen von Website-Inhalten auf Social-Media-Plattformen. Pr\u00e4ferenzen: Diese Cookies helfen uns, Ihre Browsing-Einstellungen und Pr\u00e4ferenzen, wie z. B. Spracheinstellungen, zu speichern, damit Sie bei k\u00fcnftigen Besuchen der Website ein besseres und effizienteres Erlebnis haben.\n\n<strong>Wie kann ich meine Cookie-Einstellungen kontrollieren?<\/strong>\nWenn Sie Ihre Einstellungen sp\u00e4ter \u00e4ndern m\u00f6chten, k\u00f6nnen Sie auf die Registerkarte &#8222;Datenschutz und Cookie-Richtlinie&#8220; auf Ihrem Bildschirm klicken. Dadurch wird der Hinweis auf die Einwilligung erneut angezeigt, so da\u00df Sie Ihre Einstellungen \u00e4ndern oder Ihre Einwilligung vollst\u00e4ndig widerrufen k\u00f6nnen. Dar\u00fcber hinaus bieten verschiedene Browser unterschiedliche Methoden zum Blockieren und L\u00f6schen von Cookies, die von Websites verwendet werden. Sie k\u00f6nnen Ihre Browsereinstellungen \u00e4ndern, um Cookies zu blockieren\/l\u00f6schen.\n\nWeitere Informationen \u00fcber die Verwaltung und L\u00f6schung von Cookies finden Sie unter <a href=\"http:\/\/wikipedia.org\" target=\"_blank\" rel=\"noopener\">wikipedia.org<\/a>, <a href=\"http:\/\/www.allaboutcookies.org\" target=\"_blank\" rel=\"noopener\">www.allaboutcookies.org<\/a>.\t\t\t\t\t\t\t\t<\/div>\n\t\t\t\t<div class=\"elementor-element elementor-element-683b514 elementor-widget elementor-widget-text-editor\" data-id=\"683b514\" data-element_type=\"widget\" data-e-type=\"widget\" data-widget_type=\"text-editor.default\">\n\t\t\t\t\t\t\t\t\t<strong>In der folgenden Liste sind die Cookies aufgef\u00fchrt, die auf unserer Website verwendet werden.<\/strong>\n<div class=\"reportbox\">\n<p class=\"reporttitle\">Performance cookies<span class=\"text-success\">3<\/span><\/p>\n\n<table class=\"reporttable table\">\n<thead>\n<tr>\n<th>Cookie key<\/th>\n<th>Domain<\/th>\n<th>Path<\/th>\n<th>Cookie type<\/th>\n<th>Expiration<\/th>\n<th>Description<\/th>\n<\/tr>\n<\/thead>\n<tbody>\n<tr>\n<td data-label=\"Cookie key\">_gid\n<a class=\"morecookieinfo\" title=\"More info\" data-toggle=\"collapse\" data-target=\"#showlink3787952\" aria-expanded=\"false\" aria-controls=\"#showlink3787952\">More info<\/a><\/td>\n<td data-label=\"Domain\">.canelatools.com<\/td>\n<td data-label=\"Path\">\/<\/td>\n<td data-label=\"Cookie type\">First-party<\/td>\n<td data-label=\"Expiration\">1 day<\/td>\n<td class=\"repdesc\" data-label=\"Description\">This cookie is set by Google Analytics. It stores and update a unique value for each page visited and is used to count and track pageviews.<\/td>\n<\/tr>\n<tr class=\"firstfoundrow\">\n<td colspan=\"6\"><\/td>\n<\/tr>\n<tr>\n<td data-label=\"Cookie key\">_ga_2LHNKNG0ST\n<a class=\"morecookieinfo\" title=\"More info\" data-toggle=\"collapse\" data-target=\"#showlink3787954\" aria-expanded=\"false\" aria-controls=\"#showlink3787954\">More info<\/a><\/td>\n<td data-label=\"Domain\">.canelatools.com<\/td>\n<td data-label=\"Path\">\/<\/td>\n<td data-label=\"Cookie type\">First-party<\/td>\n<td data-label=\"Expiration\">1 year 1 month<\/td>\n<td class=\"repdesc\" data-label=\"Description\">This cookie is used by Google Analytics to persist session state.<\/td>\n<\/tr>\n<tr class=\"firstfoundrow\">\n<td colspan=\"6\"><\/td>\n<\/tr>\n<tr>\n<td data-label=\"Cookie key\">_ga\n<a class=\"morecookieinfo\" title=\"More info\" data-toggle=\"collapse\" data-target=\"#showlink3787955\" aria-expanded=\"false\" aria-controls=\"#showlink3787955\">More info<\/a><\/td>\n<td data-label=\"Domain\">.canelatools.com<\/td>\n<td data-label=\"Path\">\/<\/td>\n<td data-label=\"Cookie type\">First-party<\/td>\n<td data-label=\"Expiration\">1 year 1 month<\/td>\n<td class=\"repdesc\" data-label=\"Description\">This cookie name is associated with Google Universal Analytics &#8211; which is a significant update to Google&#8217;s more commonly used analytics service. This cookie is used to distinguish unique users by assigning a randomly generated number as a client identifier. It is included in each page request in a site and used to calculate visitor, session and campaign data for the sites analytics reports.<\/td>\n<\/tr>\n<tr class=\"firstfoundrow\">\n<td colspan=\"6\"><\/td>\n<\/tr>\n<\/tbody>\n<\/table>\n<p class=\"reporttitle\">Targeting cookies<span class=\"text-success\">3<\/span><\/p>\n\n<table class=\"reporttable table\">\n<thead>\n<tr>\n<th>Cookie key<\/th>\n<th>Domain<\/th>\n<th>Path<\/th>\n<th>Cookie type<\/th>\n<th>Expiration<\/th>\n<th>Description<\/th>\n<\/tr>\n<\/thead>\n<tbody>\n<tr>\n<td data-label=\"Cookie key\">YSC\n<a class=\"morecookieinfo\" title=\"More info\" data-toggle=\"collapse\" data-target=\"#showlink3787950\" aria-expanded=\"false\" aria-controls=\"#showlink3787950\">More info<\/a><\/td>\n<td data-label=\"Domain\">.youtube.com<\/td>\n<td data-label=\"Path\">\/<\/td>\n<td data-label=\"Cookie type\">Third-party<\/td>\n<td data-label=\"Expiration\">Session<\/td>\n<td class=\"repdesc\" data-label=\"Description\">This cookie is set by YouTube to track views of embedded videos.<\/td>\n<\/tr>\n<tr class=\"firstfoundrow\">\n<td colspan=\"6\"><\/td>\n<\/tr>\n<tr>\n<td data-label=\"Cookie key\">VISITOR_INFO1_LIVE\n<a class=\"morecookieinfo\" title=\"More info\" data-toggle=\"collapse\" data-target=\"#showlink3787951\" aria-expanded=\"false\" aria-controls=\"#showlink3787951\">More info<\/a><\/td>\n<td data-label=\"Domain\">.youtube.com<\/td>\n<td data-label=\"Path\">\/<\/td>\n<td data-label=\"Cookie type\">Third-party<\/td>\n<td data-label=\"Expiration\">6 months<\/td>\n<td class=\"repdesc\" data-label=\"Description\">This cookie is set by Youtube to keep track of user preferences for Youtube videos embedded in sites;it can also determine whether the website visitor is using the new or old version of the Youtube interface.<\/td>\n<\/tr>\n<tr class=\"firstfoundrow\">\n<td colspan=\"6\"><\/td>\n<\/tr>\n<tr>\n<td data-label=\"Cookie key\">_gat_gtag_UA_38713668_1\n<a class=\"morecookieinfo\" title=\"More info\" data-toggle=\"collapse\" data-target=\"#showlink3787953\" aria-expanded=\"false\" aria-controls=\"#showlink3787953\">More info<\/a><\/td>\n<td data-label=\"Domain\">.canelatools.com<\/td>\n<td data-label=\"Path\">\/<\/td>\n<td data-label=\"Cookie type\">First-party<\/td>\n<td data-label=\"Expiration\">51 seconds<\/td>\n<td class=\"repdesc\" data-label=\"Description\">This cookie is part of Google Analytics and is used to limit requests (throttle request rate).<\/td>\n<\/tr>\n<tr class=\"firstfoundrow\">\n<td colspan=\"6\"><\/td>\n<\/tr>\n<\/tbody>\n<\/table>\n<p class=\"reporttitle\">Unclassified cookies<span class=\"text-success\">3<\/span><\/p>\n\n<table class=\"reporttable table\">\n<thead>\n<tr>\n<th>Cookie key<\/th>\n<th>Domain<\/th>\n<th>Path<\/th>\n<th>Cookie type<\/th>\n<th>Expiration<\/th>\n<th>Description<\/th>\n<\/tr>\n<\/thead>\n<tbody>\n<tr>\n<td data-label=\"Cookie key\">cookieyes-consent\n<a class=\"morecookieinfo\" title=\"More info\" data-toggle=\"collapse\" data-target=\"#showlink3787947\" aria-expanded=\"false\" aria-controls=\"#showlink3787947\">More info<\/a><\/td>\n<td data-label=\"Domain\">canelatools.com<\/td>\n<td data-label=\"Path\">\/<\/td>\n<td data-label=\"Cookie type\">First-party<\/td>\n<td data-label=\"Expiration\">1 year<\/td>\n<td class=\"repdesc\" data-label=\"Description\"><\/td>\n<\/tr>\n<tr class=\"firstfoundrow\">\n<td colspan=\"6\"><\/td>\n<\/tr>\n<tr>\n<td data-label=\"Cookie key\">wpml_browser_redirect_test\n<a class=\"morecookieinfo\" title=\"More info\" data-toggle=\"collapse\" data-target=\"#showlink3787948\" aria-expanded=\"false\" aria-controls=\"#showlink3787948\">More info<\/a><\/td>\n<td data-label=\"Domain\">canelatools.com<\/td>\n<td data-label=\"Path\">\/<\/td>\n<td data-label=\"Cookie type\">First-party<\/td>\n<td data-label=\"Expiration\">Session<\/td>\n<td class=\"repdesc\" data-label=\"Description\"><\/td>\n<\/tr>\n<tr class=\"firstfoundrow\">\n<td colspan=\"6\"><\/td>\n<\/tr>\n<tr>\n<td data-label=\"Cookie key\">_icl_visitor_lang_js\n<a class=\"morecookieinfo\" title=\"More info\" data-toggle=\"collapse\" data-target=\"#showlink3787949\" aria-expanded=\"false\" aria-controls=\"#showlink3787949\">More info<\/a><\/td>\n<td data-label=\"Domain\">.canelatools.com<\/td>\n<td data-label=\"Path\">\/<\/td>\n<td data-label=\"Cookie type\">First-party<\/td>\n<td data-label=\"Expiration\">1 day<\/td>\n<td class=\"repdesc\" data-label=\"Description\"><\/td>\n<\/tr>\n<tr class=\"firstfoundrow\">\n<td colspan=\"6\"><\/td>\n<\/tr>\n<\/tbody>\n<\/table>\n<\/div>\n<div class=\"reportbox\">\n<p class=\"reporttitle\">Storages<span class=\"text-success\">4<\/span><\/p>\n\n<table class=\"reporttable storages table\">\n<thead>\n<tr>\n<th>Storage key<\/th>\n<th>Type<\/th>\n<th>Category<\/th>\n<\/tr>\n<\/thead>\n<tbody>\n<tr>\n<td data-label=\"Storage key\">_cltk<\/td>\n<td data-label=\"Type\">session<\/td>\n<td data-label=\"Category\">Strictly Necessary<\/td>\n<\/tr>\n<tr>\n<td data-label=\"Storage key\">lastExternalReferrerTime<\/td>\n<td data-label=\"Type\">local<\/td>\n<td data-label=\"Category\">Strictly Necessary<\/td>\n<\/tr>\n<tr>\n<td data-label=\"Storage key\">_grecaptcha<\/td>\n<td data-label=\"Type\">local<\/td>\n<td data-label=\"Category\">Strictly Necessary<\/td>\n<\/tr>\n<tr>\n<td data-label=\"Storage key\">lastExternalReferrer<\/td>\n<td data-label=\"Type\">local<\/td>\n<td data-label=\"Category\">Strictly Necessary<\/td>\n<\/tr>\n<\/tbody>\n<\/table>\n<\/div>\t\t\t\t\t\t\t\t<\/div>\n\t\t\t\t\t<\/div>\n\t\t\t\t<\/div>\n\t\t\t\t<\/div>\n\t\t","protected":false},"excerpt":{"rendered":"<p>Cookie-Richtlinie \u00dcber diese Cookie-Richtlinie In dieser Cookie-Richtlinie wird erl\u00e4utert, was Cookies sind, welche Arten von Cookies wir verwenden, d. h. welche Informationen wir mit Hilfe von Cookies sammeln und wie diese Informationen verwendet werden, und wie Sie die Cookie-Einstellungen steuern k\u00f6nnen. Weitere Informationen dar\u00fcber, wie wir Ihre pers\u00f6nlichen Daten verwenden, speichern und sicher aufbewahren, finden [&hellip;]<\/p>\n","protected":false},"author":1,"featured_media":0,"parent":0,"menu_order":0,"comment_status":"closed","ping_status":"closed","template":"","meta":{"footnotes":""},"class_list":["post-8971","page","type-page","status-publish","hentry"],"yoast_head":"<!-- This site is optimized with the Yoast SEO plugin v27.0 - https:\/\/yoast.com\/product\/yoast-seo-wordpress\/ -->\n<title>Cookie Richtlinie - Canela tools<\/title>\n<meta name=\"robots\" content=\"index, follow, max-snippet:-1, max-image-preview:large, max-video-preview:-1\" \/>\n<link rel=\"canonical\" href=\"https:\/\/canelatools.com\/de\/cookie-richtlinie\/\" \/>\n<meta property=\"og:locale\" content=\"de_DE\" \/>\n<meta property=\"og:type\" content=\"article\" \/>\n<meta property=\"og:title\" content=\"Cookie Richtlinie - Canela tools\" \/>\n<meta property=\"og:description\" content=\"Cookie-Richtlinie \u00dcber diese Cookie-Richtlinie In dieser Cookie-Richtlinie wird erl\u00e4utert, was Cookies sind, welche Arten von Cookies wir verwenden, d. h. welche Informationen wir mit Hilfe von Cookies sammeln und wie diese Informationen verwendet werden, und wie Sie die Cookie-Einstellungen steuern k\u00f6nnen. Weitere Informationen dar\u00fcber, wie wir Ihre pers\u00f6nlichen Daten verwenden, speichern und sicher aufbewahren, finden [&hellip;]\" \/>\n<meta property=\"og:url\" content=\"https:\/\/canelatools.com\/de\/cookie-richtlinie\/\" \/>\n<meta property=\"og:site_name\" content=\"Canela tools\" \/>\n<meta property=\"article:modified_time\" content=\"2026-01-13T10:51:45+00:00\" \/>\n<meta name=\"twitter:card\" content=\"summary_large_image\" \/>\n<meta name=\"twitter:label1\" content=\"Gesch\u00e4tzte Lesezeit\" \/>\n\t<meta name=\"twitter:data1\" content=\"5\u00a0Minuten\" \/>\n<script type=\"application\/ld+json\" class=\"yoast-schema-graph\">{\"@context\":\"https:\/\/schema.org\",\"@graph\":[{\"@type\":\"WebPage\",\"@id\":\"https:\/\/canelatools.com\/de\/cookie-richtlinie\/\",\"url\":\"https:\/\/canelatools.com\/de\/cookie-richtlinie\/\",\"name\":\"Cookie Richtlinie - Canela tools\",\"isPartOf\":{\"@id\":\"https:\/\/canelatools.com\/#website\"},\"datePublished\":\"2026-01-08T10:15:32+00:00\",\"dateModified\":\"2026-01-13T10:51:45+00:00\",\"breadcrumb\":{\"@id\":\"https:\/\/canelatools.com\/de\/cookie-richtlinie\/#breadcrumb\"},\"inLanguage\":\"de\",\"potentialAction\":[{\"@type\":\"ReadAction\",\"target\":[\"https:\/\/canelatools.com\/de\/cookie-richtlinie\/\"]}]},{\"@type\":\"BreadcrumbList\",\"@id\":\"https:\/\/canelatools.com\/de\/cookie-richtlinie\/#breadcrumb\",\"itemListElement\":[{\"@type\":\"ListItem\",\"position\":1,\"name\":\"Portada\",\"item\":\"https:\/\/canelatools.com\/\"},{\"@type\":\"ListItem\",\"position\":2,\"name\":\"Cookie Richtlinie\"}]},{\"@type\":\"WebSite\",\"@id\":\"https:\/\/canelatools.com\/#website\",\"url\":\"https:\/\/canelatools.com\/\",\"name\":\"Canela tools\",\"description\":\"\",\"potentialAction\":[{\"@type\":\"SearchAction\",\"target\":{\"@type\":\"EntryPoint\",\"urlTemplate\":\"https:\/\/canelatools.com\/?s={search_term_string}\"},\"query-input\":{\"@type\":\"PropertyValueSpecification\",\"valueRequired\":true,\"valueName\":\"search_term_string\"}}],\"inLanguage\":\"de\"}]}<\/script>\n<!-- \/ Yoast SEO plugin. -->","yoast_head_json":{"title":"Cookie Richtlinie - Canela tools","robots":{"index":"index","follow":"follow","max-snippet":"max-snippet:-1","max-image-preview":"max-image-preview:large","max-video-preview":"max-video-preview:-1"},"canonical":"https:\/\/canelatools.com\/de\/cookie-richtlinie\/","og_locale":"de_DE","og_type":"article","og_title":"Cookie Richtlinie - Canela tools","og_description":"Cookie-Richtlinie \u00dcber diese Cookie-Richtlinie In dieser Cookie-Richtlinie wird erl\u00e4utert, was Cookies sind, welche Arten von Cookies wir verwenden, d. h. welche Informationen wir mit Hilfe von Cookies sammeln und wie diese Informationen verwendet werden, und wie Sie die Cookie-Einstellungen steuern k\u00f6nnen. Weitere Informationen dar\u00fcber, wie wir Ihre pers\u00f6nlichen Daten verwenden, speichern und sicher aufbewahren, finden [&hellip;]","og_url":"https:\/\/canelatools.com\/de\/cookie-richtlinie\/","og_site_name":"Canela tools","article_modified_time":"2026-01-13T10:51:45+00:00","twitter_card":"summary_large_image","twitter_misc":{"Gesch\u00e4tzte Lesezeit":"5\u00a0Minuten"},"schema":{"@context":"https:\/\/schema.org","@graph":[{"@type":"WebPage","@id":"https:\/\/canelatools.com\/de\/cookie-richtlinie\/","url":"https:\/\/canelatools.com\/de\/cookie-richtlinie\/","name":"Cookie Richtlinie - Canela tools","isPartOf":{"@id":"https:\/\/canelatools.com\/#website"},"datePublished":"2026-01-08T10:15:32+00:00","dateModified":"2026-01-13T10:51:45+00:00","breadcrumb":{"@id":"https:\/\/canelatools.com\/de\/cookie-richtlinie\/#breadcrumb"},"inLanguage":"de","potentialAction":[{"@type":"ReadAction","target":["https:\/\/canelatools.com\/de\/cookie-richtlinie\/"]}]},{"@type":"BreadcrumbList","@id":"https:\/\/canelatools.com\/de\/cookie-richtlinie\/#breadcrumb","itemListElement":[{"@type":"ListItem","position":1,"name":"Portada","item":"https:\/\/canelatools.com\/"},{"@type":"ListItem","position":2,"name":"Cookie Richtlinie"}]},{"@type":"WebSite","@id":"https:\/\/canelatools.com\/#website","url":"https:\/\/canelatools.com\/","name":"Canela tools","description":"","potentialAction":[{"@type":"SearchAction","target":{"@type":"EntryPoint","urlTemplate":"https:\/\/canelatools.com\/?s={search_term_string}"},"query-input":{"@type":"PropertyValueSpecification","valueRequired":true,"valueName":"search_term_string"}}],"inLanguage":"de"}]}},"_links":{"self":[{"href":"https:\/\/canelatools.com\/de\/wp-json\/wp\/v2\/pages\/8971","targetHints":{"allow":["GET"]}}],"collection":[{"href":"https:\/\/canelatools.com\/de\/wp-json\/wp\/v2\/pages"}],"about":[{"href":"https:\/\/canelatools.com\/de\/wp-json\/wp\/v2\/types\/page"}],"author":[{"embeddable":true,"href":"https:\/\/canelatools.com\/de\/wp-json\/wp\/v2\/users\/1"}],"replies":[{"embeddable":true,"href":"https:\/\/canelatools.com\/de\/wp-json\/wp\/v2\/comments?post=8971"}],"version-history":[{"count":5,"href":"https:\/\/canelatools.com\/de\/wp-json\/wp\/v2\/pages\/8971\/revisions"}],"predecessor-version":[{"id":8991,"href":"https:\/\/canelatools.com\/de\/wp-json\/wp\/v2\/pages\/8971\/revisions\/8991"}],"wp:attachment":[{"href":"https:\/\/canelatools.com\/de\/wp-json\/wp\/v2\/media?parent=8971"}],"curies":[{"name":"wp","href":"https:\/\/api.w.org\/{rel}","templated":true}]}}