{"id":5096,"date":"2025-11-27T12:59:34","date_gmt":"2025-11-27T12:59:34","guid":{"rendered":"https:\/\/canelatools.com\/aerospatiale\/"},"modified":"2026-02-11T16:35:33","modified_gmt":"2026-02-11T16:35:33","slug":"aerospatiale","status":"publish","type":"page","link":"https:\/\/canelatools.com\/fr\/aerospatiale\/","title":{"rendered":"A\u00e9rospatiale"},"content":{"rendered":"\t\t<div data-elementor-type=\"wp-page\" data-elementor-id=\"5096\" class=\"elementor elementor-5096 elementor-1587\" data-elementor-post-type=\"page\">\n\t\t\t\t<div class=\"elementor-element elementor-element-1001626 e-flex e-con-boxed e-con e-parent\" data-id=\"1001626\" data-element_type=\"container\" data-e-type=\"container\" data-settings=\"{&quot;background_background&quot;:&quot;slideshow&quot;,&quot;background_slideshow_gallery&quot;:[{&quot;id&quot;:5092,&quot;url&quot;:&quot;https:\\\/\\\/canelatools.com\\\/wp-content\\\/uploads\\\/2025\\\/11\\\/aeroespacial-scaled.jpg&quot;}],&quot;background_slideshow_loop&quot;:&quot;yes&quot;,&quot;background_slideshow_slide_duration&quot;:5000,&quot;background_slideshow_slide_transition&quot;:&quot;fade&quot;,&quot;background_slideshow_transition_duration&quot;:500}\">\n\t\t\t\t\t<div class=\"e-con-inner\">\n\t\t\t\t<div class=\"elementor-element elementor-element-15da871 elementor-widget elementor-widget-heading\" data-id=\"15da871\" data-element_type=\"widget\" data-e-type=\"widget\" data-widget_type=\"heading.default\">\n\t\t\t\t\t<h1 class=\"elementor-heading-title elementor-size-default\">A\u00e9rospatiale<\/h1>\t\t\t\t<\/div>\n\t\t\t\t<div class=\"elementor-element elementor-element-bbc0fb7 elementor-widget-divider--view-line elementor-widget elementor-widget-divider\" data-id=\"bbc0fb7\" data-element_type=\"widget\" data-e-type=\"widget\" data-widget_type=\"divider.default\">\n\t\t\t\t\t\t\t<div class=\"elementor-divider\">\n\t\t\t<span class=\"elementor-divider-separator\">\n\t\t\t\t\t\t<\/span>\n\t\t<\/div>\n\t\t\t\t\t\t<\/div>\n\t\t\t\t\t<\/div>\n\t\t\t\t<\/div>\n\t\t<div class=\"elementor-element elementor-element-f683eff e-flex e-con-boxed e-con e-parent\" data-id=\"f683eff\" data-element_type=\"container\" data-e-type=\"container\" data-settings=\"{&quot;background_background&quot;:&quot;classic&quot;}\">\n\t\t\t\t\t<div class=\"e-con-inner\">\n\t\t<div class=\"elementor-element elementor-element-542d757 e-con-full e-flex e-con e-child\" data-id=\"542d757\" data-element_type=\"container\" data-e-type=\"container\">\n\t\t\t\t<div class=\"elementor-element elementor-element-4de563f elementor-widget elementor-widget-text-editor\" data-id=\"4de563f\" data-element_type=\"widget\" data-e-type=\"widget\" data-widget_type=\"text-editor.default\">\n\t\t\t\t\t\t\t\t\t<p>Les mat\u00e9riaux et les technologies de production de l\u2019industrie a\u00e9rospatiale \u00e9voluent rapidement et continuellement. L\u2019utilisation de mat\u00e9riaux difficiles \u00e0 couper, tels que le titane et le plastique renforc\u00e9 de fibres de carbone, a augment\u00e9 en raison des exigences de r\u00e9duction du poids de l\u2019industrie, tout comme les alliages d\u2019aluminium. <\/p><p>Canela travaille en \u00e9troite collaboration avec ses clients pour fournir des outils qui r\u00e9pondent \u00e0 des exigences strictes et \u00e0 des normes de s\u00e9curit\u00e9 \u00e9lev\u00e9es, permettant d\u2019atteindre des vitesses et des avances beaucoup plus \u00e9lev\u00e9es, ainsi que des augmentations de la puissance disponible, afin d\u2019obtenir des r\u00e9sultats uniformes et une dur\u00e9e de vie plus longue de l\u2019outil.<\/p>\t\t\t\t\t\t\t\t<\/div>\n\t\t\t\t<\/div>\n\t\t\t\t\t<\/div>\n\t\t\t\t<\/div>\n\t\t<div class=\"elementor-element elementor-element-e45c73d e-flex e-con-boxed e-con e-parent\" data-id=\"e45c73d\" data-element_type=\"container\" data-e-type=\"container\">\n\t\t\t\t\t<div class=\"e-con-inner\">\n\t\t\t\t<div class=\"elementor-element elementor-element-b928a0b elementor-widget elementor-widget-button\" data-id=\"b928a0b\" data-element_type=\"widget\" data-e-type=\"widget\" data-widget_type=\"button.default\">\n\t\t\t\t\t\t\t\t\t\t<a class=\"elementor-button elementor-button-link elementor-size-sm\" href=\"#\">\n\t\t\t\t\t\t<span class=\"elementor-button-content-wrapper\">\n\t\t\t\t\t\t\t\t\t<span class=\"elementor-button-text\">Aluminium<\/span>\n\t\t\t\t\t<\/span>\n\t\t\t\t\t<\/a>\n\t\t\t\t\t\t\t\t<\/div>\n\t\t\t\t\t<\/div>\n\t\t\t\t<\/div>\n\t\t<div class=\"elementor-element elementor-element-68024a3 e-flex e-con-boxed e-con e-parent\" data-id=\"68024a3\" data-element_type=\"container\" data-e-type=\"container\">\n\t\t\t\t\t<div class=\"e-con-inner\">\n\t\t<div class=\"elementor-element elementor-element-b668b43 e-con-full e-flex e-con e-child\" data-id=\"b668b43\" data-element_type=\"container\" data-e-type=\"container\">\n\t\t\t\t<div class=\"elementor-element elementor-element-809f819 elementor-widget elementor-widget-text-editor\" data-id=\"809f819\" data-element_type=\"widget\" data-e-type=\"widget\" data-widget_type=\"text-editor.default\">\n\t\t\t\t\t\t\t\t\t<p>Dans l\u2019a\u00e9rospatiale, les entreprises d\u2019usinage doivent fournir des pi\u00e8ces d\u2019une grande pr\u00e9cision, d\u2019une grande exactitude et d\u2019une grande vitesse. Chaque composant d\u2019un avion doit avoir les dimensions correctes tout en contribuant \u00e0 r\u00e9duire le poids de l\u2019avion et \u00e0 r\u00e9pondre aux normes les plus r\u00e9centes en mati\u00e8re de durabilit\u00e9 et de s\u00e9curit\u00e9. <\/p><p>Canela a d\u00e9velopp\u00e9 des solutions pour r\u00e9pondre \u00e0 la croissante demande de solutions d\u2019usinage am\u00e9lior\u00e9es pour les pi\u00e8ces a\u00e9rospatiales. Ces solutions offrent \u00e0 nos clients des avantages concurrentiels consid\u00e9rables pour produire des pi\u00e8ces de haute qualit\u00e9 avec une grande pr\u00e9cision, des temps de cycle r\u00e9duits et un co\u00fbt optimal par pi\u00e8ce. <\/p>\t\t\t\t\t\t\t\t<\/div>\n\t\t\t\t<\/div>\n\t\t<div class=\"elementor-element elementor-element-257547f e-con-full e-flex e-con e-child\" data-id=\"257547f\" data-element_type=\"container\" data-e-type=\"container\">\n\t\t\t\t<div class=\"elementor-element elementor-element-f5d61c0 elementor-widget elementor-widget-text-editor\" data-id=\"f5d61c0\" data-element_type=\"widget\" data-e-type=\"widget\" data-widget_type=\"text-editor.default\">\n\t\t\t\t\t\t\t\t\t<p>Notre longue exp\u00e9rience dans la fourniture de solutions d\u2019usinage comp\u00e9titives pour l\u2019a\u00e9rospatiale, associ\u00e9e \u00e0 nos capacit\u00e9s d\u2019innovation et \u00e0 notre volont\u00e9 d\u2019am\u00e9liorer continuellement nos solutions, sont les raisons qui expliquent cette r\u00e9ussite. D\u00e9couvrez comment Canela vous permet de gagner du temps et d\u2019\u00e9conomiser des ressources lors de l\u2019usinage de pi\u00e8ces a\u00e9rospatiales. <br><br>Dans l\u2019usinage des pi\u00e8ces a\u00e9rospatiales on utilise des mat\u00e9riaux l\u00e9gers et r\u00e9sistants. Ils r\u00e9duisent le poids de l\u2019avion, am\u00e9liorent l\u2019\u00e9conomie de carburant et maintiennent la s\u00e9curit\u00e9. L\u2019aluminium et le titane sont utilis\u00e9s pour ces pi\u00e8ces.  <\/p>\t\t\t\t\t\t\t\t<\/div>\n\t\t\t\t<\/div>\n\t\t\t\t\t<\/div>\n\t\t\t\t<\/div>\n\t\t<div class=\"elementor-element elementor-element-f9452a5 e-flex e-con-boxed e-con e-parent\" data-id=\"f9452a5\" data-element_type=\"container\" data-e-type=\"container\" data-settings=\"{&quot;background_background&quot;:&quot;slideshow&quot;,&quot;background_slideshow_gallery&quot;:[],&quot;background_slideshow_loop&quot;:&quot;yes&quot;,&quot;background_slideshow_slide_duration&quot;:5000,&quot;background_slideshow_slide_transition&quot;:&quot;fade&quot;,&quot;background_slideshow_transition_duration&quot;:500}\">\n\t\t\t\t\t<div class=\"e-con-inner\">\n\t\t\t\t<div class=\"elementor-element elementor-element-af732c7 elementor-widget elementor-widget-image\" data-id=\"af732c7\" data-element_type=\"widget\" data-e-type=\"widget\" data-widget_type=\"image.default\">\n\t\t\t\t\t\t\t\t\t\t\t\t\t\t\t<img fetchpriority=\"high\" decoding=\"async\" width=\"1222\" height=\"469\" src=\"https:\/\/canelatools.com\/wp-content\/uploads\/2026\/02\/aluminium-1.jpg\" class=\"attachment-full size-full wp-image-11052\" alt=\"\" srcset=\"https:\/\/canelatools.com\/wp-content\/uploads\/2026\/02\/aluminium-1.jpg 1222w, https:\/\/canelatools.com\/wp-content\/uploads\/2026\/02\/aluminium-1-300x115.jpg 300w, https:\/\/canelatools.com\/wp-content\/uploads\/2026\/02\/aluminium-1-1024x393.jpg 1024w, https:\/\/canelatools.com\/wp-content\/uploads\/2026\/02\/aluminium-1-768x295.jpg 768w\" sizes=\"(max-width: 1222px) 100vw, 1222px\" \/>\t\t\t\t\t\t\t\t\t\t\t\t\t\t\t<\/div>\n\t\t\t\t\t<\/div>\n\t\t\t\t<\/div>\n\t\t<div class=\"elementor-element elementor-element-ee1d42c e-flex e-con-boxed e-con e-parent\" data-id=\"ee1d42c\" data-element_type=\"container\" data-e-type=\"container\">\n\t\t\t\t\t<div class=\"e-con-inner\">\n\t\t<div class=\"elementor-element elementor-element-a98a068 e-con-full e-flex e-con e-child\" data-id=\"a98a068\" data-element_type=\"container\" data-e-type=\"container\">\n\t\t\t\t<div class=\"elementor-element elementor-element-f0a5e45 elementor-widget elementor-widget-button\" data-id=\"f0a5e45\" data-element_type=\"widget\" data-e-type=\"widget\" data-widget_type=\"button.default\">\n\t\t\t\t\t\t\t\t\t\t<a class=\"elementor-button elementor-button-link elementor-size-sm\" href=\"#\">\n\t\t\t\t\t\t<span class=\"elementor-button-content-wrapper\">\n\t\t\t\t\t\t\t\t\t<span class=\"elementor-button-text\">C\u00e9ramique<\/span>\n\t\t\t\t\t<\/span>\n\t\t\t\t\t<\/a>\n\t\t\t\t\t\t\t\t<\/div>\n\t\t\t\t<\/div>\n\t\t<div class=\"elementor-element elementor-element-0666e0f e-con-full e-flex e-con e-child\" data-id=\"0666e0f\" data-element_type=\"container\" data-e-type=\"container\">\n\t\t\t\t<div class=\"elementor-element elementor-element-bb36c16 elementor-widget elementor-widget-text-editor\" data-id=\"bb36c16\" data-element_type=\"widget\" data-e-type=\"widget\" data-widget_type=\"text-editor.default\">\n\t\t\t\t\t\t\t\t\t<ul><li>SiAION.<\/li><li>\u00c9limine les limitations des c\u00e9ramiques traditionnelles.<\/li><li>L\u2019entaille \u00e0 la profondeur de coupe n\u2019est plus une limitation pour les c\u00e9ramiques SiAlON. Lorsque l\u2019entaille est importante, principalement lors des coupes d\u2019\u00e9bauche, des qualit\u00e9s de c\u00e9ramique plus r\u00e9sistantes sont utilis\u00e9es. Les c\u00e9ramiques SiAlON ont une r\u00e9sistance aux chocs thermiques beaucoup plus \u00e9lev\u00e9e que les c\u00e9ramiques traditionnelles.  <\/li><li>Sp\u00e9ciales.<\/li><\/ul>\t\t\t\t\t\t\t\t<\/div>\n\t\t\t\t<\/div>\n\t\t\t\t\t<\/div>\n\t\t\t\t<\/div>\n\t\t<div class=\"elementor-element elementor-element-da35173 e-flex e-con-boxed e-con e-parent\" data-id=\"da35173\" data-element_type=\"container\" data-e-type=\"container\">\n\t\t\t\t\t<div class=\"e-con-inner\">\n\t\t<div class=\"elementor-element elementor-element-bc6e460 e-con-full e-flex e-con e-child\" data-id=\"bc6e460\" data-element_type=\"container\" data-e-type=\"container\">\n\t\t\t\t<div class=\"elementor-element elementor-element-03ccabd elementor-widget elementor-widget-image\" data-id=\"03ccabd\" data-element_type=\"widget\" data-e-type=\"widget\" data-widget_type=\"image.default\">\n\t\t\t\t\t\t\t\t\t\t\t\t\t\t\t<img decoding=\"async\" width=\"633\" height=\"669\" src=\"https:\/\/canelatools.com\/wp-content\/uploads\/2025\/11\/turbina2.jpg\" class=\"attachment-large size-large wp-image-5094\" alt=\"\" srcset=\"https:\/\/canelatools.com\/wp-content\/uploads\/2025\/11\/turbina2.jpg 633w, https:\/\/canelatools.com\/wp-content\/uploads\/2025\/11\/turbina2-284x300.jpg 284w\" sizes=\"(max-width: 633px) 100vw, 633px\" \/>\t\t\t\t\t\t\t\t\t\t\t\t\t\t\t<\/div>\n\t\t\t\t<\/div>\n\t\t<div class=\"elementor-element elementor-element-c8caab5 e-con-full e-flex e-con e-child\" data-id=\"c8caab5\" data-element_type=\"container\" data-e-type=\"container\">\n\t\t\t\t<div class=\"elementor-element elementor-element-5b15113 elementor-widget elementor-widget-image\" data-id=\"5b15113\" data-element_type=\"widget\" data-e-type=\"widget\" data-widget_type=\"image.default\">\n\t\t\t\t\t\t\t\t\t\t\t\t\t\t\t<img decoding=\"async\" width=\"800\" height=\"451\" src=\"https:\/\/canelatools.com\/wp-content\/uploads\/2025\/11\/mits1-1-1024x577.jpg\" class=\"attachment-large size-large wp-image-5095\" alt=\"\" srcset=\"https:\/\/canelatools.com\/wp-content\/uploads\/2025\/11\/mits1-1-1024x577.jpg 1024w, https:\/\/canelatools.com\/wp-content\/uploads\/2025\/11\/mits1-1-300x169.jpg 300w, https:\/\/canelatools.com\/wp-content\/uploads\/2025\/11\/mits1-1-768x433.jpg 768w, https:\/\/canelatools.com\/wp-content\/uploads\/2025\/11\/mits1-1-1536x865.jpg 1536w, https:\/\/canelatools.com\/wp-content\/uploads\/2025\/11\/mits1-1-2048x1153.jpg 2048w\" sizes=\"(max-width: 800px) 100vw, 800px\" \/>\t\t\t\t\t\t\t\t\t\t\t\t\t\t\t<\/div>\n\t\t\t\t<\/div>\n\t\t\t\t\t<\/div>\n\t\t\t\t<\/div>\n\t\t<div class=\"elementor-element elementor-element-56b6bcd e-flex e-con-boxed e-con e-parent\" data-id=\"56b6bcd\" data-element_type=\"container\" data-e-type=\"container\" data-settings=\"{&quot;background_background&quot;:&quot;classic&quot;}\">\n\t\t\t\t\t<div class=\"e-con-inner\">\n\t\t\t\t<div class=\"elementor-element elementor-element-9c4c42e elementor-widget elementor-widget-text-editor\" data-id=\"9c4c42e\" data-element_type=\"widget\" data-e-type=\"widget\" data-widget_type=\"text-editor.default\">\n\t\t\t\t\t\t\t\t\t<p><span data-teams=\"true\">Du croquis \u00e0 la main au produit de pr\u00e9cision ! En tant que fournisseur et d\u00e9veloppeur d\u2019outils, nous r\u00e9pondons aux besoins d\u2019outils sp\u00e9ciaux de nos clients de l\u2019a\u00e9rospatiale et les fabriquons sur mesure en fonction des sp\u00e9cifications du client et de notre savoir-faire. <\/span><\/p>\t\t\t\t\t\t\t\t<\/div>\n\t\t\t\t\t<\/div>\n\t\t\t\t<\/div>\n\t\t\t\t<\/div>\n\t\t","protected":false},"excerpt":{"rendered":"<p>A\u00e9rospatiale Les mat\u00e9riaux et les technologies de production de l\u2019industrie a\u00e9rospatiale \u00e9voluent rapidement et continuellement. L\u2019utilisation de mat\u00e9riaux difficiles \u00e0 couper, tels que le titane et le plastique renforc\u00e9 de fibres de carbone, a augment\u00e9 en raison des exigences de r\u00e9duction du poids de l\u2019industrie, tout comme les alliages d\u2019aluminium. Canela travaille en \u00e9troite collaboration [&hellip;]<\/p>\n","protected":false},"author":1,"featured_media":0,"parent":0,"menu_order":0,"comment_status":"closed","ping_status":"closed","template":"elementor_header_footer","meta":{"footnotes":""},"class_list":["post-5096","page","type-page","status-publish","hentry"],"yoast_head":"<!-- This site is optimized with the Yoast SEO plugin v27.0 - https:\/\/yoast.com\/product\/yoast-seo-wordpress\/ -->\n<title>A\u00e9rospatiale - Canela tools<\/title>\n<meta name=\"robots\" content=\"index, follow, max-snippet:-1, max-image-preview:large, max-video-preview:-1\" \/>\n<link rel=\"canonical\" href=\"https:\/\/canelatools.com\/fr\/aerospatiale\/\" \/>\n<meta property=\"og:locale\" content=\"fr_FR\" \/>\n<meta property=\"og:type\" content=\"article\" \/>\n<meta property=\"og:title\" content=\"A\u00e9rospatiale - Canela tools\" \/>\n<meta property=\"og:description\" content=\"A\u00e9rospatiale Les mat\u00e9riaux et les technologies de production de l\u2019industrie a\u00e9rospatiale \u00e9voluent rapidement et continuellement. L\u2019utilisation de mat\u00e9riaux difficiles \u00e0 couper, tels que le titane et le plastique renforc\u00e9 de fibres de carbone, a augment\u00e9 en raison des exigences de r\u00e9duction du poids de l\u2019industrie, tout comme les alliages d\u2019aluminium. Canela travaille en \u00e9troite collaboration [&hellip;]\" \/>\n<meta property=\"og:url\" content=\"https:\/\/canelatools.com\/fr\/aerospatiale\/\" \/>\n<meta property=\"og:site_name\" content=\"Canela tools\" \/>\n<meta property=\"article:modified_time\" content=\"2026-02-11T16:35:33+00:00\" \/>\n<meta property=\"og:image\" content=\"https:\/\/canelatools.com\/wp-content\/uploads\/2026\/02\/aluminium-1.jpg\" \/>\n\t<meta property=\"og:image:width\" content=\"1222\" \/>\n\t<meta property=\"og:image:height\" content=\"469\" \/>\n\t<meta property=\"og:image:type\" content=\"image\/jpeg\" \/>\n<meta name=\"twitter:card\" content=\"summary_large_image\" \/>\n<meta name=\"twitter:label1\" content=\"Dur\u00e9e de lecture estim\u00e9e\" \/>\n\t<meta name=\"twitter:data1\" content=\"2 minutes\" \/>\n<script type=\"application\/ld+json\" class=\"yoast-schema-graph\">{\"@context\":\"https:\/\/schema.org\",\"@graph\":[{\"@type\":\"WebPage\",\"@id\":\"https:\/\/canelatools.com\/fr\/aerospatiale\/\",\"url\":\"https:\/\/canelatools.com\/fr\/aerospatiale\/\",\"name\":\"A\u00e9rospatiale - Canela tools\",\"isPartOf\":{\"@id\":\"https:\/\/canelatools.com\/#website\"},\"primaryImageOfPage\":{\"@id\":\"https:\/\/canelatools.com\/fr\/aerospatiale\/#primaryimage\"},\"image\":{\"@id\":\"https:\/\/canelatools.com\/fr\/aerospatiale\/#primaryimage\"},\"thumbnailUrl\":\"https:\/\/canelatools.com\/wp-content\/uploads\/2026\/02\/aluminium-1.jpg\",\"datePublished\":\"2025-11-27T12:59:34+00:00\",\"dateModified\":\"2026-02-11T16:35:33+00:00\",\"breadcrumb\":{\"@id\":\"https:\/\/canelatools.com\/fr\/aerospatiale\/#breadcrumb\"},\"inLanguage\":\"fr-FR\",\"potentialAction\":[{\"@type\":\"ReadAction\",\"target\":[\"https:\/\/canelatools.com\/fr\/aerospatiale\/\"]}]},{\"@type\":\"ImageObject\",\"inLanguage\":\"fr-FR\",\"@id\":\"https:\/\/canelatools.com\/fr\/aerospatiale\/#primaryimage\",\"url\":\"https:\/\/canelatools.com\/wp-content\/uploads\/2026\/02\/aluminium-1.jpg\",\"contentUrl\":\"https:\/\/canelatools.com\/wp-content\/uploads\/2026\/02\/aluminium-1.jpg\"},{\"@type\":\"BreadcrumbList\",\"@id\":\"https:\/\/canelatools.com\/fr\/aerospatiale\/#breadcrumb\",\"itemListElement\":[{\"@type\":\"ListItem\",\"position\":1,\"name\":\"Portada\",\"item\":\"https:\/\/canelatools.com\/fr\/\"},{\"@type\":\"ListItem\",\"position\":2,\"name\":\"A\u00e9rospatiale\"}]},{\"@type\":\"WebSite\",\"@id\":\"https:\/\/canelatools.com\/#website\",\"url\":\"https:\/\/canelatools.com\/\",\"name\":\"Canela tools\",\"description\":\"\",\"potentialAction\":[{\"@type\":\"SearchAction\",\"target\":{\"@type\":\"EntryPoint\",\"urlTemplate\":\"https:\/\/canelatools.com\/?s={search_term_string}\"},\"query-input\":{\"@type\":\"PropertyValueSpecification\",\"valueRequired\":true,\"valueName\":\"search_term_string\"}}],\"inLanguage\":\"fr-FR\"}]}<\/script>\n<!-- \/ Yoast SEO plugin. -->","yoast_head_json":{"title":"A\u00e9rospatiale - Canela tools","robots":{"index":"index","follow":"follow","max-snippet":"max-snippet:-1","max-image-preview":"max-image-preview:large","max-video-preview":"max-video-preview:-1"},"canonical":"https:\/\/canelatools.com\/fr\/aerospatiale\/","og_locale":"fr_FR","og_type":"article","og_title":"A\u00e9rospatiale - Canela tools","og_description":"A\u00e9rospatiale Les mat\u00e9riaux et les technologies de production de l\u2019industrie a\u00e9rospatiale \u00e9voluent rapidement et continuellement. L\u2019utilisation de mat\u00e9riaux difficiles \u00e0 couper, tels que le titane et le plastique renforc\u00e9 de fibres de carbone, a augment\u00e9 en raison des exigences de r\u00e9duction du poids de l\u2019industrie, tout comme les alliages d\u2019aluminium. Canela travaille en \u00e9troite collaboration [&hellip;]","og_url":"https:\/\/canelatools.com\/fr\/aerospatiale\/","og_site_name":"Canela tools","article_modified_time":"2026-02-11T16:35:33+00:00","og_image":[{"width":1222,"height":469,"url":"https:\/\/canelatools.com\/wp-content\/uploads\/2026\/02\/aluminium-1.jpg","type":"image\/jpeg"}],"twitter_card":"summary_large_image","twitter_misc":{"Dur\u00e9e de lecture estim\u00e9e":"2 minutes"},"schema":{"@context":"https:\/\/schema.org","@graph":[{"@type":"WebPage","@id":"https:\/\/canelatools.com\/fr\/aerospatiale\/","url":"https:\/\/canelatools.com\/fr\/aerospatiale\/","name":"A\u00e9rospatiale - Canela tools","isPartOf":{"@id":"https:\/\/canelatools.com\/#website"},"primaryImageOfPage":{"@id":"https:\/\/canelatools.com\/fr\/aerospatiale\/#primaryimage"},"image":{"@id":"https:\/\/canelatools.com\/fr\/aerospatiale\/#primaryimage"},"thumbnailUrl":"https:\/\/canelatools.com\/wp-content\/uploads\/2026\/02\/aluminium-1.jpg","datePublished":"2025-11-27T12:59:34+00:00","dateModified":"2026-02-11T16:35:33+00:00","breadcrumb":{"@id":"https:\/\/canelatools.com\/fr\/aerospatiale\/#breadcrumb"},"inLanguage":"fr-FR","potentialAction":[{"@type":"ReadAction","target":["https:\/\/canelatools.com\/fr\/aerospatiale\/"]}]},{"@type":"ImageObject","inLanguage":"fr-FR","@id":"https:\/\/canelatools.com\/fr\/aerospatiale\/#primaryimage","url":"https:\/\/canelatools.com\/wp-content\/uploads\/2026\/02\/aluminium-1.jpg","contentUrl":"https:\/\/canelatools.com\/wp-content\/uploads\/2026\/02\/aluminium-1.jpg"},{"@type":"BreadcrumbList","@id":"https:\/\/canelatools.com\/fr\/aerospatiale\/#breadcrumb","itemListElement":[{"@type":"ListItem","position":1,"name":"Portada","item":"https:\/\/canelatools.com\/fr\/"},{"@type":"ListItem","position":2,"name":"A\u00e9rospatiale"}]},{"@type":"WebSite","@id":"https:\/\/canelatools.com\/#website","url":"https:\/\/canelatools.com\/","name":"Canela tools","description":"","potentialAction":[{"@type":"SearchAction","target":{"@type":"EntryPoint","urlTemplate":"https:\/\/canelatools.com\/?s={search_term_string}"},"query-input":{"@type":"PropertyValueSpecification","valueRequired":true,"valueName":"search_term_string"}}],"inLanguage":"fr-FR"}]}},"_links":{"self":[{"href":"https:\/\/canelatools.com\/fr\/wp-json\/wp\/v2\/pages\/5096","targetHints":{"allow":["GET"]}}],"collection":[{"href":"https:\/\/canelatools.com\/fr\/wp-json\/wp\/v2\/pages"}],"about":[{"href":"https:\/\/canelatools.com\/fr\/wp-json\/wp\/v2\/types\/page"}],"author":[{"embeddable":true,"href":"https:\/\/canelatools.com\/fr\/wp-json\/wp\/v2\/users\/1"}],"replies":[{"embeddable":true,"href":"https:\/\/canelatools.com\/fr\/wp-json\/wp\/v2\/comments?post=5096"}],"version-history":[{"count":6,"href":"https:\/\/canelatools.com\/fr\/wp-json\/wp\/v2\/pages\/5096\/revisions"}],"predecessor-version":[{"id":11074,"href":"https:\/\/canelatools.com\/fr\/wp-json\/wp\/v2\/pages\/5096\/revisions\/11074"}],"wp:attachment":[{"href":"https:\/\/canelatools.com\/fr\/wp-json\/wp\/v2\/media?parent=5096"}],"curies":[{"name":"wp","href":"https:\/\/api.w.org\/{rel}","templated":true}]}}