{"id":5168,"date":"2025-11-26T11:08:33","date_gmt":"2025-11-26T11:08:33","guid":{"rendered":"https:\/\/canelatools.com\/fraisage\/"},"modified":"2026-02-10T16:29:30","modified_gmt":"2026-02-10T16:29:30","slug":"fraisage","status":"publish","type":"page","link":"https:\/\/canelatools.com\/fr\/fraisage\/","title":{"rendered":"Fraisage"},"content":{"rendered":"\t\t<div data-elementor-type=\"wp-page\" data-elementor-id=\"5168\" class=\"elementor elementor-5168 elementor-917\" data-elementor-post-type=\"page\">\n\t\t\t\t<div class=\"elementor-element elementor-element-8f26151 e-flex e-con-boxed e-con e-parent\" data-id=\"8f26151\" data-element_type=\"container\" data-e-type=\"container\" data-settings=\"{&quot;background_background&quot;:&quot;slideshow&quot;,&quot;background_slideshow_gallery&quot;:[{&quot;id&quot;:5158,&quot;url&quot;:&quot;https:\\\/\\\/canelatools.com\\\/wp-content\\\/uploads\\\/2025\\\/11\\\/slider-fresado-1.jpg&quot;}],&quot;background_slideshow_loop&quot;:&quot;yes&quot;,&quot;background_slideshow_slide_duration&quot;:5000,&quot;background_slideshow_slide_transition&quot;:&quot;fade&quot;,&quot;background_slideshow_transition_duration&quot;:500}\">\n\t\t\t\t\t<div class=\"e-con-inner\">\n\t\t\t\t<div class=\"elementor-element elementor-element-9ed929f elementor-widget elementor-widget-heading\" data-id=\"9ed929f\" data-element_type=\"widget\" data-e-type=\"widget\" data-widget_type=\"heading.default\">\n\t\t\t\t\t<h1 class=\"elementor-heading-title elementor-size-default\">Fraisage<\/h1>\t\t\t\t<\/div>\n\t\t\t\t<div class=\"elementor-element elementor-element-3583604 elementor-widget-divider--view-line elementor-widget elementor-widget-divider\" data-id=\"3583604\" data-element_type=\"widget\" data-e-type=\"widget\" data-widget_type=\"divider.default\">\n\t\t\t\t\t\t\t<div class=\"elementor-divider\">\n\t\t\t<span class=\"elementor-divider-separator\">\n\t\t\t\t\t\t<\/span>\n\t\t<\/div>\n\t\t\t\t\t\t<\/div>\n\t\t\t\t\t<\/div>\n\t\t\t\t<\/div>\n\t\t<div class=\"elementor-element elementor-element-af0456b e-flex e-con-boxed e-con e-parent\" data-id=\"af0456b\" data-element_type=\"container\" data-e-type=\"container\" data-settings=\"{&quot;background_background&quot;:&quot;classic&quot;}\">\n\t\t\t\t\t<div class=\"e-con-inner\">\n\t\t<div class=\"elementor-element elementor-element-0f20b33 e-con-full e-flex e-con e-child\" data-id=\"0f20b33\" data-element_type=\"container\" data-e-type=\"container\">\n\t\t\t\t<div class=\"elementor-element elementor-element-bac464d elementor-widget elementor-widget-heading\" data-id=\"bac464d\" data-element_type=\"widget\" data-e-type=\"widget\" data-widget_type=\"heading.default\">\n\t\t\t\t\t<h2 class=\"elementor-heading-title elementor-size-default\">Fraisage<\/h2>\t\t\t\t<\/div>\n\t\t\t\t<div class=\"elementor-element elementor-element-8adb2de elementor-widget-divider--view-line elementor-widget elementor-widget-divider\" data-id=\"8adb2de\" data-element_type=\"widget\" data-e-type=\"widget\" data-widget_type=\"divider.default\">\n\t\t\t\t\t\t\t<div class=\"elementor-divider\">\n\t\t\t<span class=\"elementor-divider-separator\">\n\t\t\t\t\t\t<\/span>\n\t\t<\/div>\n\t\t\t\t\t\t<\/div>\n\t\t\t\t<div class=\"elementor-element elementor-element-4078edc elementor-widget elementor-widget-text-editor\" data-id=\"4078edc\" data-element_type=\"widget\" data-e-type=\"widget\" data-widget_type=\"text-editor.default\">\n\t\t\t\t\t\t\t\t\t<p><span data-teams=\"true\">Une productivit\u00e9 plus \u00e9lev\u00e9e fait la diff\u00e9rence dans le secteur concurrentiel de la fabrication m\u00e9canique. Les outils de fraisage Canela se caract\u00e9risent par des vitesses d\u2019avance \u00e9lev\u00e9es et de multiples ar\u00eates de coupe par plaquette. <\/span><span data-teams=\"true\">Ces caract\u00e9ristiques \u00e0 haute performance permettent d\u2019obtenir des r\u00e9sultats pr\u00e9cis et constants pour chaque application. <\/span><span data-teams=\"true\">La mise au point de g\u00e9om\u00e9tries et des nuances innovantes permettent de r\u00e9pondre aux exigences les plus \u00e9lev\u00e9es des op\u00e9rations de fraisage afin de surmonter tous les d\u00e9fis d\u2019usinage<\/span><\/p>\t\t\t\t\t\t\t\t<\/div>\n\t\t\t\t<\/div>\n\t\t<div class=\"elementor-element elementor-element-ac9e7bc e-con-full e-flex e-con e-child\" data-id=\"ac9e7bc\" data-element_type=\"container\" data-e-type=\"container\" data-settings=\"{&quot;background_background&quot;:&quot;slideshow&quot;,&quot;background_slideshow_gallery&quot;:[],&quot;background_slideshow_loop&quot;:&quot;yes&quot;,&quot;background_slideshow_slide_duration&quot;:5000,&quot;background_slideshow_slide_transition&quot;:&quot;fade&quot;,&quot;background_slideshow_transition_duration&quot;:500}\">\n\t\t\t\t<div class=\"elementor-element elementor-element-ff3fa22 elementor-widget elementor-widget-image\" data-id=\"ff3fa22\" data-element_type=\"widget\" data-e-type=\"widget\" data-widget_type=\"image.default\">\n\t\t\t\t\t\t\t\t\t\t\t\t\t\t\t<img fetchpriority=\"high\" decoding=\"async\" width=\"956\" height=\"515\" src=\"https:\/\/canelatools.com\/wp-content\/uploads\/2025\/11\/fresado01.jpg\" class=\"attachment-full size-full wp-image-5159\" alt=\"\" srcset=\"https:\/\/canelatools.com\/wp-content\/uploads\/2025\/11\/fresado01.jpg 956w, https:\/\/canelatools.com\/wp-content\/uploads\/2025\/11\/fresado01-300x162.jpg 300w, https:\/\/canelatools.com\/wp-content\/uploads\/2025\/11\/fresado01-768x414.jpg 768w\" sizes=\"(max-width: 956px) 100vw, 956px\" \/>\t\t\t\t\t\t\t\t\t\t\t\t\t\t\t<\/div>\n\t\t\t\t<\/div>\n\t\t\t\t\t<\/div>\n\t\t\t\t<\/div>\n\t\t<div class=\"elementor-element elementor-element-9f559d8 e-grid e-con-boxed e-con e-parent\" data-id=\"9f559d8\" data-element_type=\"container\" data-e-type=\"container\" id=\"urlh4a\">\n\t\t\t\t\t<div class=\"e-con-inner\">\n\t\t\t\t<div class=\"elementor-element elementor-element-b447880 elementor-position-top elementor-widget elementor-widget-image-box\" data-id=\"b447880\" data-element_type=\"widget\" data-e-type=\"widget\" data-widget_type=\"image-box.default\">\n\t\t\t\t\t<div class=\"elementor-image-box-wrapper\"><figure class=\"elementor-image-box-img\"><a href=\"https:\/\/canelatools-store.com\/en\/57-milling-inserts\" target=\"_blank\" tabindex=\"-1\"><img decoding=\"async\" width=\"512\" height=\"360\" src=\"https:\/\/canelatools.com\/wp-content\/uploads\/2025\/11\/plaquitas-fresado.jpg\" class=\"attachment-full size-full wp-image-5160\" alt=\"\" srcset=\"https:\/\/canelatools.com\/wp-content\/uploads\/2025\/11\/plaquitas-fresado.jpg 512w, https:\/\/canelatools.com\/wp-content\/uploads\/2025\/11\/plaquitas-fresado-300x211.jpg 300w\" sizes=\"(max-width: 512px) 100vw, 512px\" \/><\/a><\/figure><div class=\"elementor-image-box-content\"><h4 class=\"elementor-image-box-title\"><a href=\"https:\/\/canelatools-store.com\/en\/57-milling-inserts\" target=\"_blank\">Plaquettes<\/a><\/h4><\/div><\/div>\t\t\t\t<\/div>\n\t\t\t\t<div class=\"elementor-element elementor-element-a294dce elementor-position-top elementor-widget elementor-widget-image-box\" data-id=\"a294dce\" data-element_type=\"widget\" data-e-type=\"widget\" data-widget_type=\"image-box.default\">\n\t\t\t\t\t<div class=\"elementor-image-box-wrapper\"><figure class=\"elementor-image-box-img\"><a href=\"https:\/\/canelatools-store.com\/en\/494-face-milling-cutters\" target=\"_blank\" tabindex=\"-1\"><img decoding=\"async\" width=\"460\" height=\"360\" src=\"https:\/\/canelatools.com\/wp-content\/uploads\/2025\/11\/fresas-planear.jpg\" class=\"attachment-full size-full wp-image-5161\" alt=\"\" srcset=\"https:\/\/canelatools.com\/wp-content\/uploads\/2025\/11\/fresas-planear.jpg 460w, https:\/\/canelatools.com\/wp-content\/uploads\/2025\/11\/fresas-planear-300x235.jpg 300w\" sizes=\"(max-width: 460px) 100vw, 460px\" \/><\/a><\/figure><div class=\"elementor-image-box-content\"><h4 class=\"elementor-image-box-title\"><a href=\"https:\/\/canelatools-store.com\/en\/494-face-milling-cutters\" target=\"_blank\">Fraises \u00e0 surfacer<\/a><\/h4><\/div><\/div>\t\t\t\t<\/div>\n\t\t\t\t<div class=\"elementor-element elementor-element-9407b37 elementor-position-top elementor-widget elementor-widget-image-box\" data-id=\"9407b37\" data-element_type=\"widget\" data-e-type=\"widget\" data-widget_type=\"image-box.default\">\n\t\t\t\t\t<div class=\"elementor-image-box-wrapper\"><figure class=\"elementor-image-box-img\"><a href=\"https:\/\/canelatools-store.com\/en\/513-facing-square-shoulder-cutters\" target=\"_blank\" tabindex=\"-1\"><img loading=\"lazy\" decoding=\"async\" width=\"512\" height=\"360\" src=\"https:\/\/canelatools.com\/wp-content\/uploads\/2025\/11\/fresas-escuadrar.jpg\" class=\"attachment-full size-full wp-image-5162\" alt=\"\" srcset=\"https:\/\/canelatools.com\/wp-content\/uploads\/2025\/11\/fresas-escuadrar.jpg 512w, https:\/\/canelatools.com\/wp-content\/uploads\/2025\/11\/fresas-escuadrar-300x211.jpg 300w\" sizes=\"(max-width: 512px) 100vw, 512px\" \/><\/a><\/figure><div class=\"elementor-image-box-content\"><h4 class=\"elementor-image-box-title\"><a href=\"https:\/\/canelatools-store.com\/en\/513-facing-square-shoulder-cutters\" target=\"_blank\">Fraises \u00e0 dresser<\/a><\/h4><\/div><\/div>\t\t\t\t<\/div>\n\t\t\t\t<div class=\"elementor-element elementor-element-2c3e616 elementor-position-top elementor-widget elementor-widget-image-box\" data-id=\"2c3e616\" data-element_type=\"widget\" data-e-type=\"widget\" data-widget_type=\"image-box.default\">\n\t\t\t\t\t<div class=\"elementor-image-box-wrapper\"><figure class=\"elementor-image-box-img\"><a href=\"https:\/\/canelatools-store.com\/en\/570-slot-cutters\" target=\"_blank\" tabindex=\"-1\"><img loading=\"lazy\" decoding=\"async\" width=\"460\" height=\"360\" src=\"https:\/\/canelatools.com\/wp-content\/uploads\/2025\/11\/fresas-disco.jpg\" class=\"attachment-full size-full wp-image-5163\" alt=\"\" srcset=\"https:\/\/canelatools.com\/wp-content\/uploads\/2025\/11\/fresas-disco.jpg 460w, https:\/\/canelatools.com\/wp-content\/uploads\/2025\/11\/fresas-disco-300x235.jpg 300w\" sizes=\"(max-width: 460px) 100vw, 460px\" \/><\/a><\/figure><div class=\"elementor-image-box-content\"><h4 class=\"elementor-image-box-title\"><a href=\"https:\/\/canelatools-store.com\/en\/570-slot-cutters\" target=\"_blank\">Fraises \u00e0 disque <\/a><\/h4><\/div><\/div>\t\t\t\t<\/div>\n\t\t\t\t<div class=\"elementor-element elementor-element-e132be5 elementor-position-top elementor-widget elementor-widget-image-box\" data-id=\"e132be5\" data-element_type=\"widget\" data-e-type=\"widget\" data-widget_type=\"image-box.default\">\n\t\t\t\t\t<div class=\"elementor-image-box-wrapper\"><figure class=\"elementor-image-box-img\"><a href=\"https:\/\/canelatools-store.com\/en\/549-profile-milling\" target=\"_blank\" tabindex=\"-1\"><img loading=\"lazy\" decoding=\"async\" width=\"512\" height=\"360\" src=\"https:\/\/canelatools.com\/wp-content\/uploads\/2025\/11\/fresas-perfilar.jpg\" class=\"attachment-full size-full wp-image-5164\" alt=\"\" srcset=\"https:\/\/canelatools.com\/wp-content\/uploads\/2025\/11\/fresas-perfilar.jpg 512w, https:\/\/canelatools.com\/wp-content\/uploads\/2025\/11\/fresas-perfilar-300x211.jpg 300w\" sizes=\"(max-width: 512px) 100vw, 512px\" \/><\/a><\/figure><div class=\"elementor-image-box-content\"><h4 class=\"elementor-image-box-title\"><a href=\"https:\/\/canelatools-store.com\/en\/549-profile-milling\" target=\"_blank\">Fraisage de profils<\/a><\/h4><\/div><\/div>\t\t\t\t<\/div>\n\t\t\t\t<div class=\"elementor-element elementor-element-d1a819f elementor-position-top elementor-widget elementor-widget-image-box\" data-id=\"d1a819f\" data-element_type=\"widget\" data-e-type=\"widget\" data-widget_type=\"image-box.default\">\n\t\t\t\t\t<div class=\"elementor-image-box-wrapper\"><figure class=\"elementor-image-box-img\"><a href=\"https:\/\/canelatools-store.com\/en\/545-porcupine\" target=\"_blank\" tabindex=\"-1\"><img loading=\"lazy\" decoding=\"async\" width=\"460\" height=\"360\" src=\"https:\/\/canelatools.com\/wp-content\/uploads\/2025\/12\/fresas-heli.jpg\" class=\"attachment-full size-full wp-image-5165\" alt=\"\" srcset=\"https:\/\/canelatools.com\/wp-content\/uploads\/2025\/12\/fresas-heli.jpg 460w, https:\/\/canelatools.com\/wp-content\/uploads\/2025\/12\/fresas-heli-300x235.jpg 300w\" sizes=\"(max-width: 460px) 100vw, 460px\" \/><\/a><\/figure><div class=\"elementor-image-box-content\"><h4 class=\"elementor-image-box-title\"><a href=\"https:\/\/canelatools-store.com\/en\/545-porcupine\" target=\"_blank\">Fraises h\u00e9risson<\/a><\/h4><\/div><\/div>\t\t\t\t<\/div>\n\t\t\t\t\t<\/div>\n\t\t\t\t<\/div>\n\t\t<div class=\"elementor-element elementor-element-a765beb e-flex e-con-boxed e-con e-parent\" data-id=\"a765beb\" data-element_type=\"container\" data-e-type=\"container\" data-settings=\"{&quot;background_background&quot;:&quot;slideshow&quot;,&quot;background_slideshow_gallery&quot;:[{&quot;id&quot;:5167,&quot;url&quot;:&quot;https:\\\/\\\/canelatools.com\\\/wp-content\\\/uploads\\\/2025\\\/11\\\/slider1.jpg&quot;}],&quot;background_slideshow_loop&quot;:&quot;yes&quot;,&quot;background_slideshow_slide_duration&quot;:5000,&quot;background_slideshow_slide_transition&quot;:&quot;fade&quot;,&quot;background_slideshow_transition_duration&quot;:500}\">\n\t\t\t\t\t<div class=\"e-con-inner\">\n\t\t\t\t<div class=\"elementor-element elementor-element-98295e4 elementor-widget__width-initial elementor-widget elementor-widget-image\" data-id=\"98295e4\" data-element_type=\"widget\" data-e-type=\"widget\" data-widget_type=\"image.default\">\n\t\t\t\t\t\t\t\t\t\t\t\t\t\t\t<img loading=\"lazy\" decoding=\"async\" width=\"800\" height=\"457\" src=\"https:\/\/canelatools.com\/wp-content\/uploads\/2025\/11\/set-admt.png\" class=\"attachment-large size-large wp-image-5166\" alt=\"\" srcset=\"https:\/\/canelatools.com\/wp-content\/uploads\/2025\/11\/set-admt.png 800w, https:\/\/canelatools.com\/wp-content\/uploads\/2025\/11\/set-admt-300x171.png 300w, https:\/\/canelatools.com\/wp-content\/uploads\/2025\/11\/set-admt-768x439.png 768w\" sizes=\"(max-width: 800px) 100vw, 800px\" \/>\t\t\t\t\t\t\t\t\t\t\t\t\t\t\t<\/div>\n\t\t\t\t<div class=\"elementor-element elementor-element-001a65f elementor-widget elementor-widget-text-editor\" data-id=\"001a65f\" data-element_type=\"widget\" data-e-type=\"widget\" data-widget_type=\"text-editor.default\">\n\t\t\t\t\t\t\t\t\t<p><strong>1235.01  <\/strong><\/p><p><strong><span class=\"texto\">2 Fraises \u00e0 dent<\/span> avec rayon concave + 18 plaquettes<\/strong><\/p>\t\t\t\t\t\t\t\t<\/div>\n\t\t\t\t<div class=\"elementor-element elementor-element-3e37181 elementor-widget elementor-widget-button\" data-id=\"3e37181\" data-element_type=\"widget\" data-e-type=\"widget\" data-widget_type=\"button.default\">\n\t\t\t\t\t\t\t\t\t\t<a class=\"elementor-button elementor-button-link elementor-size-sm\" href=\"https:\/\/canelatools.com\/fr\/set-admt\/\" target=\"_blank\">\n\t\t\t\t\t\t<span class=\"elementor-button-content-wrapper\">\n\t\t\t\t\t\t\t\t\t<span class=\"elementor-button-text\">Voir plus<\/span>\n\t\t\t\t\t<\/span>\n\t\t\t\t\t<\/a>\n\t\t\t\t\t\t\t\t<\/div>\n\t\t\t\t\t<\/div>\n\t\t\t\t<\/div>\n\t\t<div class=\"elementor-element elementor-element-96f284d e-flex e-con-boxed e-con e-parent\" data-id=\"96f284d\" data-element_type=\"container\" data-e-type=\"container\" data-settings=\"{&quot;background_background&quot;:&quot;video&quot;,&quot;background_video_link&quot;:&quot;https:\\\/\\\/youtu.be\\\/uxEYVwO6gIc&quot;,&quot;background_play_on_mobile&quot;:&quot;yes&quot;}\">\n\t\t\t\t\t<div class=\"e-con-inner\">\n\t\t<div class=\"elementor-background-video-container\">\n\t\t\t\t\t\t\t<div class=\"elementor-background-video-embed\" role=\"presentation\"><\/div>\n\t\t\t\t\t\t<\/div>\t\t\t<\/div>\n\t\t\t\t<\/div>\n\t\t\t\t<\/div>\n\t\t","protected":false},"excerpt":{"rendered":"<p>Fraisage Fraisage Une productivit\u00e9 plus \u00e9lev\u00e9e fait la diff\u00e9rence dans le secteur concurrentiel de la fabrication m\u00e9canique. Les outils de fraisage Canela se caract\u00e9risent par des vitesses d\u2019avance \u00e9lev\u00e9es et de multiples ar\u00eates de coupe par plaquette. Ces caract\u00e9ristiques \u00e0 haute performance permettent d\u2019obtenir des r\u00e9sultats pr\u00e9cis et constants pour chaque application. La mise au [&hellip;]<\/p>\n","protected":false},"author":1,"featured_media":0,"parent":0,"menu_order":0,"comment_status":"closed","ping_status":"closed","template":"elementor_header_footer","meta":{"footnotes":""},"class_list":["post-5168","page","type-page","status-publish","hentry"],"yoast_head":"<!-- This site is optimized with the Yoast SEO plugin v27.0 - https:\/\/yoast.com\/product\/yoast-seo-wordpress\/ -->\n<title>Fraisage - Canela tools<\/title>\n<meta name=\"robots\" content=\"index, follow, max-snippet:-1, max-image-preview:large, max-video-preview:-1\" \/>\n<link rel=\"canonical\" href=\"https:\/\/canelatools.com\/fr\/fraisage\/\" \/>\n<meta property=\"og:locale\" content=\"fr_FR\" \/>\n<meta property=\"og:type\" content=\"article\" \/>\n<meta property=\"og:title\" content=\"Fraisage - Canela tools\" \/>\n<meta property=\"og:description\" content=\"Fraisage Fraisage Une productivit\u00e9 plus \u00e9lev\u00e9e fait la diff\u00e9rence dans le secteur concurrentiel de la fabrication m\u00e9canique. Les outils de fraisage Canela se caract\u00e9risent par des vitesses d\u2019avance \u00e9lev\u00e9es et de multiples ar\u00eates de coupe par plaquette. Ces caract\u00e9ristiques \u00e0 haute performance permettent d\u2019obtenir des r\u00e9sultats pr\u00e9cis et constants pour chaque application. La mise au [&hellip;]\" \/>\n<meta property=\"og:url\" content=\"https:\/\/canelatools.com\/fr\/fraisage\/\" \/>\n<meta property=\"og:site_name\" content=\"Canela tools\" \/>\n<meta property=\"article:modified_time\" content=\"2026-02-10T16:29:30+00:00\" \/>\n<meta property=\"og:image\" content=\"https:\/\/canelatools.com\/wp-content\/uploads\/2025\/11\/fresado01.jpg\" \/>\n\t<meta property=\"og:image:width\" content=\"956\" \/>\n\t<meta property=\"og:image:height\" content=\"515\" \/>\n\t<meta property=\"og:image:type\" content=\"image\/jpeg\" \/>\n<meta name=\"twitter:card\" content=\"summary_large_image\" \/>\n<meta name=\"twitter:label1\" content=\"Dur\u00e9e de lecture estim\u00e9e\" \/>\n\t<meta name=\"twitter:data1\" content=\"1 minute\" \/>\n<script type=\"application\/ld+json\" class=\"yoast-schema-graph\">{\"@context\":\"https:\/\/schema.org\",\"@graph\":[{\"@type\":\"WebPage\",\"@id\":\"https:\/\/canelatools.com\/fr\/fraisage\/\",\"url\":\"https:\/\/canelatools.com\/fr\/fraisage\/\",\"name\":\"Fraisage - Canela tools\",\"isPartOf\":{\"@id\":\"https:\/\/canelatools.com\/#website\"},\"primaryImageOfPage\":{\"@id\":\"https:\/\/canelatools.com\/fr\/fraisage\/#primaryimage\"},\"image\":{\"@id\":\"https:\/\/canelatools.com\/fr\/fraisage\/#primaryimage\"},\"thumbnailUrl\":\"https:\/\/canelatools.com\/wp-content\/uploads\/2025\/11\/fresado01.jpg\",\"datePublished\":\"2025-11-26T11:08:33+00:00\",\"dateModified\":\"2026-02-10T16:29:30+00:00\",\"breadcrumb\":{\"@id\":\"https:\/\/canelatools.com\/fr\/fraisage\/#breadcrumb\"},\"inLanguage\":\"fr-FR\",\"potentialAction\":[{\"@type\":\"ReadAction\",\"target\":[\"https:\/\/canelatools.com\/fr\/fraisage\/\"]}]},{\"@type\":\"ImageObject\",\"inLanguage\":\"fr-FR\",\"@id\":\"https:\/\/canelatools.com\/fr\/fraisage\/#primaryimage\",\"url\":\"https:\/\/canelatools.com\/wp-content\/uploads\/2025\/11\/fresado01.jpg\",\"contentUrl\":\"https:\/\/canelatools.com\/wp-content\/uploads\/2025\/11\/fresado01.jpg\"},{\"@type\":\"BreadcrumbList\",\"@id\":\"https:\/\/canelatools.com\/fr\/fraisage\/#breadcrumb\",\"itemListElement\":[{\"@type\":\"ListItem\",\"position\":1,\"name\":\"Portada\",\"item\":\"https:\/\/canelatools.com\/fr\/\"},{\"@type\":\"ListItem\",\"position\":2,\"name\":\"Fraisage\"}]},{\"@type\":\"WebSite\",\"@id\":\"https:\/\/canelatools.com\/#website\",\"url\":\"https:\/\/canelatools.com\/\",\"name\":\"Canela tools\",\"description\":\"\",\"potentialAction\":[{\"@type\":\"SearchAction\",\"target\":{\"@type\":\"EntryPoint\",\"urlTemplate\":\"https:\/\/canelatools.com\/?s={search_term_string}\"},\"query-input\":{\"@type\":\"PropertyValueSpecification\",\"valueRequired\":true,\"valueName\":\"search_term_string\"}}],\"inLanguage\":\"fr-FR\"}]}<\/script>\n<!-- \/ Yoast SEO plugin. -->","yoast_head_json":{"title":"Fraisage - Canela tools","robots":{"index":"index","follow":"follow","max-snippet":"max-snippet:-1","max-image-preview":"max-image-preview:large","max-video-preview":"max-video-preview:-1"},"canonical":"https:\/\/canelatools.com\/fr\/fraisage\/","og_locale":"fr_FR","og_type":"article","og_title":"Fraisage - Canela tools","og_description":"Fraisage Fraisage Une productivit\u00e9 plus \u00e9lev\u00e9e fait la diff\u00e9rence dans le secteur concurrentiel de la fabrication m\u00e9canique. Les outils de fraisage Canela se caract\u00e9risent par des vitesses d\u2019avance \u00e9lev\u00e9es et de multiples ar\u00eates de coupe par plaquette. Ces caract\u00e9ristiques \u00e0 haute performance permettent d\u2019obtenir des r\u00e9sultats pr\u00e9cis et constants pour chaque application. La mise au [&hellip;]","og_url":"https:\/\/canelatools.com\/fr\/fraisage\/","og_site_name":"Canela tools","article_modified_time":"2026-02-10T16:29:30+00:00","og_image":[{"width":956,"height":515,"url":"https:\/\/canelatools.com\/wp-content\/uploads\/2025\/11\/fresado01.jpg","type":"image\/jpeg"}],"twitter_card":"summary_large_image","twitter_misc":{"Dur\u00e9e de lecture estim\u00e9e":"1 minute"},"schema":{"@context":"https:\/\/schema.org","@graph":[{"@type":"WebPage","@id":"https:\/\/canelatools.com\/fr\/fraisage\/","url":"https:\/\/canelatools.com\/fr\/fraisage\/","name":"Fraisage - Canela tools","isPartOf":{"@id":"https:\/\/canelatools.com\/#website"},"primaryImageOfPage":{"@id":"https:\/\/canelatools.com\/fr\/fraisage\/#primaryimage"},"image":{"@id":"https:\/\/canelatools.com\/fr\/fraisage\/#primaryimage"},"thumbnailUrl":"https:\/\/canelatools.com\/wp-content\/uploads\/2025\/11\/fresado01.jpg","datePublished":"2025-11-26T11:08:33+00:00","dateModified":"2026-02-10T16:29:30+00:00","breadcrumb":{"@id":"https:\/\/canelatools.com\/fr\/fraisage\/#breadcrumb"},"inLanguage":"fr-FR","potentialAction":[{"@type":"ReadAction","target":["https:\/\/canelatools.com\/fr\/fraisage\/"]}]},{"@type":"ImageObject","inLanguage":"fr-FR","@id":"https:\/\/canelatools.com\/fr\/fraisage\/#primaryimage","url":"https:\/\/canelatools.com\/wp-content\/uploads\/2025\/11\/fresado01.jpg","contentUrl":"https:\/\/canelatools.com\/wp-content\/uploads\/2025\/11\/fresado01.jpg"},{"@type":"BreadcrumbList","@id":"https:\/\/canelatools.com\/fr\/fraisage\/#breadcrumb","itemListElement":[{"@type":"ListItem","position":1,"name":"Portada","item":"https:\/\/canelatools.com\/fr\/"},{"@type":"ListItem","position":2,"name":"Fraisage"}]},{"@type":"WebSite","@id":"https:\/\/canelatools.com\/#website","url":"https:\/\/canelatools.com\/","name":"Canela tools","description":"","potentialAction":[{"@type":"SearchAction","target":{"@type":"EntryPoint","urlTemplate":"https:\/\/canelatools.com\/?s={search_term_string}"},"query-input":{"@type":"PropertyValueSpecification","valueRequired":true,"valueName":"search_term_string"}}],"inLanguage":"fr-FR"}]}},"_links":{"self":[{"href":"https:\/\/canelatools.com\/fr\/wp-json\/wp\/v2\/pages\/5168","targetHints":{"allow":["GET"]}}],"collection":[{"href":"https:\/\/canelatools.com\/fr\/wp-json\/wp\/v2\/pages"}],"about":[{"href":"https:\/\/canelatools.com\/fr\/wp-json\/wp\/v2\/types\/page"}],"author":[{"embeddable":true,"href":"https:\/\/canelatools.com\/fr\/wp-json\/wp\/v2\/users\/1"}],"replies":[{"embeddable":true,"href":"https:\/\/canelatools.com\/fr\/wp-json\/wp\/v2\/comments?post=5168"}],"version-history":[{"count":17,"href":"https:\/\/canelatools.com\/fr\/wp-json\/wp\/v2\/pages\/5168\/revisions"}],"predecessor-version":[{"id":10895,"href":"https:\/\/canelatools.com\/fr\/wp-json\/wp\/v2\/pages\/5168\/revisions\/10895"}],"wp:attachment":[{"href":"https:\/\/canelatools.com\/fr\/wp-json\/wp\/v2\/media?parent=5168"}],"curies":[{"name":"wp","href":"https:\/\/api.w.org\/{rel}","templated":true}]}}