{"id":5221,"date":"2025-12-02T15:56:36","date_gmt":"2025-12-02T15:56:36","guid":{"rendered":"https:\/\/canelatools.com\/i-d\/"},"modified":"2026-02-10T15:04:43","modified_gmt":"2026-02-10T15:04:43","slug":"rd","status":"publish","type":"page","link":"https:\/\/canelatools.com\/fr\/rd\/","title":{"rendered":"R + D"},"content":{"rendered":"\t\t<div data-elementor-type=\"wp-page\" data-elementor-id=\"5221\" class=\"elementor elementor-5221 elementor-3270\" data-elementor-post-type=\"page\">\n\t\t\t\t<div class=\"elementor-element elementor-element-4e1b537 e-flex e-con-boxed e-con e-parent\" data-id=\"4e1b537\" data-element_type=\"container\" data-e-type=\"container\" data-settings=\"{&quot;background_background&quot;:&quot;slideshow&quot;,&quot;background_slideshow_gallery&quot;:[{&quot;id&quot;:5216,&quot;url&quot;:&quot;https:\\\/\\\/canelatools.com\\\/wp-content\\\/uploads\\\/2025\\\/12\\\/slider-id.jpg&quot;}],&quot;background_slideshow_loop&quot;:&quot;yes&quot;,&quot;background_slideshow_slide_duration&quot;:5000,&quot;background_slideshow_slide_transition&quot;:&quot;fade&quot;,&quot;background_slideshow_transition_duration&quot;:500}\">\n\t\t\t\t\t<div class=\"e-con-inner\">\n\t\t\t\t<div class=\"elementor-element elementor-element-2ec99cc elementor-widget elementor-widget-heading\" data-id=\"2ec99cc\" data-element_type=\"widget\" data-e-type=\"widget\" data-widget_type=\"heading.default\">\n\t\t\t\t\t<h1 class=\"elementor-heading-title elementor-size-default\">R+D<\/h1>\t\t\t\t<\/div>\n\t\t\t\t<div class=\"elementor-element elementor-element-5bd96e7 elementor-widget-divider--view-line elementor-widget elementor-widget-divider\" data-id=\"5bd96e7\" data-element_type=\"widget\" data-e-type=\"widget\" data-widget_type=\"divider.default\">\n\t\t\t\t\t\t\t<div class=\"elementor-divider\">\n\t\t\t<span class=\"elementor-divider-separator\">\n\t\t\t\t\t\t<\/span>\n\t\t<\/div>\n\t\t\t\t\t\t<\/div>\n\t\t\t\t\t<\/div>\n\t\t\t\t<\/div>\n\t\t<div class=\"elementor-element elementor-element-fe0ec42 e-flex e-con-boxed e-con e-parent\" data-id=\"fe0ec42\" data-element_type=\"container\" data-e-type=\"container\">\n\t\t\t\t\t<div class=\"e-con-inner\">\n\t\t<div class=\"elementor-element elementor-element-8430fda e-con-full e-flex e-con e-child\" data-id=\"8430fda\" data-element_type=\"container\" data-e-type=\"container\">\n\t\t\t\t<div class=\"elementor-element elementor-element-58e0aa8 elementor-widget elementor-widget-heading\" data-id=\"58e0aa8\" data-element_type=\"widget\" data-e-type=\"widget\" data-widget_type=\"heading.default\">\n\t\t\t\t\t<h2 class=\"elementor-heading-title elementor-size-default\">Recherche et le d\u00e9veloppement<\/h2>\t\t\t\t<\/div>\n\t\t\t\t<div class=\"elementor-element elementor-element-41198eb elementor-widget elementor-widget-text-editor\" data-id=\"41198eb\" data-element_type=\"widget\" data-e-type=\"widget\" data-widget_type=\"text-editor.default\">\n\t\t\t\t\t\t\t\t\t<p>L\u2019innovation et le d\u00e9veloppement sont essentiels pour que Canela devienne la grande entreprise qu\u2019elle est aujourd\u2019hui. Mais l\u2019innovation m\u00e9tallurgique ne serait pas possible sans un engagement total dans les activit\u00e9s de recherche et de d\u00e9veloppement, auxquelles Canela consacre environ 8 % de ses ressources totales. <br><br>Chaque nouveau produit commence par une id\u00e9e dans l\u2019esprit de notre \u00e9quipe d\u2019ing\u00e9nieurs. Celle-ci est captur\u00e9e dans un programme de conception et d\u2019usinage assist\u00e9s par ordinateur (CAO\/CAM) et un premier prototype est ensuite r\u00e9alis\u00e9. Celui-ci est ensuite soumis \u00e0 une analyse exhaustive jusqu\u2019\u00e0 ce que les r\u00e9sultats souhait\u00e9s soient atteints. Le prototype passe alors de la phase de prototypage \u00e0 la phase de production.  <\/p>\t\t\t\t\t\t\t\t<\/div>\n\t\t\t\t<\/div>\n\t\t<div class=\"elementor-element elementor-element-9e46436 e-con-full e-flex e-con e-child\" data-id=\"9e46436\" data-element_type=\"container\" data-e-type=\"container\" data-settings=\"{&quot;background_background&quot;:&quot;slideshow&quot;,&quot;background_slideshow_gallery&quot;:[],&quot;background_slideshow_loop&quot;:&quot;yes&quot;,&quot;background_slideshow_slide_duration&quot;:5000,&quot;background_slideshow_slide_transition&quot;:&quot;fade&quot;,&quot;background_slideshow_transition_duration&quot;:500}\">\n\t\t\t\t<div class=\"elementor-element elementor-element-4c5d0ca elementor-invisible elementor-widget elementor-widget-image\" data-id=\"4c5d0ca\" data-element_type=\"widget\" data-e-type=\"widget\" data-settings=\"{&quot;motion_fx_motion_fx_scrolling&quot;:&quot;yes&quot;,&quot;_animation&quot;:&quot;zoomIn&quot;,&quot;motion_fx_devices&quot;:[&quot;desktop&quot;,&quot;tablet&quot;,&quot;mobile&quot;]}\" data-widget_type=\"image.default\">\n\t\t\t\t\t\t\t\t\t\t\t\t\t\t\t<img fetchpriority=\"high\" decoding=\"async\" width=\"800\" height=\"532\" src=\"https:\/\/canelatools.com\/wp-content\/uploads\/2025\/12\/DSC0865-scaled-1-1024x681.jpg\" class=\"attachment-large size-large wp-image-5217\" alt=\"\" srcset=\"https:\/\/canelatools.com\/wp-content\/uploads\/2025\/12\/DSC0865-scaled-1-1024x681.jpg 1024w, https:\/\/canelatools.com\/wp-content\/uploads\/2025\/12\/DSC0865-scaled-1-300x199.jpg 300w, https:\/\/canelatools.com\/wp-content\/uploads\/2025\/12\/DSC0865-scaled-1-768x511.jpg 768w, https:\/\/canelatools.com\/wp-content\/uploads\/2025\/12\/DSC0865-scaled-1-1536x1021.jpg 1536w, https:\/\/canelatools.com\/wp-content\/uploads\/2025\/12\/DSC0865-scaled-1-2048x1362.jpg 2048w\" sizes=\"(max-width: 800px) 100vw, 800px\" \/>\t\t\t\t\t\t\t\t\t\t\t\t\t\t\t<\/div>\n\t\t\t\t<\/div>\n\t\t\t\t\t<\/div>\n\t\t\t\t<\/div>\n\t\t<div class=\"elementor-element elementor-element-44fa539 e-flex e-con-boxed e-con e-parent\" data-id=\"44fa539\" data-element_type=\"container\" data-e-type=\"container\" data-settings=\"{&quot;background_background&quot;:&quot;classic&quot;}\">\n\t\t\t\t\t<div class=\"e-con-inner\">\n\t\t\t\t<div class=\"elementor-element elementor-element-dec94d7 elementor-widget elementor-widget-heading\" data-id=\"dec94d7\" data-element_type=\"widget\" data-e-type=\"widget\" data-widget_type=\"heading.default\">\n\t\t\t\t\t<h2 class=\"elementor-heading-title elementor-size-default\">La capacit\u00e9 de notre bureau technique nous permet de d\u00e9velopper des milliers de mod\u00e8les, qu'il s'agisse d'outils standard ou sp\u00e9ciaux.<\/h2>\t\t\t\t<\/div>\n\t\t\t\t\t<\/div>\n\t\t\t\t<\/div>\n\t\t<div class=\"elementor-element elementor-element-2cf44f1 e-grid e-con-boxed e-con e-parent\" data-id=\"2cf44f1\" data-element_type=\"container\" data-e-type=\"container\">\n\t\t\t\t\t<div class=\"e-con-inner\">\n\t\t\t\t<div class=\"elementor-element elementor-element-c555466 elementor-widget elementor-widget-image\" data-id=\"c555466\" data-element_type=\"widget\" data-e-type=\"widget\" data-widget_type=\"image.default\">\n\t\t\t\t\t\t\t\t\t\t\t\t\t\t\t<img decoding=\"async\" width=\"800\" height=\"534\" src=\"https:\/\/canelatools.com\/wp-content\/uploads\/2025\/12\/tebis-3.jpg\" class=\"attachment-large size-large wp-image-5218\" alt=\"\" srcset=\"https:\/\/canelatools.com\/wp-content\/uploads\/2025\/12\/tebis-3.jpg 800w, https:\/\/canelatools.com\/wp-content\/uploads\/2025\/12\/tebis-3-300x200.jpg 300w, https:\/\/canelatools.com\/wp-content\/uploads\/2025\/12\/tebis-3-768x513.jpg 768w\" sizes=\"(max-width: 800px) 100vw, 800px\" \/>\t\t\t\t\t\t\t\t\t\t\t\t\t\t\t<\/div>\n\t\t\t\t<div class=\"elementor-element elementor-element-f1de8fe elementor-widget elementor-widget-image\" data-id=\"f1de8fe\" data-element_type=\"widget\" data-e-type=\"widget\" data-widget_type=\"image.default\">\n\t\t\t\t\t\t\t\t\t\t\t\t\t\t\t<img decoding=\"async\" width=\"800\" height=\"534\" src=\"https:\/\/canelatools.com\/wp-content\/uploads\/2025\/12\/tebis3.jpg\" class=\"attachment-large size-large wp-image-5219\" alt=\"\" srcset=\"https:\/\/canelatools.com\/wp-content\/uploads\/2025\/12\/tebis3.jpg 800w, https:\/\/canelatools.com\/wp-content\/uploads\/2025\/12\/tebis3-300x200.jpg 300w, https:\/\/canelatools.com\/wp-content\/uploads\/2025\/12\/tebis3-768x513.jpg 768w\" sizes=\"(max-width: 800px) 100vw, 800px\" \/>\t\t\t\t\t\t\t\t\t\t\t\t\t\t\t<\/div>\n\t\t\t\t<div class=\"elementor-element elementor-element-3218c8b elementor-widget elementor-widget-image\" data-id=\"3218c8b\" data-element_type=\"widget\" data-e-type=\"widget\" data-widget_type=\"image.default\">\n\t\t\t\t\t\t\t\t\t\t\t\t\t\t\t<img loading=\"lazy\" decoding=\"async\" width=\"800\" height=\"534\" src=\"https:\/\/canelatools.com\/wp-content\/uploads\/2025\/12\/tebis2.jpg\" class=\"attachment-1536x1536 size-1536x1536 wp-image-5220\" alt=\"\" srcset=\"https:\/\/canelatools.com\/wp-content\/uploads\/2025\/12\/tebis2.jpg 800w, https:\/\/canelatools.com\/wp-content\/uploads\/2025\/12\/tebis2-300x200.jpg 300w, https:\/\/canelatools.com\/wp-content\/uploads\/2025\/12\/tebis2-768x513.jpg 768w\" sizes=\"(max-width: 800px) 100vw, 800px\" \/>\t\t\t\t\t\t\t\t\t\t\t\t\t\t\t<\/div>\n\t\t\t\t\t<\/div>\n\t\t\t\t<\/div>\n\t\t\t\t<\/div>\n\t\t","protected":false},"excerpt":{"rendered":"<p>R+D Recherche et le d\u00e9veloppement L\u2019innovation et le d\u00e9veloppement sont essentiels pour que Canela devienne la grande entreprise qu\u2019elle est aujourd\u2019hui. Mais l\u2019innovation m\u00e9tallurgique ne serait pas possible sans un engagement total dans les activit\u00e9s de recherche et de d\u00e9veloppement, auxquelles Canela consacre environ 8 % de ses ressources totales. Chaque nouveau produit commence par [&hellip;]<\/p>\n","protected":false},"author":1,"featured_media":0,"parent":0,"menu_order":0,"comment_status":"closed","ping_status":"closed","template":"elementor_header_footer","meta":{"footnotes":""},"class_list":["post-5221","page","type-page","status-publish","hentry"],"yoast_head":"<!-- This site is optimized with the Yoast SEO plugin v27.0 - https:\/\/yoast.com\/product\/yoast-seo-wordpress\/ -->\n<title>R + D - Canela tools<\/title>\n<meta name=\"robots\" content=\"index, follow, max-snippet:-1, max-image-preview:large, max-video-preview:-1\" \/>\n<link rel=\"canonical\" href=\"https:\/\/canelatools.com\/fr\/rd\/\" \/>\n<meta property=\"og:locale\" content=\"fr_FR\" \/>\n<meta property=\"og:type\" content=\"article\" \/>\n<meta property=\"og:title\" content=\"R + D - Canela tools\" \/>\n<meta property=\"og:description\" content=\"R+D Recherche et le d\u00e9veloppement L\u2019innovation et le d\u00e9veloppement sont essentiels pour que Canela devienne la grande entreprise qu\u2019elle est aujourd\u2019hui. Mais l\u2019innovation m\u00e9tallurgique ne serait pas possible sans un engagement total dans les activit\u00e9s de recherche et de d\u00e9veloppement, auxquelles Canela consacre environ 8 % de ses ressources totales. Chaque nouveau produit commence par [&hellip;]\" \/>\n<meta property=\"og:url\" content=\"https:\/\/canelatools.com\/fr\/rd\/\" \/>\n<meta property=\"og:site_name\" content=\"Canela tools\" \/>\n<meta property=\"article:modified_time\" content=\"2026-02-10T15:04:43+00:00\" \/>\n<meta property=\"og:image\" content=\"https:\/\/canelatools.com\/wp-content\/uploads\/2025\/12\/DSC0865-scaled-1.jpg\" \/>\n\t<meta property=\"og:image:width\" content=\"2560\" \/>\n\t<meta property=\"og:image:height\" content=\"1702\" \/>\n\t<meta property=\"og:image:type\" content=\"image\/jpeg\" \/>\n<meta name=\"twitter:card\" content=\"summary_large_image\" \/>\n<meta name=\"twitter:label1\" content=\"Dur\u00e9e de lecture estim\u00e9e\" \/>\n\t<meta name=\"twitter:data1\" content=\"1 minute\" \/>\n<script type=\"application\/ld+json\" class=\"yoast-schema-graph\">{\"@context\":\"https:\/\/schema.org\",\"@graph\":[{\"@type\":\"WebPage\",\"@id\":\"https:\/\/canelatools.com\/fr\/rd\/\",\"url\":\"https:\/\/canelatools.com\/fr\/rd\/\",\"name\":\"R + D - Canela tools\",\"isPartOf\":{\"@id\":\"https:\/\/canelatools.com\/#website\"},\"primaryImageOfPage\":{\"@id\":\"https:\/\/canelatools.com\/fr\/rd\/#primaryimage\"},\"image\":{\"@id\":\"https:\/\/canelatools.com\/fr\/rd\/#primaryimage\"},\"thumbnailUrl\":\"https:\/\/canelatools.com\/wp-content\/uploads\/2025\/12\/DSC0865-scaled-1-1024x681.jpg\",\"datePublished\":\"2025-12-02T15:56:36+00:00\",\"dateModified\":\"2026-02-10T15:04:43+00:00\",\"breadcrumb\":{\"@id\":\"https:\/\/canelatools.com\/fr\/rd\/#breadcrumb\"},\"inLanguage\":\"fr-FR\",\"potentialAction\":[{\"@type\":\"ReadAction\",\"target\":[\"https:\/\/canelatools.com\/fr\/rd\/\"]}]},{\"@type\":\"ImageObject\",\"inLanguage\":\"fr-FR\",\"@id\":\"https:\/\/canelatools.com\/fr\/rd\/#primaryimage\",\"url\":\"https:\/\/canelatools.com\/wp-content\/uploads\/2025\/12\/DSC0865-scaled-1-1024x681.jpg\",\"contentUrl\":\"https:\/\/canelatools.com\/wp-content\/uploads\/2025\/12\/DSC0865-scaled-1-1024x681.jpg\"},{\"@type\":\"BreadcrumbList\",\"@id\":\"https:\/\/canelatools.com\/fr\/rd\/#breadcrumb\",\"itemListElement\":[{\"@type\":\"ListItem\",\"position\":1,\"name\":\"Portada\",\"item\":\"https:\/\/canelatools.com\/fr\/\"},{\"@type\":\"ListItem\",\"position\":2,\"name\":\"R + D\"}]},{\"@type\":\"WebSite\",\"@id\":\"https:\/\/canelatools.com\/#website\",\"url\":\"https:\/\/canelatools.com\/\",\"name\":\"Canela tools\",\"description\":\"\",\"potentialAction\":[{\"@type\":\"SearchAction\",\"target\":{\"@type\":\"EntryPoint\",\"urlTemplate\":\"https:\/\/canelatools.com\/?s={search_term_string}\"},\"query-input\":{\"@type\":\"PropertyValueSpecification\",\"valueRequired\":true,\"valueName\":\"search_term_string\"}}],\"inLanguage\":\"fr-FR\"}]}<\/script>\n<!-- \/ Yoast SEO plugin. -->","yoast_head_json":{"title":"R + D - Canela tools","robots":{"index":"index","follow":"follow","max-snippet":"max-snippet:-1","max-image-preview":"max-image-preview:large","max-video-preview":"max-video-preview:-1"},"canonical":"https:\/\/canelatools.com\/fr\/rd\/","og_locale":"fr_FR","og_type":"article","og_title":"R + D - Canela tools","og_description":"R+D Recherche et le d\u00e9veloppement L\u2019innovation et le d\u00e9veloppement sont essentiels pour que Canela devienne la grande entreprise qu\u2019elle est aujourd\u2019hui. Mais l\u2019innovation m\u00e9tallurgique ne serait pas possible sans un engagement total dans les activit\u00e9s de recherche et de d\u00e9veloppement, auxquelles Canela consacre environ 8 % de ses ressources totales. Chaque nouveau produit commence par [&hellip;]","og_url":"https:\/\/canelatools.com\/fr\/rd\/","og_site_name":"Canela tools","article_modified_time":"2026-02-10T15:04:43+00:00","og_image":[{"width":2560,"height":1702,"url":"https:\/\/canelatools.com\/wp-content\/uploads\/2025\/12\/DSC0865-scaled-1.jpg","type":"image\/jpeg"}],"twitter_card":"summary_large_image","twitter_misc":{"Dur\u00e9e de lecture estim\u00e9e":"1 minute"},"schema":{"@context":"https:\/\/schema.org","@graph":[{"@type":"WebPage","@id":"https:\/\/canelatools.com\/fr\/rd\/","url":"https:\/\/canelatools.com\/fr\/rd\/","name":"R + D - Canela tools","isPartOf":{"@id":"https:\/\/canelatools.com\/#website"},"primaryImageOfPage":{"@id":"https:\/\/canelatools.com\/fr\/rd\/#primaryimage"},"image":{"@id":"https:\/\/canelatools.com\/fr\/rd\/#primaryimage"},"thumbnailUrl":"https:\/\/canelatools.com\/wp-content\/uploads\/2025\/12\/DSC0865-scaled-1-1024x681.jpg","datePublished":"2025-12-02T15:56:36+00:00","dateModified":"2026-02-10T15:04:43+00:00","breadcrumb":{"@id":"https:\/\/canelatools.com\/fr\/rd\/#breadcrumb"},"inLanguage":"fr-FR","potentialAction":[{"@type":"ReadAction","target":["https:\/\/canelatools.com\/fr\/rd\/"]}]},{"@type":"ImageObject","inLanguage":"fr-FR","@id":"https:\/\/canelatools.com\/fr\/rd\/#primaryimage","url":"https:\/\/canelatools.com\/wp-content\/uploads\/2025\/12\/DSC0865-scaled-1-1024x681.jpg","contentUrl":"https:\/\/canelatools.com\/wp-content\/uploads\/2025\/12\/DSC0865-scaled-1-1024x681.jpg"},{"@type":"BreadcrumbList","@id":"https:\/\/canelatools.com\/fr\/rd\/#breadcrumb","itemListElement":[{"@type":"ListItem","position":1,"name":"Portada","item":"https:\/\/canelatools.com\/fr\/"},{"@type":"ListItem","position":2,"name":"R + D"}]},{"@type":"WebSite","@id":"https:\/\/canelatools.com\/#website","url":"https:\/\/canelatools.com\/","name":"Canela tools","description":"","potentialAction":[{"@type":"SearchAction","target":{"@type":"EntryPoint","urlTemplate":"https:\/\/canelatools.com\/?s={search_term_string}"},"query-input":{"@type":"PropertyValueSpecification","valueRequired":true,"valueName":"search_term_string"}}],"inLanguage":"fr-FR"}]}},"_links":{"self":[{"href":"https:\/\/canelatools.com\/fr\/wp-json\/wp\/v2\/pages\/5221","targetHints":{"allow":["GET"]}}],"collection":[{"href":"https:\/\/canelatools.com\/fr\/wp-json\/wp\/v2\/pages"}],"about":[{"href":"https:\/\/canelatools.com\/fr\/wp-json\/wp\/v2\/types\/page"}],"author":[{"embeddable":true,"href":"https:\/\/canelatools.com\/fr\/wp-json\/wp\/v2\/users\/1"}],"replies":[{"embeddable":true,"href":"https:\/\/canelatools.com\/fr\/wp-json\/wp\/v2\/comments?post=5221"}],"version-history":[{"count":14,"href":"https:\/\/canelatools.com\/fr\/wp-json\/wp\/v2\/pages\/5221\/revisions"}],"predecessor-version":[{"id":10814,"href":"https:\/\/canelatools.com\/fr\/wp-json\/wp\/v2\/pages\/5221\/revisions\/10814"}],"wp:attachment":[{"href":"https:\/\/canelatools.com\/fr\/wp-json\/wp\/v2\/media?parent=5221"}],"curies":[{"name":"wp","href":"https:\/\/api.w.org\/{rel}","templated":true}]}}