{"id":5229,"date":"2025-11-27T15:32:14","date_gmt":"2025-11-27T15:32:14","guid":{"rendered":"https:\/\/canelatools.com\/industrie-ferroviaire\/"},"modified":"2026-02-02T13:11:05","modified_gmt":"2026-02-02T13:11:05","slug":"industrie-ferroviaire","status":"publish","type":"page","link":"https:\/\/canelatools.com\/fr\/industrie-ferroviaire\/","title":{"rendered":"Industrie ferroviaire"},"content":{"rendered":"\t\t<div data-elementor-type=\"wp-page\" data-elementor-id=\"5229\" class=\"elementor elementor-5229 elementor-1670\" data-elementor-post-type=\"page\">\n\t\t\t\t<div class=\"elementor-element elementor-element-eb93081 e-flex e-con-boxed e-con e-parent\" data-id=\"eb93081\" data-element_type=\"container\" data-e-type=\"container\" data-settings=\"{&quot;background_background&quot;:&quot;slideshow&quot;,&quot;background_slideshow_gallery&quot;:[{&quot;id&quot;:5224,&quot;url&quot;:&quot;https:\\\/\\\/canelatools.com\\\/wp-content\\\/uploads\\\/2025\\\/11\\\/slider-ferroviaria.jpg&quot;}],&quot;background_slideshow_loop&quot;:&quot;yes&quot;,&quot;background_slideshow_slide_duration&quot;:5000,&quot;background_slideshow_slide_transition&quot;:&quot;fade&quot;,&quot;background_slideshow_transition_duration&quot;:500}\">\n\t\t\t\t\t<div class=\"e-con-inner\">\n\t\t\t\t<div class=\"elementor-element elementor-element-eaf1211 elementor-widget elementor-widget-heading\" data-id=\"eaf1211\" data-element_type=\"widget\" data-e-type=\"widget\" data-widget_type=\"heading.default\">\n\t\t\t\t\t<h1 class=\"elementor-heading-title elementor-size-default\">Industrie ferroviaire<\/h1>\t\t\t\t<\/div>\n\t\t\t\t<div class=\"elementor-element elementor-element-74b3cce elementor-widget-divider--view-line elementor-widget elementor-widget-divider\" data-id=\"74b3cce\" data-element_type=\"widget\" data-e-type=\"widget\" data-widget_type=\"divider.default\">\n\t\t\t\t\t\t\t<div class=\"elementor-divider\">\n\t\t\t<span class=\"elementor-divider-separator\">\n\t\t\t\t\t\t<\/span>\n\t\t<\/div>\n\t\t\t\t\t\t<\/div>\n\t\t\t\t\t<\/div>\n\t\t\t\t<\/div>\n\t\t<div class=\"elementor-element elementor-element-fa37675 e-flex e-con-boxed e-con e-parent\" data-id=\"fa37675\" data-element_type=\"container\" data-e-type=\"container\">\n\t\t\t\t\t<div class=\"e-con-inner\">\n\t\t<div class=\"elementor-element elementor-element-2c45340 e-con-full e-flex e-con e-child\" data-id=\"2c45340\" data-element_type=\"container\" data-e-type=\"container\">\n\t\t\t\t<div class=\"elementor-element elementor-element-119c1d5 elementor-widget elementor-widget-heading\" data-id=\"119c1d5\" data-element_type=\"widget\" data-e-type=\"widget\" data-widget_type=\"heading.default\">\n\t\t\t\t\t<h2 class=\"elementor-heading-title elementor-size-default\">Industrie ferroviaire<\/h2>\t\t\t\t<\/div>\n\t\t\t\t<div class=\"elementor-element elementor-element-227025a elementor-widget-divider--view-line elementor-widget elementor-widget-divider\" data-id=\"227025a\" data-element_type=\"widget\" data-e-type=\"widget\" data-widget_type=\"divider.default\">\n\t\t\t\t\t\t\t<div class=\"elementor-divider\">\n\t\t\t<span class=\"elementor-divider-separator\">\n\t\t\t\t\t\t<\/span>\n\t\t<\/div>\n\t\t\t\t\t\t<\/div>\n\t\t\t\t<div class=\"elementor-element elementor-element-6f956f9 elementor-widget elementor-widget-text-editor\" data-id=\"6f956f9\" data-element_type=\"widget\" data-e-type=\"widget\" data-widget_type=\"text-editor.default\">\n\t\t\t\t\t\t\t\t\t<p class=\"p1\">Le tournage des roues de chemin de fer se caract\u00e9rise par l\u2019usinage de pi\u00e8ces de grand volume et de grandes profondeurs de coupe.<\/p><p class=\"p1\">Les diff\u00e9rents types de trains impliquent que ces roues ont des caract\u00e9ristiques et des exigences tr\u00e8s diff\u00e9rentes. Pour le tournage de nouvelles roues, il existe des porte-outils r\u00e9frig\u00e9r\u00e9s \u00e0 haute pression et des plaquettes qui permettent d\u2019usiner le profil complet de n\u2019importe quelle roue de chemin de fer, tandis que pour le retournage de roues us\u00e9es, il existe des porte-outils et des plaquettes sp\u00e9cifiques qui permettent de les usiner et de les rendre comme neuves. <\/p>\t\t\t\t\t\t\t\t<\/div>\n\t\t\t\t<\/div>\n\t\t<div class=\"elementor-element elementor-element-49cffe9 e-con-full e-flex e-con e-child\" data-id=\"49cffe9\" data-element_type=\"container\" data-e-type=\"container\" data-settings=\"{&quot;background_background&quot;:&quot;slideshow&quot;,&quot;background_slideshow_gallery&quot;:[],&quot;background_slideshow_loop&quot;:&quot;yes&quot;,&quot;background_slideshow_slide_duration&quot;:5000,&quot;background_slideshow_slide_transition&quot;:&quot;fade&quot;,&quot;background_slideshow_transition_duration&quot;:500}\">\n\t\t\t\t<div class=\"elementor-element elementor-element-f1c577a elementor-widget elementor-widget-image\" data-id=\"f1c577a\" data-element_type=\"widget\" data-e-type=\"widget\" data-widget_type=\"image.default\">\n\t\t\t\t\t\t\t\t\t\t\t\t\t\t\t<img fetchpriority=\"high\" decoding=\"async\" width=\"800\" height=\"600\" src=\"https:\/\/canelatools.com\/wp-content\/uploads\/2025\/11\/rueda-ferrocarril-1024x768.jpg\" class=\"attachment-large size-large wp-image-5225\" alt=\"\" srcset=\"https:\/\/canelatools.com\/wp-content\/uploads\/2025\/11\/rueda-ferrocarril-1024x768.jpg 1024w, https:\/\/canelatools.com\/wp-content\/uploads\/2025\/11\/rueda-ferrocarril-300x225.jpg 300w, https:\/\/canelatools.com\/wp-content\/uploads\/2025\/11\/rueda-ferrocarril-768x576.jpg 768w, https:\/\/canelatools.com\/wp-content\/uploads\/2025\/11\/rueda-ferrocarril-1536x1152.jpg 1536w, https:\/\/canelatools.com\/wp-content\/uploads\/2025\/11\/rueda-ferrocarril.jpg 1600w\" sizes=\"(max-width: 800px) 100vw, 800px\" \/>\t\t\t\t\t\t\t\t\t\t\t\t\t\t\t<\/div>\n\t\t\t\t<\/div>\n\t\t\t\t\t<\/div>\n\t\t\t\t<\/div>\n\t\t<div class=\"elementor-element elementor-element-b1fb898 e-flex e-con-boxed e-con e-parent\" data-id=\"b1fb898\" data-element_type=\"container\" data-e-type=\"container\">\n\t\t\t\t\t<div class=\"e-con-inner\">\n\t\t<div class=\"elementor-element elementor-element-71f8ca1 e-con-full e-flex e-con e-child\" data-id=\"71f8ca1\" data-element_type=\"container\" data-e-type=\"container\">\n\t\t\t\t<div class=\"elementor-element elementor-element-dd37890 elementor-widget__width-initial elementor-widget elementor-widget-image\" data-id=\"dd37890\" data-element_type=\"widget\" data-e-type=\"widget\" data-widget_type=\"image.default\">\n\t\t\t\t\t\t\t\t\t\t\t\t\t\t\t<img decoding=\"async\" width=\"800\" height=\"1019\" src=\"https:\/\/canelatools.com\/wp-content\/uploads\/2025\/11\/DSC0913-scaled-1-804x1024.jpg\" class=\"attachment-large size-large wp-image-5226\" alt=\"\" srcset=\"https:\/\/canelatools.com\/wp-content\/uploads\/2025\/11\/DSC0913-scaled-1-804x1024.jpg 804w, https:\/\/canelatools.com\/wp-content\/uploads\/2025\/11\/DSC0913-scaled-1-235x300.jpg 235w, https:\/\/canelatools.com\/wp-content\/uploads\/2025\/11\/DSC0913-scaled-1-768x979.jpg 768w, https:\/\/canelatools.com\/wp-content\/uploads\/2025\/11\/DSC0913-scaled-1-1205x1536.jpg 1205w, https:\/\/canelatools.com\/wp-content\/uploads\/2025\/11\/DSC0913-scaled-1-1607x2048.jpg 1607w, https:\/\/canelatools.com\/wp-content\/uploads\/2025\/11\/DSC0913-scaled-1.jpg 2009w\" sizes=\"(max-width: 800px) 100vw, 800px\" \/>\t\t\t\t\t\t\t\t\t\t\t\t\t\t\t<\/div>\n\t\t\t\t<\/div>\n\t\t<div class=\"elementor-element elementor-element-c97a700 e-con-full e-flex e-con e-child\" data-id=\"c97a700\" data-element_type=\"container\" data-e-type=\"container\">\n\t\t\t\t<div class=\"elementor-element elementor-element-cff628d elementor-widget__width-inherit elementor-widget elementor-widget-image\" data-id=\"cff628d\" data-element_type=\"widget\" data-e-type=\"widget\" data-widget_type=\"image.default\">\n\t\t\t\t\t\t\t\t\t\t\t\t\t\t\t<img decoding=\"async\" width=\"800\" height=\"525\" src=\"https:\/\/canelatools.com\/wp-content\/uploads\/2025\/11\/ruedatren.jpg\" class=\"attachment-large size-large wp-image-5227\" alt=\"\" srcset=\"https:\/\/canelatools.com\/wp-content\/uploads\/2025\/11\/ruedatren.jpg 1016w, https:\/\/canelatools.com\/wp-content\/uploads\/2025\/11\/ruedatren-300x197.jpg 300w, https:\/\/canelatools.com\/wp-content\/uploads\/2025\/11\/ruedatren-768x504.jpg 768w\" sizes=\"(max-width: 800px) 100vw, 800px\" \/>\t\t\t\t\t\t\t\t\t\t\t\t\t\t\t<\/div>\n\t\t\t\t<\/div>\n\t\t\t\t\t<\/div>\n\t\t\t\t<\/div>\n\t\t<div class=\"elementor-element elementor-element-22d921a e-flex e-con-boxed e-con e-parent\" data-id=\"22d921a\" data-element_type=\"container\" data-e-type=\"container\" data-settings=\"{&quot;background_background&quot;:&quot;classic&quot;}\">\n\t\t\t\t\t<div class=\"e-con-inner\">\n\t\t\t\t\t<\/div>\n\t\t\t\t<\/div>\n\t\t\t\t<\/div>\n\t\t","protected":false},"excerpt":{"rendered":"<p>Industrie ferroviaire Industrie ferroviaire Le tournage des roues de chemin de fer se caract\u00e9rise par l\u2019usinage de pi\u00e8ces de grand volume et de grandes profondeurs de coupe. Les diff\u00e9rents types de trains impliquent que ces roues ont des caract\u00e9ristiques et des exigences tr\u00e8s diff\u00e9rentes. Pour le tournage de nouvelles roues, il existe des porte-outils r\u00e9frig\u00e9r\u00e9s [&hellip;]<\/p>\n","protected":false},"author":1,"featured_media":0,"parent":0,"menu_order":0,"comment_status":"closed","ping_status":"closed","template":"elementor_header_footer","meta":{"footnotes":""},"class_list":["post-5229","page","type-page","status-publish","hentry"],"yoast_head":"<!-- This site is optimized with the Yoast SEO plugin v27.0 - https:\/\/yoast.com\/product\/yoast-seo-wordpress\/ -->\n<title>Industrie ferroviaire - Canela tools<\/title>\n<meta name=\"robots\" content=\"index, follow, max-snippet:-1, max-image-preview:large, max-video-preview:-1\" \/>\n<link rel=\"canonical\" href=\"https:\/\/canelatools.com\/fr\/industrie-ferroviaire\/\" \/>\n<meta property=\"og:locale\" content=\"fr_FR\" \/>\n<meta property=\"og:type\" content=\"article\" \/>\n<meta property=\"og:title\" content=\"Industrie ferroviaire - Canela tools\" \/>\n<meta property=\"og:description\" content=\"Industrie ferroviaire Industrie ferroviaire Le tournage des roues de chemin de fer se caract\u00e9rise par l\u2019usinage de pi\u00e8ces de grand volume et de grandes profondeurs de coupe. Les diff\u00e9rents types de trains impliquent que ces roues ont des caract\u00e9ristiques et des exigences tr\u00e8s diff\u00e9rentes. Pour le tournage de nouvelles roues, il existe des porte-outils r\u00e9frig\u00e9r\u00e9s [&hellip;]\" \/>\n<meta property=\"og:url\" content=\"https:\/\/canelatools.com\/fr\/industrie-ferroviaire\/\" \/>\n<meta property=\"og:site_name\" content=\"Canela tools\" \/>\n<meta property=\"article:modified_time\" content=\"2026-02-02T13:11:05+00:00\" \/>\n<meta property=\"og:image\" content=\"https:\/\/canelatools.com\/wp-content\/uploads\/2025\/11\/rueda-ferrocarril.jpg\" \/>\n\t<meta property=\"og:image:width\" content=\"1600\" \/>\n\t<meta property=\"og:image:height\" content=\"1200\" \/>\n\t<meta property=\"og:image:type\" content=\"image\/jpeg\" \/>\n<meta name=\"twitter:card\" content=\"summary_large_image\" \/>\n<meta name=\"twitter:label1\" content=\"Dur\u00e9e de lecture estim\u00e9e\" \/>\n\t<meta name=\"twitter:data1\" content=\"1 minute\" \/>\n<script type=\"application\/ld+json\" class=\"yoast-schema-graph\">{\"@context\":\"https:\/\/schema.org\",\"@graph\":[{\"@type\":\"WebPage\",\"@id\":\"https:\/\/canelatools.com\/fr\/industrie-ferroviaire\/\",\"url\":\"https:\/\/canelatools.com\/fr\/industrie-ferroviaire\/\",\"name\":\"Industrie ferroviaire - Canela tools\",\"isPartOf\":{\"@id\":\"https:\/\/canelatools.com\/#website\"},\"primaryImageOfPage\":{\"@id\":\"https:\/\/canelatools.com\/fr\/industrie-ferroviaire\/#primaryimage\"},\"image\":{\"@id\":\"https:\/\/canelatools.com\/fr\/industrie-ferroviaire\/#primaryimage\"},\"thumbnailUrl\":\"https:\/\/canelatools.com\/wp-content\/uploads\/2025\/11\/rueda-ferrocarril-1024x768.jpg\",\"datePublished\":\"2025-11-27T15:32:14+00:00\",\"dateModified\":\"2026-02-02T13:11:05+00:00\",\"breadcrumb\":{\"@id\":\"https:\/\/canelatools.com\/fr\/industrie-ferroviaire\/#breadcrumb\"},\"inLanguage\":\"fr-FR\",\"potentialAction\":[{\"@type\":\"ReadAction\",\"target\":[\"https:\/\/canelatools.com\/fr\/industrie-ferroviaire\/\"]}]},{\"@type\":\"ImageObject\",\"inLanguage\":\"fr-FR\",\"@id\":\"https:\/\/canelatools.com\/fr\/industrie-ferroviaire\/#primaryimage\",\"url\":\"https:\/\/canelatools.com\/wp-content\/uploads\/2025\/11\/rueda-ferrocarril-1024x768.jpg\",\"contentUrl\":\"https:\/\/canelatools.com\/wp-content\/uploads\/2025\/11\/rueda-ferrocarril-1024x768.jpg\"},{\"@type\":\"BreadcrumbList\",\"@id\":\"https:\/\/canelatools.com\/fr\/industrie-ferroviaire\/#breadcrumb\",\"itemListElement\":[{\"@type\":\"ListItem\",\"position\":1,\"name\":\"Portada\",\"item\":\"https:\/\/canelatools.com\/fr\/\"},{\"@type\":\"ListItem\",\"position\":2,\"name\":\"Industrie ferroviaire\"}]},{\"@type\":\"WebSite\",\"@id\":\"https:\/\/canelatools.com\/#website\",\"url\":\"https:\/\/canelatools.com\/\",\"name\":\"Canela tools\",\"description\":\"\",\"potentialAction\":[{\"@type\":\"SearchAction\",\"target\":{\"@type\":\"EntryPoint\",\"urlTemplate\":\"https:\/\/canelatools.com\/?s={search_term_string}\"},\"query-input\":{\"@type\":\"PropertyValueSpecification\",\"valueRequired\":true,\"valueName\":\"search_term_string\"}}],\"inLanguage\":\"fr-FR\"}]}<\/script>\n<!-- \/ Yoast SEO plugin. -->","yoast_head_json":{"title":"Industrie ferroviaire - Canela tools","robots":{"index":"index","follow":"follow","max-snippet":"max-snippet:-1","max-image-preview":"max-image-preview:large","max-video-preview":"max-video-preview:-1"},"canonical":"https:\/\/canelatools.com\/fr\/industrie-ferroviaire\/","og_locale":"fr_FR","og_type":"article","og_title":"Industrie ferroviaire - Canela tools","og_description":"Industrie ferroviaire Industrie ferroviaire Le tournage des roues de chemin de fer se caract\u00e9rise par l\u2019usinage de pi\u00e8ces de grand volume et de grandes profondeurs de coupe. Les diff\u00e9rents types de trains impliquent que ces roues ont des caract\u00e9ristiques et des exigences tr\u00e8s diff\u00e9rentes. Pour le tournage de nouvelles roues, il existe des porte-outils r\u00e9frig\u00e9r\u00e9s [&hellip;]","og_url":"https:\/\/canelatools.com\/fr\/industrie-ferroviaire\/","og_site_name":"Canela tools","article_modified_time":"2026-02-02T13:11:05+00:00","og_image":[{"width":1600,"height":1200,"url":"https:\/\/canelatools.com\/wp-content\/uploads\/2025\/11\/rueda-ferrocarril.jpg","type":"image\/jpeg"}],"twitter_card":"summary_large_image","twitter_misc":{"Dur\u00e9e de lecture estim\u00e9e":"1 minute"},"schema":{"@context":"https:\/\/schema.org","@graph":[{"@type":"WebPage","@id":"https:\/\/canelatools.com\/fr\/industrie-ferroviaire\/","url":"https:\/\/canelatools.com\/fr\/industrie-ferroviaire\/","name":"Industrie ferroviaire - Canela tools","isPartOf":{"@id":"https:\/\/canelatools.com\/#website"},"primaryImageOfPage":{"@id":"https:\/\/canelatools.com\/fr\/industrie-ferroviaire\/#primaryimage"},"image":{"@id":"https:\/\/canelatools.com\/fr\/industrie-ferroviaire\/#primaryimage"},"thumbnailUrl":"https:\/\/canelatools.com\/wp-content\/uploads\/2025\/11\/rueda-ferrocarril-1024x768.jpg","datePublished":"2025-11-27T15:32:14+00:00","dateModified":"2026-02-02T13:11:05+00:00","breadcrumb":{"@id":"https:\/\/canelatools.com\/fr\/industrie-ferroviaire\/#breadcrumb"},"inLanguage":"fr-FR","potentialAction":[{"@type":"ReadAction","target":["https:\/\/canelatools.com\/fr\/industrie-ferroviaire\/"]}]},{"@type":"ImageObject","inLanguage":"fr-FR","@id":"https:\/\/canelatools.com\/fr\/industrie-ferroviaire\/#primaryimage","url":"https:\/\/canelatools.com\/wp-content\/uploads\/2025\/11\/rueda-ferrocarril-1024x768.jpg","contentUrl":"https:\/\/canelatools.com\/wp-content\/uploads\/2025\/11\/rueda-ferrocarril-1024x768.jpg"},{"@type":"BreadcrumbList","@id":"https:\/\/canelatools.com\/fr\/industrie-ferroviaire\/#breadcrumb","itemListElement":[{"@type":"ListItem","position":1,"name":"Portada","item":"https:\/\/canelatools.com\/fr\/"},{"@type":"ListItem","position":2,"name":"Industrie ferroviaire"}]},{"@type":"WebSite","@id":"https:\/\/canelatools.com\/#website","url":"https:\/\/canelatools.com\/","name":"Canela tools","description":"","potentialAction":[{"@type":"SearchAction","target":{"@type":"EntryPoint","urlTemplate":"https:\/\/canelatools.com\/?s={search_term_string}"},"query-input":{"@type":"PropertyValueSpecification","valueRequired":true,"valueName":"search_term_string"}}],"inLanguage":"fr-FR"}]}},"_links":{"self":[{"href":"https:\/\/canelatools.com\/fr\/wp-json\/wp\/v2\/pages\/5229","targetHints":{"allow":["GET"]}}],"collection":[{"href":"https:\/\/canelatools.com\/fr\/wp-json\/wp\/v2\/pages"}],"about":[{"href":"https:\/\/canelatools.com\/fr\/wp-json\/wp\/v2\/types\/page"}],"author":[{"embeddable":true,"href":"https:\/\/canelatools.com\/fr\/wp-json\/wp\/v2\/users\/1"}],"replies":[{"embeddable":true,"href":"https:\/\/canelatools.com\/fr\/wp-json\/wp\/v2\/comments?post=5229"}],"version-history":[{"count":2,"href":"https:\/\/canelatools.com\/fr\/wp-json\/wp\/v2\/pages\/5229\/revisions"}],"predecessor-version":[{"id":10180,"href":"https:\/\/canelatools.com\/fr\/wp-json\/wp\/v2\/pages\/5229\/revisions\/10180"}],"wp:attachment":[{"href":"https:\/\/canelatools.com\/fr\/wp-json\/wp\/v2\/media?parent=5229"}],"curies":[{"name":"wp","href":"https:\/\/api.w.org\/{rel}","templated":true}]}}