{"id":5232,"date":"2025-12-01T11:07:24","date_gmt":"2025-12-01T11:07:24","guid":{"rendered":"https:\/\/canelatools.com\/ingenierie-generale\/"},"modified":"2026-02-02T14:41:36","modified_gmt":"2026-02-02T14:41:36","slug":"ingenierie-generale","status":"publish","type":"page","link":"https:\/\/canelatools.com\/fr\/ingenierie-generale\/","title":{"rendered":"Ing\u00e9nierie g\u00e9n\u00e9rale"},"content":{"rendered":"\t\t<div data-elementor-type=\"wp-page\" data-elementor-id=\"5232\" class=\"elementor elementor-5232 elementor-2155\" data-elementor-post-type=\"page\">\n\t\t\t\t<div class=\"elementor-element elementor-element-97208f7 e-flex e-con-boxed e-con e-parent\" data-id=\"97208f7\" data-element_type=\"container\" data-e-type=\"container\" data-settings=\"{&quot;background_background&quot;:&quot;slideshow&quot;,&quot;background_slideshow_gallery&quot;:[{&quot;id&quot;:5231,&quot;url&quot;:&quot;https:\\\/\\\/canelatools.com\\\/wp-content\\\/uploads\\\/2025\\\/12\\\/slider-ingenieria_general.jpg&quot;}],&quot;background_slideshow_loop&quot;:&quot;yes&quot;,&quot;background_slideshow_slide_duration&quot;:5000,&quot;background_slideshow_slide_transition&quot;:&quot;fade&quot;,&quot;background_slideshow_transition_duration&quot;:500}\">\n\t\t\t\t\t<div class=\"e-con-inner\">\n\t\t\t\t<div class=\"elementor-element elementor-element-1c150ce elementor-widget elementor-widget-heading\" data-id=\"1c150ce\" data-element_type=\"widget\" data-e-type=\"widget\" data-widget_type=\"heading.default\">\n\t\t\t\t\t<h1 class=\"elementor-heading-title elementor-size-default\">Ing\u00e9nierie g\u00e9n\u00e9rale<\/h1>\t\t\t\t<\/div>\n\t\t\t\t<div class=\"elementor-element elementor-element-5b7049a elementor-widget-divider--view-line elementor-widget elementor-widget-divider\" data-id=\"5b7049a\" data-element_type=\"widget\" data-e-type=\"widget\" data-widget_type=\"divider.default\">\n\t\t\t\t\t\t\t<div class=\"elementor-divider\">\n\t\t\t<span class=\"elementor-divider-separator\">\n\t\t\t\t\t\t<\/span>\n\t\t<\/div>\n\t\t\t\t\t\t<\/div>\n\t\t\t\t\t<\/div>\n\t\t\t\t<\/div>\n\t\t<div class=\"elementor-element elementor-element-c5c97ba e-flex e-con-boxed e-con e-parent\" data-id=\"c5c97ba\" data-element_type=\"container\" data-e-type=\"container\" data-settings=\"{&quot;background_background&quot;:&quot;classic&quot;}\">\n\t\t\t\t\t<div class=\"e-con-inner\">\n\t\t<div class=\"elementor-element elementor-element-3ebfa1f e-con-full e-flex e-con e-child\" data-id=\"3ebfa1f\" data-element_type=\"container\" data-e-type=\"container\">\n\t\t\t\t<div class=\"elementor-element elementor-element-734603f elementor-widget elementor-widget-heading\" data-id=\"734603f\" data-element_type=\"widget\" data-e-type=\"widget\" data-widget_type=\"heading.default\">\n\t\t\t\t\t<h2 class=\"elementor-heading-title elementor-size-default\">Ing\u00e9nierie g\u00e9n\u00e9rale<\/h2>\t\t\t\t<\/div>\n\t\t\t\t<div class=\"elementor-element elementor-element-20cd27a elementor-widget-divider--view-line elementor-widget elementor-widget-divider\" data-id=\"20cd27a\" data-element_type=\"widget\" data-e-type=\"widget\" data-widget_type=\"divider.default\">\n\t\t\t\t\t\t\t<div class=\"elementor-divider\">\n\t\t\t<span class=\"elementor-divider-separator\">\n\t\t\t\t\t\t<\/span>\n\t\t<\/div>\n\t\t\t\t\t\t<\/div>\n\t\t\t\t<div class=\"elementor-element elementor-element-77708d2 elementor-widget elementor-widget-text-editor\" data-id=\"77708d2\" data-element_type=\"widget\" data-e-type=\"widget\" data-widget_type=\"text-editor.default\">\n\t\t\t\t\t\t\t\t\t<p>Certaines pi\u00e8ces, en raison de leur quantit\u00e9 ou de leur forme, pr\u00e9cisent de solutions d\u2019usinage particuli\u00e8res. Nos ing\u00e9nieurs et techniciens d\u2019usinage testent l\u2019utilisation d\u2019outils sp\u00e9ciaux sur mesure et les associent \u00e0 des processus de fabrication optimis\u00e9s, ce qui permet d\u2019obtenir des temps d\u2019usinage record par pi\u00e8ce et une augmentation tangible de la productivit\u00e9. <\/p><p>Canela propose des solutions d\u2019outils sp\u00e9ciaux, non seulement dans les secteurs de l\u2019automobile, du ferroviaire, de l\u2019a\u00e9rospatial ou de l\u2019\u00e9nergie, mais aussi dans les secteurs de l\u2019ing\u00e9nierie g\u00e9n\u00e9rale, de la construction de moules, et de l\u2019industrie p\u00e9troli\u00e8re et gazi\u00e8re. Les ing\u00e9nieurs de Canela cr\u00e9ent continuellement des solutions sp\u00e9ciales et rentables pour r\u00e9pondre aux d\u00e9fis des clients.<\/p>\t\t\t\t\t\t\t\t<\/div>\n\t\t\t\t<\/div>\n\t\t<div class=\"elementor-element elementor-element-c45cc18 e-con-full e-flex e-con e-child\" data-id=\"c45cc18\" data-element_type=\"container\" data-e-type=\"container\" data-settings=\"{&quot;background_background&quot;:&quot;classic&quot;}\">\n\t\t\t\t<div class=\"elementor-element elementor-element-4af2cb6 elementor-widget elementor-widget-spacer\" data-id=\"4af2cb6\" data-element_type=\"widget\" data-e-type=\"widget\" data-widget_type=\"spacer.default\">\n\t\t\t\t\t\t\t<div class=\"elementor-spacer\">\n\t\t\t<div class=\"elementor-spacer-inner\"><\/div>\n\t\t<\/div>\n\t\t\t\t\t\t<\/div>\n\t\t\t\t<\/div>\n\t\t\t\t\t<\/div>\n\t\t\t\t<\/div>\n\t\t<div class=\"elementor-element elementor-element-d03cc48 e-flex e-con-boxed e-con e-parent\" data-id=\"d03cc48\" data-element_type=\"container\" data-e-type=\"container\" data-settings=\"{&quot;background_background&quot;:&quot;video&quot;,&quot;background_video_link&quot;:&quot;https:\\\/\\\/canelatools.com\\\/wp-content\\\/uploads\\\/2025\\\/12\\\/disc.mp4&quot;,&quot;background_play_on_mobile&quot;:&quot;yes&quot;}\">\n\t\t\t\t\t<div class=\"e-con-inner\">\n\t\t<div class=\"elementor-background-video-container\">\n\t\t\t\t\t\t\t<video class=\"elementor-background-video-hosted\" role=\"presentation\" autoplay muted playsinline loop><\/video>\n\t\t\t\t\t<\/div>\t\t\t<\/div>\n\t\t\t\t<\/div>\n\t\t\t\t<\/div>\n\t\t","protected":false},"excerpt":{"rendered":"<p>Ing\u00e9nierie g\u00e9n\u00e9rale Ing\u00e9nierie g\u00e9n\u00e9rale Certaines pi\u00e8ces, en raison de leur quantit\u00e9 ou de leur forme, pr\u00e9cisent de solutions d\u2019usinage particuli\u00e8res. Nos ing\u00e9nieurs et techniciens d\u2019usinage testent l\u2019utilisation d\u2019outils sp\u00e9ciaux sur mesure et les associent \u00e0 des processus de fabrication optimis\u00e9s, ce qui permet d\u2019obtenir des temps d\u2019usinage record par pi\u00e8ce et une augmentation tangible de [&hellip;]<\/p>\n","protected":false},"author":1,"featured_media":0,"parent":0,"menu_order":0,"comment_status":"closed","ping_status":"closed","template":"elementor_header_footer","meta":{"footnotes":""},"class_list":["post-5232","page","type-page","status-publish","hentry"],"yoast_head":"<!-- This site is optimized with the Yoast SEO plugin v27.0 - https:\/\/yoast.com\/product\/yoast-seo-wordpress\/ -->\n<title>Ing\u00e9nierie g\u00e9n\u00e9rale - Canela tools<\/title>\n<meta name=\"robots\" content=\"index, follow, max-snippet:-1, max-image-preview:large, max-video-preview:-1\" \/>\n<link rel=\"canonical\" href=\"https:\/\/canelatools.com\/fr\/ingenierie-generale\/\" \/>\n<meta property=\"og:locale\" content=\"fr_FR\" \/>\n<meta property=\"og:type\" content=\"article\" \/>\n<meta property=\"og:title\" content=\"Ing\u00e9nierie g\u00e9n\u00e9rale - Canela tools\" \/>\n<meta property=\"og:description\" content=\"Ing\u00e9nierie g\u00e9n\u00e9rale Ing\u00e9nierie g\u00e9n\u00e9rale Certaines pi\u00e8ces, en raison de leur quantit\u00e9 ou de leur forme, pr\u00e9cisent de solutions d\u2019usinage particuli\u00e8res. Nos ing\u00e9nieurs et techniciens d\u2019usinage testent l\u2019utilisation d\u2019outils sp\u00e9ciaux sur mesure et les associent \u00e0 des processus de fabrication optimis\u00e9s, ce qui permet d\u2019obtenir des temps d\u2019usinage record par pi\u00e8ce et une augmentation tangible de [&hellip;]\" \/>\n<meta property=\"og:url\" content=\"https:\/\/canelatools.com\/fr\/ingenierie-generale\/\" \/>\n<meta property=\"og:site_name\" content=\"Canela tools\" \/>\n<meta property=\"article:modified_time\" content=\"2026-02-02T14:41:36+00:00\" \/>\n<meta name=\"twitter:card\" content=\"summary_large_image\" \/>\n<meta name=\"twitter:label1\" content=\"Dur\u00e9e de lecture estim\u00e9e\" \/>\n\t<meta name=\"twitter:data1\" content=\"1 minute\" \/>\n<script type=\"application\/ld+json\" class=\"yoast-schema-graph\">{\"@context\":\"https:\/\/schema.org\",\"@graph\":[{\"@type\":\"WebPage\",\"@id\":\"https:\/\/canelatools.com\/fr\/ingenierie-generale\/\",\"url\":\"https:\/\/canelatools.com\/fr\/ingenierie-generale\/\",\"name\":\"Ing\u00e9nierie g\u00e9n\u00e9rale - Canela tools\",\"isPartOf\":{\"@id\":\"https:\/\/canelatools.com\/#website\"},\"datePublished\":\"2025-12-01T11:07:24+00:00\",\"dateModified\":\"2026-02-02T14:41:36+00:00\",\"breadcrumb\":{\"@id\":\"https:\/\/canelatools.com\/fr\/ingenierie-generale\/#breadcrumb\"},\"inLanguage\":\"fr-FR\",\"potentialAction\":[{\"@type\":\"ReadAction\",\"target\":[\"https:\/\/canelatools.com\/fr\/ingenierie-generale\/\"]}]},{\"@type\":\"BreadcrumbList\",\"@id\":\"https:\/\/canelatools.com\/fr\/ingenierie-generale\/#breadcrumb\",\"itemListElement\":[{\"@type\":\"ListItem\",\"position\":1,\"name\":\"Portada\",\"item\":\"https:\/\/canelatools.com\/fr\/\"},{\"@type\":\"ListItem\",\"position\":2,\"name\":\"Ing\u00e9nierie g\u00e9n\u00e9rale\"}]},{\"@type\":\"WebSite\",\"@id\":\"https:\/\/canelatools.com\/#website\",\"url\":\"https:\/\/canelatools.com\/\",\"name\":\"Canela tools\",\"description\":\"\",\"potentialAction\":[{\"@type\":\"SearchAction\",\"target\":{\"@type\":\"EntryPoint\",\"urlTemplate\":\"https:\/\/canelatools.com\/?s={search_term_string}\"},\"query-input\":{\"@type\":\"PropertyValueSpecification\",\"valueRequired\":true,\"valueName\":\"search_term_string\"}}],\"inLanguage\":\"fr-FR\"}]}<\/script>\n<!-- \/ Yoast SEO plugin. -->","yoast_head_json":{"title":"Ing\u00e9nierie g\u00e9n\u00e9rale - Canela tools","robots":{"index":"index","follow":"follow","max-snippet":"max-snippet:-1","max-image-preview":"max-image-preview:large","max-video-preview":"max-video-preview:-1"},"canonical":"https:\/\/canelatools.com\/fr\/ingenierie-generale\/","og_locale":"fr_FR","og_type":"article","og_title":"Ing\u00e9nierie g\u00e9n\u00e9rale - Canela tools","og_description":"Ing\u00e9nierie g\u00e9n\u00e9rale Ing\u00e9nierie g\u00e9n\u00e9rale Certaines pi\u00e8ces, en raison de leur quantit\u00e9 ou de leur forme, pr\u00e9cisent de solutions d\u2019usinage particuli\u00e8res. Nos ing\u00e9nieurs et techniciens d\u2019usinage testent l\u2019utilisation d\u2019outils sp\u00e9ciaux sur mesure et les associent \u00e0 des processus de fabrication optimis\u00e9s, ce qui permet d\u2019obtenir des temps d\u2019usinage record par pi\u00e8ce et une augmentation tangible de [&hellip;]","og_url":"https:\/\/canelatools.com\/fr\/ingenierie-generale\/","og_site_name":"Canela tools","article_modified_time":"2026-02-02T14:41:36+00:00","twitter_card":"summary_large_image","twitter_misc":{"Dur\u00e9e de lecture estim\u00e9e":"1 minute"},"schema":{"@context":"https:\/\/schema.org","@graph":[{"@type":"WebPage","@id":"https:\/\/canelatools.com\/fr\/ingenierie-generale\/","url":"https:\/\/canelatools.com\/fr\/ingenierie-generale\/","name":"Ing\u00e9nierie g\u00e9n\u00e9rale - Canela tools","isPartOf":{"@id":"https:\/\/canelatools.com\/#website"},"datePublished":"2025-12-01T11:07:24+00:00","dateModified":"2026-02-02T14:41:36+00:00","breadcrumb":{"@id":"https:\/\/canelatools.com\/fr\/ingenierie-generale\/#breadcrumb"},"inLanguage":"fr-FR","potentialAction":[{"@type":"ReadAction","target":["https:\/\/canelatools.com\/fr\/ingenierie-generale\/"]}]},{"@type":"BreadcrumbList","@id":"https:\/\/canelatools.com\/fr\/ingenierie-generale\/#breadcrumb","itemListElement":[{"@type":"ListItem","position":1,"name":"Portada","item":"https:\/\/canelatools.com\/fr\/"},{"@type":"ListItem","position":2,"name":"Ing\u00e9nierie g\u00e9n\u00e9rale"}]},{"@type":"WebSite","@id":"https:\/\/canelatools.com\/#website","url":"https:\/\/canelatools.com\/","name":"Canela tools","description":"","potentialAction":[{"@type":"SearchAction","target":{"@type":"EntryPoint","urlTemplate":"https:\/\/canelatools.com\/?s={search_term_string}"},"query-input":{"@type":"PropertyValueSpecification","valueRequired":true,"valueName":"search_term_string"}}],"inLanguage":"fr-FR"}]}},"_links":{"self":[{"href":"https:\/\/canelatools.com\/fr\/wp-json\/wp\/v2\/pages\/5232","targetHints":{"allow":["GET"]}}],"collection":[{"href":"https:\/\/canelatools.com\/fr\/wp-json\/wp\/v2\/pages"}],"about":[{"href":"https:\/\/canelatools.com\/fr\/wp-json\/wp\/v2\/types\/page"}],"author":[{"embeddable":true,"href":"https:\/\/canelatools.com\/fr\/wp-json\/wp\/v2\/users\/1"}],"replies":[{"embeddable":true,"href":"https:\/\/canelatools.com\/fr\/wp-json\/wp\/v2\/comments?post=5232"}],"version-history":[{"count":2,"href":"https:\/\/canelatools.com\/fr\/wp-json\/wp\/v2\/pages\/5232\/revisions"}],"predecessor-version":[{"id":10221,"href":"https:\/\/canelatools.com\/fr\/wp-json\/wp\/v2\/pages\/5232\/revisions\/10221"}],"wp:attachment":[{"href":"https:\/\/canelatools.com\/fr\/wp-json\/wp\/v2\/media?parent=5232"}],"curies":[{"name":"wp","href":"https:\/\/api.w.org\/{rel}","templated":true}]}}