{"id":5260,"date":"2025-12-01T10:44:39","date_gmt":"2025-12-01T10:44:39","guid":{"rendered":"https:\/\/canelatools.com\/moules-et-matrices\/"},"modified":"2026-02-02T14:29:36","modified_gmt":"2026-02-02T14:29:36","slug":"moules-et-matrices","status":"publish","type":"page","link":"https:\/\/canelatools.com\/fr\/moules-et-matrices\/","title":{"rendered":"Moules et matrices"},"content":{"rendered":"\t\t<div data-elementor-type=\"wp-page\" data-elementor-id=\"5260\" class=\"elementor elementor-5260 elementor-2117\" data-elementor-post-type=\"page\">\n\t\t\t\t<div class=\"elementor-element elementor-element-d2a642d e-flex e-con-boxed e-con e-parent\" data-id=\"d2a642d\" data-element_type=\"container\" data-e-type=\"container\" data-settings=\"{&quot;background_background&quot;:&quot;slideshow&quot;,&quot;background_slideshow_gallery&quot;:[{&quot;id&quot;:5257,&quot;url&quot;:&quot;https:\\\/\\\/canelatools.com\\\/wp-content\\\/uploads\\\/2025\\\/12\\\/slider_molde.jpg&quot;}],&quot;background_slideshow_loop&quot;:&quot;yes&quot;,&quot;background_slideshow_slide_duration&quot;:5000,&quot;background_slideshow_slide_transition&quot;:&quot;fade&quot;,&quot;background_slideshow_transition_duration&quot;:500}\">\n\t\t\t\t\t<div class=\"e-con-inner\">\n\t\t\t\t<div class=\"elementor-element elementor-element-9d76f4e elementor-widget elementor-widget-heading\" data-id=\"9d76f4e\" data-element_type=\"widget\" data-e-type=\"widget\" data-widget_type=\"heading.default\">\n\t\t\t\t\t<h1 class=\"elementor-heading-title elementor-size-default\">Moules et matrices<\/h1>\t\t\t\t<\/div>\n\t\t\t\t<div class=\"elementor-element elementor-element-a46c3dd elementor-widget-divider--view-line elementor-widget elementor-widget-divider\" data-id=\"a46c3dd\" data-element_type=\"widget\" data-e-type=\"widget\" data-widget_type=\"divider.default\">\n\t\t\t\t\t\t\t<div class=\"elementor-divider\">\n\t\t\t<span class=\"elementor-divider-separator\">\n\t\t\t\t\t\t<\/span>\n\t\t<\/div>\n\t\t\t\t\t\t<\/div>\n\t\t\t\t\t<\/div>\n\t\t\t\t<\/div>\n\t\t<div class=\"elementor-element elementor-element-63209a2 e-flex e-con-boxed e-con e-parent\" data-id=\"63209a2\" data-element_type=\"container\" data-e-type=\"container\" data-settings=\"{&quot;background_background&quot;:&quot;classic&quot;}\">\n\t\t\t\t\t<div class=\"e-con-inner\">\n\t\t<div class=\"elementor-element elementor-element-33fdd27 e-con-full e-flex e-con e-child\" data-id=\"33fdd27\" data-element_type=\"container\" data-e-type=\"container\">\n\t\t\t\t<div class=\"elementor-element elementor-element-151e2ba elementor-widget elementor-widget-heading\" data-id=\"151e2ba\" data-element_type=\"widget\" data-e-type=\"widget\" data-widget_type=\"heading.default\">\n\t\t\t\t\t<h2 class=\"elementor-heading-title elementor-size-default\">Moules et matrices<\/h2>\t\t\t\t<\/div>\n\t\t\t\t<div class=\"elementor-element elementor-element-5e37ebf elementor-widget-divider--view-line elementor-widget elementor-widget-divider\" data-id=\"5e37ebf\" data-element_type=\"widget\" data-e-type=\"widget\" data-widget_type=\"divider.default\">\n\t\t\t\t\t\t\t<div class=\"elementor-divider\">\n\t\t\t<span class=\"elementor-divider-separator\">\n\t\t\t\t\t\t<\/span>\n\t\t<\/div>\n\t\t\t\t\t\t<\/div>\n\t\t\t\t<div class=\"elementor-element elementor-element-302bbf7 elementor-widget elementor-widget-text-editor\" data-id=\"302bbf7\" data-element_type=\"widget\" data-e-type=\"widget\" data-widget_type=\"text-editor.default\">\n\t\t\t\t\t\t\t\t\t<p>Le secteur des moules et matrices est tr\u00e8s diversifi\u00e9 et couvre un large \u00e9ventail de composants. Il s\u2019agit souvent de mat\u00e9riaux difficiles \u00e0 usiner, qui ont besoin des outils sp\u00e9cialis\u00e9s pour l\u2019usinage \u00e0 grande avance et avec un grand volume d\u2019enl\u00e8vement de mati\u00e8re. Ces derni\u00e8res ann\u00e9es, Canela n\u2019a cess\u00e9 d\u2019\u00e9largir sa gamme de plaquettes amovibles et d\u2019outils int\u00e9graux, afin d\u2019offrir un maximum de solutions dans le secteur des moules et matrices.  <\/p>\t\t\t\t\t\t\t\t<\/div>\n\t\t\t\t<\/div>\n\t\t<div class=\"elementor-element elementor-element-e719bbe e-con-full e-flex e-con e-child\" data-id=\"e719bbe\" data-element_type=\"container\" data-e-type=\"container\" data-settings=\"{&quot;background_background&quot;:&quot;classic&quot;}\">\n\t\t\t\t<div class=\"elementor-element elementor-element-e7fcda1 elementor-widget elementor-widget-spacer\" data-id=\"e7fcda1\" data-element_type=\"widget\" data-e-type=\"widget\" data-widget_type=\"spacer.default\">\n\t\t\t\t\t\t\t<div class=\"elementor-spacer\">\n\t\t\t<div class=\"elementor-spacer-inner\"><\/div>\n\t\t<\/div>\n\t\t\t\t\t\t<\/div>\n\t\t\t\t<\/div>\n\t\t\t\t\t<\/div>\n\t\t\t\t<\/div>\n\t\t<div class=\"elementor-element elementor-element-35224cb e-flex e-con-boxed e-con e-parent\" data-id=\"35224cb\" data-element_type=\"container\" data-e-type=\"container\">\n\t\t\t\t\t<div class=\"e-con-inner\">\n\t\t<div class=\"elementor-element elementor-element-79104a1 e-con-full e-flex e-con e-child\" data-id=\"79104a1\" data-element_type=\"container\" data-e-type=\"container\">\n\t\t\t\t<div class=\"elementor-element elementor-element-ab7ffad elementor-widget elementor-widget-text-editor\" data-id=\"ab7ffad\" data-element_type=\"widget\" data-e-type=\"widget\" data-widget_type=\"text-editor.default\">\n\t\t\t\t\t\t\t\t\t<p>Les diff\u00e9rents mat\u00e9riaux des pi\u00e8ces \u00e0 usiner, leur vari\u00e9t\u00e9 de tailles et les diff\u00e9rentes op\u00e9rations d\u2019usinage dont nous pouvons avoir besoin dans le secteur des moules et matrices font qu\u2019il soit essentiel de disposer de l\u2019outil de coupe appropri\u00e9. Canela propose de nombreux outils de fraisage qui facilitent la production de petites s\u00e9ries dans des applications sp\u00e9cifiques. Dans cette gamme d\u2019outils, on trouve les fraises \u00e0 grande avance qui, gr\u00e2ce \u00e0 la conception unique de leur logement, conviennent aux op\u00e9rations d\u2019\u00e9bauche. Elles sont disponibles dans des diam\u00e8tres de 16 \u00e0 80 mm, avec de multiples options de styles.   <\/p><p>Le copiage est une autre op\u00e9ration de fraisage essentielle dans les moules et les matrices. La famille de fraises \u00e0 plaquettes amovibles de Canela comprend les fraises \u00e0 plaquettes rondes superpositives RDHW pour la semi-finition et la finition des aciers, des aciers tremp\u00e9s et des fontes. <\/p>\t\t\t\t\t\t\t\t<\/div>\n\t\t\t\t<div class=\"elementor-element elementor-element-b71f670 elementor-widget elementor-widget-image\" data-id=\"b71f670\" data-element_type=\"widget\" data-e-type=\"widget\" data-widget_type=\"image.default\">\n\t\t\t\t\t\t\t\t\t\t\t\t\t\t\t<img fetchpriority=\"high\" decoding=\"async\" width=\"800\" height=\"581\" src=\"https:\/\/canelatools.com\/wp-content\/uploads\/2025\/12\/rdhw2-1024x744.jpg\" class=\"attachment-large size-large wp-image-5258\" alt=\"\" srcset=\"https:\/\/canelatools.com\/wp-content\/uploads\/2025\/12\/rdhw2-1024x744.jpg 1024w, https:\/\/canelatools.com\/wp-content\/uploads\/2025\/12\/rdhw2-300x218.jpg 300w, https:\/\/canelatools.com\/wp-content\/uploads\/2025\/12\/rdhw2-768x558.jpg 768w, https:\/\/canelatools.com\/wp-content\/uploads\/2025\/12\/rdhw2-1536x1116.jpg 1536w, https:\/\/canelatools.com\/wp-content\/uploads\/2025\/12\/rdhw2.jpg 1866w\" sizes=\"(max-width: 800px) 100vw, 800px\" \/>\t\t\t\t\t\t\t\t\t\t\t\t\t\t\t<\/div>\n\t\t\t\t<\/div>\n\t\t<div class=\"elementor-element elementor-element-abb007c e-con-full e-flex e-con e-child\" data-id=\"abb007c\" data-element_type=\"container\" data-e-type=\"container\">\n\t\t\t\t<div class=\"elementor-element elementor-element-0391e1f elementor-widget elementor-widget-text-editor\" data-id=\"0391e1f\" data-element_type=\"widget\" data-e-type=\"widget\" data-widget_type=\"text-editor.default\">\n\t\t\t\t\t\t\t\t\t<p>Les fraises \u00e0 bout sph\u00e9rique d\u2019Alberg, une filiale du groupe Canela, permettent le fraisage de profils en 3D et le contournage de surfaces complexes. La gamme pour les aciers tremp\u00e9s est disponible dans des longueurs courtes \u00e0 extra-longues et pr\u00e9sente un double rayon pour r\u00e9duire les efforts de coupe et supporter des avances plus \u00e9lev\u00e9es. Toutes les fraises sont con\u00e7ues pour r\u00e9sister aux forces radiales g\u00e9n\u00e9r\u00e9es lors de l\u2019usinage des aciers tremp\u00e9s, tandis que leur conception renforc\u00e9e augmente la stabilit\u00e9 et les taux d\u2019enl\u00e8vement de mati\u00e8re.  <\/p>\t\t\t\t\t\t\t\t<\/div>\n\t\t\t\t<div class=\"elementor-element elementor-element-36c1b96 elementor-widget elementor-widget-image\" data-id=\"36c1b96\" data-element_type=\"widget\" data-e-type=\"widget\" data-widget_type=\"image.default\">\n\t\t\t\t\t\t\t\t\t\t\t\t\t\t\t<img decoding=\"async\" width=\"800\" height=\"1018\" src=\"https:\/\/canelatools.com\/wp-content\/uploads\/2025\/12\/rdhw-805x1024.jpg\" class=\"attachment-large size-large wp-image-5259\" alt=\"\" srcset=\"https:\/\/canelatools.com\/wp-content\/uploads\/2025\/12\/rdhw-805x1024.jpg 805w, https:\/\/canelatools.com\/wp-content\/uploads\/2025\/12\/rdhw-236x300.jpg 236w, https:\/\/canelatools.com\/wp-content\/uploads\/2025\/12\/rdhw-768x977.jpg 768w, https:\/\/canelatools.com\/wp-content\/uploads\/2025\/12\/rdhw-1208x1536.jpg 1208w, https:\/\/canelatools.com\/wp-content\/uploads\/2025\/12\/rdhw.jpg 1500w\" sizes=\"(max-width: 800px) 100vw, 800px\" \/>\t\t\t\t\t\t\t\t\t\t\t\t\t\t\t<\/div>\n\t\t\t\t<\/div>\n\t\t\t\t\t<\/div>\n\t\t\t\t<\/div>\n\t\t\t\t<\/div>\n\t\t","protected":false},"excerpt":{"rendered":"<p>Moules et matrices Moules et matrices Le secteur des moules et matrices est tr\u00e8s diversifi\u00e9 et couvre un large \u00e9ventail de composants. Il s\u2019agit souvent de mat\u00e9riaux difficiles \u00e0 usiner, qui ont besoin des outils sp\u00e9cialis\u00e9s pour l\u2019usinage \u00e0 grande avance et avec un grand volume d\u2019enl\u00e8vement de mati\u00e8re. Ces derni\u00e8res ann\u00e9es, Canela n\u2019a cess\u00e9 [&hellip;]<\/p>\n","protected":false},"author":1,"featured_media":0,"parent":0,"menu_order":0,"comment_status":"closed","ping_status":"closed","template":"elementor_header_footer","meta":{"footnotes":""},"class_list":["post-5260","page","type-page","status-publish","hentry"],"yoast_head":"<!-- This site is optimized with the Yoast SEO plugin v27.0 - https:\/\/yoast.com\/product\/yoast-seo-wordpress\/ -->\n<title>Moules et matrices - Canela tools<\/title>\n<meta name=\"robots\" content=\"index, follow, max-snippet:-1, max-image-preview:large, max-video-preview:-1\" \/>\n<link rel=\"canonical\" href=\"https:\/\/canelatools.com\/fr\/moules-et-matrices\/\" \/>\n<meta property=\"og:locale\" content=\"fr_FR\" \/>\n<meta property=\"og:type\" content=\"article\" \/>\n<meta property=\"og:title\" content=\"Moules et matrices - Canela tools\" \/>\n<meta property=\"og:description\" content=\"Moules et matrices Moules et matrices Le secteur des moules et matrices est tr\u00e8s diversifi\u00e9 et couvre un large \u00e9ventail de composants. Il s\u2019agit souvent de mat\u00e9riaux difficiles \u00e0 usiner, qui ont besoin des outils sp\u00e9cialis\u00e9s pour l\u2019usinage \u00e0 grande avance et avec un grand volume d\u2019enl\u00e8vement de mati\u00e8re. Ces derni\u00e8res ann\u00e9es, Canela n\u2019a cess\u00e9 [&hellip;]\" \/>\n<meta property=\"og:url\" content=\"https:\/\/canelatools.com\/fr\/moules-et-matrices\/\" \/>\n<meta property=\"og:site_name\" content=\"Canela tools\" \/>\n<meta property=\"article:modified_time\" content=\"2026-02-02T14:29:36+00:00\" \/>\n<meta property=\"og:image\" content=\"https:\/\/canelatools.com\/wp-content\/uploads\/2025\/12\/rdhw2.jpg\" \/>\n\t<meta property=\"og:image:width\" content=\"1866\" \/>\n\t<meta property=\"og:image:height\" content=\"1356\" \/>\n\t<meta property=\"og:image:type\" content=\"image\/jpeg\" \/>\n<meta name=\"twitter:card\" content=\"summary_large_image\" \/>\n<meta name=\"twitter:label1\" content=\"Dur\u00e9e de lecture estim\u00e9e\" \/>\n\t<meta name=\"twitter:data1\" content=\"2 minutes\" \/>\n<script type=\"application\/ld+json\" class=\"yoast-schema-graph\">{\"@context\":\"https:\/\/schema.org\",\"@graph\":[{\"@type\":\"WebPage\",\"@id\":\"https:\/\/canelatools.com\/fr\/moules-et-matrices\/\",\"url\":\"https:\/\/canelatools.com\/fr\/moules-et-matrices\/\",\"name\":\"Moules et matrices - Canela tools\",\"isPartOf\":{\"@id\":\"https:\/\/canelatools.com\/#website\"},\"primaryImageOfPage\":{\"@id\":\"https:\/\/canelatools.com\/fr\/moules-et-matrices\/#primaryimage\"},\"image\":{\"@id\":\"https:\/\/canelatools.com\/fr\/moules-et-matrices\/#primaryimage\"},\"thumbnailUrl\":\"https:\/\/canelatools.com\/wp-content\/uploads\/2025\/12\/rdhw2-1024x744.jpg\",\"datePublished\":\"2025-12-01T10:44:39+00:00\",\"dateModified\":\"2026-02-02T14:29:36+00:00\",\"breadcrumb\":{\"@id\":\"https:\/\/canelatools.com\/fr\/moules-et-matrices\/#breadcrumb\"},\"inLanguage\":\"fr-FR\",\"potentialAction\":[{\"@type\":\"ReadAction\",\"target\":[\"https:\/\/canelatools.com\/fr\/moules-et-matrices\/\"]}]},{\"@type\":\"ImageObject\",\"inLanguage\":\"fr-FR\",\"@id\":\"https:\/\/canelatools.com\/fr\/moules-et-matrices\/#primaryimage\",\"url\":\"https:\/\/canelatools.com\/wp-content\/uploads\/2025\/12\/rdhw2-1024x744.jpg\",\"contentUrl\":\"https:\/\/canelatools.com\/wp-content\/uploads\/2025\/12\/rdhw2-1024x744.jpg\"},{\"@type\":\"BreadcrumbList\",\"@id\":\"https:\/\/canelatools.com\/fr\/moules-et-matrices\/#breadcrumb\",\"itemListElement\":[{\"@type\":\"ListItem\",\"position\":1,\"name\":\"Portada\",\"item\":\"https:\/\/canelatools.com\/fr\/\"},{\"@type\":\"ListItem\",\"position\":2,\"name\":\"Moules et matrices\"}]},{\"@type\":\"WebSite\",\"@id\":\"https:\/\/canelatools.com\/#website\",\"url\":\"https:\/\/canelatools.com\/\",\"name\":\"Canela tools\",\"description\":\"\",\"potentialAction\":[{\"@type\":\"SearchAction\",\"target\":{\"@type\":\"EntryPoint\",\"urlTemplate\":\"https:\/\/canelatools.com\/?s={search_term_string}\"},\"query-input\":{\"@type\":\"PropertyValueSpecification\",\"valueRequired\":true,\"valueName\":\"search_term_string\"}}],\"inLanguage\":\"fr-FR\"}]}<\/script>\n<!-- \/ Yoast SEO plugin. -->","yoast_head_json":{"title":"Moules et matrices - Canela tools","robots":{"index":"index","follow":"follow","max-snippet":"max-snippet:-1","max-image-preview":"max-image-preview:large","max-video-preview":"max-video-preview:-1"},"canonical":"https:\/\/canelatools.com\/fr\/moules-et-matrices\/","og_locale":"fr_FR","og_type":"article","og_title":"Moules et matrices - Canela tools","og_description":"Moules et matrices Moules et matrices Le secteur des moules et matrices est tr\u00e8s diversifi\u00e9 et couvre un large \u00e9ventail de composants. Il s\u2019agit souvent de mat\u00e9riaux difficiles \u00e0 usiner, qui ont besoin des outils sp\u00e9cialis\u00e9s pour l\u2019usinage \u00e0 grande avance et avec un grand volume d\u2019enl\u00e8vement de mati\u00e8re. Ces derni\u00e8res ann\u00e9es, Canela n\u2019a cess\u00e9 [&hellip;]","og_url":"https:\/\/canelatools.com\/fr\/moules-et-matrices\/","og_site_name":"Canela tools","article_modified_time":"2026-02-02T14:29:36+00:00","og_image":[{"width":1866,"height":1356,"url":"https:\/\/canelatools.com\/wp-content\/uploads\/2025\/12\/rdhw2.jpg","type":"image\/jpeg"}],"twitter_card":"summary_large_image","twitter_misc":{"Dur\u00e9e de lecture estim\u00e9e":"2 minutes"},"schema":{"@context":"https:\/\/schema.org","@graph":[{"@type":"WebPage","@id":"https:\/\/canelatools.com\/fr\/moules-et-matrices\/","url":"https:\/\/canelatools.com\/fr\/moules-et-matrices\/","name":"Moules et matrices - Canela tools","isPartOf":{"@id":"https:\/\/canelatools.com\/#website"},"primaryImageOfPage":{"@id":"https:\/\/canelatools.com\/fr\/moules-et-matrices\/#primaryimage"},"image":{"@id":"https:\/\/canelatools.com\/fr\/moules-et-matrices\/#primaryimage"},"thumbnailUrl":"https:\/\/canelatools.com\/wp-content\/uploads\/2025\/12\/rdhw2-1024x744.jpg","datePublished":"2025-12-01T10:44:39+00:00","dateModified":"2026-02-02T14:29:36+00:00","breadcrumb":{"@id":"https:\/\/canelatools.com\/fr\/moules-et-matrices\/#breadcrumb"},"inLanguage":"fr-FR","potentialAction":[{"@type":"ReadAction","target":["https:\/\/canelatools.com\/fr\/moules-et-matrices\/"]}]},{"@type":"ImageObject","inLanguage":"fr-FR","@id":"https:\/\/canelatools.com\/fr\/moules-et-matrices\/#primaryimage","url":"https:\/\/canelatools.com\/wp-content\/uploads\/2025\/12\/rdhw2-1024x744.jpg","contentUrl":"https:\/\/canelatools.com\/wp-content\/uploads\/2025\/12\/rdhw2-1024x744.jpg"},{"@type":"BreadcrumbList","@id":"https:\/\/canelatools.com\/fr\/moules-et-matrices\/#breadcrumb","itemListElement":[{"@type":"ListItem","position":1,"name":"Portada","item":"https:\/\/canelatools.com\/fr\/"},{"@type":"ListItem","position":2,"name":"Moules et matrices"}]},{"@type":"WebSite","@id":"https:\/\/canelatools.com\/#website","url":"https:\/\/canelatools.com\/","name":"Canela tools","description":"","potentialAction":[{"@type":"SearchAction","target":{"@type":"EntryPoint","urlTemplate":"https:\/\/canelatools.com\/?s={search_term_string}"},"query-input":{"@type":"PropertyValueSpecification","valueRequired":true,"valueName":"search_term_string"}}],"inLanguage":"fr-FR"}]}},"_links":{"self":[{"href":"https:\/\/canelatools.com\/fr\/wp-json\/wp\/v2\/pages\/5260","targetHints":{"allow":["GET"]}}],"collection":[{"href":"https:\/\/canelatools.com\/fr\/wp-json\/wp\/v2\/pages"}],"about":[{"href":"https:\/\/canelatools.com\/fr\/wp-json\/wp\/v2\/types\/page"}],"author":[{"embeddable":true,"href":"https:\/\/canelatools.com\/fr\/wp-json\/wp\/v2\/users\/1"}],"replies":[{"embeddable":true,"href":"https:\/\/canelatools.com\/fr\/wp-json\/wp\/v2\/comments?post=5260"}],"version-history":[{"count":2,"href":"https:\/\/canelatools.com\/fr\/wp-json\/wp\/v2\/pages\/5260\/revisions"}],"predecessor-version":[{"id":10209,"href":"https:\/\/canelatools.com\/fr\/wp-json\/wp\/v2\/pages\/5260\/revisions\/10209"}],"wp:attachment":[{"href":"https:\/\/canelatools.com\/fr\/wp-json\/wp\/v2\/media?parent=5260"}],"curies":[{"name":"wp","href":"https:\/\/api.w.org\/{rel}","templated":true}]}}