{"id":5272,"date":"2025-12-04T12:38:38","date_gmt":"2025-12-04T12:38:38","guid":{"rendered":"https:\/\/canelatools.com\/protection-des-donnees\/"},"modified":"2025-12-12T08:02:55","modified_gmt":"2025-12-12T08:02:55","slug":"protection-des-donnees","status":"publish","type":"page","link":"https:\/\/canelatools.com\/fr\/protection-des-donnees\/","title":{"rendered":"Protection des donn\u00e9es"},"content":{"rendered":"\t\t<div data-elementor-type=\"wp-page\" data-elementor-id=\"5272\" class=\"elementor elementor-5272 elementor-3982\" data-elementor-post-type=\"page\">\n\t\t\t\t<div class=\"elementor-element elementor-element-93680c5 e-flex e-con-boxed e-con e-parent\" data-id=\"93680c5\" data-element_type=\"container\" data-e-type=\"container\" data-settings=\"{&quot;background_background&quot;:&quot;slideshow&quot;,&quot;background_slideshow_gallery&quot;:[{&quot;id&quot;:5271,&quot;url&quot;:&quot;https:\\\/\\\/canelatools.com\\\/wp-content\\\/uploads\\\/2025\\\/12\\\/slider-proteccion-datos.jpg&quot;}],&quot;background_slideshow_loop&quot;:&quot;yes&quot;,&quot;background_slideshow_slide_duration&quot;:5000,&quot;background_slideshow_slide_transition&quot;:&quot;fade&quot;,&quot;background_slideshow_transition_duration&quot;:500}\">\n\t\t\t\t\t<div class=\"e-con-inner\">\n\t\t\t\t<div class=\"elementor-element elementor-element-d641fc3 elementor-widget elementor-widget-heading\" data-id=\"d641fc3\" data-element_type=\"widget\" data-e-type=\"widget\" data-widget_type=\"heading.default\">\n\t\t\t\t\t<h1 class=\"elementor-heading-title elementor-size-default\">Protection des donn\u00e9es<\/h1>\t\t\t\t<\/div>\n\t\t\t\t<div class=\"elementor-element elementor-element-9353eba elementor-widget-divider--view-line elementor-widget elementor-widget-divider\" data-id=\"9353eba\" data-element_type=\"widget\" data-e-type=\"widget\" data-widget_type=\"divider.default\">\n\t\t\t\t\t\t\t<div class=\"elementor-divider\">\n\t\t\t<span class=\"elementor-divider-separator\">\n\t\t\t\t\t\t<\/span>\n\t\t<\/div>\n\t\t\t\t\t\t<\/div>\n\t\t\t\t\t<\/div>\n\t\t\t\t<\/div>\n\t\t<div class=\"elementor-element elementor-element-d8070e5 e-flex e-con-boxed e-con e-parent\" data-id=\"d8070e5\" data-element_type=\"container\" data-e-type=\"container\">\n\t\t\t\t\t<div class=\"e-con-inner\">\n\t\t\t\t<div class=\"elementor-element elementor-element-768e881 elementor-widget elementor-widget-text-editor\" data-id=\"768e881\" data-element_type=\"widget\" data-e-type=\"widget\" data-widget_type=\"text-editor.default\">\n\t\t\t\t\t\t\t\t\t<p data-start=\"241\" data-end=\"513\"><strong data-start=\"241\" data-end=\"299\">Qui est le responsable du traitement de vos donn\u00e9es?<\/strong><br data-start=\"299\" data-end=\"302\">Identit\u00e9: EINES CANELA, S.L.<br data-start=\"329\" data-end=\"332\">CIF ESB-08785453<br data-start=\"346\" data-end=\"349\">Adresse Postale: Pol. Ind. Les Guixeres \u2013 Torrent de Vallmajor 88, 08915 Badalona (Espagne)<br data-start=\"426\" data-end=\"429\">T\u00e9l: +34.93 399 85 61<br data-start=\"446\" data-end=\"449\">Fax: +34.93 383 40 00<br data-start=\"466\" data-end=\"469\">: <a class=\"decorated-link cursor-pointer\" rel=\"noopener\" data-start=\"489\" data-end=\"511\">canela@canelatools.com<\/a>   <\/p><p data-start=\"515\" data-end=\"611\">Vous pouvez contacter directement notre responsable des donn\u00e9es \u00e0 l\u2019adresse:<a class=\"decorated-link cursor-pointer\" rel=\"noopener\" data-start=\"587\" data-end=\"609\"> canela@canelatools.com<\/a><\/p><p data-start=\"613\" data-end=\"919\">Le propri\u00e9taire de ce site web, EINES CANELA, S.L. dont le CIF est ESB-08785453, et dont le domicile social se trouve \u00e0 Pol. Ind. Les Guixeres \u2013 Torrent de Vallmajor 88, 08915 Badalona (Espagne), inscrite au R\u00e9gistre du Commerce de Barcelona, Volume 21910, Folio 158, Page B-28953, Inscription 29, met \u00e0 disposition sur son site web www.canelatools.com certains contenus \u00e0 caract\u00e8re informatif sur ses activit\u00e9s.  <\/p><p data-start=\"921\" data-end=\"1107\"><strong data-start=\"921\" data-end=\"974\">Dans quel but traitons-nous vos donn\u00e9es personnelles?<\/strong><br data-start=\"974\" data-end=\"977\">Les donn\u00e9es personnelles facilit\u00e9es moyennant le site web seront trait\u00e9s par EINES CANELA, S.L. en conformit\u00e9 \u00e0 un des buts suivants:<\/p><p data-start=\"1109\" data-end=\"1381\">G\u00e9rer, traiter et r\u00e9ponse \u00e0 des demandes, incidents ou consultations de l\u2019utilisateur, lorsque celui-ci facilite ses donn\u00e9es moyennant le formulaire \u00abContact\u00bb. Les donn\u00e9es de l\u2019utilisateur seront conserv\u00e9es \u00e0 cet effet jusqu\u2019\u00e0 ce que l\u2019utilisateur s\u2019y oppose ou bien r\u00e9voque son consentement. <\/p><p data-start=\"1383\" data-end=\"1656\"><strong data-start=\"1383\" data-end=\"1428\">Pendant combien de temps conservons-nous vos donn\u00e9es?<br><\/strong><br data-start=\"1428\" data-end=\"1431\">Les donn\u00e9es personnelles fournies seront conserv\u00e9es tant que dure la relation commerciale, tant que la personne concern\u00e9e ne demande pas leur \u00e9limination dans un d\u00e9lai de 5 ans \u00e0 partir de la derni\u00e8re confirmation de ses donn\u00e9es.<\/p><p data-start=\"1658\" data-end=\"2035\"><strong data-start=\"1658\" data-end=\"1720\">Quelle est la l\u00e9gitimit\u00e9 pour le traitement de vos donn\u00e9es?<\/strong><br data-start=\"1720\" data-end=\"1723\">La base l\u00e9gale pour le traitement de vos donn\u00e9es est la relation commerciale, o\u00f9 figurent le but de celles-ci et votre consentement explicite. L\u2019offre prospective de produits et de services est bas\u00e9e sur le consentement qui vous est demand\u00e9 dans la r\u00e9ponse \u00e0 l\u2019e-mail que vous avez envoy\u00e9 en demandant de l\u2019information.<\/p><p data-start=\"2037\" data-end=\"2978\"><strong data-start=\"2037\" data-end=\"2096\">Quels sont vos droits lorsque vous nous fournissez vos donn\u00e9es?<\/strong><br data-start=\"2096\" data-end=\"2099\">Toute personne a droit d\u2019obtenir une confirmation pour savoir si EINES CANELA, S.L. traite des donn\u00e9es personnelles qui la concerne.<br data-start=\"2225\" data-end=\"2228\">Les personnes concern\u00e9es ont droit d\u2019acc\u00e9der \u00e0 leurs donn\u00e9es personnelles et aussi de demander la rectification des donn\u00e9es inexactes ou, le cas \u00e9ch\u00e9ant, de demander leur \u00e9limination lorsque, entre autres raisons, les donn\u00e9es ne sont plus n\u00e9cessaires pour les buts pour lesquels elles avaient \u00e9t\u00e9 fournies. Dans certaines circonstances, et pour des raisons li\u00e9es \u00e0 leur situation particuli\u00e8re, les personnes concern\u00e9es pourront s\u2019opposer au traitement de leurs donn\u00e9es. EINES CANELA, S.L. cessera de traiter les donn\u00e9es, \u00e0 moins qu\u2019il y ait de raisons imp\u00e9rieuses et l\u00e9gitimes ou pour exercer d\u2019\u00e9ventuelles r\u00e9clamations ou pour sa d\u00e9fense face \u00e0 d\u2019\u00e9ventuelles r\u00e9clamations. <\/p><p data-start=\"2980\" data-end=\"3118\">Pour exercer ces droits, vous pouvez contacter <a class=\"decorated-link cursor-pointer\" rel=\"noopener\" data-start=\"3095\" data-end=\"3117\">canela@canelatools.com<\/a><\/p><p data-start=\"3120\" data-end=\"3302\"><strong data-start=\"3120\" data-end=\"3155\">Comment avons-nous obtenu vos donn\u00e9es?<\/strong><br data-start=\"3155\" data-end=\"3158\">Les donn\u00e9es personnelles que nous traitons chez EINES CANELA, S.L. sont directement fournies par l\u2019utilisateur ou, \u00e0 d\u00e9faut, par son repr\u00e9sentant l\u00e9gal.<\/p><p data-start=\"3304\" data-end=\"3452\">Les cat\u00e9gories de donn\u00e9es qui sont trait\u00e9es sont les suivantes:<br data-start=\"3346\" data-end=\"3349\">\u2013 Donn\u00e9es d\u2019identification<br data-start=\"3372\" data-end=\"3375\">\u2013 Adresses postales ou \u00e9lectroniques<br data-start=\"3412\" data-end=\"3415\">\u2013 Information commerciale<br data-start=\"3438\" data-end=\"3441\">\u2013 Images<\/p>\t\t\t\t\t\t\t\t<\/div>\n\t\t\t\t\t<\/div>\n\t\t\t\t<\/div>\n\t\t\t\t<\/div>\n\t\t","protected":false},"excerpt":{"rendered":"<p>Protection des donn\u00e9es Qui est le responsable du traitement de vos donn\u00e9es?Identit\u00e9: EINES CANELA, S.L.CIF ESB-08785453Adresse Postale: Pol. Ind. Les Guixeres \u2013 Torrent de Vallmajor 88, 08915 Badalona (Espagne)T\u00e9l: +34.93 399 85 61Fax: +34.93 383 40 00: canela@canelatools.com Vous pouvez contacter directement notre responsable des donn\u00e9es \u00e0 l\u2019adresse: canela@canelatools.com Le propri\u00e9taire de ce site web, [&hellip;]<\/p>\n","protected":false},"author":1,"featured_media":0,"parent":0,"menu_order":0,"comment_status":"closed","ping_status":"closed","template":"elementor_header_footer","meta":{"footnotes":""},"class_list":["post-5272","page","type-page","status-publish","hentry"],"yoast_head":"<!-- This site is optimized with the Yoast SEO plugin v27.0 - https:\/\/yoast.com\/product\/yoast-seo-wordpress\/ -->\n<title>Protection des donn\u00e9es - Canela tools<\/title>\n<meta name=\"robots\" content=\"index, follow, max-snippet:-1, max-image-preview:large, max-video-preview:-1\" \/>\n<link rel=\"canonical\" href=\"https:\/\/canelatools.com\/fr\/protection-des-donnees\/\" \/>\n<meta property=\"og:locale\" content=\"fr_FR\" \/>\n<meta property=\"og:type\" content=\"article\" \/>\n<meta property=\"og:title\" content=\"Protection des donn\u00e9es - Canela tools\" \/>\n<meta property=\"og:description\" content=\"Protection des donn\u00e9es Qui est le responsable du traitement de vos donn\u00e9es?Identit\u00e9: EINES CANELA, S.L.CIF ESB-08785453Adresse Postale: Pol. Ind. Les Guixeres \u2013 Torrent de Vallmajor 88, 08915 Badalona (Espagne)T\u00e9l: +34.93 399 85 61Fax: +34.93 383 40 00: canela@canelatools.com Vous pouvez contacter directement notre responsable des donn\u00e9es \u00e0 l\u2019adresse: canela@canelatools.com Le propri\u00e9taire de ce site web, [&hellip;]\" \/>\n<meta property=\"og:url\" content=\"https:\/\/canelatools.com\/fr\/protection-des-donnees\/\" \/>\n<meta property=\"og:site_name\" content=\"Canela tools\" \/>\n<meta property=\"article:modified_time\" content=\"2025-12-12T08:02:55+00:00\" \/>\n<meta name=\"twitter:card\" content=\"summary_large_image\" \/>\n<meta name=\"twitter:label1\" content=\"Dur\u00e9e de lecture estim\u00e9e\" \/>\n\t<meta name=\"twitter:data1\" content=\"3 minutes\" \/>\n<script type=\"application\/ld+json\" class=\"yoast-schema-graph\">{\"@context\":\"https:\/\/schema.org\",\"@graph\":[{\"@type\":\"WebPage\",\"@id\":\"https:\/\/canelatools.com\/fr\/protection-des-donnees\/\",\"url\":\"https:\/\/canelatools.com\/fr\/protection-des-donnees\/\",\"name\":\"Protection des donn\u00e9es - Canela tools\",\"isPartOf\":{\"@id\":\"https:\/\/canelatools.com\/#website\"},\"datePublished\":\"2025-12-04T12:38:38+00:00\",\"dateModified\":\"2025-12-12T08:02:55+00:00\",\"breadcrumb\":{\"@id\":\"https:\/\/canelatools.com\/fr\/protection-des-donnees\/#breadcrumb\"},\"inLanguage\":\"fr-FR\",\"potentialAction\":[{\"@type\":\"ReadAction\",\"target\":[\"https:\/\/canelatools.com\/fr\/protection-des-donnees\/\"]}]},{\"@type\":\"BreadcrumbList\",\"@id\":\"https:\/\/canelatools.com\/fr\/protection-des-donnees\/#breadcrumb\",\"itemListElement\":[{\"@type\":\"ListItem\",\"position\":1,\"name\":\"Portada\",\"item\":\"https:\/\/canelatools.com\/fr\/\"},{\"@type\":\"ListItem\",\"position\":2,\"name\":\"Protection des donn\u00e9es\"}]},{\"@type\":\"WebSite\",\"@id\":\"https:\/\/canelatools.com\/#website\",\"url\":\"https:\/\/canelatools.com\/\",\"name\":\"Canela tools\",\"description\":\"\",\"potentialAction\":[{\"@type\":\"SearchAction\",\"target\":{\"@type\":\"EntryPoint\",\"urlTemplate\":\"https:\/\/canelatools.com\/?s={search_term_string}\"},\"query-input\":{\"@type\":\"PropertyValueSpecification\",\"valueRequired\":true,\"valueName\":\"search_term_string\"}}],\"inLanguage\":\"fr-FR\"}]}<\/script>\n<!-- \/ Yoast SEO plugin. -->","yoast_head_json":{"title":"Protection des donn\u00e9es - Canela tools","robots":{"index":"index","follow":"follow","max-snippet":"max-snippet:-1","max-image-preview":"max-image-preview:large","max-video-preview":"max-video-preview:-1"},"canonical":"https:\/\/canelatools.com\/fr\/protection-des-donnees\/","og_locale":"fr_FR","og_type":"article","og_title":"Protection des donn\u00e9es - Canela tools","og_description":"Protection des donn\u00e9es Qui est le responsable du traitement de vos donn\u00e9es?Identit\u00e9: EINES CANELA, S.L.CIF ESB-08785453Adresse Postale: Pol. Ind. Les Guixeres \u2013 Torrent de Vallmajor 88, 08915 Badalona (Espagne)T\u00e9l: +34.93 399 85 61Fax: +34.93 383 40 00: canela@canelatools.com Vous pouvez contacter directement notre responsable des donn\u00e9es \u00e0 l\u2019adresse: canela@canelatools.com Le propri\u00e9taire de ce site web, [&hellip;]","og_url":"https:\/\/canelatools.com\/fr\/protection-des-donnees\/","og_site_name":"Canela tools","article_modified_time":"2025-12-12T08:02:55+00:00","twitter_card":"summary_large_image","twitter_misc":{"Dur\u00e9e de lecture estim\u00e9e":"3 minutes"},"schema":{"@context":"https:\/\/schema.org","@graph":[{"@type":"WebPage","@id":"https:\/\/canelatools.com\/fr\/protection-des-donnees\/","url":"https:\/\/canelatools.com\/fr\/protection-des-donnees\/","name":"Protection des donn\u00e9es - Canela tools","isPartOf":{"@id":"https:\/\/canelatools.com\/#website"},"datePublished":"2025-12-04T12:38:38+00:00","dateModified":"2025-12-12T08:02:55+00:00","breadcrumb":{"@id":"https:\/\/canelatools.com\/fr\/protection-des-donnees\/#breadcrumb"},"inLanguage":"fr-FR","potentialAction":[{"@type":"ReadAction","target":["https:\/\/canelatools.com\/fr\/protection-des-donnees\/"]}]},{"@type":"BreadcrumbList","@id":"https:\/\/canelatools.com\/fr\/protection-des-donnees\/#breadcrumb","itemListElement":[{"@type":"ListItem","position":1,"name":"Portada","item":"https:\/\/canelatools.com\/fr\/"},{"@type":"ListItem","position":2,"name":"Protection des donn\u00e9es"}]},{"@type":"WebSite","@id":"https:\/\/canelatools.com\/#website","url":"https:\/\/canelatools.com\/","name":"Canela tools","description":"","potentialAction":[{"@type":"SearchAction","target":{"@type":"EntryPoint","urlTemplate":"https:\/\/canelatools.com\/?s={search_term_string}"},"query-input":{"@type":"PropertyValueSpecification","valueRequired":true,"valueName":"search_term_string"}}],"inLanguage":"fr-FR"}]}},"_links":{"self":[{"href":"https:\/\/canelatools.com\/fr\/wp-json\/wp\/v2\/pages\/5272","targetHints":{"allow":["GET"]}}],"collection":[{"href":"https:\/\/canelatools.com\/fr\/wp-json\/wp\/v2\/pages"}],"about":[{"href":"https:\/\/canelatools.com\/fr\/wp-json\/wp\/v2\/types\/page"}],"author":[{"embeddable":true,"href":"https:\/\/canelatools.com\/fr\/wp-json\/wp\/v2\/users\/1"}],"replies":[{"embeddable":true,"href":"https:\/\/canelatools.com\/fr\/wp-json\/wp\/v2\/comments?post=5272"}],"version-history":[{"count":1,"href":"https:\/\/canelatools.com\/fr\/wp-json\/wp\/v2\/pages\/5272\/revisions"}],"predecessor-version":[{"id":5273,"href":"https:\/\/canelatools.com\/fr\/wp-json\/wp\/v2\/pages\/5272\/revisions\/5273"}],"wp:attachment":[{"href":"https:\/\/canelatools.com\/fr\/wp-json\/wp\/v2\/media?parent=5272"}],"curies":[{"name":"wp","href":"https:\/\/api.w.org\/{rel}","templated":true}]}}