{"id":5284,"date":"2025-11-25T15:56:10","date_gmt":"2025-11-25T15:56:10","guid":{"rendered":"https:\/\/canelatools.com\/psc\/"},"modified":"2026-02-06T08:42:13","modified_gmt":"2026-02-06T08:42:13","slug":"psc","status":"publish","type":"page","link":"https:\/\/canelatools.com\/fr\/psc\/","title":{"rendered":"PSC"},"content":{"rendered":"\t\t<div data-elementor-type=\"wp-page\" data-elementor-id=\"5284\" class=\"elementor elementor-5284 elementor-811\" data-elementor-post-type=\"page\">\n\t\t\t\t<div class=\"elementor-element elementor-element-9f85624 e-flex e-con-boxed e-con e-parent\" data-id=\"9f85624\" data-element_type=\"container\" data-e-type=\"container\" data-settings=\"{&quot;background_background&quot;:&quot;slideshow&quot;,&quot;background_slideshow_gallery&quot;:[{&quot;id&quot;:5274,&quot;url&quot;:&quot;https:\\\/\\\/canelatools.com\\\/wp-content\\\/uploads\\\/2025\\\/11\\\/slider-psc.jpg&quot;}],&quot;background_slideshow_loop&quot;:&quot;yes&quot;,&quot;background_slideshow_slide_duration&quot;:5000,&quot;background_slideshow_slide_transition&quot;:&quot;fade&quot;,&quot;background_slideshow_transition_duration&quot;:500}\">\n\t\t\t\t\t<div class=\"e-con-inner\">\n\t\t\t\t<div class=\"elementor-element elementor-element-3585122 elementor-widget elementor-widget-heading\" data-id=\"3585122\" data-element_type=\"widget\" data-e-type=\"widget\" data-widget_type=\"heading.default\">\n\t\t\t\t\t<h1 class=\"elementor-heading-title elementor-size-default\">PSC<\/h1>\t\t\t\t<\/div>\n\t\t\t\t<div class=\"elementor-element elementor-element-5eb255e elementor-widget-divider--view-line elementor-widget elementor-widget-divider\" data-id=\"5eb255e\" data-element_type=\"widget\" data-e-type=\"widget\" data-widget_type=\"divider.default\">\n\t\t\t\t\t\t\t<div class=\"elementor-divider\">\n\t\t\t<span class=\"elementor-divider-separator\">\n\t\t\t\t\t\t<\/span>\n\t\t<\/div>\n\t\t\t\t\t\t<\/div>\n\t\t\t\t\t<\/div>\n\t\t\t\t<\/div>\n\t\t<div class=\"elementor-element elementor-element-9286e6b e-flex e-con-boxed e-con e-parent\" data-id=\"9286e6b\" data-element_type=\"container\" data-e-type=\"container\">\n\t\t\t\t\t<div class=\"e-con-inner\">\n\t\t<a class=\"elementor-element elementor-element-e193d8f e-con-full e-flex e-con e-child\" data-id=\"e193d8f\" data-element_type=\"container\" data-e-type=\"container\" href=\"https:\/\/canelatools-store.com\/en\/101-psc-toolholders\">\n\t\t\t\t<div class=\"elementor-element elementor-element-1d0dbb1 elementor-position-top elementor-widget elementor-widget-image-box\" data-id=\"1d0dbb1\" data-element_type=\"widget\" data-e-type=\"widget\" data-widget_type=\"image-box.default\">\n\t\t\t\t\t<div class=\"elementor-image-box-wrapper\"><figure class=\"elementor-image-box-img\"><img fetchpriority=\"high\" decoding=\"async\" width=\"512\" height=\"360\" src=\"https:\/\/canelatools.com\/wp-content\/uploads\/2025\/11\/portaherramientas-psc.jpg\" class=\"attachment-full size-full wp-image-5275\" alt=\"\" srcset=\"https:\/\/canelatools.com\/wp-content\/uploads\/2025\/11\/portaherramientas-psc.jpg 512w, https:\/\/canelatools.com\/wp-content\/uploads\/2025\/11\/portaherramientas-psc-300x211.jpg 300w\" sizes=\"(max-width: 512px) 100vw, 512px\" \/><\/figure><div class=\"elementor-image-box-content\"><h4 class=\"elementor-image-box-title\">Porte-outils<\/h4><\/div><\/div>\t\t\t\t<\/div>\n\t\t\t\t<\/a>\n\t\t<a class=\"elementor-element elementor-element-028e46e e-con-full e-flex e-con e-child\" data-id=\"028e46e\" data-element_type=\"container\" data-e-type=\"container\" href=\"https:\/\/canelatools-store.com\/en\/102-psc-boring-bars\">\n\t\t\t\t<div class=\"elementor-element elementor-element-357d021 elementor-position-top elementor-widget elementor-widget-image-box\" data-id=\"357d021\" data-element_type=\"widget\" data-e-type=\"widget\" data-widget_type=\"image-box.default\">\n\t\t\t\t\t<div class=\"elementor-image-box-wrapper\"><figure class=\"elementor-image-box-img\"><img decoding=\"async\" width=\"512\" height=\"360\" src=\"https:\/\/canelatools.com\/wp-content\/uploads\/2025\/11\/madrinar-psc.jpg\" class=\"attachment-full size-full wp-image-5276\" alt=\"\" srcset=\"https:\/\/canelatools.com\/wp-content\/uploads\/2025\/11\/madrinar-psc.jpg 512w, https:\/\/canelatools.com\/wp-content\/uploads\/2025\/11\/madrinar-psc-300x211.jpg 300w\" sizes=\"(max-width: 512px) 100vw, 512px\" \/><\/figure><div class=\"elementor-image-box-content\"><h4 class=\"elementor-image-box-title\">Barres d\u2019al\u00e9sage<\/h4><\/div><\/div>\t\t\t\t<\/div>\n\t\t\t\t<\/a>\n\t\t<a class=\"elementor-element elementor-element-1e83b1f e-con-full e-flex e-con e-child\" data-id=\"1e83b1f\" data-element_type=\"container\" data-e-type=\"container\" href=\"https:\/\/canelatools-store.com\/en\/103-psc-threading\">\n\t\t\t\t<div class=\"elementor-element elementor-element-5a88813 elementor-position-top elementor-widget elementor-widget-image-box\" data-id=\"5a88813\" data-element_type=\"widget\" data-e-type=\"widget\" data-widget_type=\"image-box.default\">\n\t\t\t\t\t<div class=\"elementor-image-box-wrapper\"><figure class=\"elementor-image-box-img\"><img decoding=\"async\" width=\"512\" height=\"360\" src=\"https:\/\/canelatools.com\/wp-content\/uploads\/2026\/02\/psc_threading-1-3.jpg\" class=\"attachment-full size-full wp-image-10568\" alt=\"\" srcset=\"https:\/\/canelatools.com\/wp-content\/uploads\/2026\/02\/psc_threading-1-3.jpg 512w, https:\/\/canelatools.com\/wp-content\/uploads\/2026\/02\/psc_threading-1-3-300x211.jpg 300w\" sizes=\"(max-width: 512px) 100vw, 512px\" \/><\/figure><div class=\"elementor-image-box-content\"><h4 class=\"elementor-image-box-title\">Filetage<\/h4><\/div><\/div>\t\t\t\t<\/div>\n\t\t\t\t<\/a>\n\t\t<a class=\"elementor-element elementor-element-18e3d60 e-con-full e-flex e-con e-child\" data-id=\"18e3d60\" data-element_type=\"container\" data-e-type=\"container\" href=\"https:\/\/canelatools-store.com\/en\/104-parting-grooving-psc\">\n\t\t\t\t<div class=\"elementor-element elementor-element-8c86b34 elementor-position-top elementor-widget elementor-widget-image-box\" data-id=\"8c86b34\" data-element_type=\"widget\" data-e-type=\"widget\" data-widget_type=\"image-box.default\">\n\t\t\t\t\t<div class=\"elementor-image-box-wrapper\"><figure class=\"elementor-image-box-img\"><img loading=\"lazy\" decoding=\"async\" width=\"512\" height=\"360\" src=\"https:\/\/canelatools.com\/wp-content\/uploads\/2025\/11\/tronzado-psc.jpg\" class=\"attachment-full size-full wp-image-5278\" alt=\"\" srcset=\"https:\/\/canelatools.com\/wp-content\/uploads\/2025\/11\/tronzado-psc.jpg 512w, https:\/\/canelatools.com\/wp-content\/uploads\/2025\/11\/tronzado-psc-300x211.jpg 300w\" sizes=\"(max-width: 512px) 100vw, 512px\" \/><\/figure><div class=\"elementor-image-box-content\"><h4 class=\"elementor-image-box-title\">Tron\u00e7onnage et rainurage<\/h4><\/div><\/div>\t\t\t\t<\/div>\n\t\t\t\t<\/a>\n\t\t<a class=\"elementor-element elementor-element-20b85e4 e-con-full e-flex e-con e-child\" data-id=\"20b85e4\" data-element_type=\"container\" data-e-type=\"container\" href=\"https:\/\/canelatools-store.com\/en\/105-drills-psc\">\n\t\t\t\t<div class=\"elementor-element elementor-element-2667a77 elementor-position-top elementor-widget elementor-widget-image-box\" data-id=\"2667a77\" data-element_type=\"widget\" data-e-type=\"widget\" data-widget_type=\"image-box.default\">\n\t\t\t\t\t<div class=\"elementor-image-box-wrapper\"><figure class=\"elementor-image-box-img\"><img loading=\"lazy\" decoding=\"async\" width=\"512\" height=\"360\" src=\"https:\/\/canelatools.com\/wp-content\/uploads\/2025\/11\/brocas-psc.jpg\" class=\"attachment-full size-full wp-image-5279\" alt=\"\" srcset=\"https:\/\/canelatools.com\/wp-content\/uploads\/2025\/11\/brocas-psc.jpg 512w, https:\/\/canelatools.com\/wp-content\/uploads\/2025\/11\/brocas-psc-300x211.jpg 300w\" sizes=\"(max-width: 512px) 100vw, 512px\" \/><\/figure><div class=\"elementor-image-box-content\"><h4 class=\"elementor-image-box-title\">Forets<\/h4><\/div><\/div>\t\t\t\t<\/div>\n\t\t\t\t<\/a>\n\t\t<a class=\"elementor-element elementor-element-11ad125 e-con-full e-flex e-con e-child\" data-id=\"11ad125\" data-element_type=\"container\" data-e-type=\"container\" href=\"https:\/\/canelatools-store.com\/en\/105-drills-psc\">\n\t\t\t\t<div class=\"elementor-element elementor-element-feaa25d elementor-position-top elementor-widget elementor-widget-image-box\" data-id=\"feaa25d\" data-element_type=\"widget\" data-e-type=\"widget\" data-widget_type=\"image-box.default\">\n\t\t\t\t\t<div class=\"elementor-image-box-wrapper\"><figure class=\"elementor-image-box-img\"><img loading=\"lazy\" decoding=\"async\" width=\"512\" height=\"360\" src=\"https:\/\/canelatools.com\/wp-content\/uploads\/2025\/11\/conos-psc.jpg\" class=\"attachment-full size-full wp-image-5280\" alt=\"\" srcset=\"https:\/\/canelatools.com\/wp-content\/uploads\/2025\/11\/conos-psc.jpg 512w, https:\/\/canelatools.com\/wp-content\/uploads\/2025\/11\/conos-psc-300x211.jpg 300w\" sizes=\"(max-width: 512px) 100vw, 512px\" \/><\/figure><div class=\"elementor-image-box-content\"><h4 class=\"elementor-image-box-title\">Mandrins et adaptateurs<\/h4><\/div><\/div>\t\t\t\t<\/div>\n\t\t\t\t<\/a>\n\t\t\t\t\t<\/div>\n\t\t\t\t<\/div>\n\t\t<div class=\"elementor-element elementor-element-01a71fd e-flex e-con-boxed e-con e-parent\" data-id=\"01a71fd\" data-element_type=\"container\" data-e-type=\"container\" data-settings=\"{&quot;background_background&quot;:&quot;slideshow&quot;,&quot;background_slideshow_gallery&quot;:[{&quot;id&quot;:5282,&quot;url&quot;:&quot;https:\\\/\\\/canelatools.com\\\/wp-content\\\/uploads\\\/2025\\\/11\\\/PSC.jpg&quot;}],&quot;background_slideshow_loop&quot;:&quot;yes&quot;,&quot;background_slideshow_slide_duration&quot;:5000,&quot;background_slideshow_slide_transition&quot;:&quot;fade&quot;,&quot;background_slideshow_transition_duration&quot;:500}\">\n\t\t\t\t\t<div class=\"e-con-inner\">\n\t\t\t\t<div class=\"elementor-element elementor-element-36617a7 elementor-widget__width-initial elementor-widget elementor-widget-text-editor\" data-id=\"36617a7\" data-element_type=\"widget\" data-e-type=\"widget\" data-widget_type=\"text-editor.default\">\n\t\t\t\t\t\t\t\t\t<p class=\"p1\">Canela pr\u00e9sente sa gamme d\u2019outils et de mandrins PSC. Ces outils sont largement utilis\u00e9s pour les op\u00e9rations d\u2019usinage les plus productives sur des tours avec changeurs d\u2019outils manuels ou automatiques, sur les centres d\u2019usinage multifonction et sur les centres d\u2019usinage verticaux. Les deux syst\u00e8mes de changement rapide comprennent des outils int\u00e9graux et une large gamme d\u2019adaptateurs statiques et rotatifs, d\u2019extensions, de r\u00e9ducteurs et de mandrins pour tourelles et axes.  <\/p>\t\t\t\t\t\t\t\t<\/div>\n\t\t\t\t<div class=\"elementor-element elementor-element-b05dfd0 elementor-widget elementor-widget-image\" data-id=\"b05dfd0\" data-element_type=\"widget\" data-e-type=\"widget\" data-widget_type=\"image.default\">\n\t\t\t\t\t\t\t\t\t\t\t\t\t\t\t<img loading=\"lazy\" decoding=\"async\" width=\"800\" height=\"336\" src=\"https:\/\/canelatools.com\/wp-content\/uploads\/2026\/02\/FR-sistema-cambio-rapido-1536x645-1-1024x430.png\" class=\"attachment-large size-large wp-image-10378\" alt=\"\" srcset=\"https:\/\/canelatools.com\/wp-content\/uploads\/2026\/02\/FR-sistema-cambio-rapido-1536x645-1-1024x430.png 1024w, https:\/\/canelatools.com\/wp-content\/uploads\/2026\/02\/FR-sistema-cambio-rapido-1536x645-1-300x126.png 300w, https:\/\/canelatools.com\/wp-content\/uploads\/2026\/02\/FR-sistema-cambio-rapido-1536x645-1-768x323.png 768w, https:\/\/canelatools.com\/wp-content\/uploads\/2026\/02\/FR-sistema-cambio-rapido-1536x645-1.png 1536w\" sizes=\"(max-width: 800px) 100vw, 800px\" \/>\t\t\t\t\t\t\t\t\t\t\t\t\t\t\t<\/div>\n\t\t\t\t\t<\/div>\n\t\t\t\t<\/div>\n\t\t<div class=\"elementor-element elementor-element-2cca487 e-flex e-con-boxed e-con e-parent\" data-id=\"2cca487\" data-element_type=\"container\" data-e-type=\"container\" data-settings=\"{&quot;background_background&quot;:&quot;slideshow&quot;,&quot;background_slideshow_gallery&quot;:[{&quot;id&quot;:5283,&quot;url&quot;:&quot;https:\\\/\\\/canelatools.com\\\/wp-content\\\/uploads\\\/2025\\\/11\\\/DSC00669.jpg&quot;}],&quot;background_slideshow_loop&quot;:&quot;yes&quot;,&quot;background_slideshow_slide_duration&quot;:5000,&quot;background_slideshow_slide_transition&quot;:&quot;fade&quot;,&quot;background_slideshow_transition_duration&quot;:500}\">\n\t\t\t\t\t<div class=\"e-con-inner\">\n\t\t<div class=\"elementor-element elementor-element-7112d73 e-con-full e-flex e-con e-child\" data-id=\"7112d73\" data-element_type=\"container\" data-e-type=\"container\">\n\t\t\t\t<div class=\"elementor-element elementor-element-99aae93 elementor-widget elementor-widget-video\" data-id=\"99aae93\" data-element_type=\"widget\" data-e-type=\"widget\" data-settings=\"{&quot;youtube_url&quot;:&quot;https:\\\/\\\/youtu.be\\\/rjvbGMi9_5s&quot;,&quot;video_type&quot;:&quot;youtube&quot;,&quot;controls&quot;:&quot;yes&quot;}\" data-widget_type=\"video.default\">\n\t\t\t\t\t\t\t<div class=\"elementor-wrapper elementor-open-inline\">\n\t\t\t<div class=\"elementor-video\"><\/div>\t\t<\/div>\n\t\t\t\t\t\t<\/div>\n\t\t\t\t<\/div>\n\t\t<div class=\"elementor-element elementor-element-12c8069 e-con-full e-flex e-con e-child\" data-id=\"12c8069\" data-element_type=\"container\" data-e-type=\"container\">\n\t\t\t\t<div class=\"elementor-element elementor-element-4d9d49f elementor-widget elementor-widget-video\" data-id=\"4d9d49f\" data-element_type=\"widget\" data-e-type=\"widget\" data-settings=\"{&quot;youtube_url&quot;:&quot;https:\\\/\\\/youtu.be\\\/XVTh9wzTd3g&quot;,&quot;video_type&quot;:&quot;youtube&quot;,&quot;controls&quot;:&quot;yes&quot;}\" data-widget_type=\"video.default\">\n\t\t\t\t\t\t\t<div class=\"elementor-wrapper elementor-open-inline\">\n\t\t\t<div class=\"elementor-video\"><\/div>\t\t<\/div>\n\t\t\t\t\t\t<\/div>\n\t\t\t\t<\/div>\n\t\t\t\t\t<\/div>\n\t\t\t\t<\/div>\n\t\t\t\t<\/div>\n\t\t","protected":false},"excerpt":{"rendered":"<p>PSC Porte-outils Barres d\u2019al\u00e9sage Filetage Tron\u00e7onnage et rainurage Forets Mandrins et adaptateurs Canela pr\u00e9sente sa gamme d\u2019outils et de mandrins PSC. Ces outils sont largement utilis\u00e9s pour les op\u00e9rations d\u2019usinage les plus productives sur des tours avec changeurs d\u2019outils manuels ou automatiques, sur les centres d\u2019usinage multifonction et sur les centres d\u2019usinage verticaux. Les deux [&hellip;]<\/p>\n","protected":false},"author":1,"featured_media":0,"parent":0,"menu_order":0,"comment_status":"closed","ping_status":"closed","template":"elementor_header_footer","meta":{"footnotes":""},"class_list":["post-5284","page","type-page","status-publish","hentry"],"yoast_head":"<!-- This site is optimized with the Yoast SEO plugin v27.0 - https:\/\/yoast.com\/product\/yoast-seo-wordpress\/ -->\n<title>PSC - Canela tools<\/title>\n<meta name=\"robots\" content=\"index, follow, max-snippet:-1, max-image-preview:large, max-video-preview:-1\" \/>\n<link rel=\"canonical\" href=\"https:\/\/canelatools.com\/fr\/psc\/\" \/>\n<meta property=\"og:locale\" content=\"fr_FR\" \/>\n<meta property=\"og:type\" content=\"article\" \/>\n<meta property=\"og:title\" content=\"PSC - Canela tools\" \/>\n<meta property=\"og:description\" content=\"PSC Porte-outils Barres d\u2019al\u00e9sage Filetage Tron\u00e7onnage et rainurage Forets Mandrins et adaptateurs Canela pr\u00e9sente sa gamme d\u2019outils et de mandrins PSC. Ces outils sont largement utilis\u00e9s pour les op\u00e9rations d\u2019usinage les plus productives sur des tours avec changeurs d\u2019outils manuels ou automatiques, sur les centres d\u2019usinage multifonction et sur les centres d\u2019usinage verticaux. Les deux [&hellip;]\" \/>\n<meta property=\"og:url\" content=\"https:\/\/canelatools.com\/fr\/psc\/\" \/>\n<meta property=\"og:site_name\" content=\"Canela tools\" \/>\n<meta property=\"article:modified_time\" content=\"2026-02-06T08:42:13+00:00\" \/>\n<meta property=\"og:image\" content=\"https:\/\/canelatools.com\/wp-content\/uploads\/2025\/11\/portaherramientas-psc.jpg\" \/>\n\t<meta property=\"og:image:width\" content=\"512\" \/>\n\t<meta property=\"og:image:height\" content=\"360\" \/>\n\t<meta property=\"og:image:type\" content=\"image\/jpeg\" \/>\n<meta name=\"twitter:card\" content=\"summary_large_image\" \/>\n<meta name=\"twitter:label1\" content=\"Dur\u00e9e de lecture estim\u00e9e\" \/>\n\t<meta name=\"twitter:data1\" content=\"1 minute\" \/>\n<script type=\"application\/ld+json\" class=\"yoast-schema-graph\">{\"@context\":\"https:\/\/schema.org\",\"@graph\":[{\"@type\":\"WebPage\",\"@id\":\"https:\/\/canelatools.com\/fr\/psc\/\",\"url\":\"https:\/\/canelatools.com\/fr\/psc\/\",\"name\":\"PSC - Canela tools\",\"isPartOf\":{\"@id\":\"https:\/\/canelatools.com\/#website\"},\"primaryImageOfPage\":{\"@id\":\"https:\/\/canelatools.com\/fr\/psc\/#primaryimage\"},\"image\":{\"@id\":\"https:\/\/canelatools.com\/fr\/psc\/#primaryimage\"},\"thumbnailUrl\":\"https:\/\/canelatools.com\/wp-content\/uploads\/2025\/11\/portaherramientas-psc.jpg\",\"datePublished\":\"2025-11-25T15:56:10+00:00\",\"dateModified\":\"2026-02-06T08:42:13+00:00\",\"breadcrumb\":{\"@id\":\"https:\/\/canelatools.com\/fr\/psc\/#breadcrumb\"},\"inLanguage\":\"fr-FR\",\"potentialAction\":[{\"@type\":\"ReadAction\",\"target\":[\"https:\/\/canelatools.com\/fr\/psc\/\"]}]},{\"@type\":\"ImageObject\",\"inLanguage\":\"fr-FR\",\"@id\":\"https:\/\/canelatools.com\/fr\/psc\/#primaryimage\",\"url\":\"https:\/\/canelatools.com\/wp-content\/uploads\/2025\/11\/portaherramientas-psc.jpg\",\"contentUrl\":\"https:\/\/canelatools.com\/wp-content\/uploads\/2025\/11\/portaherramientas-psc.jpg\"},{\"@type\":\"BreadcrumbList\",\"@id\":\"https:\/\/canelatools.com\/fr\/psc\/#breadcrumb\",\"itemListElement\":[{\"@type\":\"ListItem\",\"position\":1,\"name\":\"Portada\",\"item\":\"https:\/\/canelatools.com\/fr\/\"},{\"@type\":\"ListItem\",\"position\":2,\"name\":\"PSC\"}]},{\"@type\":\"WebSite\",\"@id\":\"https:\/\/canelatools.com\/#website\",\"url\":\"https:\/\/canelatools.com\/\",\"name\":\"Canela tools\",\"description\":\"\",\"potentialAction\":[{\"@type\":\"SearchAction\",\"target\":{\"@type\":\"EntryPoint\",\"urlTemplate\":\"https:\/\/canelatools.com\/?s={search_term_string}\"},\"query-input\":{\"@type\":\"PropertyValueSpecification\",\"valueRequired\":true,\"valueName\":\"search_term_string\"}}],\"inLanguage\":\"fr-FR\"}]}<\/script>\n<!-- \/ Yoast SEO plugin. -->","yoast_head_json":{"title":"PSC - Canela tools","robots":{"index":"index","follow":"follow","max-snippet":"max-snippet:-1","max-image-preview":"max-image-preview:large","max-video-preview":"max-video-preview:-1"},"canonical":"https:\/\/canelatools.com\/fr\/psc\/","og_locale":"fr_FR","og_type":"article","og_title":"PSC - Canela tools","og_description":"PSC Porte-outils Barres d\u2019al\u00e9sage Filetage Tron\u00e7onnage et rainurage Forets Mandrins et adaptateurs Canela pr\u00e9sente sa gamme d\u2019outils et de mandrins PSC. Ces outils sont largement utilis\u00e9s pour les op\u00e9rations d\u2019usinage les plus productives sur des tours avec changeurs d\u2019outils manuels ou automatiques, sur les centres d\u2019usinage multifonction et sur les centres d\u2019usinage verticaux. Les deux [&hellip;]","og_url":"https:\/\/canelatools.com\/fr\/psc\/","og_site_name":"Canela tools","article_modified_time":"2026-02-06T08:42:13+00:00","og_image":[{"width":512,"height":360,"url":"https:\/\/canelatools.com\/wp-content\/uploads\/2025\/11\/portaherramientas-psc.jpg","type":"image\/jpeg"}],"twitter_card":"summary_large_image","twitter_misc":{"Dur\u00e9e de lecture estim\u00e9e":"1 minute"},"schema":{"@context":"https:\/\/schema.org","@graph":[{"@type":"WebPage","@id":"https:\/\/canelatools.com\/fr\/psc\/","url":"https:\/\/canelatools.com\/fr\/psc\/","name":"PSC - Canela tools","isPartOf":{"@id":"https:\/\/canelatools.com\/#website"},"primaryImageOfPage":{"@id":"https:\/\/canelatools.com\/fr\/psc\/#primaryimage"},"image":{"@id":"https:\/\/canelatools.com\/fr\/psc\/#primaryimage"},"thumbnailUrl":"https:\/\/canelatools.com\/wp-content\/uploads\/2025\/11\/portaherramientas-psc.jpg","datePublished":"2025-11-25T15:56:10+00:00","dateModified":"2026-02-06T08:42:13+00:00","breadcrumb":{"@id":"https:\/\/canelatools.com\/fr\/psc\/#breadcrumb"},"inLanguage":"fr-FR","potentialAction":[{"@type":"ReadAction","target":["https:\/\/canelatools.com\/fr\/psc\/"]}]},{"@type":"ImageObject","inLanguage":"fr-FR","@id":"https:\/\/canelatools.com\/fr\/psc\/#primaryimage","url":"https:\/\/canelatools.com\/wp-content\/uploads\/2025\/11\/portaherramientas-psc.jpg","contentUrl":"https:\/\/canelatools.com\/wp-content\/uploads\/2025\/11\/portaherramientas-psc.jpg"},{"@type":"BreadcrumbList","@id":"https:\/\/canelatools.com\/fr\/psc\/#breadcrumb","itemListElement":[{"@type":"ListItem","position":1,"name":"Portada","item":"https:\/\/canelatools.com\/fr\/"},{"@type":"ListItem","position":2,"name":"PSC"}]},{"@type":"WebSite","@id":"https:\/\/canelatools.com\/#website","url":"https:\/\/canelatools.com\/","name":"Canela tools","description":"","potentialAction":[{"@type":"SearchAction","target":{"@type":"EntryPoint","urlTemplate":"https:\/\/canelatools.com\/?s={search_term_string}"},"query-input":{"@type":"PropertyValueSpecification","valueRequired":true,"valueName":"search_term_string"}}],"inLanguage":"fr-FR"}]}},"_links":{"self":[{"href":"https:\/\/canelatools.com\/fr\/wp-json\/wp\/v2\/pages\/5284","targetHints":{"allow":["GET"]}}],"collection":[{"href":"https:\/\/canelatools.com\/fr\/wp-json\/wp\/v2\/pages"}],"about":[{"href":"https:\/\/canelatools.com\/fr\/wp-json\/wp\/v2\/types\/page"}],"author":[{"embeddable":true,"href":"https:\/\/canelatools.com\/fr\/wp-json\/wp\/v2\/users\/1"}],"replies":[{"embeddable":true,"href":"https:\/\/canelatools.com\/fr\/wp-json\/wp\/v2\/comments?post=5284"}],"version-history":[{"count":18,"href":"https:\/\/canelatools.com\/fr\/wp-json\/wp\/v2\/pages\/5284\/revisions"}],"predecessor-version":[{"id":10572,"href":"https:\/\/canelatools.com\/fr\/wp-json\/wp\/v2\/pages\/5284\/revisions\/10572"}],"wp:attachment":[{"href":"https:\/\/canelatools.com\/fr\/wp-json\/wp\/v2\/media?parent=5284"}],"curies":[{"name":"wp","href":"https:\/\/api.w.org\/{rel}","templated":true}]}}