{"id":5291,"date":"2025-11-25T14:35:11","date_gmt":"2025-11-25T14:35:11","guid":{"rendered":"https:\/\/canelatools.com\/filetage\/"},"modified":"2026-02-10T16:26:47","modified_gmt":"2026-02-10T16:26:47","slug":"filetage","status":"publish","type":"page","link":"https:\/\/canelatools.com\/fr\/filetage\/","title":{"rendered":"Filetage"},"content":{"rendered":"\t\t<div data-elementor-type=\"wp-page\" data-elementor-id=\"5291\" class=\"elementor elementor-5291 elementor-690\" data-elementor-post-type=\"page\">\n\t\t\t\t<div class=\"elementor-element elementor-element-bb4c2e2 e-flex e-con-boxed e-con e-parent\" data-id=\"bb4c2e2\" data-element_type=\"container\" data-e-type=\"container\" data-settings=\"{&quot;background_background&quot;:&quot;slideshow&quot;,&quot;background_slideshow_gallery&quot;:[{&quot;id&quot;:5287,&quot;url&quot;:&quot;https:\\\/\\\/canelatools.com\\\/wp-content\\\/uploads\\\/2025\\\/11\\\/slider-roscado.jpg&quot;}],&quot;background_slideshow_loop&quot;:&quot;yes&quot;,&quot;background_slideshow_slide_duration&quot;:5000,&quot;background_slideshow_slide_transition&quot;:&quot;fade&quot;,&quot;background_slideshow_transition_duration&quot;:500}\">\n\t\t\t\t\t<div class=\"e-con-inner\">\n\t\t\t\t<div class=\"elementor-element elementor-element-593361d elementor-widget elementor-widget-heading\" data-id=\"593361d\" data-element_type=\"widget\" data-e-type=\"widget\" data-widget_type=\"heading.default\">\n\t\t\t\t\t<h1 class=\"elementor-heading-title elementor-size-default\">Filetage<\/h1>\t\t\t\t<\/div>\n\t\t\t\t<div class=\"elementor-element elementor-element-3fb571b elementor-widget-divider--view-line elementor-widget elementor-widget-divider\" data-id=\"3fb571b\" data-element_type=\"widget\" data-e-type=\"widget\" data-widget_type=\"divider.default\">\n\t\t\t\t\t\t\t<div class=\"elementor-divider\">\n\t\t\t<span class=\"elementor-divider-separator\">\n\t\t\t\t\t\t<\/span>\n\t\t<\/div>\n\t\t\t\t\t\t<\/div>\n\t\t\t\t\t<\/div>\n\t\t\t\t<\/div>\n\t\t<div class=\"elementor-element elementor-element-88815f8 e-flex e-con-boxed e-con e-parent\" data-id=\"88815f8\" data-element_type=\"container\" data-e-type=\"container\">\n\t\t\t\t\t<div class=\"e-con-inner\">\n\t\t<div class=\"elementor-element elementor-element-52e2c6d e-con-full e-flex e-con e-child\" data-id=\"52e2c6d\" data-element_type=\"container\" data-e-type=\"container\">\n\t\t\t\t<div class=\"elementor-element elementor-element-cfc9890 elementor-widget elementor-widget-heading\" data-id=\"cfc9890\" data-element_type=\"widget\" data-e-type=\"widget\" data-widget_type=\"heading.default\">\n\t\t\t\t\t<h2 class=\"elementor-heading-title elementor-size-default\">Filetage<\/h2>\t\t\t\t<\/div>\n\t\t\t\t<div class=\"elementor-element elementor-element-5e59464 elementor-widget-divider--view-line elementor-widget elementor-widget-divider\" data-id=\"5e59464\" data-element_type=\"widget\" data-e-type=\"widget\" data-widget_type=\"divider.default\">\n\t\t\t\t\t\t\t<div class=\"elementor-divider\">\n\t\t\t<span class=\"elementor-divider-separator\">\n\t\t\t\t\t\t<\/span>\n\t\t<\/div>\n\t\t\t\t\t\t<\/div>\n\t\t\t\t<div class=\"elementor-element elementor-element-62946fc elementor-widget elementor-widget-text-editor\" data-id=\"62946fc\" data-element_type=\"widget\" data-e-type=\"widget\" data-widget_type=\"text-editor.default\">\n\t\t\t\t\t\t\t\t\t<p><span data-teams=\"true\">Vaste gamme de filetage avec la possibilit\u00e9 de choisir entre deux syst\u00e8mes de fixation, par vis ou par bride. Plus de 1200 combinaisons diff\u00e9rentes de profils et des pas de filet en deux qualit\u00e9s multifonctionnelles. <\/span>Programme sp\u00e9cifique pour l\u2019industrie du p\u00e9trole avec toutes les plaquettes pour filets API, et il y a aussi la possibilit\u00e9 de fabriquer des pas ou des formes de filet sp\u00e9ciales.<\/p><p>Outils de filetage standards et sp\u00e9ciaux pour l\u2019industrie du p\u00e9trole, l\u2019automotion et les industries d\u2019usinage g\u00e9n\u00e9ral.<\/p>\t\t\t\t\t\t\t\t<\/div>\n\t\t\t\t<\/div>\n\t\t<div class=\"elementor-element elementor-element-6751c37 e-con-full e-flex e-con e-child\" data-id=\"6751c37\" data-element_type=\"container\" data-e-type=\"container\">\n\t\t\t\t<div class=\"elementor-element elementor-element-ebc60e0 elementor-widget elementor-widget-image\" data-id=\"ebc60e0\" data-element_type=\"widget\" data-e-type=\"widget\" data-widget_type=\"image.default\">\n\t\t\t\t\t\t\t\t\t\t\t\t\t\t\t<img fetchpriority=\"high\" decoding=\"async\" width=\"800\" height=\"431\" src=\"https:\/\/canelatools.com\/wp-content\/uploads\/2025\/11\/roscado01-1.jpg\" class=\"attachment-large size-large wp-image-5288\" alt=\"\" srcset=\"https:\/\/canelatools.com\/wp-content\/uploads\/2025\/11\/roscado01-1.jpg 956w, https:\/\/canelatools.com\/wp-content\/uploads\/2025\/11\/roscado01-1-300x162.jpg 300w, https:\/\/canelatools.com\/wp-content\/uploads\/2025\/11\/roscado01-1-768x414.jpg 768w\" sizes=\"(max-width: 800px) 100vw, 800px\" \/>\t\t\t\t\t\t\t\t\t\t\t\t\t\t\t<\/div>\n\t\t\t\t<\/div>\n\t\t\t\t\t<\/div>\n\t\t\t\t<\/div>\n\t\t<div class=\"elementor-element elementor-element-f7c0021 elementor-hidden-desktop elementor-hidden-tablet e-flex e-con-boxed e-con e-parent\" data-id=\"f7c0021\" data-element_type=\"container\" data-e-type=\"container\">\n\t\t\t\t\t<div class=\"e-con-inner\">\n\t\t<div class=\"elementor-element elementor-element-6347b37 e-con-full e-flex e-con e-child\" data-id=\"6347b37\" data-element_type=\"container\" data-e-type=\"container\">\n\t\t\t\t<div class=\"elementor-element elementor-element-78612fa elementor-widget__width-initial elementor-widget elementor-widget-image\" data-id=\"78612fa\" data-element_type=\"widget\" data-e-type=\"widget\" data-widget_type=\"image.default\">\n\t\t\t\t\t\t\t\t\t\t\t\t\t\t\t<img decoding=\"async\" width=\"600\" height=\"98\" src=\"https:\/\/canelatools.com\/wp-content\/uploads\/2025\/11\/ES_plaquitas-ERM.png\" class=\"attachment-full size-full wp-image-5289\" alt=\"\" srcset=\"https:\/\/canelatools.com\/wp-content\/uploads\/2025\/11\/ES_plaquitas-ERM.png 600w, https:\/\/canelatools.com\/wp-content\/uploads\/2025\/11\/ES_plaquitas-ERM-300x49.png 300w\" sizes=\"(max-width: 600px) 100vw, 600px\" \/>\t\t\t\t\t\t\t\t\t\t\t\t\t\t\t<\/div>\n\t\t\t\t<div class=\"elementor-element elementor-element-49e828a elementor-widget-divider--view-line elementor-widget elementor-widget-divider\" data-id=\"49e828a\" data-element_type=\"widget\" data-e-type=\"widget\" data-widget_type=\"divider.default\">\n\t\t\t\t\t\t\t<div class=\"elementor-divider\">\n\t\t\t<span class=\"elementor-divider-separator\">\n\t\t\t\t\t\t<\/span>\n\t\t<\/div>\n\t\t\t\t\t\t<\/div>\n\t\t\t\t<div class=\"elementor-element elementor-element-d60635c elementor-widget elementor-widget-text-editor\" data-id=\"d60635c\" data-element_type=\"widget\" data-e-type=\"widget\" data-widget_type=\"text-editor.default\">\n\t\t\t\t\t\t\t\t\t<ul><li><span data-teams=\"true\">Rentable <\/span><\/li><li><span data-teams=\"true\">Contr\u00f4le de copeaux am\u00e9lior\u00e9 <\/span><\/li><li><span data-teams=\"true\">Une solution pour tous les mat\u00e9riaux<\/span><\/li><\/ul>\t\t\t\t\t\t\t\t<\/div>\n\t\t\t\t<div class=\"elementor-element elementor-element-63b1edf elementor-widget elementor-widget-video\" data-id=\"63b1edf\" data-element_type=\"widget\" data-e-type=\"widget\" data-settings=\"{&quot;youtube_url&quot;:&quot;https:\\\/\\\/www.youtube.com\\\/watch?v=OxRwfL_Igrg&quot;,&quot;video_type&quot;:&quot;youtube&quot;,&quot;controls&quot;:&quot;yes&quot;}\" data-widget_type=\"video.default\">\n\t\t\t\t\t\t\t<div class=\"elementor-wrapper elementor-open-inline\">\n\t\t\t<div class=\"elementor-video\"><\/div>\t\t<\/div>\n\t\t\t\t\t\t<\/div>\n\t\t\t\t<\/div>\n\t\t<div class=\"elementor-element elementor-element-6260d4f e-con-full e-flex e-con e-child\" data-id=\"6260d4f\" data-element_type=\"container\" data-e-type=\"container\" data-settings=\"{&quot;background_background&quot;:&quot;slideshow&quot;,&quot;background_slideshow_gallery&quot;:[{&quot;id&quot;:5290,&quot;url&quot;:&quot;https:\\\/\\\/canelatools.com\\\/wp-content\\\/uploads\\\/2025\\\/11\\\/roscado02-scaled.jpg&quot;}],&quot;background_slideshow_loop&quot;:&quot;yes&quot;,&quot;background_slideshow_slide_duration&quot;:5000,&quot;background_slideshow_slide_transition&quot;:&quot;fade&quot;,&quot;background_slideshow_transition_duration&quot;:500}\">\n\t\t\t\t<\/div>\n\t\t\t\t\t<\/div>\n\t\t\t\t<\/div>\n\t\t<div class=\"elementor-element elementor-element-59567fd elementor-hidden-mobile e-flex e-con-boxed e-con e-parent\" data-id=\"59567fd\" data-element_type=\"container\" data-e-type=\"container\" data-settings=\"{&quot;background_background&quot;:&quot;slideshow&quot;,&quot;background_slideshow_gallery&quot;:[{&quot;id&quot;:5290,&quot;url&quot;:&quot;https:\\\/\\\/canelatools.com\\\/wp-content\\\/uploads\\\/2025\\\/11\\\/roscado02-scaled.jpg&quot;}],&quot;background_slideshow_loop&quot;:&quot;yes&quot;,&quot;background_slideshow_slide_duration&quot;:5000,&quot;background_slideshow_slide_transition&quot;:&quot;fade&quot;,&quot;background_slideshow_transition_duration&quot;:500}\">\n\t\t\t\t\t<div class=\"e-con-inner\">\n\t\t<div class=\"elementor-element elementor-element-6cf3ca7 e-con-full e-flex e-con e-child\" data-id=\"6cf3ca7\" data-element_type=\"container\" data-e-type=\"container\">\n\t\t\t\t<\/div>\n\t\t<div class=\"elementor-element elementor-element-787ea89 e-con-full e-flex e-con e-child\" data-id=\"787ea89\" data-element_type=\"container\" data-e-type=\"container\">\n\t\t\t\t<div class=\"elementor-element elementor-element-631c96f elementor-widget__width-initial elementor-widget elementor-widget-image\" data-id=\"631c96f\" data-element_type=\"widget\" data-e-type=\"widget\" data-widget_type=\"image.default\">\n\t\t\t\t\t\t\t\t\t\t\t\t\t\t\t<img decoding=\"async\" width=\"514\" height=\"97\" src=\"https:\/\/canelatools.com\/wp-content\/uploads\/2026\/02\/FR_plaquitas-ERM-e1651222044364.png\" class=\"attachment-full size-full wp-image-10356\" alt=\"\" srcset=\"https:\/\/canelatools.com\/wp-content\/uploads\/2026\/02\/FR_plaquitas-ERM-e1651222044364.png 514w, https:\/\/canelatools.com\/wp-content\/uploads\/2026\/02\/FR_plaquitas-ERM-e1651222044364-300x57.png 300w\" sizes=\"(max-width: 514px) 100vw, 514px\" \/>\t\t\t\t\t\t\t\t\t\t\t\t\t\t\t<\/div>\n\t\t\t\t<div class=\"elementor-element elementor-element-4d9dcb8 elementor-widget-divider--view-line elementor-widget elementor-widget-divider\" data-id=\"4d9dcb8\" data-element_type=\"widget\" data-e-type=\"widget\" data-widget_type=\"divider.default\">\n\t\t\t\t\t\t\t<div class=\"elementor-divider\">\n\t\t\t<span class=\"elementor-divider-separator\">\n\t\t\t\t\t\t<\/span>\n\t\t<\/div>\n\t\t\t\t\t\t<\/div>\n\t\t\t\t<div class=\"elementor-element elementor-element-b4cf106 elementor-widget elementor-widget-text-editor\" data-id=\"b4cf106\" data-element_type=\"widget\" data-e-type=\"widget\" data-widget_type=\"text-editor.default\">\n\t\t\t\t\t\t\t\t\t<ul><li><span data-teams=\"true\">Rentable <\/span><\/li><li><span data-teams=\"true\">Contr\u00f4le de copeaux am\u00e9lior\u00e9 <\/span><\/li><li><span data-teams=\"true\">Une solution pour tous les mat\u00e9riaux<\/span><\/li><\/ul>\t\t\t\t\t\t\t\t<\/div>\n\t\t\t\t<div class=\"elementor-element elementor-element-d4c1660 elementor-widget elementor-widget-video\" data-id=\"d4c1660\" data-element_type=\"widget\" data-e-type=\"widget\" data-settings=\"{&quot;youtube_url&quot;:&quot;https:\\\/\\\/www.youtube.com\\\/watch?v=OxRwfL_Igrg&quot;,&quot;video_type&quot;:&quot;youtube&quot;,&quot;controls&quot;:&quot;yes&quot;}\" data-widget_type=\"video.default\">\n\t\t\t\t\t\t\t<div class=\"elementor-wrapper elementor-open-inline\">\n\t\t\t<div class=\"elementor-video\"><\/div>\t\t<\/div>\n\t\t\t\t\t\t<\/div>\n\t\t\t\t<\/div>\n\t\t\t\t\t<\/div>\n\t\t\t\t<\/div>\n\t\t\t\t<\/div>\n\t\t","protected":false},"excerpt":{"rendered":"<p>Filetage Filetage Vaste gamme de filetage avec la possibilit\u00e9 de choisir entre deux syst\u00e8mes de fixation, par vis ou par bride. Plus de 1200 combinaisons diff\u00e9rentes de profils et des pas de filet en deux qualit\u00e9s multifonctionnelles. Programme sp\u00e9cifique pour l\u2019industrie du p\u00e9trole avec toutes les plaquettes pour filets API, et il y a aussi [&hellip;]<\/p>\n","protected":false},"author":1,"featured_media":0,"parent":0,"menu_order":0,"comment_status":"closed","ping_status":"closed","template":"elementor_header_footer","meta":{"footnotes":""},"class_list":["post-5291","page","type-page","status-publish","hentry"],"yoast_head":"<!-- This site is optimized with the Yoast SEO plugin v27.0 - https:\/\/yoast.com\/product\/yoast-seo-wordpress\/ -->\n<title>Filetage - Canela tools<\/title>\n<meta name=\"robots\" content=\"index, follow, max-snippet:-1, max-image-preview:large, max-video-preview:-1\" \/>\n<link rel=\"canonical\" href=\"https:\/\/canelatools.com\/fr\/filetage\/\" \/>\n<meta property=\"og:locale\" content=\"fr_FR\" \/>\n<meta property=\"og:type\" content=\"article\" \/>\n<meta property=\"og:title\" content=\"Filetage - Canela tools\" \/>\n<meta property=\"og:description\" content=\"Filetage Filetage Vaste gamme de filetage avec la possibilit\u00e9 de choisir entre deux syst\u00e8mes de fixation, par vis ou par bride. Plus de 1200 combinaisons diff\u00e9rentes de profils et des pas de filet en deux qualit\u00e9s multifonctionnelles. Programme sp\u00e9cifique pour l\u2019industrie du p\u00e9trole avec toutes les plaquettes pour filets API, et il y a aussi [&hellip;]\" \/>\n<meta property=\"og:url\" content=\"https:\/\/canelatools.com\/fr\/filetage\/\" \/>\n<meta property=\"og:site_name\" content=\"Canela tools\" \/>\n<meta property=\"article:modified_time\" content=\"2026-02-10T16:26:47+00:00\" \/>\n<meta property=\"og:image\" content=\"https:\/\/canelatools.com\/wp-content\/uploads\/2025\/11\/roscado01-1.jpg\" \/>\n\t<meta property=\"og:image:width\" content=\"956\" \/>\n\t<meta property=\"og:image:height\" content=\"515\" \/>\n\t<meta property=\"og:image:type\" content=\"image\/jpeg\" \/>\n<meta name=\"twitter:card\" content=\"summary_large_image\" \/>\n<meta name=\"twitter:label1\" content=\"Dur\u00e9e de lecture estim\u00e9e\" \/>\n\t<meta name=\"twitter:data1\" content=\"1 minute\" \/>\n<script type=\"application\/ld+json\" class=\"yoast-schema-graph\">{\"@context\":\"https:\/\/schema.org\",\"@graph\":[{\"@type\":\"WebPage\",\"@id\":\"https:\/\/canelatools.com\/fr\/filetage\/\",\"url\":\"https:\/\/canelatools.com\/fr\/filetage\/\",\"name\":\"Filetage - Canela tools\",\"isPartOf\":{\"@id\":\"https:\/\/canelatools.com\/#website\"},\"primaryImageOfPage\":{\"@id\":\"https:\/\/canelatools.com\/fr\/filetage\/#primaryimage\"},\"image\":{\"@id\":\"https:\/\/canelatools.com\/fr\/filetage\/#primaryimage\"},\"thumbnailUrl\":\"https:\/\/canelatools.com\/wp-content\/uploads\/2025\/11\/roscado01-1.jpg\",\"datePublished\":\"2025-11-25T14:35:11+00:00\",\"dateModified\":\"2026-02-10T16:26:47+00:00\",\"breadcrumb\":{\"@id\":\"https:\/\/canelatools.com\/fr\/filetage\/#breadcrumb\"},\"inLanguage\":\"fr-FR\",\"potentialAction\":[{\"@type\":\"ReadAction\",\"target\":[\"https:\/\/canelatools.com\/fr\/filetage\/\"]}]},{\"@type\":\"ImageObject\",\"inLanguage\":\"fr-FR\",\"@id\":\"https:\/\/canelatools.com\/fr\/filetage\/#primaryimage\",\"url\":\"https:\/\/canelatools.com\/wp-content\/uploads\/2025\/11\/roscado01-1.jpg\",\"contentUrl\":\"https:\/\/canelatools.com\/wp-content\/uploads\/2025\/11\/roscado01-1.jpg\"},{\"@type\":\"BreadcrumbList\",\"@id\":\"https:\/\/canelatools.com\/fr\/filetage\/#breadcrumb\",\"itemListElement\":[{\"@type\":\"ListItem\",\"position\":1,\"name\":\"Portada\",\"item\":\"https:\/\/canelatools.com\/fr\/\"},{\"@type\":\"ListItem\",\"position\":2,\"name\":\"Filetage\"}]},{\"@type\":\"WebSite\",\"@id\":\"https:\/\/canelatools.com\/#website\",\"url\":\"https:\/\/canelatools.com\/\",\"name\":\"Canela tools\",\"description\":\"\",\"potentialAction\":[{\"@type\":\"SearchAction\",\"target\":{\"@type\":\"EntryPoint\",\"urlTemplate\":\"https:\/\/canelatools.com\/?s={search_term_string}\"},\"query-input\":{\"@type\":\"PropertyValueSpecification\",\"valueRequired\":true,\"valueName\":\"search_term_string\"}}],\"inLanguage\":\"fr-FR\"}]}<\/script>\n<!-- \/ Yoast SEO plugin. -->","yoast_head_json":{"title":"Filetage - Canela tools","robots":{"index":"index","follow":"follow","max-snippet":"max-snippet:-1","max-image-preview":"max-image-preview:large","max-video-preview":"max-video-preview:-1"},"canonical":"https:\/\/canelatools.com\/fr\/filetage\/","og_locale":"fr_FR","og_type":"article","og_title":"Filetage - Canela tools","og_description":"Filetage Filetage Vaste gamme de filetage avec la possibilit\u00e9 de choisir entre deux syst\u00e8mes de fixation, par vis ou par bride. Plus de 1200 combinaisons diff\u00e9rentes de profils et des pas de filet en deux qualit\u00e9s multifonctionnelles. Programme sp\u00e9cifique pour l\u2019industrie du p\u00e9trole avec toutes les plaquettes pour filets API, et il y a aussi [&hellip;]","og_url":"https:\/\/canelatools.com\/fr\/filetage\/","og_site_name":"Canela tools","article_modified_time":"2026-02-10T16:26:47+00:00","og_image":[{"width":956,"height":515,"url":"https:\/\/canelatools.com\/wp-content\/uploads\/2025\/11\/roscado01-1.jpg","type":"image\/jpeg"}],"twitter_card":"summary_large_image","twitter_misc":{"Dur\u00e9e de lecture estim\u00e9e":"1 minute"},"schema":{"@context":"https:\/\/schema.org","@graph":[{"@type":"WebPage","@id":"https:\/\/canelatools.com\/fr\/filetage\/","url":"https:\/\/canelatools.com\/fr\/filetage\/","name":"Filetage - Canela tools","isPartOf":{"@id":"https:\/\/canelatools.com\/#website"},"primaryImageOfPage":{"@id":"https:\/\/canelatools.com\/fr\/filetage\/#primaryimage"},"image":{"@id":"https:\/\/canelatools.com\/fr\/filetage\/#primaryimage"},"thumbnailUrl":"https:\/\/canelatools.com\/wp-content\/uploads\/2025\/11\/roscado01-1.jpg","datePublished":"2025-11-25T14:35:11+00:00","dateModified":"2026-02-10T16:26:47+00:00","breadcrumb":{"@id":"https:\/\/canelatools.com\/fr\/filetage\/#breadcrumb"},"inLanguage":"fr-FR","potentialAction":[{"@type":"ReadAction","target":["https:\/\/canelatools.com\/fr\/filetage\/"]}]},{"@type":"ImageObject","inLanguage":"fr-FR","@id":"https:\/\/canelatools.com\/fr\/filetage\/#primaryimage","url":"https:\/\/canelatools.com\/wp-content\/uploads\/2025\/11\/roscado01-1.jpg","contentUrl":"https:\/\/canelatools.com\/wp-content\/uploads\/2025\/11\/roscado01-1.jpg"},{"@type":"BreadcrumbList","@id":"https:\/\/canelatools.com\/fr\/filetage\/#breadcrumb","itemListElement":[{"@type":"ListItem","position":1,"name":"Portada","item":"https:\/\/canelatools.com\/fr\/"},{"@type":"ListItem","position":2,"name":"Filetage"}]},{"@type":"WebSite","@id":"https:\/\/canelatools.com\/#website","url":"https:\/\/canelatools.com\/","name":"Canela tools","description":"","potentialAction":[{"@type":"SearchAction","target":{"@type":"EntryPoint","urlTemplate":"https:\/\/canelatools.com\/?s={search_term_string}"},"query-input":{"@type":"PropertyValueSpecification","valueRequired":true,"valueName":"search_term_string"}}],"inLanguage":"fr-FR"}]}},"_links":{"self":[{"href":"https:\/\/canelatools.com\/fr\/wp-json\/wp\/v2\/pages\/5291","targetHints":{"allow":["GET"]}}],"collection":[{"href":"https:\/\/canelatools.com\/fr\/wp-json\/wp\/v2\/pages"}],"about":[{"href":"https:\/\/canelatools.com\/fr\/wp-json\/wp\/v2\/types\/page"}],"author":[{"embeddable":true,"href":"https:\/\/canelatools.com\/fr\/wp-json\/wp\/v2\/users\/1"}],"replies":[{"embeddable":true,"href":"https:\/\/canelatools.com\/fr\/wp-json\/wp\/v2\/comments?post=5291"}],"version-history":[{"count":13,"href":"https:\/\/canelatools.com\/fr\/wp-json\/wp\/v2\/pages\/5291\/revisions"}],"predecessor-version":[{"id":10892,"href":"https:\/\/canelatools.com\/fr\/wp-json\/wp\/v2\/pages\/5291\/revisions\/10892"}],"wp:attachment":[{"href":"https:\/\/canelatools.com\/fr\/wp-json\/wp\/v2\/media?parent=5291"}],"curies":[{"name":"wp","href":"https:\/\/api.w.org\/{rel}","templated":true}]}}