{"id":5306,"date":"2025-11-26T17:04:55","date_gmt":"2025-11-26T17:04:55","guid":{"rendered":"https:\/\/canelatools.com\/percage\/"},"modified":"2026-01-27T14:04:52","modified_gmt":"2026-01-27T14:04:52","slug":"percage","status":"publish","type":"page","link":"https:\/\/canelatools.com\/fr\/percage\/","title":{"rendered":"Per\u00e7age"},"content":{"rendered":"\t\t<div data-elementor-type=\"wp-page\" data-elementor-id=\"5306\" class=\"elementor elementor-5306 elementor-1165\" data-elementor-post-type=\"page\">\n\t\t\t\t<div class=\"elementor-element elementor-element-b15689d e-flex e-con-boxed e-con e-parent\" data-id=\"b15689d\" data-element_type=\"container\" data-e-type=\"container\" data-settings=\"{&quot;background_background&quot;:&quot;slideshow&quot;,&quot;background_slideshow_gallery&quot;:[{&quot;id&quot;:5300,&quot;url&quot;:&quot;https:\\\/\\\/canelatools.com\\\/wp-content\\\/uploads\\\/2025\\\/11\\\/slider-brocas.jpg&quot;}],&quot;background_slideshow_loop&quot;:&quot;yes&quot;,&quot;background_slideshow_slide_duration&quot;:5000,&quot;background_slideshow_slide_transition&quot;:&quot;fade&quot;,&quot;background_slideshow_transition_duration&quot;:500}\">\n\t\t\t\t\t<div class=\"e-con-inner\">\n\t\t\t\t<div class=\"elementor-element elementor-element-020f09c elementor-widget elementor-widget-heading\" data-id=\"020f09c\" data-element_type=\"widget\" data-e-type=\"widget\" data-widget_type=\"heading.default\">\n\t\t\t\t\t<h1 class=\"elementor-heading-title elementor-size-default\">Per\u00e7age<\/h1>\t\t\t\t<\/div>\n\t\t\t\t<div class=\"elementor-element elementor-element-ede6a6b elementor-widget-divider--view-line elementor-widget elementor-widget-divider\" data-id=\"ede6a6b\" data-element_type=\"widget\" data-e-type=\"widget\" data-widget_type=\"divider.default\">\n\t\t\t\t\t\t\t<div class=\"elementor-divider\">\n\t\t\t<span class=\"elementor-divider-separator\">\n\t\t\t\t\t\t<\/span>\n\t\t<\/div>\n\t\t\t\t\t\t<\/div>\n\t\t\t\t\t<\/div>\n\t\t\t\t<\/div>\n\t\t<div class=\"elementor-element elementor-element-4a5c132 e-flex e-con-boxed e-con e-parent\" data-id=\"4a5c132\" data-element_type=\"container\" data-e-type=\"container\">\n\t\t\t\t\t<div class=\"e-con-inner\">\n\t\t<div class=\"elementor-element elementor-element-07f9fbf e-con-full e-flex e-con e-child\" data-id=\"07f9fbf\" data-element_type=\"container\" data-e-type=\"container\">\n\t\t\t\t<div class=\"elementor-element elementor-element-1976df1 elementor-widget elementor-widget-heading\" data-id=\"1976df1\" data-element_type=\"widget\" data-e-type=\"widget\" data-widget_type=\"heading.default\">\n\t\t\t\t\t<h2 class=\"elementor-heading-title elementor-size-default\">Per\u00e7age<\/h2>\t\t\t\t<\/div>\n\t\t\t\t<div class=\"elementor-element elementor-element-201fa2d elementor-widget-divider--view-line elementor-widget elementor-widget-divider\" data-id=\"201fa2d\" data-element_type=\"widget\" data-e-type=\"widget\" data-widget_type=\"divider.default\">\n\t\t\t\t\t\t\t<div class=\"elementor-divider\">\n\t\t\t<span class=\"elementor-divider-separator\">\n\t\t\t\t\t\t<\/span>\n\t\t<\/div>\n\t\t\t\t\t\t<\/div>\n\t\t\t\t<div class=\"elementor-element elementor-element-b41f9ac elementor-widget elementor-widget-text-editor\" data-id=\"b41f9ac\" data-element_type=\"widget\" data-e-type=\"widget\" data-widget_type=\"text-editor.default\">\n\t\t\t\t\t\t\t\t\t<p>La gamme de forets Canela est con\u00e7ue comme une solution \u00e9conomique pour le per\u00e7age et convient \u00e0 tous les types de mat\u00e9riaux.<\/p><p>Ces forets sont con\u00e7us principalement pour les op\u00e9rations de semi-finition o\u00f9 un haut degr\u00e9 de pr\u00e9cision est demand\u00e9, m\u00eame dans des conditions de coupe interrompues, dans l\u2019usinage d\u2019empilage de t\u00f4les, et sont id\u00e9aux pour les op\u00e9rations de per\u00e7age associ\u00e9es \u00e0 des vibrations. Ils sont peu sensibles aux conditions d\u2019usinage instables. <\/p>\t\t\t\t\t\t\t\t<\/div>\n\t\t\t\t<\/div>\n\t\t<div class=\"elementor-element elementor-element-f668077 e-con-full e-flex e-con e-child\" data-id=\"f668077\" data-element_type=\"container\" data-e-type=\"container\" data-settings=\"{&quot;background_background&quot;:&quot;slideshow&quot;,&quot;background_slideshow_gallery&quot;:[],&quot;background_slideshow_loop&quot;:&quot;yes&quot;,&quot;background_slideshow_slide_duration&quot;:5000,&quot;background_slideshow_slide_transition&quot;:&quot;fade&quot;,&quot;background_slideshow_transition_duration&quot;:500}\">\n\t\t\t\t<div class=\"elementor-element elementor-element-b884f50 elementor-widget elementor-widget-image\" data-id=\"b884f50\" data-element_type=\"widget\" data-e-type=\"widget\" data-widget_type=\"image.default\">\n\t\t\t\t\t\t\t\t\t\t\t\t\t\t\t<img fetchpriority=\"high\" decoding=\"async\" width=\"610\" height=\"325\" src=\"https:\/\/canelatools.com\/wp-content\/uploads\/2025\/11\/broca.jpg\" class=\"attachment-large size-large wp-image-5301\" alt=\"\" srcset=\"https:\/\/canelatools.com\/wp-content\/uploads\/2025\/11\/broca.jpg 610w, https:\/\/canelatools.com\/wp-content\/uploads\/2025\/11\/broca-300x160.jpg 300w\" sizes=\"(max-width: 610px) 100vw, 610px\" \/>\t\t\t\t\t\t\t\t\t\t\t\t\t\t\t<\/div>\n\t\t\t\t<\/div>\n\t\t\t\t\t<\/div>\n\t\t\t\t<\/div>\n\t\t<div class=\"elementor-element elementor-element-c5c0e23 e-flex e-con-boxed e-con e-parent\" data-id=\"c5c0e23\" data-element_type=\"container\" data-e-type=\"container\" id=\"urlh4a\">\n\t\t\t\t\t<div class=\"e-con-inner\">\n\t\t<div class=\"elementor-element elementor-element-908d0b0 e-grid e-con-full e-con e-child\" data-id=\"908d0b0\" data-element_type=\"container\" data-e-type=\"container\">\n\t\t\t\t<div class=\"elementor-element elementor-element-e5d4bfc elementor-position-top elementor-widget elementor-widget-image-box\" data-id=\"e5d4bfc\" data-element_type=\"widget\" data-e-type=\"widget\" data-widget_type=\"image-box.default\">\n\t\t\t\t\t<div class=\"elementor-image-box-wrapper\"><figure class=\"elementor-image-box-img\"><a href=\"https:\/\/canelatools-store.com\/en\/19-inserts-drills\" target=\"_blank\" tabindex=\"-1\"><img decoding=\"async\" width=\"512\" height=\"360\" src=\"https:\/\/canelatools.com\/wp-content\/uploads\/2025\/11\/drills_inserts.jpg\" class=\"attachment-full size-full wp-image-5302\" alt=\"\" srcset=\"https:\/\/canelatools.com\/wp-content\/uploads\/2025\/11\/drills_inserts.jpg 512w, https:\/\/canelatools.com\/wp-content\/uploads\/2025\/11\/drills_inserts-300x211.jpg 300w\" sizes=\"(max-width: 512px) 100vw, 512px\" \/><\/a><\/figure><div class=\"elementor-image-box-content\"><h4 class=\"elementor-image-box-title\"><a href=\"https:\/\/canelatools-store.com\/en\/19-inserts-drills\" target=\"_blank\">Plaquettes pour forets<\/a><\/h4><\/div><\/div>\t\t\t\t<\/div>\n\t\t\t\t<div class=\"elementor-element elementor-element-dd32383 elementor-position-top elementor-widget elementor-widget-image-box\" data-id=\"dd32383\" data-element_type=\"widget\" data-e-type=\"widget\" data-widget_type=\"image-box.default\">\n\t\t\t\t\t<div class=\"elementor-image-box-wrapper\"><figure class=\"elementor-image-box-img\"><a href=\"https:\/\/canelatools-store.com\/en\/241-drills\" target=\"_blank\" tabindex=\"-1\"><img decoding=\"async\" width=\"2560\" height=\"1304\" src=\"https:\/\/canelatools.com\/wp-content\/uploads\/2025\/11\/brocas-scaled-1.jpg\" class=\"attachment-full size-full wp-image-5303\" alt=\"\" srcset=\"https:\/\/canelatools.com\/wp-content\/uploads\/2025\/11\/brocas-scaled-1.jpg 2560w, https:\/\/canelatools.com\/wp-content\/uploads\/2025\/11\/brocas-scaled-1-300x153.jpg 300w, https:\/\/canelatools.com\/wp-content\/uploads\/2025\/11\/brocas-scaled-1-1024x522.jpg 1024w, https:\/\/canelatools.com\/wp-content\/uploads\/2025\/11\/brocas-scaled-1-768x391.jpg 768w, https:\/\/canelatools.com\/wp-content\/uploads\/2025\/11\/brocas-scaled-1-1536x782.jpg 1536w, https:\/\/canelatools.com\/wp-content\/uploads\/2025\/11\/brocas-scaled-1-2048x1043.jpg 2048w\" sizes=\"(max-width: 2560px) 100vw, 2560px\" \/><\/a><\/figure><div class=\"elementor-image-box-content\"><h4 class=\"elementor-image-box-title\"><a href=\"https:\/\/canelatools-store.com\/en\/241-drills\" target=\"_blank\">Forets<\/a><\/h4><\/div><\/div>\t\t\t\t<\/div>\n\t\t\t\t<div class=\"elementor-element elementor-element-bc54a69 elementor-position-top elementor-widget elementor-widget-image-box\" data-id=\"bc54a69\" data-element_type=\"widget\" data-e-type=\"widget\" data-widget_type=\"image-box.default\">\n\t\t\t\t\t<div class=\"elementor-image-box-wrapper\"><figure class=\"elementor-image-box-img\"><a href=\"https:\/\/canelatools-store.com\/en\/249-trepanning-drills\" target=\"_blank\" tabindex=\"-1\"><img loading=\"lazy\" decoding=\"async\" width=\"898\" height=\"628\" src=\"https:\/\/canelatools.com\/wp-content\/uploads\/2025\/11\/trepanning.jpg\" class=\"attachment-full size-full wp-image-5304\" alt=\"\" srcset=\"https:\/\/canelatools.com\/wp-content\/uploads\/2025\/11\/trepanning.jpg 898w, https:\/\/canelatools.com\/wp-content\/uploads\/2025\/11\/trepanning-300x210.jpg 300w, https:\/\/canelatools.com\/wp-content\/uploads\/2025\/11\/trepanning-768x537.jpg 768w\" sizes=\"(max-width: 898px) 100vw, 898px\" \/><\/a><\/figure><div class=\"elementor-image-box-content\"><h4 class=\"elementor-image-box-title\"><a href=\"https:\/\/canelatools-store.com\/en\/249-trepanning-drills\" target=\"_blank\">Forets pour tr\u00e9pannage<\/a><\/h4><\/div><\/div>\t\t\t\t<\/div>\n\t\t\t\t<div class=\"elementor-element elementor-element-37bce84 elementor-position-top elementor-widget elementor-widget-image-box\" data-id=\"37bce84\" data-element_type=\"widget\" data-e-type=\"widget\" data-widget_type=\"image-box.default\">\n\t\t\t\t\t<div class=\"elementor-image-box-wrapper\"><figure class=\"elementor-image-box-img\"><a href=\"https:\/\/canelatools-store.com\/en\/245-spot-facing-countersink\" target=\"_blank\" tabindex=\"-1\"><img loading=\"lazy\" decoding=\"async\" width=\"898\" height=\"628\" src=\"https:\/\/canelatools.com\/wp-content\/uploads\/2025\/11\/solid.jpg\" class=\"attachment-full size-full wp-image-5305\" alt=\"\" srcset=\"https:\/\/canelatools.com\/wp-content\/uploads\/2025\/11\/solid.jpg 898w, https:\/\/canelatools.com\/wp-content\/uploads\/2025\/11\/solid-300x210.jpg 300w, https:\/\/canelatools.com\/wp-content\/uploads\/2025\/11\/solid-768x537.jpg 768w\" sizes=\"(max-width: 898px) 100vw, 898px\" \/><\/a><\/figure><div class=\"elementor-image-box-content\"><h4 class=\"elementor-image-box-title\"><a href=\"https:\/\/canelatools-store.com\/en\/245-spot-facing-countersink\" target=\"_blank\">Fraises \u00e0 surfacer et \u00e0 fraiser en retrait<\/a><\/h4><\/div><\/div>\t\t\t\t<\/div>\n\t\t\t\t<\/div>\n\t\t\t\t\t<\/div>\n\t\t\t\t<\/div>\n\t\t\t\t<\/div>\n\t\t","protected":false},"excerpt":{"rendered":"<p>Per\u00e7age Per\u00e7age La gamme de forets Canela est con\u00e7ue comme une solution \u00e9conomique pour le per\u00e7age et convient \u00e0 tous les types de mat\u00e9riaux. Ces forets sont con\u00e7us principalement pour les op\u00e9rations de semi-finition o\u00f9 un haut degr\u00e9 de pr\u00e9cision est demand\u00e9, m\u00eame dans des conditions de coupe interrompues, dans l\u2019usinage d\u2019empilage de t\u00f4les, et [&hellip;]<\/p>\n","protected":false},"author":1,"featured_media":0,"parent":0,"menu_order":0,"comment_status":"closed","ping_status":"closed","template":"elementor_header_footer","meta":{"footnotes":""},"class_list":["post-5306","page","type-page","status-publish","hentry"],"yoast_head":"<!-- This site is optimized with the Yoast SEO plugin v27.0 - https:\/\/yoast.com\/product\/yoast-seo-wordpress\/ -->\n<title>Per\u00e7age - Canela tools<\/title>\n<meta name=\"robots\" content=\"index, follow, max-snippet:-1, max-image-preview:large, max-video-preview:-1\" \/>\n<link rel=\"canonical\" href=\"https:\/\/canelatools.com\/fr\/percage\/\" \/>\n<meta property=\"og:locale\" content=\"fr_FR\" \/>\n<meta property=\"og:type\" content=\"article\" \/>\n<meta property=\"og:title\" content=\"Per\u00e7age - Canela tools\" \/>\n<meta property=\"og:description\" content=\"Per\u00e7age Per\u00e7age La gamme de forets Canela est con\u00e7ue comme une solution \u00e9conomique pour le per\u00e7age et convient \u00e0 tous les types de mat\u00e9riaux. Ces forets sont con\u00e7us principalement pour les op\u00e9rations de semi-finition o\u00f9 un haut degr\u00e9 de pr\u00e9cision est demand\u00e9, m\u00eame dans des conditions de coupe interrompues, dans l\u2019usinage d\u2019empilage de t\u00f4les, et [&hellip;]\" \/>\n<meta property=\"og:url\" content=\"https:\/\/canelatools.com\/fr\/percage\/\" \/>\n<meta property=\"og:site_name\" content=\"Canela tools\" \/>\n<meta property=\"article:modified_time\" content=\"2026-01-27T14:04:52+00:00\" \/>\n<meta property=\"og:image\" content=\"https:\/\/canelatools.com\/wp-content\/uploads\/2025\/11\/broca.jpg\" \/>\n\t<meta property=\"og:image:width\" content=\"610\" \/>\n\t<meta property=\"og:image:height\" content=\"325\" \/>\n\t<meta property=\"og:image:type\" content=\"image\/jpeg\" \/>\n<meta name=\"twitter:card\" content=\"summary_large_image\" \/>\n<meta name=\"twitter:label1\" content=\"Dur\u00e9e de lecture estim\u00e9e\" \/>\n\t<meta name=\"twitter:data1\" content=\"1 minute\" \/>\n<script type=\"application\/ld+json\" class=\"yoast-schema-graph\">{\"@context\":\"https:\/\/schema.org\",\"@graph\":[{\"@type\":\"WebPage\",\"@id\":\"https:\/\/canelatools.com\/fr\/percage\/\",\"url\":\"https:\/\/canelatools.com\/fr\/percage\/\",\"name\":\"Per\u00e7age - Canela tools\",\"isPartOf\":{\"@id\":\"https:\/\/canelatools.com\/#website\"},\"primaryImageOfPage\":{\"@id\":\"https:\/\/canelatools.com\/fr\/percage\/#primaryimage\"},\"image\":{\"@id\":\"https:\/\/canelatools.com\/fr\/percage\/#primaryimage\"},\"thumbnailUrl\":\"https:\/\/canelatools.com\/wp-content\/uploads\/2025\/11\/broca.jpg\",\"datePublished\":\"2025-11-26T17:04:55+00:00\",\"dateModified\":\"2026-01-27T14:04:52+00:00\",\"breadcrumb\":{\"@id\":\"https:\/\/canelatools.com\/fr\/percage\/#breadcrumb\"},\"inLanguage\":\"fr-FR\",\"potentialAction\":[{\"@type\":\"ReadAction\",\"target\":[\"https:\/\/canelatools.com\/fr\/percage\/\"]}]},{\"@type\":\"ImageObject\",\"inLanguage\":\"fr-FR\",\"@id\":\"https:\/\/canelatools.com\/fr\/percage\/#primaryimage\",\"url\":\"https:\/\/canelatools.com\/wp-content\/uploads\/2025\/11\/broca.jpg\",\"contentUrl\":\"https:\/\/canelatools.com\/wp-content\/uploads\/2025\/11\/broca.jpg\"},{\"@type\":\"BreadcrumbList\",\"@id\":\"https:\/\/canelatools.com\/fr\/percage\/#breadcrumb\",\"itemListElement\":[{\"@type\":\"ListItem\",\"position\":1,\"name\":\"Portada\",\"item\":\"https:\/\/canelatools.com\/fr\/\"},{\"@type\":\"ListItem\",\"position\":2,\"name\":\"Per\u00e7age\"}]},{\"@type\":\"WebSite\",\"@id\":\"https:\/\/canelatools.com\/#website\",\"url\":\"https:\/\/canelatools.com\/\",\"name\":\"Canela tools\",\"description\":\"\",\"potentialAction\":[{\"@type\":\"SearchAction\",\"target\":{\"@type\":\"EntryPoint\",\"urlTemplate\":\"https:\/\/canelatools.com\/?s={search_term_string}\"},\"query-input\":{\"@type\":\"PropertyValueSpecification\",\"valueRequired\":true,\"valueName\":\"search_term_string\"}}],\"inLanguage\":\"fr-FR\"}]}<\/script>\n<!-- \/ Yoast SEO plugin. -->","yoast_head_json":{"title":"Per\u00e7age - Canela tools","robots":{"index":"index","follow":"follow","max-snippet":"max-snippet:-1","max-image-preview":"max-image-preview:large","max-video-preview":"max-video-preview:-1"},"canonical":"https:\/\/canelatools.com\/fr\/percage\/","og_locale":"fr_FR","og_type":"article","og_title":"Per\u00e7age - Canela tools","og_description":"Per\u00e7age Per\u00e7age La gamme de forets Canela est con\u00e7ue comme une solution \u00e9conomique pour le per\u00e7age et convient \u00e0 tous les types de mat\u00e9riaux. Ces forets sont con\u00e7us principalement pour les op\u00e9rations de semi-finition o\u00f9 un haut degr\u00e9 de pr\u00e9cision est demand\u00e9, m\u00eame dans des conditions de coupe interrompues, dans l\u2019usinage d\u2019empilage de t\u00f4les, et [&hellip;]","og_url":"https:\/\/canelatools.com\/fr\/percage\/","og_site_name":"Canela tools","article_modified_time":"2026-01-27T14:04:52+00:00","og_image":[{"width":610,"height":325,"url":"https:\/\/canelatools.com\/wp-content\/uploads\/2025\/11\/broca.jpg","type":"image\/jpeg"}],"twitter_card":"summary_large_image","twitter_misc":{"Dur\u00e9e de lecture estim\u00e9e":"1 minute"},"schema":{"@context":"https:\/\/schema.org","@graph":[{"@type":"WebPage","@id":"https:\/\/canelatools.com\/fr\/percage\/","url":"https:\/\/canelatools.com\/fr\/percage\/","name":"Per\u00e7age - Canela tools","isPartOf":{"@id":"https:\/\/canelatools.com\/#website"},"primaryImageOfPage":{"@id":"https:\/\/canelatools.com\/fr\/percage\/#primaryimage"},"image":{"@id":"https:\/\/canelatools.com\/fr\/percage\/#primaryimage"},"thumbnailUrl":"https:\/\/canelatools.com\/wp-content\/uploads\/2025\/11\/broca.jpg","datePublished":"2025-11-26T17:04:55+00:00","dateModified":"2026-01-27T14:04:52+00:00","breadcrumb":{"@id":"https:\/\/canelatools.com\/fr\/percage\/#breadcrumb"},"inLanguage":"fr-FR","potentialAction":[{"@type":"ReadAction","target":["https:\/\/canelatools.com\/fr\/percage\/"]}]},{"@type":"ImageObject","inLanguage":"fr-FR","@id":"https:\/\/canelatools.com\/fr\/percage\/#primaryimage","url":"https:\/\/canelatools.com\/wp-content\/uploads\/2025\/11\/broca.jpg","contentUrl":"https:\/\/canelatools.com\/wp-content\/uploads\/2025\/11\/broca.jpg"},{"@type":"BreadcrumbList","@id":"https:\/\/canelatools.com\/fr\/percage\/#breadcrumb","itemListElement":[{"@type":"ListItem","position":1,"name":"Portada","item":"https:\/\/canelatools.com\/fr\/"},{"@type":"ListItem","position":2,"name":"Per\u00e7age"}]},{"@type":"WebSite","@id":"https:\/\/canelatools.com\/#website","url":"https:\/\/canelatools.com\/","name":"Canela tools","description":"","potentialAction":[{"@type":"SearchAction","target":{"@type":"EntryPoint","urlTemplate":"https:\/\/canelatools.com\/?s={search_term_string}"},"query-input":{"@type":"PropertyValueSpecification","valueRequired":true,"valueName":"search_term_string"}}],"inLanguage":"fr-FR"}]}},"_links":{"self":[{"href":"https:\/\/canelatools.com\/fr\/wp-json\/wp\/v2\/pages\/5306","targetHints":{"allow":["GET"]}}],"collection":[{"href":"https:\/\/canelatools.com\/fr\/wp-json\/wp\/v2\/pages"}],"about":[{"href":"https:\/\/canelatools.com\/fr\/wp-json\/wp\/v2\/types\/page"}],"author":[{"embeddable":true,"href":"https:\/\/canelatools.com\/fr\/wp-json\/wp\/v2\/users\/1"}],"replies":[{"embeddable":true,"href":"https:\/\/canelatools.com\/fr\/wp-json\/wp\/v2\/comments?post=5306"}],"version-history":[{"count":6,"href":"https:\/\/canelatools.com\/fr\/wp-json\/wp\/v2\/pages\/5306\/revisions"}],"predecessor-version":[{"id":10079,"href":"https:\/\/canelatools.com\/fr\/wp-json\/wp\/v2\/pages\/5306\/revisions\/10079"}],"wp:attachment":[{"href":"https:\/\/canelatools.com\/fr\/wp-json\/wp\/v2\/media?parent=5306"}],"curies":[{"name":"wp","href":"https:\/\/api.w.org\/{rel}","templated":true}]}}