{"id":5309,"date":"2025-12-04T12:40:48","date_gmt":"2025-12-04T12:40:48","guid":{"rendered":"https:\/\/canelatools.com\/modalites-et-conditions\/"},"modified":"2025-12-12T08:31:52","modified_gmt":"2025-12-12T08:31:52","slug":"modalites-et-conditions","status":"publish","type":"page","link":"https:\/\/canelatools.com\/fr\/modalites-et-conditions\/","title":{"rendered":"Modalit\u00e9s et conditions"},"content":{"rendered":"\t\t<div data-elementor-type=\"wp-page\" data-elementor-id=\"5309\" class=\"elementor elementor-5309 elementor-3987\" data-elementor-post-type=\"page\">\n\t\t\t\t<div class=\"elementor-element elementor-element-19f57aa e-flex e-con-boxed e-con e-parent\" data-id=\"19f57aa\" data-element_type=\"container\" data-e-type=\"container\" data-settings=\"{&quot;background_background&quot;:&quot;slideshow&quot;,&quot;background_slideshow_gallery&quot;:[{&quot;id&quot;:5308,&quot;url&quot;:&quot;https:\\\/\\\/canelatools.com\\\/wp-content\\\/uploads\\\/2025\\\/12\\\/slider-terminos-y-condiciones.jpg&quot;}],&quot;background_slideshow_loop&quot;:&quot;yes&quot;,&quot;background_slideshow_slide_duration&quot;:5000,&quot;background_slideshow_slide_transition&quot;:&quot;fade&quot;,&quot;background_slideshow_transition_duration&quot;:500}\">\n\t\t\t\t\t<div class=\"e-con-inner\">\n\t\t\t\t<div class=\"elementor-element elementor-element-7969fac elementor-widget elementor-widget-heading\" data-id=\"7969fac\" data-element_type=\"widget\" data-e-type=\"widget\" data-widget_type=\"heading.default\">\n\t\t\t\t\t<h1 class=\"elementor-heading-title elementor-size-default\">Modalit\u00e9s et conditions<\/h1>\t\t\t\t<\/div>\n\t\t\t\t<div class=\"elementor-element elementor-element-db18cd7 elementor-widget-divider--view-line elementor-widget elementor-widget-divider\" data-id=\"db18cd7\" data-element_type=\"widget\" data-e-type=\"widget\" data-widget_type=\"divider.default\">\n\t\t\t\t\t\t\t<div class=\"elementor-divider\">\n\t\t\t<span class=\"elementor-divider-separator\">\n\t\t\t\t\t\t<\/span>\n\t\t<\/div>\n\t\t\t\t\t\t<\/div>\n\t\t\t\t\t<\/div>\n\t\t\t\t<\/div>\n\t\t<div class=\"elementor-element elementor-element-8828c3d e-flex e-con-boxed e-con e-parent\" data-id=\"8828c3d\" data-element_type=\"container\" data-e-type=\"container\">\n\t\t\t\t\t<div class=\"e-con-inner\">\n\t\t\t\t<div class=\"elementor-element elementor-element-e0a8ce9 elementor-widget elementor-widget-text-editor\" data-id=\"e0a8ce9\" data-element_type=\"widget\" data-e-type=\"widget\" data-widget_type=\"text-editor.default\">\n\t\t\t\t\t\t\t\t\t<p>Eines CANELA, S.L., enregistr\u00e9e au R.M. de Barcelona, Volume 21910, Folio 158, Page B-28953, Inscription 29, avec num\u00e9ro de TVA ESB-08785453, mets \u00e0 disposition sur son site <a href=\"https:\/\/www.canelatools.com\">www.canelatools.com<\/a> des contenus divers \u00e0 propos de ses activit\u00e9s, lesquels peuvent \u00eatre utilis\u00e9s \u00e0 des fins informatives. <\/p><p><strong>Conditions de vente:<\/strong><br>Toutes les ventes sont en accord avec nos conditions g\u00e9n\u00e9rales de vente, en vigueur au moment d\u2019accepter les commandes. Les sp\u00e9cifications et les prix sont sujets \u00e0 changement sans pr\u00e9avis. <\/p><p>Garantie de produit:<br>Eines CANELA r\u00e9parera ou remplacera tout produit qui soit consid\u00e9r\u00e9 d\u00e9fectueux en ce qui concerne le mat\u00e9riel et la fabrication. Toutes les reclamations doivent \u00eatre faites par \u00e9crit maximum trente jours apr\u00e8s la reception du produit. Aucune reclamation pour le travail ou les dommages ne sera permise. Eines CANELA ne sera en aucun cas responsable pour les dommages importants ou sp\u00e9ciaux de n\u2019importe quelle sorte.   <\/p><p><strong>Propri\u00e9t\u00e9 intellectuelle:<\/strong><br>La propri\u00e9t\u00e9 intellectuelle des outils du catalogue et des outils sp\u00e9ciaux appartient uniquement et exclusivement \u00e0 Eines CANELA.<\/p><p><strong>Offres d\u2019outils sp\u00e9ciaux:<\/strong><br>Les commandes pour les outils sp\u00e9ciaux doivent \u00eatre confirm\u00e9es par \u00e9crit avant que la fabrication puisse commencer. Les articles sp\u00e9ciaux et les articles standards non-stock\u00e9s ne peuvent pas \u00eatre annul\u00e9s ou retourn\u00e9s pour \u00e9change ou cr\u00e9dit. <\/p><p><strong>Conditions de livraison:<\/strong><br>Badalona. Les frais de transport complets seront charg\u00e9s \u00e0 l\u2019acheteur. Si le transport doit \u00eatre fait par un autre moyen qui ne soit pas l\u2019habituel, cela devra \u00eatre sp\u00e9cifi\u00e9. <\/p><p><strong>Conditions d&rsquo;exp\u00e9dition :<\/strong><br>Toute r\u00e9clamation pour perte durant le transport doit \u00eatre adress\u00e9e au transporteur. Canela s&rsquo;efforcera d&rsquo;aider le client \u00e0 localiser la marchandise ou \u00e0 obtenir une indemnisation appropri\u00e9e. <\/p><p><strong>Reclamations:<\/strong><br>Les reclamations pour pertes pendant le transit doivent \u00eatre faites contre la compagnie de transport. Cela constituera le rem\u00e8de seul et exclusif du client et est \u00e0 la place de toutes les autres garanties, exprim\u00e9es, impliqu\u00e9es ou statutaires, en incluant, mais non limit\u00e9es \u00e0 n\u2019importe quelle garantie implicite de valeur marchande ou d\u2019aptitude.<\/p><p><strong>Retours:<\/strong><br>Aucune marchandise ne sera accept\u00e9e pour le retour apr\u00e8s 30 jours de l\u2019exp\u00e9dition. Tous les retours doivent \u00eatre envoy\u00e9s en port pay\u00e9 et doivent \u00eatre accompagn\u00e9s par notre num\u00e9ro d\u2019Autorisation de Retour de Marchandises (RGA). Ce num\u00e9ro doit appara\u00eetre sur l\u2019ext\u00e9rieur de la bo\u00eete. Les marchandises doivent \u00eatre re\u00e7ues en bon \u00e9tat ou seront refus\u00e9es.   <\/p><p>Ce site contient des renseignements et des sp\u00e9cifications concernant les outils coupants vendus par Eines CANELA. Bien que certains des outils coupants faits en carbure sont tr\u00e8s durs et r\u00e9sistent la casse, la plupart est fragile et les pr\u00e9cautions de s\u00e9curit\u00e9 sp\u00e9ciales sont requises lors de leur utilisation.<br>Quand une fracture se produit, des petits fragments et des copeaux peuvent \u00eatre lanc\u00e9s d\u2019un outil coupant. \u00c9tant donn\u00e9 que ces fragments ou copeaux sont projet\u00e9s \u00e0 des vitesses tr\u00e8s \u00e9lev\u00e9es et sont tr\u00e8s chauds, le contact avec la peau ou les yeux peut provoquer des blessures graves. En outre, l\u2019aff\u00fbtage de ces outils de coupe peut produire des fines poussi\u00e8res de carbure, cobalt ou nickel, qui peut \u00eatre nocif pour les poumons. Veuillez trouver ci-dessous quelques suggestions sur la fa\u00e7on de minimiser les risques de blessures lors de l\u2019utilisation des outils de coupe.<br>Pour plus de renseignements sur les hasards du produit et les pr\u00e9cautions de s\u00e9curit\u00e9 qui doivent \u00eatre prises pour minimiser la possibilit\u00e9 de blessure ors de l\u2019utilisation des outils de coupe, s\u2019il vous pla\u00eet appelez votre ing\u00e9nieur de ventes chez Eines CANELA.<br>Eines CANELA n\u2019a aucun contr\u00f4le sur l\u2019utilisation de ces outils coupants. L\u2019utilisateur doit d\u00e9terminer la convenance de ces outils pour son utilisation particuli\u00e8re.     <\/p><p><strong>AVERTISSEMENT: Des fragments de copeaux tr\u00e8s chauds peuvent \u00eatre lanc\u00e9s des outils de coupe \u00e0 des vitesses tr\u00e8s \u00e9lev\u00e9es. Ces copeaux peuvent provoquer des br\u00fblures s\u00e9v\u00e8res, des coupures ou des ponctions \u00e0 la peau, ou des dommages aux yeux. Voici quelques pr\u00e9cautions de s\u00e9curit\u00e9 qui doivent \u00eatre suivies par l\u2019op\u00e9rateur et les observateurs lors de l\u2019utilisation des outils de coupe:  <\/strong><\/p><ol><li>Assurez-vous que les dimensions et la forme de la plaquette sont appropri\u00e9es pour l\u2019utilisation \u00e0 laquelle vous la destinez.<br>Le contr\u00f4le des copeaux est n\u00e9cessaire pour emp\u00eacher que les copeaux soient continuellement pris dans la pi\u00e8ce \u00e0 usiner.<br>3. Les copeaux sont tr\u00e8s chauds et ont des bords pointus, pourtant ils ne devraient pas \u00eatre d\u00e9plac\u00e9s avec les mains.<br>4. \u00c9teignez la machine chaque fois que les copeaux soient enlev\u00e9s ou quand les outils coupants soient chang\u00e9s.<br>5. N\u2019utilisez pas de tuyaux d\u2019air pour enlever les copeaux de la machine.<br>6. Pour prevenir la casse de l\u2019outil, veuillez utiliser un outil de dimensions correctes.<br>7. Assurez-vous que le surplomb de l\u2019outil soit le plus court possible. Un surplomb trop grand peut provoquer des vibrations et la fracture de l\u2019outil.<br>8. Pour emp\u00eacher que la pi\u00e8ce \u00e0 usiner se desserre pendant l\u2019utilisation, v\u00e9rifiez que la pi\u00e8ce \u00e0 usiner est bien serr\u00e9e et s\u00fbre \u00e0 sa place.<br>9. La surcharge des outils coupants en carbure de tungst\u00e8ne peut provoquer des fractures de ces outils.<br>10. Un disque peut \u00eatre \u00e9ject\u00e9 \u00e0 grande vitesse pendant le forage. <\/li><\/ol><p>Pour prot\u00e9ger l\u2019op\u00e9rateur et l\u2019observateur des possibles objets volants qui pourraient entra\u00eener des blessures graves, les dispositifs de protection suivants doivent \u00eatre port\u00e9s ou utilis\u00e9s lors de l\u2019utilisation des outils coupants:<\/p><ol><li>Portez des casques de s\u00e9curit\u00e9.<br>Portez des lunettes de s\u00e9curit\u00e9 avec des protections lat\u00e9rales.<br>3. Portez des chaussures ferm\u00e9es avec des pointes en acier.<br>4. Tenez la cl\u00f4ture protectrice en place sur la machine pendant l\u2019op\u00e9ration.<\/li><\/ol><p><strong>AVERTISSEMENT: L\u2019aff\u00fbtage ou la finition de carbure peut produire des fines poussi\u00e8res de carbure, cobalt ou nickel. Ces poussi\u00e8res peuvent produire des blessures aux poumons. Les op\u00e9rateurs et les observateurs doivent prendre les precautions de s\u00e9curit\u00e9 suivantes \u00e0 fin de minimiser la possibilit\u00e9 de ces blessures:  <\/strong><\/p><ol><li>Utilisez avec une ventilation ad\u00e9quate.<br>Maintenez le niveau de la poussi\u00e8re ou du brouillard au-dessous des niveaux recommand\u00e9s.<br>3. \u00c9vitez de respirer la poussi\u00e8re ou le brouillard. Si ce n\u2019est pas possible, portez des masques appropri\u00e9es, en particulier quand vous aff\u00fbtez du carbure de tungst\u00e8ne.<br>4. Minimisez le contact prolong\u00e9 avec la peau.<br>5. Lavez-vous laes mains soigneusement apr\u00e8s la manipulation. <\/li><\/ol><p><strong>AVERTISSEMENT: L\u2019utilisation des fluides de coupe et de mat\u00e9riel de travail, cr\u00e9ent des risques. Soyez prudent en tout temps. <\/strong><\/p><ol><li>Gardez les fluides propre de sorte que aucune particule ne puisse \u00eatre report\u00e9e en arri\u00e8re \u00e0 travers la pi\u00e8ce \u00e0 usiner et \u00e9ventuellement la rayer.<br>Les fluides de coupe peuvent prendre feu quand ils sont expos\u00e9s aux hautes temp\u00e9ratures produites pendant l\u2019usinage.<br>3. Les mati\u00e8res telles que l\u2019aluminium, le magn\u00e9sium, l\u2019uranium et le titane sont inflammables et pourraient prendre feu.<br>4. Les fluides de coupe devraient \u00eatre trait\u00e9s ou remplac\u00e9s pour r\u00e9duire les niveaux bact\u00e9riens qui pourraient provoquer des maladies.<\/li><\/ol><p><strong>\u2013AVERTISSEMENT\u2013<\/strong><\/p><p>Les renseignements sur les vitesses, les avances et les nuances indiqu\u00e9s dans ce catalogue sont seulement indicatifs. Si l\u2019op\u00e9rateur ne se sent pas s\u00fbr en utilisant nos vitesses, avances et nuances, alors il devrait utiliser ce qui est confortable pour lui. Eines CANELA n\u2019est pas responsable des dommages ou blessures qui se produisent en utilisant les vitesses, avances et renseignements des nuances dans le site.  <\/p><p>Les conditions, les termes et les prix sont sujets \u00e0 changements sans pr\u00e9avis.<br>Toute erreur typographique ou autre erreur dans ce site est sujet \u00e0 correction.<\/p><p> <\/p>\t\t\t\t\t\t\t\t<\/div>\n\t\t\t\t\t<\/div>\n\t\t\t\t<\/div>\n\t\t\t\t<\/div>\n\t\t","protected":false},"excerpt":{"rendered":"<p>Modalit\u00e9s et conditions Eines CANELA, S.L., enregistr\u00e9e au R.M. de Barcelona, Volume 21910, Folio 158, Page B-28953, Inscription 29, avec num\u00e9ro de TVA ESB-08785453, mets \u00e0 disposition sur son site www.canelatools.com des contenus divers \u00e0 propos de ses activit\u00e9s, lesquels peuvent \u00eatre utilis\u00e9s \u00e0 des fins informatives. Conditions de vente:Toutes les ventes sont en accord [&hellip;]<\/p>\n","protected":false},"author":1,"featured_media":0,"parent":0,"menu_order":0,"comment_status":"closed","ping_status":"closed","template":"elementor_header_footer","meta":{"footnotes":""},"class_list":["post-5309","page","type-page","status-publish","hentry"],"yoast_head":"<!-- This site is optimized with the Yoast SEO plugin v27.0 - https:\/\/yoast.com\/product\/yoast-seo-wordpress\/ -->\n<title>Modalit\u00e9s et conditions - Canela tools<\/title>\n<meta name=\"robots\" content=\"index, follow, max-snippet:-1, max-image-preview:large, max-video-preview:-1\" \/>\n<link rel=\"canonical\" href=\"https:\/\/canelatools.com\/fr\/modalites-et-conditions\/\" \/>\n<meta property=\"og:locale\" content=\"fr_FR\" \/>\n<meta property=\"og:type\" content=\"article\" \/>\n<meta property=\"og:title\" content=\"Modalit\u00e9s et conditions - Canela tools\" \/>\n<meta property=\"og:description\" content=\"Modalit\u00e9s et conditions Eines CANELA, S.L., enregistr\u00e9e au R.M. de Barcelona, Volume 21910, Folio 158, Page B-28953, Inscription 29, avec num\u00e9ro de TVA ESB-08785453, mets \u00e0 disposition sur son site www.canelatools.com des contenus divers \u00e0 propos de ses activit\u00e9s, lesquels peuvent \u00eatre utilis\u00e9s \u00e0 des fins informatives. Conditions de vente:Toutes les ventes sont en accord [&hellip;]\" \/>\n<meta property=\"og:url\" content=\"https:\/\/canelatools.com\/fr\/modalites-et-conditions\/\" \/>\n<meta property=\"og:site_name\" content=\"Canela tools\" \/>\n<meta property=\"article:modified_time\" content=\"2025-12-12T08:31:52+00:00\" \/>\n<meta name=\"twitter:card\" content=\"summary_large_image\" \/>\n<meta name=\"twitter:label1\" content=\"Dur\u00e9e de lecture estim\u00e9e\" \/>\n\t<meta name=\"twitter:data1\" content=\"7 minutes\" \/>\n<script type=\"application\/ld+json\" class=\"yoast-schema-graph\">{\"@context\":\"https:\/\/schema.org\",\"@graph\":[{\"@type\":\"WebPage\",\"@id\":\"https:\/\/canelatools.com\/fr\/modalites-et-conditions\/\",\"url\":\"https:\/\/canelatools.com\/fr\/modalites-et-conditions\/\",\"name\":\"Modalit\u00e9s et conditions - Canela tools\",\"isPartOf\":{\"@id\":\"https:\/\/canelatools.com\/#website\"},\"datePublished\":\"2025-12-04T12:40:48+00:00\",\"dateModified\":\"2025-12-12T08:31:52+00:00\",\"breadcrumb\":{\"@id\":\"https:\/\/canelatools.com\/fr\/modalites-et-conditions\/#breadcrumb\"},\"inLanguage\":\"fr-FR\",\"potentialAction\":[{\"@type\":\"ReadAction\",\"target\":[\"https:\/\/canelatools.com\/fr\/modalites-et-conditions\/\"]}]},{\"@type\":\"BreadcrumbList\",\"@id\":\"https:\/\/canelatools.com\/fr\/modalites-et-conditions\/#breadcrumb\",\"itemListElement\":[{\"@type\":\"ListItem\",\"position\":1,\"name\":\"Portada\",\"item\":\"https:\/\/canelatools.com\/fr\/\"},{\"@type\":\"ListItem\",\"position\":2,\"name\":\"Modalit\u00e9s et conditions\"}]},{\"@type\":\"WebSite\",\"@id\":\"https:\/\/canelatools.com\/#website\",\"url\":\"https:\/\/canelatools.com\/\",\"name\":\"Canela tools\",\"description\":\"\",\"potentialAction\":[{\"@type\":\"SearchAction\",\"target\":{\"@type\":\"EntryPoint\",\"urlTemplate\":\"https:\/\/canelatools.com\/?s={search_term_string}\"},\"query-input\":{\"@type\":\"PropertyValueSpecification\",\"valueRequired\":true,\"valueName\":\"search_term_string\"}}],\"inLanguage\":\"fr-FR\"}]}<\/script>\n<!-- \/ Yoast SEO plugin. -->","yoast_head_json":{"title":"Modalit\u00e9s et conditions - Canela tools","robots":{"index":"index","follow":"follow","max-snippet":"max-snippet:-1","max-image-preview":"max-image-preview:large","max-video-preview":"max-video-preview:-1"},"canonical":"https:\/\/canelatools.com\/fr\/modalites-et-conditions\/","og_locale":"fr_FR","og_type":"article","og_title":"Modalit\u00e9s et conditions - Canela tools","og_description":"Modalit\u00e9s et conditions Eines CANELA, S.L., enregistr\u00e9e au R.M. de Barcelona, Volume 21910, Folio 158, Page B-28953, Inscription 29, avec num\u00e9ro de TVA ESB-08785453, mets \u00e0 disposition sur son site www.canelatools.com des contenus divers \u00e0 propos de ses activit\u00e9s, lesquels peuvent \u00eatre utilis\u00e9s \u00e0 des fins informatives. Conditions de vente:Toutes les ventes sont en accord [&hellip;]","og_url":"https:\/\/canelatools.com\/fr\/modalites-et-conditions\/","og_site_name":"Canela tools","article_modified_time":"2025-12-12T08:31:52+00:00","twitter_card":"summary_large_image","twitter_misc":{"Dur\u00e9e de lecture estim\u00e9e":"7 minutes"},"schema":{"@context":"https:\/\/schema.org","@graph":[{"@type":"WebPage","@id":"https:\/\/canelatools.com\/fr\/modalites-et-conditions\/","url":"https:\/\/canelatools.com\/fr\/modalites-et-conditions\/","name":"Modalit\u00e9s et conditions - Canela tools","isPartOf":{"@id":"https:\/\/canelatools.com\/#website"},"datePublished":"2025-12-04T12:40:48+00:00","dateModified":"2025-12-12T08:31:52+00:00","breadcrumb":{"@id":"https:\/\/canelatools.com\/fr\/modalites-et-conditions\/#breadcrumb"},"inLanguage":"fr-FR","potentialAction":[{"@type":"ReadAction","target":["https:\/\/canelatools.com\/fr\/modalites-et-conditions\/"]}]},{"@type":"BreadcrumbList","@id":"https:\/\/canelatools.com\/fr\/modalites-et-conditions\/#breadcrumb","itemListElement":[{"@type":"ListItem","position":1,"name":"Portada","item":"https:\/\/canelatools.com\/fr\/"},{"@type":"ListItem","position":2,"name":"Modalit\u00e9s et conditions"}]},{"@type":"WebSite","@id":"https:\/\/canelatools.com\/#website","url":"https:\/\/canelatools.com\/","name":"Canela tools","description":"","potentialAction":[{"@type":"SearchAction","target":{"@type":"EntryPoint","urlTemplate":"https:\/\/canelatools.com\/?s={search_term_string}"},"query-input":{"@type":"PropertyValueSpecification","valueRequired":true,"valueName":"search_term_string"}}],"inLanguage":"fr-FR"}]}},"_links":{"self":[{"href":"https:\/\/canelatools.com\/fr\/wp-json\/wp\/v2\/pages\/5309","targetHints":{"allow":["GET"]}}],"collection":[{"href":"https:\/\/canelatools.com\/fr\/wp-json\/wp\/v2\/pages"}],"about":[{"href":"https:\/\/canelatools.com\/fr\/wp-json\/wp\/v2\/types\/page"}],"author":[{"embeddable":true,"href":"https:\/\/canelatools.com\/fr\/wp-json\/wp\/v2\/users\/1"}],"replies":[{"embeddable":true,"href":"https:\/\/canelatools.com\/fr\/wp-json\/wp\/v2\/comments?post=5309"}],"version-history":[{"count":1,"href":"https:\/\/canelatools.com\/fr\/wp-json\/wp\/v2\/pages\/5309\/revisions"}],"predecessor-version":[{"id":5310,"href":"https:\/\/canelatools.com\/fr\/wp-json\/wp\/v2\/pages\/5309\/revisions\/5310"}],"wp:attachment":[{"href":"https:\/\/canelatools.com\/fr\/wp-json\/wp\/v2\/media?parent=5309"}],"curies":[{"name":"wp","href":"https:\/\/api.w.org\/{rel}","templated":true}]}}