{"id":5319,"date":"2025-11-25T11:46:17","date_gmt":"2025-11-25T11:46:17","guid":{"rendered":"https:\/\/canelatools.com\/tournage\/"},"modified":"2026-02-05T11:35:37","modified_gmt":"2026-02-05T11:35:37","slug":"tournage","status":"publish","type":"page","link":"https:\/\/canelatools.com\/fr\/tournage\/","title":{"rendered":"Tournage"},"content":{"rendered":"\t\t<div data-elementor-type=\"wp-page\" data-elementor-id=\"5319\" class=\"elementor elementor-5319 elementor-567\" data-elementor-post-type=\"page\">\n\t\t\t\t<div class=\"elementor-element elementor-element-5d1719d e-flex e-con-boxed e-con e-parent\" data-id=\"5d1719d\" data-element_type=\"container\" data-e-type=\"container\" data-settings=\"{&quot;background_background&quot;:&quot;slideshow&quot;,&quot;background_slideshow_gallery&quot;:[{&quot;id&quot;:5311,&quot;url&quot;:&quot;https:\\\/\\\/canelatools.com\\\/wp-content\\\/uploads\\\/2025\\\/11\\\/slider-torneado.jpg&quot;}],&quot;background_slideshow_loop&quot;:&quot;yes&quot;,&quot;background_slideshow_slide_duration&quot;:5000,&quot;background_slideshow_slide_transition&quot;:&quot;fade&quot;,&quot;background_slideshow_transition_duration&quot;:500}\">\n\t\t\t\t\t<div class=\"e-con-inner\">\n\t\t\t\t<div class=\"elementor-element elementor-element-d1a6f1e elementor-widget elementor-widget-heading\" data-id=\"d1a6f1e\" data-element_type=\"widget\" data-e-type=\"widget\" data-widget_type=\"heading.default\">\n\t\t\t\t\t<h1 class=\"elementor-heading-title elementor-size-default\">Tournage<\/h1>\t\t\t\t<\/div>\n\t\t\t\t<div class=\"elementor-element elementor-element-aec66f7 elementor-widget-divider--view-line elementor-widget elementor-widget-divider\" data-id=\"aec66f7\" data-element_type=\"widget\" data-e-type=\"widget\" data-widget_type=\"divider.default\">\n\t\t\t\t\t\t\t<div class=\"elementor-divider\">\n\t\t\t<span class=\"elementor-divider-separator\">\n\t\t\t\t\t\t<\/span>\n\t\t<\/div>\n\t\t\t\t\t\t<\/div>\n\t\t\t\t\t<\/div>\n\t\t\t\t<\/div>\n\t\t<div class=\"elementor-element elementor-element-3b2975a e-flex e-con-boxed e-con e-parent\" data-id=\"3b2975a\" data-element_type=\"container\" data-e-type=\"container\" data-settings=\"{&quot;background_background&quot;:&quot;classic&quot;}\">\n\t\t\t\t\t<div class=\"e-con-inner\">\n\t\t<div class=\"elementor-element elementor-element-cd51f70 e-con-full e-flex e-con e-child\" data-id=\"cd51f70\" data-element_type=\"container\" data-e-type=\"container\" data-settings=\"{&quot;background_background&quot;:&quot;classic&quot;}\">\n\t\t\t\t<div class=\"elementor-element elementor-element-30d882e elementor-widget elementor-widget-heading\" data-id=\"30d882e\" data-element_type=\"widget\" data-e-type=\"widget\" data-widget_type=\"heading.default\">\n\t\t\t\t\t<h2 class=\"elementor-heading-title elementor-size-default\">Tournage<\/h2>\t\t\t\t<\/div>\n\t\t\t\t<div class=\"elementor-element elementor-element-91ffd0a elementor-widget-divider--view-line elementor-widget elementor-widget-divider\" data-id=\"91ffd0a\" data-element_type=\"widget\" data-e-type=\"widget\" data-widget_type=\"divider.default\">\n\t\t\t\t\t\t\t<div class=\"elementor-divider\">\n\t\t\t<span class=\"elementor-divider-separator\">\n\t\t\t\t\t\t<\/span>\n\t\t<\/div>\n\t\t\t\t\t\t<\/div>\n\t\t\t\t<div class=\"elementor-element elementor-element-f85208f elementor-widget elementor-widget-text-editor\" data-id=\"f85208f\" data-element_type=\"widget\" data-e-type=\"widget\" data-widget_type=\"text-editor.default\">\n\t\t\t\t\t\t\t\t\t<p>Les outils standards ISO effectuent la plupart des usinages dans l\u2019industrie m\u00e9tallurgique. Les applications vont de l\u2019\u00e9bauche \u00e0 la finition. En tant que fabricant d\u2019outils d\u2019usinage, Canela offre une gamme compl\u00e8te d\u2019outils ISO et toutes les g\u00e9om\u00e9tries standards sont disponibles.  <\/p><p>Notre gamme tournage ISO offre une solution compl\u00e8te pour tous les types d\u2019applications et de mat\u00e9riaux, avec des g\u00e9om\u00e9tries innovantes combin\u00e9es \u00e0 des nuances de plaquettes con\u00e7ues pour r\u00e9pondre aux exigences des clients en mati\u00e8re de dur\u00e9e de vie et de productivit\u00e9 de l\u2019outil.<\/p>\t\t\t\t\t\t\t\t<\/div>\n\t\t\t\t<\/div>\n\t\t<div class=\"elementor-element elementor-element-82a4aae e-con-full e-flex e-con e-child\" data-id=\"82a4aae\" data-element_type=\"container\" data-e-type=\"container\" data-settings=\"{&quot;background_background&quot;:&quot;slideshow&quot;,&quot;background_slideshow_gallery&quot;:[{&quot;id&quot;:5312,&quot;url&quot;:&quot;https:\\\/\\\/canelatools.com\\\/wp-content\\\/uploads\\\/2025\\\/11\\\/torneado-producto-1.jpg&quot;}],&quot;background_slideshow_slide_duration&quot;:5000,&quot;background_slideshow_slide_transition&quot;:&quot;fade&quot;,&quot;background_slideshow_transition_duration&quot;:500}\">\n\t\t\t\t<\/div>\n\t\t\t\t\t<\/div>\n\t\t\t\t<\/div>\n\t\t<div class=\"elementor-element elementor-element-b095b6b e-grid e-con-boxed e-con e-parent\" data-id=\"b095b6b\" data-element_type=\"container\" data-e-type=\"container\">\n\t\t\t\t\t<div class=\"e-con-inner\">\n\t\t\t\t<div class=\"elementor-element elementor-element-0101d10 elementor-position-top elementor-widget elementor-widget-image-box\" data-id=\"0101d10\" data-element_type=\"widget\" data-e-type=\"widget\" data-widget_type=\"image-box.default\">\n\t\t\t\t\t<div class=\"elementor-image-box-wrapper\"><figure class=\"elementor-image-box-img\"><a href=\"https:\/\/canelatools-store.com\/en\/11-turning-inserts\" tabindex=\"-1\"><img fetchpriority=\"high\" decoding=\"async\" width=\"512\" height=\"360\" src=\"https:\/\/canelatools.com\/wp-content\/uploads\/2025\/11\/plaquitas-torneado.jpg\" class=\"attachment-full size-full wp-image-5313\" alt=\"\" srcset=\"https:\/\/canelatools.com\/wp-content\/uploads\/2025\/11\/plaquitas-torneado.jpg 512w, https:\/\/canelatools.com\/wp-content\/uploads\/2025\/11\/plaquitas-torneado-300x211.jpg 300w\" sizes=\"(max-width: 512px) 100vw, 512px\" \/><\/a><\/figure><div class=\"elementor-image-box-content\"><h4 class=\"elementor-image-box-title\"><a href=\"https:\/\/canelatools-store.com\/en\/11-turning-inserts\">Plaquettes de tournage<\/a><\/h4><p class=\"elementor-image-box-description\">Large choix de nuances de tournage et de brise-copeaux. Avec des plaquettes de diff\u00e9rentes formes, tailles et \u00e9paisseurs, couvrant tous les groupes de mat\u00e9riaux, cette gamme compl\u00e8te vous permet d'atteindre vos objectifs en termes de volume de copeaux, de dur\u00e9e de vie de l'outil et qualit\u00e9 d\u2019\u00e9tat de surface. <\/p><\/div><\/div>\t\t\t\t<\/div>\n\t\t\t\t<div class=\"elementor-element elementor-element-cdd5317 elementor-position-top elementor-widget elementor-widget-image-box\" data-id=\"cdd5317\" data-element_type=\"widget\" data-e-type=\"widget\" data-widget_type=\"image-box.default\">\n\t\t\t\t\t<div class=\"elementor-image-box-wrapper\"><figure class=\"elementor-image-box-img\"><a href=\"https:\/\/canelatools-store.com\/en\/52-toolholders\" tabindex=\"-1\"><img decoding=\"async\" width=\"512\" height=\"360\" src=\"https:\/\/canelatools.com\/wp-content\/uploads\/2025\/11\/Porta-herramientas.jpg\" class=\"attachment-full size-full wp-image-5314\" alt=\"\" srcset=\"https:\/\/canelatools.com\/wp-content\/uploads\/2025\/11\/Porta-herramientas.jpg 512w, https:\/\/canelatools.com\/wp-content\/uploads\/2025\/11\/Porta-herramientas-300x211.jpg 300w\" sizes=\"(max-width: 512px) 100vw, 512px\" \/><\/a><\/figure><div class=\"elementor-image-box-content\"><h4 class=\"elementor-image-box-title\"><a href=\"https:\/\/canelatools-store.com\/en\/52-toolholders\">Porte-outils<\/a><\/h4><p class=\"elementor-image-box-description\">Large gamme de porte-outils ext\u00e9rieurs et int\u00e9rieurs facilement int\u00e9grables. La gamme de porte-outils ISO et ANSI propose un large \u00e9ventail de types, de formes et de tailles de plaquettes, avec le choix parmi plusieurs modes de serrage et d'arrosage. <\/p><\/div><\/div>\t\t\t\t<\/div>\n\t\t\t\t<div class=\"elementor-element elementor-element-1791d7f elementor-position-top elementor-widget elementor-widget-image-box\" data-id=\"1791d7f\" data-element_type=\"widget\" data-e-type=\"widget\" data-widget_type=\"image-box.default\">\n\t\t\t\t\t<div class=\"elementor-image-box-wrapper\"><figure class=\"elementor-image-box-img\"><a href=\"https:\/\/canelatools-store.com\/en\/54-boring-bars\" tabindex=\"-1\"><img decoding=\"async\" width=\"512\" height=\"360\" src=\"https:\/\/canelatools.com\/wp-content\/uploads\/2025\/11\/barras-mandrinar.jpg\" class=\"attachment-full size-full wp-image-5315\" alt=\"\" srcset=\"https:\/\/canelatools.com\/wp-content\/uploads\/2025\/11\/barras-mandrinar.jpg 512w, https:\/\/canelatools.com\/wp-content\/uploads\/2025\/11\/barras-mandrinar-300x211.jpg 300w\" sizes=\"(max-width: 512px) 100vw, 512px\" \/><\/a><\/figure><div class=\"elementor-image-box-content\"><h4 class=\"elementor-image-box-title\"><a href=\"https:\/\/canelatools-store.com\/en\/54-boring-bars\">Barres d\u2019al\u00e9sage<\/a><\/h4><p class=\"elementor-image-box-description\">Nos barres d\u2019al\u00e9sage antivibratoire avec arrosage int\u00e9gr\u00e9, \u00e0 syst\u00e8me modulaire, r\u00e9pondent aux exigences des op\u00e9rations de tournage profond. Leurs propri\u00e9t\u00e9s am\u00e9liorent la stabilit\u00e9 des usinages statiques ou rotatifs, la dur\u00e9e de vie des plaquettes et la qualit\u00e9 des \u00e9tats de surface dans des conditions de grandes longueurs de porte-\u00e0-faux.<br>Corps de diam\u00e8tre 25 mm \u00e0 100 mm, jusqu\u2019\u00e0 7xD.<\/p><\/div><\/div>\t\t\t\t<\/div>\n\t\t\t\t<div class=\"elementor-element elementor-element-fb9752d elementor-position-top elementor-widget elementor-widget-image-box\" data-id=\"fb9752d\" data-element_type=\"widget\" data-e-type=\"widget\" data-widget_type=\"image-box.default\">\n\t\t\t\t\t<div class=\"elementor-image-box-wrapper\"><figure class=\"elementor-image-box-img\"><a href=\"https:\/\/canelatools-store.com\/en\/55-turning-cartridges\" tabindex=\"-1\"><img loading=\"lazy\" decoding=\"async\" width=\"512\" height=\"360\" src=\"https:\/\/canelatools.com\/wp-content\/uploads\/2025\/11\/cartridges.jpg\" class=\"attachment-full size-full wp-image-5316\" alt=\"\" srcset=\"https:\/\/canelatools.com\/wp-content\/uploads\/2025\/11\/cartridges.jpg 512w, https:\/\/canelatools.com\/wp-content\/uploads\/2025\/11\/cartridges-300x211.jpg 300w\" sizes=\"(max-width: 512px) 100vw, 512px\" \/><\/a><\/figure><div class=\"elementor-image-box-content\"><h4 class=\"elementor-image-box-title\"><a href=\"https:\/\/canelatools-store.com\/en\/55-turning-cartridges\">Cartouches<\/a><\/h4><p class=\"elementor-image-box-description\">Ces cartouches de tournage int\u00e8grent un r\u00e9glage radial et axial. La gamme compl\u00e8te de porte-outils r\u00e9pond \u00e0 une grande vari\u00e9t\u00e9 d'applications gr\u00e2ce \u00e0 un large choix de types, de formes et de tailles de plaquettes. <\/p><\/div><\/div>\t\t\t\t<\/div>\n\t\t\t\t\t<\/div>\n\t\t\t\t<\/div>\n\t\t<div class=\"elementor-element elementor-element-5bed0c4 e-flex e-con-boxed e-con e-parent\" data-id=\"5bed0c4\" data-element_type=\"container\" data-e-type=\"container\" data-settings=\"{&quot;background_background&quot;:&quot;slideshow&quot;,&quot;background_slideshow_gallery&quot;:[{&quot;id&quot;:5318,&quot;url&quot;:&quot;https:\\\/\\\/canelatools.com\\\/wp-content\\\/uploads\\\/2025\\\/12\\\/banner_torneado.jpg&quot;}],&quot;background_slideshow_loop&quot;:&quot;yes&quot;,&quot;background_slideshow_slide_duration&quot;:5000,&quot;background_slideshow_slide_transition&quot;:&quot;fade&quot;,&quot;background_slideshow_transition_duration&quot;:500}\">\n\t\t\t\t\t<div class=\"e-con-inner\">\n\t\t<div class=\"elementor-element elementor-element-a7427a7 e-con-full e-flex e-con e-child\" data-id=\"a7427a7\" data-element_type=\"container\" data-e-type=\"container\">\n\t\t<div class=\"elementor-element elementor-element-1b6c494 e-con-full e-flex e-con e-child\" data-id=\"1b6c494\" data-element_type=\"container\" data-e-type=\"container\">\n\t\t\t\t<div class=\"elementor-element elementor-element-72b44fd elementor-widget elementor-widget-image\" data-id=\"72b44fd\" data-element_type=\"widget\" data-e-type=\"widget\" data-widget_type=\"image.default\">\n\t\t\t\t\t\t\t\t\t\t\t\t\t\t\t<img loading=\"lazy\" decoding=\"async\" width=\"800\" height=\"160\" src=\"https:\/\/canelatools.com\/wp-content\/uploads\/2026\/02\/SAGD_FR-1536x307-1-1024x205.png\" class=\"attachment-large size-large wp-image-10335\" alt=\"\" srcset=\"https:\/\/canelatools.com\/wp-content\/uploads\/2026\/02\/SAGD_FR-1536x307-1-1024x205.png 1024w, https:\/\/canelatools.com\/wp-content\/uploads\/2026\/02\/SAGD_FR-1536x307-1-300x60.png 300w, https:\/\/canelatools.com\/wp-content\/uploads\/2026\/02\/SAGD_FR-1536x307-1-768x154.png 768w, https:\/\/canelatools.com\/wp-content\/uploads\/2026\/02\/SAGD_FR-1536x307-1.png 1536w\" sizes=\"(max-width: 800px) 100vw, 800px\" \/>\t\t\t\t\t\t\t\t\t\t\t\t\t\t\t<\/div>\n\t\t\t\t<div class=\"elementor-element elementor-element-056e1bd elementor-widget elementor-widget-button\" data-id=\"056e1bd\" data-element_type=\"widget\" data-e-type=\"widget\" data-widget_type=\"button.default\">\n\t\t\t\t\t\t\t\t\t\t<a class=\"elementor-button elementor-button-link elementor-size-sm\" href=\"https:\/\/canelatools.com\/fr\/sagd\/\">\n\t\t\t\t\t\t<span class=\"elementor-button-content-wrapper\">\n\t\t\t\t\t\t\t\t\t<span class=\"elementor-button-text\">Voir plus<\/span>\n\t\t\t\t\t<\/span>\n\t\t\t\t\t<\/a>\n\t\t\t\t\t\t\t\t<\/div>\n\t\t\t\t<\/div>\n\t\t\t\t<\/div>\n\t\t\t\t\t<\/div>\n\t\t\t\t<\/div>\n\t\t\t\t<\/div>\n\t\t","protected":false},"excerpt":{"rendered":"<p>Tournage Tournage Les outils standards ISO effectuent la plupart des usinages dans l\u2019industrie m\u00e9tallurgique. Les applications vont de l\u2019\u00e9bauche \u00e0 la finition. En tant que fabricant d\u2019outils d\u2019usinage, Canela offre une gamme compl\u00e8te d\u2019outils ISO et toutes les g\u00e9om\u00e9tries standards sont disponibles. Notre gamme tournage ISO offre une solution compl\u00e8te pour tous les types d\u2019applications [&hellip;]<\/p>\n","protected":false},"author":1,"featured_media":0,"parent":0,"menu_order":0,"comment_status":"closed","ping_status":"closed","template":"elementor_header_footer","meta":{"footnotes":""},"class_list":["post-5319","page","type-page","status-publish","hentry"],"yoast_head":"<!-- This site is optimized with the Yoast SEO plugin v27.0 - https:\/\/yoast.com\/product\/yoast-seo-wordpress\/ -->\n<title>Tournage - Canela tools<\/title>\n<meta name=\"robots\" content=\"index, follow, max-snippet:-1, max-image-preview:large, max-video-preview:-1\" \/>\n<link rel=\"canonical\" href=\"https:\/\/canelatools.com\/fr\/tournage\/\" \/>\n<meta property=\"og:locale\" content=\"fr_FR\" \/>\n<meta property=\"og:type\" content=\"article\" \/>\n<meta property=\"og:title\" content=\"Tournage - Canela tools\" \/>\n<meta property=\"og:description\" content=\"Tournage Tournage Les outils standards ISO effectuent la plupart des usinages dans l\u2019industrie m\u00e9tallurgique. Les applications vont de l\u2019\u00e9bauche \u00e0 la finition. En tant que fabricant d\u2019outils d\u2019usinage, Canela offre une gamme compl\u00e8te d\u2019outils ISO et toutes les g\u00e9om\u00e9tries standards sont disponibles. Notre gamme tournage ISO offre une solution compl\u00e8te pour tous les types d\u2019applications [&hellip;]\" \/>\n<meta property=\"og:url\" content=\"https:\/\/canelatools.com\/fr\/tournage\/\" \/>\n<meta property=\"og:site_name\" content=\"Canela tools\" \/>\n<meta property=\"article:modified_time\" content=\"2026-02-05T11:35:37+00:00\" \/>\n<meta property=\"og:image\" content=\"https:\/\/canelatools.com\/wp-content\/uploads\/2025\/11\/plaquitas-torneado.jpg\" \/>\n\t<meta property=\"og:image:width\" content=\"512\" \/>\n\t<meta property=\"og:image:height\" content=\"360\" \/>\n\t<meta property=\"og:image:type\" content=\"image\/jpeg\" \/>\n<meta name=\"twitter:card\" content=\"summary_large_image\" \/>\n<meta name=\"twitter:label1\" content=\"Dur\u00e9e de lecture estim\u00e9e\" \/>\n\t<meta name=\"twitter:data1\" content=\"2 minutes\" \/>\n<script type=\"application\/ld+json\" class=\"yoast-schema-graph\">{\"@context\":\"https:\/\/schema.org\",\"@graph\":[{\"@type\":\"WebPage\",\"@id\":\"https:\/\/canelatools.com\/fr\/tournage\/\",\"url\":\"https:\/\/canelatools.com\/fr\/tournage\/\",\"name\":\"Tournage - Canela tools\",\"isPartOf\":{\"@id\":\"https:\/\/canelatools.com\/#website\"},\"primaryImageOfPage\":{\"@id\":\"https:\/\/canelatools.com\/fr\/tournage\/#primaryimage\"},\"image\":{\"@id\":\"https:\/\/canelatools.com\/fr\/tournage\/#primaryimage\"},\"thumbnailUrl\":\"https:\/\/canelatools.com\/wp-content\/uploads\/2025\/11\/plaquitas-torneado.jpg\",\"datePublished\":\"2025-11-25T11:46:17+00:00\",\"dateModified\":\"2026-02-05T11:35:37+00:00\",\"breadcrumb\":{\"@id\":\"https:\/\/canelatools.com\/fr\/tournage\/#breadcrumb\"},\"inLanguage\":\"fr-FR\",\"potentialAction\":[{\"@type\":\"ReadAction\",\"target\":[\"https:\/\/canelatools.com\/fr\/tournage\/\"]}]},{\"@type\":\"ImageObject\",\"inLanguage\":\"fr-FR\",\"@id\":\"https:\/\/canelatools.com\/fr\/tournage\/#primaryimage\",\"url\":\"https:\/\/canelatools.com\/wp-content\/uploads\/2025\/11\/plaquitas-torneado.jpg\",\"contentUrl\":\"https:\/\/canelatools.com\/wp-content\/uploads\/2025\/11\/plaquitas-torneado.jpg\"},{\"@type\":\"BreadcrumbList\",\"@id\":\"https:\/\/canelatools.com\/fr\/tournage\/#breadcrumb\",\"itemListElement\":[{\"@type\":\"ListItem\",\"position\":1,\"name\":\"Portada\",\"item\":\"https:\/\/canelatools.com\/fr\/\"},{\"@type\":\"ListItem\",\"position\":2,\"name\":\"Tournage\"}]},{\"@type\":\"WebSite\",\"@id\":\"https:\/\/canelatools.com\/#website\",\"url\":\"https:\/\/canelatools.com\/\",\"name\":\"Canela tools\",\"description\":\"\",\"potentialAction\":[{\"@type\":\"SearchAction\",\"target\":{\"@type\":\"EntryPoint\",\"urlTemplate\":\"https:\/\/canelatools.com\/?s={search_term_string}\"},\"query-input\":{\"@type\":\"PropertyValueSpecification\",\"valueRequired\":true,\"valueName\":\"search_term_string\"}}],\"inLanguage\":\"fr-FR\"}]}<\/script>\n<!-- \/ Yoast SEO plugin. -->","yoast_head_json":{"title":"Tournage - Canela tools","robots":{"index":"index","follow":"follow","max-snippet":"max-snippet:-1","max-image-preview":"max-image-preview:large","max-video-preview":"max-video-preview:-1"},"canonical":"https:\/\/canelatools.com\/fr\/tournage\/","og_locale":"fr_FR","og_type":"article","og_title":"Tournage - Canela tools","og_description":"Tournage Tournage Les outils standards ISO effectuent la plupart des usinages dans l\u2019industrie m\u00e9tallurgique. Les applications vont de l\u2019\u00e9bauche \u00e0 la finition. En tant que fabricant d\u2019outils d\u2019usinage, Canela offre une gamme compl\u00e8te d\u2019outils ISO et toutes les g\u00e9om\u00e9tries standards sont disponibles. Notre gamme tournage ISO offre une solution compl\u00e8te pour tous les types d\u2019applications [&hellip;]","og_url":"https:\/\/canelatools.com\/fr\/tournage\/","og_site_name":"Canela tools","article_modified_time":"2026-02-05T11:35:37+00:00","og_image":[{"width":512,"height":360,"url":"https:\/\/canelatools.com\/wp-content\/uploads\/2025\/11\/plaquitas-torneado.jpg","type":"image\/jpeg"}],"twitter_card":"summary_large_image","twitter_misc":{"Dur\u00e9e de lecture estim\u00e9e":"2 minutes"},"schema":{"@context":"https:\/\/schema.org","@graph":[{"@type":"WebPage","@id":"https:\/\/canelatools.com\/fr\/tournage\/","url":"https:\/\/canelatools.com\/fr\/tournage\/","name":"Tournage - Canela tools","isPartOf":{"@id":"https:\/\/canelatools.com\/#website"},"primaryImageOfPage":{"@id":"https:\/\/canelatools.com\/fr\/tournage\/#primaryimage"},"image":{"@id":"https:\/\/canelatools.com\/fr\/tournage\/#primaryimage"},"thumbnailUrl":"https:\/\/canelatools.com\/wp-content\/uploads\/2025\/11\/plaquitas-torneado.jpg","datePublished":"2025-11-25T11:46:17+00:00","dateModified":"2026-02-05T11:35:37+00:00","breadcrumb":{"@id":"https:\/\/canelatools.com\/fr\/tournage\/#breadcrumb"},"inLanguage":"fr-FR","potentialAction":[{"@type":"ReadAction","target":["https:\/\/canelatools.com\/fr\/tournage\/"]}]},{"@type":"ImageObject","inLanguage":"fr-FR","@id":"https:\/\/canelatools.com\/fr\/tournage\/#primaryimage","url":"https:\/\/canelatools.com\/wp-content\/uploads\/2025\/11\/plaquitas-torneado.jpg","contentUrl":"https:\/\/canelatools.com\/wp-content\/uploads\/2025\/11\/plaquitas-torneado.jpg"},{"@type":"BreadcrumbList","@id":"https:\/\/canelatools.com\/fr\/tournage\/#breadcrumb","itemListElement":[{"@type":"ListItem","position":1,"name":"Portada","item":"https:\/\/canelatools.com\/fr\/"},{"@type":"ListItem","position":2,"name":"Tournage"}]},{"@type":"WebSite","@id":"https:\/\/canelatools.com\/#website","url":"https:\/\/canelatools.com\/","name":"Canela tools","description":"","potentialAction":[{"@type":"SearchAction","target":{"@type":"EntryPoint","urlTemplate":"https:\/\/canelatools.com\/?s={search_term_string}"},"query-input":{"@type":"PropertyValueSpecification","valueRequired":true,"valueName":"search_term_string"}}],"inLanguage":"fr-FR"}]}},"_links":{"self":[{"href":"https:\/\/canelatools.com\/fr\/wp-json\/wp\/v2\/pages\/5319","targetHints":{"allow":["GET"]}}],"collection":[{"href":"https:\/\/canelatools.com\/fr\/wp-json\/wp\/v2\/pages"}],"about":[{"href":"https:\/\/canelatools.com\/fr\/wp-json\/wp\/v2\/types\/page"}],"author":[{"embeddable":true,"href":"https:\/\/canelatools.com\/fr\/wp-json\/wp\/v2\/users\/1"}],"replies":[{"embeddable":true,"href":"https:\/\/canelatools.com\/fr\/wp-json\/wp\/v2\/comments?post=5319"}],"version-history":[{"count":13,"href":"https:\/\/canelatools.com\/fr\/wp-json\/wp\/v2\/pages\/5319\/revisions"}],"predecessor-version":[{"id":10339,"href":"https:\/\/canelatools.com\/fr\/wp-json\/wp\/v2\/pages\/5319\/revisions\/10339"}],"wp:attachment":[{"href":"https:\/\/canelatools.com\/fr\/wp-json\/wp\/v2\/media?parent=5319"}],"curies":[{"name":"wp","href":"https:\/\/api.w.org\/{rel}","templated":true}]}}