{"id":8969,"date":"2026-01-08T10:15:32","date_gmt":"2026-01-08T10:15:32","guid":{"rendered":"https:\/\/canelatools.com\/politica-de-cookies\/"},"modified":"2026-01-13T10:49:45","modified_gmt":"2026-01-13T10:49:45","slug":"politique-de-cookies","status":"publish","type":"page","link":"https:\/\/canelatools.com\/fr\/politique-de-cookies\/","title":{"rendered":"Politique de cookies"},"content":{"rendered":"\t\t<div data-elementor-type=\"wp-page\" data-elementor-id=\"8969\" class=\"elementor elementor-8969 elementor-8492\" data-elementor-post-type=\"page\">\n\t\t\t\t<div class=\"elementor-element elementor-element-6c4ebb0 e-flex e-con-boxed e-con e-parent\" data-id=\"6c4ebb0\" data-element_type=\"container\" data-e-type=\"container\" data-settings=\"{&quot;background_background&quot;:&quot;slideshow&quot;,&quot;background_slideshow_gallery&quot;:[{&quot;id&quot;:5271,&quot;url&quot;:&quot;https:\\\/\\\/canelatools.com\\\/wp-content\\\/uploads\\\/2025\\\/12\\\/slider-proteccion-datos.jpg&quot;}],&quot;background_slideshow_loop&quot;:&quot;yes&quot;,&quot;background_slideshow_slide_duration&quot;:5000,&quot;background_slideshow_slide_transition&quot;:&quot;fade&quot;,&quot;background_slideshow_transition_duration&quot;:500}\">\n\t\t\t\t\t<div class=\"e-con-inner\">\n\t\t\t\t<div class=\"elementor-element elementor-element-140c30c elementor-widget elementor-widget-heading\" data-id=\"140c30c\" data-element_type=\"widget\" data-e-type=\"widget\" data-widget_type=\"heading.default\">\n\t\t\t\t\t<h1 class=\"elementor-heading-title elementor-size-default\">Politique de cookies<\/h1>\t\t\t\t<\/div>\n\t\t\t\t<div class=\"elementor-element elementor-element-e78c513 elementor-widget-divider--view-line elementor-widget elementor-widget-divider\" data-id=\"e78c513\" data-element_type=\"widget\" data-e-type=\"widget\" data-widget_type=\"divider.default\">\n\t\t\t\t\t\t\t<div class=\"elementor-divider\">\n\t\t\t<span class=\"elementor-divider-separator\">\n\t\t\t\t\t\t<\/span>\n\t\t<\/div>\n\t\t\t\t\t\t<\/div>\n\t\t\t\t\t<\/div>\n\t\t\t\t<\/div>\n\t\t<div class=\"elementor-element elementor-element-2720fe5 e-flex e-con-boxed e-con e-parent\" data-id=\"2720fe5\" data-element_type=\"container\" data-e-type=\"container\">\n\t\t\t\t\t<div class=\"e-con-inner\">\n\t\t\t\t<div class=\"elementor-element elementor-element-0452ec7 elementor-widget elementor-widget-text-editor\" data-id=\"0452ec7\" data-element_type=\"widget\" data-e-type=\"widget\" data-widget_type=\"text-editor.default\">\n\t\t\t\t\t\t\t\t\t<strong>\u00c0 propos de cette politique en mati\u00e8re de cookies<\/strong>\n<div>La pr\u00e9sente politique en mati\u00e8re de cookies explique ce que sont les cookies, les types de cookies que nous utilisons, c&rsquo;est-\u00e0-dire les informations que nous recueillons \u00e0 l&rsquo;aide des cookies et la mani\u00e8re dont ces informations sont utilis\u00e9es, ainsi que la mani\u00e8re de contr\u00f4ler les pr\u00e9f\u00e9rences en mati\u00e8re de cookies. Pour plus d&rsquo;informations sur la mani\u00e8re dont nous utilisons, stockons et s\u00e9curisons vos donn\u00e9es personnelles, veuillez consulter notre <a href=\"https:\/\/canelatools.com\/empresa\/produccion-de-datos\/\">politique de confidentialit\u00e9<\/a>. Vous pouvez \u00e0 tout moment modifier ou retirer votre consentement \u00e0 la d\u00e9claration relative aux cookies sur notre site web.<\/div>\n<div><\/div>\n<div>Pour en savoir plus sur qui nous sommes, comment vous pouvez nous contacter et comment nous traitons les donn\u00e9es personnelles, consultez notre <a href=\"https:\/\/canelatools.com\/empresa\/produccion-de-datos\/\">politique de confidentialit\u00e9<\/a>. Votre consentement s&rsquo;applique aux domaines suivants: canelatools.com<\/div>\n<div><\/div>\n<strong>Qu&rsquo;est-ce qu&rsquo;un cookie?<\/strong>\nLes cookies sont de petits fichiers texte utilis\u00e9s pour stocker de petits \u00e9l\u00e9ments d&rsquo;information. Ils sont stock\u00e9s sur votre appareil lorsque le site web se charge dans votre navigateur. Ces cookies nous aident \u00e0 faire fonctionner le site web correctement, \u00e0 le rendre plus s\u00fbr, \u00e0 offrir une meilleure exp\u00e9rience \u00e0 l&rsquo;utilisateur, \u00e0 comprendre comment le site web fonctionne et \u00e0 analyser ce qui fonctionne et ce qui doit \u00eatre am\u00e9lior\u00e9.\n\n<strong>Comment utilisons-nous les cookies?<\/strong>\nComme la plupart des services en ligne, notre site web utilise des cookies de premi\u00e8re partie et de tierce partie \u00e0 diverses fins. Les cookies de premi\u00e8re partie sont essentiellement n\u00e9cessaires au bon fonctionnement du site web et ne collectent aucune information permettant de vous identifier personnellement. Les cookies de tierce partie utilis\u00e9s sur notre site web servent principalement \u00e0 comprendre comment le site fonctionne, comment vous interagissez avec lui, \u00e0 assurer la s\u00e9curit\u00e9 de nos services, \u00e0 vous proposer des publicit\u00e9s pertinentes et, d&rsquo;une mani\u00e8re g\u00e9n\u00e9rale, \u00e0 vous offrir une exp\u00e9rience utilisateur meilleure et am\u00e9lior\u00e9e et \u00e0 acc\u00e9l\u00e9rer vos interactions futures avec notre site web.\n\n<strong>Quels types de cookies utilisons-nous?<\/strong>\nEssentiels: Certains cookies sont essentiels pour que vous puissiez b\u00e9n\u00e9ficier de toutes les fonctionnalit\u00e9s de notre site. Ils nous permettent de maintenir les sessions des utilisateurs et de pr\u00e9venir toute menace pour la s\u00e9curit\u00e9. Ils ne collectent ni ne stockent aucune information personnelle. Par exemple, ces cookies vous permettent de vous connecter \u00e0 votre compte, d&rsquo;ajouter des produits \u00e0 votre panier et de payer en toute s\u00e9curit\u00e9. Statistiques: Ces cookies stockent des informations telles que le nombre de visiteurs sur le site web, le nombre de visiteurs uniques, les pages du site web qui ont \u00e9t\u00e9 visit\u00e9es, la source de la visite, etc. Ces donn\u00e9es nous aident \u00e0 comprendre et \u00e0 analyser les performances du site web et les points \u00e0 am\u00e9liorer. Marketing: Notre site web affiche des publicit\u00e9s. Ces cookies sont utilis\u00e9s pour personnaliser les publicit\u00e9s que nous vous montrons afin qu&rsquo;elles soient significatives pour vous. Ces cookies nous aident \u00e9galement \u00e0 \u00e9valuer l&rsquo;efficacit\u00e9 de ces campagnes publicitaires. Les informations stock\u00e9es dans ces cookies peuvent \u00e9galement \u00eatre utilis\u00e9es par des fournisseurs de publicit\u00e9 tiers pour vous montrer des publicit\u00e9s d&rsquo;autres sites web dans votre navigateur. Fonctionnels: Il s&rsquo;agit de cookies qui prennent en charge certaines fonctionnalit\u00e9s non essentielles de notre site web. Ces fonctionnalit\u00e9s comprennent l&rsquo;int\u00e9gration de contenu tel que des vid\u00e9os ou le partage du contenu du site web sur des plateformes de m\u00e9dias sociaux. Pr\u00e9f\u00e9rences: ces cookies nous aident \u00e0 m\u00e9moriser vos param\u00e8tres de navigation et vos pr\u00e9f\u00e9rences, telles que les pr\u00e9f\u00e9rences linguistiques, afin de vous offrir une exp\u00e9rience meilleure et plus efficace lors de vos prochaines visites sur le site web.\n\n<strong>Comment puis-je contr\u00f4ler mes pr\u00e9f\u00e9rences en mati\u00e8re de cookies?<\/strong>\nSi vous d\u00e9cidez de modifier vos pr\u00e9f\u00e9rences plus tard au cours de votre session de navigation, vous pouvez cliquer sur l&rsquo;onglet \u00ab\u00a0Politique en mati\u00e8re de confidentialit\u00e9 et de cookies\u00a0\u00bb sur votre \u00e9cran. L&rsquo;avis de consentement s&rsquo;affichera \u00e0 nouveau, ce qui vous permettra de modifier vos pr\u00e9f\u00e9rences ou de retirer compl\u00e8tement votre consentement. En outre, les navigateurs proposent des m\u00e9thodes diff\u00e9rentes pour bloquer et supprimer les cookies utilis\u00e9s par les sites web. Vous pouvez modifier les param\u00e8tres de votre navigateur pour bloquer\/supprimer les cookies. Pour plus d&rsquo;informations sur la gestion et la suppression des cookies, consultez le site <a href=\"http:\/\/wikipedia.org\" target=\"_blank\" rel=\"noopener\">wikipedia.org<\/a>, <a href=\"http:\/\/www.allaboutcookies.org\" target=\"_blank\" rel=\"noopener\">www.allaboutcookies.org<\/a>.\t\t\t\t\t\t\t\t<\/div>\n\t\t\t\t<div class=\"elementor-element elementor-element-683b514 elementor-widget elementor-widget-text-editor\" data-id=\"683b514\" data-element_type=\"widget\" data-e-type=\"widget\" data-widget_type=\"text-editor.default\">\n\t\t\t\t\t\t\t\t\t<strong>La liste suivante d\u00e9taille les cookies utilis\u00e9s sur notre site web.<\/strong>\n<div class=\"reportbox\">\n<p class=\"reporttitle\">Performance cookies<span class=\"text-success\">3<\/span><\/p>\n\n<table class=\"reporttable table\">\n<thead>\n<tr>\n<th>Cookie key<\/th>\n<th>Domain<\/th>\n<th>Path<\/th>\n<th>Cookie type<\/th>\n<th>Expiration<\/th>\n<th>Description<\/th>\n<\/tr>\n<\/thead>\n<tbody>\n<tr>\n<td data-label=\"Cookie key\">_gid\n<a class=\"morecookieinfo\" title=\"More info\" data-toggle=\"collapse\" data-target=\"#showlink3787952\" aria-expanded=\"false\" aria-controls=\"#showlink3787952\">More info<\/a><\/td>\n<td data-label=\"Domain\">.canelatools.com<\/td>\n<td data-label=\"Path\">\/<\/td>\n<td data-label=\"Cookie type\">First-party<\/td>\n<td data-label=\"Expiration\">1 day<\/td>\n<td class=\"repdesc\" data-label=\"Description\">This cookie is set by Google Analytics. It stores and update a unique value for each page visited and is used to count and track pageviews.<\/td>\n<\/tr>\n<tr class=\"firstfoundrow\">\n<td colspan=\"6\"><\/td>\n<\/tr>\n<tr>\n<td data-label=\"Cookie key\">_ga_2LHNKNG0ST\n<a class=\"morecookieinfo\" title=\"More info\" data-toggle=\"collapse\" data-target=\"#showlink3787954\" aria-expanded=\"false\" aria-controls=\"#showlink3787954\">More info<\/a><\/td>\n<td data-label=\"Domain\">.canelatools.com<\/td>\n<td data-label=\"Path\">\/<\/td>\n<td data-label=\"Cookie type\">First-party<\/td>\n<td data-label=\"Expiration\">1 year 1 month<\/td>\n<td class=\"repdesc\" data-label=\"Description\">This cookie is used by Google Analytics to persist session state.<\/td>\n<\/tr>\n<tr class=\"firstfoundrow\">\n<td colspan=\"6\"><\/td>\n<\/tr>\n<tr>\n<td data-label=\"Cookie key\">_ga\n<a class=\"morecookieinfo\" title=\"More info\" data-toggle=\"collapse\" data-target=\"#showlink3787955\" aria-expanded=\"false\" aria-controls=\"#showlink3787955\">More info<\/a><\/td>\n<td data-label=\"Domain\">.canelatools.com<\/td>\n<td data-label=\"Path\">\/<\/td>\n<td data-label=\"Cookie type\">First-party<\/td>\n<td data-label=\"Expiration\">1 year 1 month<\/td>\n<td class=\"repdesc\" data-label=\"Description\">This cookie name is associated with Google Universal Analytics &#8211; which is a significant update to Google&rsquo;s more commonly used analytics service. This cookie is used to distinguish unique users by assigning a randomly generated number as a client identifier. It is included in each page request in a site and used to calculate visitor, session and campaign data for the sites analytics reports.<\/td>\n<\/tr>\n<tr class=\"firstfoundrow\">\n<td colspan=\"6\"><\/td>\n<\/tr>\n<\/tbody>\n<\/table>\n<p class=\"reporttitle\">Targeting cookies<span class=\"text-success\">3<\/span><\/p>\n\n<table class=\"reporttable table\">\n<thead>\n<tr>\n<th>Cookie key<\/th>\n<th>Domain<\/th>\n<th>Path<\/th>\n<th>Cookie type<\/th>\n<th>Expiration<\/th>\n<th>Description<\/th>\n<\/tr>\n<\/thead>\n<tbody>\n<tr>\n<td data-label=\"Cookie key\">YSC\n<a class=\"morecookieinfo\" title=\"More info\" data-toggle=\"collapse\" data-target=\"#showlink3787950\" aria-expanded=\"false\" aria-controls=\"#showlink3787950\">More info<\/a><\/td>\n<td data-label=\"Domain\">.youtube.com<\/td>\n<td data-label=\"Path\">\/<\/td>\n<td data-label=\"Cookie type\">Third-party<\/td>\n<td data-label=\"Expiration\">Session<\/td>\n<td class=\"repdesc\" data-label=\"Description\">This cookie is set by YouTube to track views of embedded videos.<\/td>\n<\/tr>\n<tr class=\"firstfoundrow\">\n<td colspan=\"6\"><\/td>\n<\/tr>\n<tr>\n<td data-label=\"Cookie key\">VISITOR_INFO1_LIVE\n<a class=\"morecookieinfo\" title=\"More info\" data-toggle=\"collapse\" data-target=\"#showlink3787951\" aria-expanded=\"false\" aria-controls=\"#showlink3787951\">More info<\/a><\/td>\n<td data-label=\"Domain\">.youtube.com<\/td>\n<td data-label=\"Path\">\/<\/td>\n<td data-label=\"Cookie type\">Third-party<\/td>\n<td data-label=\"Expiration\">6 months<\/td>\n<td class=\"repdesc\" data-label=\"Description\">This cookie is set by Youtube to keep track of user preferences for Youtube videos embedded in sites;it can also determine whether the website visitor is using the new or old version of the Youtube interface.<\/td>\n<\/tr>\n<tr class=\"firstfoundrow\">\n<td colspan=\"6\"><\/td>\n<\/tr>\n<tr>\n<td data-label=\"Cookie key\">_gat_gtag_UA_38713668_1\n<a class=\"morecookieinfo\" title=\"More info\" data-toggle=\"collapse\" data-target=\"#showlink3787953\" aria-expanded=\"false\" aria-controls=\"#showlink3787953\">More info<\/a><\/td>\n<td data-label=\"Domain\">.canelatools.com<\/td>\n<td data-label=\"Path\">\/<\/td>\n<td data-label=\"Cookie type\">First-party<\/td>\n<td data-label=\"Expiration\">51 seconds<\/td>\n<td class=\"repdesc\" data-label=\"Description\">This cookie is part of Google Analytics and is used to limit requests (throttle request rate).<\/td>\n<\/tr>\n<tr class=\"firstfoundrow\">\n<td colspan=\"6\"><\/td>\n<\/tr>\n<\/tbody>\n<\/table>\n<p class=\"reporttitle\">Unclassified cookies<span class=\"text-success\">3<\/span><\/p>\n\n<table class=\"reporttable table\">\n<thead>\n<tr>\n<th>Cookie key<\/th>\n<th>Domain<\/th>\n<th>Path<\/th>\n<th>Cookie type<\/th>\n<th>Expiration<\/th>\n<th>Description<\/th>\n<\/tr>\n<\/thead>\n<tbody>\n<tr>\n<td data-label=\"Cookie key\">cookieyes-consent\n<a class=\"morecookieinfo\" title=\"More info\" data-toggle=\"collapse\" data-target=\"#showlink3787947\" aria-expanded=\"false\" aria-controls=\"#showlink3787947\">More info<\/a><\/td>\n<td data-label=\"Domain\">canelatools.com<\/td>\n<td data-label=\"Path\">\/<\/td>\n<td data-label=\"Cookie type\">First-party<\/td>\n<td data-label=\"Expiration\">1 year<\/td>\n<td class=\"repdesc\" data-label=\"Description\"><\/td>\n<\/tr>\n<tr class=\"firstfoundrow\">\n<td colspan=\"6\"><\/td>\n<\/tr>\n<tr>\n<td data-label=\"Cookie key\">wpml_browser_redirect_test\n<a class=\"morecookieinfo\" title=\"More info\" data-toggle=\"collapse\" data-target=\"#showlink3787948\" aria-expanded=\"false\" aria-controls=\"#showlink3787948\">More info<\/a><\/td>\n<td data-label=\"Domain\">canelatools.com<\/td>\n<td data-label=\"Path\">\/<\/td>\n<td data-label=\"Cookie type\">First-party<\/td>\n<td data-label=\"Expiration\">Session<\/td>\n<td class=\"repdesc\" data-label=\"Description\"><\/td>\n<\/tr>\n<tr class=\"firstfoundrow\">\n<td colspan=\"6\"><\/td>\n<\/tr>\n<tr>\n<td data-label=\"Cookie key\">_icl_visitor_lang_js\n<a class=\"morecookieinfo\" title=\"More info\" data-toggle=\"collapse\" data-target=\"#showlink3787949\" aria-expanded=\"false\" aria-controls=\"#showlink3787949\">More info<\/a><\/td>\n<td data-label=\"Domain\">.canelatools.com<\/td>\n<td data-label=\"Path\">\/<\/td>\n<td data-label=\"Cookie type\">First-party<\/td>\n<td data-label=\"Expiration\">1 day<\/td>\n<td class=\"repdesc\" data-label=\"Description\"><\/td>\n<\/tr>\n<tr class=\"firstfoundrow\">\n<td colspan=\"6\"><\/td>\n<\/tr>\n<\/tbody>\n<\/table>\n<\/div>\n<div class=\"reportbox\">\n<p class=\"reporttitle\">Storages<span class=\"text-success\">4<\/span><\/p>\n\n<table class=\"reporttable storages table\">\n<thead>\n<tr>\n<th>Storage key<\/th>\n<th>Type<\/th>\n<th>Category<\/th>\n<\/tr>\n<\/thead>\n<tbody>\n<tr>\n<td data-label=\"Storage key\">_cltk<\/td>\n<td data-label=\"Type\">session<\/td>\n<td data-label=\"Category\">Strictly Necessary<\/td>\n<\/tr>\n<tr>\n<td data-label=\"Storage key\">lastExternalReferrerTime<\/td>\n<td data-label=\"Type\">local<\/td>\n<td data-label=\"Category\">Strictly Necessary<\/td>\n<\/tr>\n<tr>\n<td data-label=\"Storage key\">_grecaptcha<\/td>\n<td data-label=\"Type\">local<\/td>\n<td data-label=\"Category\">Strictly Necessary<\/td>\n<\/tr>\n<tr>\n<td data-label=\"Storage key\">lastExternalReferrer<\/td>\n<td data-label=\"Type\">local<\/td>\n<td data-label=\"Category\">Strictly Necessary<\/td>\n<\/tr>\n<\/tbody>\n<\/table>\n<\/div>\t\t\t\t\t\t\t\t<\/div>\n\t\t\t\t\t<\/div>\n\t\t\t\t<\/div>\n\t\t\t\t<\/div>\n\t\t","protected":false},"excerpt":{"rendered":"<p>Politique de cookies \u00c0 propos de cette politique en mati\u00e8re de cookies La pr\u00e9sente politique en mati\u00e8re de cookies explique ce que sont les cookies, les types de cookies que nous utilisons, c&rsquo;est-\u00e0-dire les informations que nous recueillons \u00e0 l&rsquo;aide des cookies et la mani\u00e8re dont ces informations sont utilis\u00e9es, ainsi que la mani\u00e8re de [&hellip;]<\/p>\n","protected":false},"author":1,"featured_media":0,"parent":0,"menu_order":0,"comment_status":"closed","ping_status":"closed","template":"","meta":{"footnotes":""},"class_list":["post-8969","page","type-page","status-publish","hentry"],"yoast_head":"<!-- This site is optimized with the Yoast SEO plugin v27.0 - https:\/\/yoast.com\/product\/yoast-seo-wordpress\/ -->\n<title>Politique de cookies - Canela tools<\/title>\n<meta name=\"robots\" content=\"index, follow, max-snippet:-1, max-image-preview:large, max-video-preview:-1\" \/>\n<link rel=\"canonical\" href=\"https:\/\/canelatools.com\/fr\/politique-de-cookies\/\" \/>\n<meta property=\"og:locale\" content=\"fr_FR\" \/>\n<meta property=\"og:type\" content=\"article\" \/>\n<meta property=\"og:title\" content=\"Politique de cookies - Canela tools\" \/>\n<meta property=\"og:description\" content=\"Politique de cookies \u00c0 propos de cette politique en mati\u00e8re de cookies La pr\u00e9sente politique en mati\u00e8re de cookies explique ce que sont les cookies, les types de cookies que nous utilisons, c&rsquo;est-\u00e0-dire les informations que nous recueillons \u00e0 l&rsquo;aide des cookies et la mani\u00e8re dont ces informations sont utilis\u00e9es, ainsi que la mani\u00e8re de [&hellip;]\" \/>\n<meta property=\"og:url\" content=\"https:\/\/canelatools.com\/fr\/politique-de-cookies\/\" \/>\n<meta property=\"og:site_name\" content=\"Canela tools\" \/>\n<meta property=\"article:modified_time\" content=\"2026-01-13T10:49:45+00:00\" \/>\n<meta name=\"twitter:card\" content=\"summary_large_image\" \/>\n<meta name=\"twitter:label1\" content=\"Dur\u00e9e de lecture estim\u00e9e\" \/>\n\t<meta name=\"twitter:data1\" content=\"5 minutes\" \/>\n<script type=\"application\/ld+json\" class=\"yoast-schema-graph\">{\"@context\":\"https:\/\/schema.org\",\"@graph\":[{\"@type\":\"WebPage\",\"@id\":\"https:\/\/canelatools.com\/fr\/politique-de-cookies\/\",\"url\":\"https:\/\/canelatools.com\/fr\/politique-de-cookies\/\",\"name\":\"Politique de cookies - Canela tools\",\"isPartOf\":{\"@id\":\"https:\/\/canelatools.com\/#website\"},\"datePublished\":\"2026-01-08T10:15:32+00:00\",\"dateModified\":\"2026-01-13T10:49:45+00:00\",\"breadcrumb\":{\"@id\":\"https:\/\/canelatools.com\/fr\/politique-de-cookies\/#breadcrumb\"},\"inLanguage\":\"fr-FR\",\"potentialAction\":[{\"@type\":\"ReadAction\",\"target\":[\"https:\/\/canelatools.com\/fr\/politique-de-cookies\/\"]}]},{\"@type\":\"BreadcrumbList\",\"@id\":\"https:\/\/canelatools.com\/fr\/politique-de-cookies\/#breadcrumb\",\"itemListElement\":[{\"@type\":\"ListItem\",\"position\":1,\"name\":\"Portada\",\"item\":\"https:\/\/canelatools.com\/fr\/\"},{\"@type\":\"ListItem\",\"position\":2,\"name\":\"Politique de cookies\"}]},{\"@type\":\"WebSite\",\"@id\":\"https:\/\/canelatools.com\/#website\",\"url\":\"https:\/\/canelatools.com\/\",\"name\":\"Canela tools\",\"description\":\"\",\"potentialAction\":[{\"@type\":\"SearchAction\",\"target\":{\"@type\":\"EntryPoint\",\"urlTemplate\":\"https:\/\/canelatools.com\/?s={search_term_string}\"},\"query-input\":{\"@type\":\"PropertyValueSpecification\",\"valueRequired\":true,\"valueName\":\"search_term_string\"}}],\"inLanguage\":\"fr-FR\"}]}<\/script>\n<!-- \/ Yoast SEO plugin. -->","yoast_head_json":{"title":"Politique de cookies - Canela tools","robots":{"index":"index","follow":"follow","max-snippet":"max-snippet:-1","max-image-preview":"max-image-preview:large","max-video-preview":"max-video-preview:-1"},"canonical":"https:\/\/canelatools.com\/fr\/politique-de-cookies\/","og_locale":"fr_FR","og_type":"article","og_title":"Politique de cookies - Canela tools","og_description":"Politique de cookies \u00c0 propos de cette politique en mati\u00e8re de cookies La pr\u00e9sente politique en mati\u00e8re de cookies explique ce que sont les cookies, les types de cookies que nous utilisons, c&rsquo;est-\u00e0-dire les informations que nous recueillons \u00e0 l&rsquo;aide des cookies et la mani\u00e8re dont ces informations sont utilis\u00e9es, ainsi que la mani\u00e8re de [&hellip;]","og_url":"https:\/\/canelatools.com\/fr\/politique-de-cookies\/","og_site_name":"Canela tools","article_modified_time":"2026-01-13T10:49:45+00:00","twitter_card":"summary_large_image","twitter_misc":{"Dur\u00e9e de lecture estim\u00e9e":"5 minutes"},"schema":{"@context":"https:\/\/schema.org","@graph":[{"@type":"WebPage","@id":"https:\/\/canelatools.com\/fr\/politique-de-cookies\/","url":"https:\/\/canelatools.com\/fr\/politique-de-cookies\/","name":"Politique de cookies - Canela tools","isPartOf":{"@id":"https:\/\/canelatools.com\/#website"},"datePublished":"2026-01-08T10:15:32+00:00","dateModified":"2026-01-13T10:49:45+00:00","breadcrumb":{"@id":"https:\/\/canelatools.com\/fr\/politique-de-cookies\/#breadcrumb"},"inLanguage":"fr-FR","potentialAction":[{"@type":"ReadAction","target":["https:\/\/canelatools.com\/fr\/politique-de-cookies\/"]}]},{"@type":"BreadcrumbList","@id":"https:\/\/canelatools.com\/fr\/politique-de-cookies\/#breadcrumb","itemListElement":[{"@type":"ListItem","position":1,"name":"Portada","item":"https:\/\/canelatools.com\/fr\/"},{"@type":"ListItem","position":2,"name":"Politique de cookies"}]},{"@type":"WebSite","@id":"https:\/\/canelatools.com\/#website","url":"https:\/\/canelatools.com\/","name":"Canela tools","description":"","potentialAction":[{"@type":"SearchAction","target":{"@type":"EntryPoint","urlTemplate":"https:\/\/canelatools.com\/?s={search_term_string}"},"query-input":{"@type":"PropertyValueSpecification","valueRequired":true,"valueName":"search_term_string"}}],"inLanguage":"fr-FR"}]}},"_links":{"self":[{"href":"https:\/\/canelatools.com\/fr\/wp-json\/wp\/v2\/pages\/8969","targetHints":{"allow":["GET"]}}],"collection":[{"href":"https:\/\/canelatools.com\/fr\/wp-json\/wp\/v2\/pages"}],"about":[{"href":"https:\/\/canelatools.com\/fr\/wp-json\/wp\/v2\/types\/page"}],"author":[{"embeddable":true,"href":"https:\/\/canelatools.com\/fr\/wp-json\/wp\/v2\/users\/1"}],"replies":[{"embeddable":true,"href":"https:\/\/canelatools.com\/fr\/wp-json\/wp\/v2\/comments?post=8969"}],"version-history":[{"count":5,"href":"https:\/\/canelatools.com\/fr\/wp-json\/wp\/v2\/pages\/8969\/revisions"}],"predecessor-version":[{"id":8987,"href":"https:\/\/canelatools.com\/fr\/wp-json\/wp\/v2\/pages\/8969\/revisions\/8987"}],"wp:attachment":[{"href":"https:\/\/canelatools.com\/fr\/wp-json\/wp\/v2\/media?parent=8969"}],"curies":[{"name":"wp","href":"https:\/\/api.w.org\/{rel}","templated":true}]}}