{"id":5571,"date":"2025-11-27T12:59:34","date_gmt":"2025-11-27T12:59:34","guid":{"rendered":"https:\/\/canelatools.com\/aerospaziale\/"},"modified":"2026-02-11T16:35:34","modified_gmt":"2026-02-11T16:35:34","slug":"aerospaziale","status":"publish","type":"page","link":"https:\/\/canelatools.com\/it\/aerospaziale\/","title":{"rendered":"Aerospaziale"},"content":{"rendered":"\t\t<div data-elementor-type=\"wp-page\" data-elementor-id=\"5571\" class=\"elementor elementor-5571 elementor-1587\" data-elementor-post-type=\"page\">\n\t\t\t\t<div class=\"elementor-element elementor-element-1001626 e-flex e-con-boxed e-con e-parent\" data-id=\"1001626\" data-element_type=\"container\" data-e-type=\"container\" data-settings=\"{&quot;background_background&quot;:&quot;slideshow&quot;,&quot;background_slideshow_gallery&quot;:[{&quot;id&quot;:5567,&quot;url&quot;:&quot;https:\\\/\\\/canelatools.com\\\/wp-content\\\/uploads\\\/2025\\\/11\\\/aeroespacial-scaled.jpg&quot;}],&quot;background_slideshow_loop&quot;:&quot;yes&quot;,&quot;background_slideshow_slide_duration&quot;:5000,&quot;background_slideshow_slide_transition&quot;:&quot;fade&quot;,&quot;background_slideshow_transition_duration&quot;:500}\">\n\t\t\t\t\t<div class=\"e-con-inner\">\n\t\t\t\t<div class=\"elementor-element elementor-element-15da871 elementor-widget elementor-widget-heading\" data-id=\"15da871\" data-element_type=\"widget\" data-e-type=\"widget\" data-widget_type=\"heading.default\">\n\t\t\t\t\t<h1 class=\"elementor-heading-title elementor-size-default\">Aerospaziale<\/h1>\t\t\t\t<\/div>\n\t\t\t\t<div class=\"elementor-element elementor-element-bbc0fb7 elementor-widget-divider--view-line elementor-widget elementor-widget-divider\" data-id=\"bbc0fb7\" data-element_type=\"widget\" data-e-type=\"widget\" data-widget_type=\"divider.default\">\n\t\t\t\t\t\t\t<div class=\"elementor-divider\">\n\t\t\t<span class=\"elementor-divider-separator\">\n\t\t\t\t\t\t<\/span>\n\t\t<\/div>\n\t\t\t\t\t\t<\/div>\n\t\t\t\t\t<\/div>\n\t\t\t\t<\/div>\n\t\t<div class=\"elementor-element elementor-element-f683eff e-flex e-con-boxed e-con e-parent\" data-id=\"f683eff\" data-element_type=\"container\" data-e-type=\"container\" data-settings=\"{&quot;background_background&quot;:&quot;classic&quot;}\">\n\t\t\t\t\t<div class=\"e-con-inner\">\n\t\t<div class=\"elementor-element elementor-element-542d757 e-con-full e-flex e-con e-child\" data-id=\"542d757\" data-element_type=\"container\" data-e-type=\"container\">\n\t\t\t\t<div class=\"elementor-element elementor-element-4de563f elementor-widget elementor-widget-text-editor\" data-id=\"4de563f\" data-element_type=\"widget\" data-e-type=\"widget\" data-widget_type=\"text-editor.default\">\n\t\t\t\t\t\t\t\t\t<p>I materiali e la tecnologia di produzione dell\u2019industria aerospaziale sono in rapida e continua evoluzione. L\u2019uso di materiali difficili da tagliare, come il titanio e la plastica rinforzata con fibra di carbonio, \u00e8 aumentato a causa delle esigenze di riduzione del peso dell\u2019industria, insieme alle leghe di alluminio. <\/p><p>Canela lavora a stretto contatto con i clienti per fornire utensili che soddisfino i requisiti pi\u00f9 rigorosi e gli elevati standard di sicurezza, raggiungendo velocit\u00e0 e avanzamenti molto pi\u00f9 elevati, che insieme a un aumento della potenza disponibile permettono di ottenere risultati costanti e una maggiore durata degli utensili.<\/p>\t\t\t\t\t\t\t\t<\/div>\n\t\t\t\t<\/div>\n\t\t\t\t\t<\/div>\n\t\t\t\t<\/div>\n\t\t<div class=\"elementor-element elementor-element-e45c73d e-flex e-con-boxed e-con e-parent\" data-id=\"e45c73d\" data-element_type=\"container\" data-e-type=\"container\">\n\t\t\t\t\t<div class=\"e-con-inner\">\n\t\t\t\t<div class=\"elementor-element elementor-element-b928a0b elementor-widget elementor-widget-button\" data-id=\"b928a0b\" data-element_type=\"widget\" data-e-type=\"widget\" data-widget_type=\"button.default\">\n\t\t\t\t\t\t\t\t\t\t<a class=\"elementor-button elementor-button-link elementor-size-sm\" href=\"#\">\n\t\t\t\t\t\t<span class=\"elementor-button-content-wrapper\">\n\t\t\t\t\t\t\t\t\t<span class=\"elementor-button-text\">Alluminio<\/span>\n\t\t\t\t\t<\/span>\n\t\t\t\t\t<\/a>\n\t\t\t\t\t\t\t\t<\/div>\n\t\t\t\t\t<\/div>\n\t\t\t\t<\/div>\n\t\t<div class=\"elementor-element elementor-element-68024a3 e-flex e-con-boxed e-con e-parent\" data-id=\"68024a3\" data-element_type=\"container\" data-e-type=\"container\">\n\t\t\t\t\t<div class=\"e-con-inner\">\n\t\t<div class=\"elementor-element elementor-element-b668b43 e-con-full e-flex e-con e-child\" data-id=\"b668b43\" data-element_type=\"container\" data-e-type=\"container\">\n\t\t\t\t<div class=\"elementor-element elementor-element-809f819 elementor-widget elementor-widget-text-editor\" data-id=\"809f819\" data-element_type=\"widget\" data-e-type=\"widget\" data-widget_type=\"text-editor.default\">\n\t\t\t\t\t\t\t\t\t<p>Nel settore aerospaziale, le aziende di lavorazione devono fornire pezzi con elevata precisione, accuratezza e velocit\u00e0. Ogni componente di un aereo deve avere le dimensioni corrette e allo stesso tempo contribuire a ridurre il peso del velivolo e a soddisfare i pi\u00f9 recenti standard di durabilit\u00e0 e sicurezza. <\/p><p>Canela ha sviluppato soluzioni per soddisfare la crescente domanda di soluzioni di lavorazione migliorate per i pezzi aerospaziali. Queste soluzioni offrono ai nostri clienti enormi vantaggi competitivi per la produzione di pezzi di alta qualit\u00e0 con elevata precisione, tempi di ciclo ridotti e costi ottimali per pezzo. <\/p>\t\t\t\t\t\t\t\t<\/div>\n\t\t\t\t<\/div>\n\t\t<div class=\"elementor-element elementor-element-257547f e-con-full e-flex e-con e-child\" data-id=\"257547f\" data-element_type=\"container\" data-e-type=\"container\">\n\t\t\t\t<div class=\"elementor-element elementor-element-f5d61c0 elementor-widget elementor-widget-text-editor\" data-id=\"f5d61c0\" data-element_type=\"widget\" data-e-type=\"widget\" data-widget_type=\"text-editor.default\">\n\t\t\t\t\t\t\t\t\t<p>La nostra lunga esperienza nel fornire soluzioni competitive per la lavorazione di pezzi aerospaziali, unita alla nostra capacit\u00e0 di innovazione e al desiderio di migliorare continuamente le nostre soluzioni, sono le ragioni per cui questo \u00e8 possibile. Scoprite come Canela Vi fa risparmiare tempo e risorse nella lavorazione di pezzi aerospaziali. <br><br>Nella lavorazione aerospaziale si utilizzano materiali resistenti e leggeri. Questi riducono il peso dell\u2019aereo, migliorano il risparmio di carburante e mantengono la sicurezza. Per questi componenti si utilizzano sia l\u2019alluminio che il titanio.  <\/p>\t\t\t\t\t\t\t\t<\/div>\n\t\t\t\t<\/div>\n\t\t\t\t\t<\/div>\n\t\t\t\t<\/div>\n\t\t<div class=\"elementor-element elementor-element-f9452a5 e-flex e-con-boxed e-con e-parent\" data-id=\"f9452a5\" data-element_type=\"container\" data-e-type=\"container\" data-settings=\"{&quot;background_background&quot;:&quot;slideshow&quot;,&quot;background_slideshow_gallery&quot;:[],&quot;background_slideshow_loop&quot;:&quot;yes&quot;,&quot;background_slideshow_slide_duration&quot;:5000,&quot;background_slideshow_slide_transition&quot;:&quot;fade&quot;,&quot;background_slideshow_transition_duration&quot;:500}\">\n\t\t\t\t\t<div class=\"e-con-inner\">\n\t\t\t\t<div class=\"elementor-element elementor-element-af732c7 elementor-widget elementor-widget-image\" data-id=\"af732c7\" data-element_type=\"widget\" data-e-type=\"widget\" data-widget_type=\"image.default\">\n\t\t\t\t\t\t\t\t\t\t\t\t\t\t\t<img fetchpriority=\"high\" decoding=\"async\" width=\"1222\" height=\"469\" src=\"https:\/\/canelatools.com\/wp-content\/uploads\/2026\/02\/aluminium-1.jpg\" class=\"attachment-full size-full wp-image-11056\" alt=\"\" srcset=\"https:\/\/canelatools.com\/wp-content\/uploads\/2026\/02\/aluminium-1.jpg 1222w, https:\/\/canelatools.com\/wp-content\/uploads\/2026\/02\/aluminium-1-300x115.jpg 300w, https:\/\/canelatools.com\/wp-content\/uploads\/2026\/02\/aluminium-1-1024x393.jpg 1024w, https:\/\/canelatools.com\/wp-content\/uploads\/2026\/02\/aluminium-1-768x295.jpg 768w\" sizes=\"(max-width: 1222px) 100vw, 1222px\" \/>\t\t\t\t\t\t\t\t\t\t\t\t\t\t\t<\/div>\n\t\t\t\t\t<\/div>\n\t\t\t\t<\/div>\n\t\t<div class=\"elementor-element elementor-element-ee1d42c e-flex e-con-boxed e-con e-parent\" data-id=\"ee1d42c\" data-element_type=\"container\" data-e-type=\"container\">\n\t\t\t\t\t<div class=\"e-con-inner\">\n\t\t<div class=\"elementor-element elementor-element-a98a068 e-con-full e-flex e-con e-child\" data-id=\"a98a068\" data-element_type=\"container\" data-e-type=\"container\">\n\t\t\t\t<div class=\"elementor-element elementor-element-f0a5e45 elementor-widget elementor-widget-button\" data-id=\"f0a5e45\" data-element_type=\"widget\" data-e-type=\"widget\" data-widget_type=\"button.default\">\n\t\t\t\t\t\t\t\t\t\t<a class=\"elementor-button elementor-button-link elementor-size-sm\" href=\"#\">\n\t\t\t\t\t\t<span class=\"elementor-button-content-wrapper\">\n\t\t\t\t\t\t\t\t\t<span class=\"elementor-button-text\">Ceramica<\/span>\n\t\t\t\t\t<\/span>\n\t\t\t\t\t<\/a>\n\t\t\t\t\t\t\t\t<\/div>\n\t\t\t\t<\/div>\n\t\t<div class=\"elementor-element elementor-element-0666e0f e-con-full e-flex e-con e-child\" data-id=\"0666e0f\" data-element_type=\"container\" data-e-type=\"container\">\n\t\t\t\t<div class=\"elementor-element elementor-element-bb36c16 elementor-widget elementor-widget-text-editor\" data-id=\"bb36c16\" data-element_type=\"widget\" data-e-type=\"widget\" data-widget_type=\"text-editor.default\">\n\t\t\t\t\t\t\t\t\t<ul><li>SiAION.<\/li><li>Elimina le limitazioni delle ceramiche tradizionali.<\/li><li>La profondit\u00e0 di taglio non \u00e8 pi\u00f9 un limite per le ceramiche SiAlON. Quando la profondit\u00e0 di taglio \u00e8 elevata, soprattutto nei tagli di sgrossatura, si applicano gradi di ceramica pi\u00f9 duri. Le ceramiche SiAlON hanno una resistenza agli shock termici molto pi\u00f9 elevata rispetto alle ceramiche tradizionali.  <\/li><li>Speciali.<\/li><\/ul>\t\t\t\t\t\t\t\t<\/div>\n\t\t\t\t<\/div>\n\t\t\t\t\t<\/div>\n\t\t\t\t<\/div>\n\t\t<div class=\"elementor-element elementor-element-da35173 e-flex e-con-boxed e-con e-parent\" data-id=\"da35173\" data-element_type=\"container\" data-e-type=\"container\">\n\t\t\t\t\t<div class=\"e-con-inner\">\n\t\t<div class=\"elementor-element elementor-element-bc6e460 e-con-full e-flex e-con e-child\" data-id=\"bc6e460\" data-element_type=\"container\" data-e-type=\"container\">\n\t\t\t\t<div class=\"elementor-element elementor-element-03ccabd elementor-widget elementor-widget-image\" data-id=\"03ccabd\" data-element_type=\"widget\" data-e-type=\"widget\" data-widget_type=\"image.default\">\n\t\t\t\t\t\t\t\t\t\t\t\t\t\t\t<img decoding=\"async\" width=\"633\" height=\"669\" src=\"https:\/\/canelatools.com\/wp-content\/uploads\/2025\/11\/turbina2.jpg\" class=\"attachment-large size-large wp-image-5569\" alt=\"\" srcset=\"https:\/\/canelatools.com\/wp-content\/uploads\/2025\/11\/turbina2.jpg 633w, https:\/\/canelatools.com\/wp-content\/uploads\/2025\/11\/turbina2-284x300.jpg 284w\" sizes=\"(max-width: 633px) 100vw, 633px\" \/>\t\t\t\t\t\t\t\t\t\t\t\t\t\t\t<\/div>\n\t\t\t\t<\/div>\n\t\t<div class=\"elementor-element elementor-element-c8caab5 e-con-full e-flex e-con e-child\" data-id=\"c8caab5\" data-element_type=\"container\" data-e-type=\"container\">\n\t\t\t\t<div class=\"elementor-element elementor-element-5b15113 elementor-widget elementor-widget-image\" data-id=\"5b15113\" data-element_type=\"widget\" data-e-type=\"widget\" data-widget_type=\"image.default\">\n\t\t\t\t\t\t\t\t\t\t\t\t\t\t\t<img decoding=\"async\" width=\"800\" height=\"451\" src=\"https:\/\/canelatools.com\/wp-content\/uploads\/2025\/11\/mits1-1-1024x577.jpg\" class=\"attachment-large size-large wp-image-5570\" alt=\"\" srcset=\"https:\/\/canelatools.com\/wp-content\/uploads\/2025\/11\/mits1-1-1024x577.jpg 1024w, https:\/\/canelatools.com\/wp-content\/uploads\/2025\/11\/mits1-1-300x169.jpg 300w, https:\/\/canelatools.com\/wp-content\/uploads\/2025\/11\/mits1-1-768x433.jpg 768w, https:\/\/canelatools.com\/wp-content\/uploads\/2025\/11\/mits1-1-1536x865.jpg 1536w, https:\/\/canelatools.com\/wp-content\/uploads\/2025\/11\/mits1-1-2048x1153.jpg 2048w\" sizes=\"(max-width: 800px) 100vw, 800px\" \/>\t\t\t\t\t\t\t\t\t\t\t\t\t\t\t<\/div>\n\t\t\t\t<\/div>\n\t\t\t\t\t<\/div>\n\t\t\t\t<\/div>\n\t\t<div class=\"elementor-element elementor-element-56b6bcd e-flex e-con-boxed e-con e-parent\" data-id=\"56b6bcd\" data-element_type=\"container\" data-e-type=\"container\" data-settings=\"{&quot;background_background&quot;:&quot;classic&quot;}\">\n\t\t\t\t\t<div class=\"e-con-inner\">\n\t\t\t\t<div class=\"elementor-element elementor-element-9c4c42e elementor-widget elementor-widget-text-editor\" data-id=\"9c4c42e\" data-element_type=\"widget\" data-e-type=\"widget\" data-widget_type=\"text-editor.default\">\n\t\t\t\t\t\t\t\t\t<p><span data-teams=\"true\">Dallo schizzo a mano al prodotto di precisione! In qualit\u00e0 di fornitore e sviluppatore di utensili, soddisfiamo le esigenze speciali dei nostri clienti dell\u2019industria aerospaziale e li produciamo su misura in base alle specifiche del cliente e al nostro know-how. <\/span><\/p>\t\t\t\t\t\t\t\t<\/div>\n\t\t\t\t\t<\/div>\n\t\t\t\t<\/div>\n\t\t\t\t<\/div>\n\t\t","protected":false},"excerpt":{"rendered":"<p>Aerospaziale I materiali e la tecnologia di produzione dell\u2019industria aerospaziale sono in rapida e continua evoluzione. L\u2019uso di materiali difficili da tagliare, come il titanio e la plastica rinforzata con fibra di carbonio, \u00e8 aumentato a causa delle esigenze di riduzione del peso dell\u2019industria, insieme alle leghe di alluminio. Canela lavora a stretto contatto con [&hellip;]<\/p>\n","protected":false},"author":1,"featured_media":0,"parent":0,"menu_order":0,"comment_status":"closed","ping_status":"closed","template":"elementor_header_footer","meta":{"footnotes":""},"class_list":["post-5571","page","type-page","status-publish","hentry"],"yoast_head":"<!-- This site is optimized with the Yoast SEO plugin v27.0 - https:\/\/yoast.com\/product\/yoast-seo-wordpress\/ -->\n<title>Aerospaziale - Canela tools<\/title>\n<meta name=\"robots\" content=\"index, follow, max-snippet:-1, max-image-preview:large, max-video-preview:-1\" \/>\n<link rel=\"canonical\" href=\"https:\/\/canelatools.com\/it\/aerospaziale\/\" \/>\n<meta property=\"og:locale\" content=\"it_IT\" \/>\n<meta property=\"og:type\" content=\"article\" \/>\n<meta property=\"og:title\" content=\"Aerospaziale - Canela tools\" \/>\n<meta property=\"og:description\" content=\"Aerospaziale I materiali e la tecnologia di produzione dell\u2019industria aerospaziale sono in rapida e continua evoluzione. L\u2019uso di materiali difficili da tagliare, come il titanio e la plastica rinforzata con fibra di carbonio, \u00e8 aumentato a causa delle esigenze di riduzione del peso dell\u2019industria, insieme alle leghe di alluminio. Canela lavora a stretto contatto con [&hellip;]\" \/>\n<meta property=\"og:url\" content=\"https:\/\/canelatools.com\/it\/aerospaziale\/\" \/>\n<meta property=\"og:site_name\" content=\"Canela tools\" \/>\n<meta property=\"article:modified_time\" content=\"2026-02-11T16:35:34+00:00\" \/>\n<meta property=\"og:image\" content=\"https:\/\/canelatools.com\/wp-content\/uploads\/2026\/02\/aluminium-1.jpg\" \/>\n\t<meta property=\"og:image:width\" content=\"1222\" \/>\n\t<meta property=\"og:image:height\" content=\"469\" \/>\n\t<meta property=\"og:image:type\" content=\"image\/jpeg\" \/>\n<meta name=\"twitter:card\" content=\"summary_large_image\" \/>\n<meta name=\"twitter:label1\" content=\"Tempo di lettura stimato\" \/>\n\t<meta name=\"twitter:data1\" content=\"2 minuti\" \/>\n<script type=\"application\/ld+json\" class=\"yoast-schema-graph\">{\"@context\":\"https:\/\/schema.org\",\"@graph\":[{\"@type\":\"WebPage\",\"@id\":\"https:\/\/canelatools.com\/it\/aerospaziale\/\",\"url\":\"https:\/\/canelatools.com\/it\/aerospaziale\/\",\"name\":\"Aerospaziale - Canela tools\",\"isPartOf\":{\"@id\":\"https:\/\/canelatools.com\/#website\"},\"primaryImageOfPage\":{\"@id\":\"https:\/\/canelatools.com\/it\/aerospaziale\/#primaryimage\"},\"image\":{\"@id\":\"https:\/\/canelatools.com\/it\/aerospaziale\/#primaryimage\"},\"thumbnailUrl\":\"https:\/\/canelatools.com\/wp-content\/uploads\/2026\/02\/aluminium-1.jpg\",\"datePublished\":\"2025-11-27T12:59:34+00:00\",\"dateModified\":\"2026-02-11T16:35:34+00:00\",\"breadcrumb\":{\"@id\":\"https:\/\/canelatools.com\/it\/aerospaziale\/#breadcrumb\"},\"inLanguage\":\"it-IT\",\"potentialAction\":[{\"@type\":\"ReadAction\",\"target\":[\"https:\/\/canelatools.com\/it\/aerospaziale\/\"]}]},{\"@type\":\"ImageObject\",\"inLanguage\":\"it-IT\",\"@id\":\"https:\/\/canelatools.com\/it\/aerospaziale\/#primaryimage\",\"url\":\"https:\/\/canelatools.com\/wp-content\/uploads\/2026\/02\/aluminium-1.jpg\",\"contentUrl\":\"https:\/\/canelatools.com\/wp-content\/uploads\/2026\/02\/aluminium-1.jpg\"},{\"@type\":\"BreadcrumbList\",\"@id\":\"https:\/\/canelatools.com\/it\/aerospaziale\/#breadcrumb\",\"itemListElement\":[{\"@type\":\"ListItem\",\"position\":1,\"name\":\"Portada\",\"item\":\"https:\/\/canelatools.com\/\"},{\"@type\":\"ListItem\",\"position\":2,\"name\":\"Aerospaziale\"}]},{\"@type\":\"WebSite\",\"@id\":\"https:\/\/canelatools.com\/#website\",\"url\":\"https:\/\/canelatools.com\/\",\"name\":\"Canela tools\",\"description\":\"\",\"potentialAction\":[{\"@type\":\"SearchAction\",\"target\":{\"@type\":\"EntryPoint\",\"urlTemplate\":\"https:\/\/canelatools.com\/?s={search_term_string}\"},\"query-input\":{\"@type\":\"PropertyValueSpecification\",\"valueRequired\":true,\"valueName\":\"search_term_string\"}}],\"inLanguage\":\"it-IT\"}]}<\/script>\n<!-- \/ Yoast SEO plugin. -->","yoast_head_json":{"title":"Aerospaziale - Canela tools","robots":{"index":"index","follow":"follow","max-snippet":"max-snippet:-1","max-image-preview":"max-image-preview:large","max-video-preview":"max-video-preview:-1"},"canonical":"https:\/\/canelatools.com\/it\/aerospaziale\/","og_locale":"it_IT","og_type":"article","og_title":"Aerospaziale - Canela tools","og_description":"Aerospaziale I materiali e la tecnologia di produzione dell\u2019industria aerospaziale sono in rapida e continua evoluzione. L\u2019uso di materiali difficili da tagliare, come il titanio e la plastica rinforzata con fibra di carbonio, \u00e8 aumentato a causa delle esigenze di riduzione del peso dell\u2019industria, insieme alle leghe di alluminio. Canela lavora a stretto contatto con [&hellip;]","og_url":"https:\/\/canelatools.com\/it\/aerospaziale\/","og_site_name":"Canela tools","article_modified_time":"2026-02-11T16:35:34+00:00","og_image":[{"width":1222,"height":469,"url":"https:\/\/canelatools.com\/wp-content\/uploads\/2026\/02\/aluminium-1.jpg","type":"image\/jpeg"}],"twitter_card":"summary_large_image","twitter_misc":{"Tempo di lettura stimato":"2 minuti"},"schema":{"@context":"https:\/\/schema.org","@graph":[{"@type":"WebPage","@id":"https:\/\/canelatools.com\/it\/aerospaziale\/","url":"https:\/\/canelatools.com\/it\/aerospaziale\/","name":"Aerospaziale - Canela tools","isPartOf":{"@id":"https:\/\/canelatools.com\/#website"},"primaryImageOfPage":{"@id":"https:\/\/canelatools.com\/it\/aerospaziale\/#primaryimage"},"image":{"@id":"https:\/\/canelatools.com\/it\/aerospaziale\/#primaryimage"},"thumbnailUrl":"https:\/\/canelatools.com\/wp-content\/uploads\/2026\/02\/aluminium-1.jpg","datePublished":"2025-11-27T12:59:34+00:00","dateModified":"2026-02-11T16:35:34+00:00","breadcrumb":{"@id":"https:\/\/canelatools.com\/it\/aerospaziale\/#breadcrumb"},"inLanguage":"it-IT","potentialAction":[{"@type":"ReadAction","target":["https:\/\/canelatools.com\/it\/aerospaziale\/"]}]},{"@type":"ImageObject","inLanguage":"it-IT","@id":"https:\/\/canelatools.com\/it\/aerospaziale\/#primaryimage","url":"https:\/\/canelatools.com\/wp-content\/uploads\/2026\/02\/aluminium-1.jpg","contentUrl":"https:\/\/canelatools.com\/wp-content\/uploads\/2026\/02\/aluminium-1.jpg"},{"@type":"BreadcrumbList","@id":"https:\/\/canelatools.com\/it\/aerospaziale\/#breadcrumb","itemListElement":[{"@type":"ListItem","position":1,"name":"Portada","item":"https:\/\/canelatools.com\/"},{"@type":"ListItem","position":2,"name":"Aerospaziale"}]},{"@type":"WebSite","@id":"https:\/\/canelatools.com\/#website","url":"https:\/\/canelatools.com\/","name":"Canela tools","description":"","potentialAction":[{"@type":"SearchAction","target":{"@type":"EntryPoint","urlTemplate":"https:\/\/canelatools.com\/?s={search_term_string}"},"query-input":{"@type":"PropertyValueSpecification","valueRequired":true,"valueName":"search_term_string"}}],"inLanguage":"it-IT"}]}},"_links":{"self":[{"href":"https:\/\/canelatools.com\/it\/wp-json\/wp\/v2\/pages\/5571","targetHints":{"allow":["GET"]}}],"collection":[{"href":"https:\/\/canelatools.com\/it\/wp-json\/wp\/v2\/pages"}],"about":[{"href":"https:\/\/canelatools.com\/it\/wp-json\/wp\/v2\/types\/page"}],"author":[{"embeddable":true,"href":"https:\/\/canelatools.com\/it\/wp-json\/wp\/v2\/users\/1"}],"replies":[{"embeddable":true,"href":"https:\/\/canelatools.com\/it\/wp-json\/wp\/v2\/comments?post=5571"}],"version-history":[{"count":6,"href":"https:\/\/canelatools.com\/it\/wp-json\/wp\/v2\/pages\/5571\/revisions"}],"predecessor-version":[{"id":11076,"href":"https:\/\/canelatools.com\/it\/wp-json\/wp\/v2\/pages\/5571\/revisions\/11076"}],"wp:attachment":[{"href":"https:\/\/canelatools.com\/it\/wp-json\/wp\/v2\/media?parent=5571"}],"curies":[{"name":"wp","href":"https:\/\/api.w.org\/{rel}","templated":true}]}}