{"id":5740,"date":"2025-12-04T12:38:38","date_gmt":"2025-12-04T12:38:38","guid":{"rendered":"https:\/\/canelatools.com\/protezione-dei-dati\/"},"modified":"2025-12-15T08:56:45","modified_gmt":"2025-12-15T08:56:45","slug":"protezione-dei-dati","status":"publish","type":"page","link":"https:\/\/canelatools.com\/it\/protezione-dei-dati\/","title":{"rendered":"Protezione dei dati"},"content":{"rendered":"\t\t<div data-elementor-type=\"wp-page\" data-elementor-id=\"5740\" class=\"elementor elementor-5740 elementor-3982\" data-elementor-post-type=\"page\">\n\t\t\t\t<div class=\"elementor-element elementor-element-93680c5 e-flex e-con-boxed e-con e-parent\" data-id=\"93680c5\" data-element_type=\"container\" data-e-type=\"container\" data-settings=\"{&quot;background_background&quot;:&quot;slideshow&quot;,&quot;background_slideshow_gallery&quot;:[{&quot;id&quot;:5739,&quot;url&quot;:&quot;https:\\\/\\\/canelatools.com\\\/wp-content\\\/uploads\\\/2025\\\/12\\\/slider-proteccion-datos.jpg&quot;}],&quot;background_slideshow_loop&quot;:&quot;yes&quot;,&quot;background_slideshow_slide_duration&quot;:5000,&quot;background_slideshow_slide_transition&quot;:&quot;fade&quot;,&quot;background_slideshow_transition_duration&quot;:500}\">\n\t\t\t\t\t<div class=\"e-con-inner\">\n\t\t\t\t<div class=\"elementor-element elementor-element-d641fc3 elementor-widget elementor-widget-heading\" data-id=\"d641fc3\" data-element_type=\"widget\" data-e-type=\"widget\" data-widget_type=\"heading.default\">\n\t\t\t\t\t<h1 class=\"elementor-heading-title elementor-size-default\">Protezione dei dati<\/h1>\t\t\t\t<\/div>\n\t\t\t\t<div class=\"elementor-element elementor-element-9353eba elementor-widget-divider--view-line elementor-widget elementor-widget-divider\" data-id=\"9353eba\" data-element_type=\"widget\" data-e-type=\"widget\" data-widget_type=\"divider.default\">\n\t\t\t\t\t\t\t<div class=\"elementor-divider\">\n\t\t\t<span class=\"elementor-divider-separator\">\n\t\t\t\t\t\t<\/span>\n\t\t<\/div>\n\t\t\t\t\t\t<\/div>\n\t\t\t\t\t<\/div>\n\t\t\t\t<\/div>\n\t\t<div class=\"elementor-element elementor-element-d8070e5 e-flex e-con-boxed e-con e-parent\" data-id=\"d8070e5\" data-element_type=\"container\" data-e-type=\"container\">\n\t\t\t\t\t<div class=\"e-con-inner\">\n\t\t\t\t<div class=\"elementor-element elementor-element-768e881 elementor-widget elementor-widget-text-editor\" data-id=\"768e881\" data-element_type=\"widget\" data-e-type=\"widget\" data-widget_type=\"text-editor.default\">\n\t\t\t\t\t\t\t\t\t<p data-start=\"241\" data-end=\"513\"><strong data-start=\"241\" data-end=\"299\">Chi \u00e8 responsabile del trattamento dei vostri dati?<\/strong><br data-start=\"299\" data-end=\"302\">Identit\u00e0: EINES CANELA, S.L.<br data-start=\"329\" data-end=\"332\">N\u00famero di Partita IVA: ESB-08785453<br data-start=\"346\" data-end=\"349\">Indirizzo postale: Pol. Ind. Les Guixeres \u2013 Torrent de Vallmajor 88, 08915 Badalona (Spagna).<br data-start=\"426\" data-end=\"429\">Tel: +34.93 399 85 61<br data-start=\"446\" data-end=\"449\">Fax: +34.93 383 40 00<br data-start=\"466\" data-end=\"469\">email: <a class=\"decorated-link cursor-pointer\" rel=\"noopener\" data-start=\"489\" data-end=\"511\">canela@canelatools.com<\/a>   <\/p><p data-start=\"515\" data-end=\"611\">Potete contattare direttamente il nostro responsabile dei dati all\u2019indirizzo: <a class=\"decorated-link cursor-pointer\" rel=\"noopener\" data-start=\"587\" data-end=\"609\">canela@canelatools.com<\/a><\/p><p data-start=\"613\" data-end=\"919\">Il proprietario di questo sito web, EINES CANELA, S.L. con N\u00famero di Partita IVA ESB-08785453 e sede legale in Pol. Ind. Les Guixeres \u2013 Torrent de Vallmajor 88, 08915 Badalona (Spagna), iscritta al Registro Mercantile di Barcellona, Volume 21910, Folio 158, Pagina B-28953, Iscrizione 29, rende disponibili sul suo sito www.canelatools.com alcuni contenuti di carattere informativo sulle sue attivit\u00e0.  <\/p><p data-start=\"921\" data-end=\"1107\"><strong data-start=\"921\" data-end=\"974\">Con quali finalit\u00e0 trattiamo i Vostri dati personali?<\/strong><br data-start=\"974\" data-end=\"977\">I dati personali forniti attraverso il sito web saranno trattati da EINES CANELA, S.L. d\u2019accordo alle seguenti finalit\u00e0:<\/p><p data-start=\"1109\" data-end=\"1381\">Gestire, inoltrare e rispondere a richieste, solleciti, incidenti o domande dell\u2019utente, quando questo fornisce i propri dati attraverso il modulo \u201cContatto\u201d. I dati dell\u2019utente saranno conservati a questo scopo fino a quando l\u2019utente non si oppone o revoca il suo consenso. <\/p><p data-start=\"1383\" data-end=\"1656\"><strong data-start=\"1383\" data-end=\"1428\">Per quanto tempo conserveremo i Vostri dati?<\/strong><br data-start=\"1428\" data-end=\"1431\">I dati personali forniti saranno conservati per tutta la durata del rapporto commerciale, fino a quando la loro cancellazione non sia richiesta dall\u2019interessato per un periodo di 5 anni dall\u2019ultima conferma dei vostri dati.<\/p><p data-start=\"1658\" data-end=\"2035\"><strong data-start=\"1658\" data-end=\"1720\">Quale \u00e8 la legittimazione del trattamento dei Vostri dati?<\/strong><br data-start=\"1720\" data-end=\"1723\">La base giuridica per il trattamento dei Vostri dati \u00e8 il rapporto commerciale, che riflette la finalit\u00e0 dello stesso e il consenso esplicito. L\u2019eventuale offerta di prodotti e servizi si basa sul consenso richiesto nella risposta alla mail inviata per la richiesta di informazioni.<\/p><p data-start=\"2037\" data-end=\"2978\"><strong data-start=\"2037\" data-end=\"2096\">Quali sono i vostri diritti quando ci fornite i Vostri dati?<\/strong><br data-start=\"2096\" data-end=\"2099\">Chiunque ha il diritto di ottenere la conferma che EINES CANELA, S.L. tratta dati personali che lo riguardano.<br data-start=\"2225\" data-end=\"2228\">L\u2019interessato ha il diritto di accedere ai propri dati personali, anche di chiedere la rettifica dei dati inesatti o, se \u00e8 il caso, di chiederne la cancellazione quando, tra l\u2019altro, i dati non siano pi\u00f9 necessari per gli scopi per i quali sono stati raccolti.<br data-start=\"2492\" data-end=\"2495\">In determinate circostanze, gli interessati possono chiedere la limitazione del trattamento dei loro dati, in questo caso li conserveremo soltanto per l\u2019esercizio o la difesa di reclamazioni. In determinate circostanze e per ragioni legate alla loro situazione particolare, gli interessati possono opporsi al trattamento dei loro dati. EINES CANELA, S.L. interromper\u00e0 il trattamento dei dati, all\u2019ecezione che sia per motivi legittimi e imprescindibili, o per l\u2019esercizio o la difesa di eventuali reclamazioni. <\/p><p data-start=\"2980\" data-end=\"3118\">Per esercitare tali diritti, si prega di contattare<a class=\"decorated-link cursor-pointer\" rel=\"noopener\" data-start=\"3095\" data-end=\"3117\"> canela@canelatools.com<\/a><\/p><p data-start=\"3120\" data-end=\"3302\"><strong data-start=\"3120\" data-end=\"3155\">Come abbiamo ottenuto i Vostri dati?<\/strong><br data-start=\"3155\" data-end=\"3158\">I dati personali che trattiamo in EINES CANELA, S.L. sono forniti direttamente dall\u2019utente o, in difetto, dal suo rappresentante legale.<\/p><p data-start=\"3304\" data-end=\"3452\">Le categorie di dati trattati sono:<br data-start=\"3346\" data-end=\"3349\">\u2013 Dati di identificazione<br data-start=\"3372\" data-end=\"3375\">\u2013 Indirizzi postali o elettronici<br data-start=\"3412\" data-end=\"3415\">\u2013 Informazioni commerciali<br data-start=\"3438\" data-end=\"3441\">\u2013 Immagini<\/p>\t\t\t\t\t\t\t\t<\/div>\n\t\t\t\t\t<\/div>\n\t\t\t\t<\/div>\n\t\t\t\t<\/div>\n\t\t","protected":false},"excerpt":{"rendered":"<p>Protezione dei dati Chi \u00e8 responsabile del trattamento dei vostri dati?Identit\u00e0: EINES CANELA, S.L.N\u00famero di Partita IVA: ESB-08785453Indirizzo postale: Pol. Ind. Les Guixeres \u2013 Torrent de Vallmajor 88, 08915 Badalona (Spagna).Tel: +34.93 399 85 61Fax: +34.93 383 40 00email: canela@canelatools.com Potete contattare direttamente il nostro responsabile dei dati all\u2019indirizzo: canela@canelatools.com Il proprietario di questo sito [&hellip;]<\/p>\n","protected":false},"author":1,"featured_media":0,"parent":0,"menu_order":0,"comment_status":"closed","ping_status":"closed","template":"elementor_header_footer","meta":{"footnotes":""},"class_list":["post-5740","page","type-page","status-publish","hentry"],"yoast_head":"<!-- This site is optimized with the Yoast SEO plugin v27.0 - https:\/\/yoast.com\/product\/yoast-seo-wordpress\/ -->\n<title>Protezione dei dati - Canela tools<\/title>\n<meta name=\"robots\" content=\"index, follow, max-snippet:-1, max-image-preview:large, max-video-preview:-1\" \/>\n<link rel=\"canonical\" href=\"https:\/\/canelatools.com\/it\/protezione-dei-dati\/\" \/>\n<meta property=\"og:locale\" content=\"it_IT\" \/>\n<meta property=\"og:type\" content=\"article\" \/>\n<meta property=\"og:title\" content=\"Protezione dei dati - Canela tools\" \/>\n<meta property=\"og:description\" content=\"Protezione dei dati Chi \u00e8 responsabile del trattamento dei vostri dati?Identit\u00e0: EINES CANELA, S.L.N\u00famero di Partita IVA: ESB-08785453Indirizzo postale: Pol. Ind. Les Guixeres \u2013 Torrent de Vallmajor 88, 08915 Badalona (Spagna).Tel: +34.93 399 85 61Fax: +34.93 383 40 00email: canela@canelatools.com Potete contattare direttamente il nostro responsabile dei dati all\u2019indirizzo: canela@canelatools.com Il proprietario di questo sito [&hellip;]\" \/>\n<meta property=\"og:url\" content=\"https:\/\/canelatools.com\/it\/protezione-dei-dati\/\" \/>\n<meta property=\"og:site_name\" content=\"Canela tools\" \/>\n<meta property=\"article:modified_time\" content=\"2025-12-15T08:56:45+00:00\" \/>\n<meta name=\"twitter:card\" content=\"summary_large_image\" \/>\n<meta name=\"twitter:label1\" content=\"Tempo di lettura stimato\" \/>\n\t<meta name=\"twitter:data1\" content=\"2 minuti\" \/>\n<script type=\"application\/ld+json\" class=\"yoast-schema-graph\">{\"@context\":\"https:\/\/schema.org\",\"@graph\":[{\"@type\":\"WebPage\",\"@id\":\"https:\/\/canelatools.com\/it\/protezione-dei-dati\/\",\"url\":\"https:\/\/canelatools.com\/it\/protezione-dei-dati\/\",\"name\":\"Protezione dei dati - Canela tools\",\"isPartOf\":{\"@id\":\"https:\/\/canelatools.com\/#website\"},\"datePublished\":\"2025-12-04T12:38:38+00:00\",\"dateModified\":\"2025-12-15T08:56:45+00:00\",\"breadcrumb\":{\"@id\":\"https:\/\/canelatools.com\/it\/protezione-dei-dati\/#breadcrumb\"},\"inLanguage\":\"it-IT\",\"potentialAction\":[{\"@type\":\"ReadAction\",\"target\":[\"https:\/\/canelatools.com\/it\/protezione-dei-dati\/\"]}]},{\"@type\":\"BreadcrumbList\",\"@id\":\"https:\/\/canelatools.com\/it\/protezione-dei-dati\/#breadcrumb\",\"itemListElement\":[{\"@type\":\"ListItem\",\"position\":1,\"name\":\"Portada\",\"item\":\"https:\/\/canelatools.com\/\"},{\"@type\":\"ListItem\",\"position\":2,\"name\":\"Protezione dei dati\"}]},{\"@type\":\"WebSite\",\"@id\":\"https:\/\/canelatools.com\/#website\",\"url\":\"https:\/\/canelatools.com\/\",\"name\":\"Canela tools\",\"description\":\"\",\"potentialAction\":[{\"@type\":\"SearchAction\",\"target\":{\"@type\":\"EntryPoint\",\"urlTemplate\":\"https:\/\/canelatools.com\/?s={search_term_string}\"},\"query-input\":{\"@type\":\"PropertyValueSpecification\",\"valueRequired\":true,\"valueName\":\"search_term_string\"}}],\"inLanguage\":\"it-IT\"}]}<\/script>\n<!-- \/ Yoast SEO plugin. -->","yoast_head_json":{"title":"Protezione dei dati - Canela tools","robots":{"index":"index","follow":"follow","max-snippet":"max-snippet:-1","max-image-preview":"max-image-preview:large","max-video-preview":"max-video-preview:-1"},"canonical":"https:\/\/canelatools.com\/it\/protezione-dei-dati\/","og_locale":"it_IT","og_type":"article","og_title":"Protezione dei dati - Canela tools","og_description":"Protezione dei dati Chi \u00e8 responsabile del trattamento dei vostri dati?Identit\u00e0: EINES CANELA, S.L.N\u00famero di Partita IVA: ESB-08785453Indirizzo postale: Pol. Ind. Les Guixeres \u2013 Torrent de Vallmajor 88, 08915 Badalona (Spagna).Tel: +34.93 399 85 61Fax: +34.93 383 40 00email: canela@canelatools.com Potete contattare direttamente il nostro responsabile dei dati all\u2019indirizzo: canela@canelatools.com Il proprietario di questo sito [&hellip;]","og_url":"https:\/\/canelatools.com\/it\/protezione-dei-dati\/","og_site_name":"Canela tools","article_modified_time":"2025-12-15T08:56:45+00:00","twitter_card":"summary_large_image","twitter_misc":{"Tempo di lettura stimato":"2 minuti"},"schema":{"@context":"https:\/\/schema.org","@graph":[{"@type":"WebPage","@id":"https:\/\/canelatools.com\/it\/protezione-dei-dati\/","url":"https:\/\/canelatools.com\/it\/protezione-dei-dati\/","name":"Protezione dei dati - Canela tools","isPartOf":{"@id":"https:\/\/canelatools.com\/#website"},"datePublished":"2025-12-04T12:38:38+00:00","dateModified":"2025-12-15T08:56:45+00:00","breadcrumb":{"@id":"https:\/\/canelatools.com\/it\/protezione-dei-dati\/#breadcrumb"},"inLanguage":"it-IT","potentialAction":[{"@type":"ReadAction","target":["https:\/\/canelatools.com\/it\/protezione-dei-dati\/"]}]},{"@type":"BreadcrumbList","@id":"https:\/\/canelatools.com\/it\/protezione-dei-dati\/#breadcrumb","itemListElement":[{"@type":"ListItem","position":1,"name":"Portada","item":"https:\/\/canelatools.com\/"},{"@type":"ListItem","position":2,"name":"Protezione dei dati"}]},{"@type":"WebSite","@id":"https:\/\/canelatools.com\/#website","url":"https:\/\/canelatools.com\/","name":"Canela tools","description":"","potentialAction":[{"@type":"SearchAction","target":{"@type":"EntryPoint","urlTemplate":"https:\/\/canelatools.com\/?s={search_term_string}"},"query-input":{"@type":"PropertyValueSpecification","valueRequired":true,"valueName":"search_term_string"}}],"inLanguage":"it-IT"}]}},"_links":{"self":[{"href":"https:\/\/canelatools.com\/it\/wp-json\/wp\/v2\/pages\/5740","targetHints":{"allow":["GET"]}}],"collection":[{"href":"https:\/\/canelatools.com\/it\/wp-json\/wp\/v2\/pages"}],"about":[{"href":"https:\/\/canelatools.com\/it\/wp-json\/wp\/v2\/types\/page"}],"author":[{"embeddable":true,"href":"https:\/\/canelatools.com\/it\/wp-json\/wp\/v2\/users\/1"}],"replies":[{"embeddable":true,"href":"https:\/\/canelatools.com\/it\/wp-json\/wp\/v2\/comments?post=5740"}],"version-history":[{"count":1,"href":"https:\/\/canelatools.com\/it\/wp-json\/wp\/v2\/pages\/5740\/revisions"}],"predecessor-version":[{"id":5741,"href":"https:\/\/canelatools.com\/it\/wp-json\/wp\/v2\/pages\/5740\/revisions\/5741"}],"wp:attachment":[{"href":"https:\/\/canelatools.com\/it\/wp-json\/wp\/v2\/media?parent=5740"}],"curies":[{"name":"wp","href":"https:\/\/api.w.org\/{rel}","templated":true}]}}