{"id":5759,"date":"2025-11-25T14:35:11","date_gmt":"2025-11-25T14:35:11","guid":{"rendered":"https:\/\/canelatools.com\/filettatura\/"},"modified":"2026-02-11T10:24:25","modified_gmt":"2026-02-11T10:24:25","slug":"filettatura","status":"publish","type":"page","link":"https:\/\/canelatools.com\/it\/filettatura\/","title":{"rendered":"Filettatura"},"content":{"rendered":"\t\t<div data-elementor-type=\"wp-page\" data-elementor-id=\"5759\" class=\"elementor elementor-5759 elementor-690\" data-elementor-post-type=\"page\">\n\t\t\t\t<div class=\"elementor-element elementor-element-bb4c2e2 e-flex e-con-boxed e-con e-parent\" data-id=\"bb4c2e2\" data-element_type=\"container\" data-e-type=\"container\" data-settings=\"{&quot;background_background&quot;:&quot;slideshow&quot;,&quot;background_slideshow_gallery&quot;:[{&quot;id&quot;:5755,&quot;url&quot;:&quot;https:\\\/\\\/canelatools.com\\\/wp-content\\\/uploads\\\/2025\\\/11\\\/slider-roscado.jpg&quot;}],&quot;background_slideshow_loop&quot;:&quot;yes&quot;,&quot;background_slideshow_slide_duration&quot;:5000,&quot;background_slideshow_slide_transition&quot;:&quot;fade&quot;,&quot;background_slideshow_transition_duration&quot;:500}\">\n\t\t\t\t\t<div class=\"e-con-inner\">\n\t\t\t\t<div class=\"elementor-element elementor-element-593361d elementor-widget elementor-widget-heading\" data-id=\"593361d\" data-element_type=\"widget\" data-e-type=\"widget\" data-widget_type=\"heading.default\">\n\t\t\t\t\t<h1 class=\"elementor-heading-title elementor-size-default\">Filettatura<\/h1>\t\t\t\t<\/div>\n\t\t\t\t<div class=\"elementor-element elementor-element-3fb571b elementor-widget-divider--view-line elementor-widget elementor-widget-divider\" data-id=\"3fb571b\" data-element_type=\"widget\" data-e-type=\"widget\" data-widget_type=\"divider.default\">\n\t\t\t\t\t\t\t<div class=\"elementor-divider\">\n\t\t\t<span class=\"elementor-divider-separator\">\n\t\t\t\t\t\t<\/span>\n\t\t<\/div>\n\t\t\t\t\t\t<\/div>\n\t\t\t\t\t<\/div>\n\t\t\t\t<\/div>\n\t\t<div class=\"elementor-element elementor-element-88815f8 e-flex e-con-boxed e-con e-parent\" data-id=\"88815f8\" data-element_type=\"container\" data-e-type=\"container\">\n\t\t\t\t\t<div class=\"e-con-inner\">\n\t\t<div class=\"elementor-element elementor-element-52e2c6d e-con-full e-flex e-con e-child\" data-id=\"52e2c6d\" data-element_type=\"container\" data-e-type=\"container\">\n\t\t\t\t<div class=\"elementor-element elementor-element-cfc9890 elementor-widget elementor-widget-heading\" data-id=\"cfc9890\" data-element_type=\"widget\" data-e-type=\"widget\" data-widget_type=\"heading.default\">\n\t\t\t\t\t<h2 class=\"elementor-heading-title elementor-size-default\">Filettatura<\/h2>\t\t\t\t<\/div>\n\t\t\t\t<div class=\"elementor-element elementor-element-5e59464 elementor-widget-divider--view-line elementor-widget elementor-widget-divider\" data-id=\"5e59464\" data-element_type=\"widget\" data-e-type=\"widget\" data-widget_type=\"divider.default\">\n\t\t\t\t\t\t\t<div class=\"elementor-divider\">\n\t\t\t<span class=\"elementor-divider-separator\">\n\t\t\t\t\t\t<\/span>\n\t\t<\/div>\n\t\t\t\t\t\t<\/div>\n\t\t\t\t<div class=\"elementor-element elementor-element-62946fc elementor-widget elementor-widget-text-editor\" data-id=\"62946fc\" data-element_type=\"widget\" data-e-type=\"widget\" data-widget_type=\"text-editor.default\">\n\t\t\t\t\t\t\t\t\t<p><span data-teams=\"true\">Vasta gamma di filettatura con la possibilit\u00e0 di scegliere tra due sistemi di fissaggio, a vite oppure a staffa. Pi\u00f9 di 1200 diverse combinazioni di profili e di passi di filetto in due qualit\u00e0 multifunzionali. <\/span><\/p><p><span data-teams=\"true\"> Programma specifico per l\u2019industria petrolifera con tutti gli inserti per filetti API, e c\u2019\u00e8 anche la possibilit\u00e0 di fabbricare dei passi oppure delle forme di filetto speciali.<br><\/span><\/p><p>Utensili di filettatura standard e speciali per l\u2019industria petrolifera, l\u2019automobilistica e le industrie di lavorazione generale.<\/p>\t\t\t\t\t\t\t\t<\/div>\n\t\t\t\t<\/div>\n\t\t<div class=\"elementor-element elementor-element-6751c37 e-con-full e-flex e-con e-child\" data-id=\"6751c37\" data-element_type=\"container\" data-e-type=\"container\">\n\t\t\t\t<div class=\"elementor-element elementor-element-ebc60e0 elementor-widget elementor-widget-image\" data-id=\"ebc60e0\" data-element_type=\"widget\" data-e-type=\"widget\" data-widget_type=\"image.default\">\n\t\t\t\t\t\t\t\t\t\t\t\t\t\t\t<img fetchpriority=\"high\" decoding=\"async\" width=\"800\" height=\"431\" src=\"https:\/\/canelatools.com\/wp-content\/uploads\/2025\/11\/roscado01-1.jpg\" class=\"attachment-large size-large wp-image-5756\" alt=\"\" srcset=\"https:\/\/canelatools.com\/wp-content\/uploads\/2025\/11\/roscado01-1.jpg 956w, https:\/\/canelatools.com\/wp-content\/uploads\/2025\/11\/roscado01-1-300x162.jpg 300w, https:\/\/canelatools.com\/wp-content\/uploads\/2025\/11\/roscado01-1-768x414.jpg 768w\" sizes=\"(max-width: 800px) 100vw, 800px\" \/>\t\t\t\t\t\t\t\t\t\t\t\t\t\t\t<\/div>\n\t\t\t\t<\/div>\n\t\t\t\t\t<\/div>\n\t\t\t\t<\/div>\n\t\t<div class=\"elementor-element elementor-element-f7c0021 elementor-hidden-desktop elementor-hidden-tablet e-flex e-con-boxed e-con e-parent\" data-id=\"f7c0021\" data-element_type=\"container\" data-e-type=\"container\">\n\t\t\t\t\t<div class=\"e-con-inner\">\n\t\t<div class=\"elementor-element elementor-element-6347b37 e-con-full e-flex e-con e-child\" data-id=\"6347b37\" data-element_type=\"container\" data-e-type=\"container\">\n\t\t\t\t<div class=\"elementor-element elementor-element-78612fa elementor-widget__width-initial elementor-widget elementor-widget-image\" data-id=\"78612fa\" data-element_type=\"widget\" data-e-type=\"widget\" data-widget_type=\"image.default\">\n\t\t\t\t\t\t\t\t\t\t\t\t\t\t\t<img decoding=\"async\" width=\"600\" height=\"98\" src=\"https:\/\/canelatools.com\/wp-content\/uploads\/2025\/11\/ES_plaquitas-ERM.png\" class=\"attachment-full size-full wp-image-5757\" alt=\"\" srcset=\"https:\/\/canelatools.com\/wp-content\/uploads\/2025\/11\/ES_plaquitas-ERM.png 600w, https:\/\/canelatools.com\/wp-content\/uploads\/2025\/11\/ES_plaquitas-ERM-300x49.png 300w\" sizes=\"(max-width: 600px) 100vw, 600px\" \/>\t\t\t\t\t\t\t\t\t\t\t\t\t\t\t<\/div>\n\t\t\t\t<div class=\"elementor-element elementor-element-49e828a elementor-widget-divider--view-line elementor-widget elementor-widget-divider\" data-id=\"49e828a\" data-element_type=\"widget\" data-e-type=\"widget\" data-widget_type=\"divider.default\">\n\t\t\t\t\t\t\t<div class=\"elementor-divider\">\n\t\t\t<span class=\"elementor-divider-separator\">\n\t\t\t\t\t\t<\/span>\n\t\t<\/div>\n\t\t\t\t\t\t<\/div>\n\t\t\t\t<div class=\"elementor-element elementor-element-d60635c elementor-widget elementor-widget-text-editor\" data-id=\"d60635c\" data-element_type=\"widget\" data-e-type=\"widget\" data-widget_type=\"text-editor.default\">\n\t\t\t\t\t\t\t\t\t<ul><li><span data-teams=\"true\">Efficacia dei costi <\/span><\/li><li><span data-teams=\"true\">Controllo migliorato del rompitruciolo <\/span><\/li><li><span data-teams=\"true\">Una soluzione per tutti i tipi di materiali<\/span><\/li><\/ul>\t\t\t\t\t\t\t\t<\/div>\n\t\t\t\t<div class=\"elementor-element elementor-element-63b1edf elementor-widget elementor-widget-video\" data-id=\"63b1edf\" data-element_type=\"widget\" data-e-type=\"widget\" data-settings=\"{&quot;youtube_url&quot;:&quot;https:\\\/\\\/www.youtube.com\\\/watch?v=OxRwfL_Igrg&quot;,&quot;video_type&quot;:&quot;youtube&quot;,&quot;controls&quot;:&quot;yes&quot;}\" data-widget_type=\"video.default\">\n\t\t\t\t\t\t\t<div class=\"elementor-wrapper elementor-open-inline\">\n\t\t\t<div class=\"elementor-video\"><\/div>\t\t<\/div>\n\t\t\t\t\t\t<\/div>\n\t\t\t\t<\/div>\n\t\t<div class=\"elementor-element elementor-element-6260d4f e-con-full e-flex e-con e-child\" data-id=\"6260d4f\" data-element_type=\"container\" data-e-type=\"container\" data-settings=\"{&quot;background_background&quot;:&quot;slideshow&quot;,&quot;background_slideshow_gallery&quot;:[{&quot;id&quot;:5758,&quot;url&quot;:&quot;https:\\\/\\\/canelatools.com\\\/wp-content\\\/uploads\\\/2025\\\/11\\\/roscado02-scaled.jpg&quot;}],&quot;background_slideshow_loop&quot;:&quot;yes&quot;,&quot;background_slideshow_slide_duration&quot;:5000,&quot;background_slideshow_slide_transition&quot;:&quot;fade&quot;,&quot;background_slideshow_transition_duration&quot;:500}\">\n\t\t\t\t<\/div>\n\t\t\t\t\t<\/div>\n\t\t\t\t<\/div>\n\t\t<div class=\"elementor-element elementor-element-59567fd elementor-hidden-mobile e-flex e-con-boxed e-con e-parent\" data-id=\"59567fd\" data-element_type=\"container\" data-e-type=\"container\" data-settings=\"{&quot;background_background&quot;:&quot;slideshow&quot;,&quot;background_slideshow_gallery&quot;:[{&quot;id&quot;:5758,&quot;url&quot;:&quot;https:\\\/\\\/canelatools.com\\\/wp-content\\\/uploads\\\/2025\\\/11\\\/roscado02-scaled.jpg&quot;}],&quot;background_slideshow_loop&quot;:&quot;yes&quot;,&quot;background_slideshow_slide_duration&quot;:5000,&quot;background_slideshow_slide_transition&quot;:&quot;fade&quot;,&quot;background_slideshow_transition_duration&quot;:500}\">\n\t\t\t\t\t<div class=\"e-con-inner\">\n\t\t<div class=\"elementor-element elementor-element-6cf3ca7 e-con-full e-flex e-con e-child\" data-id=\"6cf3ca7\" data-element_type=\"container\" data-e-type=\"container\">\n\t\t\t\t<\/div>\n\t\t<div class=\"elementor-element elementor-element-787ea89 e-con-full e-flex e-con e-child\" data-id=\"787ea89\" data-element_type=\"container\" data-e-type=\"container\">\n\t\t\t\t<div class=\"elementor-element elementor-element-631c96f elementor-widget__width-initial elementor-widget elementor-widget-image\" data-id=\"631c96f\" data-element_type=\"widget\" data-e-type=\"widget\" data-widget_type=\"image.default\">\n\t\t\t\t\t\t\t\t\t\t\t\t\t\t\t<img decoding=\"async\" width=\"388\" height=\"97\" src=\"https:\/\/canelatools.com\/wp-content\/uploads\/2026\/02\/IT_plaquitas-ERM-e1651222335648.png\" class=\"attachment-full size-full wp-image-10364\" alt=\"\" srcset=\"https:\/\/canelatools.com\/wp-content\/uploads\/2026\/02\/IT_plaquitas-ERM-e1651222335648.png 388w, https:\/\/canelatools.com\/wp-content\/uploads\/2026\/02\/IT_plaquitas-ERM-e1651222335648-300x75.png 300w\" sizes=\"(max-width: 388px) 100vw, 388px\" \/>\t\t\t\t\t\t\t\t\t\t\t\t\t\t\t<\/div>\n\t\t\t\t<div class=\"elementor-element elementor-element-4d9dcb8 elementor-widget-divider--view-line elementor-widget elementor-widget-divider\" data-id=\"4d9dcb8\" data-element_type=\"widget\" data-e-type=\"widget\" data-widget_type=\"divider.default\">\n\t\t\t\t\t\t\t<div class=\"elementor-divider\">\n\t\t\t<span class=\"elementor-divider-separator\">\n\t\t\t\t\t\t<\/span>\n\t\t<\/div>\n\t\t\t\t\t\t<\/div>\n\t\t\t\t<div class=\"elementor-element elementor-element-b4cf106 elementor-widget elementor-widget-text-editor\" data-id=\"b4cf106\" data-element_type=\"widget\" data-e-type=\"widget\" data-widget_type=\"text-editor.default\">\n\t\t\t\t\t\t\t\t\t<ul><li>Costo-efficacia<\/li><li>Controllo dei rompi-trucioli migliorato<\/li><li><span data-teams=\"true\">Una soluzione per tutti i tipi di materiali<\/span><\/li><\/ul>\t\t\t\t\t\t\t\t<\/div>\n\t\t\t\t<div class=\"elementor-element elementor-element-d4c1660 elementor-widget elementor-widget-video\" data-id=\"d4c1660\" data-element_type=\"widget\" data-e-type=\"widget\" data-settings=\"{&quot;youtube_url&quot;:&quot;https:\\\/\\\/www.youtube.com\\\/watch?v=OxRwfL_Igrg&quot;,&quot;video_type&quot;:&quot;youtube&quot;,&quot;controls&quot;:&quot;yes&quot;}\" data-widget_type=\"video.default\">\n\t\t\t\t\t\t\t<div class=\"elementor-wrapper elementor-open-inline\">\n\t\t\t<div class=\"elementor-video\"><\/div>\t\t<\/div>\n\t\t\t\t\t\t<\/div>\n\t\t\t\t<\/div>\n\t\t\t\t\t<\/div>\n\t\t\t\t<\/div>\n\t\t\t\t<\/div>\n\t\t","protected":false},"excerpt":{"rendered":"<p>Filettatura Filettatura Vasta gamma di filettatura con la possibilit\u00e0 di scegliere tra due sistemi di fissaggio, a vite oppure a staffa. Pi\u00f9 di 1200 diverse combinazioni di profili e di passi di filetto in due qualit\u00e0 multifunzionali. Programma specifico per l\u2019industria petrolifera con tutti gli inserti per filetti API, e c\u2019\u00e8 anche la possibilit\u00e0 di [&hellip;]<\/p>\n","protected":false},"author":1,"featured_media":0,"parent":0,"menu_order":0,"comment_status":"closed","ping_status":"closed","template":"elementor_header_footer","meta":{"footnotes":""},"class_list":["post-5759","page","type-page","status-publish","hentry"],"yoast_head":"<!-- This site is optimized with the Yoast SEO plugin v27.0 - https:\/\/yoast.com\/product\/yoast-seo-wordpress\/ -->\n<title>Filettatura - Canela tools<\/title>\n<meta name=\"robots\" content=\"index, follow, max-snippet:-1, max-image-preview:large, max-video-preview:-1\" \/>\n<link rel=\"canonical\" href=\"https:\/\/canelatools.com\/it\/filettatura\/\" \/>\n<meta property=\"og:locale\" content=\"it_IT\" \/>\n<meta property=\"og:type\" content=\"article\" \/>\n<meta property=\"og:title\" content=\"Filettatura - Canela tools\" \/>\n<meta property=\"og:description\" content=\"Filettatura Filettatura Vasta gamma di filettatura con la possibilit\u00e0 di scegliere tra due sistemi di fissaggio, a vite oppure a staffa. Pi\u00f9 di 1200 diverse combinazioni di profili e di passi di filetto in due qualit\u00e0 multifunzionali. Programma specifico per l\u2019industria petrolifera con tutti gli inserti per filetti API, e c\u2019\u00e8 anche la possibilit\u00e0 di [&hellip;]\" \/>\n<meta property=\"og:url\" content=\"https:\/\/canelatools.com\/it\/filettatura\/\" \/>\n<meta property=\"og:site_name\" content=\"Canela tools\" \/>\n<meta property=\"article:modified_time\" content=\"2026-02-11T10:24:25+00:00\" \/>\n<meta property=\"og:image\" content=\"https:\/\/canelatools.com\/wp-content\/uploads\/2025\/11\/roscado01-1.jpg\" \/>\n\t<meta property=\"og:image:width\" content=\"956\" \/>\n\t<meta property=\"og:image:height\" content=\"515\" \/>\n\t<meta property=\"og:image:type\" content=\"image\/jpeg\" \/>\n<meta name=\"twitter:card\" content=\"summary_large_image\" \/>\n<meta name=\"twitter:label1\" content=\"Tempo di lettura stimato\" \/>\n\t<meta name=\"twitter:data1\" content=\"1 minuto\" \/>\n<script type=\"application\/ld+json\" class=\"yoast-schema-graph\">{\"@context\":\"https:\/\/schema.org\",\"@graph\":[{\"@type\":\"WebPage\",\"@id\":\"https:\/\/canelatools.com\/it\/filettatura\/\",\"url\":\"https:\/\/canelatools.com\/it\/filettatura\/\",\"name\":\"Filettatura - Canela tools\",\"isPartOf\":{\"@id\":\"https:\/\/canelatools.com\/#website\"},\"primaryImageOfPage\":{\"@id\":\"https:\/\/canelatools.com\/it\/filettatura\/#primaryimage\"},\"image\":{\"@id\":\"https:\/\/canelatools.com\/it\/filettatura\/#primaryimage\"},\"thumbnailUrl\":\"https:\/\/canelatools.com\/wp-content\/uploads\/2025\/11\/roscado01-1.jpg\",\"datePublished\":\"2025-11-25T14:35:11+00:00\",\"dateModified\":\"2026-02-11T10:24:25+00:00\",\"breadcrumb\":{\"@id\":\"https:\/\/canelatools.com\/it\/filettatura\/#breadcrumb\"},\"inLanguage\":\"it-IT\",\"potentialAction\":[{\"@type\":\"ReadAction\",\"target\":[\"https:\/\/canelatools.com\/it\/filettatura\/\"]}]},{\"@type\":\"ImageObject\",\"inLanguage\":\"it-IT\",\"@id\":\"https:\/\/canelatools.com\/it\/filettatura\/#primaryimage\",\"url\":\"https:\/\/canelatools.com\/wp-content\/uploads\/2025\/11\/roscado01-1.jpg\",\"contentUrl\":\"https:\/\/canelatools.com\/wp-content\/uploads\/2025\/11\/roscado01-1.jpg\"},{\"@type\":\"BreadcrumbList\",\"@id\":\"https:\/\/canelatools.com\/it\/filettatura\/#breadcrumb\",\"itemListElement\":[{\"@type\":\"ListItem\",\"position\":1,\"name\":\"Portada\",\"item\":\"https:\/\/canelatools.com\/\"},{\"@type\":\"ListItem\",\"position\":2,\"name\":\"Filettatura\"}]},{\"@type\":\"WebSite\",\"@id\":\"https:\/\/canelatools.com\/#website\",\"url\":\"https:\/\/canelatools.com\/\",\"name\":\"Canela tools\",\"description\":\"\",\"potentialAction\":[{\"@type\":\"SearchAction\",\"target\":{\"@type\":\"EntryPoint\",\"urlTemplate\":\"https:\/\/canelatools.com\/?s={search_term_string}\"},\"query-input\":{\"@type\":\"PropertyValueSpecification\",\"valueRequired\":true,\"valueName\":\"search_term_string\"}}],\"inLanguage\":\"it-IT\"}]}<\/script>\n<!-- \/ Yoast SEO plugin. -->","yoast_head_json":{"title":"Filettatura - Canela tools","robots":{"index":"index","follow":"follow","max-snippet":"max-snippet:-1","max-image-preview":"max-image-preview:large","max-video-preview":"max-video-preview:-1"},"canonical":"https:\/\/canelatools.com\/it\/filettatura\/","og_locale":"it_IT","og_type":"article","og_title":"Filettatura - Canela tools","og_description":"Filettatura Filettatura Vasta gamma di filettatura con la possibilit\u00e0 di scegliere tra due sistemi di fissaggio, a vite oppure a staffa. Pi\u00f9 di 1200 diverse combinazioni di profili e di passi di filetto in due qualit\u00e0 multifunzionali. Programma specifico per l\u2019industria petrolifera con tutti gli inserti per filetti API, e c\u2019\u00e8 anche la possibilit\u00e0 di [&hellip;]","og_url":"https:\/\/canelatools.com\/it\/filettatura\/","og_site_name":"Canela tools","article_modified_time":"2026-02-11T10:24:25+00:00","og_image":[{"width":956,"height":515,"url":"https:\/\/canelatools.com\/wp-content\/uploads\/2025\/11\/roscado01-1.jpg","type":"image\/jpeg"}],"twitter_card":"summary_large_image","twitter_misc":{"Tempo di lettura stimato":"1 minuto"},"schema":{"@context":"https:\/\/schema.org","@graph":[{"@type":"WebPage","@id":"https:\/\/canelatools.com\/it\/filettatura\/","url":"https:\/\/canelatools.com\/it\/filettatura\/","name":"Filettatura - Canela tools","isPartOf":{"@id":"https:\/\/canelatools.com\/#website"},"primaryImageOfPage":{"@id":"https:\/\/canelatools.com\/it\/filettatura\/#primaryimage"},"image":{"@id":"https:\/\/canelatools.com\/it\/filettatura\/#primaryimage"},"thumbnailUrl":"https:\/\/canelatools.com\/wp-content\/uploads\/2025\/11\/roscado01-1.jpg","datePublished":"2025-11-25T14:35:11+00:00","dateModified":"2026-02-11T10:24:25+00:00","breadcrumb":{"@id":"https:\/\/canelatools.com\/it\/filettatura\/#breadcrumb"},"inLanguage":"it-IT","potentialAction":[{"@type":"ReadAction","target":["https:\/\/canelatools.com\/it\/filettatura\/"]}]},{"@type":"ImageObject","inLanguage":"it-IT","@id":"https:\/\/canelatools.com\/it\/filettatura\/#primaryimage","url":"https:\/\/canelatools.com\/wp-content\/uploads\/2025\/11\/roscado01-1.jpg","contentUrl":"https:\/\/canelatools.com\/wp-content\/uploads\/2025\/11\/roscado01-1.jpg"},{"@type":"BreadcrumbList","@id":"https:\/\/canelatools.com\/it\/filettatura\/#breadcrumb","itemListElement":[{"@type":"ListItem","position":1,"name":"Portada","item":"https:\/\/canelatools.com\/"},{"@type":"ListItem","position":2,"name":"Filettatura"}]},{"@type":"WebSite","@id":"https:\/\/canelatools.com\/#website","url":"https:\/\/canelatools.com\/","name":"Canela tools","description":"","potentialAction":[{"@type":"SearchAction","target":{"@type":"EntryPoint","urlTemplate":"https:\/\/canelatools.com\/?s={search_term_string}"},"query-input":{"@type":"PropertyValueSpecification","valueRequired":true,"valueName":"search_term_string"}}],"inLanguage":"it-IT"}]}},"_links":{"self":[{"href":"https:\/\/canelatools.com\/it\/wp-json\/wp\/v2\/pages\/5759","targetHints":{"allow":["GET"]}}],"collection":[{"href":"https:\/\/canelatools.com\/it\/wp-json\/wp\/v2\/pages"}],"about":[{"href":"https:\/\/canelatools.com\/it\/wp-json\/wp\/v2\/types\/page"}],"author":[{"embeddable":true,"href":"https:\/\/canelatools.com\/it\/wp-json\/wp\/v2\/users\/1"}],"replies":[{"embeddable":true,"href":"https:\/\/canelatools.com\/it\/wp-json\/wp\/v2\/comments?post=5759"}],"version-history":[{"count":13,"href":"https:\/\/canelatools.com\/it\/wp-json\/wp\/v2\/pages\/5759\/revisions"}],"predecessor-version":[{"id":10979,"href":"https:\/\/canelatools.com\/it\/wp-json\/wp\/v2\/pages\/5759\/revisions\/10979"}],"wp:attachment":[{"href":"https:\/\/canelatools.com\/it\/wp-json\/wp\/v2\/media?parent=5759"}],"curies":[{"name":"wp","href":"https:\/\/api.w.org\/{rel}","templated":true}]}}