{"id":5890,"date":"2025-11-25T11:46:17","date_gmt":"2025-11-25T11:46:17","guid":{"rendered":"https:\/\/canelatools.com\/torneamento\/"},"modified":"2026-02-05T11:40:38","modified_gmt":"2026-02-05T11:40:38","slug":"torneamento","status":"publish","type":"page","link":"https:\/\/canelatools.com\/pt-pt\/torneamento\/","title":{"rendered":"Torneamento"},"content":{"rendered":"\t\t<div data-elementor-type=\"wp-page\" data-elementor-id=\"5890\" class=\"elementor elementor-5890 elementor-567\" data-elementor-post-type=\"page\">\n\t\t\t\t<div class=\"elementor-element elementor-element-5d1719d e-flex e-con-boxed e-con e-parent\" data-id=\"5d1719d\" data-element_type=\"container\" data-e-type=\"container\" data-settings=\"{&quot;background_background&quot;:&quot;slideshow&quot;,&quot;background_slideshow_gallery&quot;:[{&quot;id&quot;:5882,&quot;url&quot;:&quot;https:\\\/\\\/canelatools.com\\\/wp-content\\\/uploads\\\/2025\\\/11\\\/slider-torneado.jpg&quot;}],&quot;background_slideshow_loop&quot;:&quot;yes&quot;,&quot;background_slideshow_slide_duration&quot;:5000,&quot;background_slideshow_slide_transition&quot;:&quot;fade&quot;,&quot;background_slideshow_transition_duration&quot;:500}\">\n\t\t\t\t\t<div class=\"e-con-inner\">\n\t\t\t\t<div class=\"elementor-element elementor-element-d1a6f1e elementor-widget elementor-widget-heading\" data-id=\"d1a6f1e\" data-element_type=\"widget\" data-e-type=\"widget\" data-widget_type=\"heading.default\">\n\t\t\t\t\t<h1 class=\"elementor-heading-title elementor-size-default\">Torneamento<\/h1>\t\t\t\t<\/div>\n\t\t\t\t<div class=\"elementor-element elementor-element-aec66f7 elementor-widget-divider--view-line elementor-widget elementor-widget-divider\" data-id=\"aec66f7\" data-element_type=\"widget\" data-e-type=\"widget\" data-widget_type=\"divider.default\">\n\t\t\t\t\t\t\t<div class=\"elementor-divider\">\n\t\t\t<span class=\"elementor-divider-separator\">\n\t\t\t\t\t\t<\/span>\n\t\t<\/div>\n\t\t\t\t\t\t<\/div>\n\t\t\t\t\t<\/div>\n\t\t\t\t<\/div>\n\t\t<div class=\"elementor-element elementor-element-3b2975a e-flex e-con-boxed e-con e-parent\" data-id=\"3b2975a\" data-element_type=\"container\" data-e-type=\"container\" data-settings=\"{&quot;background_background&quot;:&quot;classic&quot;}\">\n\t\t\t\t\t<div class=\"e-con-inner\">\n\t\t<div class=\"elementor-element elementor-element-cd51f70 e-con-full e-flex e-con e-child\" data-id=\"cd51f70\" data-element_type=\"container\" data-e-type=\"container\" data-settings=\"{&quot;background_background&quot;:&quot;classic&quot;}\">\n\t\t\t\t<div class=\"elementor-element elementor-element-30d882e elementor-widget elementor-widget-heading\" data-id=\"30d882e\" data-element_type=\"widget\" data-e-type=\"widget\" data-widget_type=\"heading.default\">\n\t\t\t\t\t<h2 class=\"elementor-heading-title elementor-size-default\">Torneamento<\/h2>\t\t\t\t<\/div>\n\t\t\t\t<div class=\"elementor-element elementor-element-91ffd0a elementor-widget-divider--view-line elementor-widget elementor-widget-divider\" data-id=\"91ffd0a\" data-element_type=\"widget\" data-e-type=\"widget\" data-widget_type=\"divider.default\">\n\t\t\t\t\t\t\t<div class=\"elementor-divider\">\n\t\t\t<span class=\"elementor-divider-separator\">\n\t\t\t\t\t\t<\/span>\n\t\t<\/div>\n\t\t\t\t\t\t<\/div>\n\t\t\t\t<div class=\"elementor-element elementor-element-f85208f elementor-widget elementor-widget-text-editor\" data-id=\"f85208f\" data-element_type=\"widget\" data-e-type=\"widget\" data-widget_type=\"text-editor.default\">\n\t\t\t\t\t\t\t\t\t<p>As ferramentas padr\u00e3o ISO executam a maior parte da mecaniza\u00e7\u00e3o na ind\u00fastria metal\u00fargica. As aplica\u00e7\u00f5es s\u00e3o desde o acabamento ao desbaste. Como fornecedor de linha completa de ferramentas de mecaniza\u00e7\u00e3o, a Canela oferece uma gama completa de ferramentas ISO e fornecemos todas as geometrias padr\u00e3o.  <\/p><p>A linha de torneamento ISO oferece uma solu\u00e7\u00e3o completa para todos os tipos de aplica\u00e7\u00f5es e materiais, com geometrias inovadoras combinadas com a dureza das pastilhas, projetadas para atender \u00e0s solicita\u00e7\u00f5es dos clientes e aumentar a vida \u00fatil e produtividade da ferramenta.<\/p>\t\t\t\t\t\t\t\t<\/div>\n\t\t\t\t<\/div>\n\t\t<div class=\"elementor-element elementor-element-82a4aae e-con-full e-flex e-con e-child\" data-id=\"82a4aae\" data-element_type=\"container\" data-e-type=\"container\" data-settings=\"{&quot;background_background&quot;:&quot;slideshow&quot;,&quot;background_slideshow_gallery&quot;:[{&quot;id&quot;:5883,&quot;url&quot;:&quot;https:\\\/\\\/canelatools.com\\\/wp-content\\\/uploads\\\/2025\\\/11\\\/torneado-producto-1.jpg&quot;}],&quot;background_slideshow_slide_duration&quot;:5000,&quot;background_slideshow_slide_transition&quot;:&quot;fade&quot;,&quot;background_slideshow_transition_duration&quot;:500}\">\n\t\t\t\t<\/div>\n\t\t\t\t\t<\/div>\n\t\t\t\t<\/div>\n\t\t<div class=\"elementor-element elementor-element-b095b6b e-grid e-con-boxed e-con e-parent\" data-id=\"b095b6b\" data-element_type=\"container\" data-e-type=\"container\">\n\t\t\t\t\t<div class=\"e-con-inner\">\n\t\t\t\t<div class=\"elementor-element elementor-element-0101d10 elementor-position-top elementor-widget elementor-widget-image-box\" data-id=\"0101d10\" data-element_type=\"widget\" data-e-type=\"widget\" data-widget_type=\"image-box.default\">\n\t\t\t\t\t<div class=\"elementor-image-box-wrapper\"><figure class=\"elementor-image-box-img\"><a href=\"https:\/\/canelatools-store.com\/en\/11-turning-inserts\" tabindex=\"-1\"><img fetchpriority=\"high\" decoding=\"async\" width=\"512\" height=\"360\" src=\"https:\/\/canelatools.com\/wp-content\/uploads\/2025\/11\/plaquitas-torneado.jpg\" class=\"attachment-full size-full wp-image-5884\" alt=\"\" srcset=\"https:\/\/canelatools.com\/wp-content\/uploads\/2025\/11\/plaquitas-torneado.jpg 512w, https:\/\/canelatools.com\/wp-content\/uploads\/2025\/11\/plaquitas-torneado-300x211.jpg 300w\" sizes=\"(max-width: 512px) 100vw, 512px\" \/><\/a><\/figure><div class=\"elementor-image-box-content\"><h4 class=\"elementor-image-box-title\"><a href=\"https:\/\/canelatools-store.com\/en\/11-turning-inserts\">Pastilhas de torneamento<\/a><\/h4><p class=\"elementor-image-box-description\">Grande variedade de escolha e qualidade para o torneamento geral e com quebra aparas. Com pastilhas de diferentes geometrias, tamanhos e espessuras, esta ampla gama permite alcan\u00e7ar os seus objetivos em termos de volume e extra\u00e7\u00e3o de material, vida \u00fatil da ferramenta e acabamento superficial. <\/p><\/div><\/div>\t\t\t\t<\/div>\n\t\t\t\t<div class=\"elementor-element elementor-element-cdd5317 elementor-position-top elementor-widget elementor-widget-image-box\" data-id=\"cdd5317\" data-element_type=\"widget\" data-e-type=\"widget\" data-widget_type=\"image-box.default\">\n\t\t\t\t\t<div class=\"elementor-image-box-wrapper\"><figure class=\"elementor-image-box-img\"><a href=\"https:\/\/canelatools-store.com\/en\/52-toolholders\" tabindex=\"-1\"><img decoding=\"async\" width=\"512\" height=\"360\" src=\"https:\/\/canelatools.com\/wp-content\/uploads\/2025\/11\/Porta-herramientas.jpg\" class=\"attachment-full size-full wp-image-5885\" alt=\"\" srcset=\"https:\/\/canelatools.com\/wp-content\/uploads\/2025\/11\/Porta-herramientas.jpg 512w, https:\/\/canelatools.com\/wp-content\/uploads\/2025\/11\/Porta-herramientas-300x211.jpg 300w\" sizes=\"(max-width: 512px) 100vw, 512px\" \/><\/a><\/figure><div class=\"elementor-image-box-content\"><h4 class=\"elementor-image-box-title\"><a href=\"https:\/\/canelatools-store.com\/en\/52-toolholders\">Porta-ferramentas<\/a><\/h4><p class=\"elementor-image-box-description\">Uma grande oferta de porta-ferramentas para torneamento exterior e interior. A gama de porta ferramentas ISO e ANSI inclui uma variedade de qualidade, geometria e medidas de pastilhas o que permite escolher os diversos m\u00e9todos de fixa\u00e7\u00e3o e refrigera\u00e7\u00e3o <\/p><\/div><\/div>\t\t\t\t<\/div>\n\t\t\t\t<div class=\"elementor-element elementor-element-1791d7f elementor-position-top elementor-widget elementor-widget-image-box\" data-id=\"1791d7f\" data-element_type=\"widget\" data-e-type=\"widget\" data-widget_type=\"image-box.default\">\n\t\t\t\t\t<div class=\"elementor-image-box-wrapper\"><figure class=\"elementor-image-box-img\"><a href=\"https:\/\/canelatools-store.com\/en\/54-boring-bars\" tabindex=\"-1\"><img decoding=\"async\" width=\"512\" height=\"360\" src=\"https:\/\/canelatools.com\/wp-content\/uploads\/2025\/11\/barras-mandrinar.jpg\" class=\"attachment-full size-full wp-image-5886\" alt=\"\" srcset=\"https:\/\/canelatools.com\/wp-content\/uploads\/2025\/11\/barras-mandrinar.jpg 512w, https:\/\/canelatools.com\/wp-content\/uploads\/2025\/11\/barras-mandrinar-300x211.jpg 300w\" sizes=\"(max-width: 512px) 100vw, 512px\" \/><\/a><\/figure><div class=\"elementor-image-box-content\"><h4 class=\"elementor-image-box-title\"><a href=\"https:\/\/canelatools-store.com\/en\/54-boring-bars\">Barras de mandrilar<\/a><\/h4><p class=\"elementor-image-box-description\">Sistema modular antivibrat\u00f3rio para ferramentas de mandrilar, estas ferramentas oferecem alto rendimento tanto para aplica\u00e7\u00f5es de torneamento interior profundo como para aplica\u00e7\u00f5es de mandrilado girat\u00f3rio.<br>Ferramentas de 25 mm a 100 mm de di\u00e2metro com profundidade m\u00e1ximo de 7xD.<\/p><\/div><\/div>\t\t\t\t<\/div>\n\t\t\t\t<div class=\"elementor-element elementor-element-fb9752d elementor-position-top elementor-widget elementor-widget-image-box\" data-id=\"fb9752d\" data-element_type=\"widget\" data-e-type=\"widget\" data-widget_type=\"image-box.default\">\n\t\t\t\t\t<div class=\"elementor-image-box-wrapper\"><figure class=\"elementor-image-box-img\"><a href=\"https:\/\/canelatools-store.com\/en\/55-turning-cartridges\" tabindex=\"-1\"><img loading=\"lazy\" decoding=\"async\" width=\"512\" height=\"360\" src=\"https:\/\/canelatools.com\/wp-content\/uploads\/2025\/11\/cartridges.jpg\" class=\"attachment-full size-full wp-image-5887\" alt=\"\" srcset=\"https:\/\/canelatools.com\/wp-content\/uploads\/2025\/11\/cartridges.jpg 512w, https:\/\/canelatools.com\/wp-content\/uploads\/2025\/11\/cartridges-300x211.jpg 300w\" sizes=\"(max-width: 512px) 100vw, 512px\" \/><\/a><\/figure><div class=\"elementor-image-box-content\"><h4 class=\"elementor-image-box-title\"><a href=\"https:\/\/canelatools-store.com\/en\/55-turning-cartridges\">Cartuchos<\/a><\/h4><p class=\"elementor-image-box-description\">Estes cartuchos de torneamento incluem ajuste axial e radial. A ampla variedade de porta ferramentas serve para muitas aplica\u00e7\u00f5es e podemos selecionar o tipo de pastilha, geometrias e tamanho. <\/p><\/div><\/div>\t\t\t\t<\/div>\n\t\t\t\t\t<\/div>\n\t\t\t\t<\/div>\n\t\t<div class=\"elementor-element elementor-element-5bed0c4 e-flex e-con-boxed e-con e-parent\" data-id=\"5bed0c4\" data-element_type=\"container\" data-e-type=\"container\" data-settings=\"{&quot;background_background&quot;:&quot;slideshow&quot;,&quot;background_slideshow_gallery&quot;:[{&quot;id&quot;:5889,&quot;url&quot;:&quot;https:\\\/\\\/canelatools.com\\\/wp-content\\\/uploads\\\/2025\\\/12\\\/banner_torneado.jpg&quot;}],&quot;background_slideshow_loop&quot;:&quot;yes&quot;,&quot;background_slideshow_slide_duration&quot;:5000,&quot;background_slideshow_slide_transition&quot;:&quot;fade&quot;,&quot;background_slideshow_transition_duration&quot;:500}\">\n\t\t\t\t\t<div class=\"e-con-inner\">\n\t\t<div class=\"elementor-element elementor-element-a7427a7 e-con-full e-flex e-con e-child\" data-id=\"a7427a7\" data-element_type=\"container\" data-e-type=\"container\">\n\t\t<div class=\"elementor-element elementor-element-1b6c494 e-con-full e-flex e-con e-child\" data-id=\"1b6c494\" data-element_type=\"container\" data-e-type=\"container\">\n\t\t\t\t<div class=\"elementor-element elementor-element-72b44fd elementor-widget elementor-widget-image\" data-id=\"72b44fd\" data-element_type=\"widget\" data-e-type=\"widget\" data-widget_type=\"image.default\">\n\t\t\t\t\t\t\t\t\t\t\t\t\t\t\t<img loading=\"lazy\" decoding=\"async\" width=\"800\" height=\"156\" src=\"https:\/\/canelatools.com\/wp-content\/uploads\/2026\/02\/SAGD_PT-1536x300-1-1024x200.png\" class=\"attachment-large size-large wp-image-10344\" alt=\"\" srcset=\"https:\/\/canelatools.com\/wp-content\/uploads\/2026\/02\/SAGD_PT-1536x300-1-1024x200.png 1024w, https:\/\/canelatools.com\/wp-content\/uploads\/2026\/02\/SAGD_PT-1536x300-1-300x59.png 300w, https:\/\/canelatools.com\/wp-content\/uploads\/2026\/02\/SAGD_PT-1536x300-1-768x150.png 768w, https:\/\/canelatools.com\/wp-content\/uploads\/2026\/02\/SAGD_PT-1536x300-1.png 1536w\" sizes=\"(max-width: 800px) 100vw, 800px\" \/>\t\t\t\t\t\t\t\t\t\t\t\t\t\t\t<\/div>\n\t\t\t\t<div class=\"elementor-element elementor-element-056e1bd elementor-widget elementor-widget-button\" data-id=\"056e1bd\" data-element_type=\"widget\" data-e-type=\"widget\" data-widget_type=\"button.default\">\n\t\t\t\t\t\t\t\t\t\t<a class=\"elementor-button elementor-button-link elementor-size-sm\" href=\"https:\/\/canelatools.com\/pt-pt\/sagd\/\">\n\t\t\t\t\t\t<span class=\"elementor-button-content-wrapper\">\n\t\t\t\t\t\t\t\t\t<span class=\"elementor-button-text\">Ver mais<\/span>\n\t\t\t\t\t<\/span>\n\t\t\t\t\t<\/a>\n\t\t\t\t\t\t\t\t<\/div>\n\t\t\t\t<\/div>\n\t\t\t\t<\/div>\n\t\t\t\t\t<\/div>\n\t\t\t\t<\/div>\n\t\t\t\t<\/div>\n\t\t","protected":false},"excerpt":{"rendered":"<p>Torneamento Torneamento As ferramentas padr\u00e3o ISO executam a maior parte da mecaniza\u00e7\u00e3o na ind\u00fastria metal\u00fargica. As aplica\u00e7\u00f5es s\u00e3o desde o acabamento ao desbaste. Como fornecedor de linha completa de ferramentas de mecaniza\u00e7\u00e3o, a Canela oferece uma gama completa de ferramentas ISO e fornecemos todas as geometrias padr\u00e3o. A linha de torneamento ISO oferece uma solu\u00e7\u00e3o [&hellip;]<\/p>\n","protected":false},"author":1,"featured_media":0,"parent":0,"menu_order":0,"comment_status":"closed","ping_status":"closed","template":"elementor_header_footer","meta":{"footnotes":""},"class_list":["post-5890","page","type-page","status-publish","hentry"],"yoast_head":"<!-- This site is optimized with the Yoast SEO plugin v27.0 - https:\/\/yoast.com\/product\/yoast-seo-wordpress\/ -->\n<title>Torneamento - Canela tools<\/title>\n<meta name=\"robots\" content=\"index, follow, max-snippet:-1, max-image-preview:large, max-video-preview:-1\" \/>\n<link rel=\"canonical\" href=\"https:\/\/canelatools.com\/pt-pt\/torneamento\/\" \/>\n<meta property=\"og:locale\" content=\"pt_PT\" \/>\n<meta property=\"og:type\" content=\"article\" \/>\n<meta property=\"og:title\" content=\"Torneamento - Canela tools\" \/>\n<meta property=\"og:description\" content=\"Torneamento Torneamento As ferramentas padr\u00e3o ISO executam a maior parte da mecaniza\u00e7\u00e3o na ind\u00fastria metal\u00fargica. As aplica\u00e7\u00f5es s\u00e3o desde o acabamento ao desbaste. Como fornecedor de linha completa de ferramentas de mecaniza\u00e7\u00e3o, a Canela oferece uma gama completa de ferramentas ISO e fornecemos todas as geometrias padr\u00e3o. A linha de torneamento ISO oferece uma solu\u00e7\u00e3o [&hellip;]\" \/>\n<meta property=\"og:url\" content=\"https:\/\/canelatools.com\/pt-pt\/torneamento\/\" \/>\n<meta property=\"og:site_name\" content=\"Canela tools\" \/>\n<meta property=\"article:modified_time\" content=\"2026-02-05T11:40:38+00:00\" \/>\n<meta property=\"og:image\" content=\"https:\/\/canelatools.com\/wp-content\/uploads\/2025\/11\/plaquitas-torneado.jpg\" \/>\n\t<meta property=\"og:image:width\" content=\"512\" \/>\n\t<meta property=\"og:image:height\" content=\"360\" \/>\n\t<meta property=\"og:image:type\" content=\"image\/jpeg\" \/>\n<meta name=\"twitter:card\" content=\"summary_large_image\" \/>\n<meta name=\"twitter:label1\" content=\"Tempo estimado de leitura\" \/>\n\t<meta name=\"twitter:data1\" content=\"1 minuto\" \/>\n<script type=\"application\/ld+json\" class=\"yoast-schema-graph\">{\"@context\":\"https:\/\/schema.org\",\"@graph\":[{\"@type\":\"WebPage\",\"@id\":\"https:\/\/canelatools.com\/pt-pt\/torneamento\/\",\"url\":\"https:\/\/canelatools.com\/pt-pt\/torneamento\/\",\"name\":\"Torneamento - Canela tools\",\"isPartOf\":{\"@id\":\"https:\/\/canelatools.com\/#website\"},\"primaryImageOfPage\":{\"@id\":\"https:\/\/canelatools.com\/pt-pt\/torneamento\/#primaryimage\"},\"image\":{\"@id\":\"https:\/\/canelatools.com\/pt-pt\/torneamento\/#primaryimage\"},\"thumbnailUrl\":\"https:\/\/canelatools.com\/wp-content\/uploads\/2025\/11\/plaquitas-torneado.jpg\",\"datePublished\":\"2025-11-25T11:46:17+00:00\",\"dateModified\":\"2026-02-05T11:40:38+00:00\",\"breadcrumb\":{\"@id\":\"https:\/\/canelatools.com\/pt-pt\/torneamento\/#breadcrumb\"},\"inLanguage\":\"pt-PT\",\"potentialAction\":[{\"@type\":\"ReadAction\",\"target\":[\"https:\/\/canelatools.com\/pt-pt\/torneamento\/\"]}]},{\"@type\":\"ImageObject\",\"inLanguage\":\"pt-PT\",\"@id\":\"https:\/\/canelatools.com\/pt-pt\/torneamento\/#primaryimage\",\"url\":\"https:\/\/canelatools.com\/wp-content\/uploads\/2025\/11\/plaquitas-torneado.jpg\",\"contentUrl\":\"https:\/\/canelatools.com\/wp-content\/uploads\/2025\/11\/plaquitas-torneado.jpg\"},{\"@type\":\"BreadcrumbList\",\"@id\":\"https:\/\/canelatools.com\/pt-pt\/torneamento\/#breadcrumb\",\"itemListElement\":[{\"@type\":\"ListItem\",\"position\":1,\"name\":\"Portada\",\"item\":\"https:\/\/canelatools.com\/\"},{\"@type\":\"ListItem\",\"position\":2,\"name\":\"Torneamento\"}]},{\"@type\":\"WebSite\",\"@id\":\"https:\/\/canelatools.com\/#website\",\"url\":\"https:\/\/canelatools.com\/\",\"name\":\"Canela tools\",\"description\":\"\",\"potentialAction\":[{\"@type\":\"SearchAction\",\"target\":{\"@type\":\"EntryPoint\",\"urlTemplate\":\"https:\/\/canelatools.com\/?s={search_term_string}\"},\"query-input\":{\"@type\":\"PropertyValueSpecification\",\"valueRequired\":true,\"valueName\":\"search_term_string\"}}],\"inLanguage\":\"pt-PT\"}]}<\/script>\n<!-- \/ Yoast SEO plugin. -->","yoast_head_json":{"title":"Torneamento - Canela tools","robots":{"index":"index","follow":"follow","max-snippet":"max-snippet:-1","max-image-preview":"max-image-preview:large","max-video-preview":"max-video-preview:-1"},"canonical":"https:\/\/canelatools.com\/pt-pt\/torneamento\/","og_locale":"pt_PT","og_type":"article","og_title":"Torneamento - Canela tools","og_description":"Torneamento Torneamento As ferramentas padr\u00e3o ISO executam a maior parte da mecaniza\u00e7\u00e3o na ind\u00fastria metal\u00fargica. As aplica\u00e7\u00f5es s\u00e3o desde o acabamento ao desbaste. Como fornecedor de linha completa de ferramentas de mecaniza\u00e7\u00e3o, a Canela oferece uma gama completa de ferramentas ISO e fornecemos todas as geometrias padr\u00e3o. A linha de torneamento ISO oferece uma solu\u00e7\u00e3o [&hellip;]","og_url":"https:\/\/canelatools.com\/pt-pt\/torneamento\/","og_site_name":"Canela tools","article_modified_time":"2026-02-05T11:40:38+00:00","og_image":[{"width":512,"height":360,"url":"https:\/\/canelatools.com\/wp-content\/uploads\/2025\/11\/plaquitas-torneado.jpg","type":"image\/jpeg"}],"twitter_card":"summary_large_image","twitter_misc":{"Tempo estimado de leitura":"1 minuto"},"schema":{"@context":"https:\/\/schema.org","@graph":[{"@type":"WebPage","@id":"https:\/\/canelatools.com\/pt-pt\/torneamento\/","url":"https:\/\/canelatools.com\/pt-pt\/torneamento\/","name":"Torneamento - Canela tools","isPartOf":{"@id":"https:\/\/canelatools.com\/#website"},"primaryImageOfPage":{"@id":"https:\/\/canelatools.com\/pt-pt\/torneamento\/#primaryimage"},"image":{"@id":"https:\/\/canelatools.com\/pt-pt\/torneamento\/#primaryimage"},"thumbnailUrl":"https:\/\/canelatools.com\/wp-content\/uploads\/2025\/11\/plaquitas-torneado.jpg","datePublished":"2025-11-25T11:46:17+00:00","dateModified":"2026-02-05T11:40:38+00:00","breadcrumb":{"@id":"https:\/\/canelatools.com\/pt-pt\/torneamento\/#breadcrumb"},"inLanguage":"pt-PT","potentialAction":[{"@type":"ReadAction","target":["https:\/\/canelatools.com\/pt-pt\/torneamento\/"]}]},{"@type":"ImageObject","inLanguage":"pt-PT","@id":"https:\/\/canelatools.com\/pt-pt\/torneamento\/#primaryimage","url":"https:\/\/canelatools.com\/wp-content\/uploads\/2025\/11\/plaquitas-torneado.jpg","contentUrl":"https:\/\/canelatools.com\/wp-content\/uploads\/2025\/11\/plaquitas-torneado.jpg"},{"@type":"BreadcrumbList","@id":"https:\/\/canelatools.com\/pt-pt\/torneamento\/#breadcrumb","itemListElement":[{"@type":"ListItem","position":1,"name":"Portada","item":"https:\/\/canelatools.com\/"},{"@type":"ListItem","position":2,"name":"Torneamento"}]},{"@type":"WebSite","@id":"https:\/\/canelatools.com\/#website","url":"https:\/\/canelatools.com\/","name":"Canela tools","description":"","potentialAction":[{"@type":"SearchAction","target":{"@type":"EntryPoint","urlTemplate":"https:\/\/canelatools.com\/?s={search_term_string}"},"query-input":{"@type":"PropertyValueSpecification","valueRequired":true,"valueName":"search_term_string"}}],"inLanguage":"pt-PT"}]}},"_links":{"self":[{"href":"https:\/\/canelatools.com\/pt-pt\/wp-json\/wp\/v2\/pages\/5890","targetHints":{"allow":["GET"]}}],"collection":[{"href":"https:\/\/canelatools.com\/pt-pt\/wp-json\/wp\/v2\/pages"}],"about":[{"href":"https:\/\/canelatools.com\/pt-pt\/wp-json\/wp\/v2\/types\/page"}],"author":[{"embeddable":true,"href":"https:\/\/canelatools.com\/pt-pt\/wp-json\/wp\/v2\/users\/1"}],"replies":[{"embeddable":true,"href":"https:\/\/canelatools.com\/pt-pt\/wp-json\/wp\/v2\/comments?post=5890"}],"version-history":[{"count":13,"href":"https:\/\/canelatools.com\/pt-pt\/wp-json\/wp\/v2\/pages\/5890\/revisions"}],"predecessor-version":[{"id":10347,"href":"https:\/\/canelatools.com\/pt-pt\/wp-json\/wp\/v2\/pages\/5890\/revisions\/10347"}],"wp:attachment":[{"href":"https:\/\/canelatools.com\/pt-pt\/wp-json\/wp\/v2\/media?parent=5890"}],"curies":[{"name":"wp","href":"https:\/\/api.w.org\/{rel}","templated":true}]}}