{"id":5898,"date":"2025-12-04T12:38:38","date_gmt":"2025-12-04T12:38:38","guid":{"rendered":"https:\/\/canelatools.com\/protecao-de-dados\/"},"modified":"2025-12-15T12:20:38","modified_gmt":"2025-12-15T12:20:38","slug":"protecao-de-dados","status":"publish","type":"page","link":"https:\/\/canelatools.com\/pt-pt\/protecao-de-dados\/","title":{"rendered":"Prote\u00e7\u00e3o de dados"},"content":{"rendered":"\t\t<div data-elementor-type=\"wp-page\" data-elementor-id=\"5898\" class=\"elementor elementor-5898 elementor-3982\" data-elementor-post-type=\"page\">\n\t\t\t\t<div class=\"elementor-element elementor-element-93680c5 e-flex e-con-boxed e-con e-parent\" data-id=\"93680c5\" data-element_type=\"container\" data-e-type=\"container\" data-settings=\"{&quot;background_background&quot;:&quot;slideshow&quot;,&quot;background_slideshow_gallery&quot;:[{&quot;id&quot;:5856,&quot;url&quot;:&quot;https:\\\/\\\/canelatools.com\\\/wp-content\\\/uploads\\\/2025\\\/12\\\/slider-proteccion-datos.jpg&quot;}],&quot;background_slideshow_loop&quot;:&quot;yes&quot;,&quot;background_slideshow_slide_duration&quot;:5000,&quot;background_slideshow_slide_transition&quot;:&quot;fade&quot;,&quot;background_slideshow_transition_duration&quot;:500}\">\n\t\t\t\t\t<div class=\"e-con-inner\">\n\t\t\t\t<div class=\"elementor-element elementor-element-d641fc3 elementor-widget elementor-widget-heading\" data-id=\"d641fc3\" data-element_type=\"widget\" data-e-type=\"widget\" data-widget_type=\"heading.default\">\n\t\t\t\t\t<h1 class=\"elementor-heading-title elementor-size-default\">Prote\u00e7\u00e3o de dados<\/h1>\t\t\t\t<\/div>\n\t\t\t\t<div class=\"elementor-element elementor-element-9353eba elementor-widget-divider--view-line elementor-widget elementor-widget-divider\" data-id=\"9353eba\" data-element_type=\"widget\" data-e-type=\"widget\" data-widget_type=\"divider.default\">\n\t\t\t\t\t\t\t<div class=\"elementor-divider\">\n\t\t\t<span class=\"elementor-divider-separator\">\n\t\t\t\t\t\t<\/span>\n\t\t<\/div>\n\t\t\t\t\t\t<\/div>\n\t\t\t\t\t<\/div>\n\t\t\t\t<\/div>\n\t\t<div class=\"elementor-element elementor-element-d8070e5 e-flex e-con-boxed e-con e-parent\" data-id=\"d8070e5\" data-element_type=\"container\" data-e-type=\"container\">\n\t\t\t\t\t<div class=\"e-con-inner\">\n\t\t\t\t<div class=\"elementor-element elementor-element-768e881 elementor-widget elementor-widget-text-editor\" data-id=\"768e881\" data-element_type=\"widget\" data-e-type=\"widget\" data-widget_type=\"text-editor.default\">\n\t\t\t\t\t\t\t\t\t<p data-start=\"241\" data-end=\"513\">Quem \u00e9 respons\u00e1vel pelo tratamento dos seus dados?<br data-start=\"299\" data-end=\"302\">Identidade: EINES CANELA, S.L.<br data-start=\"329\" data-end=\"332\">CIF B-08785453<br data-start=\"346\" data-end=\"349\">Endere\u00e7o: Pol. Ind. Les Guixeres \u2013 Torrent de Vallmajor 88, 08915 Badalona<br data-start=\"426\" data-end=\"429\">Tel.: +34.93 399 85 61<br data-start=\"446\" data-end=\"449\">Fax: +34.93 383 40 00<br data-start=\"466\" data-end=\"469\">Email: <a class=\"decorated-link cursor-pointer\" rel=\"noopener\" data-start=\"489\" data-end=\"511\">canela@canelatools.com<\/a>   <\/p><p data-start=\"515\" data-end=\"611\">Podem contatar diretamente com o nosso respons\u00e1vel de dados em: <a class=\"decorated-link cursor-pointer\" rel=\"noopener\" data-start=\"587\" data-end=\"609\">canela@canelatools.com<\/a><\/p><p data-start=\"613\" data-end=\"919\">O titular da p\u00e1gina Web, EINES CANELA, S.L. com CIF B-08785453 e domicilia\u00e7\u00e3o fiscal em Pol. Ind. Les Guixeres \u2013 Torrent de Vallmajor 88, 08915 Badalona, inscrita em R.M. de Barcelona, Tomo 21910, Livro 158, folha B-28953, Insc. 29\u00ba, coloca \u00e0 disposi\u00e7\u00e3o na sua web www.canelatools.com determinados conte\u00fados de car\u00e1cter informativo sobre a sua atividade.  <\/p><p data-start=\"921\" data-end=\"1107\"><strong data-start=\"921\" data-end=\"974\">\u00bfCon qu\u00e9 finalidad tratamos sus datos personales?<\/strong><br data-start=\"974\" data-end=\"977\">Os dados pessoais comunicados atrav\u00e9s da nossa p\u00e1gina web ser\u00e3o tratados por EINES CANELA, S.L. , conforme o necess\u00e1rio para o seguinte:<\/p><p data-start=\"1109\" data-end=\"1381\">Gerir, processar e dar resposta a or\u00e7amentos, d\u00favidas, incid\u00eancias e consultas efetuadas pelo usu\u00e1rio, quando este disponibilize os seus dados atrav\u00e9s de formul\u00e1rio de \u201ccontato\u201d . Os dados pessoais recolhidos, ser\u00e3o conservados com este fim at\u00e9 que o usu\u00e1rio se oponha ou revogue o seu consentimento. <\/p><p data-start=\"1383\" data-end=\"1656\"><strong data-start=\"1383\" data-end=\"1428\">Por quanto tempo conservamos os seus dados?<\/strong><br data-start=\"1428\" data-end=\"1431\">Os dados pessoais disponibilizados ser\u00e3o conservados enquanto se mantiver a rela\u00e7\u00e3o comercial e se n\u00e3o houver oposi\u00e7\u00e3o do interessado, durante 5 anos a partir da ultima confirma\u00e7\u00e3o de dados.<\/p><p data-start=\"1658\" data-end=\"2035\"><strong data-start=\"1658\" data-end=\"1720\">Quais as finalidades para o tratamento de dados?<\/strong><br data-start=\"1720\" data-end=\"1723\">A base legal para o tratamento dos dados pessoais, \u00e9 a rela\u00e7\u00e3o comercial, onde est\u00e1 refletida a finalidade dos mesmos e o seu consentimento explicito.<br data-start=\"1878\" data-end=\"1881\">A prospe\u00e7\u00e3o dos nossos produtos e servi\u00e7os baseia-se no consentimento que \u00e9 solicitado na resposta ao email, enviado para o pedido de informa\u00e7\u00e3o.<\/p><p data-start=\"2037\" data-end=\"2978\"><strong data-start=\"2037\" data-end=\"2096\">Quais s\u00e3o os seus direitos quando nos facilita os seus dados?<\/strong><br data-start=\"2096\" data-end=\"2099\">Qualquer pessoa tem direito a ser informado como Eines Canela, S.L. est\u00e1 a tratar os dados pessoas que lhe dizem respeito.<br data-start=\"2225\" data-end=\"2228\">As pessoas interessadas tem o direito em aceder aos seus dados pessoais, bem como a solicitar a retifica\u00e7\u00e3o do que estiver errado e a suspender quando, entre outros motivos, os dados j\u00e1 n\u00e3o sejam necess\u00e1rios para o objetivo que foram recolhidos.<br data-start=\"2492\" data-end=\"2495\">Em determinadas circunst\u00e2ncias os interessados poder\u00e3o solicitar a limita\u00e7\u00e3o do tratamento dos seus dados, neste caso unicamente os conservamos para o exerc\u00edcio na defesa de reclama\u00e7\u00f5es.<br data-start=\"2691\" data-end=\"2694\">Em determinadas circunst\u00e2ncias, e por motivos relacionados com situa\u00e7\u00e3o particular, os interessados poder\u00e3o opor-se ao tratamento dos seus dados. EINES CANELA, S.L. deixar\u00e1 de tratar os dados, salvo por motivos leg\u00edtimos e imperiosos, e para o exerc\u00edcio em defesa de poss\u00edveis reclama\u00e7\u00f5es. <\/p><p data-start=\"2980\" data-end=\"3118\">Para exercer estes direitos dever\u00e1 contactar com <a class=\"decorated-link cursor-pointer\" rel=\"noopener\" data-start=\"3095\" data-end=\"3117\">canela@canelatools.com<\/a><\/p><p data-start=\"3120\" data-end=\"3302\"><strong data-start=\"3120\" data-end=\"3155\">Como podemos obter os seus dados?<\/strong><br data-start=\"3155\" data-end=\"3158\">Os dados pessoais que tratamos em EINES CANELA. S.L. s\u00e3o proporcionados diretamente pelo usu\u00e1rio ou pelo seu representante legal.<\/p><p data-start=\"3304\" data-end=\"3452\">As categorias de dados que tratamos s\u00e3o:<br data-start=\"3346\" data-end=\"3349\">\u2013 Dados de identifica\u00e7\u00e3o<br data-start=\"3372\" data-end=\"3375\">\u2013 Endere\u00e7os postais e eletr\u00f3nicos<br data-start=\"3412\" data-end=\"3415\">\u2013 Informa\u00e7\u00f5es comerciais<br data-start=\"3438\" data-end=\"3441\">\u2013 Imagens<\/p>\t\t\t\t\t\t\t\t<\/div>\n\t\t\t\t\t<\/div>\n\t\t\t\t<\/div>\n\t\t\t\t<\/div>\n\t\t","protected":false},"excerpt":{"rendered":"<p>Prote\u00e7\u00e3o de dados Quem \u00e9 respons\u00e1vel pelo tratamento dos seus dados?Identidade: EINES CANELA, S.L.CIF B-08785453Endere\u00e7o: Pol. Ind. Les Guixeres \u2013 Torrent de Vallmajor 88, 08915 BadalonaTel.: +34.93 399 85 61Fax: +34.93 383 40 00Email: canela@canelatools.com Podem contatar diretamente com o nosso respons\u00e1vel de dados em: canela@canelatools.com O titular da p\u00e1gina Web, EINES CANELA, S.L. com [&hellip;]<\/p>\n","protected":false},"author":1,"featured_media":0,"parent":0,"menu_order":0,"comment_status":"closed","ping_status":"closed","template":"elementor_header_footer","meta":{"footnotes":""},"class_list":["post-5898","page","type-page","status-publish","hentry"],"yoast_head":"<!-- This site is optimized with the Yoast SEO plugin v27.0 - https:\/\/yoast.com\/product\/yoast-seo-wordpress\/ -->\n<title>Prote\u00e7\u00e3o de dados - Canela tools<\/title>\n<meta name=\"robots\" content=\"index, follow, max-snippet:-1, max-image-preview:large, max-video-preview:-1\" \/>\n<link rel=\"canonical\" href=\"https:\/\/canelatools.com\/pt-pt\/protecao-de-dados\/\" \/>\n<meta property=\"og:locale\" content=\"pt_PT\" \/>\n<meta property=\"og:type\" content=\"article\" \/>\n<meta property=\"og:title\" content=\"Prote\u00e7\u00e3o de dados - Canela tools\" \/>\n<meta property=\"og:description\" content=\"Prote\u00e7\u00e3o de dados Quem \u00e9 respons\u00e1vel pelo tratamento dos seus dados?Identidade: EINES CANELA, S.L.CIF B-08785453Endere\u00e7o: Pol. Ind. Les Guixeres \u2013 Torrent de Vallmajor 88, 08915 BadalonaTel.: +34.93 399 85 61Fax: +34.93 383 40 00Email: canela@canelatools.com Podem contatar diretamente com o nosso respons\u00e1vel de dados em: canela@canelatools.com O titular da p\u00e1gina Web, EINES CANELA, S.L. com [&hellip;]\" \/>\n<meta property=\"og:url\" content=\"https:\/\/canelatools.com\/pt-pt\/protecao-de-dados\/\" \/>\n<meta property=\"og:site_name\" content=\"Canela tools\" \/>\n<meta property=\"article:modified_time\" content=\"2025-12-15T12:20:38+00:00\" \/>\n<meta name=\"twitter:card\" content=\"summary_large_image\" \/>\n<meta name=\"twitter:label1\" content=\"Tempo estimado de leitura\" \/>\n\t<meta name=\"twitter:data1\" content=\"3 minutos\" \/>\n<script type=\"application\/ld+json\" class=\"yoast-schema-graph\">{\"@context\":\"https:\/\/schema.org\",\"@graph\":[{\"@type\":\"WebPage\",\"@id\":\"https:\/\/canelatools.com\/pt-pt\/protecao-de-dados\/\",\"url\":\"https:\/\/canelatools.com\/pt-pt\/protecao-de-dados\/\",\"name\":\"Prote\u00e7\u00e3o de dados - Canela tools\",\"isPartOf\":{\"@id\":\"https:\/\/canelatools.com\/#website\"},\"datePublished\":\"2025-12-04T12:38:38+00:00\",\"dateModified\":\"2025-12-15T12:20:38+00:00\",\"breadcrumb\":{\"@id\":\"https:\/\/canelatools.com\/pt-pt\/protecao-de-dados\/#breadcrumb\"},\"inLanguage\":\"pt-PT\",\"potentialAction\":[{\"@type\":\"ReadAction\",\"target\":[\"https:\/\/canelatools.com\/pt-pt\/protecao-de-dados\/\"]}]},{\"@type\":\"BreadcrumbList\",\"@id\":\"https:\/\/canelatools.com\/pt-pt\/protecao-de-dados\/#breadcrumb\",\"itemListElement\":[{\"@type\":\"ListItem\",\"position\":1,\"name\":\"Portada\",\"item\":\"https:\/\/canelatools.com\/\"},{\"@type\":\"ListItem\",\"position\":2,\"name\":\"Prote\u00e7\u00e3o de dados\"}]},{\"@type\":\"WebSite\",\"@id\":\"https:\/\/canelatools.com\/#website\",\"url\":\"https:\/\/canelatools.com\/\",\"name\":\"Canela tools\",\"description\":\"\",\"potentialAction\":[{\"@type\":\"SearchAction\",\"target\":{\"@type\":\"EntryPoint\",\"urlTemplate\":\"https:\/\/canelatools.com\/?s={search_term_string}\"},\"query-input\":{\"@type\":\"PropertyValueSpecification\",\"valueRequired\":true,\"valueName\":\"search_term_string\"}}],\"inLanguage\":\"pt-PT\"}]}<\/script>\n<!-- \/ Yoast SEO plugin. -->","yoast_head_json":{"title":"Prote\u00e7\u00e3o de dados - Canela tools","robots":{"index":"index","follow":"follow","max-snippet":"max-snippet:-1","max-image-preview":"max-image-preview:large","max-video-preview":"max-video-preview:-1"},"canonical":"https:\/\/canelatools.com\/pt-pt\/protecao-de-dados\/","og_locale":"pt_PT","og_type":"article","og_title":"Prote\u00e7\u00e3o de dados - Canela tools","og_description":"Prote\u00e7\u00e3o de dados Quem \u00e9 respons\u00e1vel pelo tratamento dos seus dados?Identidade: EINES CANELA, S.L.CIF B-08785453Endere\u00e7o: Pol. Ind. Les Guixeres \u2013 Torrent de Vallmajor 88, 08915 BadalonaTel.: +34.93 399 85 61Fax: +34.93 383 40 00Email: canela@canelatools.com Podem contatar diretamente com o nosso respons\u00e1vel de dados em: canela@canelatools.com O titular da p\u00e1gina Web, EINES CANELA, S.L. com [&hellip;]","og_url":"https:\/\/canelatools.com\/pt-pt\/protecao-de-dados\/","og_site_name":"Canela tools","article_modified_time":"2025-12-15T12:20:38+00:00","twitter_card":"summary_large_image","twitter_misc":{"Tempo estimado de leitura":"3 minutos"},"schema":{"@context":"https:\/\/schema.org","@graph":[{"@type":"WebPage","@id":"https:\/\/canelatools.com\/pt-pt\/protecao-de-dados\/","url":"https:\/\/canelatools.com\/pt-pt\/protecao-de-dados\/","name":"Prote\u00e7\u00e3o de dados - Canela tools","isPartOf":{"@id":"https:\/\/canelatools.com\/#website"},"datePublished":"2025-12-04T12:38:38+00:00","dateModified":"2025-12-15T12:20:38+00:00","breadcrumb":{"@id":"https:\/\/canelatools.com\/pt-pt\/protecao-de-dados\/#breadcrumb"},"inLanguage":"pt-PT","potentialAction":[{"@type":"ReadAction","target":["https:\/\/canelatools.com\/pt-pt\/protecao-de-dados\/"]}]},{"@type":"BreadcrumbList","@id":"https:\/\/canelatools.com\/pt-pt\/protecao-de-dados\/#breadcrumb","itemListElement":[{"@type":"ListItem","position":1,"name":"Portada","item":"https:\/\/canelatools.com\/"},{"@type":"ListItem","position":2,"name":"Prote\u00e7\u00e3o de dados"}]},{"@type":"WebSite","@id":"https:\/\/canelatools.com\/#website","url":"https:\/\/canelatools.com\/","name":"Canela tools","description":"","potentialAction":[{"@type":"SearchAction","target":{"@type":"EntryPoint","urlTemplate":"https:\/\/canelatools.com\/?s={search_term_string}"},"query-input":{"@type":"PropertyValueSpecification","valueRequired":true,"valueName":"search_term_string"}}],"inLanguage":"pt-PT"}]}},"_links":{"self":[{"href":"https:\/\/canelatools.com\/pt-pt\/wp-json\/wp\/v2\/pages\/5898","targetHints":{"allow":["GET"]}}],"collection":[{"href":"https:\/\/canelatools.com\/pt-pt\/wp-json\/wp\/v2\/pages"}],"about":[{"href":"https:\/\/canelatools.com\/pt-pt\/wp-json\/wp\/v2\/types\/page"}],"author":[{"embeddable":true,"href":"https:\/\/canelatools.com\/pt-pt\/wp-json\/wp\/v2\/users\/1"}],"replies":[{"embeddable":true,"href":"https:\/\/canelatools.com\/pt-pt\/wp-json\/wp\/v2\/comments?post=5898"}],"version-history":[{"count":1,"href":"https:\/\/canelatools.com\/pt-pt\/wp-json\/wp\/v2\/pages\/5898\/revisions"}],"predecessor-version":[{"id":5899,"href":"https:\/\/canelatools.com\/pt-pt\/wp-json\/wp\/v2\/pages\/5898\/revisions\/5899"}],"wp:attachment":[{"href":"https:\/\/canelatools.com\/pt-pt\/wp-json\/wp\/v2\/media?parent=5898"}],"curies":[{"name":"wp","href":"https:\/\/api.w.org\/{rel}","templated":true}]}}