{"id":5906,"date":"2025-11-26T17:04:55","date_gmt":"2025-11-26T17:04:55","guid":{"rendered":"https:\/\/canelatools.com\/furacao\/"},"modified":"2026-01-27T14:21:03","modified_gmt":"2026-01-27T14:21:03","slug":"furacao","status":"publish","type":"page","link":"https:\/\/canelatools.com\/pt-pt\/furacao\/","title":{"rendered":"Fura\u00e7\u00e3o"},"content":{"rendered":"\t\t<div data-elementor-type=\"wp-page\" data-elementor-id=\"5906\" class=\"elementor elementor-5906 elementor-1165\" data-elementor-post-type=\"page\">\n\t\t\t\t<div class=\"elementor-element elementor-element-b15689d e-flex e-con-boxed e-con e-parent\" data-id=\"b15689d\" data-element_type=\"container\" data-e-type=\"container\" data-settings=\"{&quot;background_background&quot;:&quot;slideshow&quot;,&quot;background_slideshow_gallery&quot;:[{&quot;id&quot;:5900,&quot;url&quot;:&quot;https:\\\/\\\/canelatools.com\\\/wp-content\\\/uploads\\\/2025\\\/11\\\/slider-brocas.jpg&quot;}],&quot;background_slideshow_loop&quot;:&quot;yes&quot;,&quot;background_slideshow_slide_duration&quot;:5000,&quot;background_slideshow_slide_transition&quot;:&quot;fade&quot;,&quot;background_slideshow_transition_duration&quot;:500}\">\n\t\t\t\t\t<div class=\"e-con-inner\">\n\t\t\t\t<div class=\"elementor-element elementor-element-020f09c elementor-widget elementor-widget-heading\" data-id=\"020f09c\" data-element_type=\"widget\" data-e-type=\"widget\" data-widget_type=\"heading.default\">\n\t\t\t\t\t<h1 class=\"elementor-heading-title elementor-size-default\">Fura\u00e7\u00e3o<\/h1>\t\t\t\t<\/div>\n\t\t\t\t<div class=\"elementor-element elementor-element-ede6a6b elementor-widget-divider--view-line elementor-widget elementor-widget-divider\" data-id=\"ede6a6b\" data-element_type=\"widget\" data-e-type=\"widget\" data-widget_type=\"divider.default\">\n\t\t\t\t\t\t\t<div class=\"elementor-divider\">\n\t\t\t<span class=\"elementor-divider-separator\">\n\t\t\t\t\t\t<\/span>\n\t\t<\/div>\n\t\t\t\t\t\t<\/div>\n\t\t\t\t\t<\/div>\n\t\t\t\t<\/div>\n\t\t<div class=\"elementor-element elementor-element-4a5c132 e-flex e-con-boxed e-con e-parent\" data-id=\"4a5c132\" data-element_type=\"container\" data-e-type=\"container\">\n\t\t\t\t\t<div class=\"e-con-inner\">\n\t\t<div class=\"elementor-element elementor-element-07f9fbf e-con-full e-flex e-con e-child\" data-id=\"07f9fbf\" data-element_type=\"container\" data-e-type=\"container\">\n\t\t\t\t<div class=\"elementor-element elementor-element-1976df1 elementor-widget elementor-widget-heading\" data-id=\"1976df1\" data-element_type=\"widget\" data-e-type=\"widget\" data-widget_type=\"heading.default\">\n\t\t\t\t\t<h2 class=\"elementor-heading-title elementor-size-default\">Fura\u00e7\u00e3o<\/h2>\t\t\t\t<\/div>\n\t\t\t\t<div class=\"elementor-element elementor-element-201fa2d elementor-widget-divider--view-line elementor-widget elementor-widget-divider\" data-id=\"201fa2d\" data-element_type=\"widget\" data-e-type=\"widget\" data-widget_type=\"divider.default\">\n\t\t\t\t\t\t\t<div class=\"elementor-divider\">\n\t\t\t<span class=\"elementor-divider-separator\">\n\t\t\t\t\t\t<\/span>\n\t\t<\/div>\n\t\t\t\t\t\t<\/div>\n\t\t\t\t<div class=\"elementor-element elementor-element-b41f9ac elementor-widget elementor-widget-text-editor\" data-id=\"b41f9ac\" data-element_type=\"widget\" data-e-type=\"widget\" data-widget_type=\"text-editor.default\">\n\t\t\t\t\t\t\t\t\t<p>A linha de brocas da Canela foi projetada como uma solu\u00e7\u00e3o econ\u00f3mica para mecaniza\u00e7\u00e3o de furos e \u00e9 adequada para todos os tipos de materiais.<\/p><p>Essas brocas s\u00e3o projetadas principalmente para opera\u00e7\u00f5es de semi-acabamento, obtendo um elevado grau de precis\u00e3o, mesmo em condi\u00e7\u00f5es de corte interrompido, na mecaniza\u00e7\u00e3o de embalagens de chapas met\u00e1licas, sendo ideais para opera\u00e7\u00f5es de fura\u00e7\u00e3o associadas \u00e0 vibra\u00e7\u00e3o. Estas brocas s\u00e3o menos suscet\u00edveis a condi\u00e7\u00f5es inst\u00e1veis de mecaniza\u00e7\u00e3o. <\/p>\t\t\t\t\t\t\t\t<\/div>\n\t\t\t\t<\/div>\n\t\t<div class=\"elementor-element elementor-element-f668077 e-con-full e-flex e-con e-child\" data-id=\"f668077\" data-element_type=\"container\" data-e-type=\"container\" data-settings=\"{&quot;background_background&quot;:&quot;slideshow&quot;,&quot;background_slideshow_gallery&quot;:[],&quot;background_slideshow_loop&quot;:&quot;yes&quot;,&quot;background_slideshow_slide_duration&quot;:5000,&quot;background_slideshow_slide_transition&quot;:&quot;fade&quot;,&quot;background_slideshow_transition_duration&quot;:500}\">\n\t\t\t\t<div class=\"elementor-element elementor-element-b884f50 elementor-widget elementor-widget-image\" data-id=\"b884f50\" data-element_type=\"widget\" data-e-type=\"widget\" data-widget_type=\"image.default\">\n\t\t\t\t\t\t\t\t\t\t\t\t\t\t\t<img fetchpriority=\"high\" decoding=\"async\" width=\"610\" height=\"325\" src=\"https:\/\/canelatools.com\/wp-content\/uploads\/2025\/11\/broca.jpg\" class=\"attachment-large size-large wp-image-5901\" alt=\"\" srcset=\"https:\/\/canelatools.com\/wp-content\/uploads\/2025\/11\/broca.jpg 610w, https:\/\/canelatools.com\/wp-content\/uploads\/2025\/11\/broca-300x160.jpg 300w\" sizes=\"(max-width: 610px) 100vw, 610px\" \/>\t\t\t\t\t\t\t\t\t\t\t\t\t\t\t<\/div>\n\t\t\t\t<\/div>\n\t\t\t\t\t<\/div>\n\t\t\t\t<\/div>\n\t\t<div class=\"elementor-element elementor-element-c5c0e23 e-flex e-con-boxed e-con e-parent\" data-id=\"c5c0e23\" data-element_type=\"container\" data-e-type=\"container\" id=\"urlh4a\">\n\t\t\t\t\t<div class=\"e-con-inner\">\n\t\t<div class=\"elementor-element elementor-element-908d0b0 e-grid e-con-full e-con e-child\" data-id=\"908d0b0\" data-element_type=\"container\" data-e-type=\"container\">\n\t\t\t\t<div class=\"elementor-element elementor-element-e5d4bfc elementor-position-top elementor-widget elementor-widget-image-box\" data-id=\"e5d4bfc\" data-element_type=\"widget\" data-e-type=\"widget\" data-widget_type=\"image-box.default\">\n\t\t\t\t\t<div class=\"elementor-image-box-wrapper\"><figure class=\"elementor-image-box-img\"><a href=\"https:\/\/canelatools-store.com\/en\/19-inserts-drills\" target=\"_blank\" tabindex=\"-1\"><img decoding=\"async\" width=\"512\" height=\"360\" src=\"https:\/\/canelatools.com\/wp-content\/uploads\/2025\/11\/drills_inserts.jpg\" class=\"attachment-full size-full wp-image-5902\" alt=\"\" srcset=\"https:\/\/canelatools.com\/wp-content\/uploads\/2025\/11\/drills_inserts.jpg 512w, https:\/\/canelatools.com\/wp-content\/uploads\/2025\/11\/drills_inserts-300x211.jpg 300w\" sizes=\"(max-width: 512px) 100vw, 512px\" \/><\/a><\/figure><div class=\"elementor-image-box-content\"><h4 class=\"elementor-image-box-title\"><a href=\"https:\/\/canelatools-store.com\/en\/19-inserts-drills\" target=\"_blank\">Pastilhas para brocas<\/a><\/h4><\/div><\/div>\t\t\t\t<\/div>\n\t\t\t\t<div class=\"elementor-element elementor-element-dd32383 elementor-position-top elementor-widget elementor-widget-image-box\" data-id=\"dd32383\" data-element_type=\"widget\" data-e-type=\"widget\" data-widget_type=\"image-box.default\">\n\t\t\t\t\t<div class=\"elementor-image-box-wrapper\"><figure class=\"elementor-image-box-img\"><a href=\"https:\/\/canelatools-store.com\/en\/241-drills\" target=\"_blank\" tabindex=\"-1\"><img decoding=\"async\" width=\"2560\" height=\"1304\" src=\"https:\/\/canelatools.com\/wp-content\/uploads\/2025\/11\/brocas-scaled-1.jpg\" class=\"attachment-full size-full wp-image-5903\" alt=\"\" srcset=\"https:\/\/canelatools.com\/wp-content\/uploads\/2025\/11\/brocas-scaled-1.jpg 2560w, https:\/\/canelatools.com\/wp-content\/uploads\/2025\/11\/brocas-scaled-1-300x153.jpg 300w, https:\/\/canelatools.com\/wp-content\/uploads\/2025\/11\/brocas-scaled-1-1024x522.jpg 1024w, https:\/\/canelatools.com\/wp-content\/uploads\/2025\/11\/brocas-scaled-1-768x391.jpg 768w, https:\/\/canelatools.com\/wp-content\/uploads\/2025\/11\/brocas-scaled-1-1536x782.jpg 1536w, https:\/\/canelatools.com\/wp-content\/uploads\/2025\/11\/brocas-scaled-1-2048x1043.jpg 2048w\" sizes=\"(max-width: 2560px) 100vw, 2560px\" \/><\/a><\/figure><div class=\"elementor-image-box-content\"><h4 class=\"elementor-image-box-title\"><a href=\"https:\/\/canelatools-store.com\/en\/241-drills\" target=\"_blank\">Brocas<\/a><\/h4><\/div><\/div>\t\t\t\t<\/div>\n\t\t\t\t<div class=\"elementor-element elementor-element-bc54a69 elementor-position-top elementor-widget elementor-widget-image-box\" data-id=\"bc54a69\" data-element_type=\"widget\" data-e-type=\"widget\" data-widget_type=\"image-box.default\">\n\t\t\t\t\t<div class=\"elementor-image-box-wrapper\"><figure class=\"elementor-image-box-img\"><a href=\"https:\/\/canelatools-store.com\/en\/249-trepanning-drills\" target=\"_blank\" tabindex=\"-1\"><img loading=\"lazy\" decoding=\"async\" width=\"898\" height=\"628\" src=\"https:\/\/canelatools.com\/wp-content\/uploads\/2025\/11\/trepanning.jpg\" class=\"attachment-full size-full wp-image-5904\" alt=\"\" srcset=\"https:\/\/canelatools.com\/wp-content\/uploads\/2025\/11\/trepanning.jpg 898w, https:\/\/canelatools.com\/wp-content\/uploads\/2025\/11\/trepanning-300x210.jpg 300w, https:\/\/canelatools.com\/wp-content\/uploads\/2025\/11\/trepanning-768x537.jpg 768w\" sizes=\"(max-width: 898px) 100vw, 898px\" \/><\/a><\/figure><div class=\"elementor-image-box-content\"><h4 class=\"elementor-image-box-title\"><a href=\"https:\/\/canelatools-store.com\/en\/249-trepanning-drills\" target=\"_blank\">Trepanadoras<\/a><\/h4><\/div><\/div>\t\t\t\t<\/div>\n\t\t\t\t<div class=\"elementor-element elementor-element-37bce84 elementor-position-top elementor-widget elementor-widget-image-box\" data-id=\"37bce84\" data-element_type=\"widget\" data-e-type=\"widget\" data-widget_type=\"image-box.default\">\n\t\t\t\t\t<div class=\"elementor-image-box-wrapper\"><figure class=\"elementor-image-box-img\"><a href=\"https:\/\/canelatools-store.com\/en\/245-spot-facing-countersink\" target=\"_blank\" tabindex=\"-1\"><img loading=\"lazy\" decoding=\"async\" width=\"898\" height=\"628\" src=\"https:\/\/canelatools.com\/wp-content\/uploads\/2025\/11\/solid.jpg\" class=\"attachment-full size-full wp-image-5905\" alt=\"\" srcset=\"https:\/\/canelatools.com\/wp-content\/uploads\/2025\/11\/solid.jpg 898w, https:\/\/canelatools.com\/wp-content\/uploads\/2025\/11\/solid-300x210.jpg 300w, https:\/\/canelatools.com\/wp-content\/uploads\/2025\/11\/solid-768x537.jpg 768w\" sizes=\"(max-width: 898px) 100vw, 898px\" \/><\/a><\/figure><div class=\"elementor-image-box-content\"><h4 class=\"elementor-image-box-title\"><a href=\"https:\/\/canelatools-store.com\/en\/245-spot-facing-countersink\" target=\"_blank\">Fresas de facejar e de escariar em retrocesso<\/a><\/h4><\/div><\/div>\t\t\t\t<\/div>\n\t\t\t\t<\/div>\n\t\t\t\t\t<\/div>\n\t\t\t\t<\/div>\n\t\t\t\t<\/div>\n\t\t","protected":false},"excerpt":{"rendered":"<p>Fura\u00e7\u00e3o Fura\u00e7\u00e3o A linha de brocas da Canela foi projetada como uma solu\u00e7\u00e3o econ\u00f3mica para mecaniza\u00e7\u00e3o de furos e \u00e9 adequada para todos os tipos de materiais. Essas brocas s\u00e3o projetadas principalmente para opera\u00e7\u00f5es de semi-acabamento, obtendo um elevado grau de precis\u00e3o, mesmo em condi\u00e7\u00f5es de corte interrompido, na mecaniza\u00e7\u00e3o de embalagens de chapas met\u00e1licas, [&hellip;]<\/p>\n","protected":false},"author":1,"featured_media":0,"parent":0,"menu_order":0,"comment_status":"closed","ping_status":"closed","template":"elementor_header_footer","meta":{"footnotes":""},"class_list":["post-5906","page","type-page","status-publish","hentry"],"yoast_head":"<!-- This site is optimized with the Yoast SEO plugin v27.0 - https:\/\/yoast.com\/product\/yoast-seo-wordpress\/ -->\n<title>Fura\u00e7\u00e3o - Canela tools<\/title>\n<meta name=\"robots\" content=\"index, follow, max-snippet:-1, max-image-preview:large, max-video-preview:-1\" \/>\n<link rel=\"canonical\" href=\"https:\/\/canelatools.com\/pt-pt\/furacao\/\" \/>\n<meta property=\"og:locale\" content=\"pt_PT\" \/>\n<meta property=\"og:type\" content=\"article\" \/>\n<meta property=\"og:title\" content=\"Fura\u00e7\u00e3o - Canela tools\" \/>\n<meta property=\"og:description\" content=\"Fura\u00e7\u00e3o Fura\u00e7\u00e3o A linha de brocas da Canela foi projetada como uma solu\u00e7\u00e3o econ\u00f3mica para mecaniza\u00e7\u00e3o de furos e \u00e9 adequada para todos os tipos de materiais. Essas brocas s\u00e3o projetadas principalmente para opera\u00e7\u00f5es de semi-acabamento, obtendo um elevado grau de precis\u00e3o, mesmo em condi\u00e7\u00f5es de corte interrompido, na mecaniza\u00e7\u00e3o de embalagens de chapas met\u00e1licas, [&hellip;]\" \/>\n<meta property=\"og:url\" content=\"https:\/\/canelatools.com\/pt-pt\/furacao\/\" \/>\n<meta property=\"og:site_name\" content=\"Canela tools\" \/>\n<meta property=\"article:modified_time\" content=\"2026-01-27T14:21:03+00:00\" \/>\n<meta property=\"og:image\" content=\"https:\/\/canelatools.com\/wp-content\/uploads\/2025\/11\/broca.jpg\" \/>\n\t<meta property=\"og:image:width\" content=\"610\" \/>\n\t<meta property=\"og:image:height\" content=\"325\" \/>\n\t<meta property=\"og:image:type\" content=\"image\/jpeg\" \/>\n<meta name=\"twitter:card\" content=\"summary_large_image\" \/>\n<meta name=\"twitter:label1\" content=\"Tempo estimado de leitura\" \/>\n\t<meta name=\"twitter:data1\" content=\"1 minuto\" \/>\n<script type=\"application\/ld+json\" class=\"yoast-schema-graph\">{\"@context\":\"https:\/\/schema.org\",\"@graph\":[{\"@type\":\"WebPage\",\"@id\":\"https:\/\/canelatools.com\/pt-pt\/furacao\/\",\"url\":\"https:\/\/canelatools.com\/pt-pt\/furacao\/\",\"name\":\"Fura\u00e7\u00e3o - Canela tools\",\"isPartOf\":{\"@id\":\"https:\/\/canelatools.com\/#website\"},\"primaryImageOfPage\":{\"@id\":\"https:\/\/canelatools.com\/pt-pt\/furacao\/#primaryimage\"},\"image\":{\"@id\":\"https:\/\/canelatools.com\/pt-pt\/furacao\/#primaryimage\"},\"thumbnailUrl\":\"https:\/\/canelatools.com\/wp-content\/uploads\/2025\/11\/broca.jpg\",\"datePublished\":\"2025-11-26T17:04:55+00:00\",\"dateModified\":\"2026-01-27T14:21:03+00:00\",\"breadcrumb\":{\"@id\":\"https:\/\/canelatools.com\/pt-pt\/furacao\/#breadcrumb\"},\"inLanguage\":\"pt-PT\",\"potentialAction\":[{\"@type\":\"ReadAction\",\"target\":[\"https:\/\/canelatools.com\/pt-pt\/furacao\/\"]}]},{\"@type\":\"ImageObject\",\"inLanguage\":\"pt-PT\",\"@id\":\"https:\/\/canelatools.com\/pt-pt\/furacao\/#primaryimage\",\"url\":\"https:\/\/canelatools.com\/wp-content\/uploads\/2025\/11\/broca.jpg\",\"contentUrl\":\"https:\/\/canelatools.com\/wp-content\/uploads\/2025\/11\/broca.jpg\"},{\"@type\":\"BreadcrumbList\",\"@id\":\"https:\/\/canelatools.com\/pt-pt\/furacao\/#breadcrumb\",\"itemListElement\":[{\"@type\":\"ListItem\",\"position\":1,\"name\":\"Portada\",\"item\":\"https:\/\/canelatools.com\/\"},{\"@type\":\"ListItem\",\"position\":2,\"name\":\"Fura\u00e7\u00e3o\"}]},{\"@type\":\"WebSite\",\"@id\":\"https:\/\/canelatools.com\/#website\",\"url\":\"https:\/\/canelatools.com\/\",\"name\":\"Canela tools\",\"description\":\"\",\"potentialAction\":[{\"@type\":\"SearchAction\",\"target\":{\"@type\":\"EntryPoint\",\"urlTemplate\":\"https:\/\/canelatools.com\/?s={search_term_string}\"},\"query-input\":{\"@type\":\"PropertyValueSpecification\",\"valueRequired\":true,\"valueName\":\"search_term_string\"}}],\"inLanguage\":\"pt-PT\"}]}<\/script>\n<!-- \/ Yoast SEO plugin. -->","yoast_head_json":{"title":"Fura\u00e7\u00e3o - Canela tools","robots":{"index":"index","follow":"follow","max-snippet":"max-snippet:-1","max-image-preview":"max-image-preview:large","max-video-preview":"max-video-preview:-1"},"canonical":"https:\/\/canelatools.com\/pt-pt\/furacao\/","og_locale":"pt_PT","og_type":"article","og_title":"Fura\u00e7\u00e3o - Canela tools","og_description":"Fura\u00e7\u00e3o Fura\u00e7\u00e3o A linha de brocas da Canela foi projetada como uma solu\u00e7\u00e3o econ\u00f3mica para mecaniza\u00e7\u00e3o de furos e \u00e9 adequada para todos os tipos de materiais. Essas brocas s\u00e3o projetadas principalmente para opera\u00e7\u00f5es de semi-acabamento, obtendo um elevado grau de precis\u00e3o, mesmo em condi\u00e7\u00f5es de corte interrompido, na mecaniza\u00e7\u00e3o de embalagens de chapas met\u00e1licas, [&hellip;]","og_url":"https:\/\/canelatools.com\/pt-pt\/furacao\/","og_site_name":"Canela tools","article_modified_time":"2026-01-27T14:21:03+00:00","og_image":[{"width":610,"height":325,"url":"https:\/\/canelatools.com\/wp-content\/uploads\/2025\/11\/broca.jpg","type":"image\/jpeg"}],"twitter_card":"summary_large_image","twitter_misc":{"Tempo estimado de leitura":"1 minuto"},"schema":{"@context":"https:\/\/schema.org","@graph":[{"@type":"WebPage","@id":"https:\/\/canelatools.com\/pt-pt\/furacao\/","url":"https:\/\/canelatools.com\/pt-pt\/furacao\/","name":"Fura\u00e7\u00e3o - Canela tools","isPartOf":{"@id":"https:\/\/canelatools.com\/#website"},"primaryImageOfPage":{"@id":"https:\/\/canelatools.com\/pt-pt\/furacao\/#primaryimage"},"image":{"@id":"https:\/\/canelatools.com\/pt-pt\/furacao\/#primaryimage"},"thumbnailUrl":"https:\/\/canelatools.com\/wp-content\/uploads\/2025\/11\/broca.jpg","datePublished":"2025-11-26T17:04:55+00:00","dateModified":"2026-01-27T14:21:03+00:00","breadcrumb":{"@id":"https:\/\/canelatools.com\/pt-pt\/furacao\/#breadcrumb"},"inLanguage":"pt-PT","potentialAction":[{"@type":"ReadAction","target":["https:\/\/canelatools.com\/pt-pt\/furacao\/"]}]},{"@type":"ImageObject","inLanguage":"pt-PT","@id":"https:\/\/canelatools.com\/pt-pt\/furacao\/#primaryimage","url":"https:\/\/canelatools.com\/wp-content\/uploads\/2025\/11\/broca.jpg","contentUrl":"https:\/\/canelatools.com\/wp-content\/uploads\/2025\/11\/broca.jpg"},{"@type":"BreadcrumbList","@id":"https:\/\/canelatools.com\/pt-pt\/furacao\/#breadcrumb","itemListElement":[{"@type":"ListItem","position":1,"name":"Portada","item":"https:\/\/canelatools.com\/"},{"@type":"ListItem","position":2,"name":"Fura\u00e7\u00e3o"}]},{"@type":"WebSite","@id":"https:\/\/canelatools.com\/#website","url":"https:\/\/canelatools.com\/","name":"Canela tools","description":"","potentialAction":[{"@type":"SearchAction","target":{"@type":"EntryPoint","urlTemplate":"https:\/\/canelatools.com\/?s={search_term_string}"},"query-input":{"@type":"PropertyValueSpecification","valueRequired":true,"valueName":"search_term_string"}}],"inLanguage":"pt-PT"}]}},"_links":{"self":[{"href":"https:\/\/canelatools.com\/pt-pt\/wp-json\/wp\/v2\/pages\/5906","targetHints":{"allow":["GET"]}}],"collection":[{"href":"https:\/\/canelatools.com\/pt-pt\/wp-json\/wp\/v2\/pages"}],"about":[{"href":"https:\/\/canelatools.com\/pt-pt\/wp-json\/wp\/v2\/types\/page"}],"author":[{"embeddable":true,"href":"https:\/\/canelatools.com\/pt-pt\/wp-json\/wp\/v2\/users\/1"}],"replies":[{"embeddable":true,"href":"https:\/\/canelatools.com\/pt-pt\/wp-json\/wp\/v2\/comments?post=5906"}],"version-history":[{"count":6,"href":"https:\/\/canelatools.com\/pt-pt\/wp-json\/wp\/v2\/pages\/5906\/revisions"}],"predecessor-version":[{"id":10085,"href":"https:\/\/canelatools.com\/pt-pt\/wp-json\/wp\/v2\/pages\/5906\/revisions\/10085"}],"wp:attachment":[{"href":"https:\/\/canelatools.com\/pt-pt\/wp-json\/wp\/v2\/media?parent=5906"}],"curies":[{"name":"wp","href":"https:\/\/api.w.org\/{rel}","templated":true}]}}