{"id":5909,"date":"2025-12-04T12:40:48","date_gmt":"2025-12-04T12:40:48","guid":{"rendered":"https:\/\/canelatools.com\/condicoes-e-termos-gerais\/"},"modified":"2025-12-15T12:33:32","modified_gmt":"2025-12-15T12:33:32","slug":"condicoes-e-termos-gerais","status":"publish","type":"page","link":"https:\/\/canelatools.com\/pt-pt\/condicoes-e-termos-gerais\/","title":{"rendered":"Condi\u00e7\u00f5es e termos gerais"},"content":{"rendered":"\t\t<div data-elementor-type=\"wp-page\" data-elementor-id=\"5909\" class=\"elementor elementor-5909 elementor-3987\" data-elementor-post-type=\"page\">\n\t\t\t\t<div class=\"elementor-element elementor-element-19f57aa e-flex e-con-boxed e-con e-parent\" data-id=\"19f57aa\" data-element_type=\"container\" data-e-type=\"container\" data-settings=\"{&quot;background_background&quot;:&quot;slideshow&quot;,&quot;background_slideshow_gallery&quot;:[{&quot;id&quot;:5908,&quot;url&quot;:&quot;https:\\\/\\\/canelatools.com\\\/wp-content\\\/uploads\\\/2025\\\/12\\\/slider-terminos-y-condiciones.jpg&quot;}],&quot;background_slideshow_loop&quot;:&quot;yes&quot;,&quot;background_slideshow_slide_duration&quot;:5000,&quot;background_slideshow_slide_transition&quot;:&quot;fade&quot;,&quot;background_slideshow_transition_duration&quot;:500}\">\n\t\t\t\t\t<div class=\"e-con-inner\">\n\t\t\t\t<div class=\"elementor-element elementor-element-7969fac elementor-widget elementor-widget-heading\" data-id=\"7969fac\" data-element_type=\"widget\" data-e-type=\"widget\" data-widget_type=\"heading.default\">\n\t\t\t\t\t<h1 class=\"elementor-heading-title elementor-size-default\">Condi\u00e7\u00f5es e termos gerais<\/h1>\t\t\t\t<\/div>\n\t\t\t\t<div class=\"elementor-element elementor-element-db18cd7 elementor-widget-divider--view-line elementor-widget elementor-widget-divider\" data-id=\"db18cd7\" data-element_type=\"widget\" data-e-type=\"widget\" data-widget_type=\"divider.default\">\n\t\t\t\t\t\t\t<div class=\"elementor-divider\">\n\t\t\t<span class=\"elementor-divider-separator\">\n\t\t\t\t\t\t<\/span>\n\t\t<\/div>\n\t\t\t\t\t\t<\/div>\n\t\t\t\t\t<\/div>\n\t\t\t\t<\/div>\n\t\t<div class=\"elementor-element elementor-element-8828c3d e-flex e-con-boxed e-con e-parent\" data-id=\"8828c3d\" data-element_type=\"container\" data-e-type=\"container\">\n\t\t\t\t\t<div class=\"e-con-inner\">\n\t\t\t\t<div class=\"elementor-element elementor-element-e0a8ce9 elementor-widget elementor-widget-text-editor\" data-id=\"e0a8ce9\" data-element_type=\"widget\" data-e-type=\"widget\" data-widget_type=\"text-editor.default\">\n\t\t\t\t\t\t\t\t\t<p>Eines CANELA, S.L., inscrita na R.C. de Barcelona,Volume 21910, Folio 158, P\u00e1gina B-28953, Entrada 29, com o NIF ESB-08785453, coloca \u00e0 sua disposi\u00e7\u00e3o na sua p\u00e1gina Web <a href=\"https:\/\/www.canelatools.com\">www.canelatools.com<\/a> determinados conte\u00fados de car\u00e1cter informativo sobre a sua actividade. <\/p><p><strong>Condi\u00e7\u00f5es de venda:<\/strong><br>Todas as vendas s\u00e3o feitas de acordo com as condi\u00e7\u00f5es de venda Canela e em nenhum caso se aceitam as condi\u00e7\u00f5es de compra do cliente, se essas condi\u00e7\u00f5es implicarem algum tipo de responsabilidade por parte de Canela. As especifica\u00e7\u00f5es e pre\u00e7o est\u00e3o sujeitos a altera\u00e7\u00f5es sem aviso pr\u00e9vio. <\/p><p><strong>Garantia do Produto:<\/strong><br>Eines CANELA responsabiliza-se em reparar ou substituir qualquer um dos seus produtos, que na sua decis\u00e3o, s\u00e3o encontrados defeitos de material ou fabrico. Todas as reclama\u00e7\u00f5es dever\u00e3o ser realizadas por escrito, no prazo de 30 dias a ap\u00f3s a rece\u00e7\u00e3o do mesmo. N\u00e3o se aceitam reclama\u00e7\u00f5es por danos causados no trabalho Em nenhuma ocasi\u00e3o a Eines CANELA ser\u00e1 respons\u00e1vel por danos consequentes ou especiais de qualquer tipo.   <\/p><p><strong>Propriedade intelectual:<\/strong><br>A propriedade intelectual das ferramentas de cat\u00e1logo e das ferramentas especiais s\u00e3o pertencem \u00fanica e exclusivamente a Eines CANELA.<\/p><p><strong>Cota\u00e7\u00e3o de Ferramenta especial:<\/strong><br>Os pedidos de ferramentas especiais dever\u00e3o ser confirmados por escrito antes de se iniciar a produ\u00e7\u00e3o As ferramentas especiais n\u00e3o se podem anular nem devolver para troca ou serem creditadas. <\/p><p><strong>Condi\u00e7\u00f5es de entrega:<\/strong><br>Badalona. Todos os custos da transporte s\u00e3o da responsabilidade do comprador. Dever\u00e1 ser comunicado quando o envio for feito por meio de transporte diferente do regular. <\/p><p><strong>Condi\u00e7\u00f5es de transporte:<\/strong><br>As reclama\u00e7\u00f5es por extravio durante o transporte devem ser feitas ao transportador Canela ajudar\u00e1 o cliente em tudo o que seja poss\u00edvel para encontrar a mercadoria e obter a indemniza\u00e7\u00e3o correspondente. <\/p><p><strong>Reclama\u00e7\u00f5es:<\/strong><br>As poss\u00edveis reclama\u00e7\u00f5es por erro de envio ou defeitos na mercadoria, devem ser feitas por escrito e no prazo m\u00e1ximo de 15 dias ap\u00f3s a data de expedi\u00e7\u00e3o.<\/p><p><strong>Devolu\u00e7\u00f5es:<\/strong><br>N\u00e3o se aceitam devolu\u00e7\u00f5es ap\u00f3s 30 dias do envio. Todas as devolu\u00e7\u00f5es dever\u00e3o ser pr\u00e9-pagas e dever\u00e3o ser acompanhadas pelo nosso n\u00famero de autoriza\u00e7\u00e3o para devolu\u00e7\u00e3o. Este n\u00famero dever\u00e1 aparecer no lado exterior da caixa. A mercadoria dever\u00e1 ser recebida em bom estado ou ser\u00e1 recusada.   <\/p><p>Este site cont\u00e9m informa\u00e7\u00f5es e especifica\u00e7\u00f5es sobre ferramentas de corte vendidos por Eines CANELA. Embora algumas das ferramentas de corte feitas de metal duro s\u00e3o duras e resistentes \u00e0 rutura, a maioria s\u00e3o fr\u00e1geis e \u00e9 necess\u00e1rio preocupa\u00e7\u00f5es de seguran\u00e7a quando se utilizam.<br>Pequenos fragmentos e limalha podem desprender-se a partir de uma ferramenta de corte quando ocorre uma rotura. Uma vez que esses fragmentos ou limalhas s\u00e3o lan\u00e7ados a velocidades muito elevadas e est\u00e3o quentes, o contato com a pele ou os olhos pode causar ferimentos graves. Al\u00e9m disso, o retificado destas ferramentas de corte pode produzir part\u00edculas de p\u00f3 de carboneto e cobalto ou n\u00edquel, que podem ser prejudiciais aos pulm\u00f5es. Abaixo encontrar\u00e1 uma lista com algumas sugest\u00f5es em como minimizar o risco de ferimentos durante a utiliza\u00e7\u00e3o de ferramentas de corte.<br>Para mais informa\u00e7\u00f5es acerca dos riscos do produto e as precau\u00e7\u00f5es de seguran\u00e7a que devem ser tomadas para minimizar a possibilidade de danos ao usar ferramentas de corte, por favor ligue para o departamento de apoio ao cliente de Eines CANELA S.L.<br>Eines CANELA n\u00e3o tem controle sobre o uso dessas ferramentas de corte. O usu\u00e1rio dever\u00e1 determinar a adapta\u00e7\u00e3o destas ferramentas na sua aplica\u00e7\u00e3o particular.     <\/p><p><strong>AVISO: Fragmentos de limalha muito quentes podem desprender-se das ferramentas de corte a uma velocidade muito alta. Estas limalhas poder\u00e3o provocar queimaduras graves, cortes ou perfura\u00e7\u00f5es na pele, ou causar danos nos olhos. Algumas das precau\u00e7\u00f5es de seguran\u00e7a que dever\u00e3o ser seguidas por operadores e observadores ao utilizar ferramentas de corte s\u00e3o:  <\/strong><\/p><ol><li>Certifique-se de que a medida e forma da pastilha s\u00e3o adequados para o uso a que foi montada.<br>O controlo das limalhas \u00e9 necess\u00e1rio para prevenir um desprendimento continuo da limalha na pe\u00e7a a trabalhar .<br>3. As limalhas est\u00e3o muito quentes e t\u00eam bordas afiadas e n\u00e3o devem ser movidos \u00e0 m\u00e3o.<br>4. Desligar a m\u00e1quina sempre que as limalhas sejam removidas ou quando mudar as ferramentas de corte.<br>5. N\u00e3o utilize pistolas de ar para soprar as limalhas da m\u00e1quina.<br>6. Para evitar o rompimento da ferramenta utilizar o porta-ferramenta com a medida correta.<br>7. Certifique-se de que a sali\u00eancia no porta-ferramenta \u00e9 t\u00e3o curto quanto o poss\u00edvel. Muita sali\u00eancia pode resultar em vibra\u00e7\u00e3o e quebra da ferramenta.<br>8. Para evitar que a pe\u00e7a se solte durante o uso, verifique se a pe\u00e7a est\u00e1 apertada e segura no seu suporte.<br>9. Sobrecarga nas ferramentas de corte de metal duro pode causar rompimento dessas ferramentas.<br>10. Um tro\u00e7o de a\u00e7o pode ser projetado em alta velocidade durante a perfura\u00e7\u00e3o. <\/li><\/ol><p>Para proteger os oper\u00e1rios e os observadores de poss\u00edveis objetos voadores que podem resultar em ferimentos graves, os seguintes dispositivos de prote\u00e7\u00e3o devem ser usados ou utilizados durante o uso de ferramentas de corte:<\/p><ol><li>Usar capacetes.<br>Usar \u00f3culos de seguran\u00e7a com prote\u00e7\u00f5es laterais.<br>3. Usar sapatos fechados com pontas de a\u00e7o.<br>4. Manter cobertura de prote\u00e7\u00e3o na m\u00e1quina no local durante a opera\u00e7\u00e3o.<\/li><\/ol><p><strong>AVISO: O rectificado ou acabamentos em carboneto produz um p\u00f3 fino de carboneto e cobalto ou n\u00edquel. Essa poeira pode causar danos aos pulm\u00f5es. Os oper\u00e1rios e observadores devem tomar as seguintes precau\u00e7\u00f5es de seguran\u00e7a para minimizar a possibilidade de tais danos:  <\/strong><\/p><ol><li>Utilizar ventila\u00e7\u00e3o adequada.<br>Manter o n\u00edvel de poeira ou neblina abaixo dos n\u00edveis recomendados.<br>3. Evitar respirar o p\u00f3 ou n\u00e9voa. Se n\u00e3o for poss\u00edvel, usar m\u00e1scara apropriada, particularmente quando se retifica carboneto de tungst\u00e9nio.<br>4. Minimizar o contato prolongado com a pele.<br>5. Lave bem as m\u00e3os ap\u00f3s a manipula\u00e7\u00e3o. <\/li><\/ol><p><strong>AVISO: O uso de fluidos de corte e materiais de trabalho cria riscos. Tenha cuidado em todos os momentos. <\/strong><\/p><ol><li>Mantenha o fluido de corte limpo para que nenhuma part\u00edcula possa ser levada para o outro lado da pe\u00e7a e, possivelmente, risc\u00e1-lo.<br>Fluidos de corte podem incendiar-se quando exposto a altas temperaturas geradas durante o corte.<br>3. Materiais de trabalho, tais como alum\u00ednio, magn\u00e9sio, ur\u00e2nio e tit\u00e2nio s\u00e3o inflam\u00e1veis e podem pegar fogo.<br>4. Fluidos de corte devem ser tratados ou substitu\u00eddos para reduzir os n\u00edveis de bat\u00e9rias que podem causar doen\u00e7as.<\/li><\/ol><p><strong>\u2013 ADVERT\u00caNCIAS\u2013<\/strong><\/p><p>As informa\u00e7\u00f5es sobre velocidades, avan\u00e7os, qualidades o s\u00e3o apenas de refer\u00eancia. Se o operador n\u00e3o se sentir seguro usando as velocidades, avan\u00e7os e qualidades indicadas, ent\u00e3o deve usar as que achar mais convenientes. Eines CANELA n\u00e3o se responsabiliza por qualquer dano ou preju\u00edzo resultantes da utiliza\u00e7\u00e3o das velocidades, avan\u00e7os, qualidades especificados no site.  <\/p><p>Condi\u00e7\u00f5es, termos e pre\u00e7os est\u00e3o sujeitos a altera\u00e7\u00f5es sem aviso pr\u00e9vio.<br>Qualquer erro tipogr\u00e1fico ou outro neste site est\u00e1 sujeito \u00e0 corre\u00e7\u00e3o.<\/p><p> <\/p>\t\t\t\t\t\t\t\t<\/div>\n\t\t\t\t\t<\/div>\n\t\t\t\t<\/div>\n\t\t\t\t<\/div>\n\t\t","protected":false},"excerpt":{"rendered":"<p>Condi\u00e7\u00f5es e termos gerais Eines CANELA, S.L., inscrita na R.C. de Barcelona,Volume 21910, Folio 158, P\u00e1gina B-28953, Entrada 29, com o NIF ESB-08785453, coloca \u00e0 sua disposi\u00e7\u00e3o na sua p\u00e1gina Web www.canelatools.com determinados conte\u00fados de car\u00e1cter informativo sobre a sua actividade. Condi\u00e7\u00f5es de venda:Todas as vendas s\u00e3o feitas de acordo com as condi\u00e7\u00f5es de venda [&hellip;]<\/p>\n","protected":false},"author":1,"featured_media":0,"parent":0,"menu_order":0,"comment_status":"closed","ping_status":"closed","template":"elementor_header_footer","meta":{"footnotes":""},"class_list":["post-5909","page","type-page","status-publish","hentry"],"yoast_head":"<!-- This site is optimized with the Yoast SEO plugin v27.0 - https:\/\/yoast.com\/product\/yoast-seo-wordpress\/ -->\n<title>Condi\u00e7\u00f5es e termos gerais - Canela tools<\/title>\n<meta name=\"robots\" content=\"index, follow, max-snippet:-1, max-image-preview:large, max-video-preview:-1\" \/>\n<link rel=\"canonical\" href=\"https:\/\/canelatools.com\/pt-pt\/condicoes-e-termos-gerais\/\" \/>\n<meta property=\"og:locale\" content=\"pt_PT\" \/>\n<meta property=\"og:type\" content=\"article\" \/>\n<meta property=\"og:title\" content=\"Condi\u00e7\u00f5es e termos gerais - Canela tools\" \/>\n<meta property=\"og:description\" content=\"Condi\u00e7\u00f5es e termos gerais Eines CANELA, S.L., inscrita na R.C. de Barcelona,Volume 21910, Folio 158, P\u00e1gina B-28953, Entrada 29, com o NIF ESB-08785453, coloca \u00e0 sua disposi\u00e7\u00e3o na sua p\u00e1gina Web www.canelatools.com determinados conte\u00fados de car\u00e1cter informativo sobre a sua actividade. Condi\u00e7\u00f5es de venda:Todas as vendas s\u00e3o feitas de acordo com as condi\u00e7\u00f5es de venda [&hellip;]\" \/>\n<meta property=\"og:url\" content=\"https:\/\/canelatools.com\/pt-pt\/condicoes-e-termos-gerais\/\" \/>\n<meta property=\"og:site_name\" content=\"Canela tools\" \/>\n<meta property=\"article:modified_time\" content=\"2025-12-15T12:33:32+00:00\" \/>\n<meta name=\"twitter:card\" content=\"summary_large_image\" \/>\n<meta name=\"twitter:label1\" content=\"Tempo estimado de leitura\" \/>\n\t<meta name=\"twitter:data1\" content=\"6 minutos\" \/>\n<script type=\"application\/ld+json\" class=\"yoast-schema-graph\">{\"@context\":\"https:\/\/schema.org\",\"@graph\":[{\"@type\":\"WebPage\",\"@id\":\"https:\/\/canelatools.com\/pt-pt\/condicoes-e-termos-gerais\/\",\"url\":\"https:\/\/canelatools.com\/pt-pt\/condicoes-e-termos-gerais\/\",\"name\":\"Condi\u00e7\u00f5es e termos gerais - Canela tools\",\"isPartOf\":{\"@id\":\"https:\/\/canelatools.com\/#website\"},\"datePublished\":\"2025-12-04T12:40:48+00:00\",\"dateModified\":\"2025-12-15T12:33:32+00:00\",\"breadcrumb\":{\"@id\":\"https:\/\/canelatools.com\/pt-pt\/condicoes-e-termos-gerais\/#breadcrumb\"},\"inLanguage\":\"pt-PT\",\"potentialAction\":[{\"@type\":\"ReadAction\",\"target\":[\"https:\/\/canelatools.com\/pt-pt\/condicoes-e-termos-gerais\/\"]}]},{\"@type\":\"BreadcrumbList\",\"@id\":\"https:\/\/canelatools.com\/pt-pt\/condicoes-e-termos-gerais\/#breadcrumb\",\"itemListElement\":[{\"@type\":\"ListItem\",\"position\":1,\"name\":\"Portada\",\"item\":\"https:\/\/canelatools.com\/\"},{\"@type\":\"ListItem\",\"position\":2,\"name\":\"Condi\u00e7\u00f5es e termos gerais\"}]},{\"@type\":\"WebSite\",\"@id\":\"https:\/\/canelatools.com\/#website\",\"url\":\"https:\/\/canelatools.com\/\",\"name\":\"Canela tools\",\"description\":\"\",\"potentialAction\":[{\"@type\":\"SearchAction\",\"target\":{\"@type\":\"EntryPoint\",\"urlTemplate\":\"https:\/\/canelatools.com\/?s={search_term_string}\"},\"query-input\":{\"@type\":\"PropertyValueSpecification\",\"valueRequired\":true,\"valueName\":\"search_term_string\"}}],\"inLanguage\":\"pt-PT\"}]}<\/script>\n<!-- \/ Yoast SEO plugin. -->","yoast_head_json":{"title":"Condi\u00e7\u00f5es e termos gerais - Canela tools","robots":{"index":"index","follow":"follow","max-snippet":"max-snippet:-1","max-image-preview":"max-image-preview:large","max-video-preview":"max-video-preview:-1"},"canonical":"https:\/\/canelatools.com\/pt-pt\/condicoes-e-termos-gerais\/","og_locale":"pt_PT","og_type":"article","og_title":"Condi\u00e7\u00f5es e termos gerais - Canela tools","og_description":"Condi\u00e7\u00f5es e termos gerais Eines CANELA, S.L., inscrita na R.C. de Barcelona,Volume 21910, Folio 158, P\u00e1gina B-28953, Entrada 29, com o NIF ESB-08785453, coloca \u00e0 sua disposi\u00e7\u00e3o na sua p\u00e1gina Web www.canelatools.com determinados conte\u00fados de car\u00e1cter informativo sobre a sua actividade. Condi\u00e7\u00f5es de venda:Todas as vendas s\u00e3o feitas de acordo com as condi\u00e7\u00f5es de venda [&hellip;]","og_url":"https:\/\/canelatools.com\/pt-pt\/condicoes-e-termos-gerais\/","og_site_name":"Canela tools","article_modified_time":"2025-12-15T12:33:32+00:00","twitter_card":"summary_large_image","twitter_misc":{"Tempo estimado de leitura":"6 minutos"},"schema":{"@context":"https:\/\/schema.org","@graph":[{"@type":"WebPage","@id":"https:\/\/canelatools.com\/pt-pt\/condicoes-e-termos-gerais\/","url":"https:\/\/canelatools.com\/pt-pt\/condicoes-e-termos-gerais\/","name":"Condi\u00e7\u00f5es e termos gerais - Canela tools","isPartOf":{"@id":"https:\/\/canelatools.com\/#website"},"datePublished":"2025-12-04T12:40:48+00:00","dateModified":"2025-12-15T12:33:32+00:00","breadcrumb":{"@id":"https:\/\/canelatools.com\/pt-pt\/condicoes-e-termos-gerais\/#breadcrumb"},"inLanguage":"pt-PT","potentialAction":[{"@type":"ReadAction","target":["https:\/\/canelatools.com\/pt-pt\/condicoes-e-termos-gerais\/"]}]},{"@type":"BreadcrumbList","@id":"https:\/\/canelatools.com\/pt-pt\/condicoes-e-termos-gerais\/#breadcrumb","itemListElement":[{"@type":"ListItem","position":1,"name":"Portada","item":"https:\/\/canelatools.com\/"},{"@type":"ListItem","position":2,"name":"Condi\u00e7\u00f5es e termos gerais"}]},{"@type":"WebSite","@id":"https:\/\/canelatools.com\/#website","url":"https:\/\/canelatools.com\/","name":"Canela tools","description":"","potentialAction":[{"@type":"SearchAction","target":{"@type":"EntryPoint","urlTemplate":"https:\/\/canelatools.com\/?s={search_term_string}"},"query-input":{"@type":"PropertyValueSpecification","valueRequired":true,"valueName":"search_term_string"}}],"inLanguage":"pt-PT"}]}},"_links":{"self":[{"href":"https:\/\/canelatools.com\/pt-pt\/wp-json\/wp\/v2\/pages\/5909","targetHints":{"allow":["GET"]}}],"collection":[{"href":"https:\/\/canelatools.com\/pt-pt\/wp-json\/wp\/v2\/pages"}],"about":[{"href":"https:\/\/canelatools.com\/pt-pt\/wp-json\/wp\/v2\/types\/page"}],"author":[{"embeddable":true,"href":"https:\/\/canelatools.com\/pt-pt\/wp-json\/wp\/v2\/users\/1"}],"replies":[{"embeddable":true,"href":"https:\/\/canelatools.com\/pt-pt\/wp-json\/wp\/v2\/comments?post=5909"}],"version-history":[{"count":1,"href":"https:\/\/canelatools.com\/pt-pt\/wp-json\/wp\/v2\/pages\/5909\/revisions"}],"predecessor-version":[{"id":5910,"href":"https:\/\/canelatools.com\/pt-pt\/wp-json\/wp\/v2\/pages\/5909\/revisions\/5910"}],"wp:attachment":[{"href":"https:\/\/canelatools.com\/pt-pt\/wp-json\/wp\/v2\/media?parent=5909"}],"curies":[{"name":"wp","href":"https:\/\/api.w.org\/{rel}","templated":true}]}}