{"id":5914,"date":"2025-12-01T10:44:39","date_gmt":"2025-12-01T10:44:39","guid":{"rendered":"https:\/\/canelatools.com\/moldes-e-matrizes\/"},"modified":"2026-02-02T14:30:31","modified_gmt":"2026-02-02T14:30:31","slug":"moldes-e-matrizes","status":"publish","type":"page","link":"https:\/\/canelatools.com\/pt-pt\/moldes-e-matrizes\/","title":{"rendered":"Moldes e matrizes"},"content":{"rendered":"\t\t<div data-elementor-type=\"wp-page\" data-elementor-id=\"5914\" class=\"elementor elementor-5914 elementor-2117\" data-elementor-post-type=\"page\">\n\t\t\t\t<div class=\"elementor-element elementor-element-d2a642d e-flex e-con-boxed e-con e-parent\" data-id=\"d2a642d\" data-element_type=\"container\" data-e-type=\"container\" data-settings=\"{&quot;background_background&quot;:&quot;slideshow&quot;,&quot;background_slideshow_gallery&quot;:[{&quot;id&quot;:5911,&quot;url&quot;:&quot;https:\\\/\\\/canelatools.com\\\/wp-content\\\/uploads\\\/2025\\\/12\\\/slider_molde.jpg&quot;}],&quot;background_slideshow_loop&quot;:&quot;yes&quot;,&quot;background_slideshow_slide_duration&quot;:5000,&quot;background_slideshow_slide_transition&quot;:&quot;fade&quot;,&quot;background_slideshow_transition_duration&quot;:500}\">\n\t\t\t\t\t<div class=\"e-con-inner\">\n\t\t\t\t<div class=\"elementor-element elementor-element-9d76f4e elementor-widget elementor-widget-heading\" data-id=\"9d76f4e\" data-element_type=\"widget\" data-e-type=\"widget\" data-widget_type=\"heading.default\">\n\t\t\t\t\t<h1 class=\"elementor-heading-title elementor-size-default\">Moldes e matrizes<\/h1>\t\t\t\t<\/div>\n\t\t\t\t<div class=\"elementor-element elementor-element-a46c3dd elementor-widget-divider--view-line elementor-widget elementor-widget-divider\" data-id=\"a46c3dd\" data-element_type=\"widget\" data-e-type=\"widget\" data-widget_type=\"divider.default\">\n\t\t\t\t\t\t\t<div class=\"elementor-divider\">\n\t\t\t<span class=\"elementor-divider-separator\">\n\t\t\t\t\t\t<\/span>\n\t\t<\/div>\n\t\t\t\t\t\t<\/div>\n\t\t\t\t\t<\/div>\n\t\t\t\t<\/div>\n\t\t<div class=\"elementor-element elementor-element-63209a2 e-flex e-con-boxed e-con e-parent\" data-id=\"63209a2\" data-element_type=\"container\" data-e-type=\"container\" data-settings=\"{&quot;background_background&quot;:&quot;classic&quot;}\">\n\t\t\t\t\t<div class=\"e-con-inner\">\n\t\t<div class=\"elementor-element elementor-element-33fdd27 e-con-full e-flex e-con e-child\" data-id=\"33fdd27\" data-element_type=\"container\" data-e-type=\"container\">\n\t\t\t\t<div class=\"elementor-element elementor-element-151e2ba elementor-widget elementor-widget-heading\" data-id=\"151e2ba\" data-element_type=\"widget\" data-e-type=\"widget\" data-widget_type=\"heading.default\">\n\t\t\t\t\t<h2 class=\"elementor-heading-title elementor-size-default\">Moldes e matrizes<\/h2>\t\t\t\t<\/div>\n\t\t\t\t<div class=\"elementor-element elementor-element-5e37ebf elementor-widget-divider--view-line elementor-widget elementor-widget-divider\" data-id=\"5e37ebf\" data-element_type=\"widget\" data-e-type=\"widget\" data-widget_type=\"divider.default\">\n\t\t\t\t\t\t\t<div class=\"elementor-divider\">\n\t\t\t<span class=\"elementor-divider-separator\">\n\t\t\t\t\t\t<\/span>\n\t\t<\/div>\n\t\t\t\t\t\t<\/div>\n\t\t\t\t<div class=\"elementor-element elementor-element-302bbf7 elementor-widget elementor-widget-text-editor\" data-id=\"302bbf7\" data-element_type=\"widget\" data-e-type=\"widget\" data-widget_type=\"text-editor.default\">\n\t\t\t\t\t\t\t\t\t<p>O segmento de moldes e matrizes \u00e9 muito diversificado e abrange uma ampla gama de componentes. Geralmente, estes materiais s\u00e3o dificeis de mecanizar, exigindo ferramentas especializadas para o mecanizado de grande avan\u00e7o e com uma grande sa\u00edda de aparas. Nos \u00faltimos anos CANELA est\u00e1 aumentando de forma continua a linha de pastilhas intercambi\u00e1veis e ferramentas integrais para oferecer o m\u00e1ximo de solu\u00e7\u00f5es no segmento de moldes e matrizes.  <\/p>\t\t\t\t\t\t\t\t<\/div>\n\t\t\t\t<\/div>\n\t\t<div class=\"elementor-element elementor-element-e719bbe e-con-full e-flex e-con e-child\" data-id=\"e719bbe\" data-element_type=\"container\" data-e-type=\"container\" data-settings=\"{&quot;background_background&quot;:&quot;classic&quot;}\">\n\t\t\t\t<div class=\"elementor-element elementor-element-e7fcda1 elementor-widget elementor-widget-spacer\" data-id=\"e7fcda1\" data-element_type=\"widget\" data-e-type=\"widget\" data-widget_type=\"spacer.default\">\n\t\t\t\t\t\t\t<div class=\"elementor-spacer\">\n\t\t\t<div class=\"elementor-spacer-inner\"><\/div>\n\t\t<\/div>\n\t\t\t\t\t\t<\/div>\n\t\t\t\t<\/div>\n\t\t\t\t\t<\/div>\n\t\t\t\t<\/div>\n\t\t<div class=\"elementor-element elementor-element-35224cb e-flex e-con-boxed e-con e-parent\" data-id=\"35224cb\" data-element_type=\"container\" data-e-type=\"container\">\n\t\t\t\t\t<div class=\"e-con-inner\">\n\t\t<div class=\"elementor-element elementor-element-79104a1 e-con-full e-flex e-con e-child\" data-id=\"79104a1\" data-element_type=\"container\" data-e-type=\"container\">\n\t\t\t\t<div class=\"elementor-element elementor-element-ab7ffad elementor-widget elementor-widget-text-editor\" data-id=\"ab7ffad\" data-element_type=\"widget\" data-e-type=\"widget\" data-widget_type=\"text-editor.default\">\n\t\t\t\t\t\t\t\t\t<p>Os diferentes materiais e modelos a trabalhar, a sua variedade, tamanho e as diferentes opera\u00e7\u00f5es de mecaniza\u00e7\u00e3o que pode necessitar o segmento de moldes e matrizes torna essencial ter a ferramenta de corte adequada, CANELA oferece in\u00fameras ferramentas de fresagem que ajudam a a produ\u00e7\u00e3o de s\u00e9ries curtas em aplica\u00e7\u00f5es especificas. Dentro desta gama de ferramentas podemos encontrar as fresas de alto avan\u00e7o, que com o desenho exclusivo do seu alojamentos, s\u00e3o indicadas para opera\u00e7\u00f5es de desbaste. Est\u00e3o disponiveis em di\u00e2metros de 16 a 80 mm, com multiplicas op\u00e7\u00f5es de desenho.   <\/p><p>Outra das opera\u00e7\u00f5es importantes no fresamento de moldes e matrizes \u00e9 a c\u00f3pia. A fam\u00edlia de ferramentas de fresagemcom pastilhas intercambi\u00e1veis CANELA, inclui as fresas de pastilha redonda superpositivas RDHW para semi-acabado e acabado de a\u00e7os, a\u00e7os duros e fundi\u00e7\u00e3o. <\/p>\t\t\t\t\t\t\t\t<\/div>\n\t\t\t\t<div class=\"elementor-element elementor-element-b71f670 elementor-widget elementor-widget-image\" data-id=\"b71f670\" data-element_type=\"widget\" data-e-type=\"widget\" data-widget_type=\"image.default\">\n\t\t\t\t\t\t\t\t\t\t\t\t\t\t\t<img fetchpriority=\"high\" decoding=\"async\" width=\"800\" height=\"581\" src=\"https:\/\/canelatools.com\/wp-content\/uploads\/2025\/12\/rdhw2-1024x744.jpg\" class=\"attachment-large size-large wp-image-5912\" alt=\"\" srcset=\"https:\/\/canelatools.com\/wp-content\/uploads\/2025\/12\/rdhw2-1024x744.jpg 1024w, https:\/\/canelatools.com\/wp-content\/uploads\/2025\/12\/rdhw2-300x218.jpg 300w, https:\/\/canelatools.com\/wp-content\/uploads\/2025\/12\/rdhw2-768x558.jpg 768w, https:\/\/canelatools.com\/wp-content\/uploads\/2025\/12\/rdhw2-1536x1116.jpg 1536w, https:\/\/canelatools.com\/wp-content\/uploads\/2025\/12\/rdhw2.jpg 1866w\" sizes=\"(max-width: 800px) 100vw, 800px\" \/>\t\t\t\t\t\t\t\t\t\t\t\t\t\t\t<\/div>\n\t\t\t\t<\/div>\n\t\t<div class=\"elementor-element elementor-element-abb007c e-con-full e-flex e-con e-child\" data-id=\"abb007c\" data-element_type=\"container\" data-e-type=\"container\">\n\t\t\t\t<div class=\"elementor-element elementor-element-0391e1f elementor-widget elementor-widget-text-editor\" data-id=\"0391e1f\" data-element_type=\"widget\" data-e-type=\"widget\" data-widget_type=\"text-editor.default\">\n\t\t\t\t\t\t\t\t\t<p>As fresa de ponta esfera da ALBERG, filial do grupo CANELA suportam um fresamento de perfis 3D e contorno de superf\u00edcies complexas. A gama para a\u00e7os duros est\u00e1 disponivel em comprimentos curtos e extralongos e apresenta um raio duplo para reduzir as for\u00e7as de corte e suportar grandes avan\u00e7os. Todas elas est\u00e3o estudadas para suportar as for\u00e7as radiais geradas na mecaniza\u00e7\u00e3o de a\u00e7os duros, enquanto o seu desenho refor\u00e7a e aumenta a estabilidade e a elimina\u00e7\u00e3o de aparas.  <\/p>\t\t\t\t\t\t\t\t<\/div>\n\t\t\t\t<div class=\"elementor-element elementor-element-36c1b96 elementor-widget elementor-widget-image\" data-id=\"36c1b96\" data-element_type=\"widget\" data-e-type=\"widget\" data-widget_type=\"image.default\">\n\t\t\t\t\t\t\t\t\t\t\t\t\t\t\t<img decoding=\"async\" width=\"800\" height=\"1018\" src=\"https:\/\/canelatools.com\/wp-content\/uploads\/2025\/12\/rdhw-805x1024.jpg\" class=\"attachment-large size-large wp-image-5913\" alt=\"\" srcset=\"https:\/\/canelatools.com\/wp-content\/uploads\/2025\/12\/rdhw-805x1024.jpg 805w, https:\/\/canelatools.com\/wp-content\/uploads\/2025\/12\/rdhw-236x300.jpg 236w, https:\/\/canelatools.com\/wp-content\/uploads\/2025\/12\/rdhw-768x977.jpg 768w, https:\/\/canelatools.com\/wp-content\/uploads\/2025\/12\/rdhw-1208x1536.jpg 1208w, https:\/\/canelatools.com\/wp-content\/uploads\/2025\/12\/rdhw.jpg 1500w\" sizes=\"(max-width: 800px) 100vw, 800px\" \/>\t\t\t\t\t\t\t\t\t\t\t\t\t\t\t<\/div>\n\t\t\t\t<\/div>\n\t\t\t\t\t<\/div>\n\t\t\t\t<\/div>\n\t\t\t\t<\/div>\n\t\t","protected":false},"excerpt":{"rendered":"<p>Moldes e matrizes Moldes e matrizes O segmento de moldes e matrizes \u00e9 muito diversificado e abrange uma ampla gama de componentes. Geralmente, estes materiais s\u00e3o dificeis de mecanizar, exigindo ferramentas especializadas para o mecanizado de grande avan\u00e7o e com uma grande sa\u00edda de aparas. Nos \u00faltimos anos CANELA est\u00e1 aumentando de forma continua a [&hellip;]<\/p>\n","protected":false},"author":1,"featured_media":0,"parent":0,"menu_order":0,"comment_status":"closed","ping_status":"closed","template":"elementor_header_footer","meta":{"footnotes":""},"class_list":["post-5914","page","type-page","status-publish","hentry"],"yoast_head":"<!-- This site is optimized with the Yoast SEO plugin v27.0 - https:\/\/yoast.com\/product\/yoast-seo-wordpress\/ -->\n<title>Moldes e matrizes - Canela tools<\/title>\n<meta name=\"robots\" content=\"index, follow, max-snippet:-1, max-image-preview:large, max-video-preview:-1\" \/>\n<link rel=\"canonical\" href=\"https:\/\/canelatools.com\/pt-pt\/moldes-e-matrizes\/\" \/>\n<meta property=\"og:locale\" content=\"pt_PT\" \/>\n<meta property=\"og:type\" content=\"article\" \/>\n<meta property=\"og:title\" content=\"Moldes e matrizes - Canela tools\" \/>\n<meta property=\"og:description\" content=\"Moldes e matrizes Moldes e matrizes O segmento de moldes e matrizes \u00e9 muito diversificado e abrange uma ampla gama de componentes. Geralmente, estes materiais s\u00e3o dificeis de mecanizar, exigindo ferramentas especializadas para o mecanizado de grande avan\u00e7o e com uma grande sa\u00edda de aparas. Nos \u00faltimos anos CANELA est\u00e1 aumentando de forma continua a [&hellip;]\" \/>\n<meta property=\"og:url\" content=\"https:\/\/canelatools.com\/pt-pt\/moldes-e-matrizes\/\" \/>\n<meta property=\"og:site_name\" content=\"Canela tools\" \/>\n<meta property=\"article:modified_time\" content=\"2026-02-02T14:30:31+00:00\" \/>\n<meta property=\"og:image\" content=\"https:\/\/canelatools.com\/wp-content\/uploads\/2025\/12\/rdhw2.jpg\" \/>\n\t<meta property=\"og:image:width\" content=\"1866\" \/>\n\t<meta property=\"og:image:height\" content=\"1356\" \/>\n\t<meta property=\"og:image:type\" content=\"image\/jpeg\" \/>\n<meta name=\"twitter:card\" content=\"summary_large_image\" \/>\n<meta name=\"twitter:label1\" content=\"Tempo estimado de leitura\" \/>\n\t<meta name=\"twitter:data1\" content=\"2 minutos\" \/>\n<script type=\"application\/ld+json\" class=\"yoast-schema-graph\">{\"@context\":\"https:\/\/schema.org\",\"@graph\":[{\"@type\":\"WebPage\",\"@id\":\"https:\/\/canelatools.com\/pt-pt\/moldes-e-matrizes\/\",\"url\":\"https:\/\/canelatools.com\/pt-pt\/moldes-e-matrizes\/\",\"name\":\"Moldes e matrizes - Canela tools\",\"isPartOf\":{\"@id\":\"https:\/\/canelatools.com\/#website\"},\"primaryImageOfPage\":{\"@id\":\"https:\/\/canelatools.com\/pt-pt\/moldes-e-matrizes\/#primaryimage\"},\"image\":{\"@id\":\"https:\/\/canelatools.com\/pt-pt\/moldes-e-matrizes\/#primaryimage\"},\"thumbnailUrl\":\"https:\/\/canelatools.com\/wp-content\/uploads\/2025\/12\/rdhw2-1024x744.jpg\",\"datePublished\":\"2025-12-01T10:44:39+00:00\",\"dateModified\":\"2026-02-02T14:30:31+00:00\",\"breadcrumb\":{\"@id\":\"https:\/\/canelatools.com\/pt-pt\/moldes-e-matrizes\/#breadcrumb\"},\"inLanguage\":\"pt-PT\",\"potentialAction\":[{\"@type\":\"ReadAction\",\"target\":[\"https:\/\/canelatools.com\/pt-pt\/moldes-e-matrizes\/\"]}]},{\"@type\":\"ImageObject\",\"inLanguage\":\"pt-PT\",\"@id\":\"https:\/\/canelatools.com\/pt-pt\/moldes-e-matrizes\/#primaryimage\",\"url\":\"https:\/\/canelatools.com\/wp-content\/uploads\/2025\/12\/rdhw2-1024x744.jpg\",\"contentUrl\":\"https:\/\/canelatools.com\/wp-content\/uploads\/2025\/12\/rdhw2-1024x744.jpg\"},{\"@type\":\"BreadcrumbList\",\"@id\":\"https:\/\/canelatools.com\/pt-pt\/moldes-e-matrizes\/#breadcrumb\",\"itemListElement\":[{\"@type\":\"ListItem\",\"position\":1,\"name\":\"Portada\",\"item\":\"https:\/\/canelatools.com\/\"},{\"@type\":\"ListItem\",\"position\":2,\"name\":\"Moldes e matrizes\"}]},{\"@type\":\"WebSite\",\"@id\":\"https:\/\/canelatools.com\/#website\",\"url\":\"https:\/\/canelatools.com\/\",\"name\":\"Canela tools\",\"description\":\"\",\"potentialAction\":[{\"@type\":\"SearchAction\",\"target\":{\"@type\":\"EntryPoint\",\"urlTemplate\":\"https:\/\/canelatools.com\/?s={search_term_string}\"},\"query-input\":{\"@type\":\"PropertyValueSpecification\",\"valueRequired\":true,\"valueName\":\"search_term_string\"}}],\"inLanguage\":\"pt-PT\"}]}<\/script>\n<!-- \/ Yoast SEO plugin. -->","yoast_head_json":{"title":"Moldes e matrizes - Canela tools","robots":{"index":"index","follow":"follow","max-snippet":"max-snippet:-1","max-image-preview":"max-image-preview:large","max-video-preview":"max-video-preview:-1"},"canonical":"https:\/\/canelatools.com\/pt-pt\/moldes-e-matrizes\/","og_locale":"pt_PT","og_type":"article","og_title":"Moldes e matrizes - Canela tools","og_description":"Moldes e matrizes Moldes e matrizes O segmento de moldes e matrizes \u00e9 muito diversificado e abrange uma ampla gama de componentes. Geralmente, estes materiais s\u00e3o dificeis de mecanizar, exigindo ferramentas especializadas para o mecanizado de grande avan\u00e7o e com uma grande sa\u00edda de aparas. Nos \u00faltimos anos CANELA est\u00e1 aumentando de forma continua a [&hellip;]","og_url":"https:\/\/canelatools.com\/pt-pt\/moldes-e-matrizes\/","og_site_name":"Canela tools","article_modified_time":"2026-02-02T14:30:31+00:00","og_image":[{"width":1866,"height":1356,"url":"https:\/\/canelatools.com\/wp-content\/uploads\/2025\/12\/rdhw2.jpg","type":"image\/jpeg"}],"twitter_card":"summary_large_image","twitter_misc":{"Tempo estimado de leitura":"2 minutos"},"schema":{"@context":"https:\/\/schema.org","@graph":[{"@type":"WebPage","@id":"https:\/\/canelatools.com\/pt-pt\/moldes-e-matrizes\/","url":"https:\/\/canelatools.com\/pt-pt\/moldes-e-matrizes\/","name":"Moldes e matrizes - Canela tools","isPartOf":{"@id":"https:\/\/canelatools.com\/#website"},"primaryImageOfPage":{"@id":"https:\/\/canelatools.com\/pt-pt\/moldes-e-matrizes\/#primaryimage"},"image":{"@id":"https:\/\/canelatools.com\/pt-pt\/moldes-e-matrizes\/#primaryimage"},"thumbnailUrl":"https:\/\/canelatools.com\/wp-content\/uploads\/2025\/12\/rdhw2-1024x744.jpg","datePublished":"2025-12-01T10:44:39+00:00","dateModified":"2026-02-02T14:30:31+00:00","breadcrumb":{"@id":"https:\/\/canelatools.com\/pt-pt\/moldes-e-matrizes\/#breadcrumb"},"inLanguage":"pt-PT","potentialAction":[{"@type":"ReadAction","target":["https:\/\/canelatools.com\/pt-pt\/moldes-e-matrizes\/"]}]},{"@type":"ImageObject","inLanguage":"pt-PT","@id":"https:\/\/canelatools.com\/pt-pt\/moldes-e-matrizes\/#primaryimage","url":"https:\/\/canelatools.com\/wp-content\/uploads\/2025\/12\/rdhw2-1024x744.jpg","contentUrl":"https:\/\/canelatools.com\/wp-content\/uploads\/2025\/12\/rdhw2-1024x744.jpg"},{"@type":"BreadcrumbList","@id":"https:\/\/canelatools.com\/pt-pt\/moldes-e-matrizes\/#breadcrumb","itemListElement":[{"@type":"ListItem","position":1,"name":"Portada","item":"https:\/\/canelatools.com\/"},{"@type":"ListItem","position":2,"name":"Moldes e matrizes"}]},{"@type":"WebSite","@id":"https:\/\/canelatools.com\/#website","url":"https:\/\/canelatools.com\/","name":"Canela tools","description":"","potentialAction":[{"@type":"SearchAction","target":{"@type":"EntryPoint","urlTemplate":"https:\/\/canelatools.com\/?s={search_term_string}"},"query-input":{"@type":"PropertyValueSpecification","valueRequired":true,"valueName":"search_term_string"}}],"inLanguage":"pt-PT"}]}},"_links":{"self":[{"href":"https:\/\/canelatools.com\/pt-pt\/wp-json\/wp\/v2\/pages\/5914","targetHints":{"allow":["GET"]}}],"collection":[{"href":"https:\/\/canelatools.com\/pt-pt\/wp-json\/wp\/v2\/pages"}],"about":[{"href":"https:\/\/canelatools.com\/pt-pt\/wp-json\/wp\/v2\/types\/page"}],"author":[{"embeddable":true,"href":"https:\/\/canelatools.com\/pt-pt\/wp-json\/wp\/v2\/users\/1"}],"replies":[{"embeddable":true,"href":"https:\/\/canelatools.com\/pt-pt\/wp-json\/wp\/v2\/comments?post=5914"}],"version-history":[{"count":2,"href":"https:\/\/canelatools.com\/pt-pt\/wp-json\/wp\/v2\/pages\/5914\/revisions"}],"predecessor-version":[{"id":10212,"href":"https:\/\/canelatools.com\/pt-pt\/wp-json\/wp\/v2\/pages\/5914\/revisions\/10212"}],"wp:attachment":[{"href":"https:\/\/canelatools.com\/pt-pt\/wp-json\/wp\/v2\/media?parent=5914"}],"curies":[{"name":"wp","href":"https:\/\/api.w.org\/{rel}","templated":true}]}}