{"id":5938,"date":"2025-11-27T12:59:34","date_gmt":"2025-11-27T12:59:34","guid":{"rendered":"https:\/\/canelatools.com\/aeroespacial\/"},"modified":"2026-02-11T16:35:35","modified_gmt":"2026-02-11T16:35:35","slug":"aeroespacial","status":"publish","type":"page","link":"https:\/\/canelatools.com\/pt-pt\/aeroespacial\/","title":{"rendered":"Aeroespacial"},"content":{"rendered":"\t\t<div data-elementor-type=\"wp-page\" data-elementor-id=\"5938\" class=\"elementor elementor-5938 elementor-1587\" data-elementor-post-type=\"page\">\n\t\t\t\t<div class=\"elementor-element elementor-element-1001626 e-flex e-con-boxed e-con e-parent\" data-id=\"1001626\" data-element_type=\"container\" data-e-type=\"container\" data-settings=\"{&quot;background_background&quot;:&quot;slideshow&quot;,&quot;background_slideshow_gallery&quot;:[{&quot;id&quot;:5934,&quot;url&quot;:&quot;https:\\\/\\\/canelatools.com\\\/wp-content\\\/uploads\\\/2025\\\/11\\\/aeroespacial-scaled.jpg&quot;}],&quot;background_slideshow_loop&quot;:&quot;yes&quot;,&quot;background_slideshow_slide_duration&quot;:5000,&quot;background_slideshow_slide_transition&quot;:&quot;fade&quot;,&quot;background_slideshow_transition_duration&quot;:500}\">\n\t\t\t\t\t<div class=\"e-con-inner\">\n\t\t\t\t<div class=\"elementor-element elementor-element-15da871 elementor-widget elementor-widget-heading\" data-id=\"15da871\" data-element_type=\"widget\" data-e-type=\"widget\" data-widget_type=\"heading.default\">\n\t\t\t\t\t<h1 class=\"elementor-heading-title elementor-size-default\">Aeroespacial<\/h1>\t\t\t\t<\/div>\n\t\t\t\t<div class=\"elementor-element elementor-element-bbc0fb7 elementor-widget-divider--view-line elementor-widget elementor-widget-divider\" data-id=\"bbc0fb7\" data-element_type=\"widget\" data-e-type=\"widget\" data-widget_type=\"divider.default\">\n\t\t\t\t\t\t\t<div class=\"elementor-divider\">\n\t\t\t<span class=\"elementor-divider-separator\">\n\t\t\t\t\t\t<\/span>\n\t\t<\/div>\n\t\t\t\t\t\t<\/div>\n\t\t\t\t\t<\/div>\n\t\t\t\t<\/div>\n\t\t<div class=\"elementor-element elementor-element-f683eff e-flex e-con-boxed e-con e-parent\" data-id=\"f683eff\" data-element_type=\"container\" data-e-type=\"container\" data-settings=\"{&quot;background_background&quot;:&quot;classic&quot;}\">\n\t\t\t\t\t<div class=\"e-con-inner\">\n\t\t<div class=\"elementor-element elementor-element-542d757 e-con-full e-flex e-con e-child\" data-id=\"542d757\" data-element_type=\"container\" data-e-type=\"container\">\n\t\t\t\t<div class=\"elementor-element elementor-element-4de563f elementor-widget elementor-widget-text-editor\" data-id=\"4de563f\" data-element_type=\"widget\" data-e-type=\"widget\" data-widget_type=\"text-editor.default\">\n\t\t\t\t\t\t\t\t\t<p>Os materiais da ind\u00fastria aeroespacial e a tecnologia de produ\u00e7\u00e3o est\u00e3o em constante mudan\u00e7a. O uso de materiais dif\u00edceis de cortar, como tit\u00e2nio e pl\u00e1stico refor\u00e7ado com fibra de carbono, juntamente com as ligas de alum\u00ednio, aumentou devido aos pedidos de redu\u00e7\u00e3o de peso da ind\u00fastria. <\/p><p>A Canela trabalha em estreita colabora\u00e7\u00e3o com os clientes para fornecer ferramentas que respondam, a requisitos rigorosos e altos padr\u00f5es de seguran\u00e7a, alcan\u00e7ando velocidades e avan\u00e7o muito mais altas. Juntamente com aumentos na pot\u00eancia dispon\u00edvel para resultados consistentes e uma vida \u00fatil mais longa da ferramenta.<\/p>\t\t\t\t\t\t\t\t<\/div>\n\t\t\t\t<\/div>\n\t\t\t\t\t<\/div>\n\t\t\t\t<\/div>\n\t\t<div class=\"elementor-element elementor-element-e45c73d e-flex e-con-boxed e-con e-parent\" data-id=\"e45c73d\" data-element_type=\"container\" data-e-type=\"container\">\n\t\t\t\t\t<div class=\"e-con-inner\">\n\t\t\t\t<div class=\"elementor-element elementor-element-b928a0b elementor-widget elementor-widget-button\" data-id=\"b928a0b\" data-element_type=\"widget\" data-e-type=\"widget\" data-widget_type=\"button.default\">\n\t\t\t\t\t\t\t\t\t\t<a class=\"elementor-button elementor-button-link elementor-size-sm\" href=\"#\">\n\t\t\t\t\t\t<span class=\"elementor-button-content-wrapper\">\n\t\t\t\t\t\t\t\t\t<span class=\"elementor-button-text\">ALUM\u00cdNIO<\/span>\n\t\t\t\t\t<\/span>\n\t\t\t\t\t<\/a>\n\t\t\t\t\t\t\t\t<\/div>\n\t\t\t\t\t<\/div>\n\t\t\t\t<\/div>\n\t\t<div class=\"elementor-element elementor-element-68024a3 e-flex e-con-boxed e-con e-parent\" data-id=\"68024a3\" data-element_type=\"container\" data-e-type=\"container\">\n\t\t\t\t\t<div class=\"e-con-inner\">\n\t\t<div class=\"elementor-element elementor-element-b668b43 e-con-full e-flex e-con e-child\" data-id=\"b668b43\" data-element_type=\"container\" data-e-type=\"container\">\n\t\t\t\t<div class=\"elementor-element elementor-element-809f819 elementor-widget elementor-widget-text-editor\" data-id=\"809f819\" data-element_type=\"widget\" data-e-type=\"widget\" data-widget_type=\"text-editor.default\">\n\t\t\t\t\t\t\t\t\t<p>Na mecaniza\u00e7\u00e3o de pe\u00e7as para a ind\u00fastria aeroespacial, as empresas precisam de fornecer pe\u00e7as com grande precis\u00e3o, exatid\u00e3o e rapidez. Cada componente da aeronave deve ter as dimens\u00f5es corretas e ao mesmo tempo contribuir para reduzir o peso da aeronave cumprindo as normas mais recentes de durabilidade e seguran\u00e7a. <\/p><p>CANELA desenvolveu solu\u00e7\u00f5es para responder \u00e0 crescente solicita\u00e7\u00e3o de solu\u00e7\u00f5es para a melhor mecaniza\u00e7\u00e3o de pe\u00e7as aeroespaciais. Estas solu\u00e7\u00f5es proporcionam aos nossos clientes grandes vantagens competitivas para produzir pe\u00e7as de alta qualidade e grande precis\u00e3o, redu\u00e7\u00e3o nos ciclos de produ\u00e7\u00e3o e um \u00f3timo custo por pe\u00e7a. <\/p>\t\t\t\t\t\t\t\t<\/div>\n\t\t\t\t<\/div>\n\t\t<div class=\"elementor-element elementor-element-257547f e-con-full e-flex e-con e-child\" data-id=\"257547f\" data-element_type=\"container\" data-e-type=\"container\">\n\t\t\t\t<div class=\"elementor-element elementor-element-f5d61c0 elementor-widget elementor-widget-text-editor\" data-id=\"f5d61c0\" data-element_type=\"widget\" data-e-type=\"widget\" data-widget_type=\"text-editor.default\">\n\t\t\t\t\t\t\t\t\t<p>A nossa larga experi\u00eancia em fornecer solu\u00e7\u00f5es de mecaniza\u00e7\u00e3o competitivas para a mecaniza\u00e7\u00e3o aeroespaciais, juntamente com a nossa capacidade de inova\u00e7\u00e3o e o desejo de melhorar continuamente as nossas solu\u00e7\u00f5es, s\u00e3o a raz\u00e3o pelas quais isto \u00e9 poss\u00edvel. Descubra como CANELA lhe permite economizar tempo e recursos na mecaniza\u00e7\u00e3o de pe\u00e7as aeroespaciais <br><br>Na mecaniza\u00e7\u00e3o aeroespacial s\u00e3o utilizasdos materiais leves e resistentes. O material leve reduz o peso da aeronave, reduz o consumo de combustivel e mantem a seguran\u00e7a. Para o fabrico destas pe\u00e7as utiliza-se o alum\u00ednio e tit\u00e2nio.  <\/p>\t\t\t\t\t\t\t\t<\/div>\n\t\t\t\t<\/div>\n\t\t\t\t\t<\/div>\n\t\t\t\t<\/div>\n\t\t<div class=\"elementor-element elementor-element-f9452a5 e-flex e-con-boxed e-con e-parent\" data-id=\"f9452a5\" data-element_type=\"container\" data-e-type=\"container\" data-settings=\"{&quot;background_background&quot;:&quot;slideshow&quot;,&quot;background_slideshow_gallery&quot;:[],&quot;background_slideshow_loop&quot;:&quot;yes&quot;,&quot;background_slideshow_slide_duration&quot;:5000,&quot;background_slideshow_slide_transition&quot;:&quot;fade&quot;,&quot;background_slideshow_transition_duration&quot;:500}\">\n\t\t\t\t\t<div class=\"e-con-inner\">\n\t\t\t\t<div class=\"elementor-element elementor-element-af732c7 elementor-widget elementor-widget-image\" data-id=\"af732c7\" data-element_type=\"widget\" data-e-type=\"widget\" data-widget_type=\"image.default\">\n\t\t\t\t\t\t\t\t\t\t\t\t\t\t\t<img fetchpriority=\"high\" decoding=\"async\" width=\"1222\" height=\"469\" src=\"https:\/\/canelatools.com\/wp-content\/uploads\/2026\/02\/aluminium-1.jpg\" class=\"attachment-full size-full wp-image-11058\" alt=\"\" srcset=\"https:\/\/canelatools.com\/wp-content\/uploads\/2026\/02\/aluminium-1.jpg 1222w, https:\/\/canelatools.com\/wp-content\/uploads\/2026\/02\/aluminium-1-300x115.jpg 300w, https:\/\/canelatools.com\/wp-content\/uploads\/2026\/02\/aluminium-1-1024x393.jpg 1024w, https:\/\/canelatools.com\/wp-content\/uploads\/2026\/02\/aluminium-1-768x295.jpg 768w\" sizes=\"(max-width: 1222px) 100vw, 1222px\" \/>\t\t\t\t\t\t\t\t\t\t\t\t\t\t\t<\/div>\n\t\t\t\t\t<\/div>\n\t\t\t\t<\/div>\n\t\t<div class=\"elementor-element elementor-element-ee1d42c e-flex e-con-boxed e-con e-parent\" data-id=\"ee1d42c\" data-element_type=\"container\" data-e-type=\"container\">\n\t\t\t\t\t<div class=\"e-con-inner\">\n\t\t<div class=\"elementor-element elementor-element-a98a068 e-con-full e-flex e-con e-child\" data-id=\"a98a068\" data-element_type=\"container\" data-e-type=\"container\">\n\t\t\t\t<div class=\"elementor-element elementor-element-f0a5e45 elementor-widget elementor-widget-button\" data-id=\"f0a5e45\" data-element_type=\"widget\" data-e-type=\"widget\" data-widget_type=\"button.default\">\n\t\t\t\t\t\t\t\t\t\t<a class=\"elementor-button elementor-button-link elementor-size-sm\" href=\"#\">\n\t\t\t\t\t\t<span class=\"elementor-button-content-wrapper\">\n\t\t\t\t\t\t\t\t\t<span class=\"elementor-button-text\">Cer\u00e2mica<\/span>\n\t\t\t\t\t<\/span>\n\t\t\t\t\t<\/a>\n\t\t\t\t\t\t\t\t<\/div>\n\t\t\t\t<\/div>\n\t\t<div class=\"elementor-element elementor-element-0666e0f e-con-full e-flex e-con e-child\" data-id=\"0666e0f\" data-element_type=\"container\" data-e-type=\"container\">\n\t\t\t\t<div class=\"elementor-element elementor-element-bb36c16 elementor-widget elementor-widget-text-editor\" data-id=\"bb36c16\" data-element_type=\"widget\" data-e-type=\"widget\" data-widget_type=\"text-editor.default\">\n\t\t\t\t\t\t\t\t\t<ul><li>SiAION.<\/li><li>Elimina as limita\u00e7\u00f5es da cer\u00e2mica tradicional.<\/li><li>A profundidade de corte j\u00e1 n\u00e3o \u00e9 uma limita\u00e7\u00e3o para a cer\u00e2mica SIALON,Quando a profundidade de corte \u00e9 alta, principalmente em cortes de desbaste, aplicam-se qualidade de cer\u00e2mica mais dura, a cer\u00e2mica SIALON tem uma resist\u00eancia muito maior ao choque t\u00e9rmico que a cer\u00e2mica tradicional.  <\/li><li>Especiais.<\/li><\/ul>\t\t\t\t\t\t\t\t<\/div>\n\t\t\t\t<\/div>\n\t\t\t\t\t<\/div>\n\t\t\t\t<\/div>\n\t\t<div class=\"elementor-element elementor-element-da35173 e-flex e-con-boxed e-con e-parent\" data-id=\"da35173\" data-element_type=\"container\" data-e-type=\"container\">\n\t\t\t\t\t<div class=\"e-con-inner\">\n\t\t<div class=\"elementor-element elementor-element-bc6e460 e-con-full e-flex e-con e-child\" data-id=\"bc6e460\" data-element_type=\"container\" data-e-type=\"container\">\n\t\t\t\t<div class=\"elementor-element elementor-element-03ccabd elementor-widget elementor-widget-image\" data-id=\"03ccabd\" data-element_type=\"widget\" data-e-type=\"widget\" data-widget_type=\"image.default\">\n\t\t\t\t\t\t\t\t\t\t\t\t\t\t\t<img decoding=\"async\" width=\"633\" height=\"669\" src=\"https:\/\/canelatools.com\/wp-content\/uploads\/2025\/11\/turbina2.jpg\" class=\"attachment-large size-large wp-image-5936\" alt=\"\" srcset=\"https:\/\/canelatools.com\/wp-content\/uploads\/2025\/11\/turbina2.jpg 633w, https:\/\/canelatools.com\/wp-content\/uploads\/2025\/11\/turbina2-284x300.jpg 284w\" sizes=\"(max-width: 633px) 100vw, 633px\" \/>\t\t\t\t\t\t\t\t\t\t\t\t\t\t\t<\/div>\n\t\t\t\t<\/div>\n\t\t<div class=\"elementor-element elementor-element-c8caab5 e-con-full e-flex e-con e-child\" data-id=\"c8caab5\" data-element_type=\"container\" data-e-type=\"container\">\n\t\t\t\t<div class=\"elementor-element elementor-element-5b15113 elementor-widget elementor-widget-image\" data-id=\"5b15113\" data-element_type=\"widget\" data-e-type=\"widget\" data-widget_type=\"image.default\">\n\t\t\t\t\t\t\t\t\t\t\t\t\t\t\t<img decoding=\"async\" width=\"800\" height=\"451\" src=\"https:\/\/canelatools.com\/wp-content\/uploads\/2025\/11\/mits1-1-1024x577.jpg\" class=\"attachment-large size-large wp-image-5937\" alt=\"\" srcset=\"https:\/\/canelatools.com\/wp-content\/uploads\/2025\/11\/mits1-1-1024x577.jpg 1024w, https:\/\/canelatools.com\/wp-content\/uploads\/2025\/11\/mits1-1-300x169.jpg 300w, https:\/\/canelatools.com\/wp-content\/uploads\/2025\/11\/mits1-1-768x433.jpg 768w, https:\/\/canelatools.com\/wp-content\/uploads\/2025\/11\/mits1-1-1536x865.jpg 1536w, https:\/\/canelatools.com\/wp-content\/uploads\/2025\/11\/mits1-1-2048x1153.jpg 2048w\" sizes=\"(max-width: 800px) 100vw, 800px\" \/>\t\t\t\t\t\t\t\t\t\t\t\t\t\t\t<\/div>\n\t\t\t\t<\/div>\n\t\t\t\t\t<\/div>\n\t\t\t\t<\/div>\n\t\t<div class=\"elementor-element elementor-element-56b6bcd e-flex e-con-boxed e-con e-parent\" data-id=\"56b6bcd\" data-element_type=\"container\" data-e-type=\"container\" data-settings=\"{&quot;background_background&quot;:&quot;classic&quot;}\">\n\t\t\t\t\t<div class=\"e-con-inner\">\n\t\t\t\t<div class=\"elementor-element elementor-element-9c4c42e elementor-widget elementor-widget-text-editor\" data-id=\"9c4c42e\" data-element_type=\"widget\" data-e-type=\"widget\" data-widget_type=\"text-editor.default\">\n\t\t\t\t\t\t\t\t\t<p><span data-teams=\"true\">Desde o desenho \u00e0 m\u00e3o at\u00e9 ao produto de precis\u00e3o! Como fornecedor de ferramentas, atendemos \u00e0s necessidades especiais dos nossos clientes do setor aeroespacial e desenvolvemos as ferramentas, atendemos \u00e0s sua necessidades especiais e fabricamos ferramentas personalizadas de acordo com as especifica\u00e7\u00f5es do cliente e o nosso conhecimento t\u00e9cnico. <\/span><\/p>\t\t\t\t\t\t\t\t<\/div>\n\t\t\t\t\t<\/div>\n\t\t\t\t<\/div>\n\t\t\t\t<\/div>\n\t\t","protected":false},"excerpt":{"rendered":"<p>Aeroespacial Os materiais da ind\u00fastria aeroespacial e a tecnologia de produ\u00e7\u00e3o est\u00e3o em constante mudan\u00e7a. O uso de materiais dif\u00edceis de cortar, como tit\u00e2nio e pl\u00e1stico refor\u00e7ado com fibra de carbono, juntamente com as ligas de alum\u00ednio, aumentou devido aos pedidos de redu\u00e7\u00e3o de peso da ind\u00fastria. A Canela trabalha em estreita colabora\u00e7\u00e3o com os [&hellip;]<\/p>\n","protected":false},"author":1,"featured_media":0,"parent":0,"menu_order":0,"comment_status":"closed","ping_status":"closed","template":"elementor_header_footer","meta":{"footnotes":""},"class_list":["post-5938","page","type-page","status-publish","hentry"],"yoast_head":"<!-- This site is optimized with the Yoast SEO plugin v27.0 - https:\/\/yoast.com\/product\/yoast-seo-wordpress\/ -->\n<title>Aeroespacial - Canela tools<\/title>\n<meta name=\"robots\" content=\"index, follow, max-snippet:-1, max-image-preview:large, max-video-preview:-1\" \/>\n<link rel=\"canonical\" href=\"https:\/\/canelatools.com\/pt-pt\/aeroespacial\/\" \/>\n<meta property=\"og:locale\" content=\"pt_PT\" \/>\n<meta property=\"og:type\" content=\"article\" \/>\n<meta property=\"og:title\" content=\"Aeroespacial - Canela tools\" \/>\n<meta property=\"og:description\" content=\"Aeroespacial Os materiais da ind\u00fastria aeroespacial e a tecnologia de produ\u00e7\u00e3o est\u00e3o em constante mudan\u00e7a. O uso de materiais dif\u00edceis de cortar, como tit\u00e2nio e pl\u00e1stico refor\u00e7ado com fibra de carbono, juntamente com as ligas de alum\u00ednio, aumentou devido aos pedidos de redu\u00e7\u00e3o de peso da ind\u00fastria. A Canela trabalha em estreita colabora\u00e7\u00e3o com os [&hellip;]\" \/>\n<meta property=\"og:url\" content=\"https:\/\/canelatools.com\/pt-pt\/aeroespacial\/\" \/>\n<meta property=\"og:site_name\" content=\"Canela tools\" \/>\n<meta property=\"article:modified_time\" content=\"2026-02-11T16:35:35+00:00\" \/>\n<meta property=\"og:image\" content=\"https:\/\/canelatools.com\/wp-content\/uploads\/2026\/02\/aluminium-1.jpg\" \/>\n\t<meta property=\"og:image:width\" content=\"1222\" \/>\n\t<meta property=\"og:image:height\" content=\"469\" \/>\n\t<meta property=\"og:image:type\" content=\"image\/jpeg\" \/>\n<meta name=\"twitter:card\" content=\"summary_large_image\" \/>\n<meta name=\"twitter:label1\" content=\"Tempo estimado de leitura\" \/>\n\t<meta name=\"twitter:data1\" content=\"2 minutos\" \/>\n<script type=\"application\/ld+json\" class=\"yoast-schema-graph\">{\"@context\":\"https:\/\/schema.org\",\"@graph\":[{\"@type\":\"WebPage\",\"@id\":\"https:\/\/canelatools.com\/pt-pt\/aeroespacial\/\",\"url\":\"https:\/\/canelatools.com\/pt-pt\/aeroespacial\/\",\"name\":\"Aeroespacial - Canela tools\",\"isPartOf\":{\"@id\":\"https:\/\/canelatools.com\/#website\"},\"primaryImageOfPage\":{\"@id\":\"https:\/\/canelatools.com\/pt-pt\/aeroespacial\/#primaryimage\"},\"image\":{\"@id\":\"https:\/\/canelatools.com\/pt-pt\/aeroespacial\/#primaryimage\"},\"thumbnailUrl\":\"https:\/\/canelatools.com\/wp-content\/uploads\/2026\/02\/aluminium-1.jpg\",\"datePublished\":\"2025-11-27T12:59:34+00:00\",\"dateModified\":\"2026-02-11T16:35:35+00:00\",\"breadcrumb\":{\"@id\":\"https:\/\/canelatools.com\/pt-pt\/aeroespacial\/#breadcrumb\"},\"inLanguage\":\"pt-PT\",\"potentialAction\":[{\"@type\":\"ReadAction\",\"target\":[\"https:\/\/canelatools.com\/pt-pt\/aeroespacial\/\"]}]},{\"@type\":\"ImageObject\",\"inLanguage\":\"pt-PT\",\"@id\":\"https:\/\/canelatools.com\/pt-pt\/aeroespacial\/#primaryimage\",\"url\":\"https:\/\/canelatools.com\/wp-content\/uploads\/2026\/02\/aluminium-1.jpg\",\"contentUrl\":\"https:\/\/canelatools.com\/wp-content\/uploads\/2026\/02\/aluminium-1.jpg\"},{\"@type\":\"BreadcrumbList\",\"@id\":\"https:\/\/canelatools.com\/pt-pt\/aeroespacial\/#breadcrumb\",\"itemListElement\":[{\"@type\":\"ListItem\",\"position\":1,\"name\":\"Portada\",\"item\":\"https:\/\/canelatools.com\/\"},{\"@type\":\"ListItem\",\"position\":2,\"name\":\"Aeroespacial\"}]},{\"@type\":\"WebSite\",\"@id\":\"https:\/\/canelatools.com\/#website\",\"url\":\"https:\/\/canelatools.com\/\",\"name\":\"Canela tools\",\"description\":\"\",\"potentialAction\":[{\"@type\":\"SearchAction\",\"target\":{\"@type\":\"EntryPoint\",\"urlTemplate\":\"https:\/\/canelatools.com\/?s={search_term_string}\"},\"query-input\":{\"@type\":\"PropertyValueSpecification\",\"valueRequired\":true,\"valueName\":\"search_term_string\"}}],\"inLanguage\":\"pt-PT\"}]}<\/script>\n<!-- \/ Yoast SEO plugin. -->","yoast_head_json":{"title":"Aeroespacial - Canela tools","robots":{"index":"index","follow":"follow","max-snippet":"max-snippet:-1","max-image-preview":"max-image-preview:large","max-video-preview":"max-video-preview:-1"},"canonical":"https:\/\/canelatools.com\/pt-pt\/aeroespacial\/","og_locale":"pt_PT","og_type":"article","og_title":"Aeroespacial - Canela tools","og_description":"Aeroespacial Os materiais da ind\u00fastria aeroespacial e a tecnologia de produ\u00e7\u00e3o est\u00e3o em constante mudan\u00e7a. O uso de materiais dif\u00edceis de cortar, como tit\u00e2nio e pl\u00e1stico refor\u00e7ado com fibra de carbono, juntamente com as ligas de alum\u00ednio, aumentou devido aos pedidos de redu\u00e7\u00e3o de peso da ind\u00fastria. A Canela trabalha em estreita colabora\u00e7\u00e3o com os [&hellip;]","og_url":"https:\/\/canelatools.com\/pt-pt\/aeroespacial\/","og_site_name":"Canela tools","article_modified_time":"2026-02-11T16:35:35+00:00","og_image":[{"width":1222,"height":469,"url":"https:\/\/canelatools.com\/wp-content\/uploads\/2026\/02\/aluminium-1.jpg","type":"image\/jpeg"}],"twitter_card":"summary_large_image","twitter_misc":{"Tempo estimado de leitura":"2 minutos"},"schema":{"@context":"https:\/\/schema.org","@graph":[{"@type":"WebPage","@id":"https:\/\/canelatools.com\/pt-pt\/aeroespacial\/","url":"https:\/\/canelatools.com\/pt-pt\/aeroespacial\/","name":"Aeroespacial - Canela tools","isPartOf":{"@id":"https:\/\/canelatools.com\/#website"},"primaryImageOfPage":{"@id":"https:\/\/canelatools.com\/pt-pt\/aeroespacial\/#primaryimage"},"image":{"@id":"https:\/\/canelatools.com\/pt-pt\/aeroespacial\/#primaryimage"},"thumbnailUrl":"https:\/\/canelatools.com\/wp-content\/uploads\/2026\/02\/aluminium-1.jpg","datePublished":"2025-11-27T12:59:34+00:00","dateModified":"2026-02-11T16:35:35+00:00","breadcrumb":{"@id":"https:\/\/canelatools.com\/pt-pt\/aeroespacial\/#breadcrumb"},"inLanguage":"pt-PT","potentialAction":[{"@type":"ReadAction","target":["https:\/\/canelatools.com\/pt-pt\/aeroespacial\/"]}]},{"@type":"ImageObject","inLanguage":"pt-PT","@id":"https:\/\/canelatools.com\/pt-pt\/aeroespacial\/#primaryimage","url":"https:\/\/canelatools.com\/wp-content\/uploads\/2026\/02\/aluminium-1.jpg","contentUrl":"https:\/\/canelatools.com\/wp-content\/uploads\/2026\/02\/aluminium-1.jpg"},{"@type":"BreadcrumbList","@id":"https:\/\/canelatools.com\/pt-pt\/aeroespacial\/#breadcrumb","itemListElement":[{"@type":"ListItem","position":1,"name":"Portada","item":"https:\/\/canelatools.com\/"},{"@type":"ListItem","position":2,"name":"Aeroespacial"}]},{"@type":"WebSite","@id":"https:\/\/canelatools.com\/#website","url":"https:\/\/canelatools.com\/","name":"Canela tools","description":"","potentialAction":[{"@type":"SearchAction","target":{"@type":"EntryPoint","urlTemplate":"https:\/\/canelatools.com\/?s={search_term_string}"},"query-input":{"@type":"PropertyValueSpecification","valueRequired":true,"valueName":"search_term_string"}}],"inLanguage":"pt-PT"}]}},"_links":{"self":[{"href":"https:\/\/canelatools.com\/pt-pt\/wp-json\/wp\/v2\/pages\/5938","targetHints":{"allow":["GET"]}}],"collection":[{"href":"https:\/\/canelatools.com\/pt-pt\/wp-json\/wp\/v2\/pages"}],"about":[{"href":"https:\/\/canelatools.com\/pt-pt\/wp-json\/wp\/v2\/types\/page"}],"author":[{"embeddable":true,"href":"https:\/\/canelatools.com\/pt-pt\/wp-json\/wp\/v2\/users\/1"}],"replies":[{"embeddable":true,"href":"https:\/\/canelatools.com\/pt-pt\/wp-json\/wp\/v2\/comments?post=5938"}],"version-history":[{"count":6,"href":"https:\/\/canelatools.com\/pt-pt\/wp-json\/wp\/v2\/pages\/5938\/revisions"}],"predecessor-version":[{"id":11077,"href":"https:\/\/canelatools.com\/pt-pt\/wp-json\/wp\/v2\/pages\/5938\/revisions\/11077"}],"wp:attachment":[{"href":"https:\/\/canelatools.com\/pt-pt\/wp-json\/wp\/v2\/media?parent=5938"}],"curies":[{"name":"wp","href":"https:\/\/api.w.org\/{rel}","templated":true}]}}