{"id":6019,"date":"2025-12-02T14:48:30","date_gmt":"2025-12-02T14:48:30","guid":{"rendered":"https:\/\/canelatools.com\/historia\/"},"modified":"2026-02-02T15:56:59","modified_gmt":"2026-02-02T15:56:59","slug":"historia","status":"publish","type":"page","link":"https:\/\/canelatools.com\/pt-pt\/historia\/","title":{"rendered":"hist\u00f3ria"},"content":{"rendered":"\t\t<div data-elementor-type=\"wp-page\" data-elementor-id=\"6019\" class=\"elementor elementor-6019 elementor-3145\" data-elementor-post-type=\"page\">\n\t\t\t\t<div class=\"elementor-element elementor-element-66a5b78 e-con-full e-flex e-con e-parent\" data-id=\"66a5b78\" data-element_type=\"container\" data-e-type=\"container\">\n\t\t\t\t<div class=\"elementor-element elementor-element-296bff8 elementor-skin-slideshow elementor-arrows-yes elementor-widget elementor-widget-media-carousel\" data-id=\"296bff8\" data-element_type=\"widget\" data-e-type=\"widget\" data-settings=\"{&quot;skin&quot;:&quot;slideshow&quot;,&quot;effect&quot;:&quot;slide&quot;,&quot;show_arrows&quot;:&quot;yes&quot;,&quot;speed&quot;:500,&quot;autoplay&quot;:&quot;yes&quot;,&quot;autoplay_speed&quot;:5000,&quot;loop&quot;:&quot;yes&quot;,&quot;pause_on_hover&quot;:&quot;yes&quot;,&quot;pause_on_interaction&quot;:&quot;yes&quot;,&quot;space_between&quot;:{&quot;unit&quot;:&quot;px&quot;,&quot;size&quot;:10,&quot;sizes&quot;:[]},&quot;space_between_tablet&quot;:{&quot;unit&quot;:&quot;px&quot;,&quot;size&quot;:10,&quot;sizes&quot;:[]},&quot;space_between_mobile&quot;:{&quot;unit&quot;:&quot;px&quot;,&quot;size&quot;:10,&quot;sizes&quot;:[]}}\" data-widget_type=\"media-carousel.default\">\n\t\t\t\t\t\t\t\t\t\t<div class=\"elementor-main-swiper swiper\" role=\"region\" aria-roledescription=\"carousel\" aria-label=\"Diapositivas\">\n\t\t\t\t<div class=\"swiper-wrapper\">\n\t\t\t\t\t\t\t\t\t\t\t<div class=\"swiper-slide\" role=\"group\" aria-roledescription=\"slide\">\n\t\t\t\t\t\t\t\t\t<div class=\"elementor-carousel-image\" role=\"img\" aria-label=\"slider-historia\" style=\"background-image: url(&#039;https:\/\/canelatools.com\/wp-content\/uploads\/2025\/12\/slider-historia.jpg&#039;)\">\n\n\t\t\t\n\t\t\t\t\t<\/div>\n\t\t\t\t\t\t\t\t<\/div>\n\t\t\t\t\t\t\t\t\t\t\t<div class=\"swiper-slide\" role=\"group\" aria-roledescription=\"slide\">\n\t\t\t\t\t\t\t\t\t<div class=\"elementor-carousel-image\" role=\"img\" aria-label=\"P1000424\" style=\"background-image: url(&#039;https:\/\/canelatools.com\/wp-content\/uploads\/2025\/12\/P1000424-scaled.jpg&#039;)\">\n\n\t\t\t\n\t\t\t\t\t<\/div>\n\t\t\t\t\t\t\t\t<\/div>\n\t\t\t\t\t\t\t\t\t\t\t<div class=\"swiper-slide\" role=\"group\" aria-roledescription=\"slide\">\n\t\t\t\t\t\t\t\t\t<div class=\"elementor-carousel-image\" role=\"img\" aria-label=\"P1000421\" style=\"background-image: url(&#039;https:\/\/canelatools.com\/wp-content\/uploads\/2025\/12\/P1000421-scaled.jpg&#039;)\">\n\n\t\t\t\n\t\t\t\t\t<\/div>\n\t\t\t\t\t\t\t\t<\/div>\n\t\t\t\t\t\t\t\t\t\t\t<div class=\"swiper-slide\" role=\"group\" aria-roledescription=\"slide\">\n\t\t\t\t\t\t\t\t\t<div class=\"elementor-carousel-image\" role=\"img\" aria-label=\"P1000414\" style=\"background-image: url(&#039;https:\/\/canelatools.com\/wp-content\/uploads\/2025\/12\/P1000414-scaled.jpg&#039;)\">\n\n\t\t\t\n\t\t\t\t\t<\/div>\n\t\t\t\t\t\t\t\t<\/div>\n\t\t\t\t\t\t\t\t\t\t\t<div class=\"swiper-slide\" role=\"group\" aria-roledescription=\"slide\">\n\t\t\t\t\t\t\t\t\t<div class=\"elementor-carousel-image\" role=\"img\" aria-label=\"WhatsApp Image 2025-10-13 at 12.23.49 (2)\" style=\"background-image: url(&#039;https:\/\/canelatools.com\/wp-content\/uploads\/2026\/01\/WhatsApp-Image-2025-10-13-at-12.23.49-2-1.jpeg&#039;)\">\n\n\t\t\t\n\t\t\t\t\t<\/div>\n\t\t\t\t\t\t\t\t<\/div>\n\t\t\t\t\t\t\t\t\t<\/div>\n\t\t\t\t\t\t\t\t\t\t\t\t\t\t\t<div class=\"elementor-swiper-button elementor-swiper-button-prev\" role=\"button\" tabindex=\"0\" aria-label=\"Anterior\">\n\t\t\t\t\t\t\t<svg aria-hidden=\"true\" class=\"e-font-icon-svg e-eicon-chevron-left\" viewBox=\"0 0 1000 1000\" xmlns=\"http:\/\/www.w3.org\/2000\/svg\"><path d=\"M646 125C629 125 613 133 604 142L308 442C296 454 292 471 292 487 292 504 296 521 308 533L604 854C617 867 629 875 646 875 663 875 679 871 692 858 704 846 713 829 713 812 713 796 708 779 692 767L438 487 692 225C700 217 708 204 708 187 708 171 704 154 692 142 675 129 663 125 646 125Z\"><\/path><\/svg>\t\t\t\t\t\t<\/div>\n\t\t\t\t\t\t<div class=\"elementor-swiper-button elementor-swiper-button-next\" role=\"button\" tabindex=\"0\" aria-label=\"Next\">\n\t\t\t\t\t\t\t<svg aria-hidden=\"true\" class=\"e-font-icon-svg e-eicon-chevron-right\" viewBox=\"0 0 1000 1000\" xmlns=\"http:\/\/www.w3.org\/2000\/svg\"><path d=\"M696 533C708 521 713 504 713 487 713 471 708 454 696 446L400 146C388 133 375 125 354 125 338 125 325 129 313 142 300 154 292 171 292 187 292 204 296 221 308 233L563 492 304 771C292 783 288 800 288 817 288 833 296 850 308 863 321 871 338 875 354 875 371 875 388 867 400 854L696 533Z\"><\/path><\/svg>\t\t\t\t\t\t<\/div>\n\t\t\t\t\t\t\t\t\t\t\t\t\t\t\t\t\t<\/div>\n\t\t\t\t\t\t\t\t\t<div class=\"elementor-main-swiper swiper elementor-thumbnails-swiper swiper\" role=\"region region\" aria-roledescription=\"carousel carousel\" aria-label=\"Diapositivas Diapositivas\">\n\t\t\t\t<div class=\"swiper-wrapper\">\n\t\t\t\t\t\t\t\t\t\t\t<div class=\"swiper-slide\" role=\"group\" aria-roledescription=\"slide\">\n\t\t\t\t\t\t\t\t\t<div class=\"elementor-carousel-image\" role=\"img\" aria-label=\"slider-historia\" style=\"background-image: url(&#039;https:\/\/canelatools.com\/wp-content\/uploads\/2025\/12\/slider-historia.jpg&#039;)\">\n\n\t\t\t\n\t\t\t\t\t<\/div>\n\t\t\t\t\t\t\t\t<\/div>\n\t\t\t\t\t\t\t\t\t\t\t<div class=\"swiper-slide\" role=\"group\" aria-roledescription=\"slide\">\n\t\t\t\t\t\t\t\t\t<div class=\"elementor-carousel-image\" role=\"img\" aria-label=\"P1000424\" style=\"background-image: url(&#039;https:\/\/canelatools.com\/wp-content\/uploads\/2025\/12\/P1000424-scaled.jpg&#039;)\">\n\n\t\t\t\n\t\t\t\t\t<\/div>\n\t\t\t\t\t\t\t\t<\/div>\n\t\t\t\t\t\t\t\t\t\t\t<div class=\"swiper-slide\" role=\"group\" aria-roledescription=\"slide\">\n\t\t\t\t\t\t\t\t\t<div class=\"elementor-carousel-image\" role=\"img\" aria-label=\"P1000421\" style=\"background-image: url(&#039;https:\/\/canelatools.com\/wp-content\/uploads\/2025\/12\/P1000421-scaled.jpg&#039;)\">\n\n\t\t\t\n\t\t\t\t\t<\/div>\n\t\t\t\t\t\t\t\t<\/div>\n\t\t\t\t\t\t\t\t\t\t\t<div class=\"swiper-slide\" role=\"group\" aria-roledescription=\"slide\">\n\t\t\t\t\t\t\t\t\t<div class=\"elementor-carousel-image\" role=\"img\" aria-label=\"P1000414\" style=\"background-image: url(&#039;https:\/\/canelatools.com\/wp-content\/uploads\/2025\/12\/P1000414-scaled.jpg&#039;)\">\n\n\t\t\t\n\t\t\t\t\t<\/div>\n\t\t\t\t\t\t\t\t<\/div>\n\t\t\t\t\t\t\t\t\t\t\t<div class=\"swiper-slide\" role=\"group\" aria-roledescription=\"slide\">\n\t\t\t\t\t\t\t\t\t<div class=\"elementor-carousel-image\" role=\"img\" aria-label=\"WhatsApp Image 2025-10-13 at 12.23.49 (2)\" style=\"background-image: url(&#039;https:\/\/canelatools.com\/wp-content\/uploads\/2026\/01\/WhatsApp-Image-2025-10-13-at-12.23.49-2-1.jpeg&#039;)\">\n\n\t\t\t\n\t\t\t\t\t<\/div>\n\t\t\t\t\t\t\t\t<\/div>\n\t\t\t\t\t\t\t\t\t<\/div>\n\t\t\t\t\t\t\t\t\t\t\t\t\t\t\t\t\t\t\t\t\t<\/div>\n\t\t\t\t\t\t\t\t<\/div>\n\t\t\t\t<\/div>\n\t\t<div class=\"elementor-element elementor-element-c849fad e-flex e-con-boxed e-con e-parent\" data-id=\"c849fad\" data-element_type=\"container\" data-e-type=\"container\">\n\t\t\t\t\t<div class=\"e-con-inner\">\n\t\t<div class=\"elementor-element elementor-element-6fbe212 e-con-full e-flex e-con e-child\" data-id=\"6fbe212\" data-element_type=\"container\" data-e-type=\"container\">\n\t\t\t\t<div class=\"elementor-element elementor-element-d9ef5a7 elementor-widget elementor-widget-heading\" data-id=\"d9ef5a7\" data-element_type=\"widget\" data-e-type=\"widget\" data-widget_type=\"heading.default\">\n\t\t\t\t\t<h2 class=\"elementor-heading-title elementor-size-default\">Hist\u00f3ria<\/h2>\t\t\t\t<\/div>\n\t\t\t\t<div class=\"elementor-element elementor-element-8b9e598 elementor-widget-divider--view-line elementor-widget elementor-widget-divider\" data-id=\"8b9e598\" data-element_type=\"widget\" data-e-type=\"widget\" data-widget_type=\"divider.default\">\n\t\t\t\t\t\t\t<div class=\"elementor-divider\">\n\t\t\t<span class=\"elementor-divider-separator\">\n\t\t\t\t\t\t<\/span>\n\t\t<\/div>\n\t\t\t\t\t\t<\/div>\n\t\t<div class=\"elementor-element elementor-element-a9233ef e-con-full e-flex e-con e-child\" data-id=\"a9233ef\" data-element_type=\"container\" data-e-type=\"container\">\n\t\t<div class=\"elementor-element elementor-element-9acf576 e-con-full e-flex e-con e-child\" data-id=\"9acf576\" data-element_type=\"container\" data-e-type=\"container\">\n\t\t\t\t<div class=\"elementor-element elementor-element-ef3dc8f elementor-widget elementor-widget-image\" data-id=\"ef3dc8f\" data-element_type=\"widget\" data-e-type=\"widget\" data-widget_type=\"image.default\">\n\t\t\t\t\t\t\t\t\t\t\t\t\t\t\t<img fetchpriority=\"high\" decoding=\"async\" width=\"800\" height=\"360\" src=\"https:\/\/canelatools.com\/wp-content\/uploads\/2025\/12\/1967-1024x461.jpg\" class=\"attachment-large size-large wp-image-6017\" alt=\"\" srcset=\"https:\/\/canelatools.com\/wp-content\/uploads\/2025\/12\/1967-1024x461.jpg 1024w, https:\/\/canelatools.com\/wp-content\/uploads\/2025\/12\/1967-300x135.jpg 300w, https:\/\/canelatools.com\/wp-content\/uploads\/2025\/12\/1967-768x346.jpg 768w, https:\/\/canelatools.com\/wp-content\/uploads\/2025\/12\/1967-1536x691.jpg 1536w, https:\/\/canelatools.com\/wp-content\/uploads\/2025\/12\/1967-2048x921.jpg 2048w\" sizes=\"(max-width: 800px) 100vw, 800px\" \/>\t\t\t\t\t\t\t\t\t\t\t\t\t\t\t<\/div>\n\t\t\t\t<\/div>\n\t\t<div class=\"elementor-element elementor-element-dbe320f e-con-full e-flex e-con e-child\" data-id=\"dbe320f\" data-element_type=\"container\" data-e-type=\"container\">\n\t\t\t\t<div class=\"elementor-element elementor-element-ca055fe elementor-widget elementor-widget-text-editor\" data-id=\"ca055fe\" data-element_type=\"widget\" data-e-type=\"widget\" data-widget_type=\"text-editor.default\">\n\t\t\t\t\t\t\t\t\t<p>O grupo Canela foi fundado em 1967 por Ramon Canela. As suas primeiras actividades foram soldadura e trabalho subcontratado, em 1974 iniciou a fabrica\u00e7\u00e3o de ferramentas para pastilhas intercambi\u00e1veis, utilizando parte da maquinaria adquirida nos anos anteriores. <br><br>Em 1977 fundou a Microfusio Catalana para fundir metais mediante o processo de cera perdida, como uma actividade complementar para a fabrica\u00e7\u00e3o de ferramentas.<\/p>\t\t\t\t\t\t\t\t<\/div>\n\t\t\t\t<\/div>\n\t\t\t\t<\/div>\n\t\t<div class=\"elementor-element elementor-element-8e3b7fb e-con-full e-flex e-con e-child\" data-id=\"8e3b7fb\" data-element_type=\"container\" data-e-type=\"container\">\n\t\t<div class=\"elementor-element elementor-element-798cb89 e-con-full e-flex e-con e-child\" data-id=\"798cb89\" data-element_type=\"container\" data-e-type=\"container\">\n\t\t\t\t<div class=\"elementor-element elementor-element-1528a7e elementor-widget elementor-widget-text-editor\" data-id=\"1528a7e\" data-element_type=\"widget\" data-e-type=\"widget\" data-widget_type=\"text-editor.default\">\n\t\t\t\t\t\t\t\t\t<p>Foi o embri\u00e3o de um grande neg\u00f3cio familiar, conduzido no in\u00edcio por Ramon Canela e sua esposa Maria Rosa Vinyes, e posteriormente pelo seu filho Alex Canela e sua filha S\u00edlvia Canela. A fam\u00edlia continua a dirigir a empresa. <br><br>Actualmente, Canela \u00e9 o \u00fanico fabricante de ferramentas com a sua dimens\u00e3o que n\u00e3o foi adquirida por um grande grupo.<br><br>A qualidade dos produtos Canela \u00e9 bem conhecida em todo o mundo, e muitas ferramentas que saem das suas fabricas de produ\u00e7\u00e3o s\u00e3o vendidas mais tarde pelas principais marcas do mercado.<br><br>A capacidade actual de produ\u00e7\u00e3o \u00e9 de mais de 200.000 ferramentas ano.<\/p>\t\t\t\t\t\t\t\t<\/div>\n\t\t\t\t<\/div>\n\t\t<div class=\"elementor-element elementor-element-af87e46 e-con-full e-flex e-con e-child\" data-id=\"af87e46\" data-element_type=\"container\" data-e-type=\"container\">\n\t\t\t\t<div class=\"elementor-element elementor-element-9b315f7 elementor-widget elementor-widget-image\" data-id=\"9b315f7\" data-element_type=\"widget\" data-e-type=\"widget\" data-widget_type=\"image.default\">\n\t\t\t\t\t\t\t\t\t\t\t\t\t\t\t<img decoding=\"async\" width=\"800\" height=\"445\" src=\"https:\/\/canelatools.com\/wp-content\/uploads\/2026\/01\/2026-1024x570.jpg\" class=\"attachment-large size-large wp-image-9834\" alt=\"\" srcset=\"https:\/\/canelatools.com\/wp-content\/uploads\/2026\/01\/2026-1024x570.jpg 1024w, https:\/\/canelatools.com\/wp-content\/uploads\/2026\/01\/2026-300x167.jpg 300w, https:\/\/canelatools.com\/wp-content\/uploads\/2026\/01\/2026-768x428.jpg 768w, https:\/\/canelatools.com\/wp-content\/uploads\/2026\/01\/2026-1536x855.jpg 1536w, https:\/\/canelatools.com\/wp-content\/uploads\/2026\/01\/2026-2048x1140.jpg 2048w\" sizes=\"(max-width: 800px) 100vw, 800px\" \/>\t\t\t\t\t\t\t\t\t\t\t\t\t\t\t<\/div>\n\t\t\t\t<\/div>\n\t\t\t\t<\/div>\n\t\t<div class=\"elementor-element elementor-element-6999a3f e-con-full e-flex e-con e-child\" data-id=\"6999a3f\" data-element_type=\"container\" data-e-type=\"container\">\n\t\t\t\t<\/div>\n\t\t\t\t<\/div>\n\t\t\t\t\t<\/div>\n\t\t\t\t<\/div>\n\t\t<div class=\"elementor-element elementor-element-01582d9 e-con-full e-flex e-con e-parent\" data-id=\"01582d9\" data-element_type=\"container\" data-e-type=\"container\">\n\t\t\t\t<div class=\"elementor-element elementor-element-e71b6d4 elementor-widget elementor-widget-image\" data-id=\"e71b6d4\" data-element_type=\"widget\" data-e-type=\"widget\" data-widget_type=\"image.default\">\n\t\t\t\t\t\t\t\t\t\t\t\t\t\t\t<img decoding=\"async\" width=\"1898\" height=\"1071\" src=\"https:\/\/canelatools.com\/wp-content\/uploads\/2025\/12\/fons.jpg\" class=\"attachment-full size-full wp-image-6015\" alt=\"\" srcset=\"https:\/\/canelatools.com\/wp-content\/uploads\/2025\/12\/fons.jpg 1898w, https:\/\/canelatools.com\/wp-content\/uploads\/2025\/12\/fons-300x169.jpg 300w, https:\/\/canelatools.com\/wp-content\/uploads\/2025\/12\/fons-1024x578.jpg 1024w, https:\/\/canelatools.com\/wp-content\/uploads\/2025\/12\/fons-768x433.jpg 768w, https:\/\/canelatools.com\/wp-content\/uploads\/2025\/12\/fons-1536x867.jpg 1536w\" sizes=\"(max-width: 1898px) 100vw, 1898px\" \/>\t\t\t\t\t\t\t\t\t\t\t\t\t\t\t<\/div>\n\t\t\t\t<\/div>\n\t\t\t\t<\/div>\n\t\t","protected":false},"excerpt":{"rendered":"<p>Hist\u00f3ria O grupo Canela foi fundado em 1967 por Ramon Canela. As suas primeiras actividades foram soldadura e trabalho subcontratado, em 1974 iniciou a fabrica\u00e7\u00e3o de ferramentas para pastilhas intercambi\u00e1veis, utilizando parte da maquinaria adquirida nos anos anteriores. Em 1977 fundou a Microfusio Catalana para fundir metais mediante o processo de cera perdida, como uma [&hellip;]<\/p>\n","protected":false},"author":1,"featured_media":0,"parent":0,"menu_order":0,"comment_status":"closed","ping_status":"closed","template":"elementor_header_footer","meta":{"footnotes":""},"class_list":["post-6019","page","type-page","status-publish","hentry"],"yoast_head":"<!-- This site is optimized with the Yoast SEO plugin v27.0 - https:\/\/yoast.com\/product\/yoast-seo-wordpress\/ -->\n<title>hist\u00f3ria - Canela tools<\/title>\n<meta name=\"robots\" content=\"index, follow, max-snippet:-1, max-image-preview:large, max-video-preview:-1\" \/>\n<link rel=\"canonical\" href=\"https:\/\/canelatools.com\/pt-pt\/historia\/\" \/>\n<meta property=\"og:locale\" content=\"pt_PT\" \/>\n<meta property=\"og:type\" content=\"article\" \/>\n<meta property=\"og:title\" content=\"hist\u00f3ria - Canela tools\" \/>\n<meta property=\"og:description\" content=\"Hist\u00f3ria O grupo Canela foi fundado em 1967 por Ramon Canela. As suas primeiras actividades foram soldadura e trabalho subcontratado, em 1974 iniciou a fabrica\u00e7\u00e3o de ferramentas para pastilhas intercambi\u00e1veis, utilizando parte da maquinaria adquirida nos anos anteriores. Em 1977 fundou a Microfusio Catalana para fundir metais mediante o processo de cera perdida, como uma [&hellip;]\" \/>\n<meta property=\"og:url\" content=\"https:\/\/canelatools.com\/pt-pt\/historia\/\" \/>\n<meta property=\"og:site_name\" content=\"Canela tools\" \/>\n<meta property=\"article:modified_time\" content=\"2026-02-02T15:56:59+00:00\" \/>\n<meta property=\"og:image\" content=\"https:\/\/canelatools.com\/wp-content\/uploads\/2025\/12\/1967.jpg\" \/>\n\t<meta property=\"og:image:width\" content=\"2116\" \/>\n\t<meta property=\"og:image:height\" content=\"952\" \/>\n\t<meta property=\"og:image:type\" content=\"image\/jpeg\" \/>\n<meta name=\"twitter:card\" content=\"summary_large_image\" \/>\n<meta name=\"twitter:label1\" content=\"Tempo estimado de leitura\" \/>\n\t<meta name=\"twitter:data1\" content=\"1 minuto\" \/>\n<script type=\"application\/ld+json\" class=\"yoast-schema-graph\">{\"@context\":\"https:\/\/schema.org\",\"@graph\":[{\"@type\":\"WebPage\",\"@id\":\"https:\/\/canelatools.com\/pt-pt\/historia\/\",\"url\":\"https:\/\/canelatools.com\/pt-pt\/historia\/\",\"name\":\"hist\u00f3ria - Canela tools\",\"isPartOf\":{\"@id\":\"https:\/\/canelatools.com\/#website\"},\"primaryImageOfPage\":{\"@id\":\"https:\/\/canelatools.com\/pt-pt\/historia\/#primaryimage\"},\"image\":{\"@id\":\"https:\/\/canelatools.com\/pt-pt\/historia\/#primaryimage\"},\"thumbnailUrl\":\"https:\/\/canelatools.com\/wp-content\/uploads\/2025\/12\/1967-1024x461.jpg\",\"datePublished\":\"2025-12-02T14:48:30+00:00\",\"dateModified\":\"2026-02-02T15:56:59+00:00\",\"breadcrumb\":{\"@id\":\"https:\/\/canelatools.com\/pt-pt\/historia\/#breadcrumb\"},\"inLanguage\":\"pt-PT\",\"potentialAction\":[{\"@type\":\"ReadAction\",\"target\":[\"https:\/\/canelatools.com\/pt-pt\/historia\/\"]}]},{\"@type\":\"ImageObject\",\"inLanguage\":\"pt-PT\",\"@id\":\"https:\/\/canelatools.com\/pt-pt\/historia\/#primaryimage\",\"url\":\"https:\/\/canelatools.com\/wp-content\/uploads\/2025\/12\/1967-1024x461.jpg\",\"contentUrl\":\"https:\/\/canelatools.com\/wp-content\/uploads\/2025\/12\/1967-1024x461.jpg\"},{\"@type\":\"BreadcrumbList\",\"@id\":\"https:\/\/canelatools.com\/pt-pt\/historia\/#breadcrumb\",\"itemListElement\":[{\"@type\":\"ListItem\",\"position\":1,\"name\":\"Portada\",\"item\":\"https:\/\/canelatools.com\/\"},{\"@type\":\"ListItem\",\"position\":2,\"name\":\"hist\u00f3ria\"}]},{\"@type\":\"WebSite\",\"@id\":\"https:\/\/canelatools.com\/#website\",\"url\":\"https:\/\/canelatools.com\/\",\"name\":\"Canela tools\",\"description\":\"\",\"potentialAction\":[{\"@type\":\"SearchAction\",\"target\":{\"@type\":\"EntryPoint\",\"urlTemplate\":\"https:\/\/canelatools.com\/?s={search_term_string}\"},\"query-input\":{\"@type\":\"PropertyValueSpecification\",\"valueRequired\":true,\"valueName\":\"search_term_string\"}}],\"inLanguage\":\"pt-PT\"}]}<\/script>\n<!-- \/ Yoast SEO plugin. -->","yoast_head_json":{"title":"hist\u00f3ria - Canela tools","robots":{"index":"index","follow":"follow","max-snippet":"max-snippet:-1","max-image-preview":"max-image-preview:large","max-video-preview":"max-video-preview:-1"},"canonical":"https:\/\/canelatools.com\/pt-pt\/historia\/","og_locale":"pt_PT","og_type":"article","og_title":"hist\u00f3ria - Canela tools","og_description":"Hist\u00f3ria O grupo Canela foi fundado em 1967 por Ramon Canela. As suas primeiras actividades foram soldadura e trabalho subcontratado, em 1974 iniciou a fabrica\u00e7\u00e3o de ferramentas para pastilhas intercambi\u00e1veis, utilizando parte da maquinaria adquirida nos anos anteriores. Em 1977 fundou a Microfusio Catalana para fundir metais mediante o processo de cera perdida, como uma [&hellip;]","og_url":"https:\/\/canelatools.com\/pt-pt\/historia\/","og_site_name":"Canela tools","article_modified_time":"2026-02-02T15:56:59+00:00","og_image":[{"width":2116,"height":952,"url":"https:\/\/canelatools.com\/wp-content\/uploads\/2025\/12\/1967.jpg","type":"image\/jpeg"}],"twitter_card":"summary_large_image","twitter_misc":{"Tempo estimado de leitura":"1 minuto"},"schema":{"@context":"https:\/\/schema.org","@graph":[{"@type":"WebPage","@id":"https:\/\/canelatools.com\/pt-pt\/historia\/","url":"https:\/\/canelatools.com\/pt-pt\/historia\/","name":"hist\u00f3ria - Canela tools","isPartOf":{"@id":"https:\/\/canelatools.com\/#website"},"primaryImageOfPage":{"@id":"https:\/\/canelatools.com\/pt-pt\/historia\/#primaryimage"},"image":{"@id":"https:\/\/canelatools.com\/pt-pt\/historia\/#primaryimage"},"thumbnailUrl":"https:\/\/canelatools.com\/wp-content\/uploads\/2025\/12\/1967-1024x461.jpg","datePublished":"2025-12-02T14:48:30+00:00","dateModified":"2026-02-02T15:56:59+00:00","breadcrumb":{"@id":"https:\/\/canelatools.com\/pt-pt\/historia\/#breadcrumb"},"inLanguage":"pt-PT","potentialAction":[{"@type":"ReadAction","target":["https:\/\/canelatools.com\/pt-pt\/historia\/"]}]},{"@type":"ImageObject","inLanguage":"pt-PT","@id":"https:\/\/canelatools.com\/pt-pt\/historia\/#primaryimage","url":"https:\/\/canelatools.com\/wp-content\/uploads\/2025\/12\/1967-1024x461.jpg","contentUrl":"https:\/\/canelatools.com\/wp-content\/uploads\/2025\/12\/1967-1024x461.jpg"},{"@type":"BreadcrumbList","@id":"https:\/\/canelatools.com\/pt-pt\/historia\/#breadcrumb","itemListElement":[{"@type":"ListItem","position":1,"name":"Portada","item":"https:\/\/canelatools.com\/"},{"@type":"ListItem","position":2,"name":"hist\u00f3ria"}]},{"@type":"WebSite","@id":"https:\/\/canelatools.com\/#website","url":"https:\/\/canelatools.com\/","name":"Canela tools","description":"","potentialAction":[{"@type":"SearchAction","target":{"@type":"EntryPoint","urlTemplate":"https:\/\/canelatools.com\/?s={search_term_string}"},"query-input":{"@type":"PropertyValueSpecification","valueRequired":true,"valueName":"search_term_string"}}],"inLanguage":"pt-PT"}]}},"_links":{"self":[{"href":"https:\/\/canelatools.com\/pt-pt\/wp-json\/wp\/v2\/pages\/6019","targetHints":{"allow":["GET"]}}],"collection":[{"href":"https:\/\/canelatools.com\/pt-pt\/wp-json\/wp\/v2\/pages"}],"about":[{"href":"https:\/\/canelatools.com\/pt-pt\/wp-json\/wp\/v2\/types\/page"}],"author":[{"embeddable":true,"href":"https:\/\/canelatools.com\/pt-pt\/wp-json\/wp\/v2\/users\/1"}],"replies":[{"embeddable":true,"href":"https:\/\/canelatools.com\/pt-pt\/wp-json\/wp\/v2\/comments?post=6019"}],"version-history":[{"count":12,"href":"https:\/\/canelatools.com\/pt-pt\/wp-json\/wp\/v2\/pages\/6019\/revisions"}],"predecessor-version":[{"id":10299,"href":"https:\/\/canelatools.com\/pt-pt\/wp-json\/wp\/v2\/pages\/6019\/revisions\/10299"}],"wp:attachment":[{"href":"https:\/\/canelatools.com\/pt-pt\/wp-json\/wp\/v2\/media?parent=6019"}],"curies":[{"name":"wp","href":"https:\/\/api.w.org\/{rel}","templated":true}]}}