{"id":8975,"date":"2026-01-08T10:15:32","date_gmt":"2026-01-08T10:15:32","guid":{"rendered":"https:\/\/canelatools.com\/politica-de-cookies\/"},"modified":"2026-01-13T10:55:56","modified_gmt":"2026-01-13T10:55:56","slug":"politica-de-cookies","status":"publish","type":"page","link":"https:\/\/canelatools.com\/pt-pt\/politica-de-cookies\/","title":{"rendered":"Pol\u00edtica de cookies"},"content":{"rendered":"\t\t<div data-elementor-type=\"wp-page\" data-elementor-id=\"8975\" class=\"elementor elementor-8975 elementor-8492\" data-elementor-post-type=\"page\">\n\t\t\t\t<div class=\"elementor-element elementor-element-6c4ebb0 e-flex e-con-boxed e-con e-parent\" data-id=\"6c4ebb0\" data-element_type=\"container\" data-e-type=\"container\" data-settings=\"{&quot;background_background&quot;:&quot;slideshow&quot;,&quot;background_slideshow_gallery&quot;:[{&quot;id&quot;:5856,&quot;url&quot;:&quot;https:\\\/\\\/canelatools.com\\\/wp-content\\\/uploads\\\/2025\\\/12\\\/slider-proteccion-datos.jpg&quot;}],&quot;background_slideshow_loop&quot;:&quot;yes&quot;,&quot;background_slideshow_slide_duration&quot;:5000,&quot;background_slideshow_slide_transition&quot;:&quot;fade&quot;,&quot;background_slideshow_transition_duration&quot;:500}\">\n\t\t\t\t\t<div class=\"e-con-inner\">\n\t\t\t\t<div class=\"elementor-element elementor-element-140c30c elementor-widget elementor-widget-heading\" data-id=\"140c30c\" data-element_type=\"widget\" data-e-type=\"widget\" data-widget_type=\"heading.default\">\n\t\t\t\t\t<h1 class=\"elementor-heading-title elementor-size-default\">Pol\u00edtica de cookies<\/h1>\t\t\t\t<\/div>\n\t\t\t\t<div class=\"elementor-element elementor-element-e78c513 elementor-widget-divider--view-line elementor-widget elementor-widget-divider\" data-id=\"e78c513\" data-element_type=\"widget\" data-e-type=\"widget\" data-widget_type=\"divider.default\">\n\t\t\t\t\t\t\t<div class=\"elementor-divider\">\n\t\t\t<span class=\"elementor-divider-separator\">\n\t\t\t\t\t\t<\/span>\n\t\t<\/div>\n\t\t\t\t\t\t<\/div>\n\t\t\t\t\t<\/div>\n\t\t\t\t<\/div>\n\t\t<div class=\"elementor-element elementor-element-2720fe5 e-flex e-con-boxed e-con e-parent\" data-id=\"2720fe5\" data-element_type=\"container\" data-e-type=\"container\">\n\t\t\t\t\t<div class=\"e-con-inner\">\n\t\t\t\t<div class=\"elementor-element elementor-element-0452ec7 elementor-widget elementor-widget-text-editor\" data-id=\"0452ec7\" data-element_type=\"widget\" data-e-type=\"widget\" data-widget_type=\"text-editor.default\">\n\t\t\t\t\t\t\t\t\t<strong>Sobre esta pol\u00edtica de cookies<\/strong>\n<div>Esta Pol\u00edtica de Cookies explica o que s\u00e3o cookies, os tipos de cookies que utilizamos, ou seja, as informa\u00e7\u00f5es que recolhemos atrav\u00e9s dos cookies e a forma como essas informa\u00e7\u00f5es s\u00e3o utilizadas, e tambem a forma de controlar as prefer\u00eancias dos cookies. Para mais informa\u00e7\u00f5es sobre a forma como utilizamos, armazenamos e mantemos os seus dados pessoais seguros, consulte a nossa <a href=\"https:\/\/canelatools.com\/empresa\/produccion-de-datos\/\">Pol\u00edtica de Privacidade<\/a>. Pode alterar ou retirar o seu consentimento \u00e0 Declara\u00e7\u00e3o de Cookies no nosso s\u00edtio Web em qualquer momento.<\/div>\n<div><\/div>\n<div>Saiba mais sobre quem somos, como nos pode contactar e como processamos os dados pessoais na nossa <a href=\"https:\/\/canelatools.com\/empresa\/produccion-de-datos\/\">Pol\u00edtica de privacidade<\/a>. O seu consentimento aplica-se aos seguintes dom\u00ednios: canelatools.com<\/div>\n<div><\/div>\n<strong>O que s\u00e3o cookies?<\/strong>\nOs cookies s\u00e3o pequenos ficheiros de texto que s\u00e3o utilizados para armazenar pequenas informa\u00e7\u00f5es. S\u00e3o armazenados no seu dispositivo quando o s\u00edtio Web \u00e9 carregado no seu navegador. Estes cookies ajudam-nos a fazer com que o s\u00edtio Web funcione corretamente, a torn\u00e1-lo mais seguro, a proporcionar uma melhor experi\u00eancia ao utilizador, a compreender como o s\u00edtio Web funciona e a analisar o que funciona e onde precisa de ser melhorado.\n\n<strong>Como \u00e9 que utilizamos os cookies?<\/strong>\nTal como a maioria dos servi\u00e7os em linha, o nosso s\u00edtio Web utiliza cookies pr\u00f3prios e de terceiros para diversos fins. Os cookies pr\u00f3prios s\u00e3o necess\u00e1rios, na sua maioria, para que o s\u00edtio Web funcione corretamente e n\u00e3o recolhem quaisquer informa\u00e7\u00f5es pessoais identific\u00e1veis do utilizador. Os cookies de terceiros utilizados no nosso s\u00edtio Web destinam-se principalmente a compreender o funcionamento do s\u00edtio Web, a forma como o utilizador interage com o nosso s\u00edtio Web, a manter os nossos servi\u00e7os seguros, a fornecer an\u00fancios que sejam relevantes para o utilizador e, de um modo geral, a proporcionar-lhe uma experi\u00eancia de utilizador melhor e mais aperfei\u00e7oada e a ajudar a acelerar as suas futuras interac\u00e7\u00f5es com o nosso s\u00edtio Web.\n\n<strong>Que tipos de cookies utilizamos?<\/strong>\nEssenciais: Alguns cookies s\u00e3o essenciais para que o utilizador possa usufruir de todas as funcionalidades do nosso s\u00edtio. Permitem-nos manter as sess\u00f5es dos utilizadores e evitar quaisquer amea\u00e7as \u00e0 seguran\u00e7a. N\u00e3o recolhem nem armazenam quaisquer informa\u00e7\u00f5es pessoais. Por exemplo, estes cookies permitem-lhe iniciar sess\u00e3o na sua conta, adicionar produtos ao seu cesto e efetuar pagamentos de forma segura. Estat\u00edsticas: Estes cookies armazenam informa\u00e7\u00f5es como o n\u00famero de visitantes do s\u00edtio Web, o n\u00famero de visitantes \u00fanicos, as p\u00e1ginas do s\u00edtio Web que foram visitadas, a origem da visita, etc. Estes dados ajudam-nos a compreender e a analisar o desempenho do s\u00edtio Web e as \u00e1reas em que \u00e9 necess\u00e1rio melhorar. Marketing: O nosso s\u00edtio Web apresenta an\u00fancios. Estes cookies s\u00e3o utilizados para personalizar os an\u00fancios que lhe mostramos, de modo a que sejam significativos para o utilizador. Estes cookies tamb\u00e9m nos ajudam a controlar a efic\u00e1cia destas campanhas publicit\u00e1rias. As informa\u00e7\u00f5es armazenadas nestes cookies tamb\u00e9m podem ser utilizadas por fornecedores de publicidade terceiros para lhe mostrar an\u00fancios de outros s\u00edtios Web no seu browser. Funcionais: Estes s\u00e3o cookies que suportam determinadas funcionalidades n\u00e3o essenciais no nosso s\u00edtio Web. Estas funcionalidades incluem a incorpora\u00e7\u00e3o de conte\u00fados como v\u00eddeos ou a partilha de conte\u00fados do s\u00edtio Web em plataformas de redes sociais. Prefer\u00eancias: estes cookies ajudam-nos a armazenar as suas defini\u00e7\u00f5es e prefer\u00eancias de navega\u00e7\u00e3o, como as prefer\u00eancias de idioma, para que tenha uma experi\u00eancia melhor e mais eficiente em futuras visitas ao s\u00edtio Web.\n\n<strong>Como posso controlar as minhas prefer\u00eancias de cookies?<\/strong>\nSe decidir alterar as suas prefer\u00eancias mais tarde na sua sess\u00e3o de navega\u00e7\u00e3o, pode clicar no separador &#8220;Pol\u00edtica de privacidade e de cookies&#8221; no seu ecr\u00e3. O aviso de consentimento ser\u00e1 novamente apresentado, permitindo-lhe alterar as suas prefer\u00eancias ou retirar completamente o seu consentimento. Al\u00e9m disso, os diferentes navegadores fornecem diferentes m\u00e9todos para bloquear e apagar os cookies utilizados pelos s\u00edtios Web. Pode alterar as defini\u00e7\u00f5es do seu navegador para bloquear\/eliminar cookies.\n\nPara mais informa\u00e7\u00f5es sobre como gerir e apagar cookies, visite <a href=\"http:\/\/wikipedia.org\" target=\"_blank\" rel=\"noopener\">wikipedia.org<\/a>, <a href=\"http:\/\/www.allaboutcookies.org\" target=\"_blank\" rel=\"noopener\">www.allaboutcookies.org<\/a>.\t\t\t\t\t\t\t\t<\/div>\n\t\t\t\t<div class=\"elementor-element elementor-element-683b514 elementor-widget elementor-widget-text-editor\" data-id=\"683b514\" data-element_type=\"widget\" data-e-type=\"widget\" data-widget_type=\"text-editor.default\">\n\t\t\t\t\t\t\t\t\t<strong>A lista seguinte indica os cookies utilizados no nosso s\u00edtio Web.<\/strong>\n<div class=\"reportbox\">\n<p class=\"reporttitle\">Performance cookies<span class=\"text-success\">3<\/span><\/p>\n\n<table class=\"reporttable table\">\n<thead>\n<tr>\n<th>Cookie key<\/th>\n<th>Domain<\/th>\n<th>Path<\/th>\n<th>Cookie type<\/th>\n<th>Expiration<\/th>\n<th>Description<\/th>\n<\/tr>\n<\/thead>\n<tbody>\n<tr>\n<td data-label=\"Cookie key\">_gid\n<a class=\"morecookieinfo\" title=\"More info\" data-toggle=\"collapse\" data-target=\"#showlink3787952\" aria-expanded=\"false\" aria-controls=\"#showlink3787952\">More info<\/a><\/td>\n<td data-label=\"Domain\">.canelatools.com<\/td>\n<td data-label=\"Path\">\/<\/td>\n<td data-label=\"Cookie type\">First-party<\/td>\n<td data-label=\"Expiration\">1 day<\/td>\n<td class=\"repdesc\" data-label=\"Description\">This cookie is set by Google Analytics. It stores and update a unique value for each page visited and is used to count and track pageviews.<\/td>\n<\/tr>\n<tr class=\"firstfoundrow\">\n<td colspan=\"6\"><\/td>\n<\/tr>\n<tr>\n<td data-label=\"Cookie key\">_ga_2LHNKNG0ST\n<a class=\"morecookieinfo\" title=\"More info\" data-toggle=\"collapse\" data-target=\"#showlink3787954\" aria-expanded=\"false\" aria-controls=\"#showlink3787954\">More info<\/a><\/td>\n<td data-label=\"Domain\">.canelatools.com<\/td>\n<td data-label=\"Path\">\/<\/td>\n<td data-label=\"Cookie type\">First-party<\/td>\n<td data-label=\"Expiration\">1 year 1 month<\/td>\n<td class=\"repdesc\" data-label=\"Description\">This cookie is used by Google Analytics to persist session state.<\/td>\n<\/tr>\n<tr class=\"firstfoundrow\">\n<td colspan=\"6\"><\/td>\n<\/tr>\n<tr>\n<td data-label=\"Cookie key\">_ga\n<a class=\"morecookieinfo\" title=\"More info\" data-toggle=\"collapse\" data-target=\"#showlink3787955\" aria-expanded=\"false\" aria-controls=\"#showlink3787955\">More info<\/a><\/td>\n<td data-label=\"Domain\">.canelatools.com<\/td>\n<td data-label=\"Path\">\/<\/td>\n<td data-label=\"Cookie type\">First-party<\/td>\n<td data-label=\"Expiration\">1 year 1 month<\/td>\n<td class=\"repdesc\" data-label=\"Description\">This cookie name is associated with Google Universal Analytics &#8211; which is a significant update to Google&#8217;s more commonly used analytics service. This cookie is used to distinguish unique users by assigning a randomly generated number as a client identifier. It is included in each page request in a site and used to calculate visitor, session and campaign data for the sites analytics reports.<\/td>\n<\/tr>\n<tr class=\"firstfoundrow\">\n<td colspan=\"6\"><\/td>\n<\/tr>\n<\/tbody>\n<\/table>\n<p class=\"reporttitle\">Targeting cookies<span class=\"text-success\">3<\/span><\/p>\n\n<table class=\"reporttable table\">\n<thead>\n<tr>\n<th>Cookie key<\/th>\n<th>Domain<\/th>\n<th>Path<\/th>\n<th>Cookie type<\/th>\n<th>Expiration<\/th>\n<th>Description<\/th>\n<\/tr>\n<\/thead>\n<tbody>\n<tr>\n<td data-label=\"Cookie key\">YSC\n<a class=\"morecookieinfo\" title=\"More info\" data-toggle=\"collapse\" data-target=\"#showlink3787950\" aria-expanded=\"false\" aria-controls=\"#showlink3787950\">More info<\/a><\/td>\n<td data-label=\"Domain\">.youtube.com<\/td>\n<td data-label=\"Path\">\/<\/td>\n<td data-label=\"Cookie type\">Third-party<\/td>\n<td data-label=\"Expiration\">Session<\/td>\n<td class=\"repdesc\" data-label=\"Description\">This cookie is set by YouTube to track views of embedded videos.<\/td>\n<\/tr>\n<tr class=\"firstfoundrow\">\n<td colspan=\"6\"><\/td>\n<\/tr>\n<tr>\n<td data-label=\"Cookie key\">VISITOR_INFO1_LIVE\n<a class=\"morecookieinfo\" title=\"More info\" data-toggle=\"collapse\" data-target=\"#showlink3787951\" aria-expanded=\"false\" aria-controls=\"#showlink3787951\">More info<\/a><\/td>\n<td data-label=\"Domain\">.youtube.com<\/td>\n<td data-label=\"Path\">\/<\/td>\n<td data-label=\"Cookie type\">Third-party<\/td>\n<td data-label=\"Expiration\">6 months<\/td>\n<td class=\"repdesc\" data-label=\"Description\">This cookie is set by Youtube to keep track of user preferences for Youtube videos embedded in sites;it can also determine whether the website visitor is using the new or old version of the Youtube interface.<\/td>\n<\/tr>\n<tr class=\"firstfoundrow\">\n<td colspan=\"6\"><\/td>\n<\/tr>\n<tr>\n<td data-label=\"Cookie key\">_gat_gtag_UA_38713668_1\n<a class=\"morecookieinfo\" title=\"More info\" data-toggle=\"collapse\" data-target=\"#showlink3787953\" aria-expanded=\"false\" aria-controls=\"#showlink3787953\">More info<\/a><\/td>\n<td data-label=\"Domain\">.canelatools.com<\/td>\n<td data-label=\"Path\">\/<\/td>\n<td data-label=\"Cookie type\">First-party<\/td>\n<td data-label=\"Expiration\">51 seconds<\/td>\n<td class=\"repdesc\" data-label=\"Description\">This cookie is part of Google Analytics and is used to limit requests (throttle request rate).<\/td>\n<\/tr>\n<tr class=\"firstfoundrow\">\n<td colspan=\"6\"><\/td>\n<\/tr>\n<\/tbody>\n<\/table>\n<p class=\"reporttitle\">Unclassified cookies<span class=\"text-success\">3<\/span><\/p>\n\n<table class=\"reporttable table\">\n<thead>\n<tr>\n<th>Cookie key<\/th>\n<th>Domain<\/th>\n<th>Path<\/th>\n<th>Cookie type<\/th>\n<th>Expiration<\/th>\n<th>Description<\/th>\n<\/tr>\n<\/thead>\n<tbody>\n<tr>\n<td data-label=\"Cookie key\">cookieyes-consent\n<a class=\"morecookieinfo\" title=\"More info\" data-toggle=\"collapse\" data-target=\"#showlink3787947\" aria-expanded=\"false\" aria-controls=\"#showlink3787947\">More info<\/a><\/td>\n<td data-label=\"Domain\">canelatools.com<\/td>\n<td data-label=\"Path\">\/<\/td>\n<td data-label=\"Cookie type\">First-party<\/td>\n<td data-label=\"Expiration\">1 year<\/td>\n<td class=\"repdesc\" data-label=\"Description\"><\/td>\n<\/tr>\n<tr class=\"firstfoundrow\">\n<td colspan=\"6\"><\/td>\n<\/tr>\n<tr>\n<td data-label=\"Cookie key\">wpml_browser_redirect_test\n<a class=\"morecookieinfo\" title=\"More info\" data-toggle=\"collapse\" data-target=\"#showlink3787948\" aria-expanded=\"false\" aria-controls=\"#showlink3787948\">More info<\/a><\/td>\n<td data-label=\"Domain\">canelatools.com<\/td>\n<td data-label=\"Path\">\/<\/td>\n<td data-label=\"Cookie type\">First-party<\/td>\n<td data-label=\"Expiration\">Session<\/td>\n<td class=\"repdesc\" data-label=\"Description\"><\/td>\n<\/tr>\n<tr class=\"firstfoundrow\">\n<td colspan=\"6\"><\/td>\n<\/tr>\n<tr>\n<td data-label=\"Cookie key\">_icl_visitor_lang_js\n<a class=\"morecookieinfo\" title=\"More info\" data-toggle=\"collapse\" data-target=\"#showlink3787949\" aria-expanded=\"false\" aria-controls=\"#showlink3787949\">More info<\/a><\/td>\n<td data-label=\"Domain\">.canelatools.com<\/td>\n<td data-label=\"Path\">\/<\/td>\n<td data-label=\"Cookie type\">First-party<\/td>\n<td data-label=\"Expiration\">1 day<\/td>\n<td class=\"repdesc\" data-label=\"Description\"><\/td>\n<\/tr>\n<tr class=\"firstfoundrow\">\n<td colspan=\"6\"><\/td>\n<\/tr>\n<\/tbody>\n<\/table>\n<\/div>\n<div class=\"reportbox\">\n<p class=\"reporttitle\">Storages<span class=\"text-success\">4<\/span><\/p>\n\n<table class=\"reporttable storages table\">\n<thead>\n<tr>\n<th>Storage key<\/th>\n<th>Type<\/th>\n<th>Category<\/th>\n<\/tr>\n<\/thead>\n<tbody>\n<tr>\n<td data-label=\"Storage key\">_cltk<\/td>\n<td data-label=\"Type\">session<\/td>\n<td data-label=\"Category\">Strictly Necessary<\/td>\n<\/tr>\n<tr>\n<td data-label=\"Storage key\">lastExternalReferrerTime<\/td>\n<td data-label=\"Type\">local<\/td>\n<td data-label=\"Category\">Strictly Necessary<\/td>\n<\/tr>\n<tr>\n<td data-label=\"Storage key\">_grecaptcha<\/td>\n<td data-label=\"Type\">local<\/td>\n<td data-label=\"Category\">Strictly Necessary<\/td>\n<\/tr>\n<tr>\n<td data-label=\"Storage key\">lastExternalReferrer<\/td>\n<td data-label=\"Type\">local<\/td>\n<td data-label=\"Category\">Strictly Necessary<\/td>\n<\/tr>\n<\/tbody>\n<\/table>\n<\/div>\t\t\t\t\t\t\t\t<\/div>\n\t\t\t\t\t<\/div>\n\t\t\t\t<\/div>\n\t\t\t\t<\/div>\n\t\t","protected":false},"excerpt":{"rendered":"<p>Pol\u00edtica de cookies Sobre esta pol\u00edtica de cookies Esta Pol\u00edtica de Cookies explica o que s\u00e3o cookies, os tipos de cookies que utilizamos, ou seja, as informa\u00e7\u00f5es que recolhemos atrav\u00e9s dos cookies e a forma como essas informa\u00e7\u00f5es s\u00e3o utilizadas, e tambem a forma de controlar as prefer\u00eancias dos cookies. Para mais informa\u00e7\u00f5es sobre a [&hellip;]<\/p>\n","protected":false},"author":1,"featured_media":0,"parent":0,"menu_order":0,"comment_status":"closed","ping_status":"closed","template":"","meta":{"footnotes":""},"class_list":["post-8975","page","type-page","status-publish","hentry"],"yoast_head":"<!-- This site is optimized with the Yoast SEO plugin v27.0 - https:\/\/yoast.com\/product\/yoast-seo-wordpress\/ -->\n<title>Pol\u00edtica de cookies - Canela tools<\/title>\n<meta name=\"robots\" content=\"index, follow, max-snippet:-1, max-image-preview:large, max-video-preview:-1\" \/>\n<link rel=\"canonical\" href=\"https:\/\/canelatools.com\/pt-pt\/politica-de-cookies\/\" \/>\n<meta property=\"og:locale\" content=\"pt_PT\" \/>\n<meta property=\"og:type\" content=\"article\" \/>\n<meta property=\"og:title\" content=\"Pol\u00edtica de cookies - Canela tools\" \/>\n<meta property=\"og:description\" content=\"Pol\u00edtica de cookies Sobre esta pol\u00edtica de cookies Esta Pol\u00edtica de Cookies explica o que s\u00e3o cookies, os tipos de cookies que utilizamos, ou seja, as informa\u00e7\u00f5es que recolhemos atrav\u00e9s dos cookies e a forma como essas informa\u00e7\u00f5es s\u00e3o utilizadas, e tambem a forma de controlar as prefer\u00eancias dos cookies. Para mais informa\u00e7\u00f5es sobre a [&hellip;]\" \/>\n<meta property=\"og:url\" content=\"https:\/\/canelatools.com\/pt-pt\/politica-de-cookies\/\" \/>\n<meta property=\"og:site_name\" content=\"Canela tools\" \/>\n<meta property=\"article:modified_time\" content=\"2026-01-13T10:55:56+00:00\" \/>\n<meta name=\"twitter:card\" content=\"summary_large_image\" \/>\n<meta name=\"twitter:label1\" content=\"Tempo estimado de leitura\" \/>\n\t<meta name=\"twitter:data1\" content=\"5 minutos\" \/>\n<script type=\"application\/ld+json\" class=\"yoast-schema-graph\">{\"@context\":\"https:\/\/schema.org\",\"@graph\":[{\"@type\":\"WebPage\",\"@id\":\"https:\/\/canelatools.com\/pt-pt\/politica-de-cookies\/\",\"url\":\"https:\/\/canelatools.com\/pt-pt\/politica-de-cookies\/\",\"name\":\"Pol\u00edtica de cookies - Canela tools\",\"isPartOf\":{\"@id\":\"https:\/\/canelatools.com\/#website\"},\"datePublished\":\"2026-01-08T10:15:32+00:00\",\"dateModified\":\"2026-01-13T10:55:56+00:00\",\"breadcrumb\":{\"@id\":\"https:\/\/canelatools.com\/pt-pt\/politica-de-cookies\/#breadcrumb\"},\"inLanguage\":\"pt-PT\",\"potentialAction\":[{\"@type\":\"ReadAction\",\"target\":[\"https:\/\/canelatools.com\/pt-pt\/politica-de-cookies\/\"]}]},{\"@type\":\"BreadcrumbList\",\"@id\":\"https:\/\/canelatools.com\/pt-pt\/politica-de-cookies\/#breadcrumb\",\"itemListElement\":[{\"@type\":\"ListItem\",\"position\":1,\"name\":\"Portada\",\"item\":\"https:\/\/canelatools.com\/\"},{\"@type\":\"ListItem\",\"position\":2,\"name\":\"Pol\u00edtica de cookies\"}]},{\"@type\":\"WebSite\",\"@id\":\"https:\/\/canelatools.com\/#website\",\"url\":\"https:\/\/canelatools.com\/\",\"name\":\"Canela tools\",\"description\":\"\",\"potentialAction\":[{\"@type\":\"SearchAction\",\"target\":{\"@type\":\"EntryPoint\",\"urlTemplate\":\"https:\/\/canelatools.com\/?s={search_term_string}\"},\"query-input\":{\"@type\":\"PropertyValueSpecification\",\"valueRequired\":true,\"valueName\":\"search_term_string\"}}],\"inLanguage\":\"pt-PT\"}]}<\/script>\n<!-- \/ Yoast SEO plugin. -->","yoast_head_json":{"title":"Pol\u00edtica de cookies - Canela tools","robots":{"index":"index","follow":"follow","max-snippet":"max-snippet:-1","max-image-preview":"max-image-preview:large","max-video-preview":"max-video-preview:-1"},"canonical":"https:\/\/canelatools.com\/pt-pt\/politica-de-cookies\/","og_locale":"pt_PT","og_type":"article","og_title":"Pol\u00edtica de cookies - Canela tools","og_description":"Pol\u00edtica de cookies Sobre esta pol\u00edtica de cookies Esta Pol\u00edtica de Cookies explica o que s\u00e3o cookies, os tipos de cookies que utilizamos, ou seja, as informa\u00e7\u00f5es que recolhemos atrav\u00e9s dos cookies e a forma como essas informa\u00e7\u00f5es s\u00e3o utilizadas, e tambem a forma de controlar as prefer\u00eancias dos cookies. Para mais informa\u00e7\u00f5es sobre a [&hellip;]","og_url":"https:\/\/canelatools.com\/pt-pt\/politica-de-cookies\/","og_site_name":"Canela tools","article_modified_time":"2026-01-13T10:55:56+00:00","twitter_card":"summary_large_image","twitter_misc":{"Tempo estimado de leitura":"5 minutos"},"schema":{"@context":"https:\/\/schema.org","@graph":[{"@type":"WebPage","@id":"https:\/\/canelatools.com\/pt-pt\/politica-de-cookies\/","url":"https:\/\/canelatools.com\/pt-pt\/politica-de-cookies\/","name":"Pol\u00edtica de cookies - Canela tools","isPartOf":{"@id":"https:\/\/canelatools.com\/#website"},"datePublished":"2026-01-08T10:15:32+00:00","dateModified":"2026-01-13T10:55:56+00:00","breadcrumb":{"@id":"https:\/\/canelatools.com\/pt-pt\/politica-de-cookies\/#breadcrumb"},"inLanguage":"pt-PT","potentialAction":[{"@type":"ReadAction","target":["https:\/\/canelatools.com\/pt-pt\/politica-de-cookies\/"]}]},{"@type":"BreadcrumbList","@id":"https:\/\/canelatools.com\/pt-pt\/politica-de-cookies\/#breadcrumb","itemListElement":[{"@type":"ListItem","position":1,"name":"Portada","item":"https:\/\/canelatools.com\/"},{"@type":"ListItem","position":2,"name":"Pol\u00edtica de cookies"}]},{"@type":"WebSite","@id":"https:\/\/canelatools.com\/#website","url":"https:\/\/canelatools.com\/","name":"Canela tools","description":"","potentialAction":[{"@type":"SearchAction","target":{"@type":"EntryPoint","urlTemplate":"https:\/\/canelatools.com\/?s={search_term_string}"},"query-input":{"@type":"PropertyValueSpecification","valueRequired":true,"valueName":"search_term_string"}}],"inLanguage":"pt-PT"}]}},"_links":{"self":[{"href":"https:\/\/canelatools.com\/pt-pt\/wp-json\/wp\/v2\/pages\/8975","targetHints":{"allow":["GET"]}}],"collection":[{"href":"https:\/\/canelatools.com\/pt-pt\/wp-json\/wp\/v2\/pages"}],"about":[{"href":"https:\/\/canelatools.com\/pt-pt\/wp-json\/wp\/v2\/types\/page"}],"author":[{"embeddable":true,"href":"https:\/\/canelatools.com\/pt-pt\/wp-json\/wp\/v2\/users\/1"}],"replies":[{"embeddable":true,"href":"https:\/\/canelatools.com\/pt-pt\/wp-json\/wp\/v2\/comments?post=8975"}],"version-history":[{"count":4,"href":"https:\/\/canelatools.com\/pt-pt\/wp-json\/wp\/v2\/pages\/8975\/revisions"}],"predecessor-version":[{"id":8998,"href":"https:\/\/canelatools.com\/pt-pt\/wp-json\/wp\/v2\/pages\/8975\/revisions\/8998"}],"wp:attachment":[{"href":"https:\/\/canelatools.com\/pt-pt\/wp-json\/wp\/v2\/media?parent=8975"}],"curies":[{"name":"wp","href":"https:\/\/api.w.org\/{rel}","templated":true}]}}